{"id":2338,"date":"2026-01-14T10:16:55","date_gmt":"2026-01-14T10:16:55","guid":{"rendered":"https:\/\/cialisonlineshop.de\/?post_type=product&#038;p=2338"},"modified":"2026-01-14T10:17:01","modified_gmt":"2026-01-14T10:17:01","slug":"kamagra-weich-kaubar","status":"publish","type":"product","link":"https:\/\/cialisonlineshop.de\/fr\/product\/kamagra-weich-kaubar\/","title":{"rendered":"Kamagra weich kaubar"},"content":{"rendered":"<h2><span>Kamagra Fruchtkautabletten<\/span><\/h2>\n<p><span>Neben der in Europa am h\u00e4ufigsten verwendeten Erektionspille, der\u00a0<\/span><a href=\"https:\/\/apotheke-eu.de\/product\/kamagra-bestellen\/\"><span>Kamagra 100mg Tablette<\/span><\/a><span>\u00a0, ist seit 2015 eine neue Variante auf dem Markt! Die Kamagra-Fruchtkautablette ist auch als Kamagra Soft oder Kamagra Chew bekannt. Die neue Variante steht der beliebten gr\u00fcnen Kamagra Pille in puncto Wirksamkeit in nichts nach, Kamagra Chewable denn sie enth\u00e4lt exakt die gleiche Menge des Wirkstoffs Sildenafil, n\u00e4mlich sage und schreibe 100mg! Die neue Variante f\u00e4llt durch ihre farbige Optik noch st\u00e4rker ins Auge und auch die innovativen und frischen Geschmacksrichtungen sind eine angenehme Erg\u00e4nzung. Zudem m\u00fcssen Sie die Kamagra Kautabletten nicht auf einmal schlucken, sondern k\u00f6nnen diese bequem wie ein Bonbon kauen und herunterschlucken.<\/span><\/p>\n<h2><span>Kaubares Kamagra Chewable<\/span><\/h2>\n<p><span>Wie bereits erw\u00e4hnt, zeichnen sich diese neuen Kautabletten dadurch aus, dass sie kaubar sind. Wenn Sie also vorhaben, Kamagra einzunehmen, Kamagra Chewable k\u00f6nnen Sie die Tablette einfach aus dem Streifen dr\u00fccken, in den Mund nehmen und darauf kauen oder lutschen.<\/span><\/p>\n<p><span>Die Kautabletten Fruits sind im Streifen zu 4 St\u00fcck mit jeweils unterschiedlicher Geschmacksrichtung verpackt, enthalten jeweils\u00a0<\/span><a href=\"https:\/\/apotheke-eu.de\/product\/kaufen-sie-sildenafil-citrate-150-mg\/\"><span>100mg Sildenafil<\/span><\/a><span>\u00a0und sorgen f\u00fcr eine ungehemmte Erektion von jeweils 4 bis 6 Stunden. Die verf\u00fcgbaren Geschmacksrichtungen pro Streifen sind: Orange, Banane, Erdbeere und Ananas.<\/span><\/p>\n<h3><span>Muss man f\u00fcr Kamagra-Fr\u00fcchte impotent sein?<\/span><\/h3>\n<p><span>Die Softfruit-Tabletten werden vor allem von M\u00e4nnern verwendet, die Schwierigkeiten haben, eine sch\u00f6ne, volle Erektion zu bekommen, oder die Kamagra Chewable zwar eine bekommen, diese aber nicht aufrechterhalten k\u00f6nnen, wodurch ein Eindringen praktisch unm\u00f6glich wird und Unsicherheit und Scham oft \u00fcberhand nehmen. Aber auch Menschen, die sich einfach mehr Lust w\u00fcnschen und stundenlanges Liebesspiel brauchen, greifen zu dem Medikament. Sie nutzen das Medikament, um sehr lange eindringen zu k\u00f6nnen oder dies \u00fcber mehrere Stunden hinweg mehrmals tun zu k\u00f6nnen.<\/span><\/p>\n<p><em><strong><span>Kamagra Kaufr\u00fcchte<\/span><\/strong><\/em><span>\u00a0\u00a0werden eine halbe Stunde vor dem gew\u00fcnschten Effekt eingenommen. Nach einer halben Stunde sind Sie v\u00f6llig bereit, das Schlafzimmer zu st\u00fcrmen! Kauen Sie die Tablette vollst\u00e4ndig und schlucken Sie diese in aller Ruhe hinunter. Es besteht aber auch die M\u00f6glichkeit, die Tablette wie einen Sauerteig zu lutschen. Im letzteren Fall entfaltet die Tablette ihre Wirkung schneller, da die Schleimh\u00e4ute in Ihrem Mund einen Teil des Kamagra aufnehmen und direkt in Ihren Blutkreislauf leiten.<\/span><\/p>\n<h2><span>Kamagra Chewable kaufen<\/span><\/h2>\n<p><span>Wir m\u00f6chten den Mythos zerstreuen, dass man 6 Stunden am St\u00fcck mit einer Erektion herumlaufen muss. Kamagra ist so konzipiert, dass eine Erektion nur dann auftritt, wenn Sie erregt oder sexuell stimuliert sind (Stimulation Ihrer Genitalien). Wenn diese beiden Dinge nicht zutreffen, wird Kamagra einfach nichts bewirken! Kamagra Chewable Nur eine Erektion, wenn du eine willst.<\/span><\/p>\n<p><span>Kamagra Fruit ist sehr preisg\u00fcnstig, der Preis f\u00fcr einen Streifen mit 4 St\u00fcck betr\u00e4gt 11,80 \u20ac. Sie k\u00f6nnen aber auch\u00a0andere Mengen Kamagra bei uns\u00a0<\/span><a href=\"https:\/\/apotheke-eu.de\/product\/kamagra-bestellen\/\"><span>bestellen<\/span><\/a><span>\u00a0. Je mehr Sie kaufen, desto g\u00fcnstiger wird nat\u00fcrlich der Preis pro Streifen. Bei jeder Bestellung sparst Du zus\u00e4tzlich Rabatt und der Versand ist bei uns standardm\u00e4\u00dfig kostenfrei.<\/span><\/p>","protected":false},"excerpt":{"rendered":"<div class=\"elementor-element elementor-element-fe88a58 elementor-alert-info elementor-widget elementor-widget-alert\" data-id=\"fe88a58\" data-element_type=\"widget\" data-widget_type=\"alert.default\">\n<div class=\"elementor-widget-container\">\n<div class=\"elementor-alert\" role=\"alert\"><span class=\"elementor-alert-title\"><span><span class=\"\">Erhalten Sie im Dezember zus\u00e4tzlichen Staffelrabatt!<\/span><\/span><\/span><span class=\"elementor-alert-description\"><span>Bestellen Sie 2, 3 oder mehr Artikel und erhalten Sie\u00a0<\/span><b><span>sofort einen zus\u00e4tzlichen Rabatt.<\/span><\/b><\/span><\/div>\n<\/div>\n<\/div>\n<div class=\"elementor-element elementor-element-3885087 elementor-widget elementor-widget-woocommerce-product-short-description\" data-id=\"3885087\" data-element_type=\"widget\" data-widget_type=\"woocommerce-product-short-description.default\">\n<div class=\"elementor-widget-container\">\n<div class=\"woocommerce-product-details__short-description\">\n<p><span>Kamagra Chewable Softtabletten, die Kautablette mit 100mg Sildenafil.<\/span><\/p>\n<\/div>\n<\/div>\n<\/div>","protected":false},"featured_media":2342,"comment_status":"open","ping_status":"closed","template":"","meta":{"_uag_custom_page_level_css":"","site-sidebar-layout":"default","site-content-layout":"","ast-site-content-layout":"default","site-content-style":"default","site-sidebar-style":"default","ast-global-header-display":"","ast-banner-title-visibility":"","ast-main-header-display":"","ast-hfb-above-header-display":"","ast-hfb-below-header-display":"","ast-hfb-mobile-header-display":"","site-post-title":"","ast-breadcrumbs-content":"","ast-featured-img":"","footer-sml-layout":"","ast-disable-related-posts":"","theme-transparent-header-meta":"default","adv-header-id-meta":"","stick-header-meta":"","header-above-stick-meta":"","header-main-stick-meta":"","header-below-stick-meta":"","astra-migrate-meta-layouts":"set","ast-page-background-enabled":"default","ast-page-background-meta":{"desktop":{"background-color":"","background-image":"","background-repeat":"repeat","background-position":"center center","background-size":"auto","background-attachment":"scroll","background-type":"","background-media":"","overlay-type":"","overlay-color":"","overlay-opacity":"","overlay-gradient":""},"tablet":{"background-color":"","background-image":"","background-repeat":"repeat","background-position":"center center","background-size":"auto","background-attachment":"scroll","background-type":"","background-media":"","overlay-type":"","overlay-color":"","overlay-opacity":"","overlay-gradient":""},"mobile":{"background-color":"","background-image":"","background-repeat":"repeat","background-position":"center center","background-size":"auto","background-attachment":"scroll","background-type":"","background-media":"","overlay-type":"","overlay-color":"","overlay-opacity":"","overlay-gradient":""}},"ast-content-background-meta":{"desktop":{"background-color":"var(--ast-global-color-5)","background-image":"","background-repeat":"repeat","background-position":"center center","background-size":"auto","background-attachment":"scroll","background-type":"","background-media":"","overlay-type":"","overlay-color":"","overlay-opacity":"","overlay-gradient":""},"tablet":{"background-color":"var(--ast-global-color-5)","background-image":"","background-repeat":"repeat","background-position":"center center","background-size":"auto","background-attachment":"scroll","background-type":"","background-media":"","overlay-type":"","overlay-color":"","overlay-opacity":"","overlay-gradient":""},"mobile":{"background-color":"var(--ast-global-color-5)","background-image":"","background-repeat":"repeat","background-position":"center center","background-size":"auto","background-attachment":"scroll","background-type":"","background-media":"","overlay-type":"","overlay-color":"","overlay-opacity":"","overlay-gradient":""}},"episode_type":"","audio_file":"","cover_image":"","cover_image_id":"","duration":"","filesize":"","filesize_raw":"","date_recorded":"","explicit":"","block":"","itunes_episode_number":"","itunes_title":"","itunes_season_number":"","itunes_episode_type":""},"product_brand":[],"product_cat":[23],"product_tag":[],"class_list":{"0":"post-2338","1":"product","2":"type-product","3":"status-publish","4":"has-post-thumbnail","6":"product_cat-kamagra","7":"desktop-align-left","8":"tablet-align-left","9":"mobile-align-left","11":"first","12":"instock","13":"shipping-taxable","14":"purchasable","15":"product-type-variable"},"yoast_head":"<!-- This site is optimized with the Yoast SEO plugin v27.0 - https:\/\/yoast.com\/product\/yoast-seo-wordpress\/ -->\n<title>Kamagra Chewable Softtabletten, die Kautablette 100mg Sildenafil<\/title>\n<meta name=\"description\" content=\"Kaufen Sie Kamagra Chew, Kautabletten 100 mg g\u00fcnstig \u00fcber die Apotheke-Eu. Der Kamagra-Spezialist seit 2008. Diskrete Lieferung.\" \/>\n<meta name=\"robots\" content=\"index, follow, max-snippet:-1, max-image-preview:large, max-video-preview:-1\" \/>\n<link rel=\"canonical\" href=\"https:\/\/cialisonlineshop.de\/fr\/product\/kamagra-weich-kaubar\/\" \/>\n<meta property=\"og:locale\" content=\"fr_FR\" \/>\n<meta property=\"og:type\" content=\"article\" \/>\n<meta property=\"og:title\" content=\"Kamagra Chewable Softtabletten, die Kautablette 100mg Sildenafil\" \/>\n<meta property=\"og:description\" content=\"Kaufen Sie Kamagra Chew, Kautabletten 100 mg g\u00fcnstig \u00fcber die Apotheke-Eu. Der Kamagra-Spezialist seit 2008. Diskrete Lieferung.\" \/>\n<meta property=\"og:url\" content=\"https:\/\/cialisonlineshop.de\/fr\/product\/kamagra-weich-kaubar\/\" \/>\n<meta property=\"article:modified_time\" content=\"2026-01-14T10:17:01+00:00\" \/>\n<meta property=\"og:image\" content=\"https:\/\/cialisonlineshop.de\/wp-content\/uploads\/2026\/01\/kamagra-kaubar-100.png\" \/>\n\t<meta property=\"og:image:width\" content=\"1228\" \/>\n\t<meta property=\"og:image:height\" content=\"1144\" \/>\n\t<meta property=\"og:image:type\" content=\"image\/png\" \/>\n<meta name=\"twitter:card\" content=\"summary_large_image\" \/>\n<meta name=\"twitter:label1\" content=\"Dur\u00e9e de lecture estim\u00e9e\" \/>\n\t<meta name=\"twitter:data1\" content=\"3 minutes\" \/>\n<script type=\"application\/ld+json\" class=\"yoast-schema-graph\">{\"@context\":\"https:\/\/schema.org\",\"@graph\":[{\"@type\":\"WebPage\",\"@id\":\"https:\/\/cialisonlineshop.de\/product\/kamagra-weich-kaubar\/\",\"url\":\"https:\/\/cialisonlineshop.de\/product\/kamagra-weich-kaubar\/\",\"name\":\"Kamagra Chewable Softtabletten, die Kautablette 100mg Sildenafil\",\"isPartOf\":{\"@id\":\"https:\/\/cialisonlineshop.de\/#website\"},\"primaryImageOfPage\":{\"@id\":\"https:\/\/cialisonlineshop.de\/product\/kamagra-weich-kaubar\/#primaryimage\"},\"image\":{\"@id\":\"https:\/\/cialisonlineshop.de\/product\/kamagra-weich-kaubar\/#primaryimage\"},\"thumbnailUrl\":\"https:\/\/cialisonlineshop.de\/wp-content\/uploads\/2026\/01\/kamagra-kaubar-100.png\",\"datePublished\":\"2026-01-14T10:16:55+00:00\",\"dateModified\":\"2026-01-14T10:17:01+00:00\",\"description\":\"Kaufen Sie Kamagra Chew, Kautabletten 100 mg g\u00fcnstig \u00fcber die Apotheke-Eu. Der Kamagra-Spezialist seit 2008. Diskrete Lieferung.\",\"breadcrumb\":{\"@id\":\"https:\/\/cialisonlineshop.de\/product\/kamagra-weich-kaubar\/#breadcrumb\"},\"inLanguage\":\"fr-FR\",\"potentialAction\":[{\"@type\":\"ReadAction\",\"target\":[\"https:\/\/cialisonlineshop.de\/product\/kamagra-weich-kaubar\/\"]}]},{\"@type\":\"ImageObject\",\"inLanguage\":\"fr-FR\",\"@id\":\"https:\/\/cialisonlineshop.de\/product\/kamagra-weich-kaubar\/#primaryimage\",\"url\":\"https:\/\/cialisonlineshop.de\/wp-content\/uploads\/2026\/01\/kamagra-kaubar-100.png\",\"contentUrl\":\"https:\/\/cialisonlineshop.de\/wp-content\/uploads\/2026\/01\/kamagra-kaubar-100.png\",\"width\":1228,\"height\":1144,\"caption\":\"import placeholder for 6197\"},{\"@type\":\"BreadcrumbList\",\"@id\":\"https:\/\/cialisonlineshop.de\/product\/kamagra-weich-kaubar\/#breadcrumb\",\"itemListElement\":[{\"@type\":\"ListItem\",\"position\":1,\"name\":\"Home\",\"item\":\"https:\/\/cialisonlineshop.de\/\"},{\"@type\":\"ListItem\",\"position\":2,\"name\":\"Shop\",\"item\":\"https:\/\/cialisonlineshop.de\/shop\/\"},{\"@type\":\"ListItem\",\"position\":3,\"name\":\"Kamagra weich kaubar\"}]},{\"@type\":\"WebSite\",\"@id\":\"https:\/\/cialisonlineshop.de\/#website\",\"url\":\"https:\/\/cialisonlineshop.de\/\",\"name\":\"Cialisonlineshop\",\"description\":\"\",\"publisher\":{\"@id\":\"https:\/\/cialisonlineshop.de\/#organization\"},\"potentialAction\":[{\"@type\":\"SearchAction\",\"target\":{\"@type\":\"EntryPoint\",\"urlTemplate\":\"https:\/\/cialisonlineshop.de\/?s={search_term_string}\"},\"query-input\":{\"@type\":\"PropertyValueSpecification\",\"valueRequired\":true,\"valueName\":\"search_term_string\"}}],\"inLanguage\":\"fr-FR\"},{\"@type\":\"Organization\",\"@id\":\"https:\/\/cialisonlineshop.de\/#organization\",\"name\":\"Cialisonlineshop\",\"url\":\"https:\/\/cialisonlineshop.de\/\",\"logo\":{\"@type\":\"ImageObject\",\"inLanguage\":\"fr-FR\",\"@id\":\"https:\/\/cialisonlineshop.de\/#\/schema\/logo\/image\/\",\"url\":\"https:\/\/cialisonlineshop.de\/wp-content\/uploads\/2026\/01\/Logo_maker_project__6_-removebg-preview-1.png\",\"contentUrl\":\"https:\/\/cialisonlineshop.de\/wp-content\/uploads\/2026\/01\/Logo_maker_project__6_-removebg-preview-1.png\",\"width\":432,\"height\":88,\"caption\":\"Cialisonlineshop\"},\"image\":{\"@id\":\"https:\/\/cialisonlineshop.de\/#\/schema\/logo\/image\/\"}}]}<\/script>\n<!-- \/ Yoast SEO plugin. -->","yoast_head_json":{"title":"Kamagra Chewable Softtabletten, die Kautablette 100mg Sildenafil","description":"Kaufen Sie Kamagra Chew, Kautabletten 100 mg g\u00fcnstig \u00fcber die Apotheke-Eu. Der Kamagra-Spezialist seit 2008. Diskrete Lieferung.","robots":{"index":"index","follow":"follow","max-snippet":"max-snippet:-1","max-image-preview":"max-image-preview:large","max-video-preview":"max-video-preview:-1"},"canonical":"https:\/\/cialisonlineshop.de\/fr\/product\/kamagra-weich-kaubar\/","og_locale":"fr_FR","og_type":"article","og_title":"Kamagra Chewable Softtabletten, die Kautablette 100mg Sildenafil","og_description":"Kaufen Sie Kamagra Chew, Kautabletten 100 mg g\u00fcnstig \u00fcber die Apotheke-Eu. Der Kamagra-Spezialist seit 2008. Diskrete Lieferung.","og_url":"https:\/\/cialisonlineshop.de\/fr\/product\/kamagra-weich-kaubar\/","article_modified_time":"2026-01-14T10:17:01+00:00","og_image":[{"width":1228,"height":1144,"url":"https:\/\/cialisonlineshop.de\/wp-content\/uploads\/2026\/01\/kamagra-kaubar-100.png","type":"image\/png"}],"twitter_card":"summary_large_image","twitter_misc":{"Dur\u00e9e de lecture estim\u00e9e":"3 minutes"},"schema":{"@context":"https:\/\/schema.org","@graph":[{"@type":"WebPage","@id":"https:\/\/cialisonlineshop.de\/product\/kamagra-weich-kaubar\/","url":"https:\/\/cialisonlineshop.de\/product\/kamagra-weich-kaubar\/","name":"Kamagra Chewable Softtabletten, die Kautablette 100mg Sildenafil","isPartOf":{"@id":"https:\/\/cialisonlineshop.de\/#website"},"primaryImageOfPage":{"@id":"https:\/\/cialisonlineshop.de\/product\/kamagra-weich-kaubar\/#primaryimage"},"image":{"@id":"https:\/\/cialisonlineshop.de\/product\/kamagra-weich-kaubar\/#primaryimage"},"thumbnailUrl":"https:\/\/cialisonlineshop.de\/wp-content\/uploads\/2026\/01\/kamagra-kaubar-100.png","datePublished":"2026-01-14T10:16:55+00:00","dateModified":"2026-01-14T10:17:01+00:00","description":"Kaufen Sie Kamagra Chew, Kautabletten 100 mg g\u00fcnstig \u00fcber die Apotheke-Eu. Der Kamagra-Spezialist seit 2008. Diskrete Lieferung.","breadcrumb":{"@id":"https:\/\/cialisonlineshop.de\/product\/kamagra-weich-kaubar\/#breadcrumb"},"inLanguage":"fr-FR","potentialAction":[{"@type":"ReadAction","target":["https:\/\/cialisonlineshop.de\/product\/kamagra-weich-kaubar\/"]}]},{"@type":"ImageObject","inLanguage":"fr-FR","@id":"https:\/\/cialisonlineshop.de\/product\/kamagra-weich-kaubar\/#primaryimage","url":"https:\/\/cialisonlineshop.de\/wp-content\/uploads\/2026\/01\/kamagra-kaubar-100.png","contentUrl":"https:\/\/cialisonlineshop.de\/wp-content\/uploads\/2026\/01\/kamagra-kaubar-100.png","width":1228,"height":1144,"caption":"import placeholder for 6197"},{"@type":"BreadcrumbList","@id":"https:\/\/cialisonlineshop.de\/product\/kamagra-weich-kaubar\/#breadcrumb","itemListElement":[{"@type":"ListItem","position":1,"name":"Home","item":"https:\/\/cialisonlineshop.de\/"},{"@type":"ListItem","position":2,"name":"Shop","item":"https:\/\/cialisonlineshop.de\/shop\/"},{"@type":"ListItem","position":3,"name":"Kamagra weich kaubar"}]},{"@type":"WebSite","@id":"https:\/\/cialisonlineshop.de\/#website","url":"https:\/\/cialisonlineshop.de\/","name":"Cialisonlineshop","description":"","publisher":{"@id":"https:\/\/cialisonlineshop.de\/#organization"},"potentialAction":[{"@type":"SearchAction","target":{"@type":"EntryPoint","urlTemplate":"https:\/\/cialisonlineshop.de\/?s={search_term_string}"},"query-input":{"@type":"PropertyValueSpecification","valueRequired":true,"valueName":"search_term_string"}}],"inLanguage":"fr-FR"},{"@type":"Organization","@id":"https:\/\/cialisonlineshop.de\/#organization","name":"Cialisonlineshop","url":"https:\/\/cialisonlineshop.de\/","logo":{"@type":"ImageObject","inLanguage":"fr-FR","@id":"https:\/\/cialisonlineshop.de\/#\/schema\/logo\/image\/","url":"https:\/\/cialisonlineshop.de\/wp-content\/uploads\/2026\/01\/Logo_maker_project__6_-removebg-preview-1.png","contentUrl":"https:\/\/cialisonlineshop.de\/wp-content\/uploads\/2026\/01\/Logo_maker_project__6_-removebg-preview-1.png","width":432,"height":88,"caption":"Cialisonlineshop"},"image":{"@id":"https:\/\/cialisonlineshop.de\/#\/schema\/logo\/image\/"}}]}},"uagb_featured_image_src":{"full":["https:\/\/cialisonlineshop.de\/wp-content\/uploads\/2026\/01\/kamagra-kaubar-100.png",1228,1144,false],"thumbnail":["https:\/\/cialisonlineshop.de\/wp-content\/uploads\/2026\/01\/kamagra-kaubar-100-150x150.png",150,150,true],"medium":["https:\/\/cialisonlineshop.de\/wp-content\/uploads\/2026\/01\/kamagra-kaubar-100-300x279.png",300,279,true],"medium_large":["https:\/\/cialisonlineshop.de\/wp-content\/uploads\/2026\/01\/kamagra-kaubar-100-768x715.png",768,715,true],"large":["https:\/\/cialisonlineshop.de\/wp-content\/uploads\/2026\/01\/kamagra-kaubar-100-1024x954.png",1024,954,true],"1536x1536":["https:\/\/cialisonlineshop.de\/wp-content\/uploads\/2026\/01\/kamagra-kaubar-100.png",1228,1144,false],"2048x2048":["https:\/\/cialisonlineshop.de\/wp-content\/uploads\/2026\/01\/kamagra-kaubar-100.png",1228,1144,false],"trp-custom-language-flag":["https:\/\/cialisonlineshop.de\/wp-content\/uploads\/2026\/01\/kamagra-kaubar-100.png",13,12,false],"woocommerce_thumbnail":["https:\/\/cialisonlineshop.de\/wp-content\/uploads\/2026\/01\/kamagra-kaubar-100-300x300.png",300,300,true],"woocommerce_single":["https:\/\/cialisonlineshop.de\/wp-content\/uploads\/2026\/01\/kamagra-kaubar-100-600x559.png",600,559,true],"woocommerce_gallery_thumbnail":["https:\/\/cialisonlineshop.de\/wp-content\/uploads\/2026\/01\/kamagra-kaubar-100-100x100.png",100,100,true]},"uagb_author_info":{"display_name":"Stefan T\u00f6njes","author_link":"https:\/\/cialisonlineshop.de\/fr\/author\/"},"uagb_comment_info":0,"uagb_excerpt":"Erhalten Sie im Dezember zus\u00e4tzlichen Staffelrabatt!Bestellen Sie 2, 3 oder mehr Artikel und erhalten Sie\u00a0sofort einen zus\u00e4tzlichen Rabatt. Kamagra Chewable Softtabletten, die Kautablette mit 100mg Sildenafil.","jetpack_sharing_enabled":true,"_links":{"self":[{"href":"https:\/\/cialisonlineshop.de\/fr\/wp-json\/wp\/v2\/product\/2338","targetHints":{"allow":["GET"]}}],"collection":[{"href":"https:\/\/cialisonlineshop.de\/fr\/wp-json\/wp\/v2\/product"}],"about":[{"href":"https:\/\/cialisonlineshop.de\/fr\/wp-json\/wp\/v2\/types\/product"}],"replies":[{"embeddable":true,"href":"https:\/\/cialisonlineshop.de\/fr\/wp-json\/wp\/v2\/comments?post=2338"}],"wp:featuredmedia":[{"embeddable":true,"href":"https:\/\/cialisonlineshop.de\/fr\/wp-json\/wp\/v2\/media\/2342"}],"wp:attachment":[{"href":"https:\/\/cialisonlineshop.de\/fr\/wp-json\/wp\/v2\/media?parent=2338"}],"wp:term":[{"taxonomy":"product_brand","embeddable":true,"href":"https:\/\/cialisonlineshop.de\/fr\/wp-json\/wp\/v2\/product_brand?post=2338"},{"taxonomy":"product_cat","embeddable":true,"href":"https:\/\/cialisonlineshop.de\/fr\/wp-json\/wp\/v2\/product_cat?post=2338"},{"taxonomy":"product_tag","embeddable":true,"href":"https:\/\/cialisonlineshop.de\/fr\/wp-json\/wp\/v2\/product_tag?post=2338"}],"curies":[{"name":"wp","href":"https:\/\/api.w.org\/{rel}","templated":true}]}}