{"id":2327,"date":"2026-01-14T10:16:55","date_gmt":"2026-01-14T10:16:55","guid":{"rendered":"https:\/\/cialisonlineshop.de\/?post_type=product&#038;p=2327"},"modified":"2026-01-14T10:16:59","modified_gmt":"2026-01-14T10:16:59","slug":"sildaforce-150-mg","status":"publish","type":"product","link":"https:\/\/cialisonlineshop.de\/fr\/product\/sildaforce-150-mg\/","title":{"rendered":"Sildaforce 150 mg"},"content":{"rendered":"<h2><span>Sildaforce bestellen 150 mg<\/span><\/h2>\n<p><strong><span>Sildaforce bestellen 150 mg<\/span><\/strong><span>\u00a0Erektionspillen sind ein Medikament zur Behandlung der erektilen Dysfunktion, auch Impotenz genannt, bei M\u00e4nnern. Der Wirkstoff in Sildaforce ist Sildenafil, das zu einer Klasse von Arzneimitteln geh\u00f6rt, die als Phosphodiesterase-Typ-5-Hemmer (PDE5-Hemmer) bezeichnet werden.<\/span><\/p>\n<h3><span>Wie wirken Sildaforce 150-Pillen?<\/span><\/h3>\n<p><span>Sildenafil entspannt die Muskeln und erweitert die Blutgef\u00e4\u00dfe im Penis, wodurch der Blutfluss in diesem Bereich gesteigert wird. Dies hilft M\u00e4nnern, w\u00e4hrend der sexuellen Stimulation eine Erektion zu bekommen und aufrechtzuerhalten. Es verbessert die Erektionsf\u00e4higkeit und erh\u00f6ht die F\u00e4higkeit zu befriedigender sexueller Aktivit\u00e4t.<\/span><\/p>\n<p><span>Es ist wichtig zu beachten, dass Erektionspillen Sildaforce 150 mg nur bei sexueller Stimulation wirken. Sie l\u00f6sen nicht automatisch eine Erektion aus, erleichtern aber den Vorgang, wenn ein Mann sexuell erregt ist.<\/span><\/p>\n<p><em><strong><span>Es gibt keinen Unterschied zwischen den Erektionspillen Cenforce 150 und Sildaforce 150mg<\/span><\/strong><\/em><\/p>\n<h3><span>Sildaforce 150m kaufen<\/span><\/h3>\n<p><strong><span>Sildaforce 150 mg<\/span><\/strong><span>\u00a0ist ein Arzneimittel, das als Wirkstoff Sildenafilcitrat enth\u00e4lt. Sildenafilcitrat ist ein Medikament zur Behandlung der erektilen Dysfunktion bei M\u00e4nnern. Es wirkt, indem es die Blutgef\u00e4\u00dfe im Penis entspannt, sodass bei sexueller Erregung mehr Blut in den Penis flie\u00dfen kann. Dies hilft M\u00e4nnern, eine Erektion zu bekommen und aufrechtzuerhalten.<\/span><\/p>\n<h3><span>Sildaforce bestellen und Viagra<\/span><\/h3>\n<p><strong><span>Sildaforce 150 mg<\/span><\/strong><span>\u00a0ist eine generische\u00a0<\/span><span>Alternative zu Viagra<\/span><span> , das ebenfalls Sildenafilcitrat enth\u00e4lt. Es wird h\u00e4ufig zur Behandlung von erektiler Dysfunktion verwendet und kann bei der Verbesserung der m\u00e4nnlichen sexuellen Leistungsf\u00e4higkeit wirksam sein. Der gro\u00dfe Vorteil von Sildaforce bestellen 150 mg-Tabletten gegen\u00fcber Viagra ist der Preis. Viagra ist um ein Vielfaches teurer, w\u00e4hrend Sildaforce in unserem Shop zu einem angemessenen Preis frei erh\u00e4ltlich ist.<\/span><\/p>\n<h3><span>Nebenwirkungen Sildaforce<\/span><\/h3>\n<p><span>Zu den Nebenwirkungen von\u00a0<\/span><strong><span>Sildenafilcitrat<\/span><\/strong><span>\u00a0, einschlie\u00dflich Sildaforce 150 mg, k\u00f6nnen Kopfschmerzen, Schwindel, Hitzewallungen, Verdauungsprobleme und Sehst\u00f6rungen geh\u00f6ren. Es ist auch wichtig, die Einnahme dieses Medikaments zu vermeiden, wenn Sie unter bestimmten Erkrankungen leiden oder Medikamente einnehmen, die mit Sildenafil interagieren k\u00f6nnen. Konsultieren Sie vor der Anwendung dieses oder anderer Medikamente gegen erektile Dysfunktion immer einen Arzt, um sicherzustellen, dass es f\u00fcr Sie geeignet und sicher ist.<\/span><\/p>\n<p><span>Ihre Bestellung wird\u00a0<\/span><strong><span>innerhalb von 24 Stunden<\/span><\/strong><span>\u00a0bearbeitet und versendet .<\/span><\/p>\n<ul>\n<li><span>Ihre Zahlung wurde best\u00e4tigt? Wir legen\u00a0SOFORT\u00a0<\/span><strong><span>los !<\/span><\/strong><\/li>\n<li><span>Durchschnittliche Lieferzeit\u00a0<\/span><strong><span>2-3 Werktage<\/span><\/strong><span>\u00a0f\u00fcr NL<\/span><\/li>\n<li><span>Durchschnittliche Lieferzeit\u00a0<\/span><strong><span>2-5 Werktage<\/span><\/strong><span>\u00a0f\u00fcr BE<\/span><\/li>\n<\/ul>\n<p><span>Haben Sie Ihre Bestellung\u00a0nach\u00a0<\/span><strong><span>5 Werktagen<\/span><\/strong><span> nicht erhalten? Bitte kontaktieren Sie den Kundenservice \u00fcber <\/span><span>(geben Sie f\u00fcr eine schnellere Bearbeitung Ihre Bestellnummer an).<\/span><\/p>\n<div id=\"elementor-tab-title-1822\" class=\"elementor-tab-title elementor-active\" tabindex=\"0\" role=\"button\" data-tab=\"2\" aria-controls=\"elementor-tab-content-1822\" aria-expanded=\"true\" aria-selected=\"true\"><a class=\"elementor-accordion-title\" tabindex=\"0\"><span><span class=\"\">Zahlungsinformationen<\/span><\/span><\/a><\/div>\n<div id=\"elementor-tab-content-1822\" class=\"elementor-tab-content elementor-clearfix elementor-active\" role=\"region\" data-tab=\"2\" aria-labelledby=\"elementor-tab-title-1822\">\n<p><span>Bezahlen Sie Ihre Bestellung schnell und direkt per\u00a0<\/span><strong><span>QR-Code<\/span><\/strong><span>\u00a0oder\u00a0<\/span><strong><span>Bank\u00fcberweisung<\/span><\/strong><span>\u00a0.<\/span><\/p>\n<p><span>Bitte geben Sie\u00a0bei Ihrer Zahlung als Verwendungszweck NUR\u00a0<\/span><strong><span>Ihre Bestellnummer an.<\/span><\/strong><\/p>\n<p>&nbsp;<\/p>\n<\/div>","protected":false},"excerpt":{"rendered":"<div class=\"elementor-element elementor-element-fe88a58 elementor-alert-info elementor-widget elementor-widget-alert\" data-id=\"fe88a58\" data-element_type=\"widget\" data-widget_type=\"alert.default\">\n<div class=\"elementor-widget-container\">\n<div class=\"elementor-alert\" role=\"alert\"><span class=\"elementor-alert-title\"><span>Erhalten Sie im Dezember zus\u00e4tzlichen Staffelrabatt!<\/span><\/span><span class=\"elementor-alert-description\"><span>Bestellen Sie 2, 3 oder mehr Artikel und erhalten Sie\u00a0<\/span><b><span>sofort einen zus\u00e4tzlichen Rabatt.<\/span><\/b><\/span><\/div>\n<\/div>\n<\/div>\n<div class=\"elementor-element elementor-element-3885087 elementor-widget elementor-widget-woocommerce-product-short-description\" data-id=\"3885087\" data-element_type=\"widget\" data-widget_type=\"woocommerce-product-short-description.default\">\n<div class=\"elementor-widget-container\">\n<div class=\"woocommerce-product-details__short-description\">\n<p><span>10 Tabletten pro Streifen, sofort ab Lager lieferbar.<\/span><\/p>\n<\/div>\n<\/div>\n<\/div>","protected":false},"featured_media":2341,"comment_status":"open","ping_status":"closed","template":"","meta":{"_uag_custom_page_level_css":"","site-sidebar-layout":"default","site-content-layout":"","ast-site-content-layout":"default","site-content-style":"default","site-sidebar-style":"default","ast-global-header-display":"","ast-banner-title-visibility":"","ast-main-header-display":"","ast-hfb-above-header-display":"","ast-hfb-below-header-display":"","ast-hfb-mobile-header-display":"","site-post-title":"","ast-breadcrumbs-content":"","ast-featured-img":"","footer-sml-layout":"","ast-disable-related-posts":"","theme-transparent-header-meta":"default","adv-header-id-meta":"","stick-header-meta":"","header-above-stick-meta":"","header-main-stick-meta":"","header-below-stick-meta":"","astra-migrate-meta-layouts":"set","ast-page-background-enabled":"default","ast-page-background-meta":{"desktop":{"background-color":"","background-image":"","background-repeat":"repeat","background-position":"center center","background-size":"auto","background-attachment":"scroll","background-type":"","background-media":"","overlay-type":"","overlay-color":"","overlay-opacity":"","overlay-gradient":""},"tablet":{"background-color":"","background-image":"","background-repeat":"repeat","background-position":"center center","background-size":"auto","background-attachment":"scroll","background-type":"","background-media":"","overlay-type":"","overlay-color":"","overlay-opacity":"","overlay-gradient":""},"mobile":{"background-color":"","background-image":"","background-repeat":"repeat","background-position":"center center","background-size":"auto","background-attachment":"scroll","background-type":"","background-media":"","overlay-type":"","overlay-color":"","overlay-opacity":"","overlay-gradient":""}},"ast-content-background-meta":{"desktop":{"background-color":"var(--ast-global-color-5)","background-image":"","background-repeat":"repeat","background-position":"center center","background-size":"auto","background-attachment":"scroll","background-type":"","background-media":"","overlay-type":"","overlay-color":"","overlay-opacity":"","overlay-gradient":""},"tablet":{"background-color":"var(--ast-global-color-5)","background-image":"","background-repeat":"repeat","background-position":"center center","background-size":"auto","background-attachment":"scroll","background-type":"","background-media":"","overlay-type":"","overlay-color":"","overlay-opacity":"","overlay-gradient":""},"mobile":{"background-color":"var(--ast-global-color-5)","background-image":"","background-repeat":"repeat","background-position":"center center","background-size":"auto","background-attachment":"scroll","background-type":"","background-media":"","overlay-type":"","overlay-color":"","overlay-opacity":"","overlay-gradient":""}},"episode_type":"","audio_file":"","cover_image":"","cover_image_id":"","duration":"","filesize":"","filesize_raw":"","date_recorded":"","explicit":"","block":"","itunes_episode_number":"","itunes_title":"","itunes_season_number":"","itunes_episode_type":""},"product_brand":[],"product_cat":[23],"product_tag":[],"class_list":{"0":"post-2327","1":"product","2":"type-product","3":"status-publish","4":"has-post-thumbnail","6":"product_cat-kamagra","7":"desktop-align-left","8":"tablet-align-left","9":"mobile-align-left","11":"first","12":"instock","13":"shipping-taxable","14":"purchasable","15":"product-type-variable"},"yoast_head":"<!-- This site is optimized with the Yoast SEO plugin v27.0 - https:\/\/yoast.com\/product\/yoast-seo-wordpress\/ -->\n<title>Sildaforce 150mg - Sildenafil Citrat - Sildaforce bestellen<\/title>\n<meta name=\"description\" content=\"Sildaforce bestellen -Pillen 150 mg bei apotheke-eu. Sildaforce-Pillen sind ideal f\u00fcr M\u00e4nner, die an erektiler Dysfunktion leiden.\" \/>\n<meta name=\"robots\" content=\"index, follow, max-snippet:-1, max-image-preview:large, max-video-preview:-1\" \/>\n<link rel=\"canonical\" href=\"https:\/\/cialisonlineshop.de\/fr\/product\/sildaforce-150-mg\/\" \/>\n<meta property=\"og:locale\" content=\"fr_FR\" \/>\n<meta property=\"og:type\" content=\"article\" \/>\n<meta property=\"og:title\" content=\"Sildaforce 150mg - Sildenafil Citrat - Sildaforce bestellen\" \/>\n<meta property=\"og:description\" content=\"Sildaforce bestellen -Pillen 150 mg bei apotheke-eu. Sildaforce-Pillen sind ideal f\u00fcr M\u00e4nner, die an erektiler Dysfunktion leiden.\" \/>\n<meta property=\"og:url\" content=\"https:\/\/cialisonlineshop.de\/fr\/product\/sildaforce-150-mg\/\" \/>\n<meta property=\"article:modified_time\" content=\"2026-01-14T10:16:59+00:00\" \/>\n<meta property=\"og:image\" content=\"https:\/\/cialisonlineshop.de\/wp-content\/uploads\/2026\/01\/Sildaforce-150-mg.png\" \/>\n\t<meta property=\"og:image:width\" content=\"533\" \/>\n\t<meta property=\"og:image:height\" content=\"533\" \/>\n\t<meta property=\"og:image:type\" content=\"image\/png\" \/>\n<meta name=\"twitter:card\" content=\"summary_large_image\" \/>\n<meta name=\"twitter:label1\" content=\"Dur\u00e9e de lecture estim\u00e9e\" \/>\n\t<meta name=\"twitter:data1\" content=\"3 minutes\" \/>\n<script type=\"application\/ld+json\" class=\"yoast-schema-graph\">{\"@context\":\"https:\/\/schema.org\",\"@graph\":[{\"@type\":\"WebPage\",\"@id\":\"https:\/\/cialisonlineshop.de\/product\/sildaforce-150-mg\/\",\"url\":\"https:\/\/cialisonlineshop.de\/product\/sildaforce-150-mg\/\",\"name\":\"Sildaforce 150mg - Sildenafil Citrat - Sildaforce bestellen\",\"isPartOf\":{\"@id\":\"https:\/\/cialisonlineshop.de\/#website\"},\"primaryImageOfPage\":{\"@id\":\"https:\/\/cialisonlineshop.de\/product\/sildaforce-150-mg\/#primaryimage\"},\"image\":{\"@id\":\"https:\/\/cialisonlineshop.de\/product\/sildaforce-150-mg\/#primaryimage\"},\"thumbnailUrl\":\"https:\/\/cialisonlineshop.de\/wp-content\/uploads\/2026\/01\/Sildaforce-150-mg.png\",\"datePublished\":\"2026-01-14T10:16:55+00:00\",\"dateModified\":\"2026-01-14T10:16:59+00:00\",\"description\":\"Sildaforce bestellen -Pillen 150 mg bei apotheke-eu. Sildaforce-Pillen sind ideal f\u00fcr M\u00e4nner, die an erektiler Dysfunktion leiden.\",\"breadcrumb\":{\"@id\":\"https:\/\/cialisonlineshop.de\/product\/sildaforce-150-mg\/#breadcrumb\"},\"inLanguage\":\"fr-FR\",\"potentialAction\":[{\"@type\":\"ReadAction\",\"target\":[\"https:\/\/cialisonlineshop.de\/product\/sildaforce-150-mg\/\"]}]},{\"@type\":\"ImageObject\",\"inLanguage\":\"fr-FR\",\"@id\":\"https:\/\/cialisonlineshop.de\/product\/sildaforce-150-mg\/#primaryimage\",\"url\":\"https:\/\/cialisonlineshop.de\/wp-content\/uploads\/2026\/01\/Sildaforce-150-mg.png\",\"contentUrl\":\"https:\/\/cialisonlineshop.de\/wp-content\/uploads\/2026\/01\/Sildaforce-150-mg.png\",\"width\":533,\"height\":533,\"caption\":\"import placeholder for 6183\"},{\"@type\":\"BreadcrumbList\",\"@id\":\"https:\/\/cialisonlineshop.de\/product\/sildaforce-150-mg\/#breadcrumb\",\"itemListElement\":[{\"@type\":\"ListItem\",\"position\":1,\"name\":\"Home\",\"item\":\"https:\/\/cialisonlineshop.de\/\"},{\"@type\":\"ListItem\",\"position\":2,\"name\":\"Shop\",\"item\":\"https:\/\/cialisonlineshop.de\/shop\/\"},{\"@type\":\"ListItem\",\"position\":3,\"name\":\"Sildaforce 150 mg\"}]},{\"@type\":\"WebSite\",\"@id\":\"https:\/\/cialisonlineshop.de\/#website\",\"url\":\"https:\/\/cialisonlineshop.de\/\",\"name\":\"Cialisonlineshop\",\"description\":\"\",\"publisher\":{\"@id\":\"https:\/\/cialisonlineshop.de\/#organization\"},\"potentialAction\":[{\"@type\":\"SearchAction\",\"target\":{\"@type\":\"EntryPoint\",\"urlTemplate\":\"https:\/\/cialisonlineshop.de\/?s={search_term_string}\"},\"query-input\":{\"@type\":\"PropertyValueSpecification\",\"valueRequired\":true,\"valueName\":\"search_term_string\"}}],\"inLanguage\":\"fr-FR\"},{\"@type\":\"Organization\",\"@id\":\"https:\/\/cialisonlineshop.de\/#organization\",\"name\":\"Cialisonlineshop\",\"url\":\"https:\/\/cialisonlineshop.de\/\",\"logo\":{\"@type\":\"ImageObject\",\"inLanguage\":\"fr-FR\",\"@id\":\"https:\/\/cialisonlineshop.de\/#\/schema\/logo\/image\/\",\"url\":\"https:\/\/cialisonlineshop.de\/wp-content\/uploads\/2026\/01\/Logo_maker_project__6_-removebg-preview-1.png\",\"contentUrl\":\"https:\/\/cialisonlineshop.de\/wp-content\/uploads\/2026\/01\/Logo_maker_project__6_-removebg-preview-1.png\",\"width\":432,\"height\":88,\"caption\":\"Cialisonlineshop\"},\"image\":{\"@id\":\"https:\/\/cialisonlineshop.de\/#\/schema\/logo\/image\/\"}}]}<\/script>\n<!-- \/ Yoast SEO plugin. -->","yoast_head_json":{"title":"Sildaforce 150mg - Sildenafil Citrat - Sildaforce bestellen","description":"Sildaforce bestellen -Pillen 150 mg bei apotheke-eu. Sildaforce-Pillen sind ideal f\u00fcr M\u00e4nner, die an erektiler Dysfunktion leiden.","robots":{"index":"index","follow":"follow","max-snippet":"max-snippet:-1","max-image-preview":"max-image-preview:large","max-video-preview":"max-video-preview:-1"},"canonical":"https:\/\/cialisonlineshop.de\/fr\/product\/sildaforce-150-mg\/","og_locale":"fr_FR","og_type":"article","og_title":"Sildaforce 150mg - Sildenafil Citrat - Sildaforce bestellen","og_description":"Sildaforce bestellen -Pillen 150 mg bei apotheke-eu. Sildaforce-Pillen sind ideal f\u00fcr M\u00e4nner, die an erektiler Dysfunktion leiden.","og_url":"https:\/\/cialisonlineshop.de\/fr\/product\/sildaforce-150-mg\/","article_modified_time":"2026-01-14T10:16:59+00:00","og_image":[{"width":533,"height":533,"url":"https:\/\/cialisonlineshop.de\/wp-content\/uploads\/2026\/01\/Sildaforce-150-mg.png","type":"image\/png"}],"twitter_card":"summary_large_image","twitter_misc":{"Dur\u00e9e de lecture estim\u00e9e":"3 minutes"},"schema":{"@context":"https:\/\/schema.org","@graph":[{"@type":"WebPage","@id":"https:\/\/cialisonlineshop.de\/product\/sildaforce-150-mg\/","url":"https:\/\/cialisonlineshop.de\/product\/sildaforce-150-mg\/","name":"Sildaforce 150mg - Sildenafil Citrat - Sildaforce bestellen","isPartOf":{"@id":"https:\/\/cialisonlineshop.de\/#website"},"primaryImageOfPage":{"@id":"https:\/\/cialisonlineshop.de\/product\/sildaforce-150-mg\/#primaryimage"},"image":{"@id":"https:\/\/cialisonlineshop.de\/product\/sildaforce-150-mg\/#primaryimage"},"thumbnailUrl":"https:\/\/cialisonlineshop.de\/wp-content\/uploads\/2026\/01\/Sildaforce-150-mg.png","datePublished":"2026-01-14T10:16:55+00:00","dateModified":"2026-01-14T10:16:59+00:00","description":"Sildaforce bestellen -Pillen 150 mg bei apotheke-eu. Sildaforce-Pillen sind ideal f\u00fcr M\u00e4nner, die an erektiler Dysfunktion leiden.","breadcrumb":{"@id":"https:\/\/cialisonlineshop.de\/product\/sildaforce-150-mg\/#breadcrumb"},"inLanguage":"fr-FR","potentialAction":[{"@type":"ReadAction","target":["https:\/\/cialisonlineshop.de\/product\/sildaforce-150-mg\/"]}]},{"@type":"ImageObject","inLanguage":"fr-FR","@id":"https:\/\/cialisonlineshop.de\/product\/sildaforce-150-mg\/#primaryimage","url":"https:\/\/cialisonlineshop.de\/wp-content\/uploads\/2026\/01\/Sildaforce-150-mg.png","contentUrl":"https:\/\/cialisonlineshop.de\/wp-content\/uploads\/2026\/01\/Sildaforce-150-mg.png","width":533,"height":533,"caption":"import placeholder for 6183"},{"@type":"BreadcrumbList","@id":"https:\/\/cialisonlineshop.de\/product\/sildaforce-150-mg\/#breadcrumb","itemListElement":[{"@type":"ListItem","position":1,"name":"Home","item":"https:\/\/cialisonlineshop.de\/"},{"@type":"ListItem","position":2,"name":"Shop","item":"https:\/\/cialisonlineshop.de\/shop\/"},{"@type":"ListItem","position":3,"name":"Sildaforce 150 mg"}]},{"@type":"WebSite","@id":"https:\/\/cialisonlineshop.de\/#website","url":"https:\/\/cialisonlineshop.de\/","name":"Cialisonlineshop","description":"","publisher":{"@id":"https:\/\/cialisonlineshop.de\/#organization"},"potentialAction":[{"@type":"SearchAction","target":{"@type":"EntryPoint","urlTemplate":"https:\/\/cialisonlineshop.de\/?s={search_term_string}"},"query-input":{"@type":"PropertyValueSpecification","valueRequired":true,"valueName":"search_term_string"}}],"inLanguage":"fr-FR"},{"@type":"Organization","@id":"https:\/\/cialisonlineshop.de\/#organization","name":"Cialisonlineshop","url":"https:\/\/cialisonlineshop.de\/","logo":{"@type":"ImageObject","inLanguage":"fr-FR","@id":"https:\/\/cialisonlineshop.de\/#\/schema\/logo\/image\/","url":"https:\/\/cialisonlineshop.de\/wp-content\/uploads\/2026\/01\/Logo_maker_project__6_-removebg-preview-1.png","contentUrl":"https:\/\/cialisonlineshop.de\/wp-content\/uploads\/2026\/01\/Logo_maker_project__6_-removebg-preview-1.png","width":432,"height":88,"caption":"Cialisonlineshop"},"image":{"@id":"https:\/\/cialisonlineshop.de\/#\/schema\/logo\/image\/"}}]}},"uagb_featured_image_src":{"full":["https:\/\/cialisonlineshop.de\/wp-content\/uploads\/2026\/01\/Sildaforce-150-mg.png",533,533,false],"thumbnail":["https:\/\/cialisonlineshop.de\/wp-content\/uploads\/2026\/01\/Sildaforce-150-mg-150x150.png",150,150,true],"medium":["https:\/\/cialisonlineshop.de\/wp-content\/uploads\/2026\/01\/Sildaforce-150-mg-300x300.png",300,300,true],"medium_large":["https:\/\/cialisonlineshop.de\/wp-content\/uploads\/2026\/01\/Sildaforce-150-mg.png",533,533,false],"large":["https:\/\/cialisonlineshop.de\/wp-content\/uploads\/2026\/01\/Sildaforce-150-mg.png",533,533,false],"1536x1536":["https:\/\/cialisonlineshop.de\/wp-content\/uploads\/2026\/01\/Sildaforce-150-mg.png",533,533,false],"2048x2048":["https:\/\/cialisonlineshop.de\/wp-content\/uploads\/2026\/01\/Sildaforce-150-mg.png",533,533,false],"trp-custom-language-flag":["https:\/\/cialisonlineshop.de\/wp-content\/uploads\/2026\/01\/Sildaforce-150-mg.png",12,12,false],"woocommerce_thumbnail":["https:\/\/cialisonlineshop.de\/wp-content\/uploads\/2026\/01\/Sildaforce-150-mg-300x300.png",300,300,true],"woocommerce_single":["https:\/\/cialisonlineshop.de\/wp-content\/uploads\/2026\/01\/Sildaforce-150-mg.png",533,533,false],"woocommerce_gallery_thumbnail":["https:\/\/cialisonlineshop.de\/wp-content\/uploads\/2026\/01\/Sildaforce-150-mg-100x100.png",100,100,true]},"uagb_author_info":{"display_name":"Stefan T\u00f6njes","author_link":"https:\/\/cialisonlineshop.de\/fr\/author\/"},"uagb_comment_info":0,"uagb_excerpt":"Erhalten Sie im Dezember zus\u00e4tzlichen Staffelrabatt!Bestellen Sie 2, 3 oder mehr Artikel und erhalten Sie\u00a0sofort einen zus\u00e4tzlichen Rabatt. 10 Tabletten pro Streifen, sofort ab Lager lieferbar.","jetpack_sharing_enabled":true,"_links":{"self":[{"href":"https:\/\/cialisonlineshop.de\/fr\/wp-json\/wp\/v2\/product\/2327","targetHints":{"allow":["GET"]}}],"collection":[{"href":"https:\/\/cialisonlineshop.de\/fr\/wp-json\/wp\/v2\/product"}],"about":[{"href":"https:\/\/cialisonlineshop.de\/fr\/wp-json\/wp\/v2\/types\/product"}],"replies":[{"embeddable":true,"href":"https:\/\/cialisonlineshop.de\/fr\/wp-json\/wp\/v2\/comments?post=2327"}],"wp:featuredmedia":[{"embeddable":true,"href":"https:\/\/cialisonlineshop.de\/fr\/wp-json\/wp\/v2\/media\/2341"}],"wp:attachment":[{"href":"https:\/\/cialisonlineshop.de\/fr\/wp-json\/wp\/v2\/media?parent=2327"}],"wp:term":[{"taxonomy":"product_brand","embeddable":true,"href":"https:\/\/cialisonlineshop.de\/fr\/wp-json\/wp\/v2\/product_brand?post=2327"},{"taxonomy":"product_cat","embeddable":true,"href":"https:\/\/cialisonlineshop.de\/fr\/wp-json\/wp\/v2\/product_cat?post=2327"},{"taxonomy":"product_tag","embeddable":true,"href":"https:\/\/cialisonlineshop.de\/fr\/wp-json\/wp\/v2\/product_tag?post=2327"}],"curies":[{"name":"wp","href":"https:\/\/api.w.org\/{rel}","templated":true}]}}