{"id":2317,"date":"2026-01-14T10:16:54","date_gmt":"2026-01-14T10:16:54","guid":{"rendered":"https:\/\/cialisonlineshop.de\/?post_type=product&#038;p=2317"},"modified":"2026-01-14T10:16:59","modified_gmt":"2026-01-14T10:16:59","slug":"cobra-200-mg","status":"publish","type":"product","link":"https:\/\/cialisonlineshop.de\/fr\/product\/cobra-200-mg\/","title":{"rendered":"Cobra 200 mg"},"content":{"rendered":"<h2><strong><span>Wie wirken Cobra 200 mg-Tabletten?<\/span><\/strong><\/h2>\n<p><strong><span>Cobra 200 mg-Tabletten<\/span><\/strong><span>\u00a0enthalten den Wirkstoff\u00a0<\/span><span>Sildenafil<\/span><span>\u00a0, der die Durchblutung der Genitalien verbessert. Wenn Sie eine Cobra-Pille einnehmen, f\u00fchrt dies zu einer Erweiterung der Blutgef\u00e4\u00dfe, wodurch es m\u00f6glich wird, bei sexueller Erregung eine Erektion zu bekommen und aufrechtzuerhalten. Diese Ma\u00dfnahme hilft M\u00e4nnern, die unter erektiler Dysfunktion leiden, wieder ein befriedigendes Sexualleben zu genie\u00dfen.<\/span><\/p>\n<p><span>Cobra 200 mg beginnt normalerweise\u00a0<\/span><strong><span>innerhalb von 30 bis 60 Minuten<\/span><\/strong><span>\u00a0nach der Einnahme zu wirken. Die Wirkung kann bis zu vier Stunden anhalten, sodass Ihnen viel Zeit f\u00fcr sexuelle Aktivit\u00e4ten bleibt. Es ist wichtig, die Tabletten nicht mit Alkohol oder fettreichen Mahlzeiten einzunehmen, da diese die Aufnahme des Arzneimittels verlangsamen k\u00f6nnen. Cobra 200 mg ist daher eine zuverl\u00e4ssige und wirksame L\u00f6sung f\u00fcr M\u00e4nner, die zus\u00e4tzliche Unterst\u00fctzung bei erektiler Dysfunktion suchen.<\/span><\/p>\n<h3><strong><span>Wie bewahre ich Cobra 200 auf?<\/span><\/strong><\/h3>\n<p><strong><span>Die Cobra 200 mg-Tabletten sollten an einem k\u00fchlen, trockenen Ort<\/span><\/strong><span>\u00a0aufbewahrt werden\u00a0, gesch\u00fctzt vor direkter Sonneneinstrahlung und Feuchtigkeit. Bewahren Sie die Tabletten in der Originalverpackung auf, damit diese vor \u00e4u\u00dferen Einfl\u00fcssen gut gesch\u00fctzt sind.\u00a0Damit\u00a0die Tabletten ihre Wirksamkeit behalten, lagern Sie sie idealerweise bei einer Temperatur zwischen\u00a0<\/span><strong><span>15 und 25 Grad Celsius<\/span><\/strong><span>\u00a0. Achten Sie au\u00dferdem darauf, dass die Tabletten au\u00dferhalb der Reichweite von Kindern aufbewahrt werden, um Unf\u00e4lle zu vermeiden.<\/span><\/p>\n<p><span>Es wird nicht empfohlen,\u00a0<\/span><em><span>Cobra 200 mg-Tabletten<\/span><\/em><span>\u00a0l\u00e4nger als das angegebene\u00a0<\/span><strong><span>Verfallsdatum<\/span><\/strong><span>\u00a0aufzubewahren .\u00a0Pr\u00fcfen Sie vor der Verwendung stets das Verfallsdatum auf der Verpackung. Wenn Sie bemerken, dass die Tabletten besch\u00e4digt oder verf\u00e4rbt sind, verwenden Sie sie nicht und fragen Sie Ihren Apotheker um Rat. So k\u00f6nnen Sie sicher sein, dass die Behandlung sicher und wirksam ist.<\/span><\/p>\n<h2><strong><span>Kaufen Sie Cobra 200mg<\/span><\/strong><\/h2>\n<p><span>Die Cobra-Pillen mit 200 mg Sildenafil sind eine\u00a0<\/span><strong><span>wirkungsvolle L\u00f6sung<\/span><\/strong><span>\u00a0f\u00fcr M\u00e4nner, die an erektiler Dysfunktion leiden und zus\u00e4tzliche Unterst\u00fctzung suchen. Der Kauf dieser Pillen ist einfach, schnell und diskret. Sie k\u00f6nnen sie online bei zuverl\u00e4ssigen Lieferanten kaufen, die eine schnelle Lieferung und einen guten Kundenservice garantieren. Um sicherzustellen, dass Sie originale und sichere Produkte erhalten, ist es wichtig, eine zuverl\u00e4ssige Quelle auszuw\u00e4hlen.<\/span><\/p>\n<p><span>In unserem Shop k\u00f6nnen Sie auch die\u00a0<\/span><a href=\"https:\/\/apotheke-eu.de\/product\/cobra-red-120-mg\/\"><span>Cobra 120mg<\/span><\/a><span>\u00a0und\u00a0<\/span><a href=\"https:\/\/apotheke-eu.de\/product\/cobra-130-mg\/\"><span>Cobra 130mg<\/span><\/a><span>\u00a0Tabletten bestellen! M\u00f6chten Sie lieber Gelee bestellen? Dann probieren Sie doch mal die Variante\u00a0<\/span><span>Cobra Oral Jelly<\/span><span>\u00a0aus .<\/span><\/p>\n<p><span>Auch beim Kauf von Cobra 200mg-Tabletten ist es wichtig, zun\u00e4chst einen Arzt zu konsultieren, insbesondere wenn Sie andere Medikamente einnehmen oder gesundheitliche Probleme haben. So k\u00f6nnen Sie sicher sein, dass Cobra 200 f\u00fcr Ihre Situation geeignet ist. Denken Sie daran, Ihren Einkauf \u00fcber einen anerkannten und sicheren Online-Shop zu t\u00e4tigen, damit Sie von der Qualit\u00e4t des Produkts \u00fcberzeugt sind.<\/span><\/p>\n<h3><strong><span>Bestellen Sie Cobra 200mg online<\/span><\/strong><\/h3>\n<p><span>Wenn Sie Cobra 200 mg kaufen, k\u00f6nnen Sie ganz einfach online \u00fcber <a href=\"https:\/\/apotheke-eu.de\/product\/kamagra-bestellen\/\">kamagra shop<\/a><\/span><span><a href=\"https:\/\/apotheke-eu.de\/product\/kamagra-bestellen\/\">\u00a0bestellen<\/a> , das auf Medikamente gegen erektile Dysfunktion spezialisiert ist. Ihre Bestellung wird diskret und schnell zu Ihnen nach Hause geliefert, sodass Sie ohne Unannehmlichkeiten mit Ihrer Behandlung beginnen k\u00f6nnen. Dies macht den Kauf von Cobra 200 mg bequem und diskret, ideal f\u00fcr diejenigen, die nicht in eine Apotheke gehen m\u00f6chten.<\/span><\/p>\n<p><span>Es ist wichtig, den Preis und die Kundenbewertungen der Website, bei der Sie bestellen, genau zu beachten. W\u00e4hlen Sie immer einen anerkannten und zuverl\u00e4ssigen Webshop, um sicherzugehen, dass Ihr Einkauf qualitativ und sicher ist. Der Online-Kauf ist nicht nur bequem, sondern bietet auch die M\u00f6glichkeit, Produkte zu vergleichen und das beste Angebot zu finden.<\/span><\/p>\n<h3><strong><span>Warum kamagra.nl bestellen?<\/span><\/strong><\/h3>\n<p><span>Bei\u00a0<\/span><strong><span>bestellen-kamagra.nl<\/span><\/strong><span>\u00a0finden Sie originale und zuverl\u00e4ssige Medikamente wie Cobra 200 mg. Diese Website bietet eine gro\u00dfe Auswahl an Produkten gegen erektile Dysfunktion, die ausschlie\u00dflich von zertifizierten Herstellern stammen. Der kundenfreundliche Service und die schnelle Lieferung sorgen daf\u00fcr, dass Sie Ihre Bestellung immer p\u00fcnktlich erhalten. Dar\u00fcber hinaus ist bei uns Diskretion angesagt, sodass Sie ohne Sorgen in Ihre Behandlung starten k\u00f6nnen.<\/span><\/p>\n<p><span>Die Website ist f\u00fcr ihre Zuverl\u00e4ssigkeit und ihren kundenorientierten Ansatz bekannt. Sie k\u00f6nnen bequem \u00fcber verschiedene sichere Zahlungsmethoden bezahlen und Ihre Bestellung wird immer schnell und diskret versendet. Dank der Fachkompetenz und Erfahrung von bestellen-kamagra.nl ist Ihnen eine sichere und wirksame Behandlung Ihrer erektilen Dysfunktion garantiert.<\/span><\/p>","protected":false},"excerpt":{"rendered":"<div class=\"elementor-element elementor-element-fe88a58 elementor-alert-info elementor-widget elementor-widget-alert\" data-id=\"fe88a58\" data-element_type=\"widget\" data-widget_type=\"alert.default\">\n<div class=\"elementor-widget-container\">\n<div class=\"elementor-alert\" role=\"alert\"><span class=\"elementor-alert-title\"><span>Erhalten Sie im Dezember zus\u00e4tzlichen Staffelrabatt!<\/span><\/span><span class=\"elementor-alert-description\"><span>Bestellen Sie 2, 3 oder mehr Artikel und erhalten Sie\u00a0<\/span><b><span>sofort einen zus\u00e4tzlichen Rabatt.<\/span><\/b><\/span><\/div>\n<\/div>\n<\/div>\n<div class=\"elementor-element elementor-element-0ffdc67 elementor-widget elementor-widget-woocommerce-product-price\" data-id=\"0ffdc67\" data-element_type=\"widget\" data-widget_type=\"woocommerce-product-price.default\">\n<div class=\"elementor-widget-container\">\n<p class=\"price\"><span class=\"tiered-pricing-dynamic-price-wrapper\" data-display-context=\"product-page\" data-price-type=\"static\" data-product-id=\"49033\" data-parent-id=\"49033\"><span class=\"screen-reader-text\"><span>Der aktuelle Preis betr\u00e4gt: 19,99 \u20ac.<\/span><\/span><\/span><\/p>\n<\/div>\n<\/div>\n<div class=\"elementor-element elementor-element-3885087 elementor-widget elementor-widget-woocommerce-product-short-description\" data-id=\"3885087\" data-element_type=\"widget\" data-widget_type=\"woocommerce-product-short-description.default\">\n<div class=\"elementor-widget-container\">\n<div class=\"woocommerce-product-details__short-description\">\n<p><span>M\u00f6chten Sie Cobra-200-mg-Pillen kaufen? Bestellen Sie jetzt\u00a0<\/span><strong><span>Cobra 200 mg<\/span><\/strong><span>\u00a0mit 6 Tabletten pro Streifen,\u00a0<\/span><strong><span>ab 17,48 pro Streifen<\/span><\/strong><span>\u00a0.<\/span><\/p>\n<p>&nbsp;<\/p>\n<\/div>\n<\/div>\n<\/div>","protected":false},"featured_media":2340,"comment_status":"open","ping_status":"closed","template":"","meta":{"_uag_custom_page_level_css":"","site-sidebar-layout":"default","site-content-layout":"","ast-site-content-layout":"default","site-content-style":"default","site-sidebar-style":"default","ast-global-header-display":"","ast-banner-title-visibility":"","ast-main-header-display":"","ast-hfb-above-header-display":"","ast-hfb-below-header-display":"","ast-hfb-mobile-header-display":"","site-post-title":"","ast-breadcrumbs-content":"","ast-featured-img":"","footer-sml-layout":"","ast-disable-related-posts":"","theme-transparent-header-meta":"default","adv-header-id-meta":"","stick-header-meta":"","header-above-stick-meta":"","header-main-stick-meta":"","header-below-stick-meta":"","astra-migrate-meta-layouts":"set","ast-page-background-enabled":"default","ast-page-background-meta":{"desktop":{"background-color":"","background-image":"","background-repeat":"repeat","background-position":"center center","background-size":"auto","background-attachment":"scroll","background-type":"","background-media":"","overlay-type":"","overlay-color":"","overlay-opacity":"","overlay-gradient":""},"tablet":{"background-color":"","background-image":"","background-repeat":"repeat","background-position":"center center","background-size":"auto","background-attachment":"scroll","background-type":"","background-media":"","overlay-type":"","overlay-color":"","overlay-opacity":"","overlay-gradient":""},"mobile":{"background-color":"","background-image":"","background-repeat":"repeat","background-position":"center center","background-size":"auto","background-attachment":"scroll","background-type":"","background-media":"","overlay-type":"","overlay-color":"","overlay-opacity":"","overlay-gradient":""}},"ast-content-background-meta":{"desktop":{"background-color":"var(--ast-global-color-5)","background-image":"","background-repeat":"repeat","background-position":"center center","background-size":"auto","background-attachment":"scroll","background-type":"","background-media":"","overlay-type":"","overlay-color":"","overlay-opacity":"","overlay-gradient":""},"tablet":{"background-color":"var(--ast-global-color-5)","background-image":"","background-repeat":"repeat","background-position":"center center","background-size":"auto","background-attachment":"scroll","background-type":"","background-media":"","overlay-type":"","overlay-color":"","overlay-opacity":"","overlay-gradient":""},"mobile":{"background-color":"var(--ast-global-color-5)","background-image":"","background-repeat":"repeat","background-position":"center center","background-size":"auto","background-attachment":"scroll","background-type":"","background-media":"","overlay-type":"","overlay-color":"","overlay-opacity":"","overlay-gradient":""}},"episode_type":"","audio_file":"","cover_image":"","cover_image_id":"","duration":"","filesize":"","filesize_raw":"","date_recorded":"","explicit":"","block":"","itunes_episode_number":"","itunes_title":"","itunes_season_number":"","itunes_episode_type":""},"product_brand":[],"product_cat":[23],"product_tag":[],"class_list":{"0":"post-2317","1":"product","2":"type-product","3":"status-publish","4":"has-post-thumbnail","6":"product_cat-kamagra","7":"desktop-align-left","8":"tablet-align-left","9":"mobile-align-left","11":"first","12":"instock","13":"shipping-taxable","14":"purchasable","15":"product-type-variable"},"yoast_head":"<!-- This site is optimized with the Yoast SEO plugin v27.0 - https:\/\/yoast.com\/product\/yoast-seo-wordpress\/ -->\n<title>M\u00f6chten Sie Cobra 200 mg bestellen? jetzt ab 17,48 \u20ac<\/title>\n<meta name=\"description\" content=\"Cobra 200 mg bestellen? Cobra-Pillen mit 200 mg Sildenafil. Erhalten Sie 6 Cobra-Pillen pro Streifen, sofort verf\u00fcgbar. Jetzt vor\u00fcbergehend ab 17,48 \u20ac.\" \/>\n<meta name=\"robots\" content=\"index, follow, max-snippet:-1, max-image-preview:large, max-video-preview:-1\" \/>\n<link rel=\"canonical\" href=\"https:\/\/cialisonlineshop.de\/fr\/product\/cobra-200-mg\/\" \/>\n<meta property=\"og:locale\" content=\"fr_FR\" \/>\n<meta property=\"og:type\" content=\"article\" \/>\n<meta property=\"og:title\" content=\"M\u00f6chten Sie Cobra 200 mg bestellen? jetzt ab 17,48 \u20ac\" \/>\n<meta property=\"og:description\" content=\"Cobra 200 mg bestellen? Cobra-Pillen mit 200 mg Sildenafil. Erhalten Sie 6 Cobra-Pillen pro Streifen, sofort verf\u00fcgbar. Jetzt vor\u00fcbergehend ab 17,48 \u20ac.\" \/>\n<meta property=\"og:url\" content=\"https:\/\/cialisonlineshop.de\/fr\/product\/cobra-200-mg\/\" \/>\n<meta property=\"article:modified_time\" content=\"2026-01-14T10:16:59+00:00\" \/>\n<meta property=\"og:image\" content=\"https:\/\/cialisonlineshop.de\/wp-content\/uploads\/2026\/01\/cobra-banner.png\" \/>\n\t<meta property=\"og:image:width\" content=\"341\" \/>\n\t<meta property=\"og:image:height\" content=\"358\" \/>\n\t<meta property=\"og:image:type\" content=\"image\/png\" \/>\n<meta name=\"twitter:card\" content=\"summary_large_image\" \/>\n<meta name=\"twitter:label1\" content=\"Dur\u00e9e de lecture estim\u00e9e\" \/>\n\t<meta name=\"twitter:data1\" content=\"4 minutes\" \/>\n<script type=\"application\/ld+json\" class=\"yoast-schema-graph\">{\"@context\":\"https:\/\/schema.org\",\"@graph\":[{\"@type\":\"WebPage\",\"@id\":\"https:\/\/cialisonlineshop.de\/product\/cobra-200-mg\/\",\"url\":\"https:\/\/cialisonlineshop.de\/product\/cobra-200-mg\/\",\"name\":\"M\u00f6chten Sie Cobra 200 mg bestellen? jetzt ab 17,48 \u20ac\",\"isPartOf\":{\"@id\":\"https:\/\/cialisonlineshop.de\/#website\"},\"primaryImageOfPage\":{\"@id\":\"https:\/\/cialisonlineshop.de\/product\/cobra-200-mg\/#primaryimage\"},\"image\":{\"@id\":\"https:\/\/cialisonlineshop.de\/product\/cobra-200-mg\/#primaryimage\"},\"thumbnailUrl\":\"https:\/\/cialisonlineshop.de\/wp-content\/uploads\/2026\/01\/cobra-banner.png\",\"datePublished\":\"2026-01-14T10:16:54+00:00\",\"dateModified\":\"2026-01-14T10:16:59+00:00\",\"description\":\"Cobra 200 mg bestellen? Cobra-Pillen mit 200 mg Sildenafil. Erhalten Sie 6 Cobra-Pillen pro Streifen, sofort verf\u00fcgbar. Jetzt vor\u00fcbergehend ab 17,48 \u20ac.\",\"breadcrumb\":{\"@id\":\"https:\/\/cialisonlineshop.de\/product\/cobra-200-mg\/#breadcrumb\"},\"inLanguage\":\"fr-FR\",\"potentialAction\":[{\"@type\":\"ReadAction\",\"target\":[\"https:\/\/cialisonlineshop.de\/product\/cobra-200-mg\/\"]}]},{\"@type\":\"ImageObject\",\"inLanguage\":\"fr-FR\",\"@id\":\"https:\/\/cialisonlineshop.de\/product\/cobra-200-mg\/#primaryimage\",\"url\":\"https:\/\/cialisonlineshop.de\/wp-content\/uploads\/2026\/01\/cobra-banner.png\",\"contentUrl\":\"https:\/\/cialisonlineshop.de\/wp-content\/uploads\/2026\/01\/cobra-banner.png\",\"width\":341,\"height\":358,\"caption\":\"import placeholder for 6172\"},{\"@type\":\"BreadcrumbList\",\"@id\":\"https:\/\/cialisonlineshop.de\/product\/cobra-200-mg\/#breadcrumb\",\"itemListElement\":[{\"@type\":\"ListItem\",\"position\":1,\"name\":\"Home\",\"item\":\"https:\/\/cialisonlineshop.de\/\"},{\"@type\":\"ListItem\",\"position\":2,\"name\":\"Shop\",\"item\":\"https:\/\/cialisonlineshop.de\/shop\/\"},{\"@type\":\"ListItem\",\"position\":3,\"name\":\"Cobra 200 mg\"}]},{\"@type\":\"WebSite\",\"@id\":\"https:\/\/cialisonlineshop.de\/#website\",\"url\":\"https:\/\/cialisonlineshop.de\/\",\"name\":\"Cialisonlineshop\",\"description\":\"\",\"publisher\":{\"@id\":\"https:\/\/cialisonlineshop.de\/#organization\"},\"potentialAction\":[{\"@type\":\"SearchAction\",\"target\":{\"@type\":\"EntryPoint\",\"urlTemplate\":\"https:\/\/cialisonlineshop.de\/?s={search_term_string}\"},\"query-input\":{\"@type\":\"PropertyValueSpecification\",\"valueRequired\":true,\"valueName\":\"search_term_string\"}}],\"inLanguage\":\"fr-FR\"},{\"@type\":\"Organization\",\"@id\":\"https:\/\/cialisonlineshop.de\/#organization\",\"name\":\"Cialisonlineshop\",\"url\":\"https:\/\/cialisonlineshop.de\/\",\"logo\":{\"@type\":\"ImageObject\",\"inLanguage\":\"fr-FR\",\"@id\":\"https:\/\/cialisonlineshop.de\/#\/schema\/logo\/image\/\",\"url\":\"https:\/\/cialisonlineshop.de\/wp-content\/uploads\/2026\/01\/Logo_maker_project__6_-removebg-preview-1.png\",\"contentUrl\":\"https:\/\/cialisonlineshop.de\/wp-content\/uploads\/2026\/01\/Logo_maker_project__6_-removebg-preview-1.png\",\"width\":432,\"height\":88,\"caption\":\"Cialisonlineshop\"},\"image\":{\"@id\":\"https:\/\/cialisonlineshop.de\/#\/schema\/logo\/image\/\"}}]}<\/script>\n<!-- \/ Yoast SEO plugin. -->","yoast_head_json":{"title":"M\u00f6chten Sie Cobra 200 mg bestellen? jetzt ab 17,48 \u20ac","description":"Cobra 200 mg bestellen? Cobra-Pillen mit 200 mg Sildenafil. Erhalten Sie 6 Cobra-Pillen pro Streifen, sofort verf\u00fcgbar. Jetzt vor\u00fcbergehend ab 17,48 \u20ac.","robots":{"index":"index","follow":"follow","max-snippet":"max-snippet:-1","max-image-preview":"max-image-preview:large","max-video-preview":"max-video-preview:-1"},"canonical":"https:\/\/cialisonlineshop.de\/fr\/product\/cobra-200-mg\/","og_locale":"fr_FR","og_type":"article","og_title":"M\u00f6chten Sie Cobra 200 mg bestellen? jetzt ab 17,48 \u20ac","og_description":"Cobra 200 mg bestellen? Cobra-Pillen mit 200 mg Sildenafil. Erhalten Sie 6 Cobra-Pillen pro Streifen, sofort verf\u00fcgbar. Jetzt vor\u00fcbergehend ab 17,48 \u20ac.","og_url":"https:\/\/cialisonlineshop.de\/fr\/product\/cobra-200-mg\/","article_modified_time":"2026-01-14T10:16:59+00:00","og_image":[{"width":341,"height":358,"url":"https:\/\/cialisonlineshop.de\/wp-content\/uploads\/2026\/01\/cobra-banner.png","type":"image\/png"}],"twitter_card":"summary_large_image","twitter_misc":{"Dur\u00e9e de lecture estim\u00e9e":"4 minutes"},"schema":{"@context":"https:\/\/schema.org","@graph":[{"@type":"WebPage","@id":"https:\/\/cialisonlineshop.de\/product\/cobra-200-mg\/","url":"https:\/\/cialisonlineshop.de\/product\/cobra-200-mg\/","name":"M\u00f6chten Sie Cobra 200 mg bestellen? jetzt ab 17,48 \u20ac","isPartOf":{"@id":"https:\/\/cialisonlineshop.de\/#website"},"primaryImageOfPage":{"@id":"https:\/\/cialisonlineshop.de\/product\/cobra-200-mg\/#primaryimage"},"image":{"@id":"https:\/\/cialisonlineshop.de\/product\/cobra-200-mg\/#primaryimage"},"thumbnailUrl":"https:\/\/cialisonlineshop.de\/wp-content\/uploads\/2026\/01\/cobra-banner.png","datePublished":"2026-01-14T10:16:54+00:00","dateModified":"2026-01-14T10:16:59+00:00","description":"Cobra 200 mg bestellen? Cobra-Pillen mit 200 mg Sildenafil. Erhalten Sie 6 Cobra-Pillen pro Streifen, sofort verf\u00fcgbar. Jetzt vor\u00fcbergehend ab 17,48 \u20ac.","breadcrumb":{"@id":"https:\/\/cialisonlineshop.de\/product\/cobra-200-mg\/#breadcrumb"},"inLanguage":"fr-FR","potentialAction":[{"@type":"ReadAction","target":["https:\/\/cialisonlineshop.de\/product\/cobra-200-mg\/"]}]},{"@type":"ImageObject","inLanguage":"fr-FR","@id":"https:\/\/cialisonlineshop.de\/product\/cobra-200-mg\/#primaryimage","url":"https:\/\/cialisonlineshop.de\/wp-content\/uploads\/2026\/01\/cobra-banner.png","contentUrl":"https:\/\/cialisonlineshop.de\/wp-content\/uploads\/2026\/01\/cobra-banner.png","width":341,"height":358,"caption":"import placeholder for 6172"},{"@type":"BreadcrumbList","@id":"https:\/\/cialisonlineshop.de\/product\/cobra-200-mg\/#breadcrumb","itemListElement":[{"@type":"ListItem","position":1,"name":"Home","item":"https:\/\/cialisonlineshop.de\/"},{"@type":"ListItem","position":2,"name":"Shop","item":"https:\/\/cialisonlineshop.de\/shop\/"},{"@type":"ListItem","position":3,"name":"Cobra 200 mg"}]},{"@type":"WebSite","@id":"https:\/\/cialisonlineshop.de\/#website","url":"https:\/\/cialisonlineshop.de\/","name":"Cialisonlineshop","description":"","publisher":{"@id":"https:\/\/cialisonlineshop.de\/#organization"},"potentialAction":[{"@type":"SearchAction","target":{"@type":"EntryPoint","urlTemplate":"https:\/\/cialisonlineshop.de\/?s={search_term_string}"},"query-input":{"@type":"PropertyValueSpecification","valueRequired":true,"valueName":"search_term_string"}}],"inLanguage":"fr-FR"},{"@type":"Organization","@id":"https:\/\/cialisonlineshop.de\/#organization","name":"Cialisonlineshop","url":"https:\/\/cialisonlineshop.de\/","logo":{"@type":"ImageObject","inLanguage":"fr-FR","@id":"https:\/\/cialisonlineshop.de\/#\/schema\/logo\/image\/","url":"https:\/\/cialisonlineshop.de\/wp-content\/uploads\/2026\/01\/Logo_maker_project__6_-removebg-preview-1.png","contentUrl":"https:\/\/cialisonlineshop.de\/wp-content\/uploads\/2026\/01\/Logo_maker_project__6_-removebg-preview-1.png","width":432,"height":88,"caption":"Cialisonlineshop"},"image":{"@id":"https:\/\/cialisonlineshop.de\/#\/schema\/logo\/image\/"}}]}},"uagb_featured_image_src":{"full":["https:\/\/cialisonlineshop.de\/wp-content\/uploads\/2026\/01\/cobra-banner.png",341,358,false],"thumbnail":["https:\/\/cialisonlineshop.de\/wp-content\/uploads\/2026\/01\/cobra-banner-150x150.png",150,150,true],"medium":["https:\/\/cialisonlineshop.de\/wp-content\/uploads\/2026\/01\/cobra-banner-286x300.png",286,300,true],"medium_large":["https:\/\/cialisonlineshop.de\/wp-content\/uploads\/2026\/01\/cobra-banner.png",341,358,false],"large":["https:\/\/cialisonlineshop.de\/wp-content\/uploads\/2026\/01\/cobra-banner.png",341,358,false],"1536x1536":["https:\/\/cialisonlineshop.de\/wp-content\/uploads\/2026\/01\/cobra-banner.png",341,358,false],"2048x2048":["https:\/\/cialisonlineshop.de\/wp-content\/uploads\/2026\/01\/cobra-banner.png",341,358,false],"trp-custom-language-flag":["https:\/\/cialisonlineshop.de\/wp-content\/uploads\/2026\/01\/cobra-banner.png",11,12,false],"woocommerce_thumbnail":["https:\/\/cialisonlineshop.de\/wp-content\/uploads\/2026\/01\/cobra-banner-300x300.png",300,300,true],"woocommerce_single":["https:\/\/cialisonlineshop.de\/wp-content\/uploads\/2026\/01\/cobra-banner.png",341,358,false],"woocommerce_gallery_thumbnail":["https:\/\/cialisonlineshop.de\/wp-content\/uploads\/2026\/01\/cobra-banner-100x100.png",100,100,true]},"uagb_author_info":{"display_name":"Stefan T\u00f6njes","author_link":"https:\/\/cialisonlineshop.de\/fr\/author\/"},"uagb_comment_info":0,"uagb_excerpt":"Erhalten Sie im Dezember zus\u00e4tzlichen Staffelrabatt!Bestellen Sie 2, 3 oder mehr Artikel und erhalten Sie\u00a0sofort einen zus\u00e4tzlichen Rabatt. Der aktuelle Preis betr\u00e4gt: 19,99 \u20ac. M\u00f6chten Sie Cobra-200-mg-Pillen kaufen? Bestellen Sie jetzt\u00a0Cobra 200 mg\u00a0mit 6 Tabletten pro Streifen,\u00a0ab 17,48 pro Streifen\u00a0. &nbsp;","jetpack_sharing_enabled":true,"_links":{"self":[{"href":"https:\/\/cialisonlineshop.de\/fr\/wp-json\/wp\/v2\/product\/2317","targetHints":{"allow":["GET"]}}],"collection":[{"href":"https:\/\/cialisonlineshop.de\/fr\/wp-json\/wp\/v2\/product"}],"about":[{"href":"https:\/\/cialisonlineshop.de\/fr\/wp-json\/wp\/v2\/types\/product"}],"replies":[{"embeddable":true,"href":"https:\/\/cialisonlineshop.de\/fr\/wp-json\/wp\/v2\/comments?post=2317"}],"wp:featuredmedia":[{"embeddable":true,"href":"https:\/\/cialisonlineshop.de\/fr\/wp-json\/wp\/v2\/media\/2340"}],"wp:attachment":[{"href":"https:\/\/cialisonlineshop.de\/fr\/wp-json\/wp\/v2\/media?parent=2317"}],"wp:term":[{"taxonomy":"product_brand","embeddable":true,"href":"https:\/\/cialisonlineshop.de\/fr\/wp-json\/wp\/v2\/product_brand?post=2317"},{"taxonomy":"product_cat","embeddable":true,"href":"https:\/\/cialisonlineshop.de\/fr\/wp-json\/wp\/v2\/product_cat?post=2317"},{"taxonomy":"product_tag","embeddable":true,"href":"https:\/\/cialisonlineshop.de\/fr\/wp-json\/wp\/v2\/product_tag?post=2317"}],"curies":[{"name":"wp","href":"https:\/\/api.w.org\/{rel}","templated":true}]}}