{"id":2294,"date":"2026-01-14T10:16:49","date_gmt":"2026-01-14T10:16:49","guid":{"rendered":"https:\/\/cialisonlineshop.de\/?post_type=product&#038;p=2294"},"modified":"2026-01-14T10:16:53","modified_gmt":"2026-01-14T10:16:53","slug":"kamagra-brausetabletten","status":"publish","type":"product","link":"https:\/\/cialisonlineshop.de\/fr\/product\/kamagra-brausetabletten\/","title":{"rendered":"Kamagra Brausetabletten"},"content":{"rendered":"<h2><span>Kamagra Brausetabletten<\/span><\/h2>\n<p><span>Der gro\u00dfe Vorteil von Kamagra-Brausetabletten besteht darin, dass sie viel schneller wirken als die normalen\u00a0<\/span><a href=\"https:\/\/www.bestellen-kamagra.nl\/product\/kamagra-100-mg\/\"><span>Kamagra-100-mg-Tabletten<\/span><\/a><span>\u00a0. Die Brausetabletten werden in Wasser aufgel\u00f6st und entfalten ihre Wirkung etwa 15 Minuten nach der Einnahme und sorgen f\u00fcr einen deutlich erigierten Penis.<\/span><\/p>\n<p><span>Ajanta, der Hersteller von Kamagra-Produkten, brachte 2014 Brausetabletten mit Kamagra auf den Markt. Die Brausel\u00f6sung enth\u00e4lt den gleichen Wirkstoff Sildenafil in der gleichen Menge, n\u00e4mlich 100 mg. Die Erektionspillen werden in einem Glas Wasser aufgel\u00f6st und haben einen frischen Orangengeschmack. Brausetabletten sind ideal, wenn Sie nicht gerne ganze Tabletten schlucken.<\/span><\/p>\n<h2><span>Kamagra Brausetabletten<\/span><\/h2>\n<p><span>Kamagra Brausetabletten haben die gleiche Zusammensetzung und Wirkung wie Kamagra 100 mg, wirken jedoch viel schneller, da es in Wasser gel\u00f6st eingenommen wird. Das Kamagra-Brausemittel wird in einer stabilen Tube mit 7 St\u00fcck geliefert. Eine Brausetablette hat eine Wirkungszeit von 4 bis 6 Stunden. Selbstverst\u00e4ndlich empfiehlt es sich, vor der Anwendung von Kamagra Effervescent die Packungsbeilage sorgf\u00e4ltig zu lesen und das Produkt erst dann anzuwenden. Im Zweifelsfall sollten Sie immer zuerst Ihren Arzt konsultieren.<\/span><\/p>\n<h3><span>Der Vorteil von Kamagra Effervescent:<\/span><\/h3>\n<ul type=\"disc\">\n<li><span>Einfach mitzunehmen<\/span><\/li>\n<li><span>Einfache Einnahme mit Wasser<\/span><\/li>\n<li><span>Ein herrlich frischer Geschmack im Mund<\/span><\/li>\n<li><span>Wirkung bereits nach 15 Minuten<\/span><\/li>\n<li><span>Betriebszeit von 4 bis 6 Stunden.<\/span><\/li>\n<\/ul>\n<p><strong><em><span>Kamagra-Brausetabletten\u00a0<\/span><\/em><\/strong><span>\u00a0werden von Menschen mit<\/span><a href=\"https:\/\/www.bestellen-kamagra.nl\/erectiestoornis-kamagra\/\"><span>\u00a0erektiler Dysfunktion<\/span><\/a><span>\u00a0, auch Impotenz genannt, eingenommen. Heutzutage werden sie aber auch von Jungen und M\u00e4nnern verwendet, die keine erektile Dysfunktion haben. Warum konsumiert diese Gruppe von Jungen und M\u00e4nnern Medikamente gegen erektile Dysfunktion? Durch die Anwendung erhalten Sie eine h\u00e4rtere Erektion und die Erektion h\u00e4lt l\u00e4nger an.<\/span><\/p>\n<p><span>Kamagra Brausetabletten entfalten nur dann eine Wirkung, wenn man sexuell erregt oder sexuell stimuliert ist. Wenn Sie absolut nicht sexuell erregt sind, k\u00f6nnen Sie durch eine Kamagra-Brausetablette keine Erektion bekommen.<\/span><\/p>\n<h2><span>Benutzererfahrung:<\/span><\/h2>\n<p><strong><span>Von:\u00a0<\/span><em><span>\u00a0Piet van Loon.<\/span><\/em><\/strong><\/p>\n<p><span>Ich habe selbst gro\u00dfe Probleme beim Schlucken von Tabletten. Aus diesem Grund habe ich beschlossen, die Brausetabletten von Kamagra bei redactie-kamagra.nl zu bestellen. Ich war mit fr\u00fcheren Bestellungen \u00fcber diese Website sehr zufrieden, da ich meine Bestellung immer sehr sorgf\u00e4ltig verpackt und sehr diskret per Post erhalten habe, oft innerhalb eines Tages. Dies war auch dieses Mal der Fall.<\/span><br \/>\n<span>Ich habe die Kamagra-Brausetabletten noch am selben Abend getestet und festgestellt, dass sie viel schneller zu wirken begannen als normales Kamagra. Der Geschmack ist sehr frisch und die Tabletten l\u00f6sen sich auch gut auf (Brausetabletten), vergleichbar mit Vitamin-C-Tabletten. Die Wirkung ist auch die von Kamagra bekannte.<\/span>Kamagra Bruis is een bruistablet met 100mg sildenafil citraat<\/p>","protected":false},"excerpt":{"rendered":"<div class=\"elementor-element elementor-element-a52dbb0 elementor-widget elementor-widget-text-editor\" data-id=\"a52dbb0\" data-element_type=\"widget\" data-widget_type=\"text-editor.default\">\n<div class=\"elementor-widget-container\" style=\"text-align: center;\">Bewertet: 4,7\/5 basierend auf 1.789 Rezensionen.<\/div>\n<\/div>\n<div class=\"elementor-element elementor-element-54ebc0d elementor-widget elementor-widget-image\" style=\"text-align: center;\" data-id=\"54ebc0d\" data-element_type=\"widget\" data-widget_type=\"image.default\">\n<div class=\"elementor-widget-container\"><img decoding=\"async\" class=\"attachment-large size-large wp-image-49159 entered lazyloaded\" src=\"https:\/\/www.bestellen-kamagra.nl\/wp-content\/uploads\/2024\/12\/trustpilot.webp\" alt=\"\" width=\"178\" height=\"40\" data-lazy-src=\"https:\/\/www.bestellen-kamagra.nl\/wp-content\/uploads\/2024\/12\/trustpilot.webp\" data-ll-status=\"loaded\" \/><\/div>\n<\/div>\n<div><span class=\"elementor-alert-title\">Erhalten Sie im Dezember einen zus\u00e4tzlichen Mengenrabatt!<\/span><span class=\"elementor-alert-description\"><span class=\"\">Bestellen Sie 2, 3 oder mehr Artikel und\u00a0<\/span><b><span class=\"\">erhalten Sie sofort einen zus\u00e4tzlichen Rabatt.<\/span><\/b><\/span><\/div>\n<div>\n<div class=\"elementor-element elementor-element-3885087 elementor-widget elementor-widget-woocommerce-product-short-description\" data-id=\"3885087\" data-element_type=\"widget\" data-widget_type=\"woocommerce-product-short-description.default\">\n<div class=\"elementor-widget-container\">\n<div class=\"woocommerce-product-details__short-description\">\n<p>Eine Tube Kamagra Brausetabletten enth\u00e4lt\u00a0<strong>7 Brausetabletten<\/strong> .<\/p>\n<div id=\"elementor-tab-title-1821\" class=\"elementor-tab-title elementor-active\" tabindex=\"0\" role=\"button\" data-tab=\"1\" aria-controls=\"elementor-tab-content-1821\" aria-expanded=\"true\" aria-selected=\"true\"><a class=\"elementor-accordion-title\" tabindex=\"0\">Versandinformationen<\/a><\/div>\n<div id=\"elementor-tab-content-1821\" class=\"elementor-tab-content elementor-clearfix elementor-active\" role=\"region\" data-tab=\"1\" aria-labelledby=\"elementor-tab-title-1821\">\n<p>Ihre Bestellung wird\u00a0<strong>innerhalb von 24 Stunden<\/strong>\u00a0bearbeitet und versendet .<\/p>\n<ul>\n<li>Ihre Zahlung wurde best\u00e4tigt? Wir legen\u00a0SOFORT\u00a0<strong>los !<\/strong><\/li>\n<li>Durchschnittliche Lieferzeit\u00a0<strong>2-3 Werktage<\/strong>\u00a0f\u00fcr NL<\/li>\n<li>Durchschnittliche Lieferzeit\u00a0<strong>2\u20135 Werktage<\/strong>\u00a0f\u00fcr BE<\/li>\n<\/ul>\n<p>Haben Sie Ihre Bestellung\u00a0nach\u00a0<strong>5 Werktagen<\/strong>\u00a0noch nicht erhalten? Kontaktieren Sie den Kundendienst \u00fcber\u00a0info@apotheke-eu.de (geben Sie f\u00fcr eine schnellere Bearbeitung Ihre Bestellnummer an).<\/p>\n<div id=\"elementor-tab-title-1822\" class=\"elementor-tab-title elementor-active\" tabindex=\"0\" role=\"button\" data-tab=\"2\" aria-controls=\"elementor-tab-content-1822\" aria-expanded=\"true\" aria-selected=\"true\"><a class=\"elementor-accordion-title\" tabindex=\"0\">Zahlungsinformationen<\/a><\/div>\n<div id=\"elementor-tab-content-1822\" class=\"elementor-tab-content elementor-clearfix elementor-active\" role=\"region\" data-tab=\"2\" aria-labelledby=\"elementor-tab-title-1822\">\n<p>Bitte geben Sie\u00a0bei der Zahlung NUR\u00a0<strong>Ihre Bestellnummer als Referenz an.<\/strong><\/p>\n<div id=\"elementor-tab-title-1823\" class=\"elementor-tab-title elementor-active\" tabindex=\"0\" role=\"button\" data-tab=\"3\" aria-controls=\"elementor-tab-content-1823\" aria-expanded=\"true\" aria-selected=\"true\"><a class=\"elementor-accordion-title\" tabindex=\"0\">Unsere Garantie<\/a><\/div>\n<div id=\"elementor-tab-content-1823\" class=\"elementor-tab-content elementor-clearfix elementor-active\" role=\"region\" data-tab=\"3\" aria-labelledby=\"elementor-tab-title-1823\">\n<p>\u2705 100 %\u00a0<strong>Originalprodukte<\/strong><br \/>\n\u2705 Schnelle Lieferung\u00a0<strong>NL &amp; BE<\/strong><br \/>\n\u2705\u00a0<strong>Diskrete<\/strong>\u00a0Verpackung<br \/>\n\u2705\u00a0Bei Fragen\u00a0<strong>immer erreichbar<\/strong><\/p>\n<\/div>\n<\/div>\n<\/div>\n<\/div>\n<\/div>\n<\/div>\n<\/div>","protected":false},"featured_media":2307,"comment_status":"open","ping_status":"closed","template":"","meta":{"_uag_custom_page_level_css":"","site-sidebar-layout":"default","site-content-layout":"","ast-site-content-layout":"default","site-content-style":"default","site-sidebar-style":"default","ast-global-header-display":"","ast-banner-title-visibility":"","ast-main-header-display":"","ast-hfb-above-header-display":"","ast-hfb-below-header-display":"","ast-hfb-mobile-header-display":"","site-post-title":"","ast-breadcrumbs-content":"","ast-featured-img":"","footer-sml-layout":"","ast-disable-related-posts":"","theme-transparent-header-meta":"default","adv-header-id-meta":"","stick-header-meta":"","header-above-stick-meta":"","header-main-stick-meta":"","header-below-stick-meta":"","astra-migrate-meta-layouts":"set","ast-page-background-enabled":"default","ast-page-background-meta":{"desktop":{"background-color":"","background-image":"","background-repeat":"repeat","background-position":"center center","background-size":"auto","background-attachment":"scroll","background-type":"","background-media":"","overlay-type":"","overlay-color":"","overlay-opacity":"","overlay-gradient":""},"tablet":{"background-color":"","background-image":"","background-repeat":"repeat","background-position":"center center","background-size":"auto","background-attachment":"scroll","background-type":"","background-media":"","overlay-type":"","overlay-color":"","overlay-opacity":"","overlay-gradient":""},"mobile":{"background-color":"","background-image":"","background-repeat":"repeat","background-position":"center center","background-size":"auto","background-attachment":"scroll","background-type":"","background-media":"","overlay-type":"","overlay-color":"","overlay-opacity":"","overlay-gradient":""}},"ast-content-background-meta":{"desktop":{"background-color":"var(--ast-global-color-5)","background-image":"","background-repeat":"repeat","background-position":"center center","background-size":"auto","background-attachment":"scroll","background-type":"","background-media":"","overlay-type":"","overlay-color":"","overlay-opacity":"","overlay-gradient":""},"tablet":{"background-color":"var(--ast-global-color-5)","background-image":"","background-repeat":"repeat","background-position":"center center","background-size":"auto","background-attachment":"scroll","background-type":"","background-media":"","overlay-type":"","overlay-color":"","overlay-opacity":"","overlay-gradient":""},"mobile":{"background-color":"var(--ast-global-color-5)","background-image":"","background-repeat":"repeat","background-position":"center center","background-size":"auto","background-attachment":"scroll","background-type":"","background-media":"","overlay-type":"","overlay-color":"","overlay-opacity":"","overlay-gradient":""}},"episode_type":"","audio_file":"","cover_image":"","cover_image_id":"","duration":"","filesize":"","filesize_raw":"","date_recorded":"","explicit":"","block":"","itunes_episode_number":"","itunes_title":"","itunes_season_number":"","itunes_episode_type":""},"product_brand":[],"product_cat":[23],"product_tag":[],"class_list":{"0":"post-2294","1":"product","2":"type-product","3":"status-publish","4":"has-post-thumbnail","6":"product_cat-kamagra","7":"desktop-align-left","8":"tablet-align-left","9":"mobile-align-left","11":"first","12":"instock","13":"shipping-taxable","14":"purchasable","15":"product-type-variable"},"yoast_head":"<!-- This site is optimized with the Yoast SEO plugin v27.0 - https:\/\/yoast.com\/product\/yoast-seo-wordpress\/ -->\n<title>Kamagra Bruis is een bruistablet met 100mg sildenafil citraat.<\/title>\n<meta name=\"description\" content=\"Kamagra bruistabletten kopen op apotheke-eu.de De kamagra specialist sinds 2008 en uitsluitend originele kamagra bruis.\" \/>\n<meta name=\"robots\" content=\"index, follow, max-snippet:-1, max-image-preview:large, max-video-preview:-1\" \/>\n<link rel=\"canonical\" href=\"https:\/\/cialisonlineshop.de\/fr\/product\/kamagra-brausetabletten\/\" \/>\n<meta property=\"og:locale\" content=\"fr_FR\" \/>\n<meta property=\"og:type\" content=\"article\" \/>\n<meta property=\"og:title\" content=\"Kamagra Bruis is een bruistablet met 100mg sildenafil citraat.\" \/>\n<meta property=\"og:description\" content=\"Kamagra bruistabletten kopen op apotheke-eu.de De kamagra specialist sinds 2008 en uitsluitend originele kamagra bruis.\" \/>\n<meta property=\"og:url\" content=\"https:\/\/cialisonlineshop.de\/fr\/product\/kamagra-brausetabletten\/\" \/>\n<meta property=\"article:modified_time\" content=\"2026-01-14T10:16:53+00:00\" \/>\n<meta property=\"og:image\" content=\"https:\/\/cialisonlineshop.de\/wp-content\/uploads\/2026\/01\/bruistabletten-kamagra-online-bestellen.jpeg\" \/>\n\t<meta property=\"og:image:width\" content=\"500\" \/>\n\t<meta property=\"og:image:height\" content=\"500\" \/>\n\t<meta property=\"og:image:type\" content=\"image\/jpeg\" \/>\n<meta name=\"twitter:card\" content=\"summary_large_image\" \/>\n<meta name=\"twitter:label1\" content=\"Dur\u00e9e de lecture estim\u00e9e\" \/>\n\t<meta name=\"twitter:data1\" content=\"3 minutes\" \/>\n<script type=\"application\/ld+json\" class=\"yoast-schema-graph\">{\"@context\":\"https:\/\/schema.org\",\"@graph\":[{\"@type\":\"WebPage\",\"@id\":\"https:\/\/cialisonlineshop.de\/product\/kamagra-brausetabletten\/\",\"url\":\"https:\/\/cialisonlineshop.de\/product\/kamagra-brausetabletten\/\",\"name\":\"Kamagra Bruis is een bruistablet met 100mg sildenafil citraat.\",\"isPartOf\":{\"@id\":\"https:\/\/cialisonlineshop.de\/#website\"},\"primaryImageOfPage\":{\"@id\":\"https:\/\/cialisonlineshop.de\/product\/kamagra-brausetabletten\/#primaryimage\"},\"image\":{\"@id\":\"https:\/\/cialisonlineshop.de\/product\/kamagra-brausetabletten\/#primaryimage\"},\"thumbnailUrl\":\"https:\/\/cialisonlineshop.de\/wp-content\/uploads\/2026\/01\/bruistabletten-kamagra-online-bestellen.jpeg\",\"datePublished\":\"2026-01-14T10:16:49+00:00\",\"dateModified\":\"2026-01-14T10:16:53+00:00\",\"description\":\"Kamagra bruistabletten kopen op apotheke-eu.de De kamagra specialist sinds 2008 en uitsluitend originele kamagra bruis.\",\"breadcrumb\":{\"@id\":\"https:\/\/cialisonlineshop.de\/product\/kamagra-brausetabletten\/#breadcrumb\"},\"inLanguage\":\"fr-FR\",\"potentialAction\":[{\"@type\":\"ReadAction\",\"target\":[\"https:\/\/cialisonlineshop.de\/product\/kamagra-brausetabletten\/\"]}]},{\"@type\":\"ImageObject\",\"inLanguage\":\"fr-FR\",\"@id\":\"https:\/\/cialisonlineshop.de\/product\/kamagra-brausetabletten\/#primaryimage\",\"url\":\"https:\/\/cialisonlineshop.de\/wp-content\/uploads\/2026\/01\/bruistabletten-kamagra-online-bestellen.jpeg\",\"contentUrl\":\"https:\/\/cialisonlineshop.de\/wp-content\/uploads\/2026\/01\/bruistabletten-kamagra-online-bestellen.jpeg\",\"width\":500,\"height\":500,\"caption\":\"import placeholder for 6008\"},{\"@type\":\"BreadcrumbList\",\"@id\":\"https:\/\/cialisonlineshop.de\/product\/kamagra-brausetabletten\/#breadcrumb\",\"itemListElement\":[{\"@type\":\"ListItem\",\"position\":1,\"name\":\"Home\",\"item\":\"https:\/\/cialisonlineshop.de\/\"},{\"@type\":\"ListItem\",\"position\":2,\"name\":\"Shop\",\"item\":\"https:\/\/cialisonlineshop.de\/shop\/\"},{\"@type\":\"ListItem\",\"position\":3,\"name\":\"Kamagra Brausetabletten\"}]},{\"@type\":\"WebSite\",\"@id\":\"https:\/\/cialisonlineshop.de\/#website\",\"url\":\"https:\/\/cialisonlineshop.de\/\",\"name\":\"Cialisonlineshop\",\"description\":\"\",\"publisher\":{\"@id\":\"https:\/\/cialisonlineshop.de\/#organization\"},\"potentialAction\":[{\"@type\":\"SearchAction\",\"target\":{\"@type\":\"EntryPoint\",\"urlTemplate\":\"https:\/\/cialisonlineshop.de\/?s={search_term_string}\"},\"query-input\":{\"@type\":\"PropertyValueSpecification\",\"valueRequired\":true,\"valueName\":\"search_term_string\"}}],\"inLanguage\":\"fr-FR\"},{\"@type\":\"Organization\",\"@id\":\"https:\/\/cialisonlineshop.de\/#organization\",\"name\":\"Cialisonlineshop\",\"url\":\"https:\/\/cialisonlineshop.de\/\",\"logo\":{\"@type\":\"ImageObject\",\"inLanguage\":\"fr-FR\",\"@id\":\"https:\/\/cialisonlineshop.de\/#\/schema\/logo\/image\/\",\"url\":\"https:\/\/cialisonlineshop.de\/wp-content\/uploads\/2026\/01\/Logo_maker_project__6_-removebg-preview-1.png\",\"contentUrl\":\"https:\/\/cialisonlineshop.de\/wp-content\/uploads\/2026\/01\/Logo_maker_project__6_-removebg-preview-1.png\",\"width\":432,\"height\":88,\"caption\":\"Cialisonlineshop\"},\"image\":{\"@id\":\"https:\/\/cialisonlineshop.de\/#\/schema\/logo\/image\/\"}}]}<\/script>\n<!-- \/ Yoast SEO plugin. -->","yoast_head_json":{"title":"Kamagra Bruis is een bruistablet met 100mg sildenafil citraat.","description":"Kamagra bruistabletten kopen op apotheke-eu.de De kamagra specialist sinds 2008 en uitsluitend originele kamagra bruis.","robots":{"index":"index","follow":"follow","max-snippet":"max-snippet:-1","max-image-preview":"max-image-preview:large","max-video-preview":"max-video-preview:-1"},"canonical":"https:\/\/cialisonlineshop.de\/fr\/product\/kamagra-brausetabletten\/","og_locale":"fr_FR","og_type":"article","og_title":"Kamagra Bruis is een bruistablet met 100mg sildenafil citraat.","og_description":"Kamagra bruistabletten kopen op apotheke-eu.de De kamagra specialist sinds 2008 en uitsluitend originele kamagra bruis.","og_url":"https:\/\/cialisonlineshop.de\/fr\/product\/kamagra-brausetabletten\/","article_modified_time":"2026-01-14T10:16:53+00:00","og_image":[{"width":500,"height":500,"url":"https:\/\/cialisonlineshop.de\/wp-content\/uploads\/2026\/01\/bruistabletten-kamagra-online-bestellen.jpeg","type":"image\/jpeg"}],"twitter_card":"summary_large_image","twitter_misc":{"Dur\u00e9e de lecture estim\u00e9e":"3 minutes"},"schema":{"@context":"https:\/\/schema.org","@graph":[{"@type":"WebPage","@id":"https:\/\/cialisonlineshop.de\/product\/kamagra-brausetabletten\/","url":"https:\/\/cialisonlineshop.de\/product\/kamagra-brausetabletten\/","name":"Kamagra Bruis is een bruistablet met 100mg sildenafil citraat.","isPartOf":{"@id":"https:\/\/cialisonlineshop.de\/#website"},"primaryImageOfPage":{"@id":"https:\/\/cialisonlineshop.de\/product\/kamagra-brausetabletten\/#primaryimage"},"image":{"@id":"https:\/\/cialisonlineshop.de\/product\/kamagra-brausetabletten\/#primaryimage"},"thumbnailUrl":"https:\/\/cialisonlineshop.de\/wp-content\/uploads\/2026\/01\/bruistabletten-kamagra-online-bestellen.jpeg","datePublished":"2026-01-14T10:16:49+00:00","dateModified":"2026-01-14T10:16:53+00:00","description":"Kamagra bruistabletten kopen op apotheke-eu.de De kamagra specialist sinds 2008 en uitsluitend originele kamagra bruis.","breadcrumb":{"@id":"https:\/\/cialisonlineshop.de\/product\/kamagra-brausetabletten\/#breadcrumb"},"inLanguage":"fr-FR","potentialAction":[{"@type":"ReadAction","target":["https:\/\/cialisonlineshop.de\/product\/kamagra-brausetabletten\/"]}]},{"@type":"ImageObject","inLanguage":"fr-FR","@id":"https:\/\/cialisonlineshop.de\/product\/kamagra-brausetabletten\/#primaryimage","url":"https:\/\/cialisonlineshop.de\/wp-content\/uploads\/2026\/01\/bruistabletten-kamagra-online-bestellen.jpeg","contentUrl":"https:\/\/cialisonlineshop.de\/wp-content\/uploads\/2026\/01\/bruistabletten-kamagra-online-bestellen.jpeg","width":500,"height":500,"caption":"import placeholder for 6008"},{"@type":"BreadcrumbList","@id":"https:\/\/cialisonlineshop.de\/product\/kamagra-brausetabletten\/#breadcrumb","itemListElement":[{"@type":"ListItem","position":1,"name":"Home","item":"https:\/\/cialisonlineshop.de\/"},{"@type":"ListItem","position":2,"name":"Shop","item":"https:\/\/cialisonlineshop.de\/shop\/"},{"@type":"ListItem","position":3,"name":"Kamagra Brausetabletten"}]},{"@type":"WebSite","@id":"https:\/\/cialisonlineshop.de\/#website","url":"https:\/\/cialisonlineshop.de\/","name":"Cialisonlineshop","description":"","publisher":{"@id":"https:\/\/cialisonlineshop.de\/#organization"},"potentialAction":[{"@type":"SearchAction","target":{"@type":"EntryPoint","urlTemplate":"https:\/\/cialisonlineshop.de\/?s={search_term_string}"},"query-input":{"@type":"PropertyValueSpecification","valueRequired":true,"valueName":"search_term_string"}}],"inLanguage":"fr-FR"},{"@type":"Organization","@id":"https:\/\/cialisonlineshop.de\/#organization","name":"Cialisonlineshop","url":"https:\/\/cialisonlineshop.de\/","logo":{"@type":"ImageObject","inLanguage":"fr-FR","@id":"https:\/\/cialisonlineshop.de\/#\/schema\/logo\/image\/","url":"https:\/\/cialisonlineshop.de\/wp-content\/uploads\/2026\/01\/Logo_maker_project__6_-removebg-preview-1.png","contentUrl":"https:\/\/cialisonlineshop.de\/wp-content\/uploads\/2026\/01\/Logo_maker_project__6_-removebg-preview-1.png","width":432,"height":88,"caption":"Cialisonlineshop"},"image":{"@id":"https:\/\/cialisonlineshop.de\/#\/schema\/logo\/image\/"}}]}},"uagb_featured_image_src":{"full":["https:\/\/cialisonlineshop.de\/wp-content\/uploads\/2026\/01\/bruistabletten-kamagra-online-bestellen.jpeg",500,500,false],"thumbnail":["https:\/\/cialisonlineshop.de\/wp-content\/uploads\/2026\/01\/bruistabletten-kamagra-online-bestellen-150x150.jpeg",150,150,true],"medium":["https:\/\/cialisonlineshop.de\/wp-content\/uploads\/2026\/01\/bruistabletten-kamagra-online-bestellen-300x300.jpeg",300,300,true],"medium_large":["https:\/\/cialisonlineshop.de\/wp-content\/uploads\/2026\/01\/bruistabletten-kamagra-online-bestellen.jpeg",500,500,false],"large":["https:\/\/cialisonlineshop.de\/wp-content\/uploads\/2026\/01\/bruistabletten-kamagra-online-bestellen.jpeg",500,500,false],"1536x1536":["https:\/\/cialisonlineshop.de\/wp-content\/uploads\/2026\/01\/bruistabletten-kamagra-online-bestellen.jpeg",500,500,false],"2048x2048":["https:\/\/cialisonlineshop.de\/wp-content\/uploads\/2026\/01\/bruistabletten-kamagra-online-bestellen.jpeg",500,500,false],"trp-custom-language-flag":["https:\/\/cialisonlineshop.de\/wp-content\/uploads\/2026\/01\/bruistabletten-kamagra-online-bestellen.jpeg",12,12,false],"woocommerce_thumbnail":["https:\/\/cialisonlineshop.de\/wp-content\/uploads\/2026\/01\/bruistabletten-kamagra-online-bestellen-300x300.jpeg",300,300,true],"woocommerce_single":["https:\/\/cialisonlineshop.de\/wp-content\/uploads\/2026\/01\/bruistabletten-kamagra-online-bestellen.jpeg",500,500,false],"woocommerce_gallery_thumbnail":["https:\/\/cialisonlineshop.de\/wp-content\/uploads\/2026\/01\/bruistabletten-kamagra-online-bestellen-100x100.jpeg",100,100,true]},"uagb_author_info":{"display_name":"Stefan T\u00f6njes","author_link":"https:\/\/cialisonlineshop.de\/fr\/author\/"},"uagb_comment_info":0,"uagb_excerpt":"Bewertet: 4,7\/5 basierend auf 1.789 Rezensionen. Erhalten Sie im Dezember einen zus\u00e4tzlichen Mengenrabatt!Bestellen Sie 2, 3 oder mehr Artikel und\u00a0erhalten Sie sofort einen zus\u00e4tzlichen Rabatt. Eine Tube Kamagra Brausetabletten enth\u00e4lt\u00a07 Brausetabletten . Versandinformationen Ihre Bestellung wird\u00a0innerhalb von 24 Stunden\u00a0bearbeitet und versendet . Ihre Zahlung wurde best\u00e4tigt? Wir legen\u00a0SOFORT\u00a0los ! Durchschnittliche Lieferzeit\u00a02-3 Werktage\u00a0f\u00fcr NL Durchschnittliche Lieferzeit\u00a02\u20135\u2026","jetpack_sharing_enabled":true,"_links":{"self":[{"href":"https:\/\/cialisonlineshop.de\/fr\/wp-json\/wp\/v2\/product\/2294","targetHints":{"allow":["GET"]}}],"collection":[{"href":"https:\/\/cialisonlineshop.de\/fr\/wp-json\/wp\/v2\/product"}],"about":[{"href":"https:\/\/cialisonlineshop.de\/fr\/wp-json\/wp\/v2\/types\/product"}],"replies":[{"embeddable":true,"href":"https:\/\/cialisonlineshop.de\/fr\/wp-json\/wp\/v2\/comments?post=2294"}],"wp:featuredmedia":[{"embeddable":true,"href":"https:\/\/cialisonlineshop.de\/fr\/wp-json\/wp\/v2\/media\/2307"}],"wp:attachment":[{"href":"https:\/\/cialisonlineshop.de\/fr\/wp-json\/wp\/v2\/media?parent=2294"}],"wp:term":[{"taxonomy":"product_brand","embeddable":true,"href":"https:\/\/cialisonlineshop.de\/fr\/wp-json\/wp\/v2\/product_brand?post=2294"},{"taxonomy":"product_cat","embeddable":true,"href":"https:\/\/cialisonlineshop.de\/fr\/wp-json\/wp\/v2\/product_cat?post=2294"},{"taxonomy":"product_tag","embeddable":true,"href":"https:\/\/cialisonlineshop.de\/fr\/wp-json\/wp\/v2\/product_tag?post=2294"}],"curies":[{"name":"wp","href":"https:\/\/api.w.org\/{rel}","templated":true}]}}