{"id":2282,"date":"2026-01-14T10:16:48","date_gmt":"2026-01-14T10:16:48","guid":{"rendered":"https:\/\/cialisonlineshop.de\/?post_type=product&#038;p=2282"},"modified":"2026-01-14T10:16:52","modified_gmt":"2026-01-14T10:16:52","slug":"cobra-red-120-mg","status":"publish","type":"product","link":"https:\/\/cialisonlineshop.de\/fr\/product\/cobra-red-120-mg\/","title":{"rendered":"Cobra Red 120 mg"},"content":{"rendered":"<h2>Grundinformationen zu Cobra Red 120 mg<\/h2>\n<p>Cobra Red 120 mg k\u00f6nnte ein passender Arzneimittel f\u00fcr Sie sein, falls Sie eine L\u00f6sung f\u00fcr\u00a0Erektionsst\u00f6rungen\u00a0suchen. Es geht um ein popul\u00e4res\u00a0Viagra Generikum\u00a0&#8211; ein vollwertiger Ersatz von Viagra, die genauso Wirkstoff Sildenafil enth\u00e4lt.<\/p>\n<p>Im Vergleich zum Originalprodukt ist der Preis viel g\u00fcnstiger besonders wenn man eine gr\u00f6\u00dfere Packung kauft.<\/p>\n<h2>Wirkstoff<\/h2>\n<p>Der Wirkstoff Sildenafil citrate (mehr Informationen im Artikel\u00a0Sildenafil) unterst\u00fctzt positiv die Durchblutung des Penis und hilft eine starke, gute und langanhaltende Erektion zu erreichen. Der Geschlechtsakt wird befriedigend und erfolgreich.<\/p>\n<h2>Dosierung und Gebrauchsweise<\/h2>\n<p>Die \u00fcbliche Einzeldosis betr\u00e4gt zu Beginn 60 mg. Je nach Bedarf und Vertr\u00e4glichkeit kann die Einzeldosis auf 30 mg erniedrigt oder auf maximal 120 mg einmal t\u00e4glich erh\u00f6ht werden. \u00dcberschreiten Sie nicht die maximale Tagesdosis von 120 mg.<\/p>\n<div>\n<p>Die Wirkung stellt sich allerdings\u00a0<strong>erst bei sexueller Stimulation<\/strong>\u00a0ein, da\u00a0Cobra Red\u00a0kein Aphrodisiakum ist. Es wird empfohlen,\u00a0Cobra Red\u00a0120 bereits 30\u201360 Minuten vor dem Geschlechtsverkehr zu schlucken. Grunds\u00e4tzlich zeigt sich die Wirkung zwischen 4 und 6 Stunden.<\/p>\n<p>Das Pr\u00e4parat darf vor oder nach dem Essen eingenommen werden. Alkohol, fettreiche Speisen, Grapefruit und Grapefruitsaft k\u00f6nnen die Wirkung von\u00a0Cobra Red\u00a0120 mg allerdings negativ beeinflussen. Vermeiden Sie Konsumation von Grapefruit mindestens 72 Stunden, bevor Sie\u00a0Cobra Red\u00a0einnehmen wollen und genauso w\u00e4hrend seiner Wirkung.<\/p>\n<h2>Kontraindikationen<\/h2>\n<p>Cobra Red\u00a0120 mg darf nicht eingenommen werden wenn:<\/p>\n<ul>\n<li><strong>man auf Sildenafil\u00a0<\/strong>oder auf andere Wirkstoffe\u00a0<strong>allergisch ist\u00a0<\/strong><\/li>\n<li>man vor kurzem\u00a0<strong>Herzinfarkt oder Schlaganfall<\/strong>\u00a0durchgemacht hat, oder an andere Herzerkrankungen wie\u00a0<strong>niedriger Blutdruck oder Bluthochdruck<\/strong>\u00a0leidet<\/li>\n<li><strong>man die Nitrate einnimmt<\/strong>\u00a0(zum Beispiel Nitroglycerin, Isosorbid dinitrat), Medikamente, die Stickoxid l\u00f6sen (z.B. Isoamyl-nitrit)<\/li>\n<li>man Medikamente gegen Angina Pectoris einnimmt (z.B. Nitraten oder Stickoxid)<\/li>\n<li><strong>man an andere seri\u00f6se Herzerkrankung oder Leberst\u00f6rung leidet<\/strong><\/li>\n<li>man an seltener Netzhautst\u00f6rung leidet (z.B. retinitis pigmentosa) oder man die Sehkraft durch (NAION) verloren hat<\/li>\n<li><strong>man Riociguat einnimmt<\/strong>\u00a0( zur Heilung der arteriellen Lungenhypertonie und chronischer Lungen Hypertension)<\/li>\n<li><strong>man schon ein anderes Erektionsmittel einnimmt\u00a0<\/strong><\/li>\n<\/ul>\n<h2>Warnung<\/h2>\n<p><strong>Informieren Sie Ihren Arzt<\/strong>, bevor Sie den Wirkstoff\u00a0Cobra Red\u00a0einnehmen, im Falle Sie an:<\/p>\n<ul>\n<li>Herzprobleme<\/li>\n<li>Peyronie Erkrankung oder andere Penisdeformationen<\/li>\n<li>Geschw\u00fcr Erkrankung oder Bluterkrankheit (z.B.H\u00e4mophilie)<\/li>\n<li>Zucker Intoleranz (z.B. Laktose)<\/li>\n<li>Sichelzellkrankheit, Leuk\u00e4mie oder mehrfachen Myelom<\/li>\n<li>HIV leiden (besonders wenn mit Proteaseinhibitoren behandelt)<\/li>\n<\/ul>\n<p>Falls Sie an\u00a0<strong>Nieren- oder Leberst\u00f6rung leiden<\/strong>, informieren Sie Ihren Arzt. Der wird Ihre Dosierung anpassen. Meistens f\u00e4ngt man mit 25 mg an.<\/p>\n<p>Die Einnahme von\u00a0Cobra Red\u00a0120 mg\u00a0 mit anderen Medikamenten<strong>\u00a0soll Ihr Arzt genehmigen<\/strong>\u00a0besonders wenn die Medikamente\u00a0Erythromycin, Cimetidin oder\u00a0Ketoconazol\u00a0enthalten.<\/p>\n<h2>M\u00f6gliche Nebenwirkungen<\/h2>\n<p>Wie bei jedem anderen Medikament k\u00f6nnen sich auch bei diesem Arzneimittel mit Sildenafil und Tadalafil Nebenwirkungen zeigen. Meistens geht es um\u00a0<strong>milde Schwierigkeiten, die nicht lange dauern<\/strong>. In erster Linie sind es vor allem Kopfschmerzen, Gesichtsr\u00f6tung, Unwohlsein, Verdauungsprobleme, Hitzewallung, Sehst\u00f6rungen (verschwommenes oder sgn. blaues Sehen), Schnupfen oder Schwindelgef\u00fchle.<\/p>\n<h2>Wichtiger Hinweis<\/h2>\n<p>Falls bei Ihnen nach der Einnahme des Mittels zu einer starken Verschlechterung der Sehkraft oder des Geh\u00f6rs kommt, Sie Blut im Urin finden oder er tr\u00fcb wird oder falls Sie eine\u00a0<strong>Erektion l\u00e4nger als 4 Stunden\u00a0<\/strong>haben, besonders ohne sexuelle Anregung und schmerzhaft,\u00a0<strong>suchen Sie unverz\u00fcglich Ihren Arzt auf<\/strong>.<\/p>\n<p>Medizinische Hilfe suchen Sie unverz\u00fcglich bei allen ungew\u00f6hnlichen Reaktionen oder bei starken Verschlechterung Ihres Zustandes nach der Einnahme des Mittels. Besuchen Sie den Arzt auch wenn die Nebenwirkungen von l\u00e4ngerer Dauer sind.<\/p>\n<h2>Lagerung<\/h2>\n<p>Lagern Sie bei Temperaturen bis 30\u00b0C. Behalten Sie in der Originalpackung. Sch\u00fctzen Sie vor Feuchtigkeit. Vermeiden Sie Kontakt mit Kindern.<\/p>\n<\/div>","protected":false},"excerpt":{"rendered":"<p>Cobra Red 120 mg k\u00f6nnte ein passender Arzneimittel f\u00fcr Sie sein, falls Sie eine L\u00f6sung f\u00fcr\u00a0Erektionsst\u00f6rungen\u00a0suchen. Es geht um ein popul\u00e4res\u00a0Viagra Generikum\u00a0&#8211; ein vollwertiger Ersatz von Viagra, die genauso Wirkstoff Sildenafil enth\u00e4lt.<\/p>\n<table class=\"info\">\n<tbody>\n<tr>\n<td>Produktcode:<\/td>\n<td>87971766111<\/td>\n<\/tr>\n<tr>\n<td>Kategorie:<\/td>\n<td><a href=\"https:\/\/kamagrashop.online\/viagra-generika-sildenafil\/\">Viagra Generika (Sildenafil)<\/a><\/td>\n<\/tr>\n<tr>\n<td>Marke:<\/td>\n<td>HAB Pharmaceuticals &amp; Research Ltd.<\/td>\n<\/tr>\n<tr>\n<td>Verf\u00fcgbarkeit:<\/td>\n<td>Auf Lager<\/td>\n<\/tr>\n<\/tbody>\n<\/table>","protected":false},"featured_media":2306,"comment_status":"open","ping_status":"closed","template":"","meta":{"_uag_custom_page_level_css":"","site-sidebar-layout":"default","site-content-layout":"","ast-site-content-layout":"default","site-content-style":"default","site-sidebar-style":"default","ast-global-header-display":"","ast-banner-title-visibility":"","ast-main-header-display":"","ast-hfb-above-header-display":"","ast-hfb-below-header-display":"","ast-hfb-mobile-header-display":"","site-post-title":"","ast-breadcrumbs-content":"","ast-featured-img":"","footer-sml-layout":"","ast-disable-related-posts":"","theme-transparent-header-meta":"default","adv-header-id-meta":"","stick-header-meta":"","header-above-stick-meta":"","header-main-stick-meta":"","header-below-stick-meta":"","astra-migrate-meta-layouts":"set","ast-page-background-enabled":"default","ast-page-background-meta":{"desktop":{"background-color":"","background-image":"","background-repeat":"repeat","background-position":"center center","background-size":"auto","background-attachment":"scroll","background-type":"","background-media":"","overlay-type":"","overlay-color":"","overlay-opacity":"","overlay-gradient":""},"tablet":{"background-color":"","background-image":"","background-repeat":"repeat","background-position":"center center","background-size":"auto","background-attachment":"scroll","background-type":"","background-media":"","overlay-type":"","overlay-color":"","overlay-opacity":"","overlay-gradient":""},"mobile":{"background-color":"","background-image":"","background-repeat":"repeat","background-position":"center center","background-size":"auto","background-attachment":"scroll","background-type":"","background-media":"","overlay-type":"","overlay-color":"","overlay-opacity":"","overlay-gradient":""}},"ast-content-background-meta":{"desktop":{"background-color":"var(--ast-global-color-5)","background-image":"","background-repeat":"repeat","background-position":"center center","background-size":"auto","background-attachment":"scroll","background-type":"","background-media":"","overlay-type":"","overlay-color":"","overlay-opacity":"","overlay-gradient":""},"tablet":{"background-color":"var(--ast-global-color-5)","background-image":"","background-repeat":"repeat","background-position":"center center","background-size":"auto","background-attachment":"scroll","background-type":"","background-media":"","overlay-type":"","overlay-color":"","overlay-opacity":"","overlay-gradient":""},"mobile":{"background-color":"var(--ast-global-color-5)","background-image":"","background-repeat":"repeat","background-position":"center center","background-size":"auto","background-attachment":"scroll","background-type":"","background-media":"","overlay-type":"","overlay-color":"","overlay-opacity":"","overlay-gradient":""}},"episode_type":"","audio_file":"","cover_image":"","cover_image_id":"","duration":"","filesize":"","filesize_raw":"","date_recorded":"","explicit":"","block":"","itunes_episode_number":"","itunes_title":"","itunes_season_number":"","itunes_episode_type":""},"product_brand":[],"product_cat":[24],"product_tag":[],"class_list":{"0":"post-2282","1":"product","2":"type-product","3":"status-publish","4":"has-post-thumbnail","6":"product_cat-viagra-generika-sildenafil","7":"desktop-align-left","8":"tablet-align-left","9":"mobile-align-left","11":"first","12":"instock","13":"shipping-taxable","14":"purchasable","15":"product-type-variable"},"yoast_head":"<!-- This site is optimized with the Yoast SEO plugin v27.0 - https:\/\/yoast.com\/product\/yoast-seo-wordpress\/ -->\n<title>Kaufen Cobra Red 120 Mg Online vertrauensw\u00fcrdige Quelle l ApothekeEU<\/title>\n<meta name=\"description\" content=\"Kaufen Sie Cobra Red 120 mg online bei ApothekeEU, einer vertrauensw\u00fcrdigen Quelle f\u00fcr M\u00e4nnergesundheitsprodukte. Zuverl\u00e4ssiger Service mit sicherem und einfachem Bestellvorgang.\" \/>\n<meta name=\"robots\" content=\"index, follow, max-snippet:-1, max-image-preview:large, max-video-preview:-1\" \/>\n<link rel=\"canonical\" href=\"https:\/\/cialisonlineshop.de\/fr\/product\/cobra-red-120-mg\/\" \/>\n<meta property=\"og:locale\" content=\"fr_FR\" \/>\n<meta property=\"og:type\" content=\"article\" \/>\n<meta property=\"og:title\" content=\"Kaufen Cobra Red 120 Mg Online vertrauensw\u00fcrdige Quelle l ApothekeEU\" \/>\n<meta property=\"og:description\" content=\"Kaufen Sie Cobra Red 120 mg online bei ApothekeEU, einer vertrauensw\u00fcrdigen Quelle f\u00fcr M\u00e4nnergesundheitsprodukte. Zuverl\u00e4ssiger Service mit sicherem und einfachem Bestellvorgang.\" \/>\n<meta property=\"og:url\" content=\"https:\/\/cialisonlineshop.de\/fr\/product\/cobra-red-120-mg\/\" \/>\n<meta property=\"article:modified_time\" content=\"2026-01-14T10:16:52+00:00\" \/>\n<meta property=\"og:image\" content=\"https:\/\/cialisonlineshop.de\/wp-content\/uploads\/2026\/01\/cobra-red-120-mg.jpg\" \/>\n\t<meta property=\"og:image:width\" content=\"800\" \/>\n\t<meta property=\"og:image:height\" content=\"600\" \/>\n\t<meta property=\"og:image:type\" content=\"image\/jpeg\" \/>\n<meta name=\"twitter:card\" content=\"summary_large_image\" \/>\n<meta name=\"twitter:label1\" content=\"Dur\u00e9e de lecture estim\u00e9e\" \/>\n\t<meta name=\"twitter:data1\" content=\"4 minutes\" \/>\n<script type=\"application\/ld+json\" class=\"yoast-schema-graph\">{\"@context\":\"https:\/\/schema.org\",\"@graph\":[{\"@type\":\"WebPage\",\"@id\":\"https:\/\/cialisonlineshop.de\/product\/cobra-red-120-mg\/\",\"url\":\"https:\/\/cialisonlineshop.de\/product\/cobra-red-120-mg\/\",\"name\":\"Kaufen Cobra Red 120 Mg Online vertrauensw\u00fcrdige Quelle l ApothekeEU\",\"isPartOf\":{\"@id\":\"https:\/\/cialisonlineshop.de\/#website\"},\"primaryImageOfPage\":{\"@id\":\"https:\/\/cialisonlineshop.de\/product\/cobra-red-120-mg\/#primaryimage\"},\"image\":{\"@id\":\"https:\/\/cialisonlineshop.de\/product\/cobra-red-120-mg\/#primaryimage\"},\"thumbnailUrl\":\"https:\/\/cialisonlineshop.de\/wp-content\/uploads\/2026\/01\/cobra-red-120-mg.jpg\",\"datePublished\":\"2026-01-14T10:16:48+00:00\",\"dateModified\":\"2026-01-14T10:16:52+00:00\",\"description\":\"Kaufen Sie Cobra Red 120 mg online bei ApothekeEU, einer vertrauensw\u00fcrdigen Quelle f\u00fcr M\u00e4nnergesundheitsprodukte. Zuverl\u00e4ssiger Service mit sicherem und einfachem Bestellvorgang.\",\"breadcrumb\":{\"@id\":\"https:\/\/cialisonlineshop.de\/product\/cobra-red-120-mg\/#breadcrumb\"},\"inLanguage\":\"fr-FR\",\"potentialAction\":[{\"@type\":\"ReadAction\",\"target\":[\"https:\/\/cialisonlineshop.de\/product\/cobra-red-120-mg\/\"]}]},{\"@type\":\"ImageObject\",\"inLanguage\":\"fr-FR\",\"@id\":\"https:\/\/cialisonlineshop.de\/product\/cobra-red-120-mg\/#primaryimage\",\"url\":\"https:\/\/cialisonlineshop.de\/wp-content\/uploads\/2026\/01\/cobra-red-120-mg.jpg\",\"contentUrl\":\"https:\/\/cialisonlineshop.de\/wp-content\/uploads\/2026\/01\/cobra-red-120-mg.jpg\",\"width\":800,\"height\":600,\"caption\":\"import placeholder for 5920\"},{\"@type\":\"BreadcrumbList\",\"@id\":\"https:\/\/cialisonlineshop.de\/product\/cobra-red-120-mg\/#breadcrumb\",\"itemListElement\":[{\"@type\":\"ListItem\",\"position\":1,\"name\":\"Home\",\"item\":\"https:\/\/cialisonlineshop.de\/\"},{\"@type\":\"ListItem\",\"position\":2,\"name\":\"Shop\",\"item\":\"https:\/\/cialisonlineshop.de\/shop\/\"},{\"@type\":\"ListItem\",\"position\":3,\"name\":\"Cobra Red 120 mg\"}]},{\"@type\":\"WebSite\",\"@id\":\"https:\/\/cialisonlineshop.de\/#website\",\"url\":\"https:\/\/cialisonlineshop.de\/\",\"name\":\"Cialisonlineshop\",\"description\":\"\",\"publisher\":{\"@id\":\"https:\/\/cialisonlineshop.de\/#organization\"},\"potentialAction\":[{\"@type\":\"SearchAction\",\"target\":{\"@type\":\"EntryPoint\",\"urlTemplate\":\"https:\/\/cialisonlineshop.de\/?s={search_term_string}\"},\"query-input\":{\"@type\":\"PropertyValueSpecification\",\"valueRequired\":true,\"valueName\":\"search_term_string\"}}],\"inLanguage\":\"fr-FR\"},{\"@type\":\"Organization\",\"@id\":\"https:\/\/cialisonlineshop.de\/#organization\",\"name\":\"Cialisonlineshop\",\"url\":\"https:\/\/cialisonlineshop.de\/\",\"logo\":{\"@type\":\"ImageObject\",\"inLanguage\":\"fr-FR\",\"@id\":\"https:\/\/cialisonlineshop.de\/#\/schema\/logo\/image\/\",\"url\":\"https:\/\/cialisonlineshop.de\/wp-content\/uploads\/2026\/01\/Logo_maker_project__6_-removebg-preview-1.png\",\"contentUrl\":\"https:\/\/cialisonlineshop.de\/wp-content\/uploads\/2026\/01\/Logo_maker_project__6_-removebg-preview-1.png\",\"width\":432,\"height\":88,\"caption\":\"Cialisonlineshop\"},\"image\":{\"@id\":\"https:\/\/cialisonlineshop.de\/#\/schema\/logo\/image\/\"}}]}<\/script>\n<!-- \/ Yoast SEO plugin. -->","yoast_head_json":{"title":"Kaufen Cobra Red 120 Mg Online vertrauensw\u00fcrdige Quelle l ApothekeEU","description":"Kaufen Sie Cobra Red 120 mg online bei ApothekeEU, einer vertrauensw\u00fcrdigen Quelle f\u00fcr M\u00e4nnergesundheitsprodukte. Zuverl\u00e4ssiger Service mit sicherem und einfachem Bestellvorgang.","robots":{"index":"index","follow":"follow","max-snippet":"max-snippet:-1","max-image-preview":"max-image-preview:large","max-video-preview":"max-video-preview:-1"},"canonical":"https:\/\/cialisonlineshop.de\/fr\/product\/cobra-red-120-mg\/","og_locale":"fr_FR","og_type":"article","og_title":"Kaufen Cobra Red 120 Mg Online vertrauensw\u00fcrdige Quelle l ApothekeEU","og_description":"Kaufen Sie Cobra Red 120 mg online bei ApothekeEU, einer vertrauensw\u00fcrdigen Quelle f\u00fcr M\u00e4nnergesundheitsprodukte. Zuverl\u00e4ssiger Service mit sicherem und einfachem Bestellvorgang.","og_url":"https:\/\/cialisonlineshop.de\/fr\/product\/cobra-red-120-mg\/","article_modified_time":"2026-01-14T10:16:52+00:00","og_image":[{"width":800,"height":600,"url":"https:\/\/cialisonlineshop.de\/wp-content\/uploads\/2026\/01\/cobra-red-120-mg.jpg","type":"image\/jpeg"}],"twitter_card":"summary_large_image","twitter_misc":{"Dur\u00e9e de lecture estim\u00e9e":"4 minutes"},"schema":{"@context":"https:\/\/schema.org","@graph":[{"@type":"WebPage","@id":"https:\/\/cialisonlineshop.de\/product\/cobra-red-120-mg\/","url":"https:\/\/cialisonlineshop.de\/product\/cobra-red-120-mg\/","name":"Kaufen Cobra Red 120 Mg Online vertrauensw\u00fcrdige Quelle l ApothekeEU","isPartOf":{"@id":"https:\/\/cialisonlineshop.de\/#website"},"primaryImageOfPage":{"@id":"https:\/\/cialisonlineshop.de\/product\/cobra-red-120-mg\/#primaryimage"},"image":{"@id":"https:\/\/cialisonlineshop.de\/product\/cobra-red-120-mg\/#primaryimage"},"thumbnailUrl":"https:\/\/cialisonlineshop.de\/wp-content\/uploads\/2026\/01\/cobra-red-120-mg.jpg","datePublished":"2026-01-14T10:16:48+00:00","dateModified":"2026-01-14T10:16:52+00:00","description":"Kaufen Sie Cobra Red 120 mg online bei ApothekeEU, einer vertrauensw\u00fcrdigen Quelle f\u00fcr M\u00e4nnergesundheitsprodukte. Zuverl\u00e4ssiger Service mit sicherem und einfachem Bestellvorgang.","breadcrumb":{"@id":"https:\/\/cialisonlineshop.de\/product\/cobra-red-120-mg\/#breadcrumb"},"inLanguage":"fr-FR","potentialAction":[{"@type":"ReadAction","target":["https:\/\/cialisonlineshop.de\/product\/cobra-red-120-mg\/"]}]},{"@type":"ImageObject","inLanguage":"fr-FR","@id":"https:\/\/cialisonlineshop.de\/product\/cobra-red-120-mg\/#primaryimage","url":"https:\/\/cialisonlineshop.de\/wp-content\/uploads\/2026\/01\/cobra-red-120-mg.jpg","contentUrl":"https:\/\/cialisonlineshop.de\/wp-content\/uploads\/2026\/01\/cobra-red-120-mg.jpg","width":800,"height":600,"caption":"import placeholder for 5920"},{"@type":"BreadcrumbList","@id":"https:\/\/cialisonlineshop.de\/product\/cobra-red-120-mg\/#breadcrumb","itemListElement":[{"@type":"ListItem","position":1,"name":"Home","item":"https:\/\/cialisonlineshop.de\/"},{"@type":"ListItem","position":2,"name":"Shop","item":"https:\/\/cialisonlineshop.de\/shop\/"},{"@type":"ListItem","position":3,"name":"Cobra Red 120 mg"}]},{"@type":"WebSite","@id":"https:\/\/cialisonlineshop.de\/#website","url":"https:\/\/cialisonlineshop.de\/","name":"Cialisonlineshop","description":"","publisher":{"@id":"https:\/\/cialisonlineshop.de\/#organization"},"potentialAction":[{"@type":"SearchAction","target":{"@type":"EntryPoint","urlTemplate":"https:\/\/cialisonlineshop.de\/?s={search_term_string}"},"query-input":{"@type":"PropertyValueSpecification","valueRequired":true,"valueName":"search_term_string"}}],"inLanguage":"fr-FR"},{"@type":"Organization","@id":"https:\/\/cialisonlineshop.de\/#organization","name":"Cialisonlineshop","url":"https:\/\/cialisonlineshop.de\/","logo":{"@type":"ImageObject","inLanguage":"fr-FR","@id":"https:\/\/cialisonlineshop.de\/#\/schema\/logo\/image\/","url":"https:\/\/cialisonlineshop.de\/wp-content\/uploads\/2026\/01\/Logo_maker_project__6_-removebg-preview-1.png","contentUrl":"https:\/\/cialisonlineshop.de\/wp-content\/uploads\/2026\/01\/Logo_maker_project__6_-removebg-preview-1.png","width":432,"height":88,"caption":"Cialisonlineshop"},"image":{"@id":"https:\/\/cialisonlineshop.de\/#\/schema\/logo\/image\/"}}]}},"uagb_featured_image_src":{"full":["https:\/\/cialisonlineshop.de\/wp-content\/uploads\/2026\/01\/cobra-red-120-mg.jpg",800,600,false],"thumbnail":["https:\/\/cialisonlineshop.de\/wp-content\/uploads\/2026\/01\/cobra-red-120-mg-150x150.jpg",150,150,true],"medium":["https:\/\/cialisonlineshop.de\/wp-content\/uploads\/2026\/01\/cobra-red-120-mg-300x225.jpg",300,225,true],"medium_large":["https:\/\/cialisonlineshop.de\/wp-content\/uploads\/2026\/01\/cobra-red-120-mg-768x576.jpg",768,576,true],"large":["https:\/\/cialisonlineshop.de\/wp-content\/uploads\/2026\/01\/cobra-red-120-mg.jpg",800,600,false],"1536x1536":["https:\/\/cialisonlineshop.de\/wp-content\/uploads\/2026\/01\/cobra-red-120-mg.jpg",800,600,false],"2048x2048":["https:\/\/cialisonlineshop.de\/wp-content\/uploads\/2026\/01\/cobra-red-120-mg.jpg",800,600,false],"trp-custom-language-flag":["https:\/\/cialisonlineshop.de\/wp-content\/uploads\/2026\/01\/cobra-red-120-mg.jpg",16,12,false],"woocommerce_thumbnail":["https:\/\/cialisonlineshop.de\/wp-content\/uploads\/2026\/01\/cobra-red-120-mg-300x300.jpg",300,300,true],"woocommerce_single":["https:\/\/cialisonlineshop.de\/wp-content\/uploads\/2026\/01\/cobra-red-120-mg-600x450.jpg",600,450,true],"woocommerce_gallery_thumbnail":["https:\/\/cialisonlineshop.de\/wp-content\/uploads\/2026\/01\/cobra-red-120-mg-100x100.jpg",100,100,true]},"uagb_author_info":{"display_name":"Stefan T\u00f6njes","author_link":"https:\/\/cialisonlineshop.de\/fr\/author\/"},"uagb_comment_info":0,"uagb_excerpt":"Cobra Red 120 mg k\u00f6nnte ein passender Arzneimittel f\u00fcr Sie sein, falls Sie eine L\u00f6sung f\u00fcr\u00a0Erektionsst\u00f6rungen\u00a0suchen. Es geht um ein popul\u00e4res\u00a0Viagra Generikum\u00a0- ein vollwertiger Ersatz von Viagra, die genauso Wirkstoff Sildenafil enth\u00e4lt. Produktcode: 87971766111 Kategorie: Viagra Generika (Sildenafil) Marke: HAB Pharmaceuticals &amp; Research Ltd. Verf\u00fcgbarkeit: Auf Lager","jetpack_sharing_enabled":true,"_links":{"self":[{"href":"https:\/\/cialisonlineshop.de\/fr\/wp-json\/wp\/v2\/product\/2282","targetHints":{"allow":["GET"]}}],"collection":[{"href":"https:\/\/cialisonlineshop.de\/fr\/wp-json\/wp\/v2\/product"}],"about":[{"href":"https:\/\/cialisonlineshop.de\/fr\/wp-json\/wp\/v2\/types\/product"}],"replies":[{"embeddable":true,"href":"https:\/\/cialisonlineshop.de\/fr\/wp-json\/wp\/v2\/comments?post=2282"}],"wp:featuredmedia":[{"embeddable":true,"href":"https:\/\/cialisonlineshop.de\/fr\/wp-json\/wp\/v2\/media\/2306"}],"wp:attachment":[{"href":"https:\/\/cialisonlineshop.de\/fr\/wp-json\/wp\/v2\/media?parent=2282"}],"wp:term":[{"taxonomy":"product_brand","embeddable":true,"href":"https:\/\/cialisonlineshop.de\/fr\/wp-json\/wp\/v2\/product_brand?post=2282"},{"taxonomy":"product_cat","embeddable":true,"href":"https:\/\/cialisonlineshop.de\/fr\/wp-json\/wp\/v2\/product_cat?post=2282"},{"taxonomy":"product_tag","embeddable":true,"href":"https:\/\/cialisonlineshop.de\/fr\/wp-json\/wp\/v2\/product_tag?post=2282"}],"curies":[{"name":"wp","href":"https:\/\/api.w.org\/{rel}","templated":true}]}}