{"id":2235,"date":"2026-01-14T10:16:35","date_gmt":"2026-01-14T10:16:35","guid":{"rendered":"https:\/\/cialisonlineshop.de\/?post_type=product&#038;p=2235"},"modified":"2026-01-14T10:16:47","modified_gmt":"2026-01-14T10:16:47","slug":"kaufen-sie-cialis-60-mg","status":"publish","type":"product","link":"https:\/\/cialisonlineshop.de\/fr\/product\/kaufen-sie-cialis-60-mg\/","title":{"rendered":"Kaufen Sie Cialis 60 mg"},"content":{"rendered":"<h1>Kaufen Sie Cialis 60 mg, das beste Medikament gegen erektile Dysfunktion. Jetzt einkaufen!<\/h1>\n<p><a href=\"https:\/\/kamagrashop.online\/produkt\/kaufen-sie-cialis-60-mg\/\">Kaufen Sie Cialis 60 mg<\/a> geht als eine authentische Medikamente Hilfe durch Mangel sexuelle Probleme wie Erektionsst\u00f6rungen zu \u00fcberwinden. Cialis 60mg Tabletten ist unkompliziert Medizin, die die vielen Apotheke-Store verf\u00fcgbar ist, und sie geben die besten Ergebnisse f\u00fcr M\u00e4nnergesundheit. Cialis 60mg Tabletten sind im Allgemeinen als das Wochenende-Pillen als die Wirkung dieser Pillen f\u00fcr einen ganzen Tag angesprochen, die ausgiebig eher als die anderen Impotenz Medikamenten wird.<\/p>\n<h2><strong>Leitlinien zu Kaufen Sie Cialis 60 mg Medizin verschlingen<\/strong><\/h2>\n<p>Wie die anderen beiden L\u00f6sungen, Viagra, Kamagra wirken. <a href=\"https:\/\/kamagrashop.online\/produkt\/kaufen-sie-cialis-60-mg\/\">Kaufen Sie Cialis 60 mg<\/a> Tabletten als eine Phosphodiesterase 5 Inhibitoren zu sortieren und es sichert vor Entwicklung der Impulse PDE5. Es sollte gesehen werden, dass die Hyperaktivit\u00e4t kann dieses Protein zu unangebrachten Freigabe und erektiler Dysfunktion&#8230; Dennoch, es f\u00fcllt als sexuelle Stimulans und ordnet im Umgang mit dem Problem der erektilen Dysfunktion. Dieses Medikament hat die Grenze durchf\u00fchrbar das Kreislauf-System auf bestimmte Teile des m\u00e4nnlichen K\u00f6rpers, vor allem das m\u00e4nnliche sexuelle Organ oder den Penis zu montieren. Auf der anderen Seite dient die gleiche pharmazeutische zudem auf die Sicherung der Versorgung Kurse des Penis, die f\u00fcr den Missbrauch von Blut aus dem Penis verwendet werden.<\/p>\n<p>Kaufen Sie Cialis 60 mg Also hilft dieses Rezept Tadalafil Erektion f\u00fcr zus\u00e4tzliche Zeit und nicht die Frage der unheilvollen Release im Blut in den Penis in der Mitte Geschlechtsverkehr in Anbetracht der wachsenden, die das M\u00e4nnchen besser erkennt, mehr zum durchhalten.<\/p>\n<p>&nbsp;<\/p>\n<h3><strong>Kaufen Sie Cialis 60 mg Tabletten bekommen die richtige Medizin f\u00fcr Ihre Sexualit\u00e4t!<\/strong><\/h3>\n<p>Da es sinnvoll ist, ist ausreichend und typische sexuelle Entwicklung ein geradezu notwendig f\u00fcr die Erf\u00fcllung eine energetische private Beziehung. Auf jeden Fall Menschen Sie konsequent so ein besessen und stieg f\u00e4hig Lebensstil \u00fcberzeugen immer wieder Belastungen, sorgen und Arbeit \u00fcber Gewichte sind beharrlich. So Murren sie routinem\u00e4\u00dfig \u00fcber verzweifelt und Spannung und diese Unannehmlichkeit f\u00e4hrt die meiste Zeit sexuelle Notwendigkeit, erektile Dysfunktion oder umst\u00e4ndlich Version Probleme. Cialis 60mg Tabletten k\u00f6nnen verwendet werden, f\u00fcr das Recht auf Muskeln auflockern.<\/p>\n<p>Sie sollten sehen, dass Nonattendance Aufregung f\u00fcr die sexuelle Entwicklung und Geschlecht aufgrund von Problemen, zum Beispiel ung\u00fcnstige Version weitere psychischen Schw\u00e4chen zu energetisieren machen kann, wenn Sie unangenehme Bedingungen f\u00fcr eine solide, gem\u00fctliche Beziehung halten. Andererseits kann eine Kl\u00e4rung mit Kaufen Sie Cialis 60 mg Tabletten, angemessen, die Fragen, zum Beispiel erektile Dysfunktion und ung\u00fcnstige Erektion, die dazu dient, die sexuelle Beziehungen zu aktualisieren. Dies wird in diesem Sinne abnehmen, Antrag der psychischen Probleme und die Probleme der sexuellen Spannung zu verstehen.<\/p>\n<h4><strong><a href=\"https:\/\/kamagrashop.online\/produkt\/kaufen-sie-cialis-60-mg\/\">Kaufen Sie Cialis 60 mg<\/a> richtige Dosierung Tendenzen<\/strong><\/h4>\n<p>Nehmen Sie diese L\u00f6sung nur m\u00fcndlich mit der ein Glas Wasser. In jedem Fall sollte weit weg von zu bleiben, knabbern oder diese Tablette zu schlucken. Dieses Medikament im trockenen und k\u00fchlen Ort vielleicht behalten, sollten sie St\u00fcck f\u00fcr St\u00fcck die Tablette in den Mund zu trennen k\u00f6nnen und gierig die gespaltene Tabletten zuverl\u00e4ssig, sie weiter, bis es im Mund verschwindet. Keine \u00dcberdosierung es da dieses Medikament f\u00fcr die Gesundheit massiv besch\u00e4digen kann.<\/p>","protected":false},"excerpt":{"rendered":"<h5>Warum nichtKaufen Sie Cialis 60 mgohne Rezept kaufen?<\/h5>\n<p>Auch wenn Sie g\u00fcnstigeKaufen Sie Cialis 60 mg ohne Rezept bestellen m\u00f6chten, m\u00fcssen Sie nicht auf gute Qualit\u00e4t verzichten. Generika enthalten die gleichen Wirkstoffe wie die Originalprodukte und unterscheiden sich lediglich im Namen.<\/p>\n<p>F\u00fcr Cialis Generika bedeutet dies, dass Sie durch die Einnahme einer Tablette von einer sehr stabilen Erektion profitieren, die innerhalb der Wirkungsdauer (36 Stunden) problemlos mehrmals m\u00f6glich sein wird. Konkret erleben Sie eine stabile Erektion, mehr sexuelle Ausdauer und ein all-<\/p>","protected":false},"featured_media":2242,"comment_status":"open","ping_status":"closed","template":"","meta":{"_uag_custom_page_level_css":"","site-sidebar-layout":"","site-content-layout":"","ast-site-content-layout":"","site-content-style":"","site-sidebar-style":"","ast-global-header-display":"","ast-banner-title-visibility":"","ast-main-header-display":"","ast-hfb-above-header-display":"","ast-hfb-below-header-display":"","ast-hfb-mobile-header-display":"","site-post-title":"","ast-breadcrumbs-content":"","ast-featured-img":"","footer-sml-layout":"","ast-disable-related-posts":"","theme-transparent-header-meta":"","adv-header-id-meta":"","stick-header-meta":"","header-above-stick-meta":"","header-main-stick-meta":"","header-below-stick-meta":"","astra-migrate-meta-layouts":"","ast-page-background-enabled":"default","ast-page-background-meta":{"desktop":{"background-color":"","background-image":"","background-repeat":"repeat","background-position":"center center","background-size":"auto","background-attachment":"scroll","background-type":"","background-media":"","overlay-type":"","overlay-color":"","overlay-opacity":"","overlay-gradient":""},"tablet":{"background-color":"","background-image":"","background-repeat":"repeat","background-position":"center center","background-size":"auto","background-attachment":"scroll","background-type":"","background-media":"","overlay-type":"","overlay-color":"","overlay-opacity":"","overlay-gradient":""},"mobile":{"background-color":"","background-image":"","background-repeat":"repeat","background-position":"center center","background-size":"auto","background-attachment":"scroll","background-type":"","background-media":"","overlay-type":"","overlay-color":"","overlay-opacity":"","overlay-gradient":""}},"ast-content-background-meta":{"desktop":{"background-color":"var(--ast-global-color-5)","background-image":"","background-repeat":"repeat","background-position":"center center","background-size":"auto","background-attachment":"scroll","background-type":"","background-media":"","overlay-type":"","overlay-color":"","overlay-opacity":"","overlay-gradient":""},"tablet":{"background-color":"var(--ast-global-color-5)","background-image":"","background-repeat":"repeat","background-position":"center center","background-size":"auto","background-attachment":"scroll","background-type":"","background-media":"","overlay-type":"","overlay-color":"","overlay-opacity":"","overlay-gradient":""},"mobile":{"background-color":"var(--ast-global-color-5)","background-image":"","background-repeat":"repeat","background-position":"center center","background-size":"auto","background-attachment":"scroll","background-type":"","background-media":"","overlay-type":"","overlay-color":"","overlay-opacity":"","overlay-gradient":""}},"episode_type":"","audio_file":"","cover_image":"","cover_image_id":"","duration":"","filesize":"","filesize_raw":"","date_recorded":"","explicit":"","block":"","itunes_episode_number":"","itunes_title":"","itunes_season_number":"","itunes_episode_type":""},"product_brand":[],"product_cat":[28],"product_tag":[],"class_list":{"0":"post-2235","1":"product","2":"type-product","3":"status-publish","4":"has-post-thumbnail","6":"product_cat-cialis-generika-tadalafil","7":"desktop-align-left","8":"tablet-align-left","9":"mobile-align-left","11":"first","12":"instock","13":"shipping-taxable","14":"purchasable","15":"product-type-variable"},"yoast_head":"<!-- This site is optimized with the Yoast SEO plugin v27.0 - https:\/\/yoast.com\/product\/yoast-seo-wordpress\/ -->\n<title>Kaufen Sie Cialis 60 mg -<\/title>\n<meta name=\"robots\" content=\"index, follow, max-snippet:-1, max-image-preview:large, max-video-preview:-1\" \/>\n<link rel=\"canonical\" href=\"https:\/\/cialisonlineshop.de\/fr\/product\/kaufen-sie-cialis-60-mg\/\" \/>\n<meta property=\"og:locale\" content=\"fr_FR\" \/>\n<meta property=\"og:type\" content=\"article\" \/>\n<meta property=\"og:title\" content=\"Kaufen Sie Cialis 60 mg -\" \/>\n<meta property=\"og:description\" content=\"Warum nichtKaufen Sie Cialis 60 mgohne Rezept kaufen? Auch wenn Sie g\u00fcnstigeKaufen Sie Cialis 60 mg ohne Rezept bestellen m\u00f6chten, m\u00fcssen Sie nicht auf gute Qualit\u00e4t verzichten. Generika enthalten die gleichen Wirkstoffe wie die Originalprodukte und unterscheiden sich lediglich im Namen.  F\u00fcr Cialis Generika bedeutet dies, dass Sie durch die Einnahme einer Tablette von einer sehr stabilen Erektion profitieren, die innerhalb der Wirkungsdauer (36 Stunden) problemlos mehrmals m\u00f6glich sein wird. Konkret erleben Sie eine stabile Erektion, mehr sexuelle Ausdauer und ein all-\" \/>\n<meta property=\"og:url\" content=\"https:\/\/cialisonlineshop.de\/fr\/product\/kaufen-sie-cialis-60-mg\/\" \/>\n<meta property=\"article:modified_time\" content=\"2026-01-14T10:16:47+00:00\" \/>\n<meta property=\"og:image\" content=\"https:\/\/cialisonlineshop.de\/wp-content\/uploads\/2026\/01\/cialis-60mg.jpg\" \/>\n\t<meta property=\"og:image:width\" content=\"567\" \/>\n\t<meta property=\"og:image:height\" content=\"430\" \/>\n\t<meta property=\"og:image:type\" content=\"image\/jpeg\" \/>\n<meta name=\"twitter:card\" content=\"summary_large_image\" \/>\n<meta name=\"twitter:label1\" content=\"Dur\u00e9e de lecture estim\u00e9e\" \/>\n\t<meta name=\"twitter:data1\" content=\"3 minutes\" \/>\n<script type=\"application\/ld+json\" class=\"yoast-schema-graph\">{\"@context\":\"https:\/\/schema.org\",\"@graph\":[{\"@type\":\"WebPage\",\"@id\":\"https:\/\/cialisonlineshop.de\/product\/kaufen-sie-cialis-60-mg\/\",\"url\":\"https:\/\/cialisonlineshop.de\/product\/kaufen-sie-cialis-60-mg\/\",\"name\":\"Kaufen Sie Cialis 60 mg -\",\"isPartOf\":{\"@id\":\"https:\/\/cialisonlineshop.de\/#website\"},\"primaryImageOfPage\":{\"@id\":\"https:\/\/cialisonlineshop.de\/product\/kaufen-sie-cialis-60-mg\/#primaryimage\"},\"image\":{\"@id\":\"https:\/\/cialisonlineshop.de\/product\/kaufen-sie-cialis-60-mg\/#primaryimage\"},\"thumbnailUrl\":\"https:\/\/cialisonlineshop.de\/wp-content\/uploads\/2026\/01\/cialis-60mg.jpg\",\"datePublished\":\"2026-01-14T10:16:35+00:00\",\"dateModified\":\"2026-01-14T10:16:47+00:00\",\"breadcrumb\":{\"@id\":\"https:\/\/cialisonlineshop.de\/product\/kaufen-sie-cialis-60-mg\/#breadcrumb\"},\"inLanguage\":\"fr-FR\",\"potentialAction\":[{\"@type\":\"ReadAction\",\"target\":[\"https:\/\/cialisonlineshop.de\/product\/kaufen-sie-cialis-60-mg\/\"]}]},{\"@type\":\"ImageObject\",\"inLanguage\":\"fr-FR\",\"@id\":\"https:\/\/cialisonlineshop.de\/product\/kaufen-sie-cialis-60-mg\/#primaryimage\",\"url\":\"https:\/\/cialisonlineshop.de\/wp-content\/uploads\/2026\/01\/cialis-60mg.jpg\",\"contentUrl\":\"https:\/\/cialisonlineshop.de\/wp-content\/uploads\/2026\/01\/cialis-60mg.jpg\",\"width\":567,\"height\":430,\"caption\":\"import placeholder for 5873\"},{\"@type\":\"BreadcrumbList\",\"@id\":\"https:\/\/cialisonlineshop.de\/product\/kaufen-sie-cialis-60-mg\/#breadcrumb\",\"itemListElement\":[{\"@type\":\"ListItem\",\"position\":1,\"name\":\"Home\",\"item\":\"https:\/\/cialisonlineshop.de\/\"},{\"@type\":\"ListItem\",\"position\":2,\"name\":\"Shop\",\"item\":\"https:\/\/cialisonlineshop.de\/shop\/\"},{\"@type\":\"ListItem\",\"position\":3,\"name\":\"Kaufen Sie Cialis 60 mg\"}]},{\"@type\":\"WebSite\",\"@id\":\"https:\/\/cialisonlineshop.de\/#website\",\"url\":\"https:\/\/cialisonlineshop.de\/\",\"name\":\"Cialisonlineshop\",\"description\":\"\",\"publisher\":{\"@id\":\"https:\/\/cialisonlineshop.de\/#organization\"},\"potentialAction\":[{\"@type\":\"SearchAction\",\"target\":{\"@type\":\"EntryPoint\",\"urlTemplate\":\"https:\/\/cialisonlineshop.de\/?s={search_term_string}\"},\"query-input\":{\"@type\":\"PropertyValueSpecification\",\"valueRequired\":true,\"valueName\":\"search_term_string\"}}],\"inLanguage\":\"fr-FR\"},{\"@type\":\"Organization\",\"@id\":\"https:\/\/cialisonlineshop.de\/#organization\",\"name\":\"Cialisonlineshop\",\"url\":\"https:\/\/cialisonlineshop.de\/\",\"logo\":{\"@type\":\"ImageObject\",\"inLanguage\":\"fr-FR\",\"@id\":\"https:\/\/cialisonlineshop.de\/#\/schema\/logo\/image\/\",\"url\":\"https:\/\/cialisonlineshop.de\/wp-content\/uploads\/2026\/01\/Logo_maker_project__6_-removebg-preview-1.png\",\"contentUrl\":\"https:\/\/cialisonlineshop.de\/wp-content\/uploads\/2026\/01\/Logo_maker_project__6_-removebg-preview-1.png\",\"width\":432,\"height\":88,\"caption\":\"Cialisonlineshop\"},\"image\":{\"@id\":\"https:\/\/cialisonlineshop.de\/#\/schema\/logo\/image\/\"}}]}<\/script>\n<!-- \/ Yoast SEO plugin. -->","yoast_head_json":{"title":"Kaufen Sie Cialis 60 mg -","robots":{"index":"index","follow":"follow","max-snippet":"max-snippet:-1","max-image-preview":"max-image-preview:large","max-video-preview":"max-video-preview:-1"},"canonical":"https:\/\/cialisonlineshop.de\/fr\/product\/kaufen-sie-cialis-60-mg\/","og_locale":"fr_FR","og_type":"article","og_title":"Kaufen Sie Cialis 60 mg -","og_description":"Warum nichtKaufen Sie Cialis 60 mgohne Rezept kaufen? Auch wenn Sie g\u00fcnstigeKaufen Sie Cialis 60 mg ohne Rezept bestellen m\u00f6chten, m\u00fcssen Sie nicht auf gute Qualit\u00e4t verzichten. Generika enthalten die gleichen Wirkstoffe wie die Originalprodukte und unterscheiden sich lediglich im Namen.  F\u00fcr Cialis Generika bedeutet dies, dass Sie durch die Einnahme einer Tablette von einer sehr stabilen Erektion profitieren, die innerhalb der Wirkungsdauer (36 Stunden) problemlos mehrmals m\u00f6glich sein wird. Konkret erleben Sie eine stabile Erektion, mehr sexuelle Ausdauer und ein all-","og_url":"https:\/\/cialisonlineshop.de\/fr\/product\/kaufen-sie-cialis-60-mg\/","article_modified_time":"2026-01-14T10:16:47+00:00","og_image":[{"width":567,"height":430,"url":"https:\/\/cialisonlineshop.de\/wp-content\/uploads\/2026\/01\/cialis-60mg.jpg","type":"image\/jpeg"}],"twitter_card":"summary_large_image","twitter_misc":{"Dur\u00e9e de lecture estim\u00e9e":"3 minutes"},"schema":{"@context":"https:\/\/schema.org","@graph":[{"@type":"WebPage","@id":"https:\/\/cialisonlineshop.de\/product\/kaufen-sie-cialis-60-mg\/","url":"https:\/\/cialisonlineshop.de\/product\/kaufen-sie-cialis-60-mg\/","name":"Kaufen Sie Cialis 60 mg -","isPartOf":{"@id":"https:\/\/cialisonlineshop.de\/#website"},"primaryImageOfPage":{"@id":"https:\/\/cialisonlineshop.de\/product\/kaufen-sie-cialis-60-mg\/#primaryimage"},"image":{"@id":"https:\/\/cialisonlineshop.de\/product\/kaufen-sie-cialis-60-mg\/#primaryimage"},"thumbnailUrl":"https:\/\/cialisonlineshop.de\/wp-content\/uploads\/2026\/01\/cialis-60mg.jpg","datePublished":"2026-01-14T10:16:35+00:00","dateModified":"2026-01-14T10:16:47+00:00","breadcrumb":{"@id":"https:\/\/cialisonlineshop.de\/product\/kaufen-sie-cialis-60-mg\/#breadcrumb"},"inLanguage":"fr-FR","potentialAction":[{"@type":"ReadAction","target":["https:\/\/cialisonlineshop.de\/product\/kaufen-sie-cialis-60-mg\/"]}]},{"@type":"ImageObject","inLanguage":"fr-FR","@id":"https:\/\/cialisonlineshop.de\/product\/kaufen-sie-cialis-60-mg\/#primaryimage","url":"https:\/\/cialisonlineshop.de\/wp-content\/uploads\/2026\/01\/cialis-60mg.jpg","contentUrl":"https:\/\/cialisonlineshop.de\/wp-content\/uploads\/2026\/01\/cialis-60mg.jpg","width":567,"height":430,"caption":"import placeholder for 5873"},{"@type":"BreadcrumbList","@id":"https:\/\/cialisonlineshop.de\/product\/kaufen-sie-cialis-60-mg\/#breadcrumb","itemListElement":[{"@type":"ListItem","position":1,"name":"Home","item":"https:\/\/cialisonlineshop.de\/"},{"@type":"ListItem","position":2,"name":"Shop","item":"https:\/\/cialisonlineshop.de\/shop\/"},{"@type":"ListItem","position":3,"name":"Kaufen Sie Cialis 60 mg"}]},{"@type":"WebSite","@id":"https:\/\/cialisonlineshop.de\/#website","url":"https:\/\/cialisonlineshop.de\/","name":"Cialisonlineshop","description":"","publisher":{"@id":"https:\/\/cialisonlineshop.de\/#organization"},"potentialAction":[{"@type":"SearchAction","target":{"@type":"EntryPoint","urlTemplate":"https:\/\/cialisonlineshop.de\/?s={search_term_string}"},"query-input":{"@type":"PropertyValueSpecification","valueRequired":true,"valueName":"search_term_string"}}],"inLanguage":"fr-FR"},{"@type":"Organization","@id":"https:\/\/cialisonlineshop.de\/#organization","name":"Cialisonlineshop","url":"https:\/\/cialisonlineshop.de\/","logo":{"@type":"ImageObject","inLanguage":"fr-FR","@id":"https:\/\/cialisonlineshop.de\/#\/schema\/logo\/image\/","url":"https:\/\/cialisonlineshop.de\/wp-content\/uploads\/2026\/01\/Logo_maker_project__6_-removebg-preview-1.png","contentUrl":"https:\/\/cialisonlineshop.de\/wp-content\/uploads\/2026\/01\/Logo_maker_project__6_-removebg-preview-1.png","width":432,"height":88,"caption":"Cialisonlineshop"},"image":{"@id":"https:\/\/cialisonlineshop.de\/#\/schema\/logo\/image\/"}}]}},"uagb_featured_image_src":{"full":["https:\/\/cialisonlineshop.de\/wp-content\/uploads\/2026\/01\/cialis-60mg.jpg",567,430,false],"thumbnail":["https:\/\/cialisonlineshop.de\/wp-content\/uploads\/2026\/01\/cialis-60mg-150x150.jpg",150,150,true],"medium":["https:\/\/cialisonlineshop.de\/wp-content\/uploads\/2026\/01\/cialis-60mg-300x228.jpg",300,228,true],"medium_large":["https:\/\/cialisonlineshop.de\/wp-content\/uploads\/2026\/01\/cialis-60mg.jpg",567,430,false],"large":["https:\/\/cialisonlineshop.de\/wp-content\/uploads\/2026\/01\/cialis-60mg.jpg",567,430,false],"1536x1536":["https:\/\/cialisonlineshop.de\/wp-content\/uploads\/2026\/01\/cialis-60mg.jpg",567,430,false],"2048x2048":["https:\/\/cialisonlineshop.de\/wp-content\/uploads\/2026\/01\/cialis-60mg.jpg",567,430,false],"trp-custom-language-flag":["https:\/\/cialisonlineshop.de\/wp-content\/uploads\/2026\/01\/cialis-60mg.jpg",16,12,false],"woocommerce_thumbnail":["https:\/\/cialisonlineshop.de\/wp-content\/uploads\/2026\/01\/cialis-60mg-300x300.jpg",300,300,true],"woocommerce_single":["https:\/\/cialisonlineshop.de\/wp-content\/uploads\/2026\/01\/cialis-60mg.jpg",567,430,false],"woocommerce_gallery_thumbnail":["https:\/\/cialisonlineshop.de\/wp-content\/uploads\/2026\/01\/cialis-60mg-100x100.jpg",100,100,true]},"uagb_author_info":{"display_name":"Stefan T\u00f6njes","author_link":"https:\/\/cialisonlineshop.de\/fr\/author\/"},"uagb_comment_info":0,"uagb_excerpt":"Warum nichtKaufen Sie Cialis 60 mgohne Rezept kaufen? Auch wenn Sie g\u00fcnstigeKaufen Sie Cialis 60 mg ohne Rezept bestellen m\u00f6chten, m\u00fcssen Sie nicht auf gute Qualit\u00e4t verzichten. Generika enthalten die gleichen Wirkstoffe wie die Originalprodukte und unterscheiden sich lediglich im Namen. F\u00fcr Cialis Generika bedeutet dies, dass Sie durch die Einnahme einer Tablette von einer\u2026","jetpack_sharing_enabled":true,"_links":{"self":[{"href":"https:\/\/cialisonlineshop.de\/fr\/wp-json\/wp\/v2\/product\/2235","targetHints":{"allow":["GET"]}}],"collection":[{"href":"https:\/\/cialisonlineshop.de\/fr\/wp-json\/wp\/v2\/product"}],"about":[{"href":"https:\/\/cialisonlineshop.de\/fr\/wp-json\/wp\/v2\/types\/product"}],"replies":[{"embeddable":true,"href":"https:\/\/cialisonlineshop.de\/fr\/wp-json\/wp\/v2\/comments?post=2235"}],"wp:featuredmedia":[{"embeddable":true,"href":"https:\/\/cialisonlineshop.de\/fr\/wp-json\/wp\/v2\/media\/2242"}],"wp:attachment":[{"href":"https:\/\/cialisonlineshop.de\/fr\/wp-json\/wp\/v2\/media?parent=2235"}],"wp:term":[{"taxonomy":"product_brand","embeddable":true,"href":"https:\/\/cialisonlineshop.de\/fr\/wp-json\/wp\/v2\/product_brand?post=2235"},{"taxonomy":"product_cat","embeddable":true,"href":"https:\/\/cialisonlineshop.de\/fr\/wp-json\/wp\/v2\/product_cat?post=2235"},{"taxonomy":"product_tag","embeddable":true,"href":"https:\/\/cialisonlineshop.de\/fr\/wp-json\/wp\/v2\/product_tag?post=2235"}],"curies":[{"name":"wp","href":"https:\/\/api.w.org\/{rel}","templated":true}]}}