{"id":2225,"date":"2026-01-14T10:16:34","date_gmt":"2026-01-14T10:16:34","guid":{"rendered":"https:\/\/cialisonlineshop.de\/?post_type=product&#038;p=2225"},"modified":"2026-02-24T11:06:54","modified_gmt":"2026-02-24T11:06:54","slug":"cialis-40-mg-kaufen","status":"publish","type":"product","link":"https:\/\/cialisonlineshop.de\/fr\/product\/cialis-40-mg-kaufen\/","title":{"rendered":"Cialis 40 mg kaufen"},"content":{"rendered":"<h1>Cialis 40 mg kaufen, das beste Medikament gegen erektile Dysfunktion. Jetzt einkaufen!<\/h1>\n<p>Cialis 40 mg kaufen Die generischen Potenztabletten wirken mit dem Inhaltsstoff Tadalafil nicht nur zuverl\u00e4ssig, sondern auch besonders lange. Das macht Cialis zu den beliebtesten Potenzmitteln f\u00fcr ein ausgiebiges Wochenende. In der Internetapotheke k-apotheke.de ist Cialis Generika rezeptfrei erh\u00e4ltlich. Obwohl Sie hier ohne Rezept Cialis Generika kaufen k\u00f6nnen, bedeutet es nicht, dass es ohne \u00e4rztliche Beratung eingenommen werden darf. Die Anwendung aller Medikamente soll grunds\u00e4tzlich nach R\u00fccksprache mit dem Arzt erfolgen.<\/p>\n<h2>Cialis 40 mg kaufen online bestellen<\/h2>\n<p>&nbsp;<\/p>\n<h3>Arzneimittelinformationen:<\/h3>\n<p>Cialis 40 mg kaufen Sie interessieren sich Cialis Generika rezeptfrei zu kaufen &#8211; Bestellen Sie g\u00fcnstig Cialis Generika rezeptfrei zum besten Preis.<\/p>\n<h4>Wie wirkt der Inhaltsstoff?<\/h4>\n<p>Die Erektion des Penis beruht auf einem raschen Bluteinstrom in den Schwellk\u00f6rper. Dazu m\u00fcssen sich die Arterien erweitern. Dies ist nur m\u00f6glich, wenn die umliegende Muskulatur erschlafft.<\/p>\n<p>Bei sexueller Stimulation wird daher der Botenstoff Stickstoffmonoxid (NO) freigesetzt. Er aktiviert einen zweiten Botenstoff, das cGMP. Erst das cGMP l\u00e4sst die Muskelzellen im Schwellk\u00f6rper erschlaffen und erm\u00f6glicht damit den Bluteinstrom und die Erektion. Um die Erektion zu beenden wird, cGMP \u00fcber das Enzym Phosphodiesterase 5 (PDE-5) wieder abgebaut.<\/p>\n<p>Der Wirkstoff Tadalafil ist ein PDE-5-Hemmer. Es blockiert das Enzym Phosphodiesterase 5. Dadurch bleibt mehr cGMP im Umlauf, die Muskelentspannung verst\u00e4rkt sich und die Erektion wird verbessert. Auf Grund dieses Mechanismus wirkt Tadalafil nur bei sexuell erregten M\u00e4nnern<\/p>\n<p><a href=\"https:\/\/de.wikipedia.org\/w\/index.php?go=Artikel&amp;search=cialis+40mg&amp;title=Spezial%3ASuche&amp;ns0=1\">Cialis 40 mg kaufen<\/a> ist eine optimale M\u00f6glichkeit, Abhilfe gegen erektile Dysfunktion zu schaffen.<\/p>\n<p>Bemerkung: Cialis Generika rezeptfrei in Deutschland online zu bestellen ist viele Jahre anerkannt und sehr beliebt. Ein weiterer Vorteil ist: Cialis Generika g\u00fcnstig zu kaufen im Internet bringt ein h\u00f6hereres Ersparnis. Wird Cialis Generika rezeptfrei zu billig angeboten, kann es sich nicht um Qualit\u00e4tsprodukte handeln.<\/p>\n<p>Aufgelistet sind die wichtigsten, bekannten Nebenwirkungen. Sie k\u00f6nnen auftreten, m\u00fcssen aber nicht, da jeder Mensch unterschiedlich auf Medikamente anspricht. Manchmal reagieren Menschen allergisch auf Medikamente. Sollten Sie Anzeichen einer allergischen Reaktion versp\u00fcren, informieren Sie sofort Ihren Arzt oder Apotheker.<\/p>\n<ul>\n<li>Kopfschmerzen<\/li>\n<li>Schwindel<\/li>\n<li>Muskelschmerzen<\/li>\n<li>\u00dcberreizbarkeit des Magens. Sie ist gekennzeichnet durch V\u00f6llegef\u00fchl, Magendruck und vorzeitigem S\u00e4ttigungsgef\u00fchl, Sodbrennen, Oberbauchschmerzen, \u00dcbelkeit und selten auch Erbrechen.<\/li>\n<li>Verstopfung der Nase<\/li>\n<li>Hautr\u00f6tung mit Hitzegef\u00fchl (Flush)<\/li>\n<li>R\u00fcckenschmerzen<\/li>\n<li>Augenentz\u00fcndungen (Gelegentlich)<\/li>\n<\/ul>\n<p>Wie Sie vielleicht bemerkt haben, sind die Nebenwirkungen der Wirksubstanz Tadalafil in dem Markenpotenzmittel sowie seinem Generikum \u00e4hnlich. Diese Liste der Tadalafil-Nebenwirkungen kann keinen Anspruch auf die Vollst\u00e4ndigkeit erheben. Deswegen ist es sehr wichtig, den Arzt zu konsultieren, bevor Sie Cialis Generika kaufen. Bei Fragen wenden Sie sich an den Arzt Ihres Vertrauens. Beim Kundendienst der Internetapotheke k-apotheke.de erhalten alle Kunden kostenlose Beratungen. Sollten die Nebenwirkungen nicht verschwinden oder beunruhigend sein, wenden Sie sich sofort an einen Arzt.<\/p>\n<h3>Besondere Hinweise<\/h3>\n<p>Die gleichzeitige Anwendung mit den selektiven CYP3A4-Inhibitoren wird nachdr\u00fccklich nicht empfohlen, weil sie Tadalafil-Werte im Blutspiegel deutlich erh\u00f6hen. Solche HIV-Protease-Inhibitoren wie Ritonavir und Saquinavir verst\u00e4rken die Wirkung des generischen Potenzmittels. Dabei ist es wichtig, dass Ihr Arzt eine richtige Dosis von Tadalafil verordnet.<\/p>\n<p>Rifampincin (CYP3A4-Inhibitor) hemmt die Wirkung des Potenzmittels um 88 %. Es wird angenommen, dass die Einzelgabe mit anderen selektiven CYP3A4-Inhibitoren die Wirkung des Generikums abschw\u00e4cht.<\/p>\n<p>Durch Antazida wird die Geschwindigkeit der Resorption deutlich verringert. Cialis kann die hypotensive Wirkung der Nitrate verst\u00e4rken. Von der Anwendung des Potenzmittels mit Nitraten sowie NO-Donatoren wird es abgeraten.<\/p>\n<p>Cialis und Alkohol \u00fcben keine gegenseitige Wirkung aus. Nach der Einnahme der gro\u00dfen Mengen Alkohol mit dem Potenzmittel Cialis wurden keine wesentlichen Ver\u00e4nderungen des Blutdruckes festgestellt. Manche Patienten berichteten allerdings \u00fcber Schwindel sowie orthostatische Hypotonie. Bei kleineren Mengen Alkohol mit der gleichzeitigen Anwendung des generischen Pr\u00e4parates zur Erektionssteigerung wurde die orthostatische Hypotonie nicht beobachtet. Die H\u00e4ufigkeit von Schwindel war dieselbe wie nur nach dem Alkoholgenuss ohne Tadalafil. M\u00f6chten Sie Cialis Generika kaufen, so beachten Sie bitte diese Informationen.<\/p>\n<p>Bevor Sie Cialis Generika kaufen, besprechen Sie mit Ihrer Partnerin m\u00f6gliche Behandlungsm\u00f6glichkeiten. Es ist wichtig, dass ein Potenzmittel f\u00fcr beide Partner geeignet ist. Unter Ber\u00fccksichtigung der sexuellen Bed\u00fcrfnisse und des Gesundheitszustandes kann Sildenafil (Viagra), Vardenafil (Levitra) oder Tadalafil (Cialis) eingesetzt werden.<\/p>\n<p>Lagerung: Lagerung am besten bei Raumtemperatur zwischen 15 und 30 Grad Celsius. Vor Licht und Feuchtigkeit sch\u00fctzen. Au\u00dferhalb der Reichweite von Kindern aufbewahren. Halten Sie sich an diese einfachen Lagerungsvorschriften, wenn Sie Cialis Generika kaufen.<\/p>\n<p>Bei Risiken und Nebenwirkungen lesen Sie die Packungsbeilage und fragen Sie Ihren Arzt und Apotheker.<\/p>\n<p>Cialis Generika kaufen k\u00f6nnen Sie in der Internetapotheke zu g\u00fcnstigen Bedingungen: schnelle Lieferung, ohne Rezept, ohne Zollprobleme, in einer diskreten Verpackung. Auch Sie haben endlich das hochwertige Cialis Generika rezeptfrei gefunden. Profitieren Sie von der Wirkung des qualit\u00e4tvollen generischen Potenzmittels heute!<\/p>\n<p>&nbsp;<\/p>","protected":false},"excerpt":{"rendered":"<table class=\"info\">\n<tbody>\n<tr>\n<td>Produktcode:<\/td>\n<td>87971766109<\/td>\n<\/tr>\n<tr>\n<td>Kategorie:<\/td>\n<td><a href=\"https:\/\/apotheke-eu.de\/product-category\/cialis-generika-tadalafil\">Cialis Generika (Tadalafil)<\/a><\/td>\n<\/tr>\n<tr>\n<td>Marke:<\/td>\n<td><a href=\"https:\/\/kamagrashop.online\/centurion-laboratories-pvt-ltd\/\">Centurion Laboratories Pvt. Ltd.<\/a><\/td>\n<\/tr>\n<tr>\n<td>Verf\u00fcgbarkeit:<\/td>\n<td>Auf Lager<\/td>\n<\/tr>\n<\/tbody>\n<\/table>","protected":false},"featured_media":2241,"comment_status":"open","ping_status":"closed","template":"","meta":{"_uag_custom_page_level_css":"","site-sidebar-layout":"default","site-content-layout":"","ast-site-content-layout":"default","site-content-style":"default","site-sidebar-style":"default","ast-global-header-display":"","ast-banner-title-visibility":"","ast-main-header-display":"","ast-hfb-above-header-display":"","ast-hfb-below-header-display":"","ast-hfb-mobile-header-display":"","site-post-title":"","ast-breadcrumbs-content":"","ast-featured-img":"","footer-sml-layout":"","ast-disable-related-posts":"","theme-transparent-header-meta":"default","adv-header-id-meta":"","stick-header-meta":"","header-above-stick-meta":"","header-main-stick-meta":"","header-below-stick-meta":"","astra-migrate-meta-layouts":"set","ast-page-background-enabled":"default","ast-page-background-meta":{"desktop":{"background-color":"","background-image":"","background-repeat":"repeat","background-position":"center center","background-size":"auto","background-attachment":"scroll","background-type":"","background-media":"","overlay-type":"","overlay-color":"","overlay-opacity":"","overlay-gradient":""},"tablet":{"background-color":"","background-image":"","background-repeat":"repeat","background-position":"center center","background-size":"auto","background-attachment":"scroll","background-type":"","background-media":"","overlay-type":"","overlay-color":"","overlay-opacity":"","overlay-gradient":""},"mobile":{"background-color":"","background-image":"","background-repeat":"repeat","background-position":"center center","background-size":"auto","background-attachment":"scroll","background-type":"","background-media":"","overlay-type":"","overlay-color":"","overlay-opacity":"","overlay-gradient":""}},"ast-content-background-meta":{"desktop":{"background-color":"var(--ast-global-color-5)","background-image":"","background-repeat":"repeat","background-position":"center center","background-size":"auto","background-attachment":"scroll","background-type":"","background-media":"","overlay-type":"","overlay-color":"","overlay-opacity":"","overlay-gradient":""},"tablet":{"background-color":"var(--ast-global-color-5)","background-image":"","background-repeat":"repeat","background-position":"center center","background-size":"auto","background-attachment":"scroll","background-type":"","background-media":"","overlay-type":"","overlay-color":"","overlay-opacity":"","overlay-gradient":""},"mobile":{"background-color":"var(--ast-global-color-5)","background-image":"","background-repeat":"repeat","background-position":"center center","background-size":"auto","background-attachment":"scroll","background-type":"","background-media":"","overlay-type":"","overlay-color":"","overlay-opacity":"","overlay-gradient":""}},"episode_type":"","audio_file":"","cover_image":"","cover_image_id":"","duration":"","filesize":"","filesize_raw":"","date_recorded":"","explicit":"","block":"","itunes_episode_number":"","itunes_title":"","itunes_season_number":"","itunes_episode_type":""},"product_brand":[],"product_cat":[28],"product_tag":[],"class_list":{"0":"post-2225","1":"product","2":"type-product","3":"status-publish","4":"has-post-thumbnail","6":"product_cat-cialis-generika-tadalafil","7":"desktop-align-left","8":"tablet-align-left","9":"mobile-align-left","11":"first","12":"instock","13":"shipping-taxable","14":"purchasable","15":"product-type-variable"},"yoast_head":"<!-- This site is optimized with the Yoast SEO plugin v27.0 - https:\/\/yoast.com\/product\/yoast-seo-wordpress\/ -->\n<title>Cialis 40 mg kaufen -<\/title>\n<meta name=\"robots\" content=\"index, follow, max-snippet:-1, max-image-preview:large, max-video-preview:-1\" \/>\n<link rel=\"canonical\" href=\"https:\/\/cialisonlineshop.de\/fr\/product\/cialis-40-mg-kaufen\/\" \/>\n<meta property=\"og:locale\" content=\"fr_FR\" \/>\n<meta property=\"og:type\" content=\"article\" \/>\n<meta property=\"og:title\" content=\"Cialis 40 mg kaufen -\" \/>\n<meta property=\"og:description\" content=\"Produktcode: 87971766109   Kategorie: Cialis Generika (Tadalafil)   Marke: Centurion Laboratories Pvt. Ltd.   Verf\u00fcgbarkeit: Auf Lager\" \/>\n<meta property=\"og:url\" content=\"https:\/\/cialisonlineshop.de\/fr\/product\/cialis-40-mg-kaufen\/\" \/>\n<meta property=\"article:modified_time\" content=\"2026-02-24T11:06:54+00:00\" \/>\n<meta property=\"og:image\" content=\"https:\/\/cialisonlineshop.de\/wp-content\/uploads\/2026\/01\/Cialis-40mg.jpg\" \/>\n\t<meta property=\"og:image:width\" content=\"405\" \/>\n\t<meta property=\"og:image:height\" content=\"405\" \/>\n\t<meta property=\"og:image:type\" content=\"image\/jpeg\" \/>\n<meta name=\"twitter:card\" content=\"summary_large_image\" \/>\n<meta name=\"twitter:label1\" content=\"Dur\u00e9e de lecture estim\u00e9e\" \/>\n\t<meta name=\"twitter:data1\" content=\"5 minutes\" \/>\n<script type=\"application\/ld+json\" class=\"yoast-schema-graph\">{\"@context\":\"https:\/\/schema.org\",\"@graph\":[{\"@type\":\"WebPage\",\"@id\":\"https:\/\/cialisonlineshop.de\/product\/cialis-40-mg-kaufen\/\",\"url\":\"https:\/\/cialisonlineshop.de\/product\/cialis-40-mg-kaufen\/\",\"name\":\"Cialis 40 mg kaufen -\",\"isPartOf\":{\"@id\":\"https:\/\/cialisonlineshop.de\/#website\"},\"primaryImageOfPage\":{\"@id\":\"https:\/\/cialisonlineshop.de\/product\/cialis-40-mg-kaufen\/#primaryimage\"},\"image\":{\"@id\":\"https:\/\/cialisonlineshop.de\/product\/cialis-40-mg-kaufen\/#primaryimage\"},\"thumbnailUrl\":\"https:\/\/cialisonlineshop.de\/wp-content\/uploads\/2026\/01\/Cialis-40mg.jpg\",\"datePublished\":\"2026-01-14T10:16:34+00:00\",\"dateModified\":\"2026-02-24T11:06:54+00:00\",\"breadcrumb\":{\"@id\":\"https:\/\/cialisonlineshop.de\/product\/cialis-40-mg-kaufen\/#breadcrumb\"},\"inLanguage\":\"fr-FR\",\"potentialAction\":[{\"@type\":\"ReadAction\",\"target\":[\"https:\/\/cialisonlineshop.de\/product\/cialis-40-mg-kaufen\/\"]}]},{\"@type\":\"ImageObject\",\"inLanguage\":\"fr-FR\",\"@id\":\"https:\/\/cialisonlineshop.de\/product\/cialis-40-mg-kaufen\/#primaryimage\",\"url\":\"https:\/\/cialisonlineshop.de\/wp-content\/uploads\/2026\/01\/Cialis-40mg.jpg\",\"contentUrl\":\"https:\/\/cialisonlineshop.de\/wp-content\/uploads\/2026\/01\/Cialis-40mg.jpg\",\"width\":405,\"height\":405,\"caption\":\"import placeholder for 5863\"},{\"@type\":\"BreadcrumbList\",\"@id\":\"https:\/\/cialisonlineshop.de\/product\/cialis-40-mg-kaufen\/#breadcrumb\",\"itemListElement\":[{\"@type\":\"ListItem\",\"position\":1,\"name\":\"Home\",\"item\":\"https:\/\/cialisonlineshop.de\/\"},{\"@type\":\"ListItem\",\"position\":2,\"name\":\"Shop\",\"item\":\"https:\/\/cialisonlineshop.de\/shop\/\"},{\"@type\":\"ListItem\",\"position\":3,\"name\":\"Cialis 40 mg kaufen\"}]},{\"@type\":\"WebSite\",\"@id\":\"https:\/\/cialisonlineshop.de\/#website\",\"url\":\"https:\/\/cialisonlineshop.de\/\",\"name\":\"Cialisonlineshop\",\"description\":\"\",\"publisher\":{\"@id\":\"https:\/\/cialisonlineshop.de\/#organization\"},\"potentialAction\":[{\"@type\":\"SearchAction\",\"target\":{\"@type\":\"EntryPoint\",\"urlTemplate\":\"https:\/\/cialisonlineshop.de\/?s={search_term_string}\"},\"query-input\":{\"@type\":\"PropertyValueSpecification\",\"valueRequired\":true,\"valueName\":\"search_term_string\"}}],\"inLanguage\":\"fr-FR\"},{\"@type\":\"Organization\",\"@id\":\"https:\/\/cialisonlineshop.de\/#organization\",\"name\":\"Cialisonlineshop\",\"url\":\"https:\/\/cialisonlineshop.de\/\",\"logo\":{\"@type\":\"ImageObject\",\"inLanguage\":\"fr-FR\",\"@id\":\"https:\/\/cialisonlineshop.de\/#\/schema\/logo\/image\/\",\"url\":\"https:\/\/cialisonlineshop.de\/wp-content\/uploads\/2026\/01\/Logo_maker_project__6_-removebg-preview-1.png\",\"contentUrl\":\"https:\/\/cialisonlineshop.de\/wp-content\/uploads\/2026\/01\/Logo_maker_project__6_-removebg-preview-1.png\",\"width\":432,\"height\":88,\"caption\":\"Cialisonlineshop\"},\"image\":{\"@id\":\"https:\/\/cialisonlineshop.de\/#\/schema\/logo\/image\/\"}}]}<\/script>\n<!-- \/ Yoast SEO plugin. -->","yoast_head_json":{"title":"Cialis 40 mg kaufen -","robots":{"index":"index","follow":"follow","max-snippet":"max-snippet:-1","max-image-preview":"max-image-preview:large","max-video-preview":"max-video-preview:-1"},"canonical":"https:\/\/cialisonlineshop.de\/fr\/product\/cialis-40-mg-kaufen\/","og_locale":"fr_FR","og_type":"article","og_title":"Cialis 40 mg kaufen -","og_description":"Produktcode: 87971766109   Kategorie: Cialis Generika (Tadalafil)   Marke: Centurion Laboratories Pvt. Ltd.   Verf\u00fcgbarkeit: Auf Lager","og_url":"https:\/\/cialisonlineshop.de\/fr\/product\/cialis-40-mg-kaufen\/","article_modified_time":"2026-02-24T11:06:54+00:00","og_image":[{"width":405,"height":405,"url":"https:\/\/cialisonlineshop.de\/wp-content\/uploads\/2026\/01\/Cialis-40mg.jpg","type":"image\/jpeg"}],"twitter_card":"summary_large_image","twitter_misc":{"Dur\u00e9e de lecture estim\u00e9e":"5 minutes"},"schema":{"@context":"https:\/\/schema.org","@graph":[{"@type":"WebPage","@id":"https:\/\/cialisonlineshop.de\/product\/cialis-40-mg-kaufen\/","url":"https:\/\/cialisonlineshop.de\/product\/cialis-40-mg-kaufen\/","name":"Cialis 40 mg kaufen -","isPartOf":{"@id":"https:\/\/cialisonlineshop.de\/#website"},"primaryImageOfPage":{"@id":"https:\/\/cialisonlineshop.de\/product\/cialis-40-mg-kaufen\/#primaryimage"},"image":{"@id":"https:\/\/cialisonlineshop.de\/product\/cialis-40-mg-kaufen\/#primaryimage"},"thumbnailUrl":"https:\/\/cialisonlineshop.de\/wp-content\/uploads\/2026\/01\/Cialis-40mg.jpg","datePublished":"2026-01-14T10:16:34+00:00","dateModified":"2026-02-24T11:06:54+00:00","breadcrumb":{"@id":"https:\/\/cialisonlineshop.de\/product\/cialis-40-mg-kaufen\/#breadcrumb"},"inLanguage":"fr-FR","potentialAction":[{"@type":"ReadAction","target":["https:\/\/cialisonlineshop.de\/product\/cialis-40-mg-kaufen\/"]}]},{"@type":"ImageObject","inLanguage":"fr-FR","@id":"https:\/\/cialisonlineshop.de\/product\/cialis-40-mg-kaufen\/#primaryimage","url":"https:\/\/cialisonlineshop.de\/wp-content\/uploads\/2026\/01\/Cialis-40mg.jpg","contentUrl":"https:\/\/cialisonlineshop.de\/wp-content\/uploads\/2026\/01\/Cialis-40mg.jpg","width":405,"height":405,"caption":"import placeholder for 5863"},{"@type":"BreadcrumbList","@id":"https:\/\/cialisonlineshop.de\/product\/cialis-40-mg-kaufen\/#breadcrumb","itemListElement":[{"@type":"ListItem","position":1,"name":"Home","item":"https:\/\/cialisonlineshop.de\/"},{"@type":"ListItem","position":2,"name":"Shop","item":"https:\/\/cialisonlineshop.de\/shop\/"},{"@type":"ListItem","position":3,"name":"Cialis 40 mg kaufen"}]},{"@type":"WebSite","@id":"https:\/\/cialisonlineshop.de\/#website","url":"https:\/\/cialisonlineshop.de\/","name":"Cialisonlineshop","description":"","publisher":{"@id":"https:\/\/cialisonlineshop.de\/#organization"},"potentialAction":[{"@type":"SearchAction","target":{"@type":"EntryPoint","urlTemplate":"https:\/\/cialisonlineshop.de\/?s={search_term_string}"},"query-input":{"@type":"PropertyValueSpecification","valueRequired":true,"valueName":"search_term_string"}}],"inLanguage":"fr-FR"},{"@type":"Organization","@id":"https:\/\/cialisonlineshop.de\/#organization","name":"Cialisonlineshop","url":"https:\/\/cialisonlineshop.de\/","logo":{"@type":"ImageObject","inLanguage":"fr-FR","@id":"https:\/\/cialisonlineshop.de\/#\/schema\/logo\/image\/","url":"https:\/\/cialisonlineshop.de\/wp-content\/uploads\/2026\/01\/Logo_maker_project__6_-removebg-preview-1.png","contentUrl":"https:\/\/cialisonlineshop.de\/wp-content\/uploads\/2026\/01\/Logo_maker_project__6_-removebg-preview-1.png","width":432,"height":88,"caption":"Cialisonlineshop"},"image":{"@id":"https:\/\/cialisonlineshop.de\/#\/schema\/logo\/image\/"}}]}},"uagb_featured_image_src":{"full":["https:\/\/cialisonlineshop.de\/wp-content\/uploads\/2026\/01\/Cialis-40mg.jpg",405,405,false],"thumbnail":["https:\/\/cialisonlineshop.de\/wp-content\/uploads\/2026\/01\/Cialis-40mg-150x150.jpg",150,150,true],"medium":["https:\/\/cialisonlineshop.de\/wp-content\/uploads\/2026\/01\/Cialis-40mg-300x300.jpg",300,300,true],"medium_large":["https:\/\/cialisonlineshop.de\/wp-content\/uploads\/2026\/01\/Cialis-40mg.jpg",405,405,false],"large":["https:\/\/cialisonlineshop.de\/wp-content\/uploads\/2026\/01\/Cialis-40mg.jpg",405,405,false],"1536x1536":["https:\/\/cialisonlineshop.de\/wp-content\/uploads\/2026\/01\/Cialis-40mg.jpg",405,405,false],"2048x2048":["https:\/\/cialisonlineshop.de\/wp-content\/uploads\/2026\/01\/Cialis-40mg.jpg",405,405,false],"trp-custom-language-flag":["https:\/\/cialisonlineshop.de\/wp-content\/uploads\/2026\/01\/Cialis-40mg.jpg",12,12,false],"woocommerce_thumbnail":["https:\/\/cialisonlineshop.de\/wp-content\/uploads\/2026\/01\/Cialis-40mg-300x300.jpg",300,300,true],"woocommerce_single":["https:\/\/cialisonlineshop.de\/wp-content\/uploads\/2026\/01\/Cialis-40mg.jpg",405,405,false],"woocommerce_gallery_thumbnail":["https:\/\/cialisonlineshop.de\/wp-content\/uploads\/2026\/01\/Cialis-40mg-100x100.jpg",100,100,true]},"uagb_author_info":{"display_name":"Stefan T\u00f6njes","author_link":"https:\/\/cialisonlineshop.de\/fr\/author\/"},"uagb_comment_info":0,"uagb_excerpt":"Produktcode: 87971766109 Kategorie: Cialis Generika (Tadalafil) Marke: Centurion Laboratories Pvt. Ltd. Verf\u00fcgbarkeit: Auf Lager","jetpack_sharing_enabled":true,"_links":{"self":[{"href":"https:\/\/cialisonlineshop.de\/fr\/wp-json\/wp\/v2\/product\/2225","targetHints":{"allow":["GET"]}}],"collection":[{"href":"https:\/\/cialisonlineshop.de\/fr\/wp-json\/wp\/v2\/product"}],"about":[{"href":"https:\/\/cialisonlineshop.de\/fr\/wp-json\/wp\/v2\/types\/product"}],"replies":[{"embeddable":true,"href":"https:\/\/cialisonlineshop.de\/fr\/wp-json\/wp\/v2\/comments?post=2225"}],"wp:featuredmedia":[{"embeddable":true,"href":"https:\/\/cialisonlineshop.de\/fr\/wp-json\/wp\/v2\/media\/2241"}],"wp:attachment":[{"href":"https:\/\/cialisonlineshop.de\/fr\/wp-json\/wp\/v2\/media?parent=2225"}],"wp:term":[{"taxonomy":"product_brand","embeddable":true,"href":"https:\/\/cialisonlineshop.de\/fr\/wp-json\/wp\/v2\/product_brand?post=2225"},{"taxonomy":"product_cat","embeddable":true,"href":"https:\/\/cialisonlineshop.de\/fr\/wp-json\/wp\/v2\/product_cat?post=2225"},{"taxonomy":"product_tag","embeddable":true,"href":"https:\/\/cialisonlineshop.de\/fr\/wp-json\/wp\/v2\/product_tag?post=2225"}],"curies":[{"name":"wp","href":"https:\/\/api.w.org\/{rel}","templated":true}]}}