{"id":2201,"date":"2026-01-14T10:16:30","date_gmt":"2026-01-14T10:16:30","guid":{"rendered":"https:\/\/cialisonlineshop.de\/?post_type=product&#038;p=2201"},"modified":"2026-02-24T11:06:43","modified_gmt":"2026-02-24T11:06:43","slug":"lovegra-bestellen-100mg","status":"publish","type":"product","link":"https:\/\/cialisonlineshop.de\/fr\/product\/lovegra-bestellen-100mg\/","title":{"rendered":"Lovegra bestellen 100mg"},"content":{"rendered":"<div class=\"main-inner content-description\">\n<div id=\"content-description\" class=\"text-content\">\n<h1>Lovegra 100 mg bestellen, das beste Medikament gegen erektile Dysfunktion. Jetzt einkaufen!<\/h1>\n<p>Das Produkt Lovegra 100 mg ist\u00a0<strong>eine spezielle \u201cViagra f\u00fcr Frauen\u201d<\/strong>,\u00a0<strong>um ihr sexuelles Vergn\u00fcgen zu steigern<\/strong>.<\/p>\n<p>Es enth\u00e4lt den Wirkstoff Sildenafil, der die Durchblutung der Geschlechtsorgane und vaginale Lubrikation deutlich unterst\u00fctzt, und die Reaktion auf sexuelle Stimulation erh\u00f6ht.<\/p>\n<p>Die Tabletten werden in Laboratorien des indischen Pharmaunternehmens\u00a0Ajanta Pharma Limited\u00a0hergestellt, das auch die bekannteste Alternative zu Viagra f\u00fcr M\u00e4nner &#8211;\u00a0Kamagra\u00a0&#8211; produziert.<\/p>\n<h2>Lovegra 100mg bestellen Wirkstoff<\/h2>\n<p>Lovegra 100mg bestellen Der Wirkstoff Sildenafil citrate (weitere Informationen \u00fcber den Wirkstoff finden Sie im Artikel Sildenafil) tr\u00e4gt ma\u00dfgeblich dazu bei, die glatte Muskulatur der Blutgef\u00e4\u00dfe zu entspannen und die .<\/p>\n<p><strong>Durchblutung der Geschlechtsorgane<\/strong>\u00a0zu\u00a0<strong>erh\u00f6hen<\/strong>. Es bewirkt eine intensivere Durchblutung im Bereich von der Scheide, Schamlippen und der Klitoris und dadurch auch eine erh\u00f6hte Empfindlichkeit im bestimmten Bereich. Lovegra hilft Frauen, beim Geschlechtsverkehr angenehmere Gef\u00fchle und leichter Orgasmus zu haben.<\/p>\n<h3>Lovegra bestellen Dosierung und Gebrauchsweise<\/h3>\n<p>Die \u00fcbliche Einzeldosis betr\u00e4gt zu Beginn\u00a0<strong>50 mg<\/strong>. Je nach Bedarf und Vertr\u00e4glichkeit kann die Einzeldosis\u00a0<strong>auf 25 mg erniedrigt oder auf maximal 100 mg einmal t\u00e4glich erh\u00f6ht<\/strong>\u00a0werden. \u00dcberschreiten Sie nicht die maximale Tagesdosis von 100 mg.<\/p>\n<p>Eine erh\u00f6hte Dosis f\u00fchrt nicht zu einem st\u00e4rkeren Effekt, die kann aber mehr Nebenwirkungen oder ihren schlechteren Verlauf verursachen.<\/p>\n<p>Lovegra 100mg bestellen Nehmen Sie nicht mehrere Lovegra 100mg bestellen Tabletten ein, als Ihr Arzt Ihnen empfohlen hat.<\/p>\n<p>Es wird empfohlen, Lovegra 100 mg\u00a0<strong>30\u201360 Minuten vor dem Geschlechtsverkehr<\/strong>\u00a0zu schlucken. Die\u00a0<strong>Wirkung<\/strong>\u00a0zeigt sich zwischen\u00a0<strong>4 und 6 Stunden<\/strong>. Die Wirkung stellt sich allerdings erst bei sexueller Stimulation ein, da Lovegra\u00a0<strong>kein Aphrodisiakum<\/strong>\u00a0ist.<\/p>\n<p>Das Pr\u00e4parat darf vor oder nach dem Essen eingenommen werden.<\/p>\n<p><a href=\"https:\/\/www.mayoclinic.org\/healthy-lifestyle\/sexual-health\/expert-answers\/viagra-for-women\/faq-20057960\">Lovegra 100mg bestellen<\/a> Alkohol, fettreiche Speisen, Grapefruit und Grapefruitsaft k\u00f6nnen die Wirkung von Lovegra allerdings negativ beeinflussen.<\/p>\n<h4>Kontraindikationen<\/h4>\n<p><strong>Lovegra 100mg bestellendarf nicht eingenommen werden<\/strong>\u00a0wenn:<\/p>\n<ul>\n<li>man\u00a0<strong>schwanger ist<\/strong><\/li>\n<li>man\u00a0<strong>auf Sildenafil<\/strong>\u00a0oder auf andere Wirkstoffe\u00a0<strong>allergisch ist\u00a0<\/strong><\/li>\n<li>man\u00a0<strong>vor kurzem Herzinfarkt oder Schlaganfall<\/strong>\u00a0durchgemacht hat, oder an andere\u00a0<strong>Herzerkrankungen<\/strong>\u00a0wie\u00a0<strong>niedriger Blutdruck<\/strong>\u00a0oder\u00a0<strong>Bluthochdruck leidet<\/strong><\/li>\n<li>man die Nitrate einnimmt (zum Beispiel Nitroglycerin, Isosorbiddinitrat), Medikamente, die Stickoxid l\u00f6sen (z.B. Isoamylnitrit)<\/li>\n<li>man Medikamente gegen Angina Pectoris einnimmt (z.B. Nitraten oder Stickoxid)<\/li>\n<li>man an andere\u00a0<strong>seri\u00f6se Herzerkrankung oder Leberst\u00f6rung<\/strong>\u00a0leidet<\/li>\n<li>man an \u00dcbelkeit leidet<\/li>\n<li>man an seltener Netzhautst\u00f6rung leidet (z.B. retinitis pigmentosa) oder man die Sehkraft durch NAION verloren hat<\/li>\n<li>man\u00a0<strong>Riociguat einnimmt<\/strong>\u00a0(zur Heilung der arteriellen Lungenhypertonie und chronischer Lungen Hypertension)<\/li>\n<li>man schon\u00a0<strong>ein anderes Pr\u00e4parat f\u00fcr Durchblutungsst\u00f6rungen der Geschlechtsorganen einnimmt<\/strong><\/li>\n<\/ul>\n<h5>Warnung<\/h5>\n<p><strong>Informieren Sie Ihren Arzt<\/strong>, bevor Sie den Wirkstoff Sildenafil einnehmen, im Falle Sie an:<\/p>\n<ul>\n<li>Herzprobleme<\/li>\n<li>Magengeschw\u00fcr oder Bluterkrankheit (z.B.H\u00e4mophilie)<\/li>\n<li>Zucker Intoleranz (z.B. Laktose)<\/li>\n<li>Sichelzellkrankheit, Leuk\u00e4mie oder mehrfachen Myelom<\/li>\n<li>HIV leiden (besonders wenn mit Proteaseinhibitoren behandelt)<\/li>\n<\/ul>\n<p><strong>Die Einnahme von Lovegra mit anderen Medikamenten soll Ihr Arzt genehmigen<\/strong>, besonders wenn die Medikamente Erythromycin, Cimetidin oder Ketoconazol enthalten.<br \/>\nFalls Sie an\u00a0<strong>Nieren- oder Leberst\u00f6rung<\/strong>\u00a0leiden, informieren Sie Ihren Arzt.<\/p>\n<p>Lovegra 100mg bestellen\u00a0 Der wird Ihre Dosierung anpassen. Meistens f\u00e4ngt man mit 25 mg an.<\/p>\n<h6>M\u00f6gliche Nebenwirkungen<\/h6>\n<p>Wie bei jedem anderen Medikament k\u00f6nnen sich auch bei diesem Arzneimittel mit Sildenafil Nebenwirkungen zeigen. Meistens geht es um\u00a0<strong>milde oder moderate Schwierigkeiten, die nicht lange dauern<\/strong>. In erster Linie sind es vor allem Kopfschmerzen,\u00a0Unwohlsein,\u00a0Gesichtsr\u00f6tung, Verdauungsprobleme, Hitzewallung, Sehst\u00f6rungen, Lichtempfindlichkeit, verstopfte Nase oder Schwindelgef\u00fchle.<\/p>\n<h4>Wichtiger Hinweis<\/h4>\n<p>Falls bei Ihnen nach der Einnahme des Mittels zu einer starken Verschlechterung der Sehkraft oder des Geh\u00f6rs kommt, Sie Blut im Urin finden oder er tr\u00fcb wird oder Sie Herzrhythmusst\u00f6rung, Blutdruckabfall und Schwindel auftreten,\u00a0<strong>suchen Sie unverz\u00fcglich Ihren Arzt auf<\/strong>.<\/p>\n<p>Medizinische Hilfe suchen Sie unverz\u00fcglich bei allen ungew\u00f6hnlichen Reaktionen oder bei starken Verschlechterung Ihres Zustandes nach der Einnahme des Mittels. Besuchen Sie den Arzt auch wenn die Nebenwirkungen von l\u00e4ngerer Dauer sind.<\/p>\n<p>Lagerung<\/p>\n<p>Lagern Sie bei Temperaturen bis 30\u00b0C. Behalten Sie in der Originalpackung. Sch\u00fctzen Sie vor Feuchtigkeit. Au\u00dfer Reichweite und Sicht von Kindern aufbewahren.<\/p>\n<h6>F\u00fcr Interesse<\/h6>\n<p>Lovegra 100mg bestellen\u00a0 ist ein Pr\u00e4parat zur Unterst\u00fctzung der Durchblutung und erh\u00f6hte Empfindlichkeit der Genitalien bei Frauen. Es wird umgangssprachlich auch <strong>Viagra f\u00fcr Frauen<\/strong>\u00a0genannt. Es kann nicht selbst das Interesse einer Frau an Sex und Ihre Leidenschaft steigern.<\/p>\n<p>Im Artikel\u00a0Impotenz bei Frauen und Ihre Ursachen\u00a0erfahren Sie mehr \u00fcber die m\u00f6glichen Gr\u00fcnde, warum einige Frauen nur ein minimales oder gar kein Interesse an Sex haben.<\/p>\n<p>Was eine Frau tun kann, um Ihre Vorliebe f\u00fcr Sex zu erh\u00f6hen und Ihre potenziellen sexuellen Probleme zu verschwinden oder zumindest zu lindern, erfahren Sie im Artikel Impotenz bei Frauen &#8211; wie kann sich die Frau selbst helfen.<\/p>\n<p>Dieses Produkt wird ohne eine Schachtel und Packungsbeilage versendet.<\/p>\n<\/div>\n<\/div>","protected":false},"excerpt":{"rendered":"<p>Das Produkt Lovegra 100mg bestellen ist eine spezielle \u201cViagra f\u00fcr Frauen\u201d, um ihr sexuelles Vergn\u00fcgen zu steigern. Es enth\u00e4lt den Wirkstoff Sildenafil, der die Durchblutung der Geschlechtsorgane und vaginale Lubrikation deutlich unterst\u00fctzt, und die Reaktion auf sexuelle Stimulation erh\u00f6ht.<\/p>\n<table class=\"info\">\n<tbody>\n<tr>\n<td>Produktcode:<\/td>\n<td>130983442836<\/td>\n<\/tr>\n<tr>\n<td>Kategorie:<\/td>\n<td><a href=\"https:\/\/kamagrashop.online\/viagra-generika-sildenafil\/\">Viagra Generika (Sildenafil)<\/a><\/td>\n<\/tr>\n<tr>\n<td>Marke:<\/td>\n<td>Ajanta Pharma Ltd.<\/td>\n<\/tr>\n<tr>\n<td>Verf\u00fcgbarkeit:<\/td>\n<td>Auf Lager<\/td>\n<\/tr>\n<\/tbody>\n<\/table>\n<p><!--more--><\/p>","protected":false},"featured_media":2209,"comment_status":"open","ping_status":"closed","template":"","meta":{"_uag_custom_page_level_css":"","site-sidebar-layout":"default","site-content-layout":"","ast-site-content-layout":"default","site-content-style":"default","site-sidebar-style":"default","ast-global-header-display":"","ast-banner-title-visibility":"","ast-main-header-display":"","ast-hfb-above-header-display":"","ast-hfb-below-header-display":"","ast-hfb-mobile-header-display":"","site-post-title":"","ast-breadcrumbs-content":"","ast-featured-img":"","footer-sml-layout":"","ast-disable-related-posts":"","theme-transparent-header-meta":"default","adv-header-id-meta":"","stick-header-meta":"","header-above-stick-meta":"","header-main-stick-meta":"","header-below-stick-meta":"","astra-migrate-meta-layouts":"set","ast-page-background-enabled":"default","ast-page-background-meta":{"desktop":{"background-color":"","background-image":"","background-repeat":"repeat","background-position":"center center","background-size":"auto","background-attachment":"scroll","background-type":"","background-media":"","overlay-type":"","overlay-color":"","overlay-opacity":"","overlay-gradient":""},"tablet":{"background-color":"","background-image":"","background-repeat":"repeat","background-position":"center center","background-size":"auto","background-attachment":"scroll","background-type":"","background-media":"","overlay-type":"","overlay-color":"","overlay-opacity":"","overlay-gradient":""},"mobile":{"background-color":"","background-image":"","background-repeat":"repeat","background-position":"center center","background-size":"auto","background-attachment":"scroll","background-type":"","background-media":"","overlay-type":"","overlay-color":"","overlay-opacity":"","overlay-gradient":""}},"ast-content-background-meta":{"desktop":{"background-color":"var(--ast-global-color-5)","background-image":"","background-repeat":"repeat","background-position":"center center","background-size":"auto","background-attachment":"scroll","background-type":"","background-media":"","overlay-type":"","overlay-color":"","overlay-opacity":"","overlay-gradient":""},"tablet":{"background-color":"var(--ast-global-color-5)","background-image":"","background-repeat":"repeat","background-position":"center center","background-size":"auto","background-attachment":"scroll","background-type":"","background-media":"","overlay-type":"","overlay-color":"","overlay-opacity":"","overlay-gradient":""},"mobile":{"background-color":"var(--ast-global-color-5)","background-image":"","background-repeat":"repeat","background-position":"center center","background-size":"auto","background-attachment":"scroll","background-type":"","background-media":"","overlay-type":"","overlay-color":"","overlay-opacity":"","overlay-gradient":""}},"episode_type":"","audio_file":"","cover_image":"","cover_image_id":"","duration":"","filesize":"","filesize_raw":"","date_recorded":"","explicit":"","block":"","itunes_episode_number":"","itunes_title":"","itunes_season_number":"","itunes_episode_type":""},"product_brand":[],"product_cat":[24],"product_tag":[],"class_list":{"0":"post-2201","1":"product","2":"type-product","3":"status-publish","4":"has-post-thumbnail","6":"product_cat-viagra-generika-sildenafil","7":"desktop-align-left","8":"tablet-align-left","9":"mobile-align-left","11":"first","12":"instock","13":"shipping-taxable","14":"purchasable","15":"product-type-variable"},"yoast_head":"<!-- This site is optimized with the Yoast SEO plugin v27.0 - https:\/\/yoast.com\/product\/yoast-seo-wordpress\/ -->\n<title>Lovegra bestellen 100mg -<\/title>\n<meta name=\"robots\" content=\"index, follow, max-snippet:-1, max-image-preview:large, max-video-preview:-1\" \/>\n<link rel=\"canonical\" href=\"https:\/\/cialisonlineshop.de\/fr\/product\/lovegra-bestellen-100mg\/\" \/>\n<meta property=\"og:locale\" content=\"fr_FR\" \/>\n<meta property=\"og:type\" content=\"article\" \/>\n<meta property=\"og:title\" content=\"Lovegra bestellen 100mg -\" \/>\n<meta property=\"og:description\" content=\"Das Produkt Lovegra 100mg bestellen ist eine spezielle \u201cViagra f\u00fcr Frauen\u201d, um ihr sexuelles Vergn\u00fcgen zu steigern. Es enth\u00e4lt den Wirkstoff Sildenafil, der die Durchblutung der Geschlechtsorgane und vaginale Lubrikation deutlich unterst\u00fctzt, und die Reaktion auf sexuelle Stimulation erh\u00f6ht.    Produktcode: 130983442836   Kategorie: Viagra Generika (Sildenafil)   Marke: Ajanta Pharma Ltd.   Verf\u00fcgbarkeit: Auf Lager\" \/>\n<meta property=\"og:url\" content=\"https:\/\/cialisonlineshop.de\/fr\/product\/lovegra-bestellen-100mg\/\" \/>\n<meta property=\"article:modified_time\" content=\"2026-02-24T11:06:43+00:00\" \/>\n<meta property=\"og:image\" content=\"https:\/\/cialisonlineshop.de\/wp-content\/uploads\/2026\/01\/Lovegra-100mg.jpg\" \/>\n\t<meta property=\"og:image:width\" content=\"580\" \/>\n\t<meta property=\"og:image:height\" content=\"580\" \/>\n\t<meta property=\"og:image:type\" content=\"image\/jpeg\" \/>\n<meta name=\"twitter:card\" content=\"summary_large_image\" \/>\n<meta name=\"twitter:label1\" content=\"Dur\u00e9e de lecture estim\u00e9e\" \/>\n\t<meta name=\"twitter:data1\" content=\"5 minutes\" \/>\n<script type=\"application\/ld+json\" class=\"yoast-schema-graph\">{\"@context\":\"https:\/\/schema.org\",\"@graph\":[{\"@type\":\"WebPage\",\"@id\":\"https:\/\/cialisonlineshop.de\/product\/lovegra-bestellen-100mg\/\",\"url\":\"https:\/\/cialisonlineshop.de\/product\/lovegra-bestellen-100mg\/\",\"name\":\"Lovegra bestellen 100mg -\",\"isPartOf\":{\"@id\":\"https:\/\/cialisonlineshop.de\/#website\"},\"primaryImageOfPage\":{\"@id\":\"https:\/\/cialisonlineshop.de\/product\/lovegra-bestellen-100mg\/#primaryimage\"},\"image\":{\"@id\":\"https:\/\/cialisonlineshop.de\/product\/lovegra-bestellen-100mg\/#primaryimage\"},\"thumbnailUrl\":\"https:\/\/cialisonlineshop.de\/wp-content\/uploads\/2026\/01\/Lovegra-100mg.jpg\",\"datePublished\":\"2026-01-14T10:16:30+00:00\",\"dateModified\":\"2026-02-24T11:06:43+00:00\",\"breadcrumb\":{\"@id\":\"https:\/\/cialisonlineshop.de\/product\/lovegra-bestellen-100mg\/#breadcrumb\"},\"inLanguage\":\"fr-FR\",\"potentialAction\":[{\"@type\":\"ReadAction\",\"target\":[\"https:\/\/cialisonlineshop.de\/product\/lovegra-bestellen-100mg\/\"]}]},{\"@type\":\"ImageObject\",\"inLanguage\":\"fr-FR\",\"@id\":\"https:\/\/cialisonlineshop.de\/product\/lovegra-bestellen-100mg\/#primaryimage\",\"url\":\"https:\/\/cialisonlineshop.de\/wp-content\/uploads\/2026\/01\/Lovegra-100mg.jpg\",\"contentUrl\":\"https:\/\/cialisonlineshop.de\/wp-content\/uploads\/2026\/01\/Lovegra-100mg.jpg\",\"width\":580,\"height\":580,\"caption\":\"import placeholder for 5839\"},{\"@type\":\"BreadcrumbList\",\"@id\":\"https:\/\/cialisonlineshop.de\/product\/lovegra-bestellen-100mg\/#breadcrumb\",\"itemListElement\":[{\"@type\":\"ListItem\",\"position\":1,\"name\":\"Home\",\"item\":\"https:\/\/cialisonlineshop.de\/\"},{\"@type\":\"ListItem\",\"position\":2,\"name\":\"Shop\",\"item\":\"https:\/\/cialisonlineshop.de\/shop\/\"},{\"@type\":\"ListItem\",\"position\":3,\"name\":\"Lovegra bestellen 100mg\"}]},{\"@type\":\"WebSite\",\"@id\":\"https:\/\/cialisonlineshop.de\/#website\",\"url\":\"https:\/\/cialisonlineshop.de\/\",\"name\":\"Cialisonlineshop\",\"description\":\"\",\"publisher\":{\"@id\":\"https:\/\/cialisonlineshop.de\/#organization\"},\"potentialAction\":[{\"@type\":\"SearchAction\",\"target\":{\"@type\":\"EntryPoint\",\"urlTemplate\":\"https:\/\/cialisonlineshop.de\/?s={search_term_string}\"},\"query-input\":{\"@type\":\"PropertyValueSpecification\",\"valueRequired\":true,\"valueName\":\"search_term_string\"}}],\"inLanguage\":\"fr-FR\"},{\"@type\":\"Organization\",\"@id\":\"https:\/\/cialisonlineshop.de\/#organization\",\"name\":\"Cialisonlineshop\",\"url\":\"https:\/\/cialisonlineshop.de\/\",\"logo\":{\"@type\":\"ImageObject\",\"inLanguage\":\"fr-FR\",\"@id\":\"https:\/\/cialisonlineshop.de\/#\/schema\/logo\/image\/\",\"url\":\"https:\/\/cialisonlineshop.de\/wp-content\/uploads\/2026\/01\/Logo_maker_project__6_-removebg-preview-1.png\",\"contentUrl\":\"https:\/\/cialisonlineshop.de\/wp-content\/uploads\/2026\/01\/Logo_maker_project__6_-removebg-preview-1.png\",\"width\":432,\"height\":88,\"caption\":\"Cialisonlineshop\"},\"image\":{\"@id\":\"https:\/\/cialisonlineshop.de\/#\/schema\/logo\/image\/\"}}]}<\/script>\n<!-- \/ Yoast SEO plugin. -->","yoast_head_json":{"title":"Lovegra bestellen 100mg -","robots":{"index":"index","follow":"follow","max-snippet":"max-snippet:-1","max-image-preview":"max-image-preview:large","max-video-preview":"max-video-preview:-1"},"canonical":"https:\/\/cialisonlineshop.de\/fr\/product\/lovegra-bestellen-100mg\/","og_locale":"fr_FR","og_type":"article","og_title":"Lovegra bestellen 100mg -","og_description":"Das Produkt Lovegra 100mg bestellen ist eine spezielle \u201cViagra f\u00fcr Frauen\u201d, um ihr sexuelles Vergn\u00fcgen zu steigern. Es enth\u00e4lt den Wirkstoff Sildenafil, der die Durchblutung der Geschlechtsorgane und vaginale Lubrikation deutlich unterst\u00fctzt, und die Reaktion auf sexuelle Stimulation erh\u00f6ht.    Produktcode: 130983442836   Kategorie: Viagra Generika (Sildenafil)   Marke: Ajanta Pharma Ltd.   Verf\u00fcgbarkeit: Auf Lager","og_url":"https:\/\/cialisonlineshop.de\/fr\/product\/lovegra-bestellen-100mg\/","article_modified_time":"2026-02-24T11:06:43+00:00","og_image":[{"width":580,"height":580,"url":"https:\/\/cialisonlineshop.de\/wp-content\/uploads\/2026\/01\/Lovegra-100mg.jpg","type":"image\/jpeg"}],"twitter_card":"summary_large_image","twitter_misc":{"Dur\u00e9e de lecture estim\u00e9e":"5 minutes"},"schema":{"@context":"https:\/\/schema.org","@graph":[{"@type":"WebPage","@id":"https:\/\/cialisonlineshop.de\/product\/lovegra-bestellen-100mg\/","url":"https:\/\/cialisonlineshop.de\/product\/lovegra-bestellen-100mg\/","name":"Lovegra bestellen 100mg -","isPartOf":{"@id":"https:\/\/cialisonlineshop.de\/#website"},"primaryImageOfPage":{"@id":"https:\/\/cialisonlineshop.de\/product\/lovegra-bestellen-100mg\/#primaryimage"},"image":{"@id":"https:\/\/cialisonlineshop.de\/product\/lovegra-bestellen-100mg\/#primaryimage"},"thumbnailUrl":"https:\/\/cialisonlineshop.de\/wp-content\/uploads\/2026\/01\/Lovegra-100mg.jpg","datePublished":"2026-01-14T10:16:30+00:00","dateModified":"2026-02-24T11:06:43+00:00","breadcrumb":{"@id":"https:\/\/cialisonlineshop.de\/product\/lovegra-bestellen-100mg\/#breadcrumb"},"inLanguage":"fr-FR","potentialAction":[{"@type":"ReadAction","target":["https:\/\/cialisonlineshop.de\/product\/lovegra-bestellen-100mg\/"]}]},{"@type":"ImageObject","inLanguage":"fr-FR","@id":"https:\/\/cialisonlineshop.de\/product\/lovegra-bestellen-100mg\/#primaryimage","url":"https:\/\/cialisonlineshop.de\/wp-content\/uploads\/2026\/01\/Lovegra-100mg.jpg","contentUrl":"https:\/\/cialisonlineshop.de\/wp-content\/uploads\/2026\/01\/Lovegra-100mg.jpg","width":580,"height":580,"caption":"import placeholder for 5839"},{"@type":"BreadcrumbList","@id":"https:\/\/cialisonlineshop.de\/product\/lovegra-bestellen-100mg\/#breadcrumb","itemListElement":[{"@type":"ListItem","position":1,"name":"Home","item":"https:\/\/cialisonlineshop.de\/"},{"@type":"ListItem","position":2,"name":"Shop","item":"https:\/\/cialisonlineshop.de\/shop\/"},{"@type":"ListItem","position":3,"name":"Lovegra bestellen 100mg"}]},{"@type":"WebSite","@id":"https:\/\/cialisonlineshop.de\/#website","url":"https:\/\/cialisonlineshop.de\/","name":"Cialisonlineshop","description":"","publisher":{"@id":"https:\/\/cialisonlineshop.de\/#organization"},"potentialAction":[{"@type":"SearchAction","target":{"@type":"EntryPoint","urlTemplate":"https:\/\/cialisonlineshop.de\/?s={search_term_string}"},"query-input":{"@type":"PropertyValueSpecification","valueRequired":true,"valueName":"search_term_string"}}],"inLanguage":"fr-FR"},{"@type":"Organization","@id":"https:\/\/cialisonlineshop.de\/#organization","name":"Cialisonlineshop","url":"https:\/\/cialisonlineshop.de\/","logo":{"@type":"ImageObject","inLanguage":"fr-FR","@id":"https:\/\/cialisonlineshop.de\/#\/schema\/logo\/image\/","url":"https:\/\/cialisonlineshop.de\/wp-content\/uploads\/2026\/01\/Logo_maker_project__6_-removebg-preview-1.png","contentUrl":"https:\/\/cialisonlineshop.de\/wp-content\/uploads\/2026\/01\/Logo_maker_project__6_-removebg-preview-1.png","width":432,"height":88,"caption":"Cialisonlineshop"},"image":{"@id":"https:\/\/cialisonlineshop.de\/#\/schema\/logo\/image\/"}}]}},"uagb_featured_image_src":{"full":["https:\/\/cialisonlineshop.de\/wp-content\/uploads\/2026\/01\/Lovegra-100mg.jpg",580,580,false],"thumbnail":["https:\/\/cialisonlineshop.de\/wp-content\/uploads\/2026\/01\/Lovegra-100mg-150x150.jpg",150,150,true],"medium":["https:\/\/cialisonlineshop.de\/wp-content\/uploads\/2026\/01\/Lovegra-100mg-300x300.jpg",300,300,true],"medium_large":["https:\/\/cialisonlineshop.de\/wp-content\/uploads\/2026\/01\/Lovegra-100mg.jpg",580,580,false],"large":["https:\/\/cialisonlineshop.de\/wp-content\/uploads\/2026\/01\/Lovegra-100mg.jpg",580,580,false],"1536x1536":["https:\/\/cialisonlineshop.de\/wp-content\/uploads\/2026\/01\/Lovegra-100mg.jpg",580,580,false],"2048x2048":["https:\/\/cialisonlineshop.de\/wp-content\/uploads\/2026\/01\/Lovegra-100mg.jpg",580,580,false],"trp-custom-language-flag":["https:\/\/cialisonlineshop.de\/wp-content\/uploads\/2026\/01\/Lovegra-100mg.jpg",12,12,false],"woocommerce_thumbnail":["https:\/\/cialisonlineshop.de\/wp-content\/uploads\/2026\/01\/Lovegra-100mg-300x300.jpg",300,300,true],"woocommerce_single":["https:\/\/cialisonlineshop.de\/wp-content\/uploads\/2026\/01\/Lovegra-100mg.jpg",580,580,false],"woocommerce_gallery_thumbnail":["https:\/\/cialisonlineshop.de\/wp-content\/uploads\/2026\/01\/Lovegra-100mg-100x100.jpg",100,100,true]},"uagb_author_info":{"display_name":"Stefan T\u00f6njes","author_link":"https:\/\/cialisonlineshop.de\/fr\/author\/"},"uagb_comment_info":0,"uagb_excerpt":"Das Produkt Lovegra 100mg bestellen ist eine spezielle \u201cViagra f\u00fcr Frauen\u201d, um ihr sexuelles Vergn\u00fcgen zu steigern. Es enth\u00e4lt den Wirkstoff Sildenafil, der die Durchblutung der Geschlechtsorgane und vaginale Lubrikation deutlich unterst\u00fctzt, und die Reaktion auf sexuelle Stimulation erh\u00f6ht. Produktcode: 130983442836 Kategorie: Viagra Generika (Sildenafil) Marke: Ajanta Pharma Ltd. Verf\u00fcgbarkeit: Auf Lager","jetpack_sharing_enabled":true,"_links":{"self":[{"href":"https:\/\/cialisonlineshop.de\/fr\/wp-json\/wp\/v2\/product\/2201","targetHints":{"allow":["GET"]}}],"collection":[{"href":"https:\/\/cialisonlineshop.de\/fr\/wp-json\/wp\/v2\/product"}],"about":[{"href":"https:\/\/cialisonlineshop.de\/fr\/wp-json\/wp\/v2\/types\/product"}],"replies":[{"embeddable":true,"href":"https:\/\/cialisonlineshop.de\/fr\/wp-json\/wp\/v2\/comments?post=2201"}],"wp:featuredmedia":[{"embeddable":true,"href":"https:\/\/cialisonlineshop.de\/fr\/wp-json\/wp\/v2\/media\/2209"}],"wp:attachment":[{"href":"https:\/\/cialisonlineshop.de\/fr\/wp-json\/wp\/v2\/media?parent=2201"}],"wp:term":[{"taxonomy":"product_brand","embeddable":true,"href":"https:\/\/cialisonlineshop.de\/fr\/wp-json\/wp\/v2\/product_brand?post=2201"},{"taxonomy":"product_cat","embeddable":true,"href":"https:\/\/cialisonlineshop.de\/fr\/wp-json\/wp\/v2\/product_cat?post=2201"},{"taxonomy":"product_tag","embeddable":true,"href":"https:\/\/cialisonlineshop.de\/fr\/wp-json\/wp\/v2\/product_tag?post=2201"}],"curies":[{"name":"wp","href":"https:\/\/api.w.org\/{rel}","templated":true}]}}