{"id":2189,"date":"2026-01-14T10:16:29","date_gmt":"2026-01-14T10:16:29","guid":{"rendered":"https:\/\/cialisonlineshop.de\/?post_type=product&#038;p=2189"},"modified":"2026-01-14T10:16:32","modified_gmt":"2026-01-14T10:16:32","slug":"kingmaster-kaufen-100-mg","status":"publish","type":"product","link":"https:\/\/cialisonlineshop.de\/fr\/product\/kingmaster-kaufen-100-mg\/","title":{"rendered":"KingMaster Kaufen 100 mg"},"content":{"rendered":"<h1>KingMaster Kaufen 100 mg, das beste Medikament gegen erektile Dysfunktion. Jetzt einkaufen!<\/h1>\n<p><a href=\"https:\/\/kamagrashop.online\/produkt\/kingmaster-100-mg\/\">KingMaster Kaufen 100 mg<\/a> M\u00f6chten Sie gerne die peinlichen Situationen vermeiden? Den Sex v\u00f6llig genie\u00dfen und Ihren Partner befriedigen? Mit Kingmaster bekommen Sie eine feste und langfristige <strong>Erektion in nur 20 Minuten.<\/strong><\/p>\n<p>Kingmaster sind\u00a0<strong>Pastillen mit Menthol Geschmack<\/strong>. Jede Pastille enth\u00e4lt 100 mg von <a href=\"https:\/\/kamagraeu.de\/\">Sildenafil kaufen<\/a>.<\/p>\n<p>Kingmaster hat fast Doppelwirkung im Vergleich zu \u00fcblichen Tabletten. Durch Schleimhaut im Mund und Speiser\u00f6hre wird viel mehr Wirkstoff als durch den Magen absorbiert.<\/p>\n<p>Im Magen zerst\u00f6ren die aggressiven Magens\u00e4fte einen Teil davon. Deshalb bringt Kingmaster einen kr\u00e4ftigeren und l\u00e4ngeren Effekt im Vergleich zu klassischen\u00a0Sildenafil Tabletten.<\/p>\n<p><strong>Von gro\u00dfem Vorteil ist auch gr\u00f6\u00dfere Resistenz gegen Alkohol und fettige Speisen und weniger Nebenwirkungen im Vergleich zu anderen Produkten mit Sildenafil.<\/strong><\/p>\n<h2>KingMaster Kaufen 100 mg Wirkstoff<\/h2>\n<p>Der Wirkstoffes Sildenafil citrate (mehr Informationen im Artikel\u00a0Sildenafil) unterst\u00fctzt positiv die Durchblutung des Penis und hilft eine starke, gute und langanhaltende Erektion zu erreichen. Der Geschlechtsakt wird befriedigend und erfolgreich.<\/p>\n<h3>KingMaster Kaufen 100 mg Dosierung und Gebrauchsweise<\/h3>\n<p>Die \u00fcbliche Einzeldosis betr\u00e4gt zu Beginn 50 mg. Je nach Bedarf und Vertr\u00e4glichkeit kann die Einzeldosis auf 25 mg erniedrigt oder auf maximal 100 mg\u00a0<strong>einmal t\u00e4glich<\/strong>\u00a0erh\u00f6ht werden.<\/p>\n<p><strong>\u00dcberschreiten Sie nicht die maximale Tagesdosis von 100 mg.\u00a0<\/strong><\/p>\n<p>Die Wirkung stellt sich allerdings erst bei sexueller Stimulation ein, da Kingmaster kein Aphrodisiakum ist.<\/p>\n<p>Es wird empfohlen, Kingmaster bereits zum Vorspiel 10\u201330 Minuten vor dem Geschlechtsverkehr einzunehmen. Grunds\u00e4tzlich zeigt sich die Wirkung bis 12 Stunden.<\/p>\n<p>Das Pr\u00e4parat darf vor oder nach dem Essen eingenommen werden. Alkohol, fettreiche Speisen, Grapefruit und Grapefruitsaft k\u00f6nnen die Wirkung von Kingmaster allerdings negativ beeinflussen.<\/p>\n<p>Im Vergleich zu anderen Produkten mit Sildenafil, hat Kingmaster eine h\u00f6here Resistenz gegen Alkohol und fettreichen Speisen.<\/p>\n<h5>Kontraindikationen<\/h5>\n<p>Kingmaster darf nicht eingenommen werden wenn:<\/p>\n<ul>\n<li><strong>man auf Sildenafil<\/strong>\u00a0oder auf andere Wirkstoffe\u00a0<strong>allergisch ist\u00a0<\/strong><\/li>\n<li>man vor kurzem\u00a0<strong>Herzinfarkt oder Schlaganfall\u00a0<\/strong>durchgemacht hat, oder an andere Herzerkrankungen wie\u00a0<strong>niedriger Blutdruck oder Bluthochdruck<\/strong>\u00a0leidet<\/li>\n<li><strong>man die Nitrate einnimmt\u00a0<\/strong>(zum Beispiel Nitroglycerin, Isosorbid dinitrat), Medikamente, die Stickoxid l\u00f6sen (z.B. Isoamyl-nitrit)<\/li>\n<li>man Medikamente gegen Angina Pectoris einnimmt (z.B. Nitraten oder Stickoxid)<\/li>\n<li><strong>man an andere seri\u00f6se Herzerkrankung oder Leberst\u00f6rung leidet<\/strong><\/li>\n<li>man an seltener Netzhautst\u00f6rung leidet (z.B. retinitis pigmentosa) oder man die Sehkraft durch (NAION) verloren hat<\/li>\n<li><strong>man Riociguat einnimmt\u00a0<\/strong>( zur Heilung der arteriellen Lungenhypertonie und chronischer Lungen Hypertension)<\/li>\n<li><strong>man schon ein anderes Erektionsmittel einnimmt\u00a0<\/strong><\/li>\n<\/ul>\n<h6>Warnung<\/h6>\n<p>Informieren Sie Ihren Arzt, bevor Sie den Wirkstoff Sildenafil einnehmen, im Falle Sie an:<\/p>\n<ul>\n<li>Herzprobleme<\/li>\n<li>Peyronie Erkrankung oder andere Penisdeformationen<\/li>\n<li>Geschw\u00fcr Erkrankung oder Bluterkrankheit (z.B.H\u00e4mophilie)<\/li>\n<li>Zucker Intoleranz (z.B. Laktose)<\/li>\n<li>Sichelzellkrankheit, Leuk\u00e4mie oder mehrfachen Myelom<\/li>\n<li>HIV leiden (besonders wenn mit Proteaseinhibitoren behandelt)<\/li>\n<\/ul>\n<p>Falls Sie an Nieren- oder Leberst\u00f6rung leiden, informieren Sie Ihren Arzt. Der wird Ihre Dosierung anpassen. Meistens f\u00e4ngt man mit 25 mg an.<\/p>\n<p>Die Einnahme von Kingmaster\u00a0 mit anderen Medikamenten soll Ihr Arzt genehmigen besonders wenn die Medikamente \u00a0Erythromycin, Cimetidin oder Ketoconazol enthalten.<\/p>\n<h6>M\u00f6gliche Nebenwirkungen<\/h6>\n<p>KingMaster Kaufen 100 mg Wie bei jedem anderen Medikament k\u00f6nnen sich auch bei diesem Arzneimittel mit Sildenafil\u00a0 Nebenwirkungen zeigen.<\/p>\n<p>Meistens geht es um\u00a0<strong>milde Schwierigkeiten, die nicht lange dauern<\/strong>. In erster Linie sind es vor allem Kopfschmerzen, Gesichtsr\u00f6tung, Unwohlsein,Verdauungsprobleme,Hitzewallung, Sehst\u00f6rungen (verschwommenes oder sgn. blaues Sehen), Schnupfen oder Schwindelgef\u00fchle.<\/p>\n<h5>Wichtiger Hinweis<\/h5>\n<p>Falls bei Ihnen nach der Einnahme des Mittels zu einer starken Verschlechterung der Sehkraft oder des Geh\u00f6rs kommt, Sie finden Blut im Urin oder er wird tr\u00fcb oder falls Sie eine\u00a0<strong>Erektion l\u00e4nger als 4 Stunden<\/strong>\u00a0haben, besonders ohne sexuelle Anregung und schmerzhaft,\u00a0<strong>suchen Sie unverz\u00fcglich Ihren Arzt auf.<\/strong><\/p>\n<p>Medizinische Hilfe suchen Sie unverz\u00fcglich bei allen ungew\u00f6hnlichen Reaktionen oder bei starken Verschlechterung Ihres Zustandes nach der Einnahme des Mittels. Besuchen Sie den Arzt auch wenn die Nebenwirkungen von l\u00e4ngerer Dauer sind.<\/p>\n<h4>Lagerung<\/h4>\n<p>Lagern Sie bei Temperaturen bis 30\u00b0C. Behalten Sie in der Originalpackung. Sch\u00fctzen Sie vor Feuchtigkeit. Vermeiden Sie Kontakt mit Kindern.<\/p>\n<h6>F\u00fcr Interesse<\/h6>\n<p>Kingmaster 100mg geh\u00f6rt dank seiner schnellen Wirkung und angenehmer Einnahme zu den meist beliebten modernen Arzneimitteln mit Sildenafil.<\/p>\n<p>Seine Fans findet man in allen Alterskategorien &#8211; haben Sie problematische Erektion mit 60 oder leiden Sie an\u00a0Probleme mit Erektion mit 20.<\/p>\n<p>Haben Sie schon verschiedene\u00a0nat\u00fcrliche Medikamenten gegen erektile Dysfunktion\u00a0ausprobiert ohne gew\u00fcnschten Effekt zu erreichen? Orientieren Sie sich in der Problematik der\u00a0Medikamente gegen erektile Dysfunktion.<\/p>\n<p>Die L\u00f6sung ist einfacher, als Sie gedacht haben.<\/p>","protected":false},"excerpt":{"rendered":"<p>M\u00f6chten Sie gerne die peinlichen Situationen vermeiden? Den Sex v\u00f6llig genie\u00dfen und Ihren Partner befriedigen? Mit Kingmaster bekommen Sie eine feste und langfristige Erektion in nur 20 Minuten.<\/p>\n<table class=\"info\">\n<tbody>\n<tr>\n<td>Produktcode:<\/td>\n<td>87971766123<\/td>\n<\/tr>\n<tr>\n<td>Kategorie:<\/td>\n<td><a href=\"https:\/\/kamagrashop.online\/viagra-generika-sildenafil\/\">Viagra Generika (Sildenafil)<\/a><\/td>\n<\/tr>\n<tr>\n<td>Marke:<\/td>\n<td>Wellmade Pharmaceuticals Pvt. Ltd.<\/td>\n<\/tr>\n<tr>\n<td>Verf\u00fcgbarkeit:<\/td>\n<td>Auf Lager<\/td>\n<\/tr>\n<\/tbody>\n<\/table>","protected":false},"featured_media":2208,"comment_status":"open","ping_status":"closed","template":"","meta":{"_uag_custom_page_level_css":"","site-sidebar-layout":"","site-content-layout":"","ast-site-content-layout":"","site-content-style":"","site-sidebar-style":"","ast-global-header-display":"","ast-banner-title-visibility":"","ast-main-header-display":"","ast-hfb-above-header-display":"","ast-hfb-below-header-display":"","ast-hfb-mobile-header-display":"","site-post-title":"","ast-breadcrumbs-content":"","ast-featured-img":"","footer-sml-layout":"","ast-disable-related-posts":"","theme-transparent-header-meta":"","adv-header-id-meta":"","stick-header-meta":"","header-above-stick-meta":"","header-main-stick-meta":"","header-below-stick-meta":"","astra-migrate-meta-layouts":"","ast-page-background-enabled":"default","ast-page-background-meta":{"desktop":{"background-color":"","background-image":"","background-repeat":"repeat","background-position":"center center","background-size":"auto","background-attachment":"scroll","background-type":"","background-media":"","overlay-type":"","overlay-color":"","overlay-opacity":"","overlay-gradient":""},"tablet":{"background-color":"","background-image":"","background-repeat":"repeat","background-position":"center center","background-size":"auto","background-attachment":"scroll","background-type":"","background-media":"","overlay-type":"","overlay-color":"","overlay-opacity":"","overlay-gradient":""},"mobile":{"background-color":"","background-image":"","background-repeat":"repeat","background-position":"center center","background-size":"auto","background-attachment":"scroll","background-type":"","background-media":"","overlay-type":"","overlay-color":"","overlay-opacity":"","overlay-gradient":""}},"ast-content-background-meta":{"desktop":{"background-color":"var(--ast-global-color-5)","background-image":"","background-repeat":"repeat","background-position":"center center","background-size":"auto","background-attachment":"scroll","background-type":"","background-media":"","overlay-type":"","overlay-color":"","overlay-opacity":"","overlay-gradient":""},"tablet":{"background-color":"var(--ast-global-color-5)","background-image":"","background-repeat":"repeat","background-position":"center center","background-size":"auto","background-attachment":"scroll","background-type":"","background-media":"","overlay-type":"","overlay-color":"","overlay-opacity":"","overlay-gradient":""},"mobile":{"background-color":"var(--ast-global-color-5)","background-image":"","background-repeat":"repeat","background-position":"center center","background-size":"auto","background-attachment":"scroll","background-type":"","background-media":"","overlay-type":"","overlay-color":"","overlay-opacity":"","overlay-gradient":""}},"episode_type":"","audio_file":"","cover_image":"","cover_image_id":"","duration":"","filesize":"","filesize_raw":"","date_recorded":"","explicit":"","block":"","itunes_episode_number":"","itunes_title":"","itunes_season_number":"","itunes_episode_type":""},"product_brand":[],"product_cat":[24],"product_tag":[],"class_list":{"0":"post-2189","1":"product","2":"type-product","3":"status-publish","4":"has-post-thumbnail","6":"product_cat-viagra-generika-sildenafil","7":"desktop-align-left","8":"tablet-align-left","9":"mobile-align-left","11":"first","12":"instock","13":"shipping-taxable","14":"purchasable","15":"product-type-variable"},"yoast_head":"<!-- This site is optimized with the Yoast SEO plugin v27.0 - https:\/\/yoast.com\/product\/yoast-seo-wordpress\/ -->\n<title>KingMaster Kaufen 100 mg -<\/title>\n<meta name=\"robots\" content=\"index, follow, max-snippet:-1, max-image-preview:large, max-video-preview:-1\" \/>\n<link rel=\"canonical\" href=\"https:\/\/cialisonlineshop.de\/fr\/product\/kingmaster-kaufen-100-mg\/\" \/>\n<meta property=\"og:locale\" content=\"fr_FR\" \/>\n<meta property=\"og:type\" content=\"article\" \/>\n<meta property=\"og:title\" content=\"KingMaster Kaufen 100 mg -\" \/>\n<meta property=\"og:description\" content=\"M\u00f6chten Sie gerne die peinlichen Situationen vermeiden? Den Sex v\u00f6llig genie\u00dfen und Ihren Partner befriedigen? Mit Kingmaster bekommen Sie eine feste und langfristige Erektion in nur 20 Minuten.    Produktcode: 87971766123   Kategorie: Viagra Generika (Sildenafil)   Marke: Wellmade Pharmaceuticals Pvt. Ltd.   Verf\u00fcgbarkeit: Auf Lager\" \/>\n<meta property=\"og:url\" content=\"https:\/\/cialisonlineshop.de\/fr\/product\/kingmaster-kaufen-100-mg\/\" \/>\n<meta property=\"article:modified_time\" content=\"2026-01-14T10:16:32+00:00\" \/>\n<meta property=\"og:image\" content=\"https:\/\/cialisonlineshop.de\/wp-content\/uploads\/2026\/01\/KingMaster-100-mg.jpeg\" \/>\n\t<meta property=\"og:image:width\" content=\"225\" \/>\n\t<meta property=\"og:image:height\" content=\"225\" \/>\n\t<meta property=\"og:image:type\" content=\"image\/jpeg\" \/>\n<meta name=\"twitter:card\" content=\"summary_large_image\" \/>\n<meta name=\"twitter:label1\" content=\"Dur\u00e9e de lecture estim\u00e9e\" \/>\n\t<meta name=\"twitter:data1\" content=\"4 minutes\" \/>\n<script type=\"application\/ld+json\" class=\"yoast-schema-graph\">{\"@context\":\"https:\/\/schema.org\",\"@graph\":[{\"@type\":\"WebPage\",\"@id\":\"https:\/\/cialisonlineshop.de\/product\/kingmaster-kaufen-100-mg\/\",\"url\":\"https:\/\/cialisonlineshop.de\/product\/kingmaster-kaufen-100-mg\/\",\"name\":\"KingMaster Kaufen 100 mg -\",\"isPartOf\":{\"@id\":\"https:\/\/cialisonlineshop.de\/#website\"},\"primaryImageOfPage\":{\"@id\":\"https:\/\/cialisonlineshop.de\/product\/kingmaster-kaufen-100-mg\/#primaryimage\"},\"image\":{\"@id\":\"https:\/\/cialisonlineshop.de\/product\/kingmaster-kaufen-100-mg\/#primaryimage\"},\"thumbnailUrl\":\"https:\/\/cialisonlineshop.de\/wp-content\/uploads\/2026\/01\/KingMaster-100-mg.jpeg\",\"datePublished\":\"2026-01-14T10:16:29+00:00\",\"dateModified\":\"2026-01-14T10:16:32+00:00\",\"breadcrumb\":{\"@id\":\"https:\/\/cialisonlineshop.de\/product\/kingmaster-kaufen-100-mg\/#breadcrumb\"},\"inLanguage\":\"fr-FR\",\"potentialAction\":[{\"@type\":\"ReadAction\",\"target\":[\"https:\/\/cialisonlineshop.de\/product\/kingmaster-kaufen-100-mg\/\"]}]},{\"@type\":\"ImageObject\",\"inLanguage\":\"fr-FR\",\"@id\":\"https:\/\/cialisonlineshop.de\/product\/kingmaster-kaufen-100-mg\/#primaryimage\",\"url\":\"https:\/\/cialisonlineshop.de\/wp-content\/uploads\/2026\/01\/KingMaster-100-mg.jpeg\",\"contentUrl\":\"https:\/\/cialisonlineshop.de\/wp-content\/uploads\/2026\/01\/KingMaster-100-mg.jpeg\",\"width\":225,\"height\":225,\"caption\":\"import placeholder for 5827\"},{\"@type\":\"BreadcrumbList\",\"@id\":\"https:\/\/cialisonlineshop.de\/product\/kingmaster-kaufen-100-mg\/#breadcrumb\",\"itemListElement\":[{\"@type\":\"ListItem\",\"position\":1,\"name\":\"Home\",\"item\":\"https:\/\/cialisonlineshop.de\/\"},{\"@type\":\"ListItem\",\"position\":2,\"name\":\"Shop\",\"item\":\"https:\/\/cialisonlineshop.de\/shop\/\"},{\"@type\":\"ListItem\",\"position\":3,\"name\":\"KingMaster Kaufen 100 mg\"}]},{\"@type\":\"WebSite\",\"@id\":\"https:\/\/cialisonlineshop.de\/#website\",\"url\":\"https:\/\/cialisonlineshop.de\/\",\"name\":\"Cialisonlineshop\",\"description\":\"\",\"publisher\":{\"@id\":\"https:\/\/cialisonlineshop.de\/#organization\"},\"potentialAction\":[{\"@type\":\"SearchAction\",\"target\":{\"@type\":\"EntryPoint\",\"urlTemplate\":\"https:\/\/cialisonlineshop.de\/?s={search_term_string}\"},\"query-input\":{\"@type\":\"PropertyValueSpecification\",\"valueRequired\":true,\"valueName\":\"search_term_string\"}}],\"inLanguage\":\"fr-FR\"},{\"@type\":\"Organization\",\"@id\":\"https:\/\/cialisonlineshop.de\/#organization\",\"name\":\"Cialisonlineshop\",\"url\":\"https:\/\/cialisonlineshop.de\/\",\"logo\":{\"@type\":\"ImageObject\",\"inLanguage\":\"fr-FR\",\"@id\":\"https:\/\/cialisonlineshop.de\/#\/schema\/logo\/image\/\",\"url\":\"https:\/\/cialisonlineshop.de\/wp-content\/uploads\/2026\/01\/Logo_maker_project__6_-removebg-preview-1.png\",\"contentUrl\":\"https:\/\/cialisonlineshop.de\/wp-content\/uploads\/2026\/01\/Logo_maker_project__6_-removebg-preview-1.png\",\"width\":432,\"height\":88,\"caption\":\"Cialisonlineshop\"},\"image\":{\"@id\":\"https:\/\/cialisonlineshop.de\/#\/schema\/logo\/image\/\"}}]}<\/script>\n<!-- \/ Yoast SEO plugin. -->","yoast_head_json":{"title":"KingMaster Kaufen 100 mg -","robots":{"index":"index","follow":"follow","max-snippet":"max-snippet:-1","max-image-preview":"max-image-preview:large","max-video-preview":"max-video-preview:-1"},"canonical":"https:\/\/cialisonlineshop.de\/fr\/product\/kingmaster-kaufen-100-mg\/","og_locale":"fr_FR","og_type":"article","og_title":"KingMaster Kaufen 100 mg -","og_description":"M\u00f6chten Sie gerne die peinlichen Situationen vermeiden? Den Sex v\u00f6llig genie\u00dfen und Ihren Partner befriedigen? Mit Kingmaster bekommen Sie eine feste und langfristige Erektion in nur 20 Minuten.    Produktcode: 87971766123   Kategorie: Viagra Generika (Sildenafil)   Marke: Wellmade Pharmaceuticals Pvt. Ltd.   Verf\u00fcgbarkeit: Auf Lager","og_url":"https:\/\/cialisonlineshop.de\/fr\/product\/kingmaster-kaufen-100-mg\/","article_modified_time":"2026-01-14T10:16:32+00:00","og_image":[{"width":225,"height":225,"url":"https:\/\/cialisonlineshop.de\/wp-content\/uploads\/2026\/01\/KingMaster-100-mg.jpeg","type":"image\/jpeg"}],"twitter_card":"summary_large_image","twitter_misc":{"Dur\u00e9e de lecture estim\u00e9e":"4 minutes"},"schema":{"@context":"https:\/\/schema.org","@graph":[{"@type":"WebPage","@id":"https:\/\/cialisonlineshop.de\/product\/kingmaster-kaufen-100-mg\/","url":"https:\/\/cialisonlineshop.de\/product\/kingmaster-kaufen-100-mg\/","name":"KingMaster Kaufen 100 mg -","isPartOf":{"@id":"https:\/\/cialisonlineshop.de\/#website"},"primaryImageOfPage":{"@id":"https:\/\/cialisonlineshop.de\/product\/kingmaster-kaufen-100-mg\/#primaryimage"},"image":{"@id":"https:\/\/cialisonlineshop.de\/product\/kingmaster-kaufen-100-mg\/#primaryimage"},"thumbnailUrl":"https:\/\/cialisonlineshop.de\/wp-content\/uploads\/2026\/01\/KingMaster-100-mg.jpeg","datePublished":"2026-01-14T10:16:29+00:00","dateModified":"2026-01-14T10:16:32+00:00","breadcrumb":{"@id":"https:\/\/cialisonlineshop.de\/product\/kingmaster-kaufen-100-mg\/#breadcrumb"},"inLanguage":"fr-FR","potentialAction":[{"@type":"ReadAction","target":["https:\/\/cialisonlineshop.de\/product\/kingmaster-kaufen-100-mg\/"]}]},{"@type":"ImageObject","inLanguage":"fr-FR","@id":"https:\/\/cialisonlineshop.de\/product\/kingmaster-kaufen-100-mg\/#primaryimage","url":"https:\/\/cialisonlineshop.de\/wp-content\/uploads\/2026\/01\/KingMaster-100-mg.jpeg","contentUrl":"https:\/\/cialisonlineshop.de\/wp-content\/uploads\/2026\/01\/KingMaster-100-mg.jpeg","width":225,"height":225,"caption":"import placeholder for 5827"},{"@type":"BreadcrumbList","@id":"https:\/\/cialisonlineshop.de\/product\/kingmaster-kaufen-100-mg\/#breadcrumb","itemListElement":[{"@type":"ListItem","position":1,"name":"Home","item":"https:\/\/cialisonlineshop.de\/"},{"@type":"ListItem","position":2,"name":"Shop","item":"https:\/\/cialisonlineshop.de\/shop\/"},{"@type":"ListItem","position":3,"name":"KingMaster Kaufen 100 mg"}]},{"@type":"WebSite","@id":"https:\/\/cialisonlineshop.de\/#website","url":"https:\/\/cialisonlineshop.de\/","name":"Cialisonlineshop","description":"","publisher":{"@id":"https:\/\/cialisonlineshop.de\/#organization"},"potentialAction":[{"@type":"SearchAction","target":{"@type":"EntryPoint","urlTemplate":"https:\/\/cialisonlineshop.de\/?s={search_term_string}"},"query-input":{"@type":"PropertyValueSpecification","valueRequired":true,"valueName":"search_term_string"}}],"inLanguage":"fr-FR"},{"@type":"Organization","@id":"https:\/\/cialisonlineshop.de\/#organization","name":"Cialisonlineshop","url":"https:\/\/cialisonlineshop.de\/","logo":{"@type":"ImageObject","inLanguage":"fr-FR","@id":"https:\/\/cialisonlineshop.de\/#\/schema\/logo\/image\/","url":"https:\/\/cialisonlineshop.de\/wp-content\/uploads\/2026\/01\/Logo_maker_project__6_-removebg-preview-1.png","contentUrl":"https:\/\/cialisonlineshop.de\/wp-content\/uploads\/2026\/01\/Logo_maker_project__6_-removebg-preview-1.png","width":432,"height":88,"caption":"Cialisonlineshop"},"image":{"@id":"https:\/\/cialisonlineshop.de\/#\/schema\/logo\/image\/"}}]}},"uagb_featured_image_src":{"full":["https:\/\/cialisonlineshop.de\/wp-content\/uploads\/2026\/01\/KingMaster-100-mg.jpeg",225,225,false],"thumbnail":["https:\/\/cialisonlineshop.de\/wp-content\/uploads\/2026\/01\/KingMaster-100-mg-150x150.jpeg",150,150,true],"medium":["https:\/\/cialisonlineshop.de\/wp-content\/uploads\/2026\/01\/KingMaster-100-mg.jpeg",225,225,false],"medium_large":["https:\/\/cialisonlineshop.de\/wp-content\/uploads\/2026\/01\/KingMaster-100-mg.jpeg",225,225,false],"large":["https:\/\/cialisonlineshop.de\/wp-content\/uploads\/2026\/01\/KingMaster-100-mg.jpeg",225,225,false],"1536x1536":["https:\/\/cialisonlineshop.de\/wp-content\/uploads\/2026\/01\/KingMaster-100-mg.jpeg",225,225,false],"2048x2048":["https:\/\/cialisonlineshop.de\/wp-content\/uploads\/2026\/01\/KingMaster-100-mg.jpeg",225,225,false],"trp-custom-language-flag":["https:\/\/cialisonlineshop.de\/wp-content\/uploads\/2026\/01\/KingMaster-100-mg.jpeg",12,12,false],"woocommerce_thumbnail":["https:\/\/cialisonlineshop.de\/wp-content\/uploads\/2026\/01\/KingMaster-100-mg.jpeg",225,225,false],"woocommerce_single":["https:\/\/cialisonlineshop.de\/wp-content\/uploads\/2026\/01\/KingMaster-100-mg.jpeg",225,225,false],"woocommerce_gallery_thumbnail":["https:\/\/cialisonlineshop.de\/wp-content\/uploads\/2026\/01\/KingMaster-100-mg-100x100.jpeg",100,100,true]},"uagb_author_info":{"display_name":"Stefan T\u00f6njes","author_link":"https:\/\/cialisonlineshop.de\/fr\/author\/"},"uagb_comment_info":0,"uagb_excerpt":"M\u00f6chten Sie gerne die peinlichen Situationen vermeiden? Den Sex v\u00f6llig genie\u00dfen und Ihren Partner befriedigen? Mit Kingmaster bekommen Sie eine feste und langfristige Erektion in nur 20 Minuten. Produktcode: 87971766123 Kategorie: Viagra Generika (Sildenafil) Marke: Wellmade Pharmaceuticals Pvt. Ltd. Verf\u00fcgbarkeit: Auf Lager","jetpack_sharing_enabled":true,"_links":{"self":[{"href":"https:\/\/cialisonlineshop.de\/fr\/wp-json\/wp\/v2\/product\/2189","targetHints":{"allow":["GET"]}}],"collection":[{"href":"https:\/\/cialisonlineshop.de\/fr\/wp-json\/wp\/v2\/product"}],"about":[{"href":"https:\/\/cialisonlineshop.de\/fr\/wp-json\/wp\/v2\/types\/product"}],"replies":[{"embeddable":true,"href":"https:\/\/cialisonlineshop.de\/fr\/wp-json\/wp\/v2\/comments?post=2189"}],"wp:featuredmedia":[{"embeddable":true,"href":"https:\/\/cialisonlineshop.de\/fr\/wp-json\/wp\/v2\/media\/2208"}],"wp:attachment":[{"href":"https:\/\/cialisonlineshop.de\/fr\/wp-json\/wp\/v2\/media?parent=2189"}],"wp:term":[{"taxonomy":"product_brand","embeddable":true,"href":"https:\/\/cialisonlineshop.de\/fr\/wp-json\/wp\/v2\/product_brand?post=2189"},{"taxonomy":"product_cat","embeddable":true,"href":"https:\/\/cialisonlineshop.de\/fr\/wp-json\/wp\/v2\/product_cat?post=2189"},{"taxonomy":"product_tag","embeddable":true,"href":"https:\/\/cialisonlineshop.de\/fr\/wp-json\/wp\/v2\/product_tag?post=2189"}],"curies":[{"name":"wp","href":"https:\/\/api.w.org\/{rel}","templated":true}]}}