{"id":2166,"date":"2026-01-14T10:16:23","date_gmt":"2026-01-14T10:16:23","guid":{"rendered":"https:\/\/cialisonlineshop.de\/?post_type=product&#038;p=2166"},"modified":"2026-01-14T10:16:32","modified_gmt":"2026-01-14T10:16:32","slug":"sildalist-120-mg-kaufen","status":"publish","type":"product","link":"https:\/\/cialisonlineshop.de\/fr\/product\/sildalist-120-mg-kaufen\/","title":{"rendered":"Sildalist 120 mg kaufen"},"content":{"rendered":"<h1>Grundinformationen zu Sildalist 120 mg kaufen<\/h1>\n<p>Sildalist 120 mg kaufen z\u00e4hlt zu den beliebten Medikamenten zur Behandlung von erektiler Dysfunktion. Es zeichnet sich besonders durch seine\u00a0<strong>eindeutige Kombination von zwei Wirkstoffen<\/strong>\u00a0in einer Tablette aus und ist ein Generikum (vollwertiger Ersatz) f\u00fcr zwei bekannte Originalprodukte \u2013<strong>\u00a0<em>Viagra<\/em>\u00a0<\/strong>und Cialis. Sildalist enth\u00e4lt die Wirkstoffe beider Medikamente \u2013\u00a0<strong>Sildenafil kaufen<\/strong>\u00a0(100 mg) und\u00a0<strong>Tadalafil<\/strong> kaufen (20 mg).<\/p>\n<h2>Wirkstoff<\/h2>\n<p>Die Wirkstoffe in Sildalist sind Sildenafilcitrat (weitere Informationen zum Wirkstoff finden Sie im Artikel\u00a0Sildenafil) und\u00a0Tadalafil\u00a0(weitere Informationen zum Wirkstoff finden Sie im Artikel zu Tadalafil). Beide Wirkstoffe f\u00f6rdern eine angemessene Durchblutung des m\u00e4nnlichen Geschlechtsorgans, gew\u00e4hrleisten eine stabile Erektion und verbessern die sexuelle Leistungsf\u00e4higkeit.<\/p>\n<h3>Dosierung und Anwendung<\/h3>\n<p>Die \u00fcbliche Einzeldosis betr\u00e4gt zu Beginn 60 mg. Je nach Bedarf und Vertr\u00e4glichkeit kann die Einzeldosis auf 30 mg reduziert oder auf maximal 120 mg\u00a0<strong>einmal t\u00e4glich<\/strong>\u00a0erh\u00f6ht werden.\u00a0<strong>\u00dcberschreiten Sie nicht die maximale Tagesdosis von 120 mg.<\/strong><\/p>\n<p>Die Wirkung setzt jedoch\u00a0<strong>nur bei sexueller Stimulation<\/strong>\u00a0ein, da Sildalist kein Aphrodisiakum ist. Es wird empfohlen, Sildalist 120 mg bereits 20\u201360 Minuten vor dem geplanten Geschlechtsverkehr einzunehmen.<\/p>\n<p>Sildalist 120 mg kaufen Dank des Sildenafil-Wirkstoffs kann die Wirkung bis zu 12 Stunden anhalten.<\/p>\n<p>Das Pr\u00e4parat kann vor oder nach den Mahlzeiten eingenommen werden. Beachten Sie jedoch, dass Alkohol, fettreiche Speisen, Grapefruit und Grapefruitsaft die Wirkung von Sildalist 120 mg negativ beeinflussen k\u00f6nnen. Es wird empfohlen, Grapefruit mindestens 72 Stunden vor der Einnahme von Sildalist zu meiden, ebenso w\u00e4hrend seiner Wirkung.<\/p>\n<h4>Kontraindikationen<\/h4>\n<p>Sildalist 120 mg sollte nicht eingenommen werden, wenn:<\/p>\n<ul>\n<li><strong>Sie allergisch gegen Sildenafil, Tadalafil<\/strong>\u00a0oder andere Wirkstoffe sind.<\/li>\n<li>Sie in letzter Zeit einen\u00a0<strong>Herzinfarkt oder Schlaganfall<\/strong>\u00a0erlitten haben oder an anderen Herzerkrankungen wie\u00a0<strong>niedrigem Blutdruck oder hohem Blutdruck<\/strong>\u00a0leiden.<\/li>\n<li><strong>Sie Nitrate einnehmen<\/strong>\u00a0(zum Beispiel Nitroglycerin, Isosorbid-Dinitrat) oder Medikamente, die Stickstoffmonoxid freisetzen (zum Beispiel Isoamyl-Nitrit).<\/li>\n<li>Sie Medikamente gegen Angina Pectoris einnehmen (zum Beispiel Nitraten oder Stickstoffmonoxid).<\/li>\n<li><strong>Sie an schweren Herzerkrankungen oder Leberst\u00f6rungen leiden.<\/strong><\/li>\n<li>Sie an einer seltenen Netzhauterkrankung (zum Beispiel Retinitis Pigmentosa) leiden oder Ihr Sehverm\u00f6gen durch NAION beeintr\u00e4chtigt ist.<\/li>\n<li><strong>Sie Riociguat einnehmen<\/strong>\u00a0(zur Behandlung von pulmonaler arterieller Hypertonie und chronischer Lungenhypertonie).<\/li>\n<li>Sie Alpha-Blocker zur Behandlung von hohem Blutdruck oder Harnwegserkrankungen einnehmen.<\/li>\n<li>Sie Protease-Inhibitoren zur Behandlung von AIDS oder HIV-Infektionen einnehmen.<\/li>\n<li><strong>Sie bereits ein anderes Potenzmittel einnehmen.<\/strong><\/li>\n<\/ul>\n<h4>Warnung<\/h4>\n<p><strong>Informieren Sie Ihren Arzt<\/strong>, bevor Sie Sildalist einnehmen, falls Sie an:<\/p>\n<ul>\n<li>Herzproblemen<\/li>\n<li>Peyronie-Erkrankung oder anderen Penisverformungen leiden.<\/li>\n<li>Magengeschw\u00fcren oder Bluterkrankungen (zum Beispiel H\u00e4mophilie) leiden.<\/li>\n<li>Zuckerintoleranz (zum Beispiel Laktose) leiden.<\/li>\n<li>Sichelzellenan\u00e4mie, Leuk\u00e4mie oder multiplem Myelom leiden.<\/li>\n<\/ul>\n<p>Bei Patienten mit schweren Nierenproblemen sollte die maximale Tagesdosis von\u00a0<strong>Tadalafil<\/strong>\u00a010 mg nicht \u00fcberschritten werden.<br \/>\nDie Einnahme von Sildalist 120 mg zusammen mit anderen Medikamenten sollte von Ihrem Arzt genehmigt werden, insbesondere wenn diese Medikamente Ritonavir, Saquinavir, Erythromycin, Cimetidin, Ketoconazol oder Itrakonazol enthalten.<\/p>\n<h5>M\u00f6gliche Nebenwirkungen<\/h5>\n<p>Wie bei jedem anderen Medikament k\u00f6nnen auch bei Sildalist mit Sildenafil und Tadalafil Nebenwirkungen auftreten. Meist handelt es sich um\u00a0<strong>leichte Beschwerden, die nicht lange anhalten<\/strong>. Dazu geh\u00f6ren haupts\u00e4chlich Kopfschmerzen, Gesichtsr\u00f6tungen, Unwohlsein, Verdauungsprobleme, Hitzewallungen, Sehst\u00f6rungen (verschwommenes oder blaues Sehen), Schnupfen oder Schwindel.<\/p>\n<h5>Wichtiger Hinweis<\/h5>\n<p>Wenn nach der Einnahme des Medikaments eine starke Verschlechterung des Sehverm\u00f6gens oder des Geh\u00f6rs auftritt, Sie Blut im Urin bemerken oder dieser tr\u00fcb wird oder wenn Sie eine\u00a0<strong>Erektion von mehr als 4 Stunden<\/strong>\u00a0haben, insbesondere ohne sexuelle Stimulation und schmerzhaft, sollten Sie sofort einen Arzt aufsuchen.<\/p>\n<p>Suchen Sie sofort \u00e4rztliche Hilfe auf, wenn ungew\u00f6hnliche Reaktionen auftreten oder sich Ihr Zustand nach der Einnahme des Medikaments erheblich verschlechtert. Konsultieren Sie Ihren Arzt auch, wenn die Nebenwirkungen anhalten.<\/p>\n<h6>Lagerung<\/h6>\n<p>Lagern Sie das Medikament bei Temperaturen bis zu 30\u00b0C. Bewahren Sie es in der Originalverpackung auf und sch\u00fctzen Sie es vor Feuchtigkeit. Halten Sie es von Kindern fern.<\/p>\n<p>Weitere <strong>Informationen<\/strong><\/p>\n<p>Wissen Sie, welche h\u00e4ufigsten Ursachen f\u00fcr erektile Dysfunktion verantwortlich sind? Einige von ihnen k\u00f6nnen Sie selbst beeinflussen. Lesen Sie den Artikel\u00a0Ursachen der erektilen Dysfunktion\u00a0und helfen Sie sich selbst. Wie ernst Ihre Situation ist, k\u00f6nnen Sie mit dem\u00a0IIEF-Fragebogen \u2013 Test der erektilen Dysfunktion\u00a0in nur 5 Minuten selbst einsch\u00e4tzen, ohne einen Arzt aufsuchen zu m\u00fcssen.<\/p>\n<p>Dieses Produkt wird ohne Umverpackung und Beipackzettel geliefert.vd<\/p>","protected":false},"excerpt":{"rendered":"<p>Sildalist 120 mg kaufen ist ein Arzneimittel zur Behandlung von Funktionsst\u00f6rungen und kann nur mit einer einzigen Tablette kombiniert werden.<\/p>\n<table class=\"info\">\n<tbody>\n<tr>\n<td>Produktcode:<\/td>\n<td>21200944114<\/td>\n<\/tr>\n<tr>\n<td>Kategorie:<\/td>\n<td><a href=\"https:\/\/kamagrashop.online\/viagra-generika-sildenafil\/\">Viagra Generika (Sildenafil)<\/a><\/td>\n<\/tr>\n<tr>\n<td>Marke:<\/td>\n<td>Cipla Inc.<\/td>\n<\/tr>\n<tr>\n<td>Verf\u00fcgbarkeit:<\/td>\n<td>Auf Lager<\/td>\n<\/tr>\n<\/tbody>\n<\/table>","protected":false},"featured_media":2177,"comment_status":"open","ping_status":"closed","template":"","meta":{"_uag_custom_page_level_css":"","site-sidebar-layout":"","site-content-layout":"","ast-site-content-layout":"","site-content-style":"","site-sidebar-style":"","ast-global-header-display":"","ast-banner-title-visibility":"","ast-main-header-display":"","ast-hfb-above-header-display":"","ast-hfb-below-header-display":"","ast-hfb-mobile-header-display":"","site-post-title":"","ast-breadcrumbs-content":"","ast-featured-img":"","footer-sml-layout":"","ast-disable-related-posts":"","theme-transparent-header-meta":"","adv-header-id-meta":"","stick-header-meta":"","header-above-stick-meta":"","header-main-stick-meta":"","header-below-stick-meta":"","astra-migrate-meta-layouts":"","ast-page-background-enabled":"default","ast-page-background-meta":{"desktop":{"background-color":"","background-image":"","background-repeat":"repeat","background-position":"center center","background-size":"auto","background-attachment":"scroll","background-type":"","background-media":"","overlay-type":"","overlay-color":"","overlay-opacity":"","overlay-gradient":""},"tablet":{"background-color":"","background-image":"","background-repeat":"repeat","background-position":"center center","background-size":"auto","background-attachment":"scroll","background-type":"","background-media":"","overlay-type":"","overlay-color":"","overlay-opacity":"","overlay-gradient":""},"mobile":{"background-color":"","background-image":"","background-repeat":"repeat","background-position":"center center","background-size":"auto","background-attachment":"scroll","background-type":"","background-media":"","overlay-type":"","overlay-color":"","overlay-opacity":"","overlay-gradient":""}},"ast-content-background-meta":{"desktop":{"background-color":"var(--ast-global-color-5)","background-image":"","background-repeat":"repeat","background-position":"center center","background-size":"auto","background-attachment":"scroll","background-type":"","background-media":"","overlay-type":"","overlay-color":"","overlay-opacity":"","overlay-gradient":""},"tablet":{"background-color":"var(--ast-global-color-5)","background-image":"","background-repeat":"repeat","background-position":"center center","background-size":"auto","background-attachment":"scroll","background-type":"","background-media":"","overlay-type":"","overlay-color":"","overlay-opacity":"","overlay-gradient":""},"mobile":{"background-color":"var(--ast-global-color-5)","background-image":"","background-repeat":"repeat","background-position":"center center","background-size":"auto","background-attachment":"scroll","background-type":"","background-media":"","overlay-type":"","overlay-color":"","overlay-opacity":"","overlay-gradient":""}},"episode_type":"","audio_file":"","cover_image":"","cover_image_id":"","duration":"","filesize":"","filesize_raw":"","date_recorded":"","explicit":"","block":"","itunes_episode_number":"","itunes_title":"","itunes_season_number":"","itunes_episode_type":""},"product_brand":[],"product_cat":[28,24],"product_tag":[],"class_list":{"0":"post-2166","1":"product","2":"type-product","3":"status-publish","4":"has-post-thumbnail","6":"product_cat-cialis-generika-tadalafil","7":"product_cat-viagra-generika-sildenafil","8":"desktop-align-left","9":"tablet-align-left","10":"mobile-align-left","12":"first","13":"instock","14":"shipping-taxable","15":"purchasable","16":"product-type-variable"},"yoast_head":"<!-- This site is optimized with the Yoast SEO plugin v27.0 - https:\/\/yoast.com\/product\/yoast-seo-wordpress\/ -->\n<title>Sildalist 120 mg kaufen -<\/title>\n<meta name=\"robots\" content=\"index, follow, max-snippet:-1, max-image-preview:large, max-video-preview:-1\" \/>\n<link rel=\"canonical\" href=\"https:\/\/cialisonlineshop.de\/fr\/product\/sildalist-120-mg-kaufen\/\" \/>\n<meta property=\"og:locale\" content=\"fr_FR\" \/>\n<meta property=\"og:type\" content=\"article\" \/>\n<meta property=\"og:title\" content=\"Sildalist 120 mg kaufen -\" \/>\n<meta property=\"og:description\" content=\"Sildalist 120 mg kaufen ist ein Arzneimittel zur Behandlung von Funktionsst\u00f6rungen und kann nur mit einer einzigen Tablette kombiniert werden.    Produktcode: 21200944114   Kategorie: Viagra Generika (Sildenafil)   Marke: Cipla Inc.   Verf\u00fcgbarkeit: Auf Lager\" \/>\n<meta property=\"og:url\" content=\"https:\/\/cialisonlineshop.de\/fr\/product\/sildalist-120-mg-kaufen\/\" \/>\n<meta property=\"article:modified_time\" content=\"2026-01-14T10:16:32+00:00\" \/>\n<meta property=\"og:image\" content=\"https:\/\/cialisonlineshop.de\/wp-content\/uploads\/2026\/01\/Sildalist-120-mg.png\" \/>\n\t<meta property=\"og:image:width\" content=\"1000\" \/>\n\t<meta property=\"og:image:height\" content=\"1000\" \/>\n\t<meta property=\"og:image:type\" content=\"image\/png\" \/>\n<meta name=\"twitter:card\" content=\"summary_large_image\" \/>\n<meta name=\"twitter:label1\" content=\"Dur\u00e9e de lecture estim\u00e9e\" \/>\n\t<meta name=\"twitter:data1\" content=\"3 minutes\" \/>\n<script type=\"application\/ld+json\" class=\"yoast-schema-graph\">{\"@context\":\"https:\/\/schema.org\",\"@graph\":[{\"@type\":\"WebPage\",\"@id\":\"https:\/\/cialisonlineshop.de\/product\/sildalist-120-mg-kaufen\/\",\"url\":\"https:\/\/cialisonlineshop.de\/product\/sildalist-120-mg-kaufen\/\",\"name\":\"Sildalist 120 mg kaufen -\",\"isPartOf\":{\"@id\":\"https:\/\/cialisonlineshop.de\/#website\"},\"primaryImageOfPage\":{\"@id\":\"https:\/\/cialisonlineshop.de\/product\/sildalist-120-mg-kaufen\/#primaryimage\"},\"image\":{\"@id\":\"https:\/\/cialisonlineshop.de\/product\/sildalist-120-mg-kaufen\/#primaryimage\"},\"thumbnailUrl\":\"https:\/\/cialisonlineshop.de\/wp-content\/uploads\/2026\/01\/Sildalist-120-mg.png\",\"datePublished\":\"2026-01-14T10:16:23+00:00\",\"dateModified\":\"2026-01-14T10:16:32+00:00\",\"breadcrumb\":{\"@id\":\"https:\/\/cialisonlineshop.de\/product\/sildalist-120-mg-kaufen\/#breadcrumb\"},\"inLanguage\":\"fr-FR\",\"potentialAction\":[{\"@type\":\"ReadAction\",\"target\":[\"https:\/\/cialisonlineshop.de\/product\/sildalist-120-mg-kaufen\/\"]}]},{\"@type\":\"ImageObject\",\"inLanguage\":\"fr-FR\",\"@id\":\"https:\/\/cialisonlineshop.de\/product\/sildalist-120-mg-kaufen\/#primaryimage\",\"url\":\"https:\/\/cialisonlineshop.de\/wp-content\/uploads\/2026\/01\/Sildalist-120-mg.png\",\"contentUrl\":\"https:\/\/cialisonlineshop.de\/wp-content\/uploads\/2026\/01\/Sildalist-120-mg.png\",\"width\":1000,\"height\":1000,\"caption\":\"import placeholder for 5804\"},{\"@type\":\"BreadcrumbList\",\"@id\":\"https:\/\/cialisonlineshop.de\/product\/sildalist-120-mg-kaufen\/#breadcrumb\",\"itemListElement\":[{\"@type\":\"ListItem\",\"position\":1,\"name\":\"Home\",\"item\":\"https:\/\/cialisonlineshop.de\/\"},{\"@type\":\"ListItem\",\"position\":2,\"name\":\"Shop\",\"item\":\"https:\/\/cialisonlineshop.de\/shop\/\"},{\"@type\":\"ListItem\",\"position\":3,\"name\":\"Sildalist 120 mg kaufen\"}]},{\"@type\":\"WebSite\",\"@id\":\"https:\/\/cialisonlineshop.de\/#website\",\"url\":\"https:\/\/cialisonlineshop.de\/\",\"name\":\"Cialisonlineshop\",\"description\":\"\",\"publisher\":{\"@id\":\"https:\/\/cialisonlineshop.de\/#organization\"},\"potentialAction\":[{\"@type\":\"SearchAction\",\"target\":{\"@type\":\"EntryPoint\",\"urlTemplate\":\"https:\/\/cialisonlineshop.de\/?s={search_term_string}\"},\"query-input\":{\"@type\":\"PropertyValueSpecification\",\"valueRequired\":true,\"valueName\":\"search_term_string\"}}],\"inLanguage\":\"fr-FR\"},{\"@type\":\"Organization\",\"@id\":\"https:\/\/cialisonlineshop.de\/#organization\",\"name\":\"Cialisonlineshop\",\"url\":\"https:\/\/cialisonlineshop.de\/\",\"logo\":{\"@type\":\"ImageObject\",\"inLanguage\":\"fr-FR\",\"@id\":\"https:\/\/cialisonlineshop.de\/#\/schema\/logo\/image\/\",\"url\":\"https:\/\/cialisonlineshop.de\/wp-content\/uploads\/2026\/01\/Logo_maker_project__6_-removebg-preview-1.png\",\"contentUrl\":\"https:\/\/cialisonlineshop.de\/wp-content\/uploads\/2026\/01\/Logo_maker_project__6_-removebg-preview-1.png\",\"width\":432,\"height\":88,\"caption\":\"Cialisonlineshop\"},\"image\":{\"@id\":\"https:\/\/cialisonlineshop.de\/#\/schema\/logo\/image\/\"}}]}<\/script>\n<!-- \/ Yoast SEO plugin. -->","yoast_head_json":{"title":"Sildalist 120 mg kaufen -","robots":{"index":"index","follow":"follow","max-snippet":"max-snippet:-1","max-image-preview":"max-image-preview:large","max-video-preview":"max-video-preview:-1"},"canonical":"https:\/\/cialisonlineshop.de\/fr\/product\/sildalist-120-mg-kaufen\/","og_locale":"fr_FR","og_type":"article","og_title":"Sildalist 120 mg kaufen -","og_description":"Sildalist 120 mg kaufen ist ein Arzneimittel zur Behandlung von Funktionsst\u00f6rungen und kann nur mit einer einzigen Tablette kombiniert werden.    Produktcode: 21200944114   Kategorie: Viagra Generika (Sildenafil)   Marke: Cipla Inc.   Verf\u00fcgbarkeit: Auf Lager","og_url":"https:\/\/cialisonlineshop.de\/fr\/product\/sildalist-120-mg-kaufen\/","article_modified_time":"2026-01-14T10:16:32+00:00","og_image":[{"width":1000,"height":1000,"url":"https:\/\/cialisonlineshop.de\/wp-content\/uploads\/2026\/01\/Sildalist-120-mg.png","type":"image\/png"}],"twitter_card":"summary_large_image","twitter_misc":{"Dur\u00e9e de lecture estim\u00e9e":"3 minutes"},"schema":{"@context":"https:\/\/schema.org","@graph":[{"@type":"WebPage","@id":"https:\/\/cialisonlineshop.de\/product\/sildalist-120-mg-kaufen\/","url":"https:\/\/cialisonlineshop.de\/product\/sildalist-120-mg-kaufen\/","name":"Sildalist 120 mg kaufen -","isPartOf":{"@id":"https:\/\/cialisonlineshop.de\/#website"},"primaryImageOfPage":{"@id":"https:\/\/cialisonlineshop.de\/product\/sildalist-120-mg-kaufen\/#primaryimage"},"image":{"@id":"https:\/\/cialisonlineshop.de\/product\/sildalist-120-mg-kaufen\/#primaryimage"},"thumbnailUrl":"https:\/\/cialisonlineshop.de\/wp-content\/uploads\/2026\/01\/Sildalist-120-mg.png","datePublished":"2026-01-14T10:16:23+00:00","dateModified":"2026-01-14T10:16:32+00:00","breadcrumb":{"@id":"https:\/\/cialisonlineshop.de\/product\/sildalist-120-mg-kaufen\/#breadcrumb"},"inLanguage":"fr-FR","potentialAction":[{"@type":"ReadAction","target":["https:\/\/cialisonlineshop.de\/product\/sildalist-120-mg-kaufen\/"]}]},{"@type":"ImageObject","inLanguage":"fr-FR","@id":"https:\/\/cialisonlineshop.de\/product\/sildalist-120-mg-kaufen\/#primaryimage","url":"https:\/\/cialisonlineshop.de\/wp-content\/uploads\/2026\/01\/Sildalist-120-mg.png","contentUrl":"https:\/\/cialisonlineshop.de\/wp-content\/uploads\/2026\/01\/Sildalist-120-mg.png","width":1000,"height":1000,"caption":"import placeholder for 5804"},{"@type":"BreadcrumbList","@id":"https:\/\/cialisonlineshop.de\/product\/sildalist-120-mg-kaufen\/#breadcrumb","itemListElement":[{"@type":"ListItem","position":1,"name":"Home","item":"https:\/\/cialisonlineshop.de\/"},{"@type":"ListItem","position":2,"name":"Shop","item":"https:\/\/cialisonlineshop.de\/shop\/"},{"@type":"ListItem","position":3,"name":"Sildalist 120 mg kaufen"}]},{"@type":"WebSite","@id":"https:\/\/cialisonlineshop.de\/#website","url":"https:\/\/cialisonlineshop.de\/","name":"Cialisonlineshop","description":"","publisher":{"@id":"https:\/\/cialisonlineshop.de\/#organization"},"potentialAction":[{"@type":"SearchAction","target":{"@type":"EntryPoint","urlTemplate":"https:\/\/cialisonlineshop.de\/?s={search_term_string}"},"query-input":{"@type":"PropertyValueSpecification","valueRequired":true,"valueName":"search_term_string"}}],"inLanguage":"fr-FR"},{"@type":"Organization","@id":"https:\/\/cialisonlineshop.de\/#organization","name":"Cialisonlineshop","url":"https:\/\/cialisonlineshop.de\/","logo":{"@type":"ImageObject","inLanguage":"fr-FR","@id":"https:\/\/cialisonlineshop.de\/#\/schema\/logo\/image\/","url":"https:\/\/cialisonlineshop.de\/wp-content\/uploads\/2026\/01\/Logo_maker_project__6_-removebg-preview-1.png","contentUrl":"https:\/\/cialisonlineshop.de\/wp-content\/uploads\/2026\/01\/Logo_maker_project__6_-removebg-preview-1.png","width":432,"height":88,"caption":"Cialisonlineshop"},"image":{"@id":"https:\/\/cialisonlineshop.de\/#\/schema\/logo\/image\/"}}]}},"uagb_featured_image_src":{"full":["https:\/\/cialisonlineshop.de\/wp-content\/uploads\/2026\/01\/Sildalist-120-mg.png",1000,1000,false],"thumbnail":["https:\/\/cialisonlineshop.de\/wp-content\/uploads\/2026\/01\/Sildalist-120-mg-150x150.png",150,150,true],"medium":["https:\/\/cialisonlineshop.de\/wp-content\/uploads\/2026\/01\/Sildalist-120-mg-300x300.png",300,300,true],"medium_large":["https:\/\/cialisonlineshop.de\/wp-content\/uploads\/2026\/01\/Sildalist-120-mg-768x768.png",768,768,true],"large":["https:\/\/cialisonlineshop.de\/wp-content\/uploads\/2026\/01\/Sildalist-120-mg.png",1000,1000,false],"1536x1536":["https:\/\/cialisonlineshop.de\/wp-content\/uploads\/2026\/01\/Sildalist-120-mg.png",1000,1000,false],"2048x2048":["https:\/\/cialisonlineshop.de\/wp-content\/uploads\/2026\/01\/Sildalist-120-mg.png",1000,1000,false],"trp-custom-language-flag":["https:\/\/cialisonlineshop.de\/wp-content\/uploads\/2026\/01\/Sildalist-120-mg.png",12,12,false],"woocommerce_thumbnail":["https:\/\/cialisonlineshop.de\/wp-content\/uploads\/2026\/01\/Sildalist-120-mg-300x300.png",300,300,true],"woocommerce_single":["https:\/\/cialisonlineshop.de\/wp-content\/uploads\/2026\/01\/Sildalist-120-mg-600x600.png",600,600,true],"woocommerce_gallery_thumbnail":["https:\/\/cialisonlineshop.de\/wp-content\/uploads\/2026\/01\/Sildalist-120-mg-100x100.png",100,100,true]},"uagb_author_info":{"display_name":"Stefan T\u00f6njes","author_link":"https:\/\/cialisonlineshop.de\/fr\/author\/"},"uagb_comment_info":0,"uagb_excerpt":"Sildalist 120 mg kaufen ist ein Arzneimittel zur Behandlung von Funktionsst\u00f6rungen und kann nur mit einer einzigen Tablette kombiniert werden. Produktcode: 21200944114 Kategorie: Viagra Generika (Sildenafil) Marke: Cipla Inc. Verf\u00fcgbarkeit: Auf Lager","jetpack_sharing_enabled":true,"_links":{"self":[{"href":"https:\/\/cialisonlineshop.de\/fr\/wp-json\/wp\/v2\/product\/2166","targetHints":{"allow":["GET"]}}],"collection":[{"href":"https:\/\/cialisonlineshop.de\/fr\/wp-json\/wp\/v2\/product"}],"about":[{"href":"https:\/\/cialisonlineshop.de\/fr\/wp-json\/wp\/v2\/types\/product"}],"replies":[{"embeddable":true,"href":"https:\/\/cialisonlineshop.de\/fr\/wp-json\/wp\/v2\/comments?post=2166"}],"wp:featuredmedia":[{"embeddable":true,"href":"https:\/\/cialisonlineshop.de\/fr\/wp-json\/wp\/v2\/media\/2177"}],"wp:attachment":[{"href":"https:\/\/cialisonlineshop.de\/fr\/wp-json\/wp\/v2\/media?parent=2166"}],"wp:term":[{"taxonomy":"product_brand","embeddable":true,"href":"https:\/\/cialisonlineshop.de\/fr\/wp-json\/wp\/v2\/product_brand?post=2166"},{"taxonomy":"product_cat","embeddable":true,"href":"https:\/\/cialisonlineshop.de\/fr\/wp-json\/wp\/v2\/product_cat?post=2166"},{"taxonomy":"product_tag","embeddable":true,"href":"https:\/\/cialisonlineshop.de\/fr\/wp-json\/wp\/v2\/product_tag?post=2166"}],"curies":[{"name":"wp","href":"https:\/\/api.w.org\/{rel}","templated":true}]}}