{"id":2155,"date":"2026-01-14T10:16:22","date_gmt":"2026-01-14T10:16:22","guid":{"rendered":"https:\/\/cialisonlineshop.de\/?post_type=product&#038;p=2155"},"modified":"2026-02-24T11:09:15","modified_gmt":"2026-02-24T11:09:15","slug":"vidalista-black-bestellen-80-mg","status":"publish","type":"product","link":"https:\/\/cialisonlineshop.de\/fr\/product\/vidalista-black-bestellen-80-mg\/","title":{"rendered":"Vidalista black Bestellen 80 mg"},"content":{"rendered":"<h2>Vidalista black Bestellen 80 mg (Tadalafil)<\/h2>\n<p>Vidalista black Bestellen 80 mg\u00a0 (Tadalafil) wird von <a href=\"https:\/\/kamagrashop.online\/centurion-laboratories-pvt-ltd\/\">Centurion Laboratories<\/a>\u00a0hergestellt und ist die beliebteste Alternative (Generikum) zu Cialis (Tadalafil). Vidalista ist ein Medikament f\u00fcr M\u00e4nner, die an Erektionsst\u00f6rungen leiden. Nach der Einnahme k\u00f6nnen praktisch alle M\u00e4nner eine qualitativ hochwertige Erektion erreichen und somit besseren Geschlechtsverkehr genie\u00dfen.<\/p>\n<h2>Wirkdauer<\/h2>\n<p>Vidalista 80mg Black (Tadalafil)<strong>\u00a0kann 36 bis 42 Stunden<\/strong>\u00a0wirken, was viel l\u00e4nger ist als Viagra (Sildenafil) oder andere Pr\u00e4parate, die <a href=\"https:\/\/kamagrabestellenshop.online\/kamagra-100mg\/\">Sildenafil Citrate<\/a> enthalten. Aus diesem Grund wird es oft als \u201eWochenendpille\u201c bezeichnet. Aufgrund seiner langanhaltenden Wirkung ist\u00a0Vidalista\u00a0(Tadalafil) das am h\u00e4ufigsten verschriebene Medikament zur Behandlung von erektiler Dysfunktion.<\/p>\n<h2>Wirkstoff Tadalafil<\/h2>\n<p>Vidalista enth\u00e4lt den Wirkstoff\u00a0Tadalafil, der die Durchblutung des Penis w\u00e4hrend sexueller Stimulation erh\u00f6ht und zu einer st\u00e4rkeren und l\u00e4nger anhaltenden Erektion f\u00fchrt. Vidalista (Tadalafil) hilft auch dabei, eine hochwertige, langanhaltende Erektion aufrechtzuerhalten. Die Wirkung von Vidalista (Tadalafil)\u00a0<strong>tritt bereits etwa 30 Minuten<\/strong>\u00a0nach der Einnahme ein und h\u00e4lt 36 bis 42 Stunden an. In den letzten Jahren hat sich Vidalista (Tadalafil) zu einem der beliebtesten\u00a0Medikamente gegen Erektionsst\u00f6rungen entwickelt.<\/p>\n<h2>Wirkstoffgehalt<\/h2>\n<p>Jede beschichtete Tablette Vidalista 80mg enth\u00e4lt 80mg Tadalafil.<\/p>\n<h2>Dosierung Vidalista 80mg Black (Tadalafil)<\/h2>\n<p>Die empfohlene Anfangsdosis betr\u00e4gt 40mg Tadalafil<strong>\u00a0(entspricht 1\/2 Tablette Vidalista 80mg) vor dem Geschlechtsverkehr<\/strong>. Die Tagesdosis sollte 80mg Tadalafil nicht \u00fcberschreiten. Die Wirkung von Vidalista (Tadalafil) tritt bei sexueller Stimulation auf. Die Wirkung von Vidalista (Tadalafil)\u00a0<strong>setzt bereits nach etwa 30 Minuten ein und dauert 36 bis 42 Stunden an<\/strong>. Vermeiden Sie vor der Einnahme von Vidalista (Tadalafil) \u00fcberm\u00e4\u00dfigen Alkoholkonsum.\u00a0<strong>Alkohol und fettreiche Mahlzeiten k\u00f6nnen die Wirkung beeintr\u00e4chtigen<\/strong>.<\/p>\n<h2>Wer sollte Vidalista 80mg Black nicht einnehmen?<\/h2>\n<p>Vidalista 80mg Black (Tadalafil) sollte nicht eingenommen werden, wenn Sie organische Nitrate in irgendeiner Form oder stickstoffoxidfreisetzende Substanzen wie Amylnitrat einnehmen. Dies sind Arzneimittel, die zur Behandlung von Angina pectoris (Brustschmerzen) verwendet werden. Es wurde festgestellt, dass Vidalista (Tadalafil) die Wirkung dieser Arzneimittel verst\u00e4rkt. Wenn Sie Nitrate in irgendeiner Form einnehmen oder sich nicht sicher sind, wenden Sie sich an Ihren Arzt.<\/p>\n<h2>Empfehlungen f\u00fcr Patienten, die Vidalista 80mg Black (Tadalafil) einnehmen<\/h2>\n<p>Tadalafil sollte nicht gleichzeitig mit Medikamenten eingenommen werden, die Nitrate enthalten oder stickstoffoxidfreisetzende Substanzen sind, wie Isosorbidmononitrat und Isosorbiddinitrat. Die gemeinsame Anwendung von Vidalista (Tadalafil)\u00a0<strong>mit anderen Medikamenten erfordert die Zustimmung Ihres behandelnden Arztes, insbesondere wenn Sie Arzneimittel wie Cimetidin<\/strong>, Erythromycin und Ketoconazol einnehmen.<\/p>\n<h2>M\u00f6gliche Nebenwirkungen von Vidalista 80mg Black<\/h2>\n<p>Wie bei allen Medikamenten kann auch das Medikament Vidalista (Tadalafil) Nebenwirkungen haben. Diese Nebenwirkungen sind in der Regel leicht und vor\u00fcbergehend. Dazu geh\u00f6ren in erster Linie Kopfschmerzen und R\u00f6tungen im Gesicht. Zu den weiteren selten auftretenden, aber dokumentierten Nebenwirkungen geh\u00f6ren Verdauungsst\u00f6rungen, Schwindel, verstopfte Nase und Sehst\u00f6rungen.\u00a0<strong>Wenn Sie eine Erektion haben, die l\u00e4nger als 5 Stunden anh\u00e4lt, suchen Sie umgehend einen Arzt auf<\/strong>. Wenn Sie eine Nebenwirkung bemerken, die hier nicht aufgef\u00fchrt ist, oder wenn Sie Nebenwirkungen bemerken, die hier nicht aufgef\u00fchrt sind, informieren Sie Ihren Arzt.<\/p>\n<h2>So wird Vidalista 80mg Black (Tadalafil) aufbewahrt<\/h2>\n<p>Lagern Sie es bei Temperaturen bis zu 30 Grad Celsius.<\/p>\n<p>Bewahren Sie es in der Originalverpackung auf, um es vor Feuchtigkeit zu sch\u00fctzen.<\/p>\n<h2>F\u00fcr Interesse<\/h2>\n<p>Mehr \u00fcber die Wirkstoffe f\u00fcr bessere Erektion erfahren Sie im Artikel\u00a0Arzneimittel f\u00fcr erektile Dysfunktion in Fragen und Antworten. Falls Sie noch andere Optionen der Heilung von erektiler Dysfunktion interessieren, schauen Sie sich den Artikel\u00a0Heilung und Besserung von Erektionsst\u00f6rungen\u00a0an.<\/p>\n<p>Dieses Produkt wird ohne eine Packungsbeilage versendet. Eine Schachtel wird nur bei einer Bestellung von 10 oder mehreren Packungen geliefert.<\/p>","protected":false},"excerpt":{"rendered":"<p>Vidalista black Bestellen 80 mg Wird von der Firma Centurion Laboratories hergestellt und ist die beliebteste Alternative (Generikum) zu Cialis (Tadalafil).<\/p>\n<p>Vidalista Kaufen ist ein Medikament f\u00fcr M\u00e4nner, die an erektiler Dysfunktion leiden, und nach der Einnahme k\u00f6nnen praktisch alle M\u00e4nner eine qualitativ hochwertige Erektion erreichen und somit besseren Geschlechtsverkehr genie\u00dfen.<\/p>\n<table class=\"info\">\n<tbody>\n<tr>\n<td>Produktcode:<\/td>\n<td>87971766238<\/td>\n<\/tr>\n<tr>\n<td>Kategorie:<\/td>\n<td>Cialis Generika (Tadalafil)<\/td>\n<\/tr>\n<tr>\n<td>Marke:<\/td>\n<td><a href=\"https:\/\/kamagrashop.online\/centurion-laboratories-pvt-ltd\/\">Centurion Laboratories Pvt. Ltd.<\/a><\/td>\n<\/tr>\n<tr>\n<td>Verf\u00fcgbarkeit:<\/td>\n<td>Auf Lager<\/td>\n<\/tr>\n<\/tbody>\n<\/table>","protected":false},"featured_media":2176,"comment_status":"open","ping_status":"closed","template":"","meta":{"_uag_custom_page_level_css":"","site-sidebar-layout":"default","site-content-layout":"","ast-site-content-layout":"default","site-content-style":"default","site-sidebar-style":"default","ast-global-header-display":"","ast-banner-title-visibility":"","ast-main-header-display":"","ast-hfb-above-header-display":"","ast-hfb-below-header-display":"","ast-hfb-mobile-header-display":"","site-post-title":"","ast-breadcrumbs-content":"","ast-featured-img":"","footer-sml-layout":"","ast-disable-related-posts":"","theme-transparent-header-meta":"default","adv-header-id-meta":"","stick-header-meta":"","header-above-stick-meta":"","header-main-stick-meta":"","header-below-stick-meta":"","astra-migrate-meta-layouts":"set","ast-page-background-enabled":"default","ast-page-background-meta":{"desktop":{"background-color":"","background-image":"","background-repeat":"repeat","background-position":"center center","background-size":"auto","background-attachment":"scroll","background-type":"","background-media":"","overlay-type":"","overlay-color":"","overlay-opacity":"","overlay-gradient":""},"tablet":{"background-color":"","background-image":"","background-repeat":"repeat","background-position":"center center","background-size":"auto","background-attachment":"scroll","background-type":"","background-media":"","overlay-type":"","overlay-color":"","overlay-opacity":"","overlay-gradient":""},"mobile":{"background-color":"","background-image":"","background-repeat":"repeat","background-position":"center center","background-size":"auto","background-attachment":"scroll","background-type":"","background-media":"","overlay-type":"","overlay-color":"","overlay-opacity":"","overlay-gradient":""}},"ast-content-background-meta":{"desktop":{"background-color":"var(--ast-global-color-5)","background-image":"","background-repeat":"repeat","background-position":"center center","background-size":"auto","background-attachment":"scroll","background-type":"","background-media":"","overlay-type":"","overlay-color":"","overlay-opacity":"","overlay-gradient":""},"tablet":{"background-color":"var(--ast-global-color-5)","background-image":"","background-repeat":"repeat","background-position":"center center","background-size":"auto","background-attachment":"scroll","background-type":"","background-media":"","overlay-type":"","overlay-color":"","overlay-opacity":"","overlay-gradient":""},"mobile":{"background-color":"var(--ast-global-color-5)","background-image":"","background-repeat":"repeat","background-position":"center center","background-size":"auto","background-attachment":"scroll","background-type":"","background-media":"","overlay-type":"","overlay-color":"","overlay-opacity":"","overlay-gradient":""}},"episode_type":"","audio_file":"","cover_image":"","cover_image_id":"","duration":"","filesize":"","filesize_raw":"","date_recorded":"","explicit":"","block":"","itunes_episode_number":"","itunes_title":"","itunes_season_number":"","itunes_episode_type":""},"product_brand":[],"product_cat":[28],"product_tag":[],"class_list":{"0":"post-2155","1":"product","2":"type-product","3":"status-publish","4":"has-post-thumbnail","6":"product_cat-cialis-generika-tadalafil","7":"desktop-align-left","8":"tablet-align-left","9":"mobile-align-left","11":"first","12":"instock","13":"shipping-taxable","14":"purchasable","15":"product-type-variable"},"yoast_head":"<!-- This site is optimized with the Yoast SEO plugin v27.0 - https:\/\/yoast.com\/product\/yoast-seo-wordpress\/ -->\n<title>Vidalista Black Bestellen 80 Mg Online Kaufen | Apotheke Europe<\/title>\n<meta name=\"description\" content=\"Bestellen Sie Vidalista Black 80 mg online bei Apotheke Europe. G\u00fcnstige Preise, schnelle Lieferung und diskrete Verpackung. Jetzt sicher und bequem kaufen!\" \/>\n<meta name=\"robots\" content=\"index, follow, max-snippet:-1, max-image-preview:large, max-video-preview:-1\" \/>\n<link rel=\"canonical\" href=\"https:\/\/cialisonlineshop.de\/fr\/product\/vidalista-black-bestellen-80-mg\/\" \/>\n<meta property=\"og:locale\" content=\"fr_FR\" \/>\n<meta property=\"og:type\" content=\"article\" \/>\n<meta property=\"og:title\" content=\"Vidalista Black Bestellen 80 Mg Online Kaufen | Apotheke Europe\" \/>\n<meta property=\"og:description\" content=\"Bestellen Sie Vidalista Black 80 mg online bei Apotheke Europe. G\u00fcnstige Preise, schnelle Lieferung und diskrete Verpackung. Jetzt sicher und bequem kaufen!\" \/>\n<meta property=\"og:url\" content=\"https:\/\/cialisonlineshop.de\/fr\/product\/vidalista-black-bestellen-80-mg\/\" \/>\n<meta property=\"article:modified_time\" content=\"2026-02-24T11:09:15+00:00\" \/>\n<meta property=\"og:image\" content=\"https:\/\/cialisonlineshop.de\/wp-content\/uploads\/2026\/01\/Vidalista-black-80-mg.jpg\" \/>\n\t<meta property=\"og:image:width\" content=\"1000\" \/>\n\t<meta property=\"og:image:height\" content=\"1000\" \/>\n\t<meta property=\"og:image:type\" content=\"image\/jpeg\" \/>\n<meta name=\"twitter:card\" content=\"summary_large_image\" \/>\n<meta name=\"twitter:label1\" content=\"Dur\u00e9e de lecture estim\u00e9e\" \/>\n\t<meta name=\"twitter:data1\" content=\"4 minutes\" \/>\n<script type=\"application\/ld+json\" class=\"yoast-schema-graph\">{\"@context\":\"https:\/\/schema.org\",\"@graph\":[{\"@type\":\"WebPage\",\"@id\":\"https:\/\/cialisonlineshop.de\/product\/vidalista-black-bestellen-80-mg\/\",\"url\":\"https:\/\/cialisonlineshop.de\/product\/vidalista-black-bestellen-80-mg\/\",\"name\":\"Vidalista Black Bestellen 80 Mg Online Kaufen | Apotheke Europe\",\"isPartOf\":{\"@id\":\"https:\/\/cialisonlineshop.de\/#website\"},\"primaryImageOfPage\":{\"@id\":\"https:\/\/cialisonlineshop.de\/product\/vidalista-black-bestellen-80-mg\/#primaryimage\"},\"image\":{\"@id\":\"https:\/\/cialisonlineshop.de\/product\/vidalista-black-bestellen-80-mg\/#primaryimage\"},\"thumbnailUrl\":\"https:\/\/cialisonlineshop.de\/wp-content\/uploads\/2026\/01\/Vidalista-black-80-mg.jpg\",\"datePublished\":\"2026-01-14T10:16:22+00:00\",\"dateModified\":\"2026-02-24T11:09:15+00:00\",\"description\":\"Bestellen Sie Vidalista Black 80 mg online bei Apotheke Europe. G\u00fcnstige Preise, schnelle Lieferung und diskrete Verpackung. Jetzt sicher und bequem kaufen!\",\"breadcrumb\":{\"@id\":\"https:\/\/cialisonlineshop.de\/product\/vidalista-black-bestellen-80-mg\/#breadcrumb\"},\"inLanguage\":\"fr-FR\",\"potentialAction\":[{\"@type\":\"ReadAction\",\"target\":[\"https:\/\/cialisonlineshop.de\/product\/vidalista-black-bestellen-80-mg\/\"]}]},{\"@type\":\"ImageObject\",\"inLanguage\":\"fr-FR\",\"@id\":\"https:\/\/cialisonlineshop.de\/product\/vidalista-black-bestellen-80-mg\/#primaryimage\",\"url\":\"https:\/\/cialisonlineshop.de\/wp-content\/uploads\/2026\/01\/Vidalista-black-80-mg.jpg\",\"contentUrl\":\"https:\/\/cialisonlineshop.de\/wp-content\/uploads\/2026\/01\/Vidalista-black-80-mg.jpg\",\"width\":1000,\"height\":1000,\"caption\":\"import placeholder for 5793\"},{\"@type\":\"BreadcrumbList\",\"@id\":\"https:\/\/cialisonlineshop.de\/product\/vidalista-black-bestellen-80-mg\/#breadcrumb\",\"itemListElement\":[{\"@type\":\"ListItem\",\"position\":1,\"name\":\"Home\",\"item\":\"https:\/\/cialisonlineshop.de\/\"},{\"@type\":\"ListItem\",\"position\":2,\"name\":\"Shop\",\"item\":\"https:\/\/cialisonlineshop.de\/shop\/\"},{\"@type\":\"ListItem\",\"position\":3,\"name\":\"Vidalista black Bestellen 80 mg\"}]},{\"@type\":\"WebSite\",\"@id\":\"https:\/\/cialisonlineshop.de\/#website\",\"url\":\"https:\/\/cialisonlineshop.de\/\",\"name\":\"Cialisonlineshop\",\"description\":\"\",\"publisher\":{\"@id\":\"https:\/\/cialisonlineshop.de\/#organization\"},\"potentialAction\":[{\"@type\":\"SearchAction\",\"target\":{\"@type\":\"EntryPoint\",\"urlTemplate\":\"https:\/\/cialisonlineshop.de\/?s={search_term_string}\"},\"query-input\":{\"@type\":\"PropertyValueSpecification\",\"valueRequired\":true,\"valueName\":\"search_term_string\"}}],\"inLanguage\":\"fr-FR\"},{\"@type\":\"Organization\",\"@id\":\"https:\/\/cialisonlineshop.de\/#organization\",\"name\":\"Cialisonlineshop\",\"url\":\"https:\/\/cialisonlineshop.de\/\",\"logo\":{\"@type\":\"ImageObject\",\"inLanguage\":\"fr-FR\",\"@id\":\"https:\/\/cialisonlineshop.de\/#\/schema\/logo\/image\/\",\"url\":\"https:\/\/cialisonlineshop.de\/wp-content\/uploads\/2026\/01\/Logo_maker_project__6_-removebg-preview-1.png\",\"contentUrl\":\"https:\/\/cialisonlineshop.de\/wp-content\/uploads\/2026\/01\/Logo_maker_project__6_-removebg-preview-1.png\",\"width\":432,\"height\":88,\"caption\":\"Cialisonlineshop\"},\"image\":{\"@id\":\"https:\/\/cialisonlineshop.de\/#\/schema\/logo\/image\/\"}}]}<\/script>\n<!-- \/ Yoast SEO plugin. -->","yoast_head_json":{"title":"Vidalista Black Bestellen 80 Mg Online Kaufen | Apotheke Europe","description":"Bestellen Sie Vidalista Black 80 mg online bei Apotheke Europe. G\u00fcnstige Preise, schnelle Lieferung und diskrete Verpackung. Jetzt sicher und bequem kaufen!","robots":{"index":"index","follow":"follow","max-snippet":"max-snippet:-1","max-image-preview":"max-image-preview:large","max-video-preview":"max-video-preview:-1"},"canonical":"https:\/\/cialisonlineshop.de\/fr\/product\/vidalista-black-bestellen-80-mg\/","og_locale":"fr_FR","og_type":"article","og_title":"Vidalista Black Bestellen 80 Mg Online Kaufen | Apotheke Europe","og_description":"Bestellen Sie Vidalista Black 80 mg online bei Apotheke Europe. G\u00fcnstige Preise, schnelle Lieferung und diskrete Verpackung. Jetzt sicher und bequem kaufen!","og_url":"https:\/\/cialisonlineshop.de\/fr\/product\/vidalista-black-bestellen-80-mg\/","article_modified_time":"2026-02-24T11:09:15+00:00","og_image":[{"width":1000,"height":1000,"url":"https:\/\/cialisonlineshop.de\/wp-content\/uploads\/2026\/01\/Vidalista-black-80-mg.jpg","type":"image\/jpeg"}],"twitter_card":"summary_large_image","twitter_misc":{"Dur\u00e9e de lecture estim\u00e9e":"4 minutes"},"schema":{"@context":"https:\/\/schema.org","@graph":[{"@type":"WebPage","@id":"https:\/\/cialisonlineshop.de\/product\/vidalista-black-bestellen-80-mg\/","url":"https:\/\/cialisonlineshop.de\/product\/vidalista-black-bestellen-80-mg\/","name":"Vidalista Black Bestellen 80 Mg Online Kaufen | Apotheke Europe","isPartOf":{"@id":"https:\/\/cialisonlineshop.de\/#website"},"primaryImageOfPage":{"@id":"https:\/\/cialisonlineshop.de\/product\/vidalista-black-bestellen-80-mg\/#primaryimage"},"image":{"@id":"https:\/\/cialisonlineshop.de\/product\/vidalista-black-bestellen-80-mg\/#primaryimage"},"thumbnailUrl":"https:\/\/cialisonlineshop.de\/wp-content\/uploads\/2026\/01\/Vidalista-black-80-mg.jpg","datePublished":"2026-01-14T10:16:22+00:00","dateModified":"2026-02-24T11:09:15+00:00","description":"Bestellen Sie Vidalista Black 80 mg online bei Apotheke Europe. G\u00fcnstige Preise, schnelle Lieferung und diskrete Verpackung. Jetzt sicher und bequem kaufen!","breadcrumb":{"@id":"https:\/\/cialisonlineshop.de\/product\/vidalista-black-bestellen-80-mg\/#breadcrumb"},"inLanguage":"fr-FR","potentialAction":[{"@type":"ReadAction","target":["https:\/\/cialisonlineshop.de\/product\/vidalista-black-bestellen-80-mg\/"]}]},{"@type":"ImageObject","inLanguage":"fr-FR","@id":"https:\/\/cialisonlineshop.de\/product\/vidalista-black-bestellen-80-mg\/#primaryimage","url":"https:\/\/cialisonlineshop.de\/wp-content\/uploads\/2026\/01\/Vidalista-black-80-mg.jpg","contentUrl":"https:\/\/cialisonlineshop.de\/wp-content\/uploads\/2026\/01\/Vidalista-black-80-mg.jpg","width":1000,"height":1000,"caption":"import placeholder for 5793"},{"@type":"BreadcrumbList","@id":"https:\/\/cialisonlineshop.de\/product\/vidalista-black-bestellen-80-mg\/#breadcrumb","itemListElement":[{"@type":"ListItem","position":1,"name":"Home","item":"https:\/\/cialisonlineshop.de\/"},{"@type":"ListItem","position":2,"name":"Shop","item":"https:\/\/cialisonlineshop.de\/shop\/"},{"@type":"ListItem","position":3,"name":"Vidalista black Bestellen 80 mg"}]},{"@type":"WebSite","@id":"https:\/\/cialisonlineshop.de\/#website","url":"https:\/\/cialisonlineshop.de\/","name":"Cialisonlineshop","description":"","publisher":{"@id":"https:\/\/cialisonlineshop.de\/#organization"},"potentialAction":[{"@type":"SearchAction","target":{"@type":"EntryPoint","urlTemplate":"https:\/\/cialisonlineshop.de\/?s={search_term_string}"},"query-input":{"@type":"PropertyValueSpecification","valueRequired":true,"valueName":"search_term_string"}}],"inLanguage":"fr-FR"},{"@type":"Organization","@id":"https:\/\/cialisonlineshop.de\/#organization","name":"Cialisonlineshop","url":"https:\/\/cialisonlineshop.de\/","logo":{"@type":"ImageObject","inLanguage":"fr-FR","@id":"https:\/\/cialisonlineshop.de\/#\/schema\/logo\/image\/","url":"https:\/\/cialisonlineshop.de\/wp-content\/uploads\/2026\/01\/Logo_maker_project__6_-removebg-preview-1.png","contentUrl":"https:\/\/cialisonlineshop.de\/wp-content\/uploads\/2026\/01\/Logo_maker_project__6_-removebg-preview-1.png","width":432,"height":88,"caption":"Cialisonlineshop"},"image":{"@id":"https:\/\/cialisonlineshop.de\/#\/schema\/logo\/image\/"}}]}},"uagb_featured_image_src":{"full":["https:\/\/cialisonlineshop.de\/wp-content\/uploads\/2026\/01\/Vidalista-black-80-mg.jpg",1000,1000,false],"thumbnail":["https:\/\/cialisonlineshop.de\/wp-content\/uploads\/2026\/01\/Vidalista-black-80-mg-150x150.jpg",150,150,true],"medium":["https:\/\/cialisonlineshop.de\/wp-content\/uploads\/2026\/01\/Vidalista-black-80-mg-300x300.jpg",300,300,true],"medium_large":["https:\/\/cialisonlineshop.de\/wp-content\/uploads\/2026\/01\/Vidalista-black-80-mg-768x768.jpg",768,768,true],"large":["https:\/\/cialisonlineshop.de\/wp-content\/uploads\/2026\/01\/Vidalista-black-80-mg.jpg",1000,1000,false],"1536x1536":["https:\/\/cialisonlineshop.de\/wp-content\/uploads\/2026\/01\/Vidalista-black-80-mg.jpg",1000,1000,false],"2048x2048":["https:\/\/cialisonlineshop.de\/wp-content\/uploads\/2026\/01\/Vidalista-black-80-mg.jpg",1000,1000,false],"trp-custom-language-flag":["https:\/\/cialisonlineshop.de\/wp-content\/uploads\/2026\/01\/Vidalista-black-80-mg.jpg",12,12,false],"woocommerce_thumbnail":["https:\/\/cialisonlineshop.de\/wp-content\/uploads\/2026\/01\/Vidalista-black-80-mg-300x300.jpg",300,300,true],"woocommerce_single":["https:\/\/cialisonlineshop.de\/wp-content\/uploads\/2026\/01\/Vidalista-black-80-mg-600x600.jpg",600,600,true],"woocommerce_gallery_thumbnail":["https:\/\/cialisonlineshop.de\/wp-content\/uploads\/2026\/01\/Vidalista-black-80-mg-100x100.jpg",100,100,true]},"uagb_author_info":{"display_name":"Stefan T\u00f6njes","author_link":"https:\/\/cialisonlineshop.de\/fr\/author\/"},"uagb_comment_info":0,"uagb_excerpt":"Vidalista black Bestellen 80 mg Wird von der Firma Centurion Laboratories hergestellt und ist die beliebteste Alternative (Generikum) zu Cialis (Tadalafil). Vidalista Kaufen ist ein Medikament f\u00fcr M\u00e4nner, die an erektiler Dysfunktion leiden, und nach der Einnahme k\u00f6nnen praktisch alle M\u00e4nner eine qualitativ hochwertige Erektion erreichen und somit besseren Geschlechtsverkehr genie\u00dfen. Produktcode: 87971766238 Kategorie: Cialis\u2026","jetpack_sharing_enabled":true,"_links":{"self":[{"href":"https:\/\/cialisonlineshop.de\/fr\/wp-json\/wp\/v2\/product\/2155","targetHints":{"allow":["GET"]}}],"collection":[{"href":"https:\/\/cialisonlineshop.de\/fr\/wp-json\/wp\/v2\/product"}],"about":[{"href":"https:\/\/cialisonlineshop.de\/fr\/wp-json\/wp\/v2\/types\/product"}],"replies":[{"embeddable":true,"href":"https:\/\/cialisonlineshop.de\/fr\/wp-json\/wp\/v2\/comments?post=2155"}],"wp:featuredmedia":[{"embeddable":true,"href":"https:\/\/cialisonlineshop.de\/fr\/wp-json\/wp\/v2\/media\/2176"}],"wp:attachment":[{"href":"https:\/\/cialisonlineshop.de\/fr\/wp-json\/wp\/v2\/media?parent=2155"}],"wp:term":[{"taxonomy":"product_brand","embeddable":true,"href":"https:\/\/cialisonlineshop.de\/fr\/wp-json\/wp\/v2\/product_brand?post=2155"},{"taxonomy":"product_cat","embeddable":true,"href":"https:\/\/cialisonlineshop.de\/fr\/wp-json\/wp\/v2\/product_cat?post=2155"},{"taxonomy":"product_tag","embeddable":true,"href":"https:\/\/cialisonlineshop.de\/fr\/wp-json\/wp\/v2\/product_tag?post=2155"}],"curies":[{"name":"wp","href":"https:\/\/api.w.org\/{rel}","templated":true}]}}