{"id":2145,"date":"2026-01-14T10:16:22","date_gmt":"2026-01-14T10:16:22","guid":{"rendered":"https:\/\/cialisonlineshop.de\/?post_type=product&#038;p=2145"},"modified":"2026-02-24T11:08:30","modified_gmt":"2026-02-24T11:08:30","slug":"vidalista-kaufen-ct-20mg","status":"publish","type":"product","link":"https:\/\/cialisonlineshop.de\/fr\/product\/vidalista-kaufen-ct-20mg\/","title":{"rendered":"Vidalista kaufen CT 20mg"},"content":{"rendered":"<h1>Vidalista CT 20mg kaufen, das beste Medikament gegen <a href=\"https:\/\/de.wikipedia.org\/wiki\/Potenzmittel\">erektile Dysfunktion<\/a>. Jetzt einkaufen!<\/h1>\n<p>Vidalista CT 20 mg sind Produkte aus der Kategorie\u00a0Cialis Generika, die den meisten M\u00e4nnern mit erektiler Dysfunktion helfen. Aufgrund der langen Wirkung (bis 36 Stunden) werden Produkte mit Tadalafil popul\u00e4r als\u00a0<strong>\u201eWochenendpille\u201c<\/strong>\u00a0bezeichnet.<\/p>\n<p>Das Produkt Vidalista CT 20 mg, das 20 mg von dem Wirkstoff Tadalafil enth\u00e4lt, ist eine hervorragende Alternative zu klassischen Tabletten\u00a0Vidalista 20 mg\u00a0und wird von allen gesch\u00e4tzt, die klassische Tabletten nicht gerne schlucken. Eine Packung enth\u00e4lt 10 Kautabletten mit einem angenehmen Geschmack, die gekaut oder im Mund aufgel\u00f6st werden k\u00f6nnen und nicht mit Wasser hinuntergesp\u00fclt werden m\u00fcssen. Sie k\u00f6nnen sie also verwenden,\u00a0<strong>wann und wo immer es Ihnen passt.<\/strong><\/p>\n<p>Vidalista kaufen CT 20mg<\/p>\n<h2>Vidalista kaufen CT 20mg Wirkstoff<\/h2>\n<p>Wirkstoff Tadalafil (mehr Info \u00fcber den Wirkstoff im Artikel\u00a0Tadalafil) entspannt die Zellen der glatten Muskulatur und hilft der Durchblutung vom Penis. Man erreicht schnell eine feste und langfristige Erektion und kann viel besseren Geschlechtsverkehr genie\u00dfen.<\/p>\n<h3>Vidalista kaufen CT 20mg Dosierung und Gebrauchsweise<\/h3>\n<p>Eine \u00fcbliche Dosis ist 5-20 mg einmalig, eine empfohlene<strong>\u00a0Anfangsdosis ist 10 mg.<\/strong>\u00a0Es ist nicht n\u00f6tig, es mit Wasser hinunterzusp\u00fclen. Je nach Vertr\u00e4glichkeit kann die Dosis auf 5 mg erniedrigt werden.<strong>\u00a0\u00dcberschreiten Sie die maximale Tagesdosis 20 mg nicht.<\/strong><\/p>\n<p>Vidalista CT 20 mg wird 15-30 Minuten vor dem Geschlechtsverkehr eingenommen. Seine Wirkung dauert bis 36 Stunden. Vidalista ist kein Aphrodisiakum. Um gew\u00fcnschte Wirkung zu erreichen,\u00a0<strong>m\u00fcssen Sie sexuell stimuliert werden.<\/strong><\/p>\n<p>Das Pr\u00e4parat darf vor oder nach dem Essen eingenommen werden. Arzneimittel Vidalista CT 20 mg darf nicht mit Alkohol, Grapefruit und Grapefruitsaft kombiniert werden. \u00dcber Gefahr von dieser Kombination erfahren Sie mehr im Artikel\u00a0Medikamente gegen erektile Dysfunktion in Fragen und Antworten.<\/p>\n<h4>Kontraindikationen<\/h4>\n<p>Vidalista CT 20 mg darf\u00a0<strong>nicht eingenommen werden wenn:<\/strong><\/p>\n<ul>\n<li><strong>man auf Tadalafil\u00a0<\/strong>oder auf andere Wirkstoffe\u00a0<strong>allergisch ist<\/strong><\/li>\n<li>man vor kurzem\u00a0<strong>Herzinfarkt oder Schlaganfall<\/strong>\u00a0durchgemacht hat, oder an andere Herzerkrankungen wie<strong>\u00a0niedriger Blutdruck oder Bluthochdruck leidet<\/strong><\/li>\n<li><strong>man die Nitrate einnimmt\u00a0<\/strong>(zum Beispiel Nitroglycerin, Isosorbid dinitrat), Medikamente, die Stickoxid l\u00f6sen (z.B. Isoamyl-nitrit)<\/li>\n<li>man Medikamente gegen Angina Pectoris einnimmt (z.B. Nitraten oder Stickoxid)<\/li>\n<li><strong>man an andere seri\u00f6se Herzerkrankung oder Leberst\u00f6rung leidet<\/strong><\/li>\n<li>man an seltener Netzhautst\u00f6rung leidet (z.B. retinitis pigmentosa) oder man die Sehkraft durch NAION verloren hat<\/li>\n<li><strong>man Riociguat einnimmt<\/strong>\u00a0( zur Heilung der arteriellen Lungenhypertonie und chronischer Lungen Hypertension)<\/li>\n<li>man Alfa-Blocker zur Heilung vom hohen Blutdruck oder Harnwegserkrankung wegen benigner Hyperplasie der Prostata einnimmt<\/li>\n<li>man Inhibitoren der Protease zur Heilung von AIDS oder HIV Infektion einnimmt<\/li>\n<li><strong>man schon ein anderes Erektionsmittel einnimmt<\/strong><\/li>\n<\/ul>\n<h4>Warnung<\/h4>\n<p><strong>Informieren Sie Ihren Arzt,<\/strong>\u00a0bevor Sie den Wirkstoff Tadalafil einnehmen, im Falle Sie an:<\/p>\n<ul>\n<li>Herzprobleme<\/li>\n<li>Peyronie Erkrankung oder andere Penisdeformationen<\/li>\n<li>Geschw\u00fcr Erkrankung oder Bluterkrankheit (z.B.H\u00e4mophilie)<\/li>\n<li>Zucker Intoleranz (z.B. Laktose)<\/li>\n<li>Sichelzellkrankheit, Leuk\u00e4mie oder mehrfachen Myelom<\/li>\n<li>HIV leiden<\/li>\n<\/ul>\n<p>Bei Patienten mit einer seri\u00f6sen Nierenst\u00f6rung ist die empfohlene maximale Tagesdosis 10 mg.<\/p>\n<p>Die Einnahme von Vidalista mit anderen Medikamenten soll Ihr Arzt genehmigen, besonders wenn die Medikamente Ritonavir, Erythromycin, Saquinavir, Ketoconazol oder Itraconazol enthalten.<\/p>\n<h6>M\u00f6gliche Nebenwirkungen<\/h6>\n<p>Wie bei jedem anderen Medikament k\u00f6nnen sich auch bei diesem Arzneimittel mit Tadalafil Nebenwirkungen zeigen. Meistens geht es um\u00a0<strong>milde Schwierigkeiten, die nicht lange dauern.\u00a0<\/strong>In erster Linie sind es vor allem Kopfschmerzen, Gesichtsr\u00f6tung, Unwohlsein,Verdauungsprobleme,Hitzewallung, Sehst\u00f6rungen (verschwommenes oder sgn. blaues Sehen), Probleme mit Ged\u00e4chtnis, Schnupfen oder Schwindelgef\u00fchle.<\/p>\n<h6>Wichtiger Hinweis<\/h6>\n<p>Falls bei Ihnen nach der Einnahme des Mittels zu einer starken Verschlechterung der Sehkraft oder des Geh\u00f6rs kommt, Sie Blut im Urin finden oder er tr\u00fcb wird oder falls Sie eine\u00a0<strong>Erektion l\u00e4nger als 4 Stunden<\/strong>\u00a0haben, besonders ohne sexuelle Anregung und schmerzhaft,\u00a0<strong>suchen Sie unverz\u00fcglich Ihren Arzt auf.<br \/>\n<\/strong><br \/>\nMedizinische Hilfe suchen Sie unverz\u00fcglich bei allen\u00a0<strong>ungew\u00f6hnlichen Reaktionen<\/strong>\u00a0oder bei starken Verschlechterung Ihres Zustandes nach der Einnahme des Mittels. Besuchen Sie den Arzt auch wenn die Nebenwirkungen von l\u00e4ngerer Dauer sind.<\/p>\n<h5>Lagerung<\/h5>\n<p><a href=\"https:\/\/www.mayoclinic.org\/healthy-lifestyle\/sexual-health\/expert-answers\/viagra-for-women\/faq-20057960\">Vidalista kaufen CT 20mg<\/a> Lagern Sie bei Temperaturen bis 30\u00b0C. Behalten Sie in der Originalpackung. Sch\u00fctzen Sie vor Feuchtigkeit. Vermeiden Sie Kontakt mit Kindern.<\/p>\n<h5>F\u00fcr Interesse<\/h5>\n<p>Dieses Produkt wird ohne eine Packungsbeilage versendet. Die Originalverpackung wird beim Einkauf von 10 Packungen mitgeliefert.<\/p>","protected":false},"excerpt":{"rendered":"<p>Vidalista CT 20 mg sind Produkte aus der Kategorie Cialis Generika, die den meisten M\u00e4nnern mit erektiler Dysfunktion helfen. Aufgrund der langen Wirkung (bis 36 Stunden) werden Produkte mit Tadalafil popul\u00e4r als \u201eWochenendpille\u201c bezeichnet.<\/p>\n<table class=\"info\">\n<tbody>\n<tr>\n<td>Produktcode:<\/td>\n<td>87971766238<\/td>\n<\/tr>\n<tr>\n<td>Kategorie:<\/td>\n<td><a href=\"https:\/\/kamagrashop.online\/cialis-generika-tadalafil\/\">Cialis Generika (Tadalafil)<\/a><\/td>\n<\/tr>\n<tr>\n<td>Marke:<\/td>\n<td><a href=\"https:\/\/kamagrashop.online\/centurion-laboratories-pvt-ltd\/\">Centurion Laboratories Pvt. Ltd.<\/a><\/td>\n<\/tr>\n<tr>\n<td>Verf\u00fcgbarkeit:<\/td>\n<td>Auf Lager<\/td>\n<\/tr>\n<\/tbody>\n<\/table>","protected":false},"featured_media":2175,"comment_status":"open","ping_status":"closed","template":"","meta":{"_uag_custom_page_level_css":"","site-sidebar-layout":"default","site-content-layout":"","ast-site-content-layout":"default","site-content-style":"default","site-sidebar-style":"default","ast-global-header-display":"","ast-banner-title-visibility":"","ast-main-header-display":"","ast-hfb-above-header-display":"","ast-hfb-below-header-display":"","ast-hfb-mobile-header-display":"","site-post-title":"","ast-breadcrumbs-content":"","ast-featured-img":"","footer-sml-layout":"","ast-disable-related-posts":"","theme-transparent-header-meta":"default","adv-header-id-meta":"","stick-header-meta":"","header-above-stick-meta":"","header-main-stick-meta":"","header-below-stick-meta":"","astra-migrate-meta-layouts":"set","ast-page-background-enabled":"default","ast-page-background-meta":{"desktop":{"background-color":"","background-image":"","background-repeat":"repeat","background-position":"center center","background-size":"auto","background-attachment":"scroll","background-type":"","background-media":"","overlay-type":"","overlay-color":"","overlay-opacity":"","overlay-gradient":""},"tablet":{"background-color":"","background-image":"","background-repeat":"repeat","background-position":"center center","background-size":"auto","background-attachment":"scroll","background-type":"","background-media":"","overlay-type":"","overlay-color":"","overlay-opacity":"","overlay-gradient":""},"mobile":{"background-color":"","background-image":"","background-repeat":"repeat","background-position":"center center","background-size":"auto","background-attachment":"scroll","background-type":"","background-media":"","overlay-type":"","overlay-color":"","overlay-opacity":"","overlay-gradient":""}},"ast-content-background-meta":{"desktop":{"background-color":"var(--ast-global-color-5)","background-image":"","background-repeat":"repeat","background-position":"center center","background-size":"auto","background-attachment":"scroll","background-type":"","background-media":"","overlay-type":"","overlay-color":"","overlay-opacity":"","overlay-gradient":""},"tablet":{"background-color":"var(--ast-global-color-5)","background-image":"","background-repeat":"repeat","background-position":"center center","background-size":"auto","background-attachment":"scroll","background-type":"","background-media":"","overlay-type":"","overlay-color":"","overlay-opacity":"","overlay-gradient":""},"mobile":{"background-color":"var(--ast-global-color-5)","background-image":"","background-repeat":"repeat","background-position":"center center","background-size":"auto","background-attachment":"scroll","background-type":"","background-media":"","overlay-type":"","overlay-color":"","overlay-opacity":"","overlay-gradient":""}},"episode_type":"","audio_file":"","cover_image":"","cover_image_id":"","duration":"","filesize":"","filesize_raw":"","date_recorded":"","explicit":"","block":"","itunes_episode_number":"","itunes_title":"","itunes_season_number":"","itunes_episode_type":""},"product_brand":[],"product_cat":[28],"product_tag":[],"class_list":{"0":"post-2145","1":"product","2":"type-product","3":"status-publish","4":"has-post-thumbnail","6":"product_cat-cialis-generika-tadalafil","7":"desktop-align-left","8":"tablet-align-left","9":"mobile-align-left","11":"first","12":"instock","13":"shipping-taxable","14":"purchasable","15":"product-type-variable"},"yoast_head":"<!-- This site is optimized with the Yoast SEO plugin v27.0 - https:\/\/yoast.com\/product\/yoast-seo-wordpress\/ -->\n<title>Vidalista kaufen CT 20mg -<\/title>\n<meta name=\"robots\" content=\"index, follow, max-snippet:-1, max-image-preview:large, max-video-preview:-1\" \/>\n<link rel=\"canonical\" href=\"https:\/\/cialisonlineshop.de\/fr\/product\/vidalista-kaufen-ct-20mg\/\" \/>\n<meta property=\"og:locale\" content=\"fr_FR\" \/>\n<meta property=\"og:type\" content=\"article\" \/>\n<meta property=\"og:title\" content=\"Vidalista kaufen CT 20mg -\" \/>\n<meta property=\"og:description\" content=\"Vidalista CT 20 mg sind Produkte aus der Kategorie Cialis Generika, die den meisten M\u00e4nnern mit erektiler Dysfunktion helfen. Aufgrund der langen Wirkung (bis 36 Stunden) werden Produkte mit Tadalafil popul\u00e4r als \u201eWochenendpille\u201c bezeichnet.    Produktcode: 87971766238   Kategorie: Cialis Generika (Tadalafil)   Marke: Centurion Laboratories Pvt. Ltd.   Verf\u00fcgbarkeit: Auf Lager\" \/>\n<meta property=\"og:url\" content=\"https:\/\/cialisonlineshop.de\/fr\/product\/vidalista-kaufen-ct-20mg\/\" \/>\n<meta property=\"article:modified_time\" content=\"2026-02-24T11:08:30+00:00\" \/>\n<meta property=\"og:image\" content=\"https:\/\/cialisonlineshop.de\/wp-content\/uploads\/2026\/01\/Vidalista-CT-20mg.jpeg\" \/>\n\t<meta property=\"og:image:width\" content=\"225\" \/>\n\t<meta property=\"og:image:height\" content=\"225\" \/>\n\t<meta property=\"og:image:type\" content=\"image\/jpeg\" \/>\n<meta name=\"twitter:card\" content=\"summary_large_image\" \/>\n<meta name=\"twitter:label1\" content=\"Dur\u00e9e de lecture estim\u00e9e\" \/>\n\t<meta name=\"twitter:data1\" content=\"4 minutes\" \/>\n<script type=\"application\/ld+json\" class=\"yoast-schema-graph\">{\"@context\":\"https:\/\/schema.org\",\"@graph\":[{\"@type\":\"WebPage\",\"@id\":\"https:\/\/cialisonlineshop.de\/product\/vidalista-kaufen-ct-20mg\/\",\"url\":\"https:\/\/cialisonlineshop.de\/product\/vidalista-kaufen-ct-20mg\/\",\"name\":\"Vidalista kaufen CT 20mg -\",\"isPartOf\":{\"@id\":\"https:\/\/cialisonlineshop.de\/#website\"},\"primaryImageOfPage\":{\"@id\":\"https:\/\/cialisonlineshop.de\/product\/vidalista-kaufen-ct-20mg\/#primaryimage\"},\"image\":{\"@id\":\"https:\/\/cialisonlineshop.de\/product\/vidalista-kaufen-ct-20mg\/#primaryimage\"},\"thumbnailUrl\":\"https:\/\/cialisonlineshop.de\/wp-content\/uploads\/2026\/01\/Vidalista-CT-20mg.jpeg\",\"datePublished\":\"2026-01-14T10:16:22+00:00\",\"dateModified\":\"2026-02-24T11:08:30+00:00\",\"breadcrumb\":{\"@id\":\"https:\/\/cialisonlineshop.de\/product\/vidalista-kaufen-ct-20mg\/#breadcrumb\"},\"inLanguage\":\"fr-FR\",\"potentialAction\":[{\"@type\":\"ReadAction\",\"target\":[\"https:\/\/cialisonlineshop.de\/product\/vidalista-kaufen-ct-20mg\/\"]}]},{\"@type\":\"ImageObject\",\"inLanguage\":\"fr-FR\",\"@id\":\"https:\/\/cialisonlineshop.de\/product\/vidalista-kaufen-ct-20mg\/#primaryimage\",\"url\":\"https:\/\/cialisonlineshop.de\/wp-content\/uploads\/2026\/01\/Vidalista-CT-20mg.jpeg\",\"contentUrl\":\"https:\/\/cialisonlineshop.de\/wp-content\/uploads\/2026\/01\/Vidalista-CT-20mg.jpeg\",\"width\":225,\"height\":225,\"caption\":\"import placeholder for 5783\"},{\"@type\":\"BreadcrumbList\",\"@id\":\"https:\/\/cialisonlineshop.de\/product\/vidalista-kaufen-ct-20mg\/#breadcrumb\",\"itemListElement\":[{\"@type\":\"ListItem\",\"position\":1,\"name\":\"Home\",\"item\":\"https:\/\/cialisonlineshop.de\/\"},{\"@type\":\"ListItem\",\"position\":2,\"name\":\"Shop\",\"item\":\"https:\/\/cialisonlineshop.de\/shop\/\"},{\"@type\":\"ListItem\",\"position\":3,\"name\":\"Vidalista kaufen CT 20mg\"}]},{\"@type\":\"WebSite\",\"@id\":\"https:\/\/cialisonlineshop.de\/#website\",\"url\":\"https:\/\/cialisonlineshop.de\/\",\"name\":\"Cialisonlineshop\",\"description\":\"\",\"publisher\":{\"@id\":\"https:\/\/cialisonlineshop.de\/#organization\"},\"potentialAction\":[{\"@type\":\"SearchAction\",\"target\":{\"@type\":\"EntryPoint\",\"urlTemplate\":\"https:\/\/cialisonlineshop.de\/?s={search_term_string}\"},\"query-input\":{\"@type\":\"PropertyValueSpecification\",\"valueRequired\":true,\"valueName\":\"search_term_string\"}}],\"inLanguage\":\"fr-FR\"},{\"@type\":\"Organization\",\"@id\":\"https:\/\/cialisonlineshop.de\/#organization\",\"name\":\"Cialisonlineshop\",\"url\":\"https:\/\/cialisonlineshop.de\/\",\"logo\":{\"@type\":\"ImageObject\",\"inLanguage\":\"fr-FR\",\"@id\":\"https:\/\/cialisonlineshop.de\/#\/schema\/logo\/image\/\",\"url\":\"https:\/\/cialisonlineshop.de\/wp-content\/uploads\/2026\/01\/Logo_maker_project__6_-removebg-preview-1.png\",\"contentUrl\":\"https:\/\/cialisonlineshop.de\/wp-content\/uploads\/2026\/01\/Logo_maker_project__6_-removebg-preview-1.png\",\"width\":432,\"height\":88,\"caption\":\"Cialisonlineshop\"},\"image\":{\"@id\":\"https:\/\/cialisonlineshop.de\/#\/schema\/logo\/image\/\"}}]}<\/script>\n<!-- \/ Yoast SEO plugin. -->","yoast_head_json":{"title":"Vidalista kaufen CT 20mg -","robots":{"index":"index","follow":"follow","max-snippet":"max-snippet:-1","max-image-preview":"max-image-preview:large","max-video-preview":"max-video-preview:-1"},"canonical":"https:\/\/cialisonlineshop.de\/fr\/product\/vidalista-kaufen-ct-20mg\/","og_locale":"fr_FR","og_type":"article","og_title":"Vidalista kaufen CT 20mg -","og_description":"Vidalista CT 20 mg sind Produkte aus der Kategorie Cialis Generika, die den meisten M\u00e4nnern mit erektiler Dysfunktion helfen. Aufgrund der langen Wirkung (bis 36 Stunden) werden Produkte mit Tadalafil popul\u00e4r als \u201eWochenendpille\u201c bezeichnet.    Produktcode: 87971766238   Kategorie: Cialis Generika (Tadalafil)   Marke: Centurion Laboratories Pvt. Ltd.   Verf\u00fcgbarkeit: Auf Lager","og_url":"https:\/\/cialisonlineshop.de\/fr\/product\/vidalista-kaufen-ct-20mg\/","article_modified_time":"2026-02-24T11:08:30+00:00","og_image":[{"width":225,"height":225,"url":"https:\/\/cialisonlineshop.de\/wp-content\/uploads\/2026\/01\/Vidalista-CT-20mg.jpeg","type":"image\/jpeg"}],"twitter_card":"summary_large_image","twitter_misc":{"Dur\u00e9e de lecture estim\u00e9e":"4 minutes"},"schema":{"@context":"https:\/\/schema.org","@graph":[{"@type":"WebPage","@id":"https:\/\/cialisonlineshop.de\/product\/vidalista-kaufen-ct-20mg\/","url":"https:\/\/cialisonlineshop.de\/product\/vidalista-kaufen-ct-20mg\/","name":"Vidalista kaufen CT 20mg -","isPartOf":{"@id":"https:\/\/cialisonlineshop.de\/#website"},"primaryImageOfPage":{"@id":"https:\/\/cialisonlineshop.de\/product\/vidalista-kaufen-ct-20mg\/#primaryimage"},"image":{"@id":"https:\/\/cialisonlineshop.de\/product\/vidalista-kaufen-ct-20mg\/#primaryimage"},"thumbnailUrl":"https:\/\/cialisonlineshop.de\/wp-content\/uploads\/2026\/01\/Vidalista-CT-20mg.jpeg","datePublished":"2026-01-14T10:16:22+00:00","dateModified":"2026-02-24T11:08:30+00:00","breadcrumb":{"@id":"https:\/\/cialisonlineshop.de\/product\/vidalista-kaufen-ct-20mg\/#breadcrumb"},"inLanguage":"fr-FR","potentialAction":[{"@type":"ReadAction","target":["https:\/\/cialisonlineshop.de\/product\/vidalista-kaufen-ct-20mg\/"]}]},{"@type":"ImageObject","inLanguage":"fr-FR","@id":"https:\/\/cialisonlineshop.de\/product\/vidalista-kaufen-ct-20mg\/#primaryimage","url":"https:\/\/cialisonlineshop.de\/wp-content\/uploads\/2026\/01\/Vidalista-CT-20mg.jpeg","contentUrl":"https:\/\/cialisonlineshop.de\/wp-content\/uploads\/2026\/01\/Vidalista-CT-20mg.jpeg","width":225,"height":225,"caption":"import placeholder for 5783"},{"@type":"BreadcrumbList","@id":"https:\/\/cialisonlineshop.de\/product\/vidalista-kaufen-ct-20mg\/#breadcrumb","itemListElement":[{"@type":"ListItem","position":1,"name":"Home","item":"https:\/\/cialisonlineshop.de\/"},{"@type":"ListItem","position":2,"name":"Shop","item":"https:\/\/cialisonlineshop.de\/shop\/"},{"@type":"ListItem","position":3,"name":"Vidalista kaufen CT 20mg"}]},{"@type":"WebSite","@id":"https:\/\/cialisonlineshop.de\/#website","url":"https:\/\/cialisonlineshop.de\/","name":"Cialisonlineshop","description":"","publisher":{"@id":"https:\/\/cialisonlineshop.de\/#organization"},"potentialAction":[{"@type":"SearchAction","target":{"@type":"EntryPoint","urlTemplate":"https:\/\/cialisonlineshop.de\/?s={search_term_string}"},"query-input":{"@type":"PropertyValueSpecification","valueRequired":true,"valueName":"search_term_string"}}],"inLanguage":"fr-FR"},{"@type":"Organization","@id":"https:\/\/cialisonlineshop.de\/#organization","name":"Cialisonlineshop","url":"https:\/\/cialisonlineshop.de\/","logo":{"@type":"ImageObject","inLanguage":"fr-FR","@id":"https:\/\/cialisonlineshop.de\/#\/schema\/logo\/image\/","url":"https:\/\/cialisonlineshop.de\/wp-content\/uploads\/2026\/01\/Logo_maker_project__6_-removebg-preview-1.png","contentUrl":"https:\/\/cialisonlineshop.de\/wp-content\/uploads\/2026\/01\/Logo_maker_project__6_-removebg-preview-1.png","width":432,"height":88,"caption":"Cialisonlineshop"},"image":{"@id":"https:\/\/cialisonlineshop.de\/#\/schema\/logo\/image\/"}}]}},"uagb_featured_image_src":{"full":["https:\/\/cialisonlineshop.de\/wp-content\/uploads\/2026\/01\/Vidalista-CT-20mg.jpeg",225,225,false],"thumbnail":["https:\/\/cialisonlineshop.de\/wp-content\/uploads\/2026\/01\/Vidalista-CT-20mg-150x150.jpeg",150,150,true],"medium":["https:\/\/cialisonlineshop.de\/wp-content\/uploads\/2026\/01\/Vidalista-CT-20mg.jpeg",225,225,false],"medium_large":["https:\/\/cialisonlineshop.de\/wp-content\/uploads\/2026\/01\/Vidalista-CT-20mg.jpeg",225,225,false],"large":["https:\/\/cialisonlineshop.de\/wp-content\/uploads\/2026\/01\/Vidalista-CT-20mg.jpeg",225,225,false],"1536x1536":["https:\/\/cialisonlineshop.de\/wp-content\/uploads\/2026\/01\/Vidalista-CT-20mg.jpeg",225,225,false],"2048x2048":["https:\/\/cialisonlineshop.de\/wp-content\/uploads\/2026\/01\/Vidalista-CT-20mg.jpeg",225,225,false],"trp-custom-language-flag":["https:\/\/cialisonlineshop.de\/wp-content\/uploads\/2026\/01\/Vidalista-CT-20mg.jpeg",12,12,false],"woocommerce_thumbnail":["https:\/\/cialisonlineshop.de\/wp-content\/uploads\/2026\/01\/Vidalista-CT-20mg.jpeg",225,225,false],"woocommerce_single":["https:\/\/cialisonlineshop.de\/wp-content\/uploads\/2026\/01\/Vidalista-CT-20mg.jpeg",225,225,false],"woocommerce_gallery_thumbnail":["https:\/\/cialisonlineshop.de\/wp-content\/uploads\/2026\/01\/Vidalista-CT-20mg-100x100.jpeg",100,100,true]},"uagb_author_info":{"display_name":"Stefan T\u00f6njes","author_link":"https:\/\/cialisonlineshop.de\/fr\/author\/"},"uagb_comment_info":0,"uagb_excerpt":"Vidalista CT 20 mg sind Produkte aus der Kategorie Cialis Generika, die den meisten M\u00e4nnern mit erektiler Dysfunktion helfen. Aufgrund der langen Wirkung (bis 36 Stunden) werden Produkte mit Tadalafil popul\u00e4r als \u201eWochenendpille\u201c bezeichnet. Produktcode: 87971766238 Kategorie: Cialis Generika (Tadalafil) Marke: Centurion Laboratories Pvt. Ltd. Verf\u00fcgbarkeit: Auf Lager","jetpack_sharing_enabled":true,"_links":{"self":[{"href":"https:\/\/cialisonlineshop.de\/fr\/wp-json\/wp\/v2\/product\/2145","targetHints":{"allow":["GET"]}}],"collection":[{"href":"https:\/\/cialisonlineshop.de\/fr\/wp-json\/wp\/v2\/product"}],"about":[{"href":"https:\/\/cialisonlineshop.de\/fr\/wp-json\/wp\/v2\/types\/product"}],"replies":[{"embeddable":true,"href":"https:\/\/cialisonlineshop.de\/fr\/wp-json\/wp\/v2\/comments?post=2145"}],"wp:featuredmedia":[{"embeddable":true,"href":"https:\/\/cialisonlineshop.de\/fr\/wp-json\/wp\/v2\/media\/2175"}],"wp:attachment":[{"href":"https:\/\/cialisonlineshop.de\/fr\/wp-json\/wp\/v2\/media?parent=2145"}],"wp:term":[{"taxonomy":"product_brand","embeddable":true,"href":"https:\/\/cialisonlineshop.de\/fr\/wp-json\/wp\/v2\/product_brand?post=2145"},{"taxonomy":"product_cat","embeddable":true,"href":"https:\/\/cialisonlineshop.de\/fr\/wp-json\/wp\/v2\/product_cat?post=2145"},{"taxonomy":"product_tag","embeddable":true,"href":"https:\/\/cialisonlineshop.de\/fr\/wp-json\/wp\/v2\/product_tag?post=2145"}],"curies":[{"name":"wp","href":"https:\/\/api.w.org\/{rel}","templated":true}]}}