{"id":2132,"date":"2026-01-14T10:16:17","date_gmt":"2026-01-14T10:16:17","guid":{"rendered":"https:\/\/cialisonlineshop.de\/?post_type=product&#038;p=2132"},"modified":"2026-01-14T10:16:21","modified_gmt":"2026-01-14T10:16:21","slug":"vidalista-bestellen-60-mg","status":"publish","type":"product","link":"https:\/\/cialisonlineshop.de\/fr\/product\/vidalista-bestellen-60-mg\/","title":{"rendered":"Vidalista bestellen 60 mg"},"content":{"rendered":"<h4>Vidalista bestellen 60 mg\u2013 Tadalafil<\/h4>\n<p><a href=\"https:\/\/kamagrashop.online\/produkt\/vidalista-60-mg\/\">Vidalista bestellen 60 mg<\/a> ist das potenteste Produkt in der Vidalista-Familie, da es den h\u00f6chsten Anteil des Wirkstoffs Tadalafil enth\u00e4lt. \u00c4hnlich wie bei Vidalista 40 mg und Vidalista 20 mg tr\u00e4gt es zur Verbesserung der m\u00e4nnlichen Erektionsf\u00e4higkeit bei.<\/p>\n<h2>Grundinformationen zu Vidalista bestellen 60 mg<\/h2>\n<p><strong>Vidalista 60 mg<\/strong>\u00a0ist das st\u00e4rkste Arzneimittel aus der Vidalista Familie \u2013 es enth\u00e4lt den gr\u00f6\u00dften Anteil vom Wirkstoff Tadalafil. \u00c4hnlich wie\u00a0<a href=\"https:\/\/kamagrashop.online\/produkt\/vidalista-40-mg\/\">Vidalista 40 mg<\/a>\u00a0und\u00a0<a href=\"https:\/\/kamagrashop.online\/produkt\/vidalista-20mg\/\">Vidalista 20 mg<\/a>\u00a0hilft er die m\u00e4nnliche Erektion zu verbessern.<\/p>\n<p>Es geh\u00f6rt zur\u00a0<a href=\"https:\/\/kamagrashop.online\/cialis-generika-tadalafil\/\">Cialis generika<\/a>\u00a0Gruppe, das hei\u00dft es ist ein wertvoller Ersatz vom Originalprodukt Cialis. Es enth\u00e4lt denselben Wirkstoff Tadalafil und wird in der Indischen Pharmagesellschaft Centurion Laboratories Private Limited hergestellt. Vielleicht ist gerade Vidalista 60 mg dasjenige Arzneimittel, den Sie suchen um Ihre Erektion zu verbessern.<\/p>\n<h2>Wirkstoff Vidalista bestellen 60 mg<\/h2>\n<p>Wirkstoff Tadalafil (mehr Info \u00fcber den Wirkstoff im Artikel\u00a0Tadalafil) entspannt die Zellen der glatten Muskulatur und hilft der Durchblutung vom Penis. Man erreicht schnell eine\u00a0<strong>feste und langfristige Erektion<\/strong>\u00a0und kann viel besseren Geschlechtsverkehr genie\u00dfen.<\/p>\n<h2>Dosierung und Gebrauchsweise<\/h2>\n<p>Eine \u00fcbliche Dosis ist 5-20 mg einmalig, eine empfohlene Anfangsdosis ist 10 mg. Die Pille wird\u00a0unzerkaut mit Schluck Wasser eingenommen. Je nach Vertr\u00e4glichkeit kann die Dosis auf 5 mg erniedrigt werden.\u00a0<strong>&amp;\u00dcberschreiten Sie die maximale Tagesdosis 20 mg nicht.<\/strong><\/p>\n<p>Vidalista bestellen 60 mg wird 30-60 Minuten vor dem Geschlechtsverkehr eingenommen. Seine Wirkung dauert bis 36 Stunden. <strong>Vidalista ist kein Aphrodisiakum.<\/strong>\u00a0Um gew\u00fcnschte Wirkung zu erreichen,\u00a0<strong>m\u00fcssen Sie sexuell stimuliert werden<\/strong>.<\/p>\n<p>Das Pr\u00e4parat darf vor oder nach dem Essen eingenommen werden. Arzneimittel Vidalista 60 mg darf nicht mit Alkohol, Grapefruit und Grapefruitsaft kombiniert werden. \u00dcber Gefahr von dieser Kombination erfahren Sie mehr im Artikel\u00a0Medikamente gegen erektile Dysfunktion in Fragen und Antworten.<\/p>\n<h2>Kontraindikationen<\/h2>\n<p><strong>Vidalista 60 mg<\/strong>\u00a0darf nicht eingenommen werden wenn:<\/p>\n<ul>\n<li><strong>man auf Tadalafil<\/strong>\u00a0oder auf andere Wirkstoffe\u00a0<strong>allergisch ist\u00a0<\/strong><\/li>\n<li>man vor kurzem\u00a0<strong>Herzinfarkt oder Schlaganfall\u00a0<\/strong>durchgemacht hat, oder an andere Herzerkrankungen wie\u00a0<strong>niedriger Blutdruck oder Bluthochdruck<\/strong>\u00a0leidet<\/li>\n<li><strong>man die Nitrate einnimmt<\/strong>\u00a0(zum Beispiel Nitroglycerin, Isosorbid dinitrat), Medikamente, die Stickoxid l\u00f6sen (z.B. Isoamyl-nitrit)<\/li>\n<li>man Medikamente gegen Angina Pectoris einnimmt (z.B. Nitraten oder Stickoxid)<\/li>\n<li><strong>man an andere seri\u00f6se Herzerkrankung oder Leberst\u00f6rung leidet<\/strong><\/li>\n<li>man an seltener Netzhautst\u00f6rung leidet (z.B. retinitis pigmentosa) oder man die Sehkraft durch NAION verloren hat<\/li>\n<li><strong>man Riociguat einnimmt<\/strong>\u00a0( zur Heilung der arteriellen Lungenhypertonie und chronischer Lungen Hypertension)<\/li>\n<li>man Alfa-Blocker zur Heilung vom hohen Blutdruck oder Harnwegserkrankung wegen benigner Hyperplasie der Prostata einnimmt<\/li>\n<li>man Inhibitoren der Protease zur Heilung von AIDS oder HIV Infektion einnimmt<\/li>\n<li><strong>man schon ein anderes Erektionsmittel einnimmt<\/strong><\/li>\n<\/ul>\n<h2>Warnung<\/h2>\n<p><strong>Informieren Sie Ihren Arzt<\/strong>, bevor Sie den Wirkstoff Tadalafil einnehmen, im Falle Sie an:<\/p>\n<ul>\n<li>Herzprobleme<\/li>\n<li>Peyronie Erkrankung oder andere Penisdeformationen<\/li>\n<li>Geschw\u00fcr Erkrankung oder Bluterkrankheit (z.B.H\u00e4mophilie)<\/li>\n<li>Zucker Intoleranz (z.B. Laktose)<\/li>\n<li>Sichelzellkrankheit, Leuk\u00e4mie oder mehrfachen Myelom leiden<\/li>\n<\/ul>\n<p>Bei Patienten mit einer seri\u00f6sen Nierenst\u00f6rung ist die empfohlene maximale Tagesdosis 10 mg.<br \/>\nDie Einnahme von Vidalista mit anderen Medikamenten\u00a0<strong>soll Ihr Arzt genehmigen<\/strong>, besonders wenn die Medikamente Ritonavir, Erythromycin, Saquinavir, Ketoconazol oder Itraconazol enthalten.<\/p>\n<h2>M\u00f6gliche Nebenwirkungen<\/h2>\n<p>Vidalista bestellen 60 mg Wie bei jedem anderen Medikament k\u00f6nnen sich auch bei diesem Arzneimittel mit Tadalafil Nebenwirkungen zeigen.<\/p>\n<p>Meistens geht es um\u00a0<strong>milde Schwierigkeiten, die nicht lange dauern<\/strong>. In erster Linie sind es vor allem Kopfschmerzen, Gesichtsr\u00f6tung, Unwohlsein, Verdauungsprobleme, Hitzewallung, Sehst\u00f6rungen (verschwommenes oder sgn. blaues Sehen), Probleme mit Ged\u00e4chtnis, Schnupfen oder Schwindelgef\u00fchle.<\/p>\n<h3>Wichtiger Hinweis<\/h3>\n<p>Falls bei Ihnen nach der Einnahme des Mittels zu einer starken Verschlechterung der Sehkraft oder des Geh\u00f6rs kommt, Sie Blut im Urin finden oder er tr\u00fcb wird oder falls Sie eine\u00a0<strong>Erektion l\u00e4nger als 4 Stunden haben<\/strong>, besonders ohne sexuelle Anregung und schmerzhaft,\u00a0<strong>suchen Sie unverz\u00fcglich Ihren Arzt auf<\/strong>.<\/p>\n<p>Medizinische Hilfe suchen Sie unverz\u00fcglich\u00a0<strong>bei allen ungew\u00f6hnlichen Reaktionen\u00a0<\/strong>oder\u00a0<strong>bei starken Verschlechterung Ihres Zustandes nach der Einnahme des Mittels<\/strong>. Besuchen Sie den Arzt auch wenn die Nebenwirkungen von l\u00e4ngerer Dauer sind.<\/p>\n<h2>Lagerung<\/h2>\n<p>Lagern Sie bei Temperaturen bis 30\u00b0C. Behalten Sie in der Originalpackung. Sch\u00fctzen Sie vor Feuchtigkeit. Vermeiden Sie Kontakt mit Kindern. Benutzen Sie nicht nach dem abgelaufenen Mindesthaltbarkeitsdatum.<\/p>\n<h2>F\u00fcr Interesse<\/h2>\n<p>Mehr \u00fcber die Wirkstoffe f\u00fcr bessere Erektion erfahren Sie im Artikel\u00a0Arzneimittel f\u00fcr erektile Dysfunktion in Fragen und Antworten. Falls Sie noch andere Optionen der Heilung von erektiler Dysfunktion interessieren, schauen Sie sich den Artikel\u00a0Heilung und Besserung von Erektionsst\u00f6rungen\u00a0an.<\/p>\n<p>Dieses Produkt wird ohne eine Packungsbeilage versendet. Eine Schachtel wird nur bei einer Bestellung von 10 oder mehreren Packungen geliefert.<\/p>","protected":false},"excerpt":{"rendered":"<p>Vidalista 60 mg ist das potenteste Produkt in der Vidalista-Familie, da es den h\u00f6chsten Anteil des Wirkstoffs Tadalafil enth\u00e4lt. \u00c4hnlich wie bei Vidalista 40 mg und Vidalista 20 mg tr\u00e4gt es zur Verbesserung der m\u00e4nnlichen Erektionsf\u00e4higkeit bei.<\/p>\n<table class=\"info\">\n<tbody>\n<tr>\n<td>Produktcode:<\/td>\n<td>392129982813<\/td>\n<\/tr>\n<tr>\n<td>Kategorie:<\/td>\n<td><a href=\"https:\/\/kamagrashop.online\/cialis-generika-tadalafil\/\">Cialis Generika (Tadalafil)<\/a><\/td>\n<\/tr>\n<tr>\n<td>Marke:<\/td>\n<td><a href=\"https:\/\/kamagrashop.online\/centurion-laboratories-pvt-ltd\/\">Centurion Laboratories Pvt. Ltd.<\/a><\/td>\n<\/tr>\n<tr>\n<td>Verf\u00fcgbarkeit:<\/td>\n<td>Auf Lager<\/td>\n<\/tr>\n<\/tbody>\n<\/table>","protected":false},"featured_media":2144,"comment_status":"open","ping_status":"closed","template":"","meta":{"_uag_custom_page_level_css":"","site-sidebar-layout":"default","site-content-layout":"","ast-site-content-layout":"default","site-content-style":"default","site-sidebar-style":"default","ast-global-header-display":"","ast-banner-title-visibility":"","ast-main-header-display":"","ast-hfb-above-header-display":"","ast-hfb-below-header-display":"","ast-hfb-mobile-header-display":"","site-post-title":"","ast-breadcrumbs-content":"","ast-featured-img":"","footer-sml-layout":"","ast-disable-related-posts":"","theme-transparent-header-meta":"default","adv-header-id-meta":"","stick-header-meta":"","header-above-stick-meta":"","header-main-stick-meta":"","header-below-stick-meta":"","astra-migrate-meta-layouts":"set","ast-page-background-enabled":"default","ast-page-background-meta":{"desktop":{"background-color":"","background-image":"","background-repeat":"repeat","background-position":"center center","background-size":"auto","background-attachment":"scroll","background-type":"","background-media":"","overlay-type":"","overlay-color":"","overlay-opacity":"","overlay-gradient":""},"tablet":{"background-color":"","background-image":"","background-repeat":"repeat","background-position":"center center","background-size":"auto","background-attachment":"scroll","background-type":"","background-media":"","overlay-type":"","overlay-color":"","overlay-opacity":"","overlay-gradient":""},"mobile":{"background-color":"","background-image":"","background-repeat":"repeat","background-position":"center center","background-size":"auto","background-attachment":"scroll","background-type":"","background-media":"","overlay-type":"","overlay-color":"","overlay-opacity":"","overlay-gradient":""}},"ast-content-background-meta":{"desktop":{"background-color":"var(--ast-global-color-5)","background-image":"","background-repeat":"repeat","background-position":"center center","background-size":"auto","background-attachment":"scroll","background-type":"","background-media":"","overlay-type":"","overlay-color":"","overlay-opacity":"","overlay-gradient":""},"tablet":{"background-color":"var(--ast-global-color-5)","background-image":"","background-repeat":"repeat","background-position":"center center","background-size":"auto","background-attachment":"scroll","background-type":"","background-media":"","overlay-type":"","overlay-color":"","overlay-opacity":"","overlay-gradient":""},"mobile":{"background-color":"var(--ast-global-color-5)","background-image":"","background-repeat":"repeat","background-position":"center center","background-size":"auto","background-attachment":"scroll","background-type":"","background-media":"","overlay-type":"","overlay-color":"","overlay-opacity":"","overlay-gradient":""}},"episode_type":"","audio_file":"","cover_image":"","cover_image_id":"","duration":"","filesize":"","filesize_raw":"","date_recorded":"","explicit":"","block":"","itunes_episode_number":"","itunes_title":"","itunes_season_number":"","itunes_episode_type":""},"product_brand":[],"product_cat":[28],"product_tag":[],"class_list":{"0":"post-2132","1":"product","2":"type-product","3":"status-publish","4":"has-post-thumbnail","6":"product_cat-cialis-generika-tadalafil","7":"desktop-align-left","8":"tablet-align-left","9":"mobile-align-left","11":"first","12":"instock","13":"shipping-taxable","14":"purchasable","15":"product-type-variable"},"yoast_head":"<!-- This site is optimized with the Yoast SEO plugin v27.0 - https:\/\/yoast.com\/product\/yoast-seo-wordpress\/ -->\n<title>Vidalista Bestellen 60 Mg Online Kaufen | Apotheke Europe<\/title>\n<meta name=\"description\" content=\"Bestellen Sie Vidalista 60 mg online bei Apotheke Europe. Schnelle Lieferung, diskrete Verpackung und attraktive Preise. Jetzt sicher und bequem kaufen!\" \/>\n<meta name=\"robots\" content=\"index, follow, max-snippet:-1, max-image-preview:large, max-video-preview:-1\" \/>\n<link rel=\"canonical\" href=\"https:\/\/cialisonlineshop.de\/fr\/product\/vidalista-bestellen-60-mg\/\" \/>\n<meta property=\"og:locale\" content=\"fr_FR\" \/>\n<meta property=\"og:type\" content=\"article\" \/>\n<meta property=\"og:title\" content=\"Vidalista Bestellen 60 Mg Online Kaufen | Apotheke Europe\" \/>\n<meta property=\"og:description\" content=\"Bestellen Sie Vidalista 60 mg online bei Apotheke Europe. Schnelle Lieferung, diskrete Verpackung und attraktive Preise. Jetzt sicher und bequem kaufen!\" \/>\n<meta property=\"og:url\" content=\"https:\/\/cialisonlineshop.de\/fr\/product\/vidalista-bestellen-60-mg\/\" \/>\n<meta property=\"article:modified_time\" content=\"2026-01-14T10:16:21+00:00\" \/>\n<meta property=\"og:image\" content=\"https:\/\/cialisonlineshop.de\/wp-content\/uploads\/2026\/01\/Vidalista-60-mg.jpg\" \/>\n\t<meta property=\"og:image:width\" content=\"1200\" \/>\n\t<meta property=\"og:image:height\" content=\"1200\" \/>\n\t<meta property=\"og:image:type\" content=\"image\/jpeg\" \/>\n<meta name=\"twitter:card\" content=\"summary_large_image\" \/>\n<meta name=\"twitter:label1\" content=\"Dur\u00e9e de lecture estim\u00e9e\" \/>\n\t<meta name=\"twitter:data1\" content=\"5 minutes\" \/>\n<script type=\"application\/ld+json\" class=\"yoast-schema-graph\">{\"@context\":\"https:\/\/schema.org\",\"@graph\":[{\"@type\":\"WebPage\",\"@id\":\"https:\/\/cialisonlineshop.de\/product\/vidalista-bestellen-60-mg\/\",\"url\":\"https:\/\/cialisonlineshop.de\/product\/vidalista-bestellen-60-mg\/\",\"name\":\"Vidalista Bestellen 60 Mg Online Kaufen | Apotheke Europe\",\"isPartOf\":{\"@id\":\"https:\/\/cialisonlineshop.de\/#website\"},\"primaryImageOfPage\":{\"@id\":\"https:\/\/cialisonlineshop.de\/product\/vidalista-bestellen-60-mg\/#primaryimage\"},\"image\":{\"@id\":\"https:\/\/cialisonlineshop.de\/product\/vidalista-bestellen-60-mg\/#primaryimage\"},\"thumbnailUrl\":\"https:\/\/cialisonlineshop.de\/wp-content\/uploads\/2026\/01\/Vidalista-60-mg.jpg\",\"datePublished\":\"2026-01-14T10:16:17+00:00\",\"dateModified\":\"2026-01-14T10:16:21+00:00\",\"description\":\"Bestellen Sie Vidalista 60 mg online bei Apotheke Europe. Schnelle Lieferung, diskrete Verpackung und attraktive Preise. Jetzt sicher und bequem kaufen!\",\"breadcrumb\":{\"@id\":\"https:\/\/cialisonlineshop.de\/product\/vidalista-bestellen-60-mg\/#breadcrumb\"},\"inLanguage\":\"fr-FR\",\"potentialAction\":[{\"@type\":\"ReadAction\",\"target\":[\"https:\/\/cialisonlineshop.de\/product\/vidalista-bestellen-60-mg\/\"]}]},{\"@type\":\"ImageObject\",\"inLanguage\":\"fr-FR\",\"@id\":\"https:\/\/cialisonlineshop.de\/product\/vidalista-bestellen-60-mg\/#primaryimage\",\"url\":\"https:\/\/cialisonlineshop.de\/wp-content\/uploads\/2026\/01\/Vidalista-60-mg.jpg\",\"contentUrl\":\"https:\/\/cialisonlineshop.de\/wp-content\/uploads\/2026\/01\/Vidalista-60-mg.jpg\",\"width\":1200,\"height\":1200,\"caption\":\"import placeholder for 5769\"},{\"@type\":\"BreadcrumbList\",\"@id\":\"https:\/\/cialisonlineshop.de\/product\/vidalista-bestellen-60-mg\/#breadcrumb\",\"itemListElement\":[{\"@type\":\"ListItem\",\"position\":1,\"name\":\"Home\",\"item\":\"https:\/\/cialisonlineshop.de\/\"},{\"@type\":\"ListItem\",\"position\":2,\"name\":\"Shop\",\"item\":\"https:\/\/cialisonlineshop.de\/shop\/\"},{\"@type\":\"ListItem\",\"position\":3,\"name\":\"Vidalista bestellen 60 mg\"}]},{\"@type\":\"WebSite\",\"@id\":\"https:\/\/cialisonlineshop.de\/#website\",\"url\":\"https:\/\/cialisonlineshop.de\/\",\"name\":\"Cialisonlineshop\",\"description\":\"\",\"publisher\":{\"@id\":\"https:\/\/cialisonlineshop.de\/#organization\"},\"potentialAction\":[{\"@type\":\"SearchAction\",\"target\":{\"@type\":\"EntryPoint\",\"urlTemplate\":\"https:\/\/cialisonlineshop.de\/?s={search_term_string}\"},\"query-input\":{\"@type\":\"PropertyValueSpecification\",\"valueRequired\":true,\"valueName\":\"search_term_string\"}}],\"inLanguage\":\"fr-FR\"},{\"@type\":\"Organization\",\"@id\":\"https:\/\/cialisonlineshop.de\/#organization\",\"name\":\"Cialisonlineshop\",\"url\":\"https:\/\/cialisonlineshop.de\/\",\"logo\":{\"@type\":\"ImageObject\",\"inLanguage\":\"fr-FR\",\"@id\":\"https:\/\/cialisonlineshop.de\/#\/schema\/logo\/image\/\",\"url\":\"https:\/\/cialisonlineshop.de\/wp-content\/uploads\/2026\/01\/Logo_maker_project__6_-removebg-preview-1.png\",\"contentUrl\":\"https:\/\/cialisonlineshop.de\/wp-content\/uploads\/2026\/01\/Logo_maker_project__6_-removebg-preview-1.png\",\"width\":432,\"height\":88,\"caption\":\"Cialisonlineshop\"},\"image\":{\"@id\":\"https:\/\/cialisonlineshop.de\/#\/schema\/logo\/image\/\"}}]}<\/script>\n<!-- \/ Yoast SEO plugin. -->","yoast_head_json":{"title":"Vidalista Bestellen 60 Mg Online Kaufen | Apotheke Europe","description":"Bestellen Sie Vidalista 60 mg online bei Apotheke Europe. Schnelle Lieferung, diskrete Verpackung und attraktive Preise. Jetzt sicher und bequem kaufen!","robots":{"index":"index","follow":"follow","max-snippet":"max-snippet:-1","max-image-preview":"max-image-preview:large","max-video-preview":"max-video-preview:-1"},"canonical":"https:\/\/cialisonlineshop.de\/fr\/product\/vidalista-bestellen-60-mg\/","og_locale":"fr_FR","og_type":"article","og_title":"Vidalista Bestellen 60 Mg Online Kaufen | Apotheke Europe","og_description":"Bestellen Sie Vidalista 60 mg online bei Apotheke Europe. Schnelle Lieferung, diskrete Verpackung und attraktive Preise. Jetzt sicher und bequem kaufen!","og_url":"https:\/\/cialisonlineshop.de\/fr\/product\/vidalista-bestellen-60-mg\/","article_modified_time":"2026-01-14T10:16:21+00:00","og_image":[{"width":1200,"height":1200,"url":"https:\/\/cialisonlineshop.de\/wp-content\/uploads\/2026\/01\/Vidalista-60-mg.jpg","type":"image\/jpeg"}],"twitter_card":"summary_large_image","twitter_misc":{"Dur\u00e9e de lecture estim\u00e9e":"5 minutes"},"schema":{"@context":"https:\/\/schema.org","@graph":[{"@type":"WebPage","@id":"https:\/\/cialisonlineshop.de\/product\/vidalista-bestellen-60-mg\/","url":"https:\/\/cialisonlineshop.de\/product\/vidalista-bestellen-60-mg\/","name":"Vidalista Bestellen 60 Mg Online Kaufen | Apotheke Europe","isPartOf":{"@id":"https:\/\/cialisonlineshop.de\/#website"},"primaryImageOfPage":{"@id":"https:\/\/cialisonlineshop.de\/product\/vidalista-bestellen-60-mg\/#primaryimage"},"image":{"@id":"https:\/\/cialisonlineshop.de\/product\/vidalista-bestellen-60-mg\/#primaryimage"},"thumbnailUrl":"https:\/\/cialisonlineshop.de\/wp-content\/uploads\/2026\/01\/Vidalista-60-mg.jpg","datePublished":"2026-01-14T10:16:17+00:00","dateModified":"2026-01-14T10:16:21+00:00","description":"Bestellen Sie Vidalista 60 mg online bei Apotheke Europe. Schnelle Lieferung, diskrete Verpackung und attraktive Preise. Jetzt sicher und bequem kaufen!","breadcrumb":{"@id":"https:\/\/cialisonlineshop.de\/product\/vidalista-bestellen-60-mg\/#breadcrumb"},"inLanguage":"fr-FR","potentialAction":[{"@type":"ReadAction","target":["https:\/\/cialisonlineshop.de\/product\/vidalista-bestellen-60-mg\/"]}]},{"@type":"ImageObject","inLanguage":"fr-FR","@id":"https:\/\/cialisonlineshop.de\/product\/vidalista-bestellen-60-mg\/#primaryimage","url":"https:\/\/cialisonlineshop.de\/wp-content\/uploads\/2026\/01\/Vidalista-60-mg.jpg","contentUrl":"https:\/\/cialisonlineshop.de\/wp-content\/uploads\/2026\/01\/Vidalista-60-mg.jpg","width":1200,"height":1200,"caption":"import placeholder for 5769"},{"@type":"BreadcrumbList","@id":"https:\/\/cialisonlineshop.de\/product\/vidalista-bestellen-60-mg\/#breadcrumb","itemListElement":[{"@type":"ListItem","position":1,"name":"Home","item":"https:\/\/cialisonlineshop.de\/"},{"@type":"ListItem","position":2,"name":"Shop","item":"https:\/\/cialisonlineshop.de\/shop\/"},{"@type":"ListItem","position":3,"name":"Vidalista bestellen 60 mg"}]},{"@type":"WebSite","@id":"https:\/\/cialisonlineshop.de\/#website","url":"https:\/\/cialisonlineshop.de\/","name":"Cialisonlineshop","description":"","publisher":{"@id":"https:\/\/cialisonlineshop.de\/#organization"},"potentialAction":[{"@type":"SearchAction","target":{"@type":"EntryPoint","urlTemplate":"https:\/\/cialisonlineshop.de\/?s={search_term_string}"},"query-input":{"@type":"PropertyValueSpecification","valueRequired":true,"valueName":"search_term_string"}}],"inLanguage":"fr-FR"},{"@type":"Organization","@id":"https:\/\/cialisonlineshop.de\/#organization","name":"Cialisonlineshop","url":"https:\/\/cialisonlineshop.de\/","logo":{"@type":"ImageObject","inLanguage":"fr-FR","@id":"https:\/\/cialisonlineshop.de\/#\/schema\/logo\/image\/","url":"https:\/\/cialisonlineshop.de\/wp-content\/uploads\/2026\/01\/Logo_maker_project__6_-removebg-preview-1.png","contentUrl":"https:\/\/cialisonlineshop.de\/wp-content\/uploads\/2026\/01\/Logo_maker_project__6_-removebg-preview-1.png","width":432,"height":88,"caption":"Cialisonlineshop"},"image":{"@id":"https:\/\/cialisonlineshop.de\/#\/schema\/logo\/image\/"}}]}},"uagb_featured_image_src":{"full":["https:\/\/cialisonlineshop.de\/wp-content\/uploads\/2026\/01\/Vidalista-60-mg.jpg",1200,1200,false],"thumbnail":["https:\/\/cialisonlineshop.de\/wp-content\/uploads\/2026\/01\/Vidalista-60-mg-150x150.jpg",150,150,true],"medium":["https:\/\/cialisonlineshop.de\/wp-content\/uploads\/2026\/01\/Vidalista-60-mg-300x300.jpg",300,300,true],"medium_large":["https:\/\/cialisonlineshop.de\/wp-content\/uploads\/2026\/01\/Vidalista-60-mg-768x768.jpg",768,768,true],"large":["https:\/\/cialisonlineshop.de\/wp-content\/uploads\/2026\/01\/Vidalista-60-mg-1024x1024.jpg",1024,1024,true],"1536x1536":["https:\/\/cialisonlineshop.de\/wp-content\/uploads\/2026\/01\/Vidalista-60-mg.jpg",1200,1200,false],"2048x2048":["https:\/\/cialisonlineshop.de\/wp-content\/uploads\/2026\/01\/Vidalista-60-mg.jpg",1200,1200,false],"trp-custom-language-flag":["https:\/\/cialisonlineshop.de\/wp-content\/uploads\/2026\/01\/Vidalista-60-mg.jpg",12,12,false],"woocommerce_thumbnail":["https:\/\/cialisonlineshop.de\/wp-content\/uploads\/2026\/01\/Vidalista-60-mg-300x300.jpg",300,300,true],"woocommerce_single":["https:\/\/cialisonlineshop.de\/wp-content\/uploads\/2026\/01\/Vidalista-60-mg-600x600.jpg",600,600,true],"woocommerce_gallery_thumbnail":["https:\/\/cialisonlineshop.de\/wp-content\/uploads\/2026\/01\/Vidalista-60-mg-100x100.jpg",100,100,true]},"uagb_author_info":{"display_name":"Stefan T\u00f6njes","author_link":"https:\/\/cialisonlineshop.de\/fr\/author\/"},"uagb_comment_info":0,"uagb_excerpt":"Vidalista 60 mg ist das potenteste Produkt in der Vidalista-Familie, da es den h\u00f6chsten Anteil des Wirkstoffs Tadalafil enth\u00e4lt. \u00c4hnlich wie bei Vidalista 40 mg und Vidalista 20 mg tr\u00e4gt es zur Verbesserung der m\u00e4nnlichen Erektionsf\u00e4higkeit bei. Produktcode: 392129982813 Kategorie: Cialis Generika (Tadalafil) Marke: Centurion Laboratories Pvt. Ltd. Verf\u00fcgbarkeit: Auf Lager","jetpack_sharing_enabled":true,"_links":{"self":[{"href":"https:\/\/cialisonlineshop.de\/fr\/wp-json\/wp\/v2\/product\/2132","targetHints":{"allow":["GET"]}}],"collection":[{"href":"https:\/\/cialisonlineshop.de\/fr\/wp-json\/wp\/v2\/product"}],"about":[{"href":"https:\/\/cialisonlineshop.de\/fr\/wp-json\/wp\/v2\/types\/product"}],"replies":[{"embeddable":true,"href":"https:\/\/cialisonlineshop.de\/fr\/wp-json\/wp\/v2\/comments?post=2132"}],"wp:featuredmedia":[{"embeddable":true,"href":"https:\/\/cialisonlineshop.de\/fr\/wp-json\/wp\/v2\/media\/2144"}],"wp:attachment":[{"href":"https:\/\/cialisonlineshop.de\/fr\/wp-json\/wp\/v2\/media?parent=2132"}],"wp:term":[{"taxonomy":"product_brand","embeddable":true,"href":"https:\/\/cialisonlineshop.de\/fr\/wp-json\/wp\/v2\/product_brand?post=2132"},{"taxonomy":"product_cat","embeddable":true,"href":"https:\/\/cialisonlineshop.de\/fr\/wp-json\/wp\/v2\/product_cat?post=2132"},{"taxonomy":"product_tag","embeddable":true,"href":"https:\/\/cialisonlineshop.de\/fr\/wp-json\/wp\/v2\/product_tag?post=2132"}],"curies":[{"name":"wp","href":"https:\/\/api.w.org\/{rel}","templated":true}]}}