{"id":2121,"date":"2026-01-14T10:16:17","date_gmt":"2026-01-14T10:16:17","guid":{"rendered":"https:\/\/cialisonlineshop.de\/?post_type=product&#038;p=2121"},"modified":"2026-01-14T10:16:21","modified_gmt":"2026-01-14T10:16:21","slug":"vidalista-kaufen-40-mg","status":"publish","type":"product","link":"https:\/\/cialisonlineshop.de\/fr\/product\/vidalista-kaufen-40-mg\/","title":{"rendered":"Vidalista Kaufen 40 mg"},"content":{"rendered":"<h1>Vidalista Kaufen 40 mg \u2013 Tadalafil<\/h1>\n<p>Vidalista 40 mg stellt eine Alternative zu Cialis dar, einem gut etablierten Medikament zur Behandlung von erektiler Dysfunktion bei M\u00e4nnern. Diese Formulierung enth\u00e4lt 40 mg des Wirkstoffs Tadalafil.<\/p>\n<h2>Grundinformationen zu Vidalista 40 mg<\/h2>\n<p>Vidalista Kaufen 40 mg ist Cialis Generikum \u2013 ein vollwertiger Ersatz von Cialis, eines bekannten Arzneimittels gegen erektile Dysfunktion bei M\u00e4nnern. Dieses Mittel enth\u00e4lt 40 mg vom Wirkstoff Tadalafil.<\/p>\n<p>Man kann Vidalista auch in Varianten mit erniedrigtem oder erh\u00f6htem Wirkstoffgehalt kaufen \u2013\u00a0Vidalista 20 mg\u00a0und\u00a0Vidalista 60 mg.<\/p>\n<p>Genau wie das Originalprodukt enth\u00e4lt Vidalista\u00a0<strong>den Wirkstoff Tadalafil<\/strong>, der hilft, das Glied besser durchzubluten und dadurch eine feste Erektion f\u00fcr Geschlechtsverkehr zu erreichen. Dieser zuverl\u00e4ssige Helfer wird in der indischen Pharmagesellschaft Centurion Laboratories Private Limited hergestellt.<\/p>\n<p>Cialis Generika, auch als Tadalafil Generika genannt, sind beliebt f\u00fcr die M\u00f6glichkeit, sie\u00a0<strong>rezeptfrei<\/strong>\u00a0zu kaufen. Dadurch ist der Spitzname Cialis ohne Rezept entstanden.<\/p>\n<h2>Wirkstoff Vidalista Kaufen 40 mg<\/h2>\n<p>Der Wirkstoff Tadalafil (mehr Informationen \u00fcber den Wirkstoff im Artikel\u00a0Tadalafil) entspannt die Zellen der glatten Muskulatur und hilft der Durchblutung des Penis. Man erreicht schnell eine\u00a0<strong>feste und lang anhaltende Erektion<\/strong>\u00a0und kann einen viel besseren Geschlechtsverkehr genie\u00dfen.<\/p>\n<h2>Dosierung und Anwendung<\/h2>\n<p>Die \u00fcbliche Dosis betr\u00e4gt 5-20 mg einmalig, eine empfohlene Anfangsdosis ist 10 mg. Die Pille wird unzerkaut mit Schluck Wasser eingenommen. Je nach Vertr\u00e4glichkeit kann die Dosis auf 5 mg erniedrigt werden.\u00a0<strong>\u00dcberschreiten Sie die maximale Tagesdosis von 20 mg nicht.<\/strong><\/p>\n<p>Vidalista 40 mg wird 30-60 Minuten vor dem Geschlechtsverkehr eingenommen. Seine Wirkung dauert bis zu 36 Stunden.\u00a0<strong>Vidalista ist kein Aphrodisiakum.<\/strong>\u00a0Um die gew\u00fcnschte Wirkung zu erreichen,\u00a0<strong>m\u00fcssen Sie sexuell stimuliert werden<\/strong>.<br \/>\nDas Pr\u00e4parat darf vor oder nach dem Essen eingenommen werden. Arzneimittel Vidalista 40 mg darf nicht mit Alkohol, Grapefruit und Grapefruitsaft kombiniert werden. Mehr \u00fcber die Gefahren dieser Kombination erfahren Sie im Artikel\u00a0Medikamente gegen erektile Dysfunktion: Fragen und Antworten.<\/p>\n<h2>Kontraindikationen<\/h2>\n<p>Vidalista 40 mg darf nicht eingenommen werden, wenn:<\/p>\n<ul>\n<li><strong>man auf Tadalafil<\/strong>\u00a0oder auf andere Wirkstoffe\u00a0<strong>allergisch ist.<\/strong><\/li>\n<li>man in letzter Zeit einen\u00a0<strong>Herzinfarkt oder Schlaganfall<\/strong>\u00a0hatte oder an anderen Herzerkrankungen wie\u00a0<strong>niedrigem Blutdruck oder Bluthochdruck<\/strong>\u00a0leidet.<\/li>\n<li><strong>man Nitrate einnimmt<\/strong>\u00a0(zum Beispiel Nitroglycerin, Isosorbid-Dinitrat), Medikamente, die Stickoxid freisetzen (z.B. Isoamyl-Nitrit).<\/li>\n<li>man Medikamente gegen Angina Pectoris einnimmt (z.B. Nitrate oder Stickoxid).<\/li>\n<li><strong>man an anderen schweren Herzerkrankungen oder Leberst\u00f6rungen leidet.<\/strong><\/li>\n<li>man an einer seltenen Netzhautst\u00f6rung leidet (z.B. Retinitis Pigmentosa) oder die Sehkraft aufgrund von NAION verloren hat.<\/li>\n<li><strong>man Riociguat einnimmt<\/strong>\u00a0(zur Behandlung der arteriellen Lungenhypertonie und chronischen Lungenhypertonie).<\/li>\n<li>man Alpha-Blocker zur Behandlung von hohem Blutdruck oder Harnwegserkrankungen aufgrund einer benignen Prostatahyperplasie einnimmt.<\/li>\n<li>man Protease-Inhibitoren zur Behandlung von AIDS oder HIV-Infektion einnimmt.<\/li>\n<li><strong>man bereits ein anderes Erektionsmittel einnimmt.<\/strong><\/li>\n<\/ul>\n<h3>Warnung<\/h3>\n<p><strong>Informieren Sie Ihren Arzt<\/strong>, bevor Sie den Wirkstoff Tadalafil einnehmen, wenn Sie:<\/p>\n<ul>\n<li>Herzprobleme haben.<\/li>\n<li>An Peyronie-Erkrankung oder anderen Penisdeformationen leiden.<\/li>\n<li>Eine Geschw\u00fcrerkrankung oder Bluterkrankheit (z.B. H\u00e4mophilie) haben.<\/li>\n<li>An Zuckerintoleranz leiden (z.B. Laktose).<\/li>\n<li>An Sichelzellenan\u00e4mie, Leuk\u00e4mie oder Multiplem Myelom leiden.<\/li>\n<\/ul>\n<p>Bei Patienten mit schweren Nierenproblemen betr\u00e4gt die empfohlene maximale Tagesdosis 10 mg.<br \/>\nDie Einnahme von Vidalista in Kombination mit anderen Medikamenten\u00a0<strong>sollte von Ihrem Arzt genehmigt werden<\/strong>, insbesondere wenn die Medikamente Ritonavir, Erythromycin, Saquinavir, Ketoconazol oder Itraconazol enthalten.<\/p>\n<h4>M\u00f6gliche Nebenwirkungen<\/h4>\n<p>Wie bei jedem anderen Medikament k\u00f6nnen auch bei diesem Arzneimittel mit Tadalafil Nebenwirkungen auftreten. Meist handelt es sich um\u00a0<strong>milde Beschwerden, die nicht lange anhalten<\/strong>. Dazu geh\u00f6ren vor allem Kopfschmerzen, Gesichtsr\u00f6tung, Unwohlsein, Verdauungsprobleme, Hitzewallungen, Sehst\u00f6rungen (verschwommenes oder sogenanntes blaues Sehen), Ged\u00e4chtnisprobleme, Schnupfen oder Schwindel.<\/p>\n<h5>Wichtiger Hinweis<\/h5>\n<p>Wenn Sie nach der Einnahme des Arzneimittels eine starke Verschlechterung der Sehkraft oder des H\u00f6rverm\u00f6gens feststellen, Blut im Urin bemerken oder Ihre Erektion l\u00e4nger als 4 Stunden andauert, insbesondere ohne sexuelle Erregung und schmerzhaft,\u00a0<strong>konsultieren Sie umgehend Ihren Arzt<\/strong>.<\/p>\n<p>Suchen Sie unverz\u00fcglich\u00a0<strong>medizinische Hilfe bei allen ungew\u00f6hnlichen Reaktionen<\/strong>\u00a0oder\u00a0<strong>einer erheblichen Verschlechterung Ihres Zustands nach der Einnahme des Arzneimittels<\/strong>. Konsultieren Sie Ihren Arzt auch, wenn die Nebenwirkungen anhalten.<\/p>\n<h6>Lagerung<\/h6>\n<p>Lagern Sie bei Temperaturen bis 30\u00b0C. Bewahren Sie es in der Originalverpackung auf und sch\u00fctzen Sie es vor Feuchtigkeit. Halten Sie es au\u00dferhalb der Reichweite von Kindern und verwenden Sie es nicht nach dem Ablaufdatum.<\/p>\n<h6>F\u00fcr Interessierte<\/h6>\n<p>Sind Sie sich nicht sicher, ob erektile Dysfunktion auch Ihr Problem ist? Es gibt verschiedene M\u00f6glichkeiten, dies festzustellen. Sie k\u00f6nnen zun\u00e4chst einen\u00a0Selbsttest zur Erektilen Dysfunktion\u00a0zu Hause durchf\u00fchren oder einen\u00a0IIEF-Fragebogen\u00a0in f\u00fcnf Minuten ausf\u00fcllen. Eine Besprechung von Erektionsproblemen mit einem Arzt ist ebenfalls ratsam, da sich dahinter ernsthafte Gesundheitsprobleme verbergen k\u00f6nnen.<\/p>\n<p>Dieses Produkt wird ohne Packungsbeilage geliefert. Eine Packungsbeilage wird nur bei Bestellungen von 10 oder mehr Packungen mitgeliefert.<\/p>","protected":false},"excerpt":{"rendered":"<p>Vidalista 40 mg stellt eine Alternative zu Cialis dar, einem gut etablierten Medikament zur Behandlung von erektiler Dysfunktion bei M\u00e4nnern. Diese Formulierung enth\u00e4lt 40 mg des Wirkstoffs Tadalafil.<\/p>\n<table class=\"info\">\n<tbody>\n<tr>\n<td>Produktcode:<\/td>\n<td>80071766115<\/td>\n<\/tr>\n<tr>\n<td>Kategorie:<\/td>\n<td><a href=\"https:\/\/kamagrashop.online\/cialis-generika-tadalafil\/\">Cialis Generika (Tadalafil)<\/a><\/td>\n<\/tr>\n<tr>\n<td>Marke:<\/td>\n<td><a href=\"https:\/\/kamagrashop.online\/centurion-laboratories-pvt-ltd\/\">Centurion Laboratories Pvt. Ltd.<\/a><\/td>\n<\/tr>\n<tr>\n<td>Verf\u00fcgbarkeit:<\/td>\n<td>Auf Lager<\/td>\n<\/tr>\n<\/tbody>\n<\/table>","protected":false},"featured_media":2143,"comment_status":"open","ping_status":"closed","template":"","meta":{"_uag_custom_page_level_css":"","site-sidebar-layout":"","site-content-layout":"","ast-site-content-layout":"","site-content-style":"","site-sidebar-style":"","ast-global-header-display":"","ast-banner-title-visibility":"","ast-main-header-display":"","ast-hfb-above-header-display":"","ast-hfb-below-header-display":"","ast-hfb-mobile-header-display":"","site-post-title":"","ast-breadcrumbs-content":"","ast-featured-img":"","footer-sml-layout":"","ast-disable-related-posts":"","theme-transparent-header-meta":"","adv-header-id-meta":"","stick-header-meta":"","header-above-stick-meta":"","header-main-stick-meta":"","header-below-stick-meta":"","astra-migrate-meta-layouts":"","ast-page-background-enabled":"default","ast-page-background-meta":{"desktop":{"background-color":"","background-image":"","background-repeat":"repeat","background-position":"center center","background-size":"auto","background-attachment":"scroll","background-type":"","background-media":"","overlay-type":"","overlay-color":"","overlay-opacity":"","overlay-gradient":""},"tablet":{"background-color":"","background-image":"","background-repeat":"repeat","background-position":"center center","background-size":"auto","background-attachment":"scroll","background-type":"","background-media":"","overlay-type":"","overlay-color":"","overlay-opacity":"","overlay-gradient":""},"mobile":{"background-color":"","background-image":"","background-repeat":"repeat","background-position":"center center","background-size":"auto","background-attachment":"scroll","background-type":"","background-media":"","overlay-type":"","overlay-color":"","overlay-opacity":"","overlay-gradient":""}},"ast-content-background-meta":{"desktop":{"background-color":"var(--ast-global-color-5)","background-image":"","background-repeat":"repeat","background-position":"center center","background-size":"auto","background-attachment":"scroll","background-type":"","background-media":"","overlay-type":"","overlay-color":"","overlay-opacity":"","overlay-gradient":""},"tablet":{"background-color":"var(--ast-global-color-5)","background-image":"","background-repeat":"repeat","background-position":"center center","background-size":"auto","background-attachment":"scroll","background-type":"","background-media":"","overlay-type":"","overlay-color":"","overlay-opacity":"","overlay-gradient":""},"mobile":{"background-color":"var(--ast-global-color-5)","background-image":"","background-repeat":"repeat","background-position":"center center","background-size":"auto","background-attachment":"scroll","background-type":"","background-media":"","overlay-type":"","overlay-color":"","overlay-opacity":"","overlay-gradient":""}},"episode_type":"","audio_file":"","cover_image":"","cover_image_id":"","duration":"","filesize":"","filesize_raw":"","date_recorded":"","explicit":"","block":"","itunes_episode_number":"","itunes_title":"","itunes_season_number":"","itunes_episode_type":""},"product_brand":[],"product_cat":[28],"product_tag":[],"class_list":{"0":"post-2121","1":"product","2":"type-product","3":"status-publish","4":"has-post-thumbnail","6":"product_cat-cialis-generika-tadalafil","7":"desktop-align-left","8":"tablet-align-left","9":"mobile-align-left","11":"first","12":"instock","13":"shipping-taxable","14":"purchasable","15":"product-type-variable"},"yoast_head":"<!-- This site is optimized with the Yoast SEO plugin v27.0 - https:\/\/yoast.com\/product\/yoast-seo-wordpress\/ -->\n<title>Vidalista Kaufen 40 mg -<\/title>\n<meta name=\"robots\" content=\"index, follow, max-snippet:-1, max-image-preview:large, max-video-preview:-1\" \/>\n<link rel=\"canonical\" href=\"https:\/\/cialisonlineshop.de\/fr\/product\/vidalista-kaufen-40-mg\/\" \/>\n<meta property=\"og:locale\" content=\"fr_FR\" \/>\n<meta property=\"og:type\" content=\"article\" \/>\n<meta property=\"og:title\" content=\"Vidalista Kaufen 40 mg -\" \/>\n<meta property=\"og:description\" content=\"Vidalista 40 mg stellt eine Alternative zu Cialis dar, einem gut etablierten Medikament zur Behandlung von erektiler Dysfunktion bei M\u00e4nnern. Diese Formulierung enth\u00e4lt 40 mg des Wirkstoffs Tadalafil.    Produktcode: 80071766115   Kategorie: Cialis Generika (Tadalafil)   Marke: Centurion Laboratories Pvt. Ltd.   Verf\u00fcgbarkeit: Auf Lager\" \/>\n<meta property=\"og:url\" content=\"https:\/\/cialisonlineshop.de\/fr\/product\/vidalista-kaufen-40-mg\/\" \/>\n<meta property=\"article:modified_time\" content=\"2026-01-14T10:16:21+00:00\" \/>\n<meta property=\"og:image\" content=\"https:\/\/cialisonlineshop.de\/wp-content\/uploads\/2026\/01\/Vidalista-40-mg-1.jpg\" \/>\n\t<meta property=\"og:image:width\" content=\"1200\" \/>\n\t<meta property=\"og:image:height\" content=\"1200\" \/>\n\t<meta property=\"og:image:type\" content=\"image\/jpeg\" \/>\n<meta name=\"twitter:card\" content=\"summary_large_image\" \/>\n<meta name=\"twitter:label1\" content=\"Dur\u00e9e de lecture estim\u00e9e\" \/>\n\t<meta name=\"twitter:data1\" content=\"4 minutes\" \/>\n<script type=\"application\/ld+json\" class=\"yoast-schema-graph\">{\"@context\":\"https:\/\/schema.org\",\"@graph\":[{\"@type\":\"WebPage\",\"@id\":\"https:\/\/cialisonlineshop.de\/product\/vidalista-kaufen-40-mg\/\",\"url\":\"https:\/\/cialisonlineshop.de\/product\/vidalista-kaufen-40-mg\/\",\"name\":\"Vidalista Kaufen 40 mg -\",\"isPartOf\":{\"@id\":\"https:\/\/cialisonlineshop.de\/#website\"},\"primaryImageOfPage\":{\"@id\":\"https:\/\/cialisonlineshop.de\/product\/vidalista-kaufen-40-mg\/#primaryimage\"},\"image\":{\"@id\":\"https:\/\/cialisonlineshop.de\/product\/vidalista-kaufen-40-mg\/#primaryimage\"},\"thumbnailUrl\":\"https:\/\/cialisonlineshop.de\/wp-content\/uploads\/2026\/01\/Vidalista-40-mg-1.jpg\",\"datePublished\":\"2026-01-14T10:16:17+00:00\",\"dateModified\":\"2026-01-14T10:16:21+00:00\",\"breadcrumb\":{\"@id\":\"https:\/\/cialisonlineshop.de\/product\/vidalista-kaufen-40-mg\/#breadcrumb\"},\"inLanguage\":\"fr-FR\",\"potentialAction\":[{\"@type\":\"ReadAction\",\"target\":[\"https:\/\/cialisonlineshop.de\/product\/vidalista-kaufen-40-mg\/\"]}]},{\"@type\":\"ImageObject\",\"inLanguage\":\"fr-FR\",\"@id\":\"https:\/\/cialisonlineshop.de\/product\/vidalista-kaufen-40-mg\/#primaryimage\",\"url\":\"https:\/\/cialisonlineshop.de\/wp-content\/uploads\/2026\/01\/Vidalista-40-mg-1.jpg\",\"contentUrl\":\"https:\/\/cialisonlineshop.de\/wp-content\/uploads\/2026\/01\/Vidalista-40-mg-1.jpg\",\"width\":1200,\"height\":1200,\"caption\":\"import placeholder for 5758\"},{\"@type\":\"BreadcrumbList\",\"@id\":\"https:\/\/cialisonlineshop.de\/product\/vidalista-kaufen-40-mg\/#breadcrumb\",\"itemListElement\":[{\"@type\":\"ListItem\",\"position\":1,\"name\":\"Home\",\"item\":\"https:\/\/cialisonlineshop.de\/\"},{\"@type\":\"ListItem\",\"position\":2,\"name\":\"Shop\",\"item\":\"https:\/\/cialisonlineshop.de\/shop\/\"},{\"@type\":\"ListItem\",\"position\":3,\"name\":\"Vidalista Kaufen 40 mg\"}]},{\"@type\":\"WebSite\",\"@id\":\"https:\/\/cialisonlineshop.de\/#website\",\"url\":\"https:\/\/cialisonlineshop.de\/\",\"name\":\"Cialisonlineshop\",\"description\":\"\",\"publisher\":{\"@id\":\"https:\/\/cialisonlineshop.de\/#organization\"},\"potentialAction\":[{\"@type\":\"SearchAction\",\"target\":{\"@type\":\"EntryPoint\",\"urlTemplate\":\"https:\/\/cialisonlineshop.de\/?s={search_term_string}\"},\"query-input\":{\"@type\":\"PropertyValueSpecification\",\"valueRequired\":true,\"valueName\":\"search_term_string\"}}],\"inLanguage\":\"fr-FR\"},{\"@type\":\"Organization\",\"@id\":\"https:\/\/cialisonlineshop.de\/#organization\",\"name\":\"Cialisonlineshop\",\"url\":\"https:\/\/cialisonlineshop.de\/\",\"logo\":{\"@type\":\"ImageObject\",\"inLanguage\":\"fr-FR\",\"@id\":\"https:\/\/cialisonlineshop.de\/#\/schema\/logo\/image\/\",\"url\":\"https:\/\/cialisonlineshop.de\/wp-content\/uploads\/2026\/01\/Logo_maker_project__6_-removebg-preview-1.png\",\"contentUrl\":\"https:\/\/cialisonlineshop.de\/wp-content\/uploads\/2026\/01\/Logo_maker_project__6_-removebg-preview-1.png\",\"width\":432,\"height\":88,\"caption\":\"Cialisonlineshop\"},\"image\":{\"@id\":\"https:\/\/cialisonlineshop.de\/#\/schema\/logo\/image\/\"}}]}<\/script>\n<!-- \/ Yoast SEO plugin. -->","yoast_head_json":{"title":"Vidalista Kaufen 40 mg -","robots":{"index":"index","follow":"follow","max-snippet":"max-snippet:-1","max-image-preview":"max-image-preview:large","max-video-preview":"max-video-preview:-1"},"canonical":"https:\/\/cialisonlineshop.de\/fr\/product\/vidalista-kaufen-40-mg\/","og_locale":"fr_FR","og_type":"article","og_title":"Vidalista Kaufen 40 mg -","og_description":"Vidalista 40 mg stellt eine Alternative zu Cialis dar, einem gut etablierten Medikament zur Behandlung von erektiler Dysfunktion bei M\u00e4nnern. Diese Formulierung enth\u00e4lt 40 mg des Wirkstoffs Tadalafil.    Produktcode: 80071766115   Kategorie: Cialis Generika (Tadalafil)   Marke: Centurion Laboratories Pvt. Ltd.   Verf\u00fcgbarkeit: Auf Lager","og_url":"https:\/\/cialisonlineshop.de\/fr\/product\/vidalista-kaufen-40-mg\/","article_modified_time":"2026-01-14T10:16:21+00:00","og_image":[{"width":1200,"height":1200,"url":"https:\/\/cialisonlineshop.de\/wp-content\/uploads\/2026\/01\/Vidalista-40-mg-1.jpg","type":"image\/jpeg"}],"twitter_card":"summary_large_image","twitter_misc":{"Dur\u00e9e de lecture estim\u00e9e":"4 minutes"},"schema":{"@context":"https:\/\/schema.org","@graph":[{"@type":"WebPage","@id":"https:\/\/cialisonlineshop.de\/product\/vidalista-kaufen-40-mg\/","url":"https:\/\/cialisonlineshop.de\/product\/vidalista-kaufen-40-mg\/","name":"Vidalista Kaufen 40 mg -","isPartOf":{"@id":"https:\/\/cialisonlineshop.de\/#website"},"primaryImageOfPage":{"@id":"https:\/\/cialisonlineshop.de\/product\/vidalista-kaufen-40-mg\/#primaryimage"},"image":{"@id":"https:\/\/cialisonlineshop.de\/product\/vidalista-kaufen-40-mg\/#primaryimage"},"thumbnailUrl":"https:\/\/cialisonlineshop.de\/wp-content\/uploads\/2026\/01\/Vidalista-40-mg-1.jpg","datePublished":"2026-01-14T10:16:17+00:00","dateModified":"2026-01-14T10:16:21+00:00","breadcrumb":{"@id":"https:\/\/cialisonlineshop.de\/product\/vidalista-kaufen-40-mg\/#breadcrumb"},"inLanguage":"fr-FR","potentialAction":[{"@type":"ReadAction","target":["https:\/\/cialisonlineshop.de\/product\/vidalista-kaufen-40-mg\/"]}]},{"@type":"ImageObject","inLanguage":"fr-FR","@id":"https:\/\/cialisonlineshop.de\/product\/vidalista-kaufen-40-mg\/#primaryimage","url":"https:\/\/cialisonlineshop.de\/wp-content\/uploads\/2026\/01\/Vidalista-40-mg-1.jpg","contentUrl":"https:\/\/cialisonlineshop.de\/wp-content\/uploads\/2026\/01\/Vidalista-40-mg-1.jpg","width":1200,"height":1200,"caption":"import placeholder for 5758"},{"@type":"BreadcrumbList","@id":"https:\/\/cialisonlineshop.de\/product\/vidalista-kaufen-40-mg\/#breadcrumb","itemListElement":[{"@type":"ListItem","position":1,"name":"Home","item":"https:\/\/cialisonlineshop.de\/"},{"@type":"ListItem","position":2,"name":"Shop","item":"https:\/\/cialisonlineshop.de\/shop\/"},{"@type":"ListItem","position":3,"name":"Vidalista Kaufen 40 mg"}]},{"@type":"WebSite","@id":"https:\/\/cialisonlineshop.de\/#website","url":"https:\/\/cialisonlineshop.de\/","name":"Cialisonlineshop","description":"","publisher":{"@id":"https:\/\/cialisonlineshop.de\/#organization"},"potentialAction":[{"@type":"SearchAction","target":{"@type":"EntryPoint","urlTemplate":"https:\/\/cialisonlineshop.de\/?s={search_term_string}"},"query-input":{"@type":"PropertyValueSpecification","valueRequired":true,"valueName":"search_term_string"}}],"inLanguage":"fr-FR"},{"@type":"Organization","@id":"https:\/\/cialisonlineshop.de\/#organization","name":"Cialisonlineshop","url":"https:\/\/cialisonlineshop.de\/","logo":{"@type":"ImageObject","inLanguage":"fr-FR","@id":"https:\/\/cialisonlineshop.de\/#\/schema\/logo\/image\/","url":"https:\/\/cialisonlineshop.de\/wp-content\/uploads\/2026\/01\/Logo_maker_project__6_-removebg-preview-1.png","contentUrl":"https:\/\/cialisonlineshop.de\/wp-content\/uploads\/2026\/01\/Logo_maker_project__6_-removebg-preview-1.png","width":432,"height":88,"caption":"Cialisonlineshop"},"image":{"@id":"https:\/\/cialisonlineshop.de\/#\/schema\/logo\/image\/"}}]}},"uagb_featured_image_src":{"full":["https:\/\/cialisonlineshop.de\/wp-content\/uploads\/2026\/01\/Vidalista-40-mg-1.jpg",1200,1200,false],"thumbnail":["https:\/\/cialisonlineshop.de\/wp-content\/uploads\/2026\/01\/Vidalista-40-mg-1-150x150.jpg",150,150,true],"medium":["https:\/\/cialisonlineshop.de\/wp-content\/uploads\/2026\/01\/Vidalista-40-mg-1-300x300.jpg",300,300,true],"medium_large":["https:\/\/cialisonlineshop.de\/wp-content\/uploads\/2026\/01\/Vidalista-40-mg-1-768x768.jpg",768,768,true],"large":["https:\/\/cialisonlineshop.de\/wp-content\/uploads\/2026\/01\/Vidalista-40-mg-1-1024x1024.jpg",1024,1024,true],"1536x1536":["https:\/\/cialisonlineshop.de\/wp-content\/uploads\/2026\/01\/Vidalista-40-mg-1.jpg",1200,1200,false],"2048x2048":["https:\/\/cialisonlineshop.de\/wp-content\/uploads\/2026\/01\/Vidalista-40-mg-1.jpg",1200,1200,false],"trp-custom-language-flag":["https:\/\/cialisonlineshop.de\/wp-content\/uploads\/2026\/01\/Vidalista-40-mg-1.jpg",12,12,false],"woocommerce_thumbnail":["https:\/\/cialisonlineshop.de\/wp-content\/uploads\/2026\/01\/Vidalista-40-mg-1-300x300.jpg",300,300,true],"woocommerce_single":["https:\/\/cialisonlineshop.de\/wp-content\/uploads\/2026\/01\/Vidalista-40-mg-1-600x600.jpg",600,600,true],"woocommerce_gallery_thumbnail":["https:\/\/cialisonlineshop.de\/wp-content\/uploads\/2026\/01\/Vidalista-40-mg-1-100x100.jpg",100,100,true]},"uagb_author_info":{"display_name":"Stefan T\u00f6njes","author_link":"https:\/\/cialisonlineshop.de\/fr\/author\/"},"uagb_comment_info":0,"uagb_excerpt":"Vidalista 40 mg stellt eine Alternative zu Cialis dar, einem gut etablierten Medikament zur Behandlung von erektiler Dysfunktion bei M\u00e4nnern. Diese Formulierung enth\u00e4lt 40 mg des Wirkstoffs Tadalafil. Produktcode: 80071766115 Kategorie: Cialis Generika (Tadalafil) Marke: Centurion Laboratories Pvt. Ltd. Verf\u00fcgbarkeit: Auf Lager","jetpack_sharing_enabled":true,"_links":{"self":[{"href":"https:\/\/cialisonlineshop.de\/fr\/wp-json\/wp\/v2\/product\/2121","targetHints":{"allow":["GET"]}}],"collection":[{"href":"https:\/\/cialisonlineshop.de\/fr\/wp-json\/wp\/v2\/product"}],"about":[{"href":"https:\/\/cialisonlineshop.de\/fr\/wp-json\/wp\/v2\/types\/product"}],"replies":[{"embeddable":true,"href":"https:\/\/cialisonlineshop.de\/fr\/wp-json\/wp\/v2\/comments?post=2121"}],"wp:featuredmedia":[{"embeddable":true,"href":"https:\/\/cialisonlineshop.de\/fr\/wp-json\/wp\/v2\/media\/2143"}],"wp:attachment":[{"href":"https:\/\/cialisonlineshop.de\/fr\/wp-json\/wp\/v2\/media?parent=2121"}],"wp:term":[{"taxonomy":"product_brand","embeddable":true,"href":"https:\/\/cialisonlineshop.de\/fr\/wp-json\/wp\/v2\/product_brand?post=2121"},{"taxonomy":"product_cat","embeddable":true,"href":"https:\/\/cialisonlineshop.de\/fr\/wp-json\/wp\/v2\/product_cat?post=2121"},{"taxonomy":"product_tag","embeddable":true,"href":"https:\/\/cialisonlineshop.de\/fr\/wp-json\/wp\/v2\/product_tag?post=2121"}],"curies":[{"name":"wp","href":"https:\/\/api.w.org\/{rel}","templated":true}]}}