{"id":2107,"date":"2026-01-14T10:16:12","date_gmt":"2026-01-14T10:16:12","guid":{"rendered":"https:\/\/cialisonlineshop.de\/?post_type=product&#038;p=2107"},"modified":"2026-02-24T11:10:41","modified_gmt":"2026-02-24T11:10:41","slug":"vidalista-bestellen-20mg","status":"publish","type":"product","link":"https:\/\/cialisonlineshop.de\/fr\/product\/vidalista-bestellen-20mg\/","title":{"rendered":"Vidalista bestellen 20mg"},"content":{"rendered":"<h1>Vidalista 20 mg bestellen, das beste Medikament gegen erektile Dysfunktion. Jetzt einkaufen!<\/h1>\n<p>Vidalista bestellen 20mg in Tablettenform ist eine Hilfe f\u00fcr M\u00e4nner mit Erektionsproblemen. In Kombination mit sexueller Stimulation verbessert es die Durchblutung des Penis und erm\u00f6glicht eine lang anhaltende Erektion. Es handelt sich um ein Generikum von Cialis und enth\u00e4lt den Wirkstoff Tadalafil als vollwertigen Ersatz.<\/p>\n<div class=\"clear\">\n<h2>Grundinformationen zu Vidalista 20 mg<\/h2>\n<p>Vidalista 20 mg in Tablettenform hilft M\u00e4nnern mit problematischer Erektion. In der Zusammenarbeit mit sexueller Stimulation sorgt f\u00fcr bessere Durchblutung des Gliedes und lang anhaltende Erektion. Es ist\u00a0Generikum von Cialis\u00a0\u2013 sein vollwertiger Ersatz \u2013 und enth\u00e4lt\u00a0<strong>Wirkstoff Tadalafil<\/strong>. Dieser Wirkstoff wird seit langem als effektiver Helfer gegen\u00a0erektile Dysfunktion\u00a0benutzt.\u00a0Vidalista 20 mg wird mit Hilfe von modernsten Technologien in Laboratorien der Indischen Pharmagesellschaft \u00a0Centurion Laboratories Pvt. Ltd hergestellt.<\/p>\n<h3>Wirkstoff<\/h3>\n<p>Wirkstoff Tadalafil (mehr Info \u00fcber den Wirkstoff im Artikel\u00a0Tadalafil) entspannt die Zellen der glatten Muskulatur und hilft der Durchblutung vom Penis. Man erreicht schnell eine\u00a0<strong>feste und langfristige Erektion<\/strong>\u00a0und kann viel besseren Geschlechtsverkehr genie\u00dfen.<\/p>\n<h4>Dosierung und Gebrauchsweise<\/h4>\n<p>Eine \u00fcbliche Dosis ist 5-20 mg einmalig, eine empfohlene Anfangsdosis ist 10 mg. Die Pille wird\u00a0unzerkaut mit Schluck Wasser eingenommen. Je nach Vertr\u00e4glichkeit kann die Dosis auf 5 mg erniedrigt werden.\u00a0<strong>\u00dcberschreiten Sie die maximale Tagesdosis 20 mg nicht.<\/strong><\/p>\n<p>Vidalista 20 mg wird 30-60 Minuten vor dem Geschlechtsverkehr eingenommen. Seine Wirkung dauert bis 36 Stunden.\u00a0<strong>Vidalista ist kein Aphrodisiakum.<\/strong>\u00a0Um gew\u00fcnschte Wirkung zu erreichen,\u00a0<strong>m\u00fcssen Sie sexuell stimuliert werden<\/strong>.<br \/>\nDas Pr\u00e4parat darf vor oder nach dem Essen eingenommen werden. Arzneimittel Vidalista 20 mg darf nicht mit Alkohol, Grapefruit und Grapefruitsaft kombiniert werden. \u00dcber Gefahr von dieser Kombination erfahren Sie mehr im Artikel\u00a0<a href=\"https:\/\/urologische-stiftung-gesundheit.de\/haeufige-fragen\/wie-funktioniert-die-medikamentoese-behandlung-der-erektilen-dysfunktion\/\">Medikamente gegen erektile Dysfunktion in Fragen und Antworten.<\/a><\/p>\n<h4>Kontraindikationen<\/h4>\n<p>Vidalista 20 mg darf nicht eingenommen werden wenn:<\/p>\n<ul>\n<li><strong>man auf Tadalafil<\/strong>\u00a0oder auf andere Wirkstoffe\u00a0<strong>allergisch ist\u00a0<\/strong><\/li>\n<li>man vor kurzem\u00a0<strong>Herzinfarkt oder Schlaganfall\u00a0<\/strong>durchgemacht hat, oder an andere Herzerkrankungen wie\u00a0<strong>niedriger Blutdruck oder Bluthochdruck<\/strong>\u00a0leidet<\/li>\n<li><strong>man die Nitrate einnimmt<\/strong>\u00a0(zum Beispiel Nitroglycerin, Isosorbid dinitrat), Medikamente, die Stickoxid l\u00f6sen (z.B. Isoamyl-nitrit)<\/li>\n<li>man Medikamente gegen Angina Pectoris einnimmt (z.B. Nitraten oder Stickoxid)<\/li>\n<li><strong>man an andere seri\u00f6se Herzerkrankung oder Leberst\u00f6rung leidet<\/strong><\/li>\n<li>man an seltener Netzhautst\u00f6rung leidet (z.B. retinitis pigmentosa) oder man die Sehkraft durch NAION verloren hat<\/li>\n<li><strong>man Riociguat einnimmt<\/strong>\u00a0( zur Heilung der arteriellen Lungenhypertonie und chronischer Lungen Hypertension)<\/li>\n<li>man Alfa-Blocker zur Heilung vom hohen Blutdruck oder Harnwegserkrankung wegen benigner Hyperplasie der Prostata einnimmt<\/li>\n<li>man Inhibitoren der Protease zur Heilung von AIDS oder HIV Infektion einnimmt<\/li>\n<li><strong>man schon ein anderes Erektionsmittel einnimmt<\/strong><\/li>\n<\/ul>\n<h5>Warnung<\/h5>\n<p><strong>Informieren Sie Ihren Arzt<\/strong>, bevor Sie den Wirkstoff Tadalafil einnehmen, im Falle Sie an:<\/p>\n<ul>\n<li>Herzprobleme<\/li>\n<li>Peyronie Erkrankung oder andere Penisdeformationen<\/li>\n<li>Geschw\u00fcr Erkrankung oder Bluterkrankheit (z.B.H\u00e4mophilie)<\/li>\n<li>Zucker Intoleranz (z.B. Laktose)<\/li>\n<li>Sichelzellkrankheit, Leuk\u00e4mie oder mehrfachen Myelom leiden<\/li>\n<\/ul>\n<p>Bei Patienten mit einer seri\u00f6sen Nierenst\u00f6rung ist die empfohlene maximale Tagesdosis 10 mg.<br \/>\nDie Einnahme von Vidalista mit anderen Medikamenten\u00a0<strong>soll Ihr Arzt genehmigen<\/strong>, besonders wenn die Medikamente Ritonavir, Erythromycin, Saquinavir, Ketoconazol oder Itraconazol enthalten.<\/p>\n<h6>M\u00f6gliche Nebenwirkungen<\/h6>\n<p>Wie bei jedem anderen Medikament k\u00f6nnen sich auch bei diesem Arzneimittel mit Tadalafil Nebenwirkungen zeigen. Meistens geht es um\u00a0<strong>milde Schwierigkeiten, die nicht lange dauern<\/strong>. In erster Linie sind es vor allem Kopfschmerzen, Gesichtsr\u00f6tung, Unwohlsein, Verdauungsprobleme, Hitzewallung, Sehst\u00f6rungen (verschwommenes oder sgn. blaues Sehen), Probleme mit Ged\u00e4chtnis, Schnupfen oder Schwindelgef\u00fchle.<\/p>\n<h6>Wichtiger Hinweis<\/h6>\n<p>Falls bei Ihnen nach der Einnahme des Mittels zu einer starken Verschlechterung der Sehkraft oder des Geh\u00f6rs kommt, Sie Blut im Urin finden oder er tr\u00fcb wird oder falls Sie eine\u00a0<strong>Erektion l\u00e4nger als 4 Stunden haben<\/strong>, besonders ohne sexuelle Anregung und schmerzhaft,\u00a0<strong>suchen Sie unverz\u00fcglich Ihren Arzt auf<\/strong>.<\/p>\n<p>Medizinische Hilfe suchen Sie unverz\u00fcglich\u00a0<strong>bei allen ungew\u00f6hnlichen Reaktionen\u00a0<\/strong>oder\u00a0<strong>bei starken Verschlechterung Ihres Zustandes nach der Einnahme des Mittels<\/strong>. Besuchen Sie den Arzt auch wenn die Nebenwirkungen von l\u00e4ngerer Dauer sind.<\/p>\n<h6>Lagerung<\/h6>\n<p>Lagern Sie bei Temperaturen bis 30\u00b0C. Behalten Sie in der Originalpackung. Sch\u00fctzen Sie vor Feuchtigkeit. Vermeiden Sie Kontakt mit Kindern. Benutzen Sie nicht nach dem abgelaufenen Mindesthaltbarkeitsdatum.<\/p>\n<h5>F\u00fcr Interesse<\/h5>\n<p>Vidalista 20 ist nicht der einzige Arzneimittel zur\u00a0Heilung der erektilen Dysfunktion\u00a0mit verl\u00e4ngerter Wirkung. Au\u00dfer Tabletten Vidalista 20 k\u00f6nnte Sie auch\u00a0Vidalista 60 mg\u00a0oder\u00a0Tadalis SX\u00a0interessieren. Ein komplettes Angebot von Produkten mit Tadalafil finden Sie in der Kategorie\u00a0<a href=\"https:\/\/kamagrashop.online\/cialis-generika-tadalafil\/\">Cialis Generika<\/a>.<\/p>\n<p>Dieses Produkt wird ohne eine Packungsbeilage versendet. Eine Schachtel wird nur bei einer Bestellung von 10 oder mehreren Packungen geliefert.<\/p>\n<\/div>","protected":false},"excerpt":{"rendered":"<p>Vidalista bestellen 20mg, die gelbe Tablette f\u00fcr den Mann, ist ein Medikament zur Behandlung von erektiler Dysfunktion.<\/p>\n<table class=\"info\" style=\"font-size: 16px; font-style: normal;\">\n<tbody>\n<tr>\n<td>Produktcode:<\/td>\n<td>623327069758<\/td>\n<\/tr>\n<tr>\n<td>Kategorie:<\/td>\n<td><a href=\"https:\/\/kamagrashop.online\/cialis-generika-tadalafil\/\">Cialis Generika (Tadalafil)<\/a><\/td>\n<\/tr>\n<tr>\n<td>Marke:<\/td>\n<td><a href=\"https:\/\/kamagrashop.online\/centurion-laboratories-pvt-ltd\/\">Centurion Laboratories Pvt. Ltd.<\/a><\/td>\n<\/tr>\n<tr>\n<td>Verf\u00fcgbarkeit:<\/td>\n<td>Auf Lager<\/td>\n<\/tr>\n<\/tbody>\n<\/table>","protected":false},"featured_media":2112,"comment_status":"open","ping_status":"closed","template":"","meta":{"_uag_custom_page_level_css":"","site-sidebar-layout":"default","site-content-layout":"","ast-site-content-layout":"default","site-content-style":"default","site-sidebar-style":"default","ast-global-header-display":"","ast-banner-title-visibility":"","ast-main-header-display":"","ast-hfb-above-header-display":"","ast-hfb-below-header-display":"","ast-hfb-mobile-header-display":"","site-post-title":"","ast-breadcrumbs-content":"","ast-featured-img":"","footer-sml-layout":"","ast-disable-related-posts":"","theme-transparent-header-meta":"default","adv-header-id-meta":"","stick-header-meta":"","header-above-stick-meta":"","header-main-stick-meta":"","header-below-stick-meta":"","astra-migrate-meta-layouts":"set","ast-page-background-enabled":"default","ast-page-background-meta":{"desktop":{"background-color":"","background-image":"","background-repeat":"repeat","background-position":"center center","background-size":"auto","background-attachment":"scroll","background-type":"","background-media":"","overlay-type":"","overlay-color":"","overlay-opacity":"","overlay-gradient":""},"tablet":{"background-color":"","background-image":"","background-repeat":"repeat","background-position":"center center","background-size":"auto","background-attachment":"scroll","background-type":"","background-media":"","overlay-type":"","overlay-color":"","overlay-opacity":"","overlay-gradient":""},"mobile":{"background-color":"","background-image":"","background-repeat":"repeat","background-position":"center center","background-size":"auto","background-attachment":"scroll","background-type":"","background-media":"","overlay-type":"","overlay-color":"","overlay-opacity":"","overlay-gradient":""}},"ast-content-background-meta":{"desktop":{"background-color":"var(--ast-global-color-5)","background-image":"","background-repeat":"repeat","background-position":"center center","background-size":"auto","background-attachment":"scroll","background-type":"","background-media":"","overlay-type":"","overlay-color":"","overlay-opacity":"","overlay-gradient":""},"tablet":{"background-color":"var(--ast-global-color-5)","background-image":"","background-repeat":"repeat","background-position":"center center","background-size":"auto","background-attachment":"scroll","background-type":"","background-media":"","overlay-type":"","overlay-color":"","overlay-opacity":"","overlay-gradient":""},"mobile":{"background-color":"var(--ast-global-color-5)","background-image":"","background-repeat":"repeat","background-position":"center center","background-size":"auto","background-attachment":"scroll","background-type":"","background-media":"","overlay-type":"","overlay-color":"","overlay-opacity":"","overlay-gradient":""}},"episode_type":"","audio_file":"","cover_image":"","cover_image_id":"","duration":"","filesize":"","filesize_raw":"","date_recorded":"","explicit":"","block":"","itunes_episode_number":"","itunes_title":"","itunes_season_number":"","itunes_episode_type":""},"product_brand":[],"product_cat":[28],"product_tag":[],"class_list":{"0":"post-2107","1":"product","2":"type-product","3":"status-publish","4":"has-post-thumbnail","6":"product_cat-cialis-generika-tadalafil","7":"desktop-align-left","8":"tablet-align-left","9":"mobile-align-left","11":"first","12":"instock","13":"shipping-taxable","14":"purchasable","15":"product-type-variable"},"yoast_head":"<!-- This site is optimized with the Yoast SEO plugin v27.0 - https:\/\/yoast.com\/product\/yoast-seo-wordpress\/ -->\n<title>Vidalista bestellen 20mg -<\/title>\n<meta name=\"robots\" content=\"index, follow, max-snippet:-1, max-image-preview:large, max-video-preview:-1\" \/>\n<link rel=\"canonical\" href=\"https:\/\/cialisonlineshop.de\/fr\/product\/vidalista-bestellen-20mg\/\" \/>\n<meta property=\"og:locale\" content=\"fr_FR\" \/>\n<meta property=\"og:type\" content=\"article\" \/>\n<meta property=\"og:title\" content=\"Vidalista bestellen 20mg -\" \/>\n<meta property=\"og:description\" content=\"Vidalista bestellen 20mg, die gelbe Tablette f\u00fcr den Mann, ist ein Medikament zur Behandlung von erektiler Dysfunktion.    Produktcode: 623327069758   Kategorie: Cialis Generika (Tadalafil)   Marke: Centurion Laboratories Pvt. Ltd.   Verf\u00fcgbarkeit: Auf Lager\" \/>\n<meta property=\"og:url\" content=\"https:\/\/cialisonlineshop.de\/fr\/product\/vidalista-bestellen-20mg\/\" \/>\n<meta property=\"article:modified_time\" content=\"2026-02-24T11:10:41+00:00\" \/>\n<meta property=\"og:image\" content=\"https:\/\/cialisonlineshop.de\/wp-content\/uploads\/2026\/01\/Vidalista-20mg.jpg\" \/>\n\t<meta property=\"og:image:width\" content=\"411\" \/>\n\t<meta property=\"og:image:height\" content=\"393\" \/>\n\t<meta property=\"og:image:type\" content=\"image\/jpeg\" \/>\n<meta name=\"twitter:card\" content=\"summary_large_image\" \/>\n<meta name=\"twitter:label1\" content=\"Dur\u00e9e de lecture estim\u00e9e\" \/>\n\t<meta name=\"twitter:data1\" content=\"5 minutes\" \/>\n<script type=\"application\/ld+json\" class=\"yoast-schema-graph\">{\"@context\":\"https:\/\/schema.org\",\"@graph\":[{\"@type\":\"WebPage\",\"@id\":\"https:\/\/cialisonlineshop.de\/product\/vidalista-bestellen-20mg\/\",\"url\":\"https:\/\/cialisonlineshop.de\/product\/vidalista-bestellen-20mg\/\",\"name\":\"Vidalista bestellen 20mg -\",\"isPartOf\":{\"@id\":\"https:\/\/cialisonlineshop.de\/#website\"},\"primaryImageOfPage\":{\"@id\":\"https:\/\/cialisonlineshop.de\/product\/vidalista-bestellen-20mg\/#primaryimage\"},\"image\":{\"@id\":\"https:\/\/cialisonlineshop.de\/product\/vidalista-bestellen-20mg\/#primaryimage\"},\"thumbnailUrl\":\"https:\/\/cialisonlineshop.de\/wp-content\/uploads\/2026\/01\/Vidalista-20mg.jpg\",\"datePublished\":\"2026-01-14T10:16:12+00:00\",\"dateModified\":\"2026-02-24T11:10:41+00:00\",\"breadcrumb\":{\"@id\":\"https:\/\/cialisonlineshop.de\/product\/vidalista-bestellen-20mg\/#breadcrumb\"},\"inLanguage\":\"fr-FR\",\"potentialAction\":[{\"@type\":\"ReadAction\",\"target\":[\"https:\/\/cialisonlineshop.de\/product\/vidalista-bestellen-20mg\/\"]}]},{\"@type\":\"ImageObject\",\"inLanguage\":\"fr-FR\",\"@id\":\"https:\/\/cialisonlineshop.de\/product\/vidalista-bestellen-20mg\/#primaryimage\",\"url\":\"https:\/\/cialisonlineshop.de\/wp-content\/uploads\/2026\/01\/Vidalista-20mg.jpg\",\"contentUrl\":\"https:\/\/cialisonlineshop.de\/wp-content\/uploads\/2026\/01\/Vidalista-20mg.jpg\",\"width\":411,\"height\":393,\"caption\":\"import placeholder for 5747\"},{\"@type\":\"BreadcrumbList\",\"@id\":\"https:\/\/cialisonlineshop.de\/product\/vidalista-bestellen-20mg\/#breadcrumb\",\"itemListElement\":[{\"@type\":\"ListItem\",\"position\":1,\"name\":\"Home\",\"item\":\"https:\/\/cialisonlineshop.de\/\"},{\"@type\":\"ListItem\",\"position\":2,\"name\":\"Shop\",\"item\":\"https:\/\/cialisonlineshop.de\/shop\/\"},{\"@type\":\"ListItem\",\"position\":3,\"name\":\"Vidalista bestellen 20mg\"}]},{\"@type\":\"WebSite\",\"@id\":\"https:\/\/cialisonlineshop.de\/#website\",\"url\":\"https:\/\/cialisonlineshop.de\/\",\"name\":\"Cialisonlineshop\",\"description\":\"\",\"publisher\":{\"@id\":\"https:\/\/cialisonlineshop.de\/#organization\"},\"potentialAction\":[{\"@type\":\"SearchAction\",\"target\":{\"@type\":\"EntryPoint\",\"urlTemplate\":\"https:\/\/cialisonlineshop.de\/?s={search_term_string}\"},\"query-input\":{\"@type\":\"PropertyValueSpecification\",\"valueRequired\":true,\"valueName\":\"search_term_string\"}}],\"inLanguage\":\"fr-FR\"},{\"@type\":\"Organization\",\"@id\":\"https:\/\/cialisonlineshop.de\/#organization\",\"name\":\"Cialisonlineshop\",\"url\":\"https:\/\/cialisonlineshop.de\/\",\"logo\":{\"@type\":\"ImageObject\",\"inLanguage\":\"fr-FR\",\"@id\":\"https:\/\/cialisonlineshop.de\/#\/schema\/logo\/image\/\",\"url\":\"https:\/\/cialisonlineshop.de\/wp-content\/uploads\/2026\/01\/Logo_maker_project__6_-removebg-preview-1.png\",\"contentUrl\":\"https:\/\/cialisonlineshop.de\/wp-content\/uploads\/2026\/01\/Logo_maker_project__6_-removebg-preview-1.png\",\"width\":432,\"height\":88,\"caption\":\"Cialisonlineshop\"},\"image\":{\"@id\":\"https:\/\/cialisonlineshop.de\/#\/schema\/logo\/image\/\"}}]}<\/script>\n<!-- \/ Yoast SEO plugin. -->","yoast_head_json":{"title":"Vidalista bestellen 20mg -","robots":{"index":"index","follow":"follow","max-snippet":"max-snippet:-1","max-image-preview":"max-image-preview:large","max-video-preview":"max-video-preview:-1"},"canonical":"https:\/\/cialisonlineshop.de\/fr\/product\/vidalista-bestellen-20mg\/","og_locale":"fr_FR","og_type":"article","og_title":"Vidalista bestellen 20mg -","og_description":"Vidalista bestellen 20mg, die gelbe Tablette f\u00fcr den Mann, ist ein Medikament zur Behandlung von erektiler Dysfunktion.    Produktcode: 623327069758   Kategorie: Cialis Generika (Tadalafil)   Marke: Centurion Laboratories Pvt. Ltd.   Verf\u00fcgbarkeit: Auf Lager","og_url":"https:\/\/cialisonlineshop.de\/fr\/product\/vidalista-bestellen-20mg\/","article_modified_time":"2026-02-24T11:10:41+00:00","og_image":[{"width":411,"height":393,"url":"https:\/\/cialisonlineshop.de\/wp-content\/uploads\/2026\/01\/Vidalista-20mg.jpg","type":"image\/jpeg"}],"twitter_card":"summary_large_image","twitter_misc":{"Dur\u00e9e de lecture estim\u00e9e":"5 minutes"},"schema":{"@context":"https:\/\/schema.org","@graph":[{"@type":"WebPage","@id":"https:\/\/cialisonlineshop.de\/product\/vidalista-bestellen-20mg\/","url":"https:\/\/cialisonlineshop.de\/product\/vidalista-bestellen-20mg\/","name":"Vidalista bestellen 20mg -","isPartOf":{"@id":"https:\/\/cialisonlineshop.de\/#website"},"primaryImageOfPage":{"@id":"https:\/\/cialisonlineshop.de\/product\/vidalista-bestellen-20mg\/#primaryimage"},"image":{"@id":"https:\/\/cialisonlineshop.de\/product\/vidalista-bestellen-20mg\/#primaryimage"},"thumbnailUrl":"https:\/\/cialisonlineshop.de\/wp-content\/uploads\/2026\/01\/Vidalista-20mg.jpg","datePublished":"2026-01-14T10:16:12+00:00","dateModified":"2026-02-24T11:10:41+00:00","breadcrumb":{"@id":"https:\/\/cialisonlineshop.de\/product\/vidalista-bestellen-20mg\/#breadcrumb"},"inLanguage":"fr-FR","potentialAction":[{"@type":"ReadAction","target":["https:\/\/cialisonlineshop.de\/product\/vidalista-bestellen-20mg\/"]}]},{"@type":"ImageObject","inLanguage":"fr-FR","@id":"https:\/\/cialisonlineshop.de\/product\/vidalista-bestellen-20mg\/#primaryimage","url":"https:\/\/cialisonlineshop.de\/wp-content\/uploads\/2026\/01\/Vidalista-20mg.jpg","contentUrl":"https:\/\/cialisonlineshop.de\/wp-content\/uploads\/2026\/01\/Vidalista-20mg.jpg","width":411,"height":393,"caption":"import placeholder for 5747"},{"@type":"BreadcrumbList","@id":"https:\/\/cialisonlineshop.de\/product\/vidalista-bestellen-20mg\/#breadcrumb","itemListElement":[{"@type":"ListItem","position":1,"name":"Home","item":"https:\/\/cialisonlineshop.de\/"},{"@type":"ListItem","position":2,"name":"Shop","item":"https:\/\/cialisonlineshop.de\/shop\/"},{"@type":"ListItem","position":3,"name":"Vidalista bestellen 20mg"}]},{"@type":"WebSite","@id":"https:\/\/cialisonlineshop.de\/#website","url":"https:\/\/cialisonlineshop.de\/","name":"Cialisonlineshop","description":"","publisher":{"@id":"https:\/\/cialisonlineshop.de\/#organization"},"potentialAction":[{"@type":"SearchAction","target":{"@type":"EntryPoint","urlTemplate":"https:\/\/cialisonlineshop.de\/?s={search_term_string}"},"query-input":{"@type":"PropertyValueSpecification","valueRequired":true,"valueName":"search_term_string"}}],"inLanguage":"fr-FR"},{"@type":"Organization","@id":"https:\/\/cialisonlineshop.de\/#organization","name":"Cialisonlineshop","url":"https:\/\/cialisonlineshop.de\/","logo":{"@type":"ImageObject","inLanguage":"fr-FR","@id":"https:\/\/cialisonlineshop.de\/#\/schema\/logo\/image\/","url":"https:\/\/cialisonlineshop.de\/wp-content\/uploads\/2026\/01\/Logo_maker_project__6_-removebg-preview-1.png","contentUrl":"https:\/\/cialisonlineshop.de\/wp-content\/uploads\/2026\/01\/Logo_maker_project__6_-removebg-preview-1.png","width":432,"height":88,"caption":"Cialisonlineshop"},"image":{"@id":"https:\/\/cialisonlineshop.de\/#\/schema\/logo\/image\/"}}]}},"uagb_featured_image_src":{"full":["https:\/\/cialisonlineshop.de\/wp-content\/uploads\/2026\/01\/Vidalista-20mg.jpg",411,393,false],"thumbnail":["https:\/\/cialisonlineshop.de\/wp-content\/uploads\/2026\/01\/Vidalista-20mg-150x150.jpg",150,150,true],"medium":["https:\/\/cialisonlineshop.de\/wp-content\/uploads\/2026\/01\/Vidalista-20mg-300x287.jpg",300,287,true],"medium_large":["https:\/\/cialisonlineshop.de\/wp-content\/uploads\/2026\/01\/Vidalista-20mg.jpg",411,393,false],"large":["https:\/\/cialisonlineshop.de\/wp-content\/uploads\/2026\/01\/Vidalista-20mg.jpg",411,393,false],"1536x1536":["https:\/\/cialisonlineshop.de\/wp-content\/uploads\/2026\/01\/Vidalista-20mg.jpg",411,393,false],"2048x2048":["https:\/\/cialisonlineshop.de\/wp-content\/uploads\/2026\/01\/Vidalista-20mg.jpg",411,393,false],"trp-custom-language-flag":["https:\/\/cialisonlineshop.de\/wp-content\/uploads\/2026\/01\/Vidalista-20mg.jpg",13,12,false],"woocommerce_thumbnail":["https:\/\/cialisonlineshop.de\/wp-content\/uploads\/2026\/01\/Vidalista-20mg-300x300.jpg",300,300,true],"woocommerce_single":["https:\/\/cialisonlineshop.de\/wp-content\/uploads\/2026\/01\/Vidalista-20mg.jpg",411,393,false],"woocommerce_gallery_thumbnail":["https:\/\/cialisonlineshop.de\/wp-content\/uploads\/2026\/01\/Vidalista-20mg-100x100.jpg",100,100,true]},"uagb_author_info":{"display_name":"Stefan T\u00f6njes","author_link":"https:\/\/cialisonlineshop.de\/fr\/author\/"},"uagb_comment_info":0,"uagb_excerpt":"Vidalista bestellen 20mg, die gelbe Tablette f\u00fcr den Mann, ist ein Medikament zur Behandlung von erektiler Dysfunktion. Produktcode: 623327069758 Kategorie: Cialis Generika (Tadalafil) Marke: Centurion Laboratories Pvt. Ltd. Verf\u00fcgbarkeit: Auf Lager","jetpack_sharing_enabled":true,"_links":{"self":[{"href":"https:\/\/cialisonlineshop.de\/fr\/wp-json\/wp\/v2\/product\/2107","targetHints":{"allow":["GET"]}}],"collection":[{"href":"https:\/\/cialisonlineshop.de\/fr\/wp-json\/wp\/v2\/product"}],"about":[{"href":"https:\/\/cialisonlineshop.de\/fr\/wp-json\/wp\/v2\/types\/product"}],"replies":[{"embeddable":true,"href":"https:\/\/cialisonlineshop.de\/fr\/wp-json\/wp\/v2\/comments?post=2107"}],"wp:featuredmedia":[{"embeddable":true,"href":"https:\/\/cialisonlineshop.de\/fr\/wp-json\/wp\/v2\/media\/2112"}],"wp:attachment":[{"href":"https:\/\/cialisonlineshop.de\/fr\/wp-json\/wp\/v2\/media?parent=2107"}],"wp:term":[{"taxonomy":"product_brand","embeddable":true,"href":"https:\/\/cialisonlineshop.de\/fr\/wp-json\/wp\/v2\/product_brand?post=2107"},{"taxonomy":"product_cat","embeddable":true,"href":"https:\/\/cialisonlineshop.de\/fr\/wp-json\/wp\/v2\/product_cat?post=2107"},{"taxonomy":"product_tag","embeddable":true,"href":"https:\/\/cialisonlineshop.de\/fr\/wp-json\/wp\/v2\/product_tag?post=2107"}],"curies":[{"name":"wp","href":"https:\/\/api.w.org\/{rel}","templated":true}]}}