{"id":2096,"date":"2026-01-14T10:16:12","date_gmt":"2026-01-14T10:16:12","guid":{"rendered":"https:\/\/cialisonlineshop.de\/?post_type=product&#038;p=2096"},"modified":"2026-01-14T10:16:15","modified_gmt":"2026-01-14T10:16:15","slug":"tadapox-bestellen-80-mg","status":"publish","type":"product","link":"https:\/\/cialisonlineshop.de\/fr\/product\/tadapox-bestellen-80-mg\/","title":{"rendered":"Tadapox bestellen 80 mg"},"content":{"rendered":"<h1>Tadapox bestellen 80 mg, das beste Medikament gegen erektile Dysfunktion.<\/h1>\n<p><strong>Tadapox bestellen 80 mg\u00a0 ist ein speziell gemischtes Medikament gegen erektile Dysfunktion und vorzeitige Ejakulation in einer Pille.<\/strong><\/p>\n<p>Mit den Wirkstoffen\u00a0<em>Tadalafil<\/em>\u00a0(20 mg) und\u00a0<em>Dapoxetin<\/em>\u00a0(60 mg) behandelt Tadapox Tabletten beide St\u00f6rungen gleichzeitig. Tadapox wird von Centurion Laboratories Pvt. Ltd. unter klinischen Bedingungen hergestellt und unterliegt einem hohen Qualit\u00e4tsstandard, um seine Sicherheit und Wirksamkeit zu gew\u00e4hrleisten.<\/p>\n<p>Tadalafil\u00a0ist ein selektiver PDE-5-Hemmer zur Behandlung von sexueller Impotenz. Die Hemmung der Phosphodiesterase Typ 5 (PDE-5) verbessert die erektile Funktion, indem sie die Menge an cGMP erh\u00f6ht. Da cGMP produziert wird, flie\u00dft das Blut m\u00fchelos zum Penis. Und da immer mehr Blut in den Penis flie\u00dft, wird Druck erzeugt. Dies wiederum erm\u00f6glicht eine st\u00e4rkere Durchblutung, sodass eine Erektion stattfinden kann.<\/p>\n<p>Dapoxetin\u00a0ist ein kurz-wirksamer selektiver Serotonin-Wiederaufnahmehemmer (SSRI) zur Behandlung der vorzeitigen Ejakulation. Das Medikament hemmt den Ejakulationsaussto\u00dfreflex, indem es auf supraspinaler Ebene innerhalb des lateralen paragigantozellul\u00e4ren Kerns (LPGi) wirkt. Es kann auch die Zeit zwischen sexueller Erregung und H\u00f6hepunkt verl\u00e4ngern.<\/p>\n<p>Um mehr \u00fcber die Funktionsweise des Medikaments zu erfahren, lesen Sie den Inhalt des Tabs\u00a0Wirkweise.<\/p>\n<h2>Vorteile<\/h2>\n<p><strong>Tadapox bestellen 80 mg<\/strong> ist ein erfolgreiches und weithin anerkanntes Mittel zur Behandlung von erektiler Dysfunktion und vorzeitiger Ejakulation. Es wirkt durch die Kombination von Tadalafil mit Dapoxetin in einer Tablette.<\/p>\n<p>Zu den Vorteilen von Tadapox geh\u00f6ren:<\/p>\n<ul>\n<li>lange wirksame Behandlungsdauer (bis zu 36 Stunden),<\/li>\n<li>schneller Wirkungseintritt (innerhalb von 30 Minuten),<\/li>\n<li>gesteigerte Ausdauer und Leistungsf\u00e4higkeit,<\/li>\n<li>verl\u00e4ngerte Dauer des Geschlechtsverkehrs,<\/li>\n<li>Sie k\u00f6nnen es online kaufen, ohne ein Rezept zu ben\u00f6tigen.<\/li>\n<\/ul>\n<p>Suchen Sie sich Ihre Lieblingspackung aus und kaufen Sie g\u00fcnstig Tadapox 80 Potenzpillen online zum besten Preis in Deutschland mit einem Rabatt ohne Rezept.<\/p>\n<h2>Nebenwirkungen<\/h2>\n<p>Neben den erw\u00fcnschten Wirkungen kann Tadapox auch einige unerw\u00fcnschte Wirkungen haben. Auch wenn nicht alle dieser Nebenwirkungen auftreten, m\u00fcssen sie dennoch \u00e4rztlich behandelt werden.<\/p>\n<p>H\u00e4ufig berichtete Nebenwirkungen sind:<\/p>\n<ul>\n<li>Kopfschmerzen<\/li>\n<li>R\u00fcckenschmerzen<\/li>\n<li>Verstopfte Nase<\/li>\n<li>Schwindelgef\u00fchl<\/li>\n<li>\u00dcbelkeit<\/li>\n<li>Err\u00f6ten<\/li>\n<li>\u00c4ngstlichkeit<\/li>\n<li>Unruhe<\/li>\n<li>Verschwommene Sicht<\/li>\n<li>Diarrh\u00f6<\/li>\n<\/ul>\n<p>Obwohl schwerwiegende Nebenwirkungen selten sind, sollten Sie die Einnahme von Tadapox 80 mg beenden und sofort einen Arzt aufsuchen, wenn Sie schwerwiegende Nebenwirkungen bemerken. Eine vollst\u00e4ndige Auflistung aller Nebenwirkungen finden Sie unter dem Tab\u00a0Nebenwirkungen.<\/p>\n<h2>Wie man das Medikament einnimmt<\/h2>\n<p>Nehmen Sie dieses Medikament immer mit einem gro\u00dfen Glas Wasser ein. Nehmen Sie eine Pille 30\u201360 Minuten vor dem geplanten Geschlechtsverkehr ein. Tadapox wirkt nur nach sexueller Stimulation. Um das Beste aus Ihrer Behandlung herauszuholen, lesen Sie bitte die folgenden Hinweise sorgf\u00e4ltig durch:<\/p>\n<ul>\n<li>Die sichere angegebene Dosis innerhalb von 24 Stunden betr\u00e4gt 80 mg (1 Tablette).<\/li>\n<li>Sie sollte 30 Minuten vor der sexuellen Aktivit\u00e4t eingenommen werden.<\/li>\n<li>Die wirksame Behandlungsdauer betr\u00e4gt bis zu 36 Stunden.<\/li>\n<\/ul>\n<p>Behandlungen f\u00fcr erektile Dysfunktion, einschlie\u00dflich Tadapox 80, sollten nicht bei M\u00e4nnern angewendet werden, f\u00fcr die sexuelle Aktivit\u00e4t aufgrund ihres zugrunde liegenden kardiovaskul\u00e4ren Status nicht ratsam ist. Patienten, bei denen zu Beginn der sexuellen Aktivit\u00e4t Symptome auftreten, sollten darauf hingewiesen werden, von weiteren sexuellen Aktivit\u00e4ten abzusehen und sofort einen Arzt aufzusuchen.<\/p>","protected":false},"excerpt":{"rendered":"<p>Lesen Sie die Packungsbeilage von Ihrem Apotheker, bevor Sie anfangen Tadapox 80 mg von Centurion Laboratories Pvt. Ltd. zu nehmen. Wenn Sie Fragen haben, fragen Sie Ihren Arzt oder Apotheker.<\/p>\n<table class=\"info\">\n<tbody>\n<tr>\n<td>Produktcode:<\/td>\n<td>837986335063<\/td>\n<\/tr>\n<tr>\n<td>Kategorie:<\/td>\n<td><a href=\"https:\/\/kamagrashop.online\/cialis-generika-tadalafil\/\">Cialis Generika (Tadalafil)<\/a><\/td>\n<\/tr>\n<tr>\n<td>Marke:<\/td>\n<td><a href=\"https:\/\/kamagrashop.online\/centurion-laboratories-pvt-ltd\/\">Centurion Laboratories Pvt. Ltd.<\/a><\/td>\n<\/tr>\n<tr>\n<td>Verf\u00fcgbarkeit:<\/td>\n<td>Auf Lager<\/td>\n<\/tr>\n<\/tbody>\n<\/table>","protected":false},"featured_media":2111,"comment_status":"open","ping_status":"closed","template":"","meta":{"_uag_custom_page_level_css":"","site-sidebar-layout":"","site-content-layout":"","ast-site-content-layout":"","site-content-style":"","site-sidebar-style":"","ast-global-header-display":"","ast-banner-title-visibility":"","ast-main-header-display":"","ast-hfb-above-header-display":"","ast-hfb-below-header-display":"","ast-hfb-mobile-header-display":"","site-post-title":"","ast-breadcrumbs-content":"","ast-featured-img":"","footer-sml-layout":"","ast-disable-related-posts":"","theme-transparent-header-meta":"","adv-header-id-meta":"","stick-header-meta":"","header-above-stick-meta":"","header-main-stick-meta":"","header-below-stick-meta":"","astra-migrate-meta-layouts":"","ast-page-background-enabled":"default","ast-page-background-meta":{"desktop":{"background-color":"","background-image":"","background-repeat":"repeat","background-position":"center center","background-size":"auto","background-attachment":"scroll","background-type":"","background-media":"","overlay-type":"","overlay-color":"","overlay-opacity":"","overlay-gradient":""},"tablet":{"background-color":"","background-image":"","background-repeat":"repeat","background-position":"center center","background-size":"auto","background-attachment":"scroll","background-type":"","background-media":"","overlay-type":"","overlay-color":"","overlay-opacity":"","overlay-gradient":""},"mobile":{"background-color":"","background-image":"","background-repeat":"repeat","background-position":"center center","background-size":"auto","background-attachment":"scroll","background-type":"","background-media":"","overlay-type":"","overlay-color":"","overlay-opacity":"","overlay-gradient":""}},"ast-content-background-meta":{"desktop":{"background-color":"var(--ast-global-color-5)","background-image":"","background-repeat":"repeat","background-position":"center center","background-size":"auto","background-attachment":"scroll","background-type":"","background-media":"","overlay-type":"","overlay-color":"","overlay-opacity":"","overlay-gradient":""},"tablet":{"background-color":"var(--ast-global-color-5)","background-image":"","background-repeat":"repeat","background-position":"center center","background-size":"auto","background-attachment":"scroll","background-type":"","background-media":"","overlay-type":"","overlay-color":"","overlay-opacity":"","overlay-gradient":""},"mobile":{"background-color":"var(--ast-global-color-5)","background-image":"","background-repeat":"repeat","background-position":"center center","background-size":"auto","background-attachment":"scroll","background-type":"","background-media":"","overlay-type":"","overlay-color":"","overlay-opacity":"","overlay-gradient":""}},"episode_type":"","audio_file":"","cover_image":"","cover_image_id":"","duration":"","filesize":"","filesize_raw":"","date_recorded":"","explicit":"","block":"","itunes_episode_number":"","itunes_title":"","itunes_season_number":"","itunes_episode_type":""},"product_brand":[],"product_cat":[28],"product_tag":[],"class_list":{"0":"post-2096","1":"product","2":"type-product","3":"status-publish","4":"has-post-thumbnail","6":"product_cat-cialis-generika-tadalafil","7":"desktop-align-left","8":"tablet-align-left","9":"mobile-align-left","11":"first","12":"instock","13":"shipping-taxable","14":"purchasable","15":"product-type-variable"},"yoast_head":"<!-- This site is optimized with the Yoast SEO plugin v27.0 - https:\/\/yoast.com\/product\/yoast-seo-wordpress\/ -->\n<title>Tadapox bestellen 80 mg -<\/title>\n<meta name=\"robots\" content=\"index, follow, max-snippet:-1, max-image-preview:large, max-video-preview:-1\" \/>\n<link rel=\"canonical\" href=\"https:\/\/cialisonlineshop.de\/fr\/product\/tadapox-bestellen-80-mg\/\" \/>\n<meta property=\"og:locale\" content=\"fr_FR\" \/>\n<meta property=\"og:type\" content=\"article\" \/>\n<meta property=\"og:title\" content=\"Tadapox bestellen 80 mg -\" \/>\n<meta property=\"og:description\" content=\"Lesen Sie die Packungsbeilage von Ihrem Apotheker, bevor Sie anfangen Tadapox 80 mg von Centurion Laboratories Pvt. Ltd. zu nehmen. Wenn Sie Fragen haben, fragen Sie Ihren Arzt oder Apotheker.    Produktcode: 837986335063   Kategorie: Cialis Generika (Tadalafil)   Marke: Centurion Laboratories Pvt. Ltd.   Verf\u00fcgbarkeit: Auf Lager\" \/>\n<meta property=\"og:url\" content=\"https:\/\/cialisonlineshop.de\/fr\/product\/tadapox-bestellen-80-mg\/\" \/>\n<meta property=\"article:modified_time\" content=\"2026-01-14T10:16:15+00:00\" \/>\n<meta property=\"og:image\" content=\"https:\/\/cialisonlineshop.de\/wp-content\/uploads\/2026\/01\/Tadapox-80mg.jpeg\" \/>\n\t<meta property=\"og:image:width\" content=\"800\" \/>\n\t<meta property=\"og:image:height\" content=\"800\" \/>\n\t<meta property=\"og:image:type\" content=\"image\/jpeg\" \/>\n<meta name=\"twitter:card\" content=\"summary_large_image\" \/>\n<meta name=\"twitter:label1\" content=\"Dur\u00e9e de lecture estim\u00e9e\" \/>\n\t<meta name=\"twitter:data1\" content=\"3 minutes\" \/>\n<script type=\"application\/ld+json\" class=\"yoast-schema-graph\">{\"@context\":\"https:\/\/schema.org\",\"@graph\":[{\"@type\":\"WebPage\",\"@id\":\"https:\/\/cialisonlineshop.de\/product\/tadapox-bestellen-80-mg\/\",\"url\":\"https:\/\/cialisonlineshop.de\/product\/tadapox-bestellen-80-mg\/\",\"name\":\"Tadapox bestellen 80 mg -\",\"isPartOf\":{\"@id\":\"https:\/\/cialisonlineshop.de\/#website\"},\"primaryImageOfPage\":{\"@id\":\"https:\/\/cialisonlineshop.de\/product\/tadapox-bestellen-80-mg\/#primaryimage\"},\"image\":{\"@id\":\"https:\/\/cialisonlineshop.de\/product\/tadapox-bestellen-80-mg\/#primaryimage\"},\"thumbnailUrl\":\"https:\/\/cialisonlineshop.de\/wp-content\/uploads\/2026\/01\/Tadapox-80mg.jpeg\",\"datePublished\":\"2026-01-14T10:16:12+00:00\",\"dateModified\":\"2026-01-14T10:16:15+00:00\",\"breadcrumb\":{\"@id\":\"https:\/\/cialisonlineshop.de\/product\/tadapox-bestellen-80-mg\/#breadcrumb\"},\"inLanguage\":\"fr-FR\",\"potentialAction\":[{\"@type\":\"ReadAction\",\"target\":[\"https:\/\/cialisonlineshop.de\/product\/tadapox-bestellen-80-mg\/\"]}]},{\"@type\":\"ImageObject\",\"inLanguage\":\"fr-FR\",\"@id\":\"https:\/\/cialisonlineshop.de\/product\/tadapox-bestellen-80-mg\/#primaryimage\",\"url\":\"https:\/\/cialisonlineshop.de\/wp-content\/uploads\/2026\/01\/Tadapox-80mg.jpeg\",\"contentUrl\":\"https:\/\/cialisonlineshop.de\/wp-content\/uploads\/2026\/01\/Tadapox-80mg.jpeg\",\"width\":800,\"height\":800,\"caption\":\"import placeholder for 5733\"},{\"@type\":\"BreadcrumbList\",\"@id\":\"https:\/\/cialisonlineshop.de\/product\/tadapox-bestellen-80-mg\/#breadcrumb\",\"itemListElement\":[{\"@type\":\"ListItem\",\"position\":1,\"name\":\"Home\",\"item\":\"https:\/\/cialisonlineshop.de\/\"},{\"@type\":\"ListItem\",\"position\":2,\"name\":\"Shop\",\"item\":\"https:\/\/cialisonlineshop.de\/shop\/\"},{\"@type\":\"ListItem\",\"position\":3,\"name\":\"Tadapox bestellen 80 mg\"}]},{\"@type\":\"WebSite\",\"@id\":\"https:\/\/cialisonlineshop.de\/#website\",\"url\":\"https:\/\/cialisonlineshop.de\/\",\"name\":\"Cialisonlineshop\",\"description\":\"\",\"publisher\":{\"@id\":\"https:\/\/cialisonlineshop.de\/#organization\"},\"potentialAction\":[{\"@type\":\"SearchAction\",\"target\":{\"@type\":\"EntryPoint\",\"urlTemplate\":\"https:\/\/cialisonlineshop.de\/?s={search_term_string}\"},\"query-input\":{\"@type\":\"PropertyValueSpecification\",\"valueRequired\":true,\"valueName\":\"search_term_string\"}}],\"inLanguage\":\"fr-FR\"},{\"@type\":\"Organization\",\"@id\":\"https:\/\/cialisonlineshop.de\/#organization\",\"name\":\"Cialisonlineshop\",\"url\":\"https:\/\/cialisonlineshop.de\/\",\"logo\":{\"@type\":\"ImageObject\",\"inLanguage\":\"fr-FR\",\"@id\":\"https:\/\/cialisonlineshop.de\/#\/schema\/logo\/image\/\",\"url\":\"https:\/\/cialisonlineshop.de\/wp-content\/uploads\/2026\/01\/Logo_maker_project__6_-removebg-preview-1.png\",\"contentUrl\":\"https:\/\/cialisonlineshop.de\/wp-content\/uploads\/2026\/01\/Logo_maker_project__6_-removebg-preview-1.png\",\"width\":432,\"height\":88,\"caption\":\"Cialisonlineshop\"},\"image\":{\"@id\":\"https:\/\/cialisonlineshop.de\/#\/schema\/logo\/image\/\"}}]}<\/script>\n<!-- \/ Yoast SEO plugin. -->","yoast_head_json":{"title":"Tadapox bestellen 80 mg -","robots":{"index":"index","follow":"follow","max-snippet":"max-snippet:-1","max-image-preview":"max-image-preview:large","max-video-preview":"max-video-preview:-1"},"canonical":"https:\/\/cialisonlineshop.de\/fr\/product\/tadapox-bestellen-80-mg\/","og_locale":"fr_FR","og_type":"article","og_title":"Tadapox bestellen 80 mg -","og_description":"Lesen Sie die Packungsbeilage von Ihrem Apotheker, bevor Sie anfangen Tadapox 80 mg von Centurion Laboratories Pvt. Ltd. zu nehmen. Wenn Sie Fragen haben, fragen Sie Ihren Arzt oder Apotheker.    Produktcode: 837986335063   Kategorie: Cialis Generika (Tadalafil)   Marke: Centurion Laboratories Pvt. Ltd.   Verf\u00fcgbarkeit: Auf Lager","og_url":"https:\/\/cialisonlineshop.de\/fr\/product\/tadapox-bestellen-80-mg\/","article_modified_time":"2026-01-14T10:16:15+00:00","og_image":[{"width":800,"height":800,"url":"https:\/\/cialisonlineshop.de\/wp-content\/uploads\/2026\/01\/Tadapox-80mg.jpeg","type":"image\/jpeg"}],"twitter_card":"summary_large_image","twitter_misc":{"Dur\u00e9e de lecture estim\u00e9e":"3 minutes"},"schema":{"@context":"https:\/\/schema.org","@graph":[{"@type":"WebPage","@id":"https:\/\/cialisonlineshop.de\/product\/tadapox-bestellen-80-mg\/","url":"https:\/\/cialisonlineshop.de\/product\/tadapox-bestellen-80-mg\/","name":"Tadapox bestellen 80 mg -","isPartOf":{"@id":"https:\/\/cialisonlineshop.de\/#website"},"primaryImageOfPage":{"@id":"https:\/\/cialisonlineshop.de\/product\/tadapox-bestellen-80-mg\/#primaryimage"},"image":{"@id":"https:\/\/cialisonlineshop.de\/product\/tadapox-bestellen-80-mg\/#primaryimage"},"thumbnailUrl":"https:\/\/cialisonlineshop.de\/wp-content\/uploads\/2026\/01\/Tadapox-80mg.jpeg","datePublished":"2026-01-14T10:16:12+00:00","dateModified":"2026-01-14T10:16:15+00:00","breadcrumb":{"@id":"https:\/\/cialisonlineshop.de\/product\/tadapox-bestellen-80-mg\/#breadcrumb"},"inLanguage":"fr-FR","potentialAction":[{"@type":"ReadAction","target":["https:\/\/cialisonlineshop.de\/product\/tadapox-bestellen-80-mg\/"]}]},{"@type":"ImageObject","inLanguage":"fr-FR","@id":"https:\/\/cialisonlineshop.de\/product\/tadapox-bestellen-80-mg\/#primaryimage","url":"https:\/\/cialisonlineshop.de\/wp-content\/uploads\/2026\/01\/Tadapox-80mg.jpeg","contentUrl":"https:\/\/cialisonlineshop.de\/wp-content\/uploads\/2026\/01\/Tadapox-80mg.jpeg","width":800,"height":800,"caption":"import placeholder for 5733"},{"@type":"BreadcrumbList","@id":"https:\/\/cialisonlineshop.de\/product\/tadapox-bestellen-80-mg\/#breadcrumb","itemListElement":[{"@type":"ListItem","position":1,"name":"Home","item":"https:\/\/cialisonlineshop.de\/"},{"@type":"ListItem","position":2,"name":"Shop","item":"https:\/\/cialisonlineshop.de\/shop\/"},{"@type":"ListItem","position":3,"name":"Tadapox bestellen 80 mg"}]},{"@type":"WebSite","@id":"https:\/\/cialisonlineshop.de\/#website","url":"https:\/\/cialisonlineshop.de\/","name":"Cialisonlineshop","description":"","publisher":{"@id":"https:\/\/cialisonlineshop.de\/#organization"},"potentialAction":[{"@type":"SearchAction","target":{"@type":"EntryPoint","urlTemplate":"https:\/\/cialisonlineshop.de\/?s={search_term_string}"},"query-input":{"@type":"PropertyValueSpecification","valueRequired":true,"valueName":"search_term_string"}}],"inLanguage":"fr-FR"},{"@type":"Organization","@id":"https:\/\/cialisonlineshop.de\/#organization","name":"Cialisonlineshop","url":"https:\/\/cialisonlineshop.de\/","logo":{"@type":"ImageObject","inLanguage":"fr-FR","@id":"https:\/\/cialisonlineshop.de\/#\/schema\/logo\/image\/","url":"https:\/\/cialisonlineshop.de\/wp-content\/uploads\/2026\/01\/Logo_maker_project__6_-removebg-preview-1.png","contentUrl":"https:\/\/cialisonlineshop.de\/wp-content\/uploads\/2026\/01\/Logo_maker_project__6_-removebg-preview-1.png","width":432,"height":88,"caption":"Cialisonlineshop"},"image":{"@id":"https:\/\/cialisonlineshop.de\/#\/schema\/logo\/image\/"}}]}},"uagb_featured_image_src":{"full":["https:\/\/cialisonlineshop.de\/wp-content\/uploads\/2026\/01\/Tadapox-80mg.jpeg",800,800,false],"thumbnail":["https:\/\/cialisonlineshop.de\/wp-content\/uploads\/2026\/01\/Tadapox-80mg-150x150.jpeg",150,150,true],"medium":["https:\/\/cialisonlineshop.de\/wp-content\/uploads\/2026\/01\/Tadapox-80mg-300x300.jpeg",300,300,true],"medium_large":["https:\/\/cialisonlineshop.de\/wp-content\/uploads\/2026\/01\/Tadapox-80mg-768x768.jpeg",768,768,true],"large":["https:\/\/cialisonlineshop.de\/wp-content\/uploads\/2026\/01\/Tadapox-80mg.jpeg",800,800,false],"1536x1536":["https:\/\/cialisonlineshop.de\/wp-content\/uploads\/2026\/01\/Tadapox-80mg.jpeg",800,800,false],"2048x2048":["https:\/\/cialisonlineshop.de\/wp-content\/uploads\/2026\/01\/Tadapox-80mg.jpeg",800,800,false],"trp-custom-language-flag":["https:\/\/cialisonlineshop.de\/wp-content\/uploads\/2026\/01\/Tadapox-80mg.jpeg",12,12,false],"woocommerce_thumbnail":["https:\/\/cialisonlineshop.de\/wp-content\/uploads\/2026\/01\/Tadapox-80mg-300x300.jpeg",300,300,true],"woocommerce_single":["https:\/\/cialisonlineshop.de\/wp-content\/uploads\/2026\/01\/Tadapox-80mg-600x600.jpeg",600,600,true],"woocommerce_gallery_thumbnail":["https:\/\/cialisonlineshop.de\/wp-content\/uploads\/2026\/01\/Tadapox-80mg-100x100.jpeg",100,100,true]},"uagb_author_info":{"display_name":"Stefan T\u00f6njes","author_link":"https:\/\/cialisonlineshop.de\/fr\/author\/"},"uagb_comment_info":0,"uagb_excerpt":"Lesen Sie die Packungsbeilage von Ihrem Apotheker, bevor Sie anfangen Tadapox 80 mg von Centurion Laboratories Pvt. Ltd. zu nehmen. Wenn Sie Fragen haben, fragen Sie Ihren Arzt oder Apotheker. Produktcode: 837986335063 Kategorie: Cialis Generika (Tadalafil) Marke: Centurion Laboratories Pvt. Ltd. Verf\u00fcgbarkeit: Auf Lager","jetpack_sharing_enabled":true,"_links":{"self":[{"href":"https:\/\/cialisonlineshop.de\/fr\/wp-json\/wp\/v2\/product\/2096","targetHints":{"allow":["GET"]}}],"collection":[{"href":"https:\/\/cialisonlineshop.de\/fr\/wp-json\/wp\/v2\/product"}],"about":[{"href":"https:\/\/cialisonlineshop.de\/fr\/wp-json\/wp\/v2\/types\/product"}],"replies":[{"embeddable":true,"href":"https:\/\/cialisonlineshop.de\/fr\/wp-json\/wp\/v2\/comments?post=2096"}],"wp:featuredmedia":[{"embeddable":true,"href":"https:\/\/cialisonlineshop.de\/fr\/wp-json\/wp\/v2\/media\/2111"}],"wp:attachment":[{"href":"https:\/\/cialisonlineshop.de\/fr\/wp-json\/wp\/v2\/media?parent=2096"}],"wp:term":[{"taxonomy":"product_brand","embeddable":true,"href":"https:\/\/cialisonlineshop.de\/fr\/wp-json\/wp\/v2\/product_brand?post=2096"},{"taxonomy":"product_cat","embeddable":true,"href":"https:\/\/cialisonlineshop.de\/fr\/wp-json\/wp\/v2\/product_cat?post=2096"},{"taxonomy":"product_tag","embeddable":true,"href":"https:\/\/cialisonlineshop.de\/fr\/wp-json\/wp\/v2\/product_tag?post=2096"}],"curies":[{"name":"wp","href":"https:\/\/api.w.org\/{rel}","templated":true}]}}