{"id":2086,"date":"2026-01-14T10:16:11","date_gmt":"2026-01-14T10:16:11","guid":{"rendered":"https:\/\/cialisonlineshop.de\/?post_type=product&#038;p=2086"},"modified":"2026-01-14T10:16:15","modified_gmt":"2026-01-14T10:16:15","slug":"tadalis-sx-kaufen-20mg","status":"publish","type":"product","link":"https:\/\/cialisonlineshop.de\/fr\/product\/tadalis-sx-kaufen-20mg\/","title":{"rendered":"Tadalis-sx kaufen 20mg"},"content":{"rendered":"<h2>Grundinformationen zu Tadalis-sx kaufen 20mg<\/h2>\n<p>Tadalis-sx kaufen 20mg Sind Sie auf der Suche nach einer effektiven und kosteng\u00fcnstigen L\u00f6sung f\u00fcr Erektionsprobleme? <strong>Tadalis SX<\/strong>\u00a0stellt eine vollwertige Alternative zu Cialis dar (auch bekannt als\u00a0Cialis Generikum) f\u00fcr die Behandlung von erektiler Dysfunktion.<\/p>\n<p>Wie das Originalprodukt enth\u00e4lt es den Wirkstoff Tadalafil. \u00c4hnlich wie das bekannteste Ersatzprodukt f\u00fcr Viagra, Kamagra, wird Tadalis in den Labors der indischen Pharmafirma <a href=\"https:\/\/kamagrashop.online\/ajanta-pharma-ltd\/\">Ajanta Pharma Limited\u00a0<\/a>hergestellt.<\/p>\n<p><strong>Tadalis-sx kaufen 20mg erfreut sich besonders aufgrund seiner langen Wirkungsdauer gro\u00dfer Beliebtheit \u2013 bis zu 36 Stunden<\/strong>. Diese lange Wirkungsdauer hat dazu gef\u00fchrt, dass Produkte mit Tadalafil den Spitznamen \u201eWochenendpille\u201c erhalten haben. Wenn Sie am Freitagabend eine Pille einnehmen, m\u00fcssen Sie sich das ganze Wochenende keine Gedanken mehr dar\u00fcber machen.<\/p>\n<p>Das ist eine enorme Erleichterung und dazu ist es zu einem g\u00fcnstigeren<strong>\u00a0Preis als das Originalprodukt erh\u00e4ltlich<\/strong>. Der Preis wird noch attraktiver, wenn Sie mehrere Packungen auf einmal kaufen<\/p>\n<h2>Wirkstoff<\/h2>\n<p>Tadalafil, der Wirkstoff (weitere Informationen \u00fcber diesen Wirkstoff finden Sie im Artikel zu\u00a0Tadalafil), bewirkt eine Entspannung der Zellen der glatten Muskulatur und f\u00f6rdert die Durchblutung des Penis. Dies erm\u00f6glicht eine z\u00fcgige und\u00a0<strong>langanhaltende Erektion<\/strong>\u00a0und verbessert das sexuelle Erlebnis erheblich<\/p>\n<h2>Dosierung und Gebrauchsweise<\/h2>\n<p>Die typische Dosierung liegt zwischen 5 und 20 mg f\u00fcr eine einmalige Einnahme, wobei eine empfohlene Anfangsdosis von 10 mg gilt. Die Tablette wird unzerkaut mit einem Schluck Wasser eingenommen. Je nach individueller Vertr\u00e4glichkeit kann die Dosierung auf 5 mg reduziert werden.\u00a0<strong>Die maximale Tagesdosis von 20 mg sollte nicht \u00fcberschritten werden<\/strong>.<\/p>\n<p>Tadalis SX 20 mg wird 30-60 Minuten vor dem Geschlechtsverkehr eingenommen und seine Wirkung dauert bis zu 36 Stunden an. Es ist wichtig zu beachten, dass\u00a0<strong>Tadalis SX kein Aphrodisiakum<\/strong>\u00a0ist. Zur Erzielung der gew\u00fcnschten Wirkung ist\u00a0<strong>sexuelle Stimulation erforderlich<\/strong>.<\/p>\n<p>Das Pr\u00e4parat kann vor oder nach den Mahlzeiten eingenommen werden. Es sollte jedoch vermieden werden, Tadalis SX 20 mg mit Alkohol, Grapefruit oder Grapefruitsaft zu kombinieren. Weitere Informationen \u00fcber die Risiken dieser Kombination finden Sie im Artikel\u00a0Medikamente gegen erektile Dysfunktion: Fragen und Antworten<\/p>\n<h2>Tadalis-sx kaufen 20mg-Tablette hat die folgenden Nebenwirkungen:<\/h2>\n<ul>\n<li>\n<ul>\n<li>Schwindel<\/li>\n<li>H\u00f6rbeeintr\u00e4chtigungen<\/li>\n<li>Ohnmacht<\/li>\n<li>Verdauungsst\u00f6rungen<\/li>\n<li>Kopfschmerzen<\/li>\n<li>Trockene Augen<\/li>\n<li>Nasenverstopfung<\/li>\n<\/ul>\n<\/li>\n<\/ul>\n<h2>BauchschmerzenWie konsumiert man am besten die Tadalis SX 20 mg Tablette?<\/h2>\n<p>Befolgen Sie die Anweisungen Ihres Arztes bez\u00fcglich der Dosierung und Dauer dieses Medikaments. Nehmen Sie sie auf einmal ein. Sie sollte nicht gekaut, gebrochen oder zerkleinert werden. Tadalis Tabletten k\u00f6nnen mit oder ohne Nahrung eingenommen werden; es ist jedoch am besten, sie jeden Tag zur gleichen Zeit einzunehmen.<\/p>\n<h2>F\u00fcr Interesse<\/h2>\n<p>Eine herausfordernde Erektion kann f\u00fcr einige M\u00e4nner ein sensibles Thema sein. Die Partnerin kann dabei eine unterst\u00fctzende Rolle spielen. Auf welche Weise? Weitere Informationen dazu finden Sie im Artikel \u00fcber\u00a0Erektionsprobleme\u00a0und die Rolle der Partnerin. Wenn Sie unsicher sind, ob Sie unter\u00a0erektiler Dysfunktion\u00a0leiden, ist es am einfachsten, einen Selbsttest zur Untersuchung auf erektile Dysfunktion durchzuf\u00fchren.<\/p>\n<p>Dieses Produkt wird ohne Umverpackung und Beipackzettel geliefert.<\/p>","protected":false},"excerpt":{"rendered":"<p><strong>Tadalis<\/strong>\u00a0wird von Ajanta Pharma auf dem Markt gebracht und stellt ein Generikum zu\u00a0<strong>Cialis<\/strong>\u00a020mg dar. Dieses Medikament ist f\u00fcr M\u00e4nner gedacht, die an einer Erektionsst\u00f6rung leiden. Nach der Einnahme von\u00a0<strong>Tadalafil<\/strong>\u00a0k\u00f6nnen betroffene M\u00e4nner wieder langanhaltenden und hochwertigen Geschlechtsverkehr erleben, wodurch der Sex wieder verbessert wird. Das Potenzmittel kann bis zu 36 Stunden wirksam sein, wodurch es sich von anderen Potenzmitteln wie Viagra unterscheidet, die auf Sildenafil citrate basieren. In den letzten Jahren hat sich gezeigt, dass Tadalis bei Erektionsst\u00f6rungen immer h\u00e4ufiger eingesetzt wird.<\/p>\n<table class=\"info\">\n<tbody>\n<tr>\n<td>Produktcode:<\/td>\n<td>200317888234<\/td>\n<\/tr>\n<tr>\n<td>Kategorie:<\/td>\n<td><a href=\"https:\/\/kamagrashop.online\/cialis-generika-tadalafil\/\">Cialis Generika (Tadalafil)<\/a><\/td>\n<\/tr>\n<tr>\n<td>Marke:<\/td>\n<td><a href=\"https:\/\/kamagrashop.online\/ajanta-pharma-ltd\/\">Ajanta Pharma Ltd.<\/a><\/td>\n<\/tr>\n<tr>\n<td>Verf\u00fcgbarkeit:<\/td>\n<td>Auf Lager<\/td>\n<\/tr>\n<\/tbody>\n<\/table>","protected":false},"featured_media":2110,"comment_status":"open","ping_status":"closed","template":"","meta":{"_uag_custom_page_level_css":"","site-sidebar-layout":"","site-content-layout":"","ast-site-content-layout":"","site-content-style":"","site-sidebar-style":"","ast-global-header-display":"","ast-banner-title-visibility":"","ast-main-header-display":"","ast-hfb-above-header-display":"","ast-hfb-below-header-display":"","ast-hfb-mobile-header-display":"","site-post-title":"","ast-breadcrumbs-content":"","ast-featured-img":"","footer-sml-layout":"","ast-disable-related-posts":"","theme-transparent-header-meta":"","adv-header-id-meta":"","stick-header-meta":"","header-above-stick-meta":"","header-main-stick-meta":"","header-below-stick-meta":"","astra-migrate-meta-layouts":"","ast-page-background-enabled":"default","ast-page-background-meta":{"desktop":{"background-color":"","background-image":"","background-repeat":"repeat","background-position":"center center","background-size":"auto","background-attachment":"scroll","background-type":"","background-media":"","overlay-type":"","overlay-color":"","overlay-opacity":"","overlay-gradient":""},"tablet":{"background-color":"","background-image":"","background-repeat":"repeat","background-position":"center center","background-size":"auto","background-attachment":"scroll","background-type":"","background-media":"","overlay-type":"","overlay-color":"","overlay-opacity":"","overlay-gradient":""},"mobile":{"background-color":"","background-image":"","background-repeat":"repeat","background-position":"center center","background-size":"auto","background-attachment":"scroll","background-type":"","background-media":"","overlay-type":"","overlay-color":"","overlay-opacity":"","overlay-gradient":""}},"ast-content-background-meta":{"desktop":{"background-color":"var(--ast-global-color-5)","background-image":"","background-repeat":"repeat","background-position":"center center","background-size":"auto","background-attachment":"scroll","background-type":"","background-media":"","overlay-type":"","overlay-color":"","overlay-opacity":"","overlay-gradient":""},"tablet":{"background-color":"var(--ast-global-color-5)","background-image":"","background-repeat":"repeat","background-position":"center center","background-size":"auto","background-attachment":"scroll","background-type":"","background-media":"","overlay-type":"","overlay-color":"","overlay-opacity":"","overlay-gradient":""},"mobile":{"background-color":"var(--ast-global-color-5)","background-image":"","background-repeat":"repeat","background-position":"center center","background-size":"auto","background-attachment":"scroll","background-type":"","background-media":"","overlay-type":"","overlay-color":"","overlay-opacity":"","overlay-gradient":""}},"episode_type":"","audio_file":"","cover_image":"","cover_image_id":"","duration":"","filesize":"","filesize_raw":"","date_recorded":"","explicit":"","block":"","itunes_episode_number":"","itunes_title":"","itunes_season_number":"","itunes_episode_type":""},"product_brand":[],"product_cat":[28],"product_tag":[],"class_list":{"0":"post-2086","1":"product","2":"type-product","3":"status-publish","4":"has-post-thumbnail","6":"product_cat-cialis-generika-tadalafil","7":"desktop-align-left","8":"tablet-align-left","9":"mobile-align-left","11":"first","12":"instock","13":"shipping-taxable","14":"purchasable","15":"product-type-variable"},"yoast_head":"<!-- This site is optimized with the Yoast SEO plugin v27.0 - https:\/\/yoast.com\/product\/yoast-seo-wordpress\/ -->\n<title>Tadalis-sx kaufen 20mg -<\/title>\n<meta name=\"robots\" content=\"index, follow, max-snippet:-1, max-image-preview:large, max-video-preview:-1\" \/>\n<link rel=\"canonical\" href=\"https:\/\/cialisonlineshop.de\/fr\/product\/tadalis-sx-kaufen-20mg\/\" \/>\n<meta property=\"og:locale\" content=\"fr_FR\" \/>\n<meta property=\"og:type\" content=\"article\" \/>\n<meta property=\"og:title\" content=\"Tadalis-sx kaufen 20mg -\" \/>\n<meta property=\"og:description\" content=\"Tadalis\u00a0wird von Ajanta Pharma auf dem Markt gebracht und stellt ein Generikum zu\u00a0Cialis\u00a020mg dar. Dieses Medikament ist f\u00fcr M\u00e4nner gedacht, die an einer Erektionsst\u00f6rung leiden. Nach der Einnahme von\u00a0Tadalafil\u00a0k\u00f6nnen betroffene M\u00e4nner wieder langanhaltenden und hochwertigen Geschlechtsverkehr erleben, wodurch der Sex wieder verbessert wird. Das Potenzmittel kann bis zu 36 Stunden wirksam sein, wodurch es sich von anderen Potenzmitteln wie Viagra unterscheidet, die auf Sildenafil citrate basieren. In den letzten Jahren hat sich gezeigt, dass Tadalis bei Erektionsst\u00f6rungen immer h\u00e4ufiger eingesetzt wird.    Produktcode: 200317888234   Kategorie: Cialis Generika (Tadalafil)   Marke: Ajanta Pharma Ltd.   Verf\u00fcgbarkeit: Auf Lager\" \/>\n<meta property=\"og:url\" content=\"https:\/\/cialisonlineshop.de\/fr\/product\/tadalis-sx-kaufen-20mg\/\" \/>\n<meta property=\"article:modified_time\" content=\"2026-01-14T10:16:15+00:00\" \/>\n<meta property=\"og:image\" content=\"https:\/\/cialisonlineshop.de\/wp-content\/uploads\/2026\/01\/Tadalis-sx-20mg-1.jpeg\" \/>\n\t<meta property=\"og:image:width\" content=\"669\" \/>\n\t<meta property=\"og:image:height\" content=\"649\" \/>\n\t<meta property=\"og:image:type\" content=\"image\/jpeg\" \/>\n<meta name=\"twitter:card\" content=\"summary_large_image\" \/>\n<meta name=\"twitter:label1\" content=\"Dur\u00e9e de lecture estim\u00e9e\" \/>\n\t<meta name=\"twitter:data1\" content=\"2 minutes\" \/>\n<script type=\"application\/ld+json\" class=\"yoast-schema-graph\">{\"@context\":\"https:\/\/schema.org\",\"@graph\":[{\"@type\":\"WebPage\",\"@id\":\"https:\/\/cialisonlineshop.de\/product\/tadalis-sx-kaufen-20mg\/\",\"url\":\"https:\/\/cialisonlineshop.de\/product\/tadalis-sx-kaufen-20mg\/\",\"name\":\"Tadalis-sx kaufen 20mg -\",\"isPartOf\":{\"@id\":\"https:\/\/cialisonlineshop.de\/#website\"},\"primaryImageOfPage\":{\"@id\":\"https:\/\/cialisonlineshop.de\/product\/tadalis-sx-kaufen-20mg\/#primaryimage\"},\"image\":{\"@id\":\"https:\/\/cialisonlineshop.de\/product\/tadalis-sx-kaufen-20mg\/#primaryimage\"},\"thumbnailUrl\":\"https:\/\/cialisonlineshop.de\/wp-content\/uploads\/2026\/01\/Tadalis-sx-20mg-1.jpeg\",\"datePublished\":\"2026-01-14T10:16:11+00:00\",\"dateModified\":\"2026-01-14T10:16:15+00:00\",\"breadcrumb\":{\"@id\":\"https:\/\/cialisonlineshop.de\/product\/tadalis-sx-kaufen-20mg\/#breadcrumb\"},\"inLanguage\":\"fr-FR\",\"potentialAction\":[{\"@type\":\"ReadAction\",\"target\":[\"https:\/\/cialisonlineshop.de\/product\/tadalis-sx-kaufen-20mg\/\"]}]},{\"@type\":\"ImageObject\",\"inLanguage\":\"fr-FR\",\"@id\":\"https:\/\/cialisonlineshop.de\/product\/tadalis-sx-kaufen-20mg\/#primaryimage\",\"url\":\"https:\/\/cialisonlineshop.de\/wp-content\/uploads\/2026\/01\/Tadalis-sx-20mg-1.jpeg\",\"contentUrl\":\"https:\/\/cialisonlineshop.de\/wp-content\/uploads\/2026\/01\/Tadalis-sx-20mg-1.jpeg\",\"width\":669,\"height\":649,\"caption\":\"import placeholder for 5723\"},{\"@type\":\"BreadcrumbList\",\"@id\":\"https:\/\/cialisonlineshop.de\/product\/tadalis-sx-kaufen-20mg\/#breadcrumb\",\"itemListElement\":[{\"@type\":\"ListItem\",\"position\":1,\"name\":\"Home\",\"item\":\"https:\/\/cialisonlineshop.de\/\"},{\"@type\":\"ListItem\",\"position\":2,\"name\":\"Shop\",\"item\":\"https:\/\/cialisonlineshop.de\/shop\/\"},{\"@type\":\"ListItem\",\"position\":3,\"name\":\"Tadalis-sx kaufen 20mg\"}]},{\"@type\":\"WebSite\",\"@id\":\"https:\/\/cialisonlineshop.de\/#website\",\"url\":\"https:\/\/cialisonlineshop.de\/\",\"name\":\"Cialisonlineshop\",\"description\":\"\",\"publisher\":{\"@id\":\"https:\/\/cialisonlineshop.de\/#organization\"},\"potentialAction\":[{\"@type\":\"SearchAction\",\"target\":{\"@type\":\"EntryPoint\",\"urlTemplate\":\"https:\/\/cialisonlineshop.de\/?s={search_term_string}\"},\"query-input\":{\"@type\":\"PropertyValueSpecification\",\"valueRequired\":true,\"valueName\":\"search_term_string\"}}],\"inLanguage\":\"fr-FR\"},{\"@type\":\"Organization\",\"@id\":\"https:\/\/cialisonlineshop.de\/#organization\",\"name\":\"Cialisonlineshop\",\"url\":\"https:\/\/cialisonlineshop.de\/\",\"logo\":{\"@type\":\"ImageObject\",\"inLanguage\":\"fr-FR\",\"@id\":\"https:\/\/cialisonlineshop.de\/#\/schema\/logo\/image\/\",\"url\":\"https:\/\/cialisonlineshop.de\/wp-content\/uploads\/2026\/01\/Logo_maker_project__6_-removebg-preview-1.png\",\"contentUrl\":\"https:\/\/cialisonlineshop.de\/wp-content\/uploads\/2026\/01\/Logo_maker_project__6_-removebg-preview-1.png\",\"width\":432,\"height\":88,\"caption\":\"Cialisonlineshop\"},\"image\":{\"@id\":\"https:\/\/cialisonlineshop.de\/#\/schema\/logo\/image\/\"}}]}<\/script>\n<!-- \/ Yoast SEO plugin. -->","yoast_head_json":{"title":"Tadalis-sx kaufen 20mg -","robots":{"index":"index","follow":"follow","max-snippet":"max-snippet:-1","max-image-preview":"max-image-preview:large","max-video-preview":"max-video-preview:-1"},"canonical":"https:\/\/cialisonlineshop.de\/fr\/product\/tadalis-sx-kaufen-20mg\/","og_locale":"fr_FR","og_type":"article","og_title":"Tadalis-sx kaufen 20mg -","og_description":"Tadalis\u00a0wird von Ajanta Pharma auf dem Markt gebracht und stellt ein Generikum zu\u00a0Cialis\u00a020mg dar. Dieses Medikament ist f\u00fcr M\u00e4nner gedacht, die an einer Erektionsst\u00f6rung leiden. Nach der Einnahme von\u00a0Tadalafil\u00a0k\u00f6nnen betroffene M\u00e4nner wieder langanhaltenden und hochwertigen Geschlechtsverkehr erleben, wodurch der Sex wieder verbessert wird. Das Potenzmittel kann bis zu 36 Stunden wirksam sein, wodurch es sich von anderen Potenzmitteln wie Viagra unterscheidet, die auf Sildenafil citrate basieren. In den letzten Jahren hat sich gezeigt, dass Tadalis bei Erektionsst\u00f6rungen immer h\u00e4ufiger eingesetzt wird.    Produktcode: 200317888234   Kategorie: Cialis Generika (Tadalafil)   Marke: Ajanta Pharma Ltd.   Verf\u00fcgbarkeit: Auf Lager","og_url":"https:\/\/cialisonlineshop.de\/fr\/product\/tadalis-sx-kaufen-20mg\/","article_modified_time":"2026-01-14T10:16:15+00:00","og_image":[{"width":669,"height":649,"url":"https:\/\/cialisonlineshop.de\/wp-content\/uploads\/2026\/01\/Tadalis-sx-20mg-1.jpeg","type":"image\/jpeg"}],"twitter_card":"summary_large_image","twitter_misc":{"Dur\u00e9e de lecture estim\u00e9e":"2 minutes"},"schema":{"@context":"https:\/\/schema.org","@graph":[{"@type":"WebPage","@id":"https:\/\/cialisonlineshop.de\/product\/tadalis-sx-kaufen-20mg\/","url":"https:\/\/cialisonlineshop.de\/product\/tadalis-sx-kaufen-20mg\/","name":"Tadalis-sx kaufen 20mg -","isPartOf":{"@id":"https:\/\/cialisonlineshop.de\/#website"},"primaryImageOfPage":{"@id":"https:\/\/cialisonlineshop.de\/product\/tadalis-sx-kaufen-20mg\/#primaryimage"},"image":{"@id":"https:\/\/cialisonlineshop.de\/product\/tadalis-sx-kaufen-20mg\/#primaryimage"},"thumbnailUrl":"https:\/\/cialisonlineshop.de\/wp-content\/uploads\/2026\/01\/Tadalis-sx-20mg-1.jpeg","datePublished":"2026-01-14T10:16:11+00:00","dateModified":"2026-01-14T10:16:15+00:00","breadcrumb":{"@id":"https:\/\/cialisonlineshop.de\/product\/tadalis-sx-kaufen-20mg\/#breadcrumb"},"inLanguage":"fr-FR","potentialAction":[{"@type":"ReadAction","target":["https:\/\/cialisonlineshop.de\/product\/tadalis-sx-kaufen-20mg\/"]}]},{"@type":"ImageObject","inLanguage":"fr-FR","@id":"https:\/\/cialisonlineshop.de\/product\/tadalis-sx-kaufen-20mg\/#primaryimage","url":"https:\/\/cialisonlineshop.de\/wp-content\/uploads\/2026\/01\/Tadalis-sx-20mg-1.jpeg","contentUrl":"https:\/\/cialisonlineshop.de\/wp-content\/uploads\/2026\/01\/Tadalis-sx-20mg-1.jpeg","width":669,"height":649,"caption":"import placeholder for 5723"},{"@type":"BreadcrumbList","@id":"https:\/\/cialisonlineshop.de\/product\/tadalis-sx-kaufen-20mg\/#breadcrumb","itemListElement":[{"@type":"ListItem","position":1,"name":"Home","item":"https:\/\/cialisonlineshop.de\/"},{"@type":"ListItem","position":2,"name":"Shop","item":"https:\/\/cialisonlineshop.de\/shop\/"},{"@type":"ListItem","position":3,"name":"Tadalis-sx kaufen 20mg"}]},{"@type":"WebSite","@id":"https:\/\/cialisonlineshop.de\/#website","url":"https:\/\/cialisonlineshop.de\/","name":"Cialisonlineshop","description":"","publisher":{"@id":"https:\/\/cialisonlineshop.de\/#organization"},"potentialAction":[{"@type":"SearchAction","target":{"@type":"EntryPoint","urlTemplate":"https:\/\/cialisonlineshop.de\/?s={search_term_string}"},"query-input":{"@type":"PropertyValueSpecification","valueRequired":true,"valueName":"search_term_string"}}],"inLanguage":"fr-FR"},{"@type":"Organization","@id":"https:\/\/cialisonlineshop.de\/#organization","name":"Cialisonlineshop","url":"https:\/\/cialisonlineshop.de\/","logo":{"@type":"ImageObject","inLanguage":"fr-FR","@id":"https:\/\/cialisonlineshop.de\/#\/schema\/logo\/image\/","url":"https:\/\/cialisonlineshop.de\/wp-content\/uploads\/2026\/01\/Logo_maker_project__6_-removebg-preview-1.png","contentUrl":"https:\/\/cialisonlineshop.de\/wp-content\/uploads\/2026\/01\/Logo_maker_project__6_-removebg-preview-1.png","width":432,"height":88,"caption":"Cialisonlineshop"},"image":{"@id":"https:\/\/cialisonlineshop.de\/#\/schema\/logo\/image\/"}}]}},"uagb_featured_image_src":{"full":["https:\/\/cialisonlineshop.de\/wp-content\/uploads\/2026\/01\/Tadalis-sx-20mg-1.jpeg",669,649,false],"thumbnail":["https:\/\/cialisonlineshop.de\/wp-content\/uploads\/2026\/01\/Tadalis-sx-20mg-1-150x150.jpeg",150,150,true],"medium":["https:\/\/cialisonlineshop.de\/wp-content\/uploads\/2026\/01\/Tadalis-sx-20mg-1-300x291.jpeg",300,291,true],"medium_large":["https:\/\/cialisonlineshop.de\/wp-content\/uploads\/2026\/01\/Tadalis-sx-20mg-1.jpeg",669,649,false],"large":["https:\/\/cialisonlineshop.de\/wp-content\/uploads\/2026\/01\/Tadalis-sx-20mg-1.jpeg",669,649,false],"1536x1536":["https:\/\/cialisonlineshop.de\/wp-content\/uploads\/2026\/01\/Tadalis-sx-20mg-1.jpeg",669,649,false],"2048x2048":["https:\/\/cialisonlineshop.de\/wp-content\/uploads\/2026\/01\/Tadalis-sx-20mg-1.jpeg",669,649,false],"trp-custom-language-flag":["https:\/\/cialisonlineshop.de\/wp-content\/uploads\/2026\/01\/Tadalis-sx-20mg-1.jpeg",12,12,false],"woocommerce_thumbnail":["https:\/\/cialisonlineshop.de\/wp-content\/uploads\/2026\/01\/Tadalis-sx-20mg-1-300x300.jpeg",300,300,true],"woocommerce_single":["https:\/\/cialisonlineshop.de\/wp-content\/uploads\/2026\/01\/Tadalis-sx-20mg-1-600x582.jpeg",600,582,true],"woocommerce_gallery_thumbnail":["https:\/\/cialisonlineshop.de\/wp-content\/uploads\/2026\/01\/Tadalis-sx-20mg-1-100x100.jpeg",100,100,true]},"uagb_author_info":{"display_name":"Stefan T\u00f6njes","author_link":"https:\/\/cialisonlineshop.de\/fr\/author\/"},"uagb_comment_info":0,"uagb_excerpt":"Tadalis\u00a0wird von Ajanta Pharma auf dem Markt gebracht und stellt ein Generikum zu\u00a0Cialis\u00a020mg dar. Dieses Medikament ist f\u00fcr M\u00e4nner gedacht, die an einer Erektionsst\u00f6rung leiden. Nach der Einnahme von\u00a0Tadalafil\u00a0k\u00f6nnen betroffene M\u00e4nner wieder langanhaltenden und hochwertigen Geschlechtsverkehr erleben, wodurch der Sex wieder verbessert wird. Das Potenzmittel kann bis zu 36 Stunden wirksam sein, wodurch es sich\u2026","jetpack_sharing_enabled":true,"_links":{"self":[{"href":"https:\/\/cialisonlineshop.de\/fr\/wp-json\/wp\/v2\/product\/2086","targetHints":{"allow":["GET"]}}],"collection":[{"href":"https:\/\/cialisonlineshop.de\/fr\/wp-json\/wp\/v2\/product"}],"about":[{"href":"https:\/\/cialisonlineshop.de\/fr\/wp-json\/wp\/v2\/types\/product"}],"replies":[{"embeddable":true,"href":"https:\/\/cialisonlineshop.de\/fr\/wp-json\/wp\/v2\/comments?post=2086"}],"wp:featuredmedia":[{"embeddable":true,"href":"https:\/\/cialisonlineshop.de\/fr\/wp-json\/wp\/v2\/media\/2110"}],"wp:attachment":[{"href":"https:\/\/cialisonlineshop.de\/fr\/wp-json\/wp\/v2\/media?parent=2086"}],"wp:term":[{"taxonomy":"product_brand","embeddable":true,"href":"https:\/\/cialisonlineshop.de\/fr\/wp-json\/wp\/v2\/product_brand?post=2086"},{"taxonomy":"product_cat","embeddable":true,"href":"https:\/\/cialisonlineshop.de\/fr\/wp-json\/wp\/v2\/product_cat?post=2086"},{"taxonomy":"product_tag","embeddable":true,"href":"https:\/\/cialisonlineshop.de\/fr\/wp-json\/wp\/v2\/product_tag?post=2086"}],"curies":[{"name":"wp","href":"https:\/\/api.w.org\/{rel}","templated":true}]}}