{"id":2075,"date":"2026-01-14T10:16:07","date_gmt":"2026-01-14T10:16:07","guid":{"rendered":"https:\/\/cialisonlineshop.de\/?post_type=product&#038;p=2075"},"modified":"2026-02-24T11:18:17","modified_gmt":"2026-02-24T11:18:17","slug":"tadacip-20-mg","status":"publish","type":"product","link":"https:\/\/cialisonlineshop.de\/fr\/product\/tadacip-20-mg\/","title":{"rendered":"Tadacip 20 mg"},"content":{"rendered":"<h1>Tadacip bestellen 20 mg, das beste Medikament gegen erektile Dysfunktion. Jetzt einkaufen!<\/h1>\n<p><strong>Die beliebte orangefarbene Sexpille Tadacip bestellen 20 mg\u00a0 wurde zur Behandlung von Erektionsst\u00f6rungen bei M\u00e4nnern, auch bekannt als sexuelle Impotenz, entwickelt.<\/strong>\u00a0Im Gegensatz zu Medikamenten auf Sildenafil-Basis profitieren Patienten bei der Einnahme von Tadalafil bestellen 20 mg von einer deutlich verl\u00e4ngerten Behandlungszeit, die mindestens 36 Stunden betr\u00e4gt. Dies erm\u00f6glicht es Paaren, den Geschlechtsverkehr zu einem nat\u00fcrlichen Zeitpunkt zu vollziehen. Aufgrund der geringeren Dosis des Wirkstoffs berichten die meisten Patienten \u00fcber weniger Nebenwirkungen und eine problemlose Anwendung.<\/p>\n<p>Das von Cipla Inc. hergestellte Tadacip wird unter klinischen Bedingungen nach einem hochwertigen Standard hergestellt, um seine Sicherheit und Wirksamkeit zu gew\u00e4hrleisten.Wie die Originalmarke Cialis enth\u00e4lt Tadacip 20mg den Wirkstoff Tadalafil, der zu der Klasse von Medikamenten geh\u00f6rt, die als PDE-5-Hemmer bekannt sind. PDE-5 oder Phosphodiesterase Typ 5 ist ein Enzym, das das Blut nicht richtig flie\u00dfen l\u00e4sst und daf\u00fcr sorgt, dass ein Mann keine Erektion erreichen oder aufrechterhalten kann. Das in Tadacip enthaltene Tadalafil blockiert die Wirkung von PDE-5 und l\u00e4sst das Blut richtig flie\u00dfen.<\/p>\n<p>Wenn der Patient sexuell stimuliert wird, wird im Penis eine Chemikalie freigesetzt, die als Stickstoffmonoxid (NO) bekannt ist.Tadacip bestellen 20 mg <a href=\"https:\/\/kamagrabestellenshop.online\/\">kamagra bestellen <\/a>Diese Chemikalie ist entscheidend f\u00fcr die Produktion von cGMP (zyklisches Guanosinmonophosphat). cGMP ist f\u00fcr die Kontraktion und Dilatation der Blutgef\u00e4\u00dfe verantwortlich. Wenn cGMP produziert wird, flie\u00dft das Blut m\u00fchelos zum Penis. Und da immer mehr Blut zum Penis flie\u00dft, wird Druck erzeugt. Dies wiederum erm\u00f6glicht eine st\u00e4rkere Durchblutung, sodass eine Erektion stattfinden kann. Tadacip 20 mg ist kein Aphrodisiakum und es bedarf der Stimulation, um eine Erektion zu bekommen.<\/p>\n<h2>Tadacip bestellen 20 mg Nebenwirkungen<\/h2>\n<p>Neben den erw\u00fcnschten Wirkungen kann Tadacip 20 mg einige unerw\u00fcnschte Wirkungen hervorrufen. Obwohl nicht alle diese Nebenwirkungen auftreten k\u00f6nnen, m\u00fcssen sie \u00e4rztlich behandelt werden, wenn sie doch auftreten.<\/p>\n<p>Die h\u00e4ufigsten Nebenwirkungen von Tadacip 20:<\/p>\n<ul>\n<li>Kopfschmerzen<\/li>\n<li>Dyspepsie<\/li>\n<li>R\u00fcckenschmerzen<\/li>\n<li>Gesichtsr\u00f6tung oder Gesichtsr\u00f6te<\/li>\n<li>Verstopfte Nase<\/li>\n<li>Leichte \u00dcbelkeit<\/li>\n<\/ul>\n<p>Eine vollst\u00e4ndige Liste der unerw\u00fcnschten Wirkungen finden Sie unter dem Tab\u00a0Nebenwirkungen.<\/p>\n<h3>Tadacip bestellen 20 mg Wie man das Medikament einnimmt<\/h3>\n<p>Nehmen Sie eine Pille 30\u201345 Minuten vor der geplanten sexuellen Aktivit\u00e4t. Nehmen Sie das Medikament immer mit einem gro\u00dfen Glas Wasser ein und vermeiden Sie gro\u00dfe oder fettige Mahlzeiten. Um das Beste aus Ihrer Behandlung herauszuholen, lesen Sie bitte die folgenden Informationen sorgf\u00e4ltig durch:<\/p>\n<ul>\n<li>Die empfohlene Anfangsdosis f\u00fcr die meisten Patienten betr\u00e4gt 10 mg.<\/li>\n<li>Die sichere indizierte Dosis innerhalb von 24 Stunden betr\u00e4gt 20 mg (1 Tablette).<\/li>\n<li>Die wirksame Behandlungsdauer betr\u00e4gt bis zu 36 Stunden.<\/li>\n<\/ul>\n<p>Um das Beste aus Ihrer Behandlung rauszuholen, lesen Sie bitte die folgende Informationen sorgf\u00e4ltig:<\/p>\n<p>Die empfohlene Anfangsdosis von Tadacip 20 von Cipla Inc. bei den ist meisten Patienten 10 mg, eingenommen vor erwarteten sexuellen Aktivit\u00e4t.<\/p>\n<p>Die Dosis kann basierend auf individueller Wirksamkeit und Vertr\u00e4glichkeit bis zu 5 mg verringert oder zu 20 mg erh\u00f6ht werden.<\/p>\n<p>Die sichere Dosis von Tadacip 20 innerhalb eines Zeitraums von 24 Stunden ist 20 mg (1 Tablette). Dieses Medikament wird innerhalb von 60 Minuten wirksam.<\/p>\n<p>Die wirksame Behandlungszeit ist bis 36 Stunden. Immer mit einem gro\u00dfen Glas Wasser einnehmen.<\/p>\n<p>Tadacip bestellen 20 mg\u00a0 Sie sollten nur Tadacip 20 einnehmen, wenn Sie planen, Sex zu haben \u2013 es ist nicht als regelm\u00e4\u00dfige Medikation bestimmt.<\/p>\n<p>Tadacip bestellen 20 mg\u00a0 Vermeiden Sie gro\u00dfe oder fettreiche Mahlzeiten, wenn Sie beabsichtigen, die Medizin zu nehmen.<\/p>\n<p>Alkohol wird die Wirksamkeit von Tadacip 20 reduzieren.<\/p>\n<h4><strong>Tadacip bestellen 20 mg ist nicht f\u00fcr jeden geeignet.<\/strong><\/h4>\n<p>Patienten, die wegen der folgenden Zust\u00e4nde behandelt werden; oder eine fortlaufend behandelte Erkrankung haben, sollten vor der Einnahme von Tadacip 20 einen Arzt konsultieren:<\/p>\n<ul>\n<li>Herzbedingte und kardiovaskul\u00e4re Erkrankungen, einschlie\u00dflich Aortenstenose, idiopathische hypertrophe subaortale Stenose und allgemeine Obstruktion des ventrikul\u00e4ren Abflusses<\/li>\n<li>Schlaganfall innerhalb der letzten 6 Monate<\/li>\n<li>Myokardinfarkt (Herzinfarkt) innerhalb der letzten 90 Tage<\/li>\n<li>unkontrollierte Arrhythmien<\/li>\n<li>Herzversagen oder koronare Herzkrankheit, die eine instabile Angina verursachen<\/li>\n<li>blutdruckbedingte Erkrankungen wie Bluthochdruck und Hypotonie sowie Patienten mit stark eingeschr\u00e4nkter autonomer Blutdruckkontrolle<\/li>\n<li>Ruhehypotonie (niedriger Blutdruck) von (BP &lt;90\/50)<\/li>\n<li>Ruhebluthochdruck (Bluthochdruck) von (BP&gt; 170\/110)<\/li>\n<li>Retinitis pigmentosa (genetische Erkrankung der Netzhaut)<\/li>\n<li>Sichelzellen oder andere verwandte An\u00e4mien<\/li>\n<li>HIV (speziell bei Behandlung mit Proteasehemmern)<\/li>\n<li>Organspenderempf\u00e4nger<\/li>\n<\/ul>\n<p>Behandlungen der erektilen Dysfunktion, einschlie\u00dflich Tadacip 20, sollten nicht bei M\u00e4nnern angewendet werden, bei denen sexuelle Aktivit\u00e4t aufgrund ihres kardiovaskul\u00e4ren Status nicht zu empfehlend ist. Patienten, bei denen zu Beginn der sexuellen Aktivit\u00e4t Symptome auftreten, sollten keine weiteren sexuellen Aktivit\u00e4ten durchf\u00fchren und sofort einen Arzt aufzusuchen.<\/p>\n<p>Wie bei anderen PDE5-Inhibitoren hat Tadalafil milde systemische vasodilatatorische Eigenschaften, die zu einem vor\u00fcbergehenden Blutdruckabfall f\u00fchren k\u00f6nnen.<\/p>\n<p>Patienten mit stark beeintr\u00e4chtigter autonomer Blutdruckkontrolle k\u00f6nnen besonders empfindlich auf die Wirkung von Vasodilatatoren, einschlie\u00dflich PDE5-Inhibitoren, reagieren.<\/p>\n<p>Es gab seltene Berichte \u00fcber verl\u00e4ngerte Erektionen von mehr als 4 Stunden und Priapismus (schmerzhafte Erektionen f\u00fcr mehr als 6 Stunden) f\u00fcr diese Verbindungsklasse. Priapismus kann, wenn er nicht sofort behandelt wird, zu irreversiblen Sch\u00e4den am erektilen Gewebe f\u00fchren. Patienten mit einer Erektion von mehr als 4 Stunden, egal ob schmerzhaft oder nicht, sollten einen Notarzt aufsuchen.<\/p>\n<p>&nbsp;<\/p>","protected":false},"excerpt":{"rendered":"<p>Tadacip 20mg \u2013 Tadalafil ist ein Medikament f\u00fcr M\u00e4nner, die an Erektionsst\u00f6rungen leiden, und nach seiner Anwendung kann praktisch jeder Mann eine qualitativ hochwertige Erektion erreichen und somit einen besseren sexuellen Geschlechtsverkehr genie\u00dfen.<\/p>\n<table class=\"info\">\n<tbody>\n<tr>\n<td>Produktcode:<\/td>\n<td>286317888234<\/td>\n<\/tr>\n<tr>\n<td>Kategorie:<\/td>\n<td><a href=\"https:\/\/kamagrashop.online\/cialis-generika-tadalafil\/\">Cialis Generika (Tadalafil)<\/a><\/td>\n<\/tr>\n<tr>\n<td>Marke:<\/td>\n<td>Cipla Inc.<\/td>\n<\/tr>\n<tr>\n<td>Verf\u00fcgbarkeit:<\/td>\n<td>Auf Lager<\/td>\n<\/tr>\n<\/tbody>\n<\/table>","protected":false},"featured_media":2079,"comment_status":"open","ping_status":"closed","template":"","meta":{"_uag_custom_page_level_css":"","site-sidebar-layout":"default","site-content-layout":"","ast-site-content-layout":"default","site-content-style":"default","site-sidebar-style":"default","ast-global-header-display":"","ast-banner-title-visibility":"","ast-main-header-display":"","ast-hfb-above-header-display":"","ast-hfb-below-header-display":"","ast-hfb-mobile-header-display":"","site-post-title":"","ast-breadcrumbs-content":"","ast-featured-img":"","footer-sml-layout":"","ast-disable-related-posts":"","theme-transparent-header-meta":"default","adv-header-id-meta":"","stick-header-meta":"","header-above-stick-meta":"","header-main-stick-meta":"","header-below-stick-meta":"","astra-migrate-meta-layouts":"set","ast-page-background-enabled":"default","ast-page-background-meta":{"desktop":{"background-color":"","background-image":"","background-repeat":"repeat","background-position":"center center","background-size":"auto","background-attachment":"scroll","background-type":"","background-media":"","overlay-type":"","overlay-color":"","overlay-opacity":"","overlay-gradient":""},"tablet":{"background-color":"","background-image":"","background-repeat":"repeat","background-position":"center center","background-size":"auto","background-attachment":"scroll","background-type":"","background-media":"","overlay-type":"","overlay-color":"","overlay-opacity":"","overlay-gradient":""},"mobile":{"background-color":"","background-image":"","background-repeat":"repeat","background-position":"center center","background-size":"auto","background-attachment":"scroll","background-type":"","background-media":"","overlay-type":"","overlay-color":"","overlay-opacity":"","overlay-gradient":""}},"ast-content-background-meta":{"desktop":{"background-color":"var(--ast-global-color-5)","background-image":"","background-repeat":"repeat","background-position":"center center","background-size":"auto","background-attachment":"scroll","background-type":"","background-media":"","overlay-type":"","overlay-color":"","overlay-opacity":"","overlay-gradient":""},"tablet":{"background-color":"var(--ast-global-color-5)","background-image":"","background-repeat":"repeat","background-position":"center center","background-size":"auto","background-attachment":"scroll","background-type":"","background-media":"","overlay-type":"","overlay-color":"","overlay-opacity":"","overlay-gradient":""},"mobile":{"background-color":"var(--ast-global-color-5)","background-image":"","background-repeat":"repeat","background-position":"center center","background-size":"auto","background-attachment":"scroll","background-type":"","background-media":"","overlay-type":"","overlay-color":"","overlay-opacity":"","overlay-gradient":""}},"episode_type":"","audio_file":"","cover_image":"","cover_image_id":"","duration":"","filesize":"","filesize_raw":"","date_recorded":"","explicit":"","block":"","itunes_episode_number":"","itunes_title":"","itunes_season_number":"","itunes_episode_type":""},"product_brand":[],"product_cat":[28],"product_tag":[],"class_list":{"0":"post-2075","1":"product","2":"type-product","3":"status-publish","4":"has-post-thumbnail","6":"product_cat-cialis-generika-tadalafil","7":"desktop-align-left","8":"tablet-align-left","9":"mobile-align-left","11":"first","12":"instock","13":"shipping-taxable","14":"purchasable","15":"product-type-variable"},"yoast_head":"<!-- This site is optimized with the Yoast SEO plugin v27.0 - https:\/\/yoast.com\/product\/yoast-seo-wordpress\/ -->\n<title>Tadacip 20 mg -<\/title>\n<meta name=\"robots\" content=\"index, follow, max-snippet:-1, max-image-preview:large, max-video-preview:-1\" \/>\n<link rel=\"canonical\" href=\"https:\/\/cialisonlineshop.de\/fr\/product\/tadacip-20-mg\/\" \/>\n<meta property=\"og:locale\" content=\"fr_FR\" \/>\n<meta property=\"og:type\" content=\"article\" \/>\n<meta property=\"og:title\" content=\"Tadacip 20 mg -\" \/>\n<meta property=\"og:description\" content=\"Tadacip 20mg \u2013 Tadalafil ist ein Medikament f\u00fcr M\u00e4nner, die an Erektionsst\u00f6rungen leiden, und nach seiner Anwendung kann praktisch jeder Mann eine qualitativ hochwertige Erektion erreichen und somit einen besseren sexuellen Geschlechtsverkehr genie\u00dfen.    Produktcode: 286317888234   Kategorie: Cialis Generika (Tadalafil)   Marke: Cipla Inc.   Verf\u00fcgbarkeit: Auf Lager\" \/>\n<meta property=\"og:url\" content=\"https:\/\/cialisonlineshop.de\/fr\/product\/tadacip-20-mg\/\" \/>\n<meta property=\"article:modified_time\" content=\"2026-02-24T11:18:17+00:00\" \/>\n<meta property=\"og:image\" content=\"https:\/\/cialisonlineshop.de\/wp-content\/uploads\/2026\/01\/Tadacip-20-mg.jpeg\" \/>\n\t<meta property=\"og:image:width\" content=\"432\" \/>\n\t<meta property=\"og:image:height\" content=\"357\" \/>\n\t<meta property=\"og:image:type\" content=\"image\/jpeg\" \/>\n<meta name=\"twitter:card\" content=\"summary_large_image\" \/>\n<meta name=\"twitter:label1\" content=\"Dur\u00e9e de lecture estim\u00e9e\" \/>\n\t<meta name=\"twitter:data1\" content=\"5 minutes\" \/>\n<script type=\"application\/ld+json\" class=\"yoast-schema-graph\">{\"@context\":\"https:\/\/schema.org\",\"@graph\":[{\"@type\":\"WebPage\",\"@id\":\"https:\/\/cialisonlineshop.de\/product\/tadacip-20-mg\/\",\"url\":\"https:\/\/cialisonlineshop.de\/product\/tadacip-20-mg\/\",\"name\":\"Tadacip 20 mg -\",\"isPartOf\":{\"@id\":\"https:\/\/cialisonlineshop.de\/#website\"},\"primaryImageOfPage\":{\"@id\":\"https:\/\/cialisonlineshop.de\/product\/tadacip-20-mg\/#primaryimage\"},\"image\":{\"@id\":\"https:\/\/cialisonlineshop.de\/product\/tadacip-20-mg\/#primaryimage\"},\"thumbnailUrl\":\"https:\/\/cialisonlineshop.de\/wp-content\/uploads\/2026\/01\/Tadacip-20-mg.jpeg\",\"datePublished\":\"2026-01-14T10:16:07+00:00\",\"dateModified\":\"2026-02-24T11:18:17+00:00\",\"breadcrumb\":{\"@id\":\"https:\/\/cialisonlineshop.de\/product\/tadacip-20-mg\/#breadcrumb\"},\"inLanguage\":\"fr-FR\",\"potentialAction\":[{\"@type\":\"ReadAction\",\"target\":[\"https:\/\/cialisonlineshop.de\/product\/tadacip-20-mg\/\"]}]},{\"@type\":\"ImageObject\",\"inLanguage\":\"fr-FR\",\"@id\":\"https:\/\/cialisonlineshop.de\/product\/tadacip-20-mg\/#primaryimage\",\"url\":\"https:\/\/cialisonlineshop.de\/wp-content\/uploads\/2026\/01\/Tadacip-20-mg.jpeg\",\"contentUrl\":\"https:\/\/cialisonlineshop.de\/wp-content\/uploads\/2026\/01\/Tadacip-20-mg.jpeg\",\"width\":432,\"height\":357,\"caption\":\"import placeholder for 5714\"},{\"@type\":\"BreadcrumbList\",\"@id\":\"https:\/\/cialisonlineshop.de\/product\/tadacip-20-mg\/#breadcrumb\",\"itemListElement\":[{\"@type\":\"ListItem\",\"position\":1,\"name\":\"Home\",\"item\":\"https:\/\/cialisonlineshop.de\/\"},{\"@type\":\"ListItem\",\"position\":2,\"name\":\"Shop\",\"item\":\"https:\/\/cialisonlineshop.de\/shop\/\"},{\"@type\":\"ListItem\",\"position\":3,\"name\":\"Tadacip 20 mg\"}]},{\"@type\":\"WebSite\",\"@id\":\"https:\/\/cialisonlineshop.de\/#website\",\"url\":\"https:\/\/cialisonlineshop.de\/\",\"name\":\"Cialisonlineshop\",\"description\":\"\",\"publisher\":{\"@id\":\"https:\/\/cialisonlineshop.de\/#organization\"},\"potentialAction\":[{\"@type\":\"SearchAction\",\"target\":{\"@type\":\"EntryPoint\",\"urlTemplate\":\"https:\/\/cialisonlineshop.de\/?s={search_term_string}\"},\"query-input\":{\"@type\":\"PropertyValueSpecification\",\"valueRequired\":true,\"valueName\":\"search_term_string\"}}],\"inLanguage\":\"fr-FR\"},{\"@type\":\"Organization\",\"@id\":\"https:\/\/cialisonlineshop.de\/#organization\",\"name\":\"Cialisonlineshop\",\"url\":\"https:\/\/cialisonlineshop.de\/\",\"logo\":{\"@type\":\"ImageObject\",\"inLanguage\":\"fr-FR\",\"@id\":\"https:\/\/cialisonlineshop.de\/#\/schema\/logo\/image\/\",\"url\":\"https:\/\/cialisonlineshop.de\/wp-content\/uploads\/2026\/01\/Logo_maker_project__6_-removebg-preview-1.png\",\"contentUrl\":\"https:\/\/cialisonlineshop.de\/wp-content\/uploads\/2026\/01\/Logo_maker_project__6_-removebg-preview-1.png\",\"width\":432,\"height\":88,\"caption\":\"Cialisonlineshop\"},\"image\":{\"@id\":\"https:\/\/cialisonlineshop.de\/#\/schema\/logo\/image\/\"}}]}<\/script>\n<!-- \/ Yoast SEO plugin. -->","yoast_head_json":{"title":"Tadacip 20 mg -","robots":{"index":"index","follow":"follow","max-snippet":"max-snippet:-1","max-image-preview":"max-image-preview:large","max-video-preview":"max-video-preview:-1"},"canonical":"https:\/\/cialisonlineshop.de\/fr\/product\/tadacip-20-mg\/","og_locale":"fr_FR","og_type":"article","og_title":"Tadacip 20 mg -","og_description":"Tadacip 20mg \u2013 Tadalafil ist ein Medikament f\u00fcr M\u00e4nner, die an Erektionsst\u00f6rungen leiden, und nach seiner Anwendung kann praktisch jeder Mann eine qualitativ hochwertige Erektion erreichen und somit einen besseren sexuellen Geschlechtsverkehr genie\u00dfen.    Produktcode: 286317888234   Kategorie: Cialis Generika (Tadalafil)   Marke: Cipla Inc.   Verf\u00fcgbarkeit: Auf Lager","og_url":"https:\/\/cialisonlineshop.de\/fr\/product\/tadacip-20-mg\/","article_modified_time":"2026-02-24T11:18:17+00:00","og_image":[{"width":432,"height":357,"url":"https:\/\/cialisonlineshop.de\/wp-content\/uploads\/2026\/01\/Tadacip-20-mg.jpeg","type":"image\/jpeg"}],"twitter_card":"summary_large_image","twitter_misc":{"Dur\u00e9e de lecture estim\u00e9e":"5 minutes"},"schema":{"@context":"https:\/\/schema.org","@graph":[{"@type":"WebPage","@id":"https:\/\/cialisonlineshop.de\/product\/tadacip-20-mg\/","url":"https:\/\/cialisonlineshop.de\/product\/tadacip-20-mg\/","name":"Tadacip 20 mg -","isPartOf":{"@id":"https:\/\/cialisonlineshop.de\/#website"},"primaryImageOfPage":{"@id":"https:\/\/cialisonlineshop.de\/product\/tadacip-20-mg\/#primaryimage"},"image":{"@id":"https:\/\/cialisonlineshop.de\/product\/tadacip-20-mg\/#primaryimage"},"thumbnailUrl":"https:\/\/cialisonlineshop.de\/wp-content\/uploads\/2026\/01\/Tadacip-20-mg.jpeg","datePublished":"2026-01-14T10:16:07+00:00","dateModified":"2026-02-24T11:18:17+00:00","breadcrumb":{"@id":"https:\/\/cialisonlineshop.de\/product\/tadacip-20-mg\/#breadcrumb"},"inLanguage":"fr-FR","potentialAction":[{"@type":"ReadAction","target":["https:\/\/cialisonlineshop.de\/product\/tadacip-20-mg\/"]}]},{"@type":"ImageObject","inLanguage":"fr-FR","@id":"https:\/\/cialisonlineshop.de\/product\/tadacip-20-mg\/#primaryimage","url":"https:\/\/cialisonlineshop.de\/wp-content\/uploads\/2026\/01\/Tadacip-20-mg.jpeg","contentUrl":"https:\/\/cialisonlineshop.de\/wp-content\/uploads\/2026\/01\/Tadacip-20-mg.jpeg","width":432,"height":357,"caption":"import placeholder for 5714"},{"@type":"BreadcrumbList","@id":"https:\/\/cialisonlineshop.de\/product\/tadacip-20-mg\/#breadcrumb","itemListElement":[{"@type":"ListItem","position":1,"name":"Home","item":"https:\/\/cialisonlineshop.de\/"},{"@type":"ListItem","position":2,"name":"Shop","item":"https:\/\/cialisonlineshop.de\/shop\/"},{"@type":"ListItem","position":3,"name":"Tadacip 20 mg"}]},{"@type":"WebSite","@id":"https:\/\/cialisonlineshop.de\/#website","url":"https:\/\/cialisonlineshop.de\/","name":"Cialisonlineshop","description":"","publisher":{"@id":"https:\/\/cialisonlineshop.de\/#organization"},"potentialAction":[{"@type":"SearchAction","target":{"@type":"EntryPoint","urlTemplate":"https:\/\/cialisonlineshop.de\/?s={search_term_string}"},"query-input":{"@type":"PropertyValueSpecification","valueRequired":true,"valueName":"search_term_string"}}],"inLanguage":"fr-FR"},{"@type":"Organization","@id":"https:\/\/cialisonlineshop.de\/#organization","name":"Cialisonlineshop","url":"https:\/\/cialisonlineshop.de\/","logo":{"@type":"ImageObject","inLanguage":"fr-FR","@id":"https:\/\/cialisonlineshop.de\/#\/schema\/logo\/image\/","url":"https:\/\/cialisonlineshop.de\/wp-content\/uploads\/2026\/01\/Logo_maker_project__6_-removebg-preview-1.png","contentUrl":"https:\/\/cialisonlineshop.de\/wp-content\/uploads\/2026\/01\/Logo_maker_project__6_-removebg-preview-1.png","width":432,"height":88,"caption":"Cialisonlineshop"},"image":{"@id":"https:\/\/cialisonlineshop.de\/#\/schema\/logo\/image\/"}}]}},"uagb_featured_image_src":{"full":["https:\/\/cialisonlineshop.de\/wp-content\/uploads\/2026\/01\/Tadacip-20-mg.jpeg",432,357,false],"thumbnail":["https:\/\/cialisonlineshop.de\/wp-content\/uploads\/2026\/01\/Tadacip-20-mg-150x150.jpeg",150,150,true],"medium":["https:\/\/cialisonlineshop.de\/wp-content\/uploads\/2026\/01\/Tadacip-20-mg-300x248.jpeg",300,248,true],"medium_large":["https:\/\/cialisonlineshop.de\/wp-content\/uploads\/2026\/01\/Tadacip-20-mg.jpeg",432,357,false],"large":["https:\/\/cialisonlineshop.de\/wp-content\/uploads\/2026\/01\/Tadacip-20-mg.jpeg",432,357,false],"1536x1536":["https:\/\/cialisonlineshop.de\/wp-content\/uploads\/2026\/01\/Tadacip-20-mg.jpeg",432,357,false],"2048x2048":["https:\/\/cialisonlineshop.de\/wp-content\/uploads\/2026\/01\/Tadacip-20-mg.jpeg",432,357,false],"trp-custom-language-flag":["https:\/\/cialisonlineshop.de\/wp-content\/uploads\/2026\/01\/Tadacip-20-mg.jpeg",15,12,false],"woocommerce_thumbnail":["https:\/\/cialisonlineshop.de\/wp-content\/uploads\/2026\/01\/Tadacip-20-mg-300x300.jpeg",300,300,true],"woocommerce_single":["https:\/\/cialisonlineshop.de\/wp-content\/uploads\/2026\/01\/Tadacip-20-mg.jpeg",432,357,false],"woocommerce_gallery_thumbnail":["https:\/\/cialisonlineshop.de\/wp-content\/uploads\/2026\/01\/Tadacip-20-mg-100x100.jpeg",100,100,true]},"uagb_author_info":{"display_name":"Stefan T\u00f6njes","author_link":"https:\/\/cialisonlineshop.de\/fr\/author\/"},"uagb_comment_info":0,"uagb_excerpt":"Tadacip 20mg \u2013 Tadalafil ist ein Medikament f\u00fcr M\u00e4nner, die an Erektionsst\u00f6rungen leiden, und nach seiner Anwendung kann praktisch jeder Mann eine qualitativ hochwertige Erektion erreichen und somit einen besseren sexuellen Geschlechtsverkehr genie\u00dfen. Produktcode: 286317888234 Kategorie: Cialis Generika (Tadalafil) Marke: Cipla Inc. Verf\u00fcgbarkeit: Auf Lager","jetpack_sharing_enabled":true,"_links":{"self":[{"href":"https:\/\/cialisonlineshop.de\/fr\/wp-json\/wp\/v2\/product\/2075","targetHints":{"allow":["GET"]}}],"collection":[{"href":"https:\/\/cialisonlineshop.de\/fr\/wp-json\/wp\/v2\/product"}],"about":[{"href":"https:\/\/cialisonlineshop.de\/fr\/wp-json\/wp\/v2\/types\/product"}],"replies":[{"embeddable":true,"href":"https:\/\/cialisonlineshop.de\/fr\/wp-json\/wp\/v2\/comments?post=2075"}],"wp:featuredmedia":[{"embeddable":true,"href":"https:\/\/cialisonlineshop.de\/fr\/wp-json\/wp\/v2\/media\/2079"}],"wp:attachment":[{"href":"https:\/\/cialisonlineshop.de\/fr\/wp-json\/wp\/v2\/media?parent=2075"}],"wp:term":[{"taxonomy":"product_brand","embeddable":true,"href":"https:\/\/cialisonlineshop.de\/fr\/wp-json\/wp\/v2\/product_brand?post=2075"},{"taxonomy":"product_cat","embeddable":true,"href":"https:\/\/cialisonlineshop.de\/fr\/wp-json\/wp\/v2\/product_cat?post=2075"},{"taxonomy":"product_tag","embeddable":true,"href":"https:\/\/cialisonlineshop.de\/fr\/wp-json\/wp\/v2\/product_tag?post=2075"}],"curies":[{"name":"wp","href":"https:\/\/api.w.org\/{rel}","templated":true}]}}