{"id":2069,"date":"2026-01-14T10:16:07","date_gmt":"2026-01-14T10:16:07","guid":{"rendered":"https:\/\/cialisonlineshop.de\/?post_type=product&#038;p=2069"},"modified":"2026-01-14T10:16:09","modified_gmt":"2026-01-14T10:16:09","slug":"kamagra-original-100-mg","status":"publish","type":"product","link":"https:\/\/cialisonlineshop.de\/fr\/product\/kamagra-original-100-mg\/","title":{"rendered":"Kamagra Original 100 mg"},"content":{"rendered":"<h1>Kamagra original 100 mg, das beste Medikament gegen erektile Dysfunktion. Jetzt einkaufen!<\/h1>\n<p><a href=\"https:\/\/kamagrashop.online\/produkt\/kamagra-original-100-mg\/\">Kamagra Original 100 mg<\/a> z\u00e4hlt zu den weitverbreiteten Generika (vollwertiger Ersatz) von Viagra. Dank des Wirkstoffs Sildenafil lassen sich Erektionsprobleme effektiv bew\u00e4ltigen.<\/p>\n<h2>Grundinformationen zu Kamagra Original 100 mg<\/h2>\n<p>Kamagra Original 100 mg z\u00e4hlt zu den bekanntesten Generika (vollwertigen Ersatz) von Viagra. Dank des Wirkstoffs Sildenafil lassen sich Erektionsprobleme sehr effektiv behandeln. Die Tabletten werden unter Verwendung modernster Technologien in den Laboren des indischen Pharmaherstellers\u00a0<a href=\"https:\/\/kamagrashop.online\/ajanta-pharma-ltd\/\">Ajanta Pharma limited<\/a>\u00a0hergestellt.<\/p>\n<p><strong>Der Vorteil von Kamagra Original liegt in seiner hohen Qualit\u00e4t zu einem deutlich g\u00fcnstigeren Preis im Vergleich zum Originalmedikament<\/strong>. Der Preisvorteil wird umso gr\u00f6\u00dfer, wenn Sie mehrere Packungen kaufen.<\/p>\n<h3>Wirkstoff<\/h3>\n<p>Der Wirkstoff Sildenafil Citrat (weitere Informationen finden Sie im Artikel\u00a0<a href=\"https:\/\/kamagrashop.online\/viagra-generika-sildenafil\/\">Sildenafil<\/a>) f\u00f6rdert die Durchblutung des Penis positiv und erm\u00f6glicht eine starke, zuverl\u00e4ssige und langanhaltende Erektion. Der Geschlechtsverkehr wird zufriedenstellend und erfolgreich.<\/p>\n<h4>Dosierung und Anwendung<\/h4>\n<p>Die \u00fcbliche Einzeldosis betr\u00e4gt zu Beginn 50 mg. Je nach Bedarf und Vertr\u00e4glichkeit kann die Einzeldosis auf 25 mg verringert oder auf maximal 100 mg\u00a0<strong>einmal t\u00e4glich<\/strong>\u00a0erh\u00f6ht werden.\u00a0<strong>\u00dcberschreiten Sie nicht die maximale Tagesdosis von 100 mg.<\/strong><\/p>\n<p>Es wird empfohlen, Kamagra Gold 100 mg 30\u201360 Minuten vor dem Geschlechtsverkehr einzunehmen. Die Wirkung tritt zwischen 4 und 6 Stunden ein. Die Wirkung setzt jedoch nur\u00a0<strong>bei sexueller Stimulation<\/strong>\u00a0ein, da Kamagra\u00a0<strong>kein Aphrodisiakum<\/strong>\u00a0ist.<\/p>\n<p>Das Pr\u00e4parat kann vor oder nach den Mahlzeiten eingenommen werden. Alkohol, fettreiche Speisen, Grapefruit und Grapefruitsaft k\u00f6nnen jedoch die Wirkung von Kamagra Original negativ beeinflussen.<\/p>\n<h5>Kontraindikationen<\/h5>\n<p>Kamagra Original darf nicht eingenommen werden, wenn:<\/p>\n<ul>\n<li><strong>Sie allergisch auf Sildenafil<\/strong>\u00a0oder andere Wirkstoffe sind.<\/li>\n<li>Sie in letzter Zeit einen\u00a0<strong>Herzinfarkt oder Schlaganfall<\/strong>\u00a0hatten oder an anderen Herzerkrankungen wie\u00a0<strong>niedrigem Blutdruck oder hohem Blutdruck<\/strong>\u00a0leiden.<\/li>\n<li>Sie Nitrate einnehmen (z. B. Nitroglycerin, Isosorbid-Dinitrat) oder Medikamente, die Stickstoffmonoxid freisetzen (z. B. Isoamyl-Nitrat).<\/li>\n<li>Sie Medikamente gegen Angina Pectoris einnehmen (z. B. Nitrate oder Stickstoffmonoxid).<\/li>\n<li><strong>Sie an schweren Herzkrankheiten oder Lebererkrankungen leiden.<\/strong><\/li>\n<li>Sie an einer seltenen Netzhauterkrankung (z. B. Retinitis Pigmentosa) leiden oder Ihr Sehverm\u00f6gen durch NAION beeintr\u00e4chtigt ist.<\/li>\n<li><strong>Sie Riociguat einnehmen<\/strong>\u00a0(zur Behandlung von pulmonaler arterieller Hypertonie und chronischer Lungenhochdruck).<\/li>\n<li><strong>Sie bereits ein anderes Potenzmittel einnehmen.<\/strong><\/li>\n<\/ul>\n<h6>Warnung<\/h6>\n<p><strong>Informieren Sie Ihren Arzt<\/strong>, bevor Sie Sildenafil einnehmen,\u00a0<strong>wenn Sie an<\/strong>:<\/p>\n<ul>\n<li>Herzproblemen.<\/li>\n<li>Peyronie-Krankheit oder anderen Penisverformungen.<\/li>\n<li>Magengeschw\u00fcren oder Bluterkrankheit (z. B. H\u00e4mophilie) leiden.<\/li>\n<li>Laktoseintoleranz (z. B. Laktose) leiden.<\/li>\n<li>Sichelzellenan\u00e4mie, Leuk\u00e4mie oder multiplem Myelom leiden.<\/li>\n<li>HIV (insbesondere bei Behandlung mit Proteaseinhibitoren).<\/li>\n<\/ul>\n<p>Die Einnahme von Kamagra Original zusammen mit anderen Medikamenten sollte von Ihrem Arzt genehmigt werden, insbesondere wenn diese Medikamente Erythromycin, Cimetidin oder Ketoconazol oder Proteaseinhibitoren (Ritonavir, Saquinavir) enthalten.<\/p>\n<h2>M\u00f6gliche Nebenwirkungen<\/h2>\n<p>Wie bei anderen Arzneimitteln k\u00f6nnen auch bei Kamagra Original mit Sildenafil Nebenwirkungen auftreten. Meist handelt es sich um\u00a0<strong>leichte Beschwerden, die nicht lange anhalten<\/strong>. Dazu geh\u00f6ren in erster Linie Kopfschmerzen, Gesichtsr\u00f6tung, Unwohlsein, Magenprobleme, Hitzewallungen, Sehst\u00f6rungen (verschwommenes oder blaues Sehen), Schnupfen oder Schwindel.<\/p>\n<h3>Wichtiger Hinweis<\/h3>\n<p>Wenn es nach der Einnahme des Arzneimittels zu einer starken Verschlechterung des Sehverm\u00f6gens oder des Geh\u00f6rs, Blut im Urin oder einer\u00a0<strong>Erektion von mehr als 4 Stunden<\/strong>\u00a0kommt, insbesondere ohne sexuelle Erregung und schmerzhaft, sollten Sie\u00a0<strong>sofort \u00e4rztliche Hilfe in Anspruch nehmen<\/strong>.<\/p>\n<p>Suchen Sie sofort \u00e4rztliche Hilfe bei\u00a0<strong>ungew\u00f6hnlichen Reaktionen<\/strong>\u00a0oder wenn sich Ihr Zustand nach der Einnahme des Arzneimittels erheblich verschlechtert und die Nebenwirkungen anhalten.<\/p>\n<h2>Lagerung<\/h2>\n<p>Bewahren Sie das Arzneimittel bei Temperaturen bis zu 30\u00b0C auf. Lagern Sie es in der Originalverpackung und sch\u00fctzen Sie es vor Feuchtigkeit. Halten Sie es au\u00dferhalb der Reichweite von Kindern.<\/p>\n<h2>Interesse<\/h2>\n<p>Kamagra Original 100 mg ist nicht das einzige Mittel zur Behandlung von Erektionsst\u00f6rungen unter der Marke Kamagra. Neben den Tabletten\u00a0<a href=\"https:\/\/kamagrashop.online\/produkt\/kamagra-gold-100-mg\/\">Kamagra Gold 100 mg<\/a>\u00a0stehen auch Mittel in Form von Brausetabletten\u00a0<a href=\"https:\/\/kamagrashop.online\/produkt\/kamagra-brausetabletten-100-mg\/\">Kamagra Brausetabletten<\/a>\u00a0und als Gel\u00a0Kamagra Oral Jelly\u00a0zur Verf\u00fcgung.<\/p>\n<p>Dieses Produkt wird ohne Umverpackung und Beipackzettel geliefert.<\/p>\n<p><strong>Wichtiger Hinweis:<\/strong>\u00a0Wie Sie auf dem Produktbild sehen k\u00f6nnen, haben alle Originalblister ein Hologramm auf der R\u00fcckseite der Verpackung. Sie k\u00f6nnen sich darauf verlassen, dass wir nur authentische Ware von Ajanta Pharma liefern. Wir garantieren Ihnen, dass Sie das Originalprodukt \u2013 die Kamagra Gold Blister und Tabletten \u2013 erhalten.<\/p>\n<p><strong>Kamagra Gold 100 Potenzpillen f\u00fcr M\u00e4nner sind wirksame Tabletten zur Behandlung von nachlassender sexueller Leistungsf\u00e4higkeit.<\/strong>\u00a0Ajanta Pharma produziert Kamagra Gold unter klinischen Bedingungen, um einen hohen Standard in seiner Sicherheit zu gew\u00e4hrleisten. Die effektive Behandlungszeit betr\u00e4gt 4\u20136 Stunden, viele berichten jedoch von l\u00e4ngeren Zeiten. Patienten, die Kamagra Gold verwenden, berichten regelm\u00e4\u00dfig von erfolgreichem Geschlechtsverkehr und setzen die Behandlung im Allgemeinen fort.<\/p>\n<p>Der Wirkstoff von Kamagra Gold ist Sildenafil-Zitrat. Er geh\u00f6rt zu der Klasse von Arzneimitteln, die als PDE-5-Hemmer bekannt sind und die den Blutfluss zum Penis nach sexueller Stimulation erh\u00f6hen. Sildenafil bewirkt dies, indem es das Enzym blockiert, das f\u00fcr den Abbau von cGMP verantwortlich ist. cGMP ist ein Stoff, der die Blutgef\u00e4\u00dfe und die glatten Muskelzellen entspannt und erweitert. Diese Wirkung erm\u00f6glicht es M\u00e4nnern, eine Erektion zu erhalten, die hart genug f\u00fcr den Sex ist.<\/p>\n<p>Um mehr \u00fcber die innere Funktionsweise des Medikaments zu erfahren, lesen Sie den Inhalt des Tabs\u00a0Wirkweise.<\/p>\n<h2>Vorteile<\/h2>\n<p>Kamagra Gold ist eines der besten Viagra-Generika auf dem Markt, das erektile Dysfunktion heilt. Das Medikament ist geeignet, um die ersten Anzeichen von Problemen im Bett zu bek\u00e4mpfen und kann Prostata-Adenome und Prostatitis stoppen.<\/p>\n<p>Die Vorteile von Kamagra Gold sind:<\/p>\n<ul>\n<li>weitaus g\u00fcnstigerer Preis im Vergleich zum Original-Viagra,<\/li>\n<li>kann rezeptfrei online gekauft werden,<\/li>\n<li>erh\u00f6ht die Blutzufuhr zum Penis w\u00e4hrend der sexuellen Stimulation,<\/li>\n<li>erm\u00f6glicht es M\u00e4nnern, eine harte Erektion beim Sex zu behalten,<\/li>\n<li>senkt den mit der pulmonalen arteriellen Hypertonie (PAH) verbundenen hohen Blutdruck,<\/li>\n<li>schnelles Einsetzen der Wirkung (innerhalb von 45 Minuten),<\/li>\n<li>Verl\u00e4ngert die Dauer des Geschlechtsverkehrs,<\/li>\n<li>gesteigerte Ausdauer und Leistungsf\u00e4higkeit,<\/li>\n<li>die wirksamsten Ergebnisse bei der Behandlung von ED,<\/li>\n<li>macht Ihren Partner gl\u00fccklich und zufrieden.<\/li>\n<\/ul>\n<p>W\u00e4hlen Sie Ihr Lieblingspaket und kaufen Sie billige Kamagra Gold Pillen g\u00fcnstig online f\u00fcr den besten Preis in Deutschland mit einem Rabatt ohne Rezept.<\/p>\n<h2>Nebenwirkungen<\/h2>\n<p>Abgesehen von den erw\u00fcnschten Wirkungen k\u00f6nnen Pillen zur Behandlung der erektilen Dysfunktion, die Sildenafil enthalten, einige unerw\u00fcnschte Wirkungen haben. Obwohl nicht alle diese Nebenwirkungen auftreten k\u00f6nnen, m\u00fcssen sie \u00e4rztlich behandelt werden, wenn das passiert. Kamagra Gold kann die Wirkungsweise anderer Arzneimittel beeinflussen, und andere Arzneimittel k\u00f6nnen die Wirkungsweise von Kamagra Gold beeintr\u00e4chtigen und dadurch Nebenwirkungen verursachen. Kamagra Gold sch\u00fctzt Sie oder Ihren Partner nicht vor sexuell \u00fcbertragbaren Krankheiten, einschlie\u00dflich HIV \u2013 dem Virus, das AIDS verursacht.<\/p>\n<p>H\u00e4ufig berichtete Nebenwirkungen von Kamagra Gold 100 sind:<\/p>\n<ul>\n<li>Dyspepsie,<\/li>\n<li>Kopfschmerzen,<\/li>\n<li>Hitzewallungen,<\/li>\n<li>Schwindelgef\u00fchl und<\/li>\n<li>Ausschlag.<\/li>\n<\/ul>\n<p>Obwohl schwerwiegende Nebenwirkungen selten sind, sollten Sie bei Auftreten von schweren Nebenwirkungen die Einnahme von Kamagra Gold 100mg beenden und sofort einen Notarzt aufsuchen.<\/p>\n<p>Eine ausf\u00fchrliche Liste der unerw\u00fcnschten Wirkungen finden Sie unter dem Tab\u00a0Nebenwirkungen.<\/p>\n<h2>Wie man das Medikament einnimmt<\/h2>\n<p>Nehmen Sie die Medizin immer mit einem gro\u00dfen Glas Wasser ein. Es wirkt innerhalb von 30 bis 60 Minuten, kann aber bis zu vier Stunden vor sexuellen Aktivit\u00e4ten eingenommen werden.<\/p>\n<p>Um das Beste aus Ihrer Behandlung herauszuholen, lesen Sie bitte die folgenden Informationen sorgf\u00e4ltig durch:<\/p>\n<ul>\n<li>Die sicherste angegebene Dosis von Kamagra Gold innerhalb von 24 Stunden betr\u00e4gt 100 mg (1 Pille).<\/li>\n<li>Die Wirkung kann nach 30\u201360 Minuten sp\u00fcrbar sein.<\/li>\n<li>Eine ausreichende Behandlungszeit betr\u00e4gt 4\u20136 Stunden.<\/li>\n<\/ul>","protected":false},"excerpt":{"rendered":"<p>Kamagra Original 100 mg geh\u00f6rt zu den bekanntesten Generika (vollwertiger Ersatz) von Viagra. Mit Hilfe von Wirkstoff Sildenafil k\u00f6nnen Erektionsst\u00f6rungen sehr gut in den Griff bekommen werden.<\/p>\n<table class=\"info\">\n<tbody>\n<tr>\n<td>Produktcode:<\/td>\n<td>87971766105<\/td>\n<\/tr>\n<tr>\n<td>Kategorie:<\/td>\n<td><a href=\"https:\/\/kamagrashop.online\/viagra-generika-sildenafil\/\">Viagra Generika (Sildenafil)<\/a><\/td>\n<\/tr>\n<tr>\n<td>Marke:<\/td>\n<td><a href=\"https:\/\/kamagrashop.online\/ajanta-pharma-ltd\/\">Ajanta Pharma Ltd.<\/a><\/td>\n<\/tr>\n<tr>\n<td>Verf\u00fcgbarkeit:<\/td>\n<td>Auf Lager<\/td>\n<\/tr>\n<\/tbody>\n<\/table>","protected":false},"featured_media":2078,"comment_status":"open","ping_status":"closed","template":"","meta":{"_uag_custom_page_level_css":"","site-sidebar-layout":"","site-content-layout":"","ast-site-content-layout":"","site-content-style":"","site-sidebar-style":"","ast-global-header-display":"","ast-banner-title-visibility":"","ast-main-header-display":"","ast-hfb-above-header-display":"","ast-hfb-below-header-display":"","ast-hfb-mobile-header-display":"","site-post-title":"","ast-breadcrumbs-content":"","ast-featured-img":"","footer-sml-layout":"","ast-disable-related-posts":"","theme-transparent-header-meta":"","adv-header-id-meta":"","stick-header-meta":"","header-above-stick-meta":"","header-main-stick-meta":"","header-below-stick-meta":"","astra-migrate-meta-layouts":"","ast-page-background-enabled":"default","ast-page-background-meta":{"desktop":{"background-color":"","background-image":"","background-repeat":"repeat","background-position":"center center","background-size":"auto","background-attachment":"scroll","background-type":"","background-media":"","overlay-type":"","overlay-color":"","overlay-opacity":"","overlay-gradient":""},"tablet":{"background-color":"","background-image":"","background-repeat":"repeat","background-position":"center center","background-size":"auto","background-attachment":"scroll","background-type":"","background-media":"","overlay-type":"","overlay-color":"","overlay-opacity":"","overlay-gradient":""},"mobile":{"background-color":"","background-image":"","background-repeat":"repeat","background-position":"center center","background-size":"auto","background-attachment":"scroll","background-type":"","background-media":"","overlay-type":"","overlay-color":"","overlay-opacity":"","overlay-gradient":""}},"ast-content-background-meta":{"desktop":{"background-color":"var(--ast-global-color-5)","background-image":"","background-repeat":"repeat","background-position":"center center","background-size":"auto","background-attachment":"scroll","background-type":"","background-media":"","overlay-type":"","overlay-color":"","overlay-opacity":"","overlay-gradient":""},"tablet":{"background-color":"var(--ast-global-color-5)","background-image":"","background-repeat":"repeat","background-position":"center center","background-size":"auto","background-attachment":"scroll","background-type":"","background-media":"","overlay-type":"","overlay-color":"","overlay-opacity":"","overlay-gradient":""},"mobile":{"background-color":"var(--ast-global-color-5)","background-image":"","background-repeat":"repeat","background-position":"center center","background-size":"auto","background-attachment":"scroll","background-type":"","background-media":"","overlay-type":"","overlay-color":"","overlay-opacity":"","overlay-gradient":""}},"episode_type":"","audio_file":"","cover_image":"","cover_image_id":"","duration":"","filesize":"","filesize_raw":"","date_recorded":"","explicit":"","block":"","itunes_episode_number":"","itunes_title":"","itunes_season_number":"","itunes_episode_type":""},"product_brand":[],"product_cat":[24],"product_tag":[],"class_list":{"0":"post-2069","1":"product","2":"type-product","3":"status-publish","4":"has-post-thumbnail","6":"product_cat-viagra-generika-sildenafil","7":"desktop-align-left","8":"tablet-align-left","9":"mobile-align-left","11":"first","12":"instock","13":"shipping-taxable","14":"purchasable","15":"product-type-variable"},"yoast_head":"<!-- This site is optimized with the Yoast SEO plugin v27.0 - https:\/\/yoast.com\/product\/yoast-seo-wordpress\/ -->\n<title>Kamagra Original 100 mg -<\/title>\n<meta name=\"robots\" content=\"index, follow, max-snippet:-1, max-image-preview:large, max-video-preview:-1\" \/>\n<link rel=\"canonical\" href=\"https:\/\/cialisonlineshop.de\/fr\/product\/kamagra-original-100-mg\/\" \/>\n<meta property=\"og:locale\" content=\"fr_FR\" \/>\n<meta property=\"og:type\" content=\"article\" \/>\n<meta property=\"og:title\" content=\"Kamagra Original 100 mg -\" \/>\n<meta property=\"og:description\" content=\"Kamagra Original 100 mg geh\u00f6rt zu den bekanntesten Generika (vollwertiger Ersatz) von Viagra. Mit Hilfe von Wirkstoff Sildenafil k\u00f6nnen Erektionsst\u00f6rungen sehr gut in den Griff bekommen werden.    Produktcode: 87971766105   Kategorie: Viagra Generika (Sildenafil)   Marke: Ajanta Pharma Ltd.   Verf\u00fcgbarkeit: Auf Lager\" \/>\n<meta property=\"og:url\" content=\"https:\/\/cialisonlineshop.de\/fr\/product\/kamagra-original-100-mg\/\" \/>\n<meta property=\"article:modified_time\" content=\"2026-01-14T10:16:09+00:00\" \/>\n<meta property=\"og:image\" content=\"https:\/\/cialisonlineshop.de\/wp-content\/uploads\/2026\/01\/Kamagra.jpg\" \/>\n\t<meta property=\"og:image:width\" content=\"318\" \/>\n\t<meta property=\"og:image:height\" content=\"265\" \/>\n\t<meta property=\"og:image:type\" content=\"image\/jpeg\" \/>\n<meta name=\"twitter:card\" content=\"summary_large_image\" \/>\n<meta name=\"twitter:label1\" content=\"Dur\u00e9e de lecture estim\u00e9e\" \/>\n\t<meta name=\"twitter:data1\" content=\"6 minutes\" \/>\n<script type=\"application\/ld+json\" class=\"yoast-schema-graph\">{\"@context\":\"https:\/\/schema.org\",\"@graph\":[{\"@type\":\"WebPage\",\"@id\":\"https:\/\/cialisonlineshop.de\/product\/kamagra-original-100-mg\/\",\"url\":\"https:\/\/cialisonlineshop.de\/product\/kamagra-original-100-mg\/\",\"name\":\"Kamagra Original 100 mg -\",\"isPartOf\":{\"@id\":\"https:\/\/cialisonlineshop.de\/#website\"},\"primaryImageOfPage\":{\"@id\":\"https:\/\/cialisonlineshop.de\/product\/kamagra-original-100-mg\/#primaryimage\"},\"image\":{\"@id\":\"https:\/\/cialisonlineshop.de\/product\/kamagra-original-100-mg\/#primaryimage\"},\"thumbnailUrl\":\"https:\/\/cialisonlineshop.de\/wp-content\/uploads\/2026\/01\/Kamagra.jpg\",\"datePublished\":\"2026-01-14T10:16:07+00:00\",\"dateModified\":\"2026-01-14T10:16:09+00:00\",\"breadcrumb\":{\"@id\":\"https:\/\/cialisonlineshop.de\/product\/kamagra-original-100-mg\/#breadcrumb\"},\"inLanguage\":\"fr-FR\",\"potentialAction\":[{\"@type\":\"ReadAction\",\"target\":[\"https:\/\/cialisonlineshop.de\/product\/kamagra-original-100-mg\/\"]}]},{\"@type\":\"ImageObject\",\"inLanguage\":\"fr-FR\",\"@id\":\"https:\/\/cialisonlineshop.de\/product\/kamagra-original-100-mg\/#primaryimage\",\"url\":\"https:\/\/cialisonlineshop.de\/wp-content\/uploads\/2026\/01\/Kamagra.jpg\",\"contentUrl\":\"https:\/\/cialisonlineshop.de\/wp-content\/uploads\/2026\/01\/Kamagra.jpg\",\"width\":318,\"height\":265,\"caption\":\"import placeholder for 5693\"},{\"@type\":\"BreadcrumbList\",\"@id\":\"https:\/\/cialisonlineshop.de\/product\/kamagra-original-100-mg\/#breadcrumb\",\"itemListElement\":[{\"@type\":\"ListItem\",\"position\":1,\"name\":\"Home\",\"item\":\"https:\/\/cialisonlineshop.de\/\"},{\"@type\":\"ListItem\",\"position\":2,\"name\":\"Shop\",\"item\":\"https:\/\/cialisonlineshop.de\/shop\/\"},{\"@type\":\"ListItem\",\"position\":3,\"name\":\"Kamagra Original 100 mg\"}]},{\"@type\":\"WebSite\",\"@id\":\"https:\/\/cialisonlineshop.de\/#website\",\"url\":\"https:\/\/cialisonlineshop.de\/\",\"name\":\"Cialisonlineshop\",\"description\":\"\",\"publisher\":{\"@id\":\"https:\/\/cialisonlineshop.de\/#organization\"},\"potentialAction\":[{\"@type\":\"SearchAction\",\"target\":{\"@type\":\"EntryPoint\",\"urlTemplate\":\"https:\/\/cialisonlineshop.de\/?s={search_term_string}\"},\"query-input\":{\"@type\":\"PropertyValueSpecification\",\"valueRequired\":true,\"valueName\":\"search_term_string\"}}],\"inLanguage\":\"fr-FR\"},{\"@type\":\"Organization\",\"@id\":\"https:\/\/cialisonlineshop.de\/#organization\",\"name\":\"Cialisonlineshop\",\"url\":\"https:\/\/cialisonlineshop.de\/\",\"logo\":{\"@type\":\"ImageObject\",\"inLanguage\":\"fr-FR\",\"@id\":\"https:\/\/cialisonlineshop.de\/#\/schema\/logo\/image\/\",\"url\":\"https:\/\/cialisonlineshop.de\/wp-content\/uploads\/2026\/01\/Logo_maker_project__6_-removebg-preview-1.png\",\"contentUrl\":\"https:\/\/cialisonlineshop.de\/wp-content\/uploads\/2026\/01\/Logo_maker_project__6_-removebg-preview-1.png\",\"width\":432,\"height\":88,\"caption\":\"Cialisonlineshop\"},\"image\":{\"@id\":\"https:\/\/cialisonlineshop.de\/#\/schema\/logo\/image\/\"}}]}<\/script>\n<!-- \/ Yoast SEO plugin. -->","yoast_head_json":{"title":"Kamagra Original 100 mg -","robots":{"index":"index","follow":"follow","max-snippet":"max-snippet:-1","max-image-preview":"max-image-preview:large","max-video-preview":"max-video-preview:-1"},"canonical":"https:\/\/cialisonlineshop.de\/fr\/product\/kamagra-original-100-mg\/","og_locale":"fr_FR","og_type":"article","og_title":"Kamagra Original 100 mg -","og_description":"Kamagra Original 100 mg geh\u00f6rt zu den bekanntesten Generika (vollwertiger Ersatz) von Viagra. Mit Hilfe von Wirkstoff Sildenafil k\u00f6nnen Erektionsst\u00f6rungen sehr gut in den Griff bekommen werden.    Produktcode: 87971766105   Kategorie: Viagra Generika (Sildenafil)   Marke: Ajanta Pharma Ltd.   Verf\u00fcgbarkeit: Auf Lager","og_url":"https:\/\/cialisonlineshop.de\/fr\/product\/kamagra-original-100-mg\/","article_modified_time":"2026-01-14T10:16:09+00:00","og_image":[{"width":318,"height":265,"url":"https:\/\/cialisonlineshop.de\/wp-content\/uploads\/2026\/01\/Kamagra.jpg","type":"image\/jpeg"}],"twitter_card":"summary_large_image","twitter_misc":{"Dur\u00e9e de lecture estim\u00e9e":"6 minutes"},"schema":{"@context":"https:\/\/schema.org","@graph":[{"@type":"WebPage","@id":"https:\/\/cialisonlineshop.de\/product\/kamagra-original-100-mg\/","url":"https:\/\/cialisonlineshop.de\/product\/kamagra-original-100-mg\/","name":"Kamagra Original 100 mg -","isPartOf":{"@id":"https:\/\/cialisonlineshop.de\/#website"},"primaryImageOfPage":{"@id":"https:\/\/cialisonlineshop.de\/product\/kamagra-original-100-mg\/#primaryimage"},"image":{"@id":"https:\/\/cialisonlineshop.de\/product\/kamagra-original-100-mg\/#primaryimage"},"thumbnailUrl":"https:\/\/cialisonlineshop.de\/wp-content\/uploads\/2026\/01\/Kamagra.jpg","datePublished":"2026-01-14T10:16:07+00:00","dateModified":"2026-01-14T10:16:09+00:00","breadcrumb":{"@id":"https:\/\/cialisonlineshop.de\/product\/kamagra-original-100-mg\/#breadcrumb"},"inLanguage":"fr-FR","potentialAction":[{"@type":"ReadAction","target":["https:\/\/cialisonlineshop.de\/product\/kamagra-original-100-mg\/"]}]},{"@type":"ImageObject","inLanguage":"fr-FR","@id":"https:\/\/cialisonlineshop.de\/product\/kamagra-original-100-mg\/#primaryimage","url":"https:\/\/cialisonlineshop.de\/wp-content\/uploads\/2026\/01\/Kamagra.jpg","contentUrl":"https:\/\/cialisonlineshop.de\/wp-content\/uploads\/2026\/01\/Kamagra.jpg","width":318,"height":265,"caption":"import placeholder for 5693"},{"@type":"BreadcrumbList","@id":"https:\/\/cialisonlineshop.de\/product\/kamagra-original-100-mg\/#breadcrumb","itemListElement":[{"@type":"ListItem","position":1,"name":"Home","item":"https:\/\/cialisonlineshop.de\/"},{"@type":"ListItem","position":2,"name":"Shop","item":"https:\/\/cialisonlineshop.de\/shop\/"},{"@type":"ListItem","position":3,"name":"Kamagra Original 100 mg"}]},{"@type":"WebSite","@id":"https:\/\/cialisonlineshop.de\/#website","url":"https:\/\/cialisonlineshop.de\/","name":"Cialisonlineshop","description":"","publisher":{"@id":"https:\/\/cialisonlineshop.de\/#organization"},"potentialAction":[{"@type":"SearchAction","target":{"@type":"EntryPoint","urlTemplate":"https:\/\/cialisonlineshop.de\/?s={search_term_string}"},"query-input":{"@type":"PropertyValueSpecification","valueRequired":true,"valueName":"search_term_string"}}],"inLanguage":"fr-FR"},{"@type":"Organization","@id":"https:\/\/cialisonlineshop.de\/#organization","name":"Cialisonlineshop","url":"https:\/\/cialisonlineshop.de\/","logo":{"@type":"ImageObject","inLanguage":"fr-FR","@id":"https:\/\/cialisonlineshop.de\/#\/schema\/logo\/image\/","url":"https:\/\/cialisonlineshop.de\/wp-content\/uploads\/2026\/01\/Logo_maker_project__6_-removebg-preview-1.png","contentUrl":"https:\/\/cialisonlineshop.de\/wp-content\/uploads\/2026\/01\/Logo_maker_project__6_-removebg-preview-1.png","width":432,"height":88,"caption":"Cialisonlineshop"},"image":{"@id":"https:\/\/cialisonlineshop.de\/#\/schema\/logo\/image\/"}}]}},"uagb_featured_image_src":{"full":["https:\/\/cialisonlineshop.de\/wp-content\/uploads\/2026\/01\/Kamagra.jpg",318,265,false],"thumbnail":["https:\/\/cialisonlineshop.de\/wp-content\/uploads\/2026\/01\/Kamagra-150x150.jpg",150,150,true],"medium":["https:\/\/cialisonlineshop.de\/wp-content\/uploads\/2026\/01\/Kamagra-300x250.jpg",300,250,true],"medium_large":["https:\/\/cialisonlineshop.de\/wp-content\/uploads\/2026\/01\/Kamagra.jpg",318,265,false],"large":["https:\/\/cialisonlineshop.de\/wp-content\/uploads\/2026\/01\/Kamagra.jpg",318,265,false],"1536x1536":["https:\/\/cialisonlineshop.de\/wp-content\/uploads\/2026\/01\/Kamagra.jpg",318,265,false],"2048x2048":["https:\/\/cialisonlineshop.de\/wp-content\/uploads\/2026\/01\/Kamagra.jpg",318,265,false],"trp-custom-language-flag":["https:\/\/cialisonlineshop.de\/wp-content\/uploads\/2026\/01\/Kamagra.jpg",14,12,false],"woocommerce_thumbnail":["https:\/\/cialisonlineshop.de\/wp-content\/uploads\/2026\/01\/Kamagra-300x265.jpg",300,265,true],"woocommerce_single":["https:\/\/cialisonlineshop.de\/wp-content\/uploads\/2026\/01\/Kamagra.jpg",318,265,false],"woocommerce_gallery_thumbnail":["https:\/\/cialisonlineshop.de\/wp-content\/uploads\/2026\/01\/Kamagra-100x100.jpg",100,100,true]},"uagb_author_info":{"display_name":"Stefan T\u00f6njes","author_link":"https:\/\/cialisonlineshop.de\/fr\/author\/"},"uagb_comment_info":0,"uagb_excerpt":"Kamagra Original 100 mg geh\u00f6rt zu den bekanntesten Generika (vollwertiger Ersatz) von Viagra. Mit Hilfe von Wirkstoff Sildenafil k\u00f6nnen Erektionsst\u00f6rungen sehr gut in den Griff bekommen werden. Produktcode: 87971766105 Kategorie: Viagra Generika (Sildenafil) Marke: Ajanta Pharma Ltd. Verf\u00fcgbarkeit: Auf Lager","jetpack_sharing_enabled":true,"_links":{"self":[{"href":"https:\/\/cialisonlineshop.de\/fr\/wp-json\/wp\/v2\/product\/2069","targetHints":{"allow":["GET"]}}],"collection":[{"href":"https:\/\/cialisonlineshop.de\/fr\/wp-json\/wp\/v2\/product"}],"about":[{"href":"https:\/\/cialisonlineshop.de\/fr\/wp-json\/wp\/v2\/types\/product"}],"replies":[{"embeddable":true,"href":"https:\/\/cialisonlineshop.de\/fr\/wp-json\/wp\/v2\/comments?post=2069"}],"wp:featuredmedia":[{"embeddable":true,"href":"https:\/\/cialisonlineshop.de\/fr\/wp-json\/wp\/v2\/media\/2078"}],"wp:attachment":[{"href":"https:\/\/cialisonlineshop.de\/fr\/wp-json\/wp\/v2\/media?parent=2069"}],"wp:term":[{"taxonomy":"product_brand","embeddable":true,"href":"https:\/\/cialisonlineshop.de\/fr\/wp-json\/wp\/v2\/product_brand?post=2069"},{"taxonomy":"product_cat","embeddable":true,"href":"https:\/\/cialisonlineshop.de\/fr\/wp-json\/wp\/v2\/product_cat?post=2069"},{"taxonomy":"product_tag","embeddable":true,"href":"https:\/\/cialisonlineshop.de\/fr\/wp-json\/wp\/v2\/product_tag?post=2069"}],"curies":[{"name":"wp","href":"https:\/\/api.w.org\/{rel}","templated":true}]}}