{"id":2057,"date":"2026-01-14T10:16:06","date_gmt":"2026-01-14T10:16:06","guid":{"rendered":"https:\/\/cialisonlineshop.de\/?post_type=product&#038;p=2057"},"modified":"2026-01-14T10:16:09","modified_gmt":"2026-01-14T10:16:09","slug":"kamagra-gold-100-mg","status":"publish","type":"product","link":"https:\/\/cialisonlineshop.de\/fr\/product\/kamagra-gold-100-mg\/","title":{"rendered":"Kamagra Gold 100 mg"},"content":{"rendered":"<h1>Kamagra gold 100 mg, das beste Medikament gegen erektile Dysfunktion. Jetzt einkaufen!<\/h1>\n<h2>Grundinformationen zu Kamagra Gold 100 mg<\/h2>\n<p>Kamagra Gold 100 mg z\u00e4hlt zu den bekanntesten Generika (vollwertiger Ersatz) von Viagra. Mit dem Wirkstoff Sildenafil k\u00f6nnen Erektionsst\u00f6rungen effektiv behandelt werden. Diese Tabletten werden in modernsten Labors der indischen Pharmafirma\u00a0<a href=\"https:\/\/www.ajantapharma.com\/\">Ajanta Pharma Limited<\/a>\u00a0hergestellt.<\/p>\n<p><strong>Der Vorteil von Kamagra Gold liegt in seiner hohen Qualit\u00e4t zu einem wesentlich g\u00fcnstigeren Preis im Vergleich zum Originalpr\u00e4parat<\/strong>. Bei Kauf von mehreren Packungen wird der Preis noch erschwinglicher.<\/p>\n<h3>Wirkstoff<\/h3>\n<p>Der Wirkstoff Sildenafil Citrat (weitere Informationen finden Sie im Artikel\u00a0Sildenafil) f\u00f6rdert die Durchblutung des Penis positiv und hilft dabei, eine starke, gute und langanhaltende Erektion zu erreichen. Der Geschlechtsakt wird befriedigend und erfolgreich.<\/p>\n<h4>Dosierung und Anwendung<\/h4>\n<p>Die \u00fcbliche Einzeldosis betr\u00e4gt zu Beginn 50 mg. Je nach Bedarf und Vertr\u00e4glichkeit kann die Einzeldosis auf 25 mg reduziert oder auf maximal 100 mg\u00a0<strong>einmal t\u00e4glich<\/strong>\u00a0erh\u00f6ht werden.\u00a0<strong>\u00dcberschreiten Sie nicht die maximale Tagesdosis von 100 mg<\/strong>. Es wird empfohlen, Kamagra Gold 100 mg 30\u201360 Minuten vor dem Geschlechtsverkehr einzunehmen. Die Wirkung tritt zwischen 4 und 6 Stunden nach der Einnahme ein und setzt jedoch\u00a0<strong>nur bei sexueller Stimulation<\/strong>\u00a0ein, da Kamagra\u00a0<strong>kein Aphrodisiakum<\/strong>\u00a0ist. Das Pr\u00e4parat kann vor oder nach dem Essen eingenommen werden. Alkohol, fettreiche Speisen, Grapefruit und Grapefruitsaft k\u00f6nnen die Wirkung von Kamagra Gold negativ beeinflussen.<\/p>\n<h5>Kontraindikationen<\/h5>\n<p>Kamagra Gold darf nicht eingenommen werden, wenn:<\/p>\n<ul>\n<li><strong>Sie auf Sildenafil<\/strong>\u00a0oder andere Wirkstoffe allergisch reagieren<\/li>\n<li>Sie in letzter Zeit einen\u00a0<strong>Herzinfarkt oder Schlaganfall<\/strong>\u00a0erlitten haben oder an anderen Herzerkrankungen wie\u00a0<strong>niedrigem Blutdruck oder Bluthochdruck<\/strong>\u00a0leiden<\/li>\n<li>Sie Nitrate einnehmen (z. B. Nitroglycerin, Isosorbid-Dinitrat), Medikamente, die Stickstoffmonoxid freisetzen (z. B. Isoamyl-Nitrit)<\/li>\n<li>Sie Medikamente gegen Angina Pectoris einnehmen (z. B. Nitrate oder Stickstoffmonoxid)<\/li>\n<li><strong>Sie an anderen schweren Herzerkrankungen oder Lebererkrankungen<\/strong>\u00a0leiden<\/li>\n<li>Sie an einer seltenen Netzhauterkrankung leiden (z. B. Retinitis Pigmentosa) oder Ihr Sehverm\u00f6gen durch (NAION) verloren haben<\/li>\n<li><strong>Sie Riociguat einnehmen<\/strong>\u00a0(zur Behandlung von pulmonaler arterieller Hypertonie und chronischer Lungenhochdruck)<\/li>\n<li><strong>Sie bereits ein anderes Potenzmittel einnehmen<\/strong><\/li>\n<\/ul>\n<h3>Warnung<\/h3>\n<p><strong>Informieren Sie Ihren Arzt,<\/strong>\u00a0bevor Sie den Wirkstoff Sildenafil einnehmen,\u00a0<strong>wenn Sie an<\/strong>:<\/p>\n<ul>\n<li>Herzproblemen<\/li>\n<li>der Peyronie-Krankheit oder anderen Penisdeformationen<\/li>\n<li>Geschw\u00fcren oder Blutungsst\u00f6rungen (z. B. H\u00e4mophilie)<\/li>\n<li>Unvertr\u00e4glichkeiten gegen\u00fcber Zucker (z. B. Laktose)<\/li>\n<li>Sichelzellenan\u00e4mie, Leuk\u00e4mie oder multiplem Myelom<\/li>\n<li>HIV, insbesondere wenn Sie mit Proteaseinhibitoren behandelt werden<\/li>\n<\/ul>\n<p>Die Einnahme von Kamagra Gold zusammen mit anderen Medikamenten sollte von Ihrem Arzt besonders dann genehmigt werden, wenn die Medikamente\u00a0<strong>Erythromycin, Cimetidin oder Ketoconazol<\/strong>\u00a0enthalten.<\/p>\n<h2>M\u00f6gliche Nebenwirkungen<\/h2>\n<p>Kamagra gold 100 mg Wie bei jedem anderen Medikament k\u00f6nnen auch bei diesem Arzneimittel mit Sildenafil <strong>Nebenwirkungen<\/strong>\u00a0auftreten. In der Regel handelt es sich um\u00a0<strong>milde Beschwerden, die nicht lange anhalten<\/strong>.<\/p>\n<p>Dazu geh\u00f6ren vor allem Kopfschmerzen, Gesichtsr\u00f6tung, Unwohlsein, Verdauungsst\u00f6rungen, Hitzewallungen, Sehst\u00f6rungen (verschwommenes oder sogenanntes blaues Sehen), Schnupfen oder Schwindelgef\u00fchle.<\/p>\n<h3>Wichtiger Hinweis<\/h3>\n<p>Falls nach der Einnahme des Mittels eine starke Verschlechterung Ihrer Sehkraft oder Ihres H\u00f6rverm\u00f6gens auftritt, Sie Blut im Urin feststellen oder der Urin tr\u00fcb wird, oder wenn Sie eine\u00a0<strong>Erektion von mehr als 4 Stunden<\/strong>\u00a0haben, insbesondere ohne sexuelle Erregung und schmerzhaft,\u00a0<strong>konsultieren Sie umgehend Ihren Arzt<\/strong>. Suchen Sie sofort medizinische Hilfe bei ungew\u00f6hnlichen Reaktionen oder einer erheblichen Verschlechterung Ihres Zustands nach der Einnahme des Mittels. Konsultieren Sie Ihren Arzt auch, wenn die Nebenwirkungen l\u00e4nger anhalten.<\/p>\n<h2>Lagerung<\/h2>\n<p>Kamagra gold 100 mg Lagern Sie bei Temperaturen bis 30\u00b0C. Bewahren Sie das Medikament in der Originalverpackung auf. Sch\u00fctzen Sie es vor Feuchtigkeit und halten Sie es au\u00dferhalb der Reichweite von Kindern.<\/p>\n<h2>Weitere Informationen<\/h2>\n<p>Kamagra Gold 100 mg ist nicht das einzige Mittel zur Behandlung von Erektionsst\u00f6rungen unter der\u00a0<a href=\"https:\/\/kamagrashop.online\/\">Kamagra<\/a>-Marke. M\u00e4nner, die an Erektionsproblemen oder vorzeitigem Samenerguss leiden, k\u00f6nnten sich f\u00fcr\u00a0Super Kamagra\u00a0interessieren. Dieses Medikament enth\u00e4lt neben Sildenafil auch den Wirkstoff Dapoxetin zur\u00a0Verz\u00f6gerung der Ejakulation.<\/p>\n<p>Erfahren Sie im Artikel\u00a0Medikamente gegen erektile Dysfunktion, wie erektile Probleme gel\u00f6st werden k\u00f6nnen.<\/p>\n<p>Dieses Produkt wird ohne Schachtel und Packungsbeilage geliefert.<\/p>\n<div class=\"woocommerce-tabs wc-tabs-wrapper container tabbed-content\">\n<div class=\"tab-panels\">\n<div id=\"tab-description\" class=\"woocommerce-Tabs-panel woocommerce-Tabs-panel--description panel entry-content active\" role=\"tabpanel\" aria-labelledby=\"tab-title-description\">\n<h2>M\u00f6gliche Nebenwirkungen<\/h2>\n<p>Wie bei jedem anderen Medikament k\u00f6nnen auch bei diesem Arzneimittel mit Sildenafil\u00a0<strong>Nebenwirkungen<\/strong>\u00a0auftreten. In der Regel handelt es sich um\u00a0<strong>milde Beschwerden, die nicht lange anhalten<\/strong>. Dazu geh\u00f6ren vor allem Kopfschmerzen, Gesichtsr\u00f6tung, Unwohlsein, Verdauungsst\u00f6rungen, Hitzewallungen, Sehst\u00f6rungen (verschwommenes oder sogenanntes blaues Sehen), Schnupfen oder Schwindelgef\u00fchle.<\/p>\n<h3>Wichtiger Hinweis<\/h3>\n<p>Falls nach der Einnahme des Mittels eine starke Verschlechterung Ihrer Sehkraft oder Ihres H\u00f6rverm\u00f6gens auftritt, Sie Blut im Urin feststellen oder der Urin tr\u00fcb wird, oder wenn Sie eine\u00a0<strong>Erektion von mehr als 4 Stunden<\/strong>\u00a0haben, insbesondere ohne sexuelle Erregung und schmerzhaft,\u00a0<strong>konsultieren Sie umgehend Ihren Arzt<\/strong>. Suchen Sie sofort medizinische Hilfe bei ungew\u00f6hnlichen Reaktionen oder einer erheblichen Verschlechterung Ihres Zustands nach der Einnahme des Mittels. Konsultieren Sie Ihren Arzt auch, wenn die Nebenwirkungen l\u00e4nger anhalten.<\/p>\n<h2>Lagerung<\/h2>\n<p>Lagern Sie bei Temperaturen bis 30\u00b0C. Bewahren Sie das Medikament in der Originalverpackung auf. Sch\u00fctzen Sie es vor Feuchtigkeit und halten Sie es au\u00dferhalb der Reichweite von Kindern.<\/p>\n<h2>Weitere Informationen<\/h2>\n<p>Kamagra Gold 100 mg ist nicht das einzige Mittel zur Behandlung von Erektionsst\u00f6rungen unter der\u00a0Kamagra-Marke. M\u00e4nner, die an Erektionsproblemen oder vorzeitigem Samenerguss leiden, k\u00f6nnten sich f\u00fcr<a href=\"https:\/\/kamagrashop.online\/produkt\/super-kamagra-160-mg\/\">\u00a0Super Kamagra<\/a>\u00a0interessieren. Dieses Medikament enth\u00e4lt neben Sildenafil auch den Wirkstoff Dapoxetin zur\u00a0Verz\u00f6gerung der Ejakulation.<\/p>\n<p>Erfahren Sie im Artikel\u00a0Medikamente gegen erektile Dysfunktion, wie erektile Probleme gel\u00f6st werden k\u00f6nnen.<\/p>\n<p>Dieses Produkt wird ohne Schachtel und Packungsbeilage geliefert.<\/p>\n<\/div>\n<div id=\"tab-reviews\" class=\"woocommerce-Tabs-panel woocommerce-Tabs-panel--reviews panel entry-content\" role=\"tabpanel\" aria-labelledby=\"tab-title-reviews\">\n<div id=\"reviews\" class=\"woocommerce-Reviews row\">\n<div id=\"review_form_wrapper\" class=\"large-5 col\">\n<div id=\"review_form\" class=\"col-inner\">\n<div class=\"review-form-inner has-border\"><\/div>\n<\/div>\n<\/div>\n<\/div>\n<\/div>\n<\/div>\n<\/div>","protected":false},"excerpt":{"rendered":"<p><strong>Kamagra Gold 100 mg\u00a0<\/strong>\u00a0wird von Ajanta Pharma hergestellt und hat in den letzten Jahren an Popularit\u00e4t bei der Behandlung von Potenzst\u00f6rungen gewonnen. Dank\u00a0<strong>Sildenafil<\/strong>\u00a0k\u00f6nnen Erektionsprobleme effektiv bew\u00e4ltigt werden, was nicht nur die Intensit\u00e4t, sondern auch die Qualit\u00e4t des Geschlechtsverkehrs verbessert. Der Wirkstoff Sildenafilcitrat unterst\u00fctzt die Durchblutung des Penis positiv, was zu einer gesteigerten sexuellen Leistungsf\u00e4higkeit f\u00fchrt.<\/p>\n<table class=\"info\">\n<tbody>\n<tr>\n<td>Produktcode:<\/td>\n<td>87971766105<\/td>\n<\/tr>\n<tr>\n<td>Kategorie:<\/td>\n<td><a href=\"https:\/\/kamagrashop.online\/viagra-generika-sildenafil\/\">Viagra Generika (Sildenafil)<\/a><\/td>\n<\/tr>\n<tr>\n<td>Marke:<\/td>\n<td><a href=\"https:\/\/kamagrashop.online\/ajanta-pharma-ltd\/\">Ajanta Pharma Ltd.<\/a><\/td>\n<\/tr>\n<tr>\n<td>Verf\u00fcgbarkeit:<\/td>\n<td>Auf Lager<\/td>\n<\/tr>\n<\/tbody>\n<\/table>","protected":false},"featured_media":2078,"comment_status":"open","ping_status":"closed","template":"","meta":{"_uag_custom_page_level_css":"","site-sidebar-layout":"","site-content-layout":"","ast-site-content-layout":"","site-content-style":"","site-sidebar-style":"","ast-global-header-display":"","ast-banner-title-visibility":"","ast-main-header-display":"","ast-hfb-above-header-display":"","ast-hfb-below-header-display":"","ast-hfb-mobile-header-display":"","site-post-title":"","ast-breadcrumbs-content":"","ast-featured-img":"","footer-sml-layout":"","ast-disable-related-posts":"","theme-transparent-header-meta":"","adv-header-id-meta":"","stick-header-meta":"","header-above-stick-meta":"","header-main-stick-meta":"","header-below-stick-meta":"","astra-migrate-meta-layouts":"","ast-page-background-enabled":"default","ast-page-background-meta":{"desktop":{"background-color":"","background-image":"","background-repeat":"repeat","background-position":"center center","background-size":"auto","background-attachment":"scroll","background-type":"","background-media":"","overlay-type":"","overlay-color":"","overlay-opacity":"","overlay-gradient":""},"tablet":{"background-color":"","background-image":"","background-repeat":"repeat","background-position":"center center","background-size":"auto","background-attachment":"scroll","background-type":"","background-media":"","overlay-type":"","overlay-color":"","overlay-opacity":"","overlay-gradient":""},"mobile":{"background-color":"","background-image":"","background-repeat":"repeat","background-position":"center center","background-size":"auto","background-attachment":"scroll","background-type":"","background-media":"","overlay-type":"","overlay-color":"","overlay-opacity":"","overlay-gradient":""}},"ast-content-background-meta":{"desktop":{"background-color":"var(--ast-global-color-5)","background-image":"","background-repeat":"repeat","background-position":"center center","background-size":"auto","background-attachment":"scroll","background-type":"","background-media":"","overlay-type":"","overlay-color":"","overlay-opacity":"","overlay-gradient":""},"tablet":{"background-color":"var(--ast-global-color-5)","background-image":"","background-repeat":"repeat","background-position":"center center","background-size":"auto","background-attachment":"scroll","background-type":"","background-media":"","overlay-type":"","overlay-color":"","overlay-opacity":"","overlay-gradient":""},"mobile":{"background-color":"var(--ast-global-color-5)","background-image":"","background-repeat":"repeat","background-position":"center center","background-size":"auto","background-attachment":"scroll","background-type":"","background-media":"","overlay-type":"","overlay-color":"","overlay-opacity":"","overlay-gradient":""}},"episode_type":"","audio_file":"","cover_image":"","cover_image_id":"","duration":"","filesize":"","filesize_raw":"","date_recorded":"","explicit":"","block":"","itunes_episode_number":"","itunes_title":"","itunes_season_number":"","itunes_episode_type":""},"product_brand":[],"product_cat":[24],"product_tag":[],"class_list":{"0":"post-2057","1":"product","2":"type-product","3":"status-publish","4":"has-post-thumbnail","6":"product_cat-viagra-generika-sildenafil","7":"desktop-align-left","8":"tablet-align-left","9":"mobile-align-left","11":"first","12":"instock","13":"shipping-taxable","14":"purchasable","15":"product-type-variable"},"yoast_head":"<!-- This site is optimized with the Yoast SEO plugin v27.0 - https:\/\/yoast.com\/product\/yoast-seo-wordpress\/ -->\n<title>Kamagra Gold 100 mg -<\/title>\n<meta name=\"robots\" content=\"index, follow, max-snippet:-1, max-image-preview:large, max-video-preview:-1\" \/>\n<link rel=\"canonical\" href=\"https:\/\/cialisonlineshop.de\/fr\/product\/kamagra-gold-100-mg\/\" \/>\n<meta property=\"og:locale\" content=\"fr_FR\" \/>\n<meta property=\"og:type\" content=\"article\" \/>\n<meta property=\"og:title\" content=\"Kamagra Gold 100 mg -\" \/>\n<meta property=\"og:description\" content=\"Kamagra Gold 100 mg\u00a0\u00a0wird von Ajanta Pharma hergestellt und hat in den letzten Jahren an Popularit\u00e4t bei der Behandlung von Potenzst\u00f6rungen gewonnen. Dank\u00a0Sildenafil\u00a0k\u00f6nnen Erektionsprobleme effektiv bew\u00e4ltigt werden, was nicht nur die Intensit\u00e4t, sondern auch die Qualit\u00e4t des Geschlechtsverkehrs verbessert. Der Wirkstoff Sildenafilcitrat unterst\u00fctzt die Durchblutung des Penis positiv, was zu einer gesteigerten sexuellen Leistungsf\u00e4higkeit f\u00fchrt.    Produktcode: 87971766105   Kategorie: Viagra Generika (Sildenafil)   Marke: Ajanta Pharma Ltd.   Verf\u00fcgbarkeit: Auf Lager\" \/>\n<meta property=\"og:url\" content=\"https:\/\/cialisonlineshop.de\/fr\/product\/kamagra-gold-100-mg\/\" \/>\n<meta property=\"article:modified_time\" content=\"2026-01-14T10:16:09+00:00\" \/>\n<meta property=\"og:image\" content=\"https:\/\/cialisonlineshop.de\/wp-content\/uploads\/2026\/01\/Kamagra.jpg\" \/>\n\t<meta property=\"og:image:width\" content=\"318\" \/>\n\t<meta property=\"og:image:height\" content=\"265\" \/>\n\t<meta property=\"og:image:type\" content=\"image\/jpeg\" \/>\n<meta name=\"twitter:card\" content=\"summary_large_image\" \/>\n<meta name=\"twitter:label1\" content=\"Dur\u00e9e de lecture estim\u00e9e\" \/>\n\t<meta name=\"twitter:data1\" content=\"4 minutes\" \/>\n<script type=\"application\/ld+json\" class=\"yoast-schema-graph\">{\"@context\":\"https:\/\/schema.org\",\"@graph\":[{\"@type\":\"WebPage\",\"@id\":\"https:\/\/cialisonlineshop.de\/product\/kamagra-gold-100-mg\/\",\"url\":\"https:\/\/cialisonlineshop.de\/product\/kamagra-gold-100-mg\/\",\"name\":\"Kamagra Gold 100 mg -\",\"isPartOf\":{\"@id\":\"https:\/\/cialisonlineshop.de\/#website\"},\"primaryImageOfPage\":{\"@id\":\"https:\/\/cialisonlineshop.de\/product\/kamagra-gold-100-mg\/#primaryimage\"},\"image\":{\"@id\":\"https:\/\/cialisonlineshop.de\/product\/kamagra-gold-100-mg\/#primaryimage\"},\"thumbnailUrl\":\"https:\/\/cialisonlineshop.de\/wp-content\/uploads\/2026\/01\/Kamagra.jpg\",\"datePublished\":\"2026-01-14T10:16:06+00:00\",\"dateModified\":\"2026-01-14T10:16:09+00:00\",\"breadcrumb\":{\"@id\":\"https:\/\/cialisonlineshop.de\/product\/kamagra-gold-100-mg\/#breadcrumb\"},\"inLanguage\":\"fr-FR\",\"potentialAction\":[{\"@type\":\"ReadAction\",\"target\":[\"https:\/\/cialisonlineshop.de\/product\/kamagra-gold-100-mg\/\"]}]},{\"@type\":\"ImageObject\",\"inLanguage\":\"fr-FR\",\"@id\":\"https:\/\/cialisonlineshop.de\/product\/kamagra-gold-100-mg\/#primaryimage\",\"url\":\"https:\/\/cialisonlineshop.de\/wp-content\/uploads\/2026\/01\/Kamagra.jpg\",\"contentUrl\":\"https:\/\/cialisonlineshop.de\/wp-content\/uploads\/2026\/01\/Kamagra.jpg\",\"width\":318,\"height\":265,\"caption\":\"import placeholder for 5693\"},{\"@type\":\"BreadcrumbList\",\"@id\":\"https:\/\/cialisonlineshop.de\/product\/kamagra-gold-100-mg\/#breadcrumb\",\"itemListElement\":[{\"@type\":\"ListItem\",\"position\":1,\"name\":\"Home\",\"item\":\"https:\/\/cialisonlineshop.de\/\"},{\"@type\":\"ListItem\",\"position\":2,\"name\":\"Shop\",\"item\":\"https:\/\/cialisonlineshop.de\/shop\/\"},{\"@type\":\"ListItem\",\"position\":3,\"name\":\"Kamagra Gold 100 mg\"}]},{\"@type\":\"WebSite\",\"@id\":\"https:\/\/cialisonlineshop.de\/#website\",\"url\":\"https:\/\/cialisonlineshop.de\/\",\"name\":\"Cialisonlineshop\",\"description\":\"\",\"publisher\":{\"@id\":\"https:\/\/cialisonlineshop.de\/#organization\"},\"potentialAction\":[{\"@type\":\"SearchAction\",\"target\":{\"@type\":\"EntryPoint\",\"urlTemplate\":\"https:\/\/cialisonlineshop.de\/?s={search_term_string}\"},\"query-input\":{\"@type\":\"PropertyValueSpecification\",\"valueRequired\":true,\"valueName\":\"search_term_string\"}}],\"inLanguage\":\"fr-FR\"},{\"@type\":\"Organization\",\"@id\":\"https:\/\/cialisonlineshop.de\/#organization\",\"name\":\"Cialisonlineshop\",\"url\":\"https:\/\/cialisonlineshop.de\/\",\"logo\":{\"@type\":\"ImageObject\",\"inLanguage\":\"fr-FR\",\"@id\":\"https:\/\/cialisonlineshop.de\/#\/schema\/logo\/image\/\",\"url\":\"https:\/\/cialisonlineshop.de\/wp-content\/uploads\/2026\/01\/Logo_maker_project__6_-removebg-preview-1.png\",\"contentUrl\":\"https:\/\/cialisonlineshop.de\/wp-content\/uploads\/2026\/01\/Logo_maker_project__6_-removebg-preview-1.png\",\"width\":432,\"height\":88,\"caption\":\"Cialisonlineshop\"},\"image\":{\"@id\":\"https:\/\/cialisonlineshop.de\/#\/schema\/logo\/image\/\"}}]}<\/script>\n<!-- \/ Yoast SEO plugin. -->","yoast_head_json":{"title":"Kamagra Gold 100 mg -","robots":{"index":"index","follow":"follow","max-snippet":"max-snippet:-1","max-image-preview":"max-image-preview:large","max-video-preview":"max-video-preview:-1"},"canonical":"https:\/\/cialisonlineshop.de\/fr\/product\/kamagra-gold-100-mg\/","og_locale":"fr_FR","og_type":"article","og_title":"Kamagra Gold 100 mg -","og_description":"Kamagra Gold 100 mg\u00a0\u00a0wird von Ajanta Pharma hergestellt und hat in den letzten Jahren an Popularit\u00e4t bei der Behandlung von Potenzst\u00f6rungen gewonnen. Dank\u00a0Sildenafil\u00a0k\u00f6nnen Erektionsprobleme effektiv bew\u00e4ltigt werden, was nicht nur die Intensit\u00e4t, sondern auch die Qualit\u00e4t des Geschlechtsverkehrs verbessert. Der Wirkstoff Sildenafilcitrat unterst\u00fctzt die Durchblutung des Penis positiv, was zu einer gesteigerten sexuellen Leistungsf\u00e4higkeit f\u00fchrt.    Produktcode: 87971766105   Kategorie: Viagra Generika (Sildenafil)   Marke: Ajanta Pharma Ltd.   Verf\u00fcgbarkeit: Auf Lager","og_url":"https:\/\/cialisonlineshop.de\/fr\/product\/kamagra-gold-100-mg\/","article_modified_time":"2026-01-14T10:16:09+00:00","og_image":[{"width":318,"height":265,"url":"https:\/\/cialisonlineshop.de\/wp-content\/uploads\/2026\/01\/Kamagra.jpg","type":"image\/jpeg"}],"twitter_card":"summary_large_image","twitter_misc":{"Dur\u00e9e de lecture estim\u00e9e":"4 minutes"},"schema":{"@context":"https:\/\/schema.org","@graph":[{"@type":"WebPage","@id":"https:\/\/cialisonlineshop.de\/product\/kamagra-gold-100-mg\/","url":"https:\/\/cialisonlineshop.de\/product\/kamagra-gold-100-mg\/","name":"Kamagra Gold 100 mg -","isPartOf":{"@id":"https:\/\/cialisonlineshop.de\/#website"},"primaryImageOfPage":{"@id":"https:\/\/cialisonlineshop.de\/product\/kamagra-gold-100-mg\/#primaryimage"},"image":{"@id":"https:\/\/cialisonlineshop.de\/product\/kamagra-gold-100-mg\/#primaryimage"},"thumbnailUrl":"https:\/\/cialisonlineshop.de\/wp-content\/uploads\/2026\/01\/Kamagra.jpg","datePublished":"2026-01-14T10:16:06+00:00","dateModified":"2026-01-14T10:16:09+00:00","breadcrumb":{"@id":"https:\/\/cialisonlineshop.de\/product\/kamagra-gold-100-mg\/#breadcrumb"},"inLanguage":"fr-FR","potentialAction":[{"@type":"ReadAction","target":["https:\/\/cialisonlineshop.de\/product\/kamagra-gold-100-mg\/"]}]},{"@type":"ImageObject","inLanguage":"fr-FR","@id":"https:\/\/cialisonlineshop.de\/product\/kamagra-gold-100-mg\/#primaryimage","url":"https:\/\/cialisonlineshop.de\/wp-content\/uploads\/2026\/01\/Kamagra.jpg","contentUrl":"https:\/\/cialisonlineshop.de\/wp-content\/uploads\/2026\/01\/Kamagra.jpg","width":318,"height":265,"caption":"import placeholder for 5693"},{"@type":"BreadcrumbList","@id":"https:\/\/cialisonlineshop.de\/product\/kamagra-gold-100-mg\/#breadcrumb","itemListElement":[{"@type":"ListItem","position":1,"name":"Home","item":"https:\/\/cialisonlineshop.de\/"},{"@type":"ListItem","position":2,"name":"Shop","item":"https:\/\/cialisonlineshop.de\/shop\/"},{"@type":"ListItem","position":3,"name":"Kamagra Gold 100 mg"}]},{"@type":"WebSite","@id":"https:\/\/cialisonlineshop.de\/#website","url":"https:\/\/cialisonlineshop.de\/","name":"Cialisonlineshop","description":"","publisher":{"@id":"https:\/\/cialisonlineshop.de\/#organization"},"potentialAction":[{"@type":"SearchAction","target":{"@type":"EntryPoint","urlTemplate":"https:\/\/cialisonlineshop.de\/?s={search_term_string}"},"query-input":{"@type":"PropertyValueSpecification","valueRequired":true,"valueName":"search_term_string"}}],"inLanguage":"fr-FR"},{"@type":"Organization","@id":"https:\/\/cialisonlineshop.de\/#organization","name":"Cialisonlineshop","url":"https:\/\/cialisonlineshop.de\/","logo":{"@type":"ImageObject","inLanguage":"fr-FR","@id":"https:\/\/cialisonlineshop.de\/#\/schema\/logo\/image\/","url":"https:\/\/cialisonlineshop.de\/wp-content\/uploads\/2026\/01\/Logo_maker_project__6_-removebg-preview-1.png","contentUrl":"https:\/\/cialisonlineshop.de\/wp-content\/uploads\/2026\/01\/Logo_maker_project__6_-removebg-preview-1.png","width":432,"height":88,"caption":"Cialisonlineshop"},"image":{"@id":"https:\/\/cialisonlineshop.de\/#\/schema\/logo\/image\/"}}]}},"uagb_featured_image_src":{"full":["https:\/\/cialisonlineshop.de\/wp-content\/uploads\/2026\/01\/Kamagra.jpg",318,265,false],"thumbnail":["https:\/\/cialisonlineshop.de\/wp-content\/uploads\/2026\/01\/Kamagra-150x150.jpg",150,150,true],"medium":["https:\/\/cialisonlineshop.de\/wp-content\/uploads\/2026\/01\/Kamagra-300x250.jpg",300,250,true],"medium_large":["https:\/\/cialisonlineshop.de\/wp-content\/uploads\/2026\/01\/Kamagra.jpg",318,265,false],"large":["https:\/\/cialisonlineshop.de\/wp-content\/uploads\/2026\/01\/Kamagra.jpg",318,265,false],"1536x1536":["https:\/\/cialisonlineshop.de\/wp-content\/uploads\/2026\/01\/Kamagra.jpg",318,265,false],"2048x2048":["https:\/\/cialisonlineshop.de\/wp-content\/uploads\/2026\/01\/Kamagra.jpg",318,265,false],"trp-custom-language-flag":["https:\/\/cialisonlineshop.de\/wp-content\/uploads\/2026\/01\/Kamagra.jpg",14,12,false],"woocommerce_thumbnail":["https:\/\/cialisonlineshop.de\/wp-content\/uploads\/2026\/01\/Kamagra-300x265.jpg",300,265,true],"woocommerce_single":["https:\/\/cialisonlineshop.de\/wp-content\/uploads\/2026\/01\/Kamagra.jpg",318,265,false],"woocommerce_gallery_thumbnail":["https:\/\/cialisonlineshop.de\/wp-content\/uploads\/2026\/01\/Kamagra-100x100.jpg",100,100,true]},"uagb_author_info":{"display_name":"Stefan T\u00f6njes","author_link":"https:\/\/cialisonlineshop.de\/fr\/author\/"},"uagb_comment_info":0,"uagb_excerpt":"Kamagra Gold 100 mg\u00a0\u00a0wird von Ajanta Pharma hergestellt und hat in den letzten Jahren an Popularit\u00e4t bei der Behandlung von Potenzst\u00f6rungen gewonnen. Dank\u00a0Sildenafil\u00a0k\u00f6nnen Erektionsprobleme effektiv bew\u00e4ltigt werden, was nicht nur die Intensit\u00e4t, sondern auch die Qualit\u00e4t des Geschlechtsverkehrs verbessert. Der Wirkstoff Sildenafilcitrat unterst\u00fctzt die Durchblutung des Penis positiv, was zu einer gesteigerten sexuellen Leistungsf\u00e4higkeit f\u00fchrt.\u2026","jetpack_sharing_enabled":true,"_links":{"self":[{"href":"https:\/\/cialisonlineshop.de\/fr\/wp-json\/wp\/v2\/product\/2057","targetHints":{"allow":["GET"]}}],"collection":[{"href":"https:\/\/cialisonlineshop.de\/fr\/wp-json\/wp\/v2\/product"}],"about":[{"href":"https:\/\/cialisonlineshop.de\/fr\/wp-json\/wp\/v2\/types\/product"}],"replies":[{"embeddable":true,"href":"https:\/\/cialisonlineshop.de\/fr\/wp-json\/wp\/v2\/comments?post=2057"}],"wp:featuredmedia":[{"embeddable":true,"href":"https:\/\/cialisonlineshop.de\/fr\/wp-json\/wp\/v2\/media\/2078"}],"wp:attachment":[{"href":"https:\/\/cialisonlineshop.de\/fr\/wp-json\/wp\/v2\/media?parent=2057"}],"wp:term":[{"taxonomy":"product_brand","embeddable":true,"href":"https:\/\/cialisonlineshop.de\/fr\/wp-json\/wp\/v2\/product_brand?post=2057"},{"taxonomy":"product_cat","embeddable":true,"href":"https:\/\/cialisonlineshop.de\/fr\/wp-json\/wp\/v2\/product_cat?post=2057"},{"taxonomy":"product_tag","embeddable":true,"href":"https:\/\/cialisonlineshop.de\/fr\/wp-json\/wp\/v2\/product_tag?post=2057"}],"curies":[{"name":"wp","href":"https:\/\/api.w.org\/{rel}","templated":true}]}}