{"id":2039,"date":"2026-01-14T10:15:57","date_gmt":"2026-01-14T10:15:57","guid":{"rendered":"https:\/\/cialisonlineshop.de\/?post_type=product&#038;p=2039"},"modified":"2026-02-24T11:05:16","modified_gmt":"2026-02-24T11:05:16","slug":"cenforce-d-160-mg-kaufen","status":"publish","type":"product","link":"https:\/\/cialisonlineshop.de\/fr\/product\/cenforce-d-160-mg-kaufen\/","title":{"rendered":"Cenforce-D 160 mg Kaufen"},"content":{"rendered":"<h2>Cenforce-D 160 mg Kaufen, das beste Medikament gegen erektile Dysfunktion. Jetzt einkaufen!<\/h2>\n<p><strong>Informationen zu Cenforce-D 160 mg Kaufen<\/strong><\/p>\n<p>Cenforce-D 160 mg Kaufen ist eines der meistverkauften Produkte zur Behandlung von vorzeitiger Ejakulation und erektiler Dysfunktion, zusammen mit Super Kamagra. Es enth\u00e4lt den gleichen Wirkstoff wie Viagra\u00a0<strong>\u2013 Sildenafil<\/strong>\u00a0\u2013 und zus\u00e4tzlich<strong>\u00a0Dapoxetin<\/strong>, einen Wirkstoff\u00a0<strong>gegen vorzeitige Ejakulation<\/strong>.<\/p>\n<h2>Cenforce-D 160 mg Kaufen Wirkstoff<\/h2>\n<p>Der Wirkstoff Sildenafilcitrat f\u00f6rdert die Durchblutung des Penis positiv und tr\u00e4gt zu einer starken, guten und lang anhaltenden Erektion bei. Der Geschlechtsakt wird befriedigend und erfolgreich. Der Wirkstoff Dapoxetin geh\u00f6rt zu den Inhibitoren des Serotonin-R\u00fcckfangs und hilft, den Geschlechtsakt zu verl\u00e4ngern.<\/p>\n<h3>Dosierung und Anwendung<\/h3>\n<p>Zu Beginn sollte nur eine halbe Tablette (80 mg) eingenommen werden. Je nach Bedarf und Vertr\u00e4glichkeit kann die Dosis auf 160 mg erh\u00f6ht werden. Es wird darauf hingewiesen, dass nicht mehr als eine Tablette Cenforce D 160 mg pro Tag eingenommen werden sollte<strong>.<\/strong><\/p>\n<p><strong> Die Wirkung tritt erst bei sexueller Stimulation e<\/strong>in, da Cenforce D kein Aphrodisiakum ist. Es wird empfohlen, Cenforce-D 160 mg Kaufen<strong>\u00a0bereits 20-30 Minuten vor dem Geschlechtsverkehr w\u00e4hrend des Vorspiels einzunehmen<\/strong>. Im Allgemeinen zeigt sich die Wirkung innerhalb von 4 bis 6 Stunden. Alkohol, fetthaltige Lebensmittel, Grapefruit und Grapefruitsaft k\u00f6nnen die Wirkung von Cenforce D negativ beeinflussen.<\/p>\n<h4>Kontraindikationen<\/h4>\n<p>Cenforce Kaufen 160 Mg sollte nicht eingenommen werden, wenn:<\/p>\n<ul>\n<li>Sie allergisch<strong>\u00a0gegen Sildenafil<\/strong>, Dapoxetin oder andere Wirkstoffe sind.<\/li>\n<li>Sie k\u00fcrzlich einen Herzinfarkt oder Schlaganfall hatten oder unter anderen Herzerkrankungen wie niedrigem oder hohem Blutdruck leiden.<\/li>\n<li>Sie Nitrate einnehmen (zum Beispiel Nitroglycerin, Isosorbid-Dinitrat) oder Medikamente, die Stickstoffmonoxid freisetzen (zum Beispiel Isoamyl-Nitrat).<\/li>\n<li>Sie Medikamente gegen Angina Pectoris einnehmen (zum Beispiel Nitrate oder Stickstoffmonoxid).<\/li>\n<li>Sie an schweren Herzerkrankungen, Nieren- oder Lebererkrankungen leiden.<\/li>\n<li>Sie an einer seltenen Netzhauterkrankung leiden (zum Beispiel Retinitis Pigmentosa) oder Ihr Sehverm\u00f6gen durch NAION verloren haben.<\/li>\n<li>Sie Riociguat einnehmen (zur Behandlung der pulmonalen arteriellen Hypertonie und chronischen Lungenhochdruck).<\/li>\n<li><strong>Sie an bipolarer St\u00f6rung leiden.<\/strong><\/li>\n<li><strong>Sie an Anf\u00e4llen leiden.<\/strong><\/li>\n<li><strong>Sie an Psychosen leiden.<\/strong><\/li>\n<li>Sie Protease-Inhibitoren zur Behandlung von AIDS oder HIV-Infektion einnehmen.<\/li>\n<li>Sie bereits ein anderes Potenzmittel einnehmen.<\/li>\n<\/ul>\n<h6>Warnung<\/h6>\n<p>Cenforce Kaufen 160 Mg Informieren Sie Ihren Arzt, bevor Sie die Wirkstoffe Sildenafil und Dapoxetin einnehmen, wenn Sie:<\/p>\n<ul>\n<li>Herzprobleme haben.<\/li>\n<li>Die Peyronie-Krankheit oder andere Penisdeformationen haben.<\/li>\n<li>Ulcus-Krankheit oder Bluterkrankheit (zum Beispiel H\u00e4mophilie) haben.<\/li>\n<li>Laktoseintoleranz haben.<\/li>\n<li>An\u00e4mie, Leuk\u00e4mie oder multiples Myelom haben.<\/li>\n<li>An HIV leiden.<\/li>\n<\/ul>\n<p>Die Einnahme von Cenforce D zusammen mit anderen verschreibungspflichtigen oder rezeptfreien Medikamenten sollte von Ihrem Arzt genehmigt werden, insbesondere wenn diese Medikamente Erythromycin, Cimetidin oder Ketoconazol enthalten.<\/p>\n<h5>Cenforce-D 160 mg Kaufen M\u00f6gliche Nebenwirkungen<\/h5>\n<p>Cenforce Kaufen 160 Mg ist ein Potenzmittel, das im Allgemeinen gut vertragen wird. Wie bei jedem anderen Medikament k\u00f6nnen jedoch auch hier Nebenwirkungen auftreten.<strong>\u00a0Meist handelt es sich um milde Beschwerden, die nicht lange anhalten<\/strong>. Dazu geh\u00f6ren vor allem Kopfschmerzen, R\u00f6tung des Gesichts, Unwohlsein, Verdauungsprobleme, Hitzewallungen, Sehst\u00f6rungen (verschwommenes oder blaues Sehen), verstopfte Nase und Schwindelgef\u00fchle.<\/p>\n<h5><strong>Wichtiger Hinweis<\/strong><\/h5>\n<p>Wenn es nach der Einnahme des Medikaments zu einer starken Verschlechterung des Sehverm\u00f6gens oder Geh\u00f6rs, Blut im Urin oder einer schmerzhaften<strong>\u00a0Erektion von mehr als 4 Stunden<\/strong>\u00a0kommt, insbesondere ohne sexuelle Erregung, suchen Sie sofort \u00e4rztliche Hilfe auf.<\/p>\n<p>Konsultieren Sie sofort einen Arzt bei au\u00dfergew\u00f6hnlichen Reaktionen oder bei anhaltender Verschlechterung Ihres Zustands nach der Einnahme des Medikaments.<strong>\u00a0Suchen Sie einen Arzt auf,<\/strong>\u00a0selbst wenn die Nebenwirkungen l\u00e4nger anhalten.<\/p>\n<p><strong>Lagerung<\/strong><\/p>\n<p>Cenforce Kaufen 160 Mg Bewahren Sie das Medikament bei Temperaturen bis 30\u00b0C auf. Halten Sie es in der Originalverpackung, vor Feuchtigkeit gesch\u00fctzt und au\u00dferhalb der Reichweite von Kindern.<\/p>\n<h5>F\u00fcr Ihr Interesse<\/h5>\n<p>Viele M\u00e4nner leiden unter\u00a0vorzeitiger Ejakulation. Wichtig ist, dass dieses Problem behandelbar ist. Sehen Sie sich Artikel auf unserem Blog an, in denen Sie Tipps zu \u00dcbungen gegen vorzeitige Ejakulation,\u00a0frei verk\u00e4uflichen Sprays\u00a0oder\u00a0Medikamenten zur Behandlung von vorzeitiger Ejakulation finden.\u00a0Heutzutage gibt es sogar chirurgische Optionen zur L\u00f6sung dieses Problems.<\/p>\n<p>Sexuelle Gesundheit ist die Grundlage f\u00fcr ein gl\u00fcckliches Leben. Daher ist es wichtig, dieses Problem rechtzeitig anzugehen.<\/p>\n<p>Dieses Produkt wird ohne Beipackzettel geliefert. Eine Schachtel wird nur bei Bestellungen von 10 oder mehr Packungen geliefert.<\/p>","protected":false},"excerpt":{"rendered":"<p>Geh\u00f6rt zu den meistverkauften Produkten zur Behandlung der vorzeitigen Ejakulation und gleichzeitig der erektilen Dysfunktion, zusammen mit Super Kamagra.<\/p>\n<table class=\"info\">\n<tbody>\n<tr>\n<td>Produktcode:<\/td>\n<td>87971766127<\/td>\n<\/tr>\n<tr>\n<td>Kategorie:<\/td>\n<td>Vorzeitiger Samenerguss<\/td>\n<\/tr>\n<tr>\n<td>Marke:<\/td>\n<td><a href=\"https:\/\/kamagrashop.online\/centurion-laboratories-pvt-ltd\/\">Centurion Laboratories Pvt. Ltd.<\/a><\/td>\n<\/tr>\n<tr>\n<td>Verf\u00fcgbarkeit:<\/td>\n<td>Auf Lager<\/td>\n<\/tr>\n<\/tbody>\n<\/table>\n<div class=\"clear\"><\/div>\n<div class=\"tpt__tiered-pricing\" style=\"box-sizing: border-box; width: 1140px; color: #111111; font-family: 'Roboto Flex', sans-serif; font-size: 16.64px; font-style: normal; font-variant-ligatures: normal; font-variant-caps: normal; font-weight: 400; letter-spacing: normal; orphans: 2; text-align: start; text-indent: 0px; text-transform: none; widows: 2; word-spacing: 0px; -webkit-text-stroke-width: 0px; white-space: normal; background-color: #ffffff; text-decoration-thickness: initial; text-decoration-style: initial; text-decoration-color: initial;\" data-settings=\"{&quot;display_context&quot;:&quot;product-page&quot;,&quot;display&quot;:true,&quot;display_type&quot;:&quot;table&quot;,&quot;title&quot;:&quot;&quot;,&quot;table_class&quot;:&quot;&quot;,&quot;quantity_column_title&quot;:&quot;Menge&quot;,&quot;price_column_title&quot;:&quot;Preis&quot;,&quot;discount_column_title&quot;:&quot;Rabatt&quot;,&quot;quantity_type&quot;:&quot;range&quot;,&quot;show_discount_column&quot;:true,&quot;clickable_rows&quot;:true,&quot;active_tier_color&quot;:&quot;#cecece&quot;,&quot;tooltip_border&quot;:true,&quot;options_show_total&quot;:true,&quot;options_show_original_product_price&quot;:true,&quot;options_show_default_option&quot;:true,&quot;options_default_option_text&quot;:&quot;&lt;strong&gt;Buy {tp_quantity} pieces&lt;\/strong&gt;&quot;,&quot;options_option_text&quot;:&quot;&lt;strong&gt;Buy {tp_quantity} pieces and save {tp_rounded_discount}%&lt;\/strong&gt;&quot;,&quot;plain_text_show_default_option&quot;:true,&quot;plain_text_option_text&quot;:&quot;&lt;strong&gt;Buy {tp_quantity} pieces for {tp_price} each and save {tp_rounded_discount}%&lt;\/strong&gt;&quot;,&quot;plain_text_default_option_text&quot;:&quot;&lt;strong&gt;Buy {tp_quantity} pieces for {tp_price} each&lt;\/strong&gt;&quot;,&quot;update_price_on_product_page&quot;:true,&quot;show_tiered_price_as_discount&quot;:true,&quot;show_total_price&quot;:false,&quot;quantity_measurement_singular&quot;:&quot;&quot;,&quot;quantity_measurement_plural&quot;:&quot;&quot;,&quot;product_id&quot;:null}\" data-display-context=\"product-page\" data-display-type=\"table\" data-product-id=\"9981\" data-product-type=\"simple\">\n<div class=\"clear\"><\/div>\n<div class=\"tiered-pricing-wrapper\"><\/div>\n<\/div>","protected":false},"featured_media":2047,"comment_status":"open","ping_status":"closed","template":"","meta":{"_uag_custom_page_level_css":"","site-sidebar-layout":"default","site-content-layout":"","ast-site-content-layout":"default","site-content-style":"default","site-sidebar-style":"default","ast-global-header-display":"","ast-banner-title-visibility":"","ast-main-header-display":"","ast-hfb-above-header-display":"","ast-hfb-below-header-display":"","ast-hfb-mobile-header-display":"","site-post-title":"","ast-breadcrumbs-content":"","ast-featured-img":"","footer-sml-layout":"","ast-disable-related-posts":"","theme-transparent-header-meta":"default","adv-header-id-meta":"","stick-header-meta":"","header-above-stick-meta":"","header-main-stick-meta":"","header-below-stick-meta":"","astra-migrate-meta-layouts":"set","ast-page-background-enabled":"default","ast-page-background-meta":{"desktop":{"background-color":"","background-image":"","background-repeat":"repeat","background-position":"center center","background-size":"auto","background-attachment":"scroll","background-type":"","background-media":"","overlay-type":"","overlay-color":"","overlay-opacity":"","overlay-gradient":""},"tablet":{"background-color":"","background-image":"","background-repeat":"repeat","background-position":"center center","background-size":"auto","background-attachment":"scroll","background-type":"","background-media":"","overlay-type":"","overlay-color":"","overlay-opacity":"","overlay-gradient":""},"mobile":{"background-color":"","background-image":"","background-repeat":"repeat","background-position":"center center","background-size":"auto","background-attachment":"scroll","background-type":"","background-media":"","overlay-type":"","overlay-color":"","overlay-opacity":"","overlay-gradient":""}},"ast-content-background-meta":{"desktop":{"background-color":"var(--ast-global-color-5)","background-image":"","background-repeat":"repeat","background-position":"center center","background-size":"auto","background-attachment":"scroll","background-type":"","background-media":"","overlay-type":"","overlay-color":"","overlay-opacity":"","overlay-gradient":""},"tablet":{"background-color":"var(--ast-global-color-5)","background-image":"","background-repeat":"repeat","background-position":"center center","background-size":"auto","background-attachment":"scroll","background-type":"","background-media":"","overlay-type":"","overlay-color":"","overlay-opacity":"","overlay-gradient":""},"mobile":{"background-color":"var(--ast-global-color-5)","background-image":"","background-repeat":"repeat","background-position":"center center","background-size":"auto","background-attachment":"scroll","background-type":"","background-media":"","overlay-type":"","overlay-color":"","overlay-opacity":"","overlay-gradient":""}},"episode_type":"","audio_file":"","cover_image":"","cover_image_id":"","duration":"","filesize":"","filesize_raw":"","date_recorded":"","explicit":"","block":"","itunes_episode_number":"","itunes_title":"","itunes_season_number":"","itunes_episode_type":""},"product_brand":[],"product_cat":[27],"product_tag":[],"class_list":{"0":"post-2039","1":"product","2":"type-product","3":"status-publish","4":"has-post-thumbnail","6":"product_cat-vorzeitiger-samenerguss","7":"desktop-align-left","8":"tablet-align-left","9":"mobile-align-left","11":"first","12":"instock","13":"shipping-taxable","14":"purchasable","15":"product-type-variable"},"yoast_head":"<!-- This site is optimized with the Yoast SEO plugin v27.0 - https:\/\/yoast.com\/product\/yoast-seo-wordpress\/ -->\n<title>Cenforce Kaufen 160 Mg Online | Apotheke Europe<\/title>\n<meta name=\"description\" content=\"Kaufen Sie Cenforce 160 mg online bei Apotheke Europe. Sicher, diskret und preiswert. Schnelle Lieferung direkt zu Ihnen nach Hause. Jetzt bestellen.\" \/>\n<meta name=\"robots\" content=\"index, follow, max-snippet:-1, max-image-preview:large, max-video-preview:-1\" \/>\n<link rel=\"canonical\" href=\"https:\/\/cialisonlineshop.de\/fr\/product\/cenforce-d-160-mg-kaufen\/\" \/>\n<meta property=\"og:locale\" content=\"fr_FR\" \/>\n<meta property=\"og:type\" content=\"article\" \/>\n<meta property=\"og:title\" content=\"Cenforce Kaufen 160 Mg Online | Apotheke Europe\" \/>\n<meta property=\"og:description\" content=\"Kaufen Sie Cenforce 160 mg online bei Apotheke Europe. Sicher, diskret und preiswert. Schnelle Lieferung direkt zu Ihnen nach Hause. Jetzt bestellen.\" \/>\n<meta property=\"og:url\" content=\"https:\/\/cialisonlineshop.de\/fr\/product\/cenforce-d-160-mg-kaufen\/\" \/>\n<meta property=\"article:modified_time\" content=\"2026-02-24T11:05:16+00:00\" \/>\n<meta property=\"og:image\" content=\"https:\/\/cialisonlineshop.de\/wp-content\/uploads\/2026\/01\/Cenforce-D-160.jpg\" \/>\n\t<meta property=\"og:image:width\" content=\"600\" \/>\n\t<meta property=\"og:image:height\" content=\"600\" \/>\n\t<meta property=\"og:image:type\" content=\"image\/jpeg\" \/>\n<meta name=\"twitter:card\" content=\"summary_large_image\" \/>\n<meta name=\"twitter:label1\" content=\"Dur\u00e9e de lecture estim\u00e9e\" \/>\n\t<meta name=\"twitter:data1\" content=\"4 minutes\" \/>\n<script type=\"application\/ld+json\" class=\"yoast-schema-graph\">{\"@context\":\"https:\/\/schema.org\",\"@graph\":[{\"@type\":\"WebPage\",\"@id\":\"https:\/\/cialisonlineshop.de\/product\/cenforce-d-160-mg-kaufen\/\",\"url\":\"https:\/\/cialisonlineshop.de\/product\/cenforce-d-160-mg-kaufen\/\",\"name\":\"Cenforce Kaufen 160 Mg Online | Apotheke Europe\",\"isPartOf\":{\"@id\":\"https:\/\/cialisonlineshop.de\/#website\"},\"primaryImageOfPage\":{\"@id\":\"https:\/\/cialisonlineshop.de\/product\/cenforce-d-160-mg-kaufen\/#primaryimage\"},\"image\":{\"@id\":\"https:\/\/cialisonlineshop.de\/product\/cenforce-d-160-mg-kaufen\/#primaryimage\"},\"thumbnailUrl\":\"https:\/\/cialisonlineshop.de\/wp-content\/uploads\/2026\/01\/Cenforce-D-160.jpg\",\"datePublished\":\"2026-01-14T10:15:57+00:00\",\"dateModified\":\"2026-02-24T11:05:16+00:00\",\"description\":\"Kaufen Sie Cenforce 160 mg online bei Apotheke Europe. Sicher, diskret und preiswert. Schnelle Lieferung direkt zu Ihnen nach Hause. Jetzt bestellen.\",\"breadcrumb\":{\"@id\":\"https:\/\/cialisonlineshop.de\/product\/cenforce-d-160-mg-kaufen\/#breadcrumb\"},\"inLanguage\":\"fr-FR\",\"potentialAction\":[{\"@type\":\"ReadAction\",\"target\":[\"https:\/\/cialisonlineshop.de\/product\/cenforce-d-160-mg-kaufen\/\"]}]},{\"@type\":\"ImageObject\",\"inLanguage\":\"fr-FR\",\"@id\":\"https:\/\/cialisonlineshop.de\/product\/cenforce-d-160-mg-kaufen\/#primaryimage\",\"url\":\"https:\/\/cialisonlineshop.de\/wp-content\/uploads\/2026\/01\/Cenforce-D-160.jpg\",\"contentUrl\":\"https:\/\/cialisonlineshop.de\/wp-content\/uploads\/2026\/01\/Cenforce-D-160.jpg\",\"width\":600,\"height\":600,\"caption\":\"import placeholder for 5683\"},{\"@type\":\"BreadcrumbList\",\"@id\":\"https:\/\/cialisonlineshop.de\/product\/cenforce-d-160-mg-kaufen\/#breadcrumb\",\"itemListElement\":[{\"@type\":\"ListItem\",\"position\":1,\"name\":\"Home\",\"item\":\"https:\/\/cialisonlineshop.de\/\"},{\"@type\":\"ListItem\",\"position\":2,\"name\":\"Shop\",\"item\":\"https:\/\/cialisonlineshop.de\/shop\/\"},{\"@type\":\"ListItem\",\"position\":3,\"name\":\"Cenforce-D 160 mg Kaufen\"}]},{\"@type\":\"WebSite\",\"@id\":\"https:\/\/cialisonlineshop.de\/#website\",\"url\":\"https:\/\/cialisonlineshop.de\/\",\"name\":\"Cialisonlineshop\",\"description\":\"\",\"publisher\":{\"@id\":\"https:\/\/cialisonlineshop.de\/#organization\"},\"potentialAction\":[{\"@type\":\"SearchAction\",\"target\":{\"@type\":\"EntryPoint\",\"urlTemplate\":\"https:\/\/cialisonlineshop.de\/?s={search_term_string}\"},\"query-input\":{\"@type\":\"PropertyValueSpecification\",\"valueRequired\":true,\"valueName\":\"search_term_string\"}}],\"inLanguage\":\"fr-FR\"},{\"@type\":\"Organization\",\"@id\":\"https:\/\/cialisonlineshop.de\/#organization\",\"name\":\"Cialisonlineshop\",\"url\":\"https:\/\/cialisonlineshop.de\/\",\"logo\":{\"@type\":\"ImageObject\",\"inLanguage\":\"fr-FR\",\"@id\":\"https:\/\/cialisonlineshop.de\/#\/schema\/logo\/image\/\",\"url\":\"https:\/\/cialisonlineshop.de\/wp-content\/uploads\/2026\/01\/Logo_maker_project__6_-removebg-preview-1.png\",\"contentUrl\":\"https:\/\/cialisonlineshop.de\/wp-content\/uploads\/2026\/01\/Logo_maker_project__6_-removebg-preview-1.png\",\"width\":432,\"height\":88,\"caption\":\"Cialisonlineshop\"},\"image\":{\"@id\":\"https:\/\/cialisonlineshop.de\/#\/schema\/logo\/image\/\"}}]}<\/script>\n<!-- \/ Yoast SEO plugin. -->","yoast_head_json":{"title":"Cenforce Kaufen 160 Mg Online | Apotheke Europe","description":"Kaufen Sie Cenforce 160 mg online bei Apotheke Europe. Sicher, diskret und preiswert. Schnelle Lieferung direkt zu Ihnen nach Hause. Jetzt bestellen.","robots":{"index":"index","follow":"follow","max-snippet":"max-snippet:-1","max-image-preview":"max-image-preview:large","max-video-preview":"max-video-preview:-1"},"canonical":"https:\/\/cialisonlineshop.de\/fr\/product\/cenforce-d-160-mg-kaufen\/","og_locale":"fr_FR","og_type":"article","og_title":"Cenforce Kaufen 160 Mg Online | Apotheke Europe","og_description":"Kaufen Sie Cenforce 160 mg online bei Apotheke Europe. Sicher, diskret und preiswert. Schnelle Lieferung direkt zu Ihnen nach Hause. Jetzt bestellen.","og_url":"https:\/\/cialisonlineshop.de\/fr\/product\/cenforce-d-160-mg-kaufen\/","article_modified_time":"2026-02-24T11:05:16+00:00","og_image":[{"width":600,"height":600,"url":"https:\/\/cialisonlineshop.de\/wp-content\/uploads\/2026\/01\/Cenforce-D-160.jpg","type":"image\/jpeg"}],"twitter_card":"summary_large_image","twitter_misc":{"Dur\u00e9e de lecture estim\u00e9e":"4 minutes"},"schema":{"@context":"https:\/\/schema.org","@graph":[{"@type":"WebPage","@id":"https:\/\/cialisonlineshop.de\/product\/cenforce-d-160-mg-kaufen\/","url":"https:\/\/cialisonlineshop.de\/product\/cenforce-d-160-mg-kaufen\/","name":"Cenforce Kaufen 160 Mg Online | Apotheke Europe","isPartOf":{"@id":"https:\/\/cialisonlineshop.de\/#website"},"primaryImageOfPage":{"@id":"https:\/\/cialisonlineshop.de\/product\/cenforce-d-160-mg-kaufen\/#primaryimage"},"image":{"@id":"https:\/\/cialisonlineshop.de\/product\/cenforce-d-160-mg-kaufen\/#primaryimage"},"thumbnailUrl":"https:\/\/cialisonlineshop.de\/wp-content\/uploads\/2026\/01\/Cenforce-D-160.jpg","datePublished":"2026-01-14T10:15:57+00:00","dateModified":"2026-02-24T11:05:16+00:00","description":"Kaufen Sie Cenforce 160 mg online bei Apotheke Europe. Sicher, diskret und preiswert. Schnelle Lieferung direkt zu Ihnen nach Hause. Jetzt bestellen.","breadcrumb":{"@id":"https:\/\/cialisonlineshop.de\/product\/cenforce-d-160-mg-kaufen\/#breadcrumb"},"inLanguage":"fr-FR","potentialAction":[{"@type":"ReadAction","target":["https:\/\/cialisonlineshop.de\/product\/cenforce-d-160-mg-kaufen\/"]}]},{"@type":"ImageObject","inLanguage":"fr-FR","@id":"https:\/\/cialisonlineshop.de\/product\/cenforce-d-160-mg-kaufen\/#primaryimage","url":"https:\/\/cialisonlineshop.de\/wp-content\/uploads\/2026\/01\/Cenforce-D-160.jpg","contentUrl":"https:\/\/cialisonlineshop.de\/wp-content\/uploads\/2026\/01\/Cenforce-D-160.jpg","width":600,"height":600,"caption":"import placeholder for 5683"},{"@type":"BreadcrumbList","@id":"https:\/\/cialisonlineshop.de\/product\/cenforce-d-160-mg-kaufen\/#breadcrumb","itemListElement":[{"@type":"ListItem","position":1,"name":"Home","item":"https:\/\/cialisonlineshop.de\/"},{"@type":"ListItem","position":2,"name":"Shop","item":"https:\/\/cialisonlineshop.de\/shop\/"},{"@type":"ListItem","position":3,"name":"Cenforce-D 160 mg Kaufen"}]},{"@type":"WebSite","@id":"https:\/\/cialisonlineshop.de\/#website","url":"https:\/\/cialisonlineshop.de\/","name":"Cialisonlineshop","description":"","publisher":{"@id":"https:\/\/cialisonlineshop.de\/#organization"},"potentialAction":[{"@type":"SearchAction","target":{"@type":"EntryPoint","urlTemplate":"https:\/\/cialisonlineshop.de\/?s={search_term_string}"},"query-input":{"@type":"PropertyValueSpecification","valueRequired":true,"valueName":"search_term_string"}}],"inLanguage":"fr-FR"},{"@type":"Organization","@id":"https:\/\/cialisonlineshop.de\/#organization","name":"Cialisonlineshop","url":"https:\/\/cialisonlineshop.de\/","logo":{"@type":"ImageObject","inLanguage":"fr-FR","@id":"https:\/\/cialisonlineshop.de\/#\/schema\/logo\/image\/","url":"https:\/\/cialisonlineshop.de\/wp-content\/uploads\/2026\/01\/Logo_maker_project__6_-removebg-preview-1.png","contentUrl":"https:\/\/cialisonlineshop.de\/wp-content\/uploads\/2026\/01\/Logo_maker_project__6_-removebg-preview-1.png","width":432,"height":88,"caption":"Cialisonlineshop"},"image":{"@id":"https:\/\/cialisonlineshop.de\/#\/schema\/logo\/image\/"}}]}},"uagb_featured_image_src":{"full":["https:\/\/cialisonlineshop.de\/wp-content\/uploads\/2026\/01\/Cenforce-D-160.jpg",600,600,false],"thumbnail":["https:\/\/cialisonlineshop.de\/wp-content\/uploads\/2026\/01\/Cenforce-D-160-150x150.jpg",150,150,true],"medium":["https:\/\/cialisonlineshop.de\/wp-content\/uploads\/2026\/01\/Cenforce-D-160-300x300.jpg",300,300,true],"medium_large":["https:\/\/cialisonlineshop.de\/wp-content\/uploads\/2026\/01\/Cenforce-D-160.jpg",600,600,false],"large":["https:\/\/cialisonlineshop.de\/wp-content\/uploads\/2026\/01\/Cenforce-D-160.jpg",600,600,false],"1536x1536":["https:\/\/cialisonlineshop.de\/wp-content\/uploads\/2026\/01\/Cenforce-D-160.jpg",600,600,false],"2048x2048":["https:\/\/cialisonlineshop.de\/wp-content\/uploads\/2026\/01\/Cenforce-D-160.jpg",600,600,false],"trp-custom-language-flag":["https:\/\/cialisonlineshop.de\/wp-content\/uploads\/2026\/01\/Cenforce-D-160.jpg",12,12,false],"woocommerce_thumbnail":["https:\/\/cialisonlineshop.de\/wp-content\/uploads\/2026\/01\/Cenforce-D-160-300x300.jpg",300,300,true],"woocommerce_single":["https:\/\/cialisonlineshop.de\/wp-content\/uploads\/2026\/01\/Cenforce-D-160.jpg",600,600,false],"woocommerce_gallery_thumbnail":["https:\/\/cialisonlineshop.de\/wp-content\/uploads\/2026\/01\/Cenforce-D-160-100x100.jpg",100,100,true]},"uagb_author_info":{"display_name":"Stefan T\u00f6njes","author_link":"https:\/\/cialisonlineshop.de\/fr\/author\/"},"uagb_comment_info":0,"uagb_excerpt":"Geh\u00f6rt zu den meistverkauften Produkten zur Behandlung der vorzeitigen Ejakulation und gleichzeitig der erektilen Dysfunktion, zusammen mit Super Kamagra. Produktcode: 87971766127 Kategorie: Vorzeitiger Samenerguss Marke: Centurion Laboratories Pvt. Ltd. Verf\u00fcgbarkeit: Auf Lager","jetpack_sharing_enabled":true,"_links":{"self":[{"href":"https:\/\/cialisonlineshop.de\/fr\/wp-json\/wp\/v2\/product\/2039","targetHints":{"allow":["GET"]}}],"collection":[{"href":"https:\/\/cialisonlineshop.de\/fr\/wp-json\/wp\/v2\/product"}],"about":[{"href":"https:\/\/cialisonlineshop.de\/fr\/wp-json\/wp\/v2\/types\/product"}],"replies":[{"embeddable":true,"href":"https:\/\/cialisonlineshop.de\/fr\/wp-json\/wp\/v2\/comments?post=2039"}],"wp:featuredmedia":[{"embeddable":true,"href":"https:\/\/cialisonlineshop.de\/fr\/wp-json\/wp\/v2\/media\/2047"}],"wp:attachment":[{"href":"https:\/\/cialisonlineshop.de\/fr\/wp-json\/wp\/v2\/media?parent=2039"}],"wp:term":[{"taxonomy":"product_brand","embeddable":true,"href":"https:\/\/cialisonlineshop.de\/fr\/wp-json\/wp\/v2\/product_brand?post=2039"},{"taxonomy":"product_cat","embeddable":true,"href":"https:\/\/cialisonlineshop.de\/fr\/wp-json\/wp\/v2\/product_cat?post=2039"},{"taxonomy":"product_tag","embeddable":true,"href":"https:\/\/cialisonlineshop.de\/fr\/wp-json\/wp\/v2\/product_tag?post=2039"}],"curies":[{"name":"wp","href":"https:\/\/api.w.org\/{rel}","templated":true}]}}