{"id":2038,"date":"2026-01-14T10:15:57","date_gmt":"2026-01-14T10:15:57","guid":{"rendered":"https:\/\/cialisonlineshop.de\/?post_type=product&#038;p=2038"},"modified":"2026-02-24T11:16:50","modified_gmt":"2026-02-24T11:16:50","slug":"dapoxetine-kaufen","status":"publish","type":"product","link":"https:\/\/cialisonlineshop.de\/fr\/product\/dapoxetine-kaufen\/","title":{"rendered":"Dapoxetine kaufen"},"content":{"rendered":"<h1>Dapoxetine kaufen, das beste Medikament gegen erektile Dysfunktion. Jetzt einkaufen!<\/h1>\n<p><strong>Dapoxetine kaufen\u00a0 ist ein wirksames Mittel gegen vorzeitige Ejakulation, das f\u00fcr M\u00e4nner ab 18 Jahren geeignet ist.<\/strong>\u00a0Es enth\u00e4lt den Wirkstoff Dapoxetin, der den Patienten mehr Kontrolle \u00fcber die Dauer des Geschlechtsverkehrs gibt. Das von Zenit Pharmaceutical Industries Pvt. Ltd. unter klinischen Bedingungen hergestellte Dapoxetin-Generikum wird nach einem hohen Qualit\u00e4tsstandard produziert, um seine Sicherheit und Wirksamkeit zu gew\u00e4hrleisten. Es entspricht allen europ\u00e4ischen Normen und erf\u00fcllt alle Standards der Food and Drug Administration (FDA).<\/p>\n<p>Dapoxetin geh\u00f6rt zur Familie der (SSRI) Serotonin-Wiederaufnahmehemmer. Es ist das einzige Medikament, das f\u00fcr die Behandlung der vorzeitigen Ejakulation zugelassen ist. Man nimmt an, dass der Wirkungsmechanismus von Dapoxetine kaufen mit der Hemmung der neuronalen Wiederaufnahme von Serotonin und der anschlie\u00dfenden Potenzierung der Aktivit\u00e4t des Neurotransmitters zusammenh\u00e4ngt. Generisches Dapoxetin hemmt den Ejakulationsaussto\u00dfreflex, indem es auf supraspinaler Ebene im lateralen paragigantozellul\u00e4ren Nukleus (LPGi) wirkt. Das Medikament kann die Zeit zwischen sexueller Erregung und H\u00f6hepunkt verl\u00e4ngern.<\/p>\n<p>Dapoxetine kaufen Um mehr \u00fcber die Funktionsweise des Medikaments zu erfahren, lesen Sie den Inhalt des Tabs Wirkweise.<\/p>\n<h2><a href=\"https:\/\/en.wikipedia.org\/wiki\/Dapoxetine\">Dapoxetine kaufen<\/a> Vorteile<\/h2>\n<p>Der wichtigste Vorteil von Dapoxetin 60 mg Tabletten ist die Verl\u00e4ngerung des Geschlechtsverkehrs ohne vorzeitige Ejakulation. W\u00e4hrend der Studien dauerten der Geschlechtsverkehr und der H\u00f6hepunkt des Mannes nachweislich dreimal so lange, wenn der Patient das Medikament einnahm. Gleichzeitig wurde die Ejakulation besser kontrolliert.<\/p>\n<p>Zu den Vorteilen von Dapoxetin geh\u00f6ren:<\/p>\n<ul>\n<li>verl\u00e4ngerter Geschlechtsverkehr,<\/li>\n<li>schneller Wirkungseintritt (30\u201360 Minuten),<\/li>\n<li>lange effektive Behandlungsdauer (bis zu 12 Stunden),<\/li>\n<li>g\u00fcnstigerer Preis im Vergleich zum Original Priligy.<\/li>\n<\/ul>\n<p>W\u00e4hlen Sie Ihre Lieblingspackung und kaufen Sie billige generische Dapoxetine 60 Pillen online zum besten Preis in Deutschland mit einem Rabatt ohne Rezept.<\/p>\n<h3>Dapoxetine kaufen Nebenwirkungen<\/h3>\n<p>Neben den notwendigen Wirkungen kann Dapoxetin 60 mg auch einige unerw\u00fcnschte Wirkungen haben. Auch wenn nicht alle dieser Nebenwirkungen auftreten, m\u00fcssen sie dennoch \u00e4rztlich behandelt werden.<\/p>\n<p>H\u00e4ufig berichtete Nebenwirkungen von Dapoxetin sind:<\/p>\n<ul>\n<li>Kopfschmerzen<\/li>\n<li>Err\u00f6ten<\/li>\n<li>\u00dcbelkeit<\/li>\n<li>Schwindelgef\u00fchl<\/li>\n<li>Durchfall (Diarrh\u00f6)<\/li>\n<li>Erbrechen<\/li>\n<li>Erh\u00f6hter Blutdruck<\/li>\n<\/ul>\n<p>Eine vollst\u00e4ndige Liste der unerw\u00fcnschten Wirkungen finden Sie unter dem Tab\u00a0Nebenwirkungen.<\/p>\n<h5>Dapoxetine kaufen Wie man das Medikament einnimmt<\/h5>\n<p>Achten Sie auf die maximale Tagesdosis des Wirkstoffs, die bei einer Tablette pro Tag liegt. Es wird empfohlen, die Dapoxetine kaufen\u00a0 Tabletten mit mindestens einem vollen Glas Wasser einzunehmen. Nehmen Sie das Medikament etwa eine halbe Stunde vor dem Geschlechtsverkehr ein. Da es sich nicht um ein Aphrodisiakum handelt, ist eine sexuelle Stimulation erforderlich, um die Wirkung zu erzielen.<\/p>\n<p>Um das Beste aus Ihrer Behandlung herauszuholen, lesen Sie bitte die folgenden Informationen sorgf\u00e4ltig durch:<\/p>\n<ul>\n<li>Die empfohlene Anfangsdosis betr\u00e4gt 30 mg.<\/li>\n<li>Sie sollten die Pille 1 bis 3 Stunden vor der sexuellen Aktivit\u00e4t einnehmen.<\/li>\n<li>Eine sichere angegebene Dosis von Dapoxetin innerhalb von 24 Stunden betr\u00e4gt 60 mg (1 Tablette).<\/li>\n<\/ul>\n<p>Die Kombination von Alkohol mit Dapoxetin kann die neurokognitiven Wirkungen verst\u00e4rken und unerw\u00fcnschte Ereignisse wie Synkopen beg\u00fcnstigen, wodurch sich das Risiko von Unf\u00e4llen erh\u00f6ht. Daher sollte den Patienten geraten werden, w\u00e4hrend der Einnahme von Dapoxetine kaufen auf Alkohol zu verzichten. Es besteht die Gefahr einer \u00dcberdosierung oder eines erh\u00f6hten Risikos von Nebenwirkungen.<\/p>\n<p>Patienten sollten angewiesen werden, Dapoxetine 60 mg nicht in Kombination mit Alkohol zu nehmen.<\/p>\n<p>Die Kombination von Alkohol mit Dapoxetin kann alkoholbedingte neurokognitive Effekte verst\u00e4rken und auch neurokardiogene unerw\u00fcnschte Ereignisse wie Synkope verst\u00e4rken, wodurch das Risiko einer versehentlichen Verletzung erh\u00f6ht wird. Daher sollte den Patienten geraten werden, Alkohol w\u00e4hrend der Einnahme von Dapoxetine 60 mg zu vermeiden.<\/p>\n<p>Patienten sollten angewiesen werden, Dapoxetine 60 mg nicht in Kombination mit Freizeitdrogen zu verwenden. Freizeitdrogen mit serotonerger Aktivit\u00e4t wie Ketamin, Methylendioxymethamphetamin (MDMA) und Lysergs\u00e4urediethylamid (LSD) k\u00f6nnen in Kombination mit Dapoxetine 60 mg zu potenziell schwerwiegenden Reaktionen f\u00fchren.<\/p>\n<p>Diese Reaktionen umfassen, ohne darauf beschr\u00e4nkt zu sein, Arrhythmie, Hyperthermie und Serotonin-Syndrom. Die Verwendung von Dapoxetine 60 mg mit Freizeitmdrogen mit beruhigenden Eigenschaften wie Bet\u00e4ubungsmitteln und Benzodiazepinen kann die Schl\u00e4frigkeit und den Schwindel weiter erh\u00f6hen.<\/p>\n<p>M\u00f6glicherweise traten prodromale Symptome wie \u00dcbelkeit, Schwindel, Benommenheit, Herzklopfen, Asthenie, Verwirrtheit und Diaphorese im Allgemeinen innerhalb der ersten 3 Stunden nach der Dosierung auf und gingen h\u00e4ufig der Synkope voraus. Patienten m\u00fcssen darauf hingewiesen werden, dass sie w\u00e4hrend ihrer Behandlung mit Dapoxetine 60 mg jederzeit eine Synkope mit oder ohne Prodromalsymptome haben k\u00f6nnen.<\/p>\n<p>Es ist wichtig, eine ausreichende Fl\u00fcssigkeitszufuhr sicherstellen und prodromale Anzeichen und Symptome zu erkennen, um die Wahrscheinlichkeit schwerer Verletzungen im Zusammenhang mit St\u00fcrzen aufgrund von Bewusstseinsverlust zu verringern.<\/p>","protected":false},"excerpt":{"rendered":"<table class=\"info\">\n<tbody>\n<tr>\n<td>Produktcode:<\/td>\n<td>611355387596<\/td>\n<\/tr>\n<tr>\n<td>Kategorie:<\/td>\n<td>\u00a0Vorzeitiger Samenerguss<\/td>\n<\/tr>\n<tr>\n<td>Marke:<\/td>\n<td>Zenit Pharmaceutical Industries Pvt. Ltd.<\/td>\n<\/tr>\n<tr>\n<td>Verf\u00fcgbarkeit:<\/td>\n<td>Auf Lager<\/td>\n<\/tr>\n<\/tbody>\n<\/table>","protected":false},"featured_media":2046,"comment_status":"open","ping_status":"closed","template":"","meta":{"_uag_custom_page_level_css":"","site-sidebar-layout":"default","site-content-layout":"","ast-site-content-layout":"default","site-content-style":"default","site-sidebar-style":"default","ast-global-header-display":"","ast-banner-title-visibility":"","ast-main-header-display":"","ast-hfb-above-header-display":"","ast-hfb-below-header-display":"","ast-hfb-mobile-header-display":"","site-post-title":"","ast-breadcrumbs-content":"","ast-featured-img":"","footer-sml-layout":"","ast-disable-related-posts":"","theme-transparent-header-meta":"default","adv-header-id-meta":"","stick-header-meta":"","header-above-stick-meta":"","header-main-stick-meta":"","header-below-stick-meta":"","astra-migrate-meta-layouts":"set","ast-page-background-enabled":"default","ast-page-background-meta":{"desktop":{"background-color":"","background-image":"","background-repeat":"repeat","background-position":"center center","background-size":"auto","background-attachment":"scroll","background-type":"","background-media":"","overlay-type":"","overlay-color":"","overlay-opacity":"","overlay-gradient":""},"tablet":{"background-color":"","background-image":"","background-repeat":"repeat","background-position":"center center","background-size":"auto","background-attachment":"scroll","background-type":"","background-media":"","overlay-type":"","overlay-color":"","overlay-opacity":"","overlay-gradient":""},"mobile":{"background-color":"","background-image":"","background-repeat":"repeat","background-position":"center center","background-size":"auto","background-attachment":"scroll","background-type":"","background-media":"","overlay-type":"","overlay-color":"","overlay-opacity":"","overlay-gradient":""}},"ast-content-background-meta":{"desktop":{"background-color":"var(--ast-global-color-5)","background-image":"","background-repeat":"repeat","background-position":"center center","background-size":"auto","background-attachment":"scroll","background-type":"","background-media":"","overlay-type":"","overlay-color":"","overlay-opacity":"","overlay-gradient":""},"tablet":{"background-color":"var(--ast-global-color-5)","background-image":"","background-repeat":"repeat","background-position":"center center","background-size":"auto","background-attachment":"scroll","background-type":"","background-media":"","overlay-type":"","overlay-color":"","overlay-opacity":"","overlay-gradient":""},"mobile":{"background-color":"var(--ast-global-color-5)","background-image":"","background-repeat":"repeat","background-position":"center center","background-size":"auto","background-attachment":"scroll","background-type":"","background-media":"","overlay-type":"","overlay-color":"","overlay-opacity":"","overlay-gradient":""}},"episode_type":"","audio_file":"","cover_image":"","cover_image_id":"","duration":"","filesize":"","filesize_raw":"","date_recorded":"","explicit":"","block":"","itunes_episode_number":"","itunes_title":"","itunes_season_number":"","itunes_episode_type":""},"product_brand":[],"product_cat":[27],"product_tag":[],"class_list":{"0":"post-2038","1":"product","2":"type-product","3":"status-publish","4":"has-post-thumbnail","6":"product_cat-vorzeitiger-samenerguss","7":"desktop-align-left","8":"tablet-align-left","9":"mobile-align-left","11":"first","12":"instock","13":"shipping-taxable","14":"purchasable","15":"product-type-variable"},"yoast_head":"<!-- This site is optimized with the Yoast SEO plugin v27.0 - https:\/\/yoast.com\/product\/yoast-seo-wordpress\/ -->\n<title>Dapoxetine kaufen -<\/title>\n<meta name=\"robots\" content=\"index, follow, max-snippet:-1, max-image-preview:large, max-video-preview:-1\" \/>\n<link rel=\"canonical\" href=\"https:\/\/cialisonlineshop.de\/fr\/product\/dapoxetine-kaufen\/\" \/>\n<meta property=\"og:locale\" content=\"fr_FR\" \/>\n<meta property=\"og:type\" content=\"article\" \/>\n<meta property=\"og:title\" content=\"Dapoxetine kaufen -\" \/>\n<meta property=\"og:description\" content=\"Produktcode: 611355387596   Kategorie: \u00a0Vorzeitiger Samenerguss   Marke: Zenit Pharmaceutical Industries Pvt. Ltd.   Verf\u00fcgbarkeit: Auf Lager\" \/>\n<meta property=\"og:url\" content=\"https:\/\/cialisonlineshop.de\/fr\/product\/dapoxetine-kaufen\/\" \/>\n<meta property=\"article:modified_time\" content=\"2026-02-24T11:16:50+00:00\" \/>\n<meta property=\"og:image\" content=\"https:\/\/cialisonlineshop.de\/wp-content\/uploads\/2026\/01\/Dapoxetine-60mg.jpeg\" \/>\n\t<meta property=\"og:image:width\" content=\"600\" \/>\n\t<meta property=\"og:image:height\" content=\"600\" \/>\n\t<meta property=\"og:image:type\" content=\"image\/jpeg\" \/>\n<meta name=\"twitter:card\" content=\"summary_large_image\" \/>\n<meta name=\"twitter:label1\" content=\"Dur\u00e9e de lecture estim\u00e9e\" \/>\n\t<meta name=\"twitter:data1\" content=\"5 minutes\" \/>\n<script type=\"application\/ld+json\" class=\"yoast-schema-graph\">{\"@context\":\"https:\/\/schema.org\",\"@graph\":[{\"@type\":\"WebPage\",\"@id\":\"https:\/\/cialisonlineshop.de\/product\/dapoxetine-kaufen\/\",\"url\":\"https:\/\/cialisonlineshop.de\/product\/dapoxetine-kaufen\/\",\"name\":\"Dapoxetine kaufen -\",\"isPartOf\":{\"@id\":\"https:\/\/cialisonlineshop.de\/#website\"},\"primaryImageOfPage\":{\"@id\":\"https:\/\/cialisonlineshop.de\/product\/dapoxetine-kaufen\/#primaryimage\"},\"image\":{\"@id\":\"https:\/\/cialisonlineshop.de\/product\/dapoxetine-kaufen\/#primaryimage\"},\"thumbnailUrl\":\"https:\/\/cialisonlineshop.de\/wp-content\/uploads\/2026\/01\/Dapoxetine-60mg.jpeg\",\"datePublished\":\"2026-01-14T10:15:57+00:00\",\"dateModified\":\"2026-02-24T11:16:50+00:00\",\"breadcrumb\":{\"@id\":\"https:\/\/cialisonlineshop.de\/product\/dapoxetine-kaufen\/#breadcrumb\"},\"inLanguage\":\"fr-FR\",\"potentialAction\":[{\"@type\":\"ReadAction\",\"target\":[\"https:\/\/cialisonlineshop.de\/product\/dapoxetine-kaufen\/\"]}]},{\"@type\":\"ImageObject\",\"inLanguage\":\"fr-FR\",\"@id\":\"https:\/\/cialisonlineshop.de\/product\/dapoxetine-kaufen\/#primaryimage\",\"url\":\"https:\/\/cialisonlineshop.de\/wp-content\/uploads\/2026\/01\/Dapoxetine-60mg.jpeg\",\"contentUrl\":\"https:\/\/cialisonlineshop.de\/wp-content\/uploads\/2026\/01\/Dapoxetine-60mg.jpeg\",\"width\":600,\"height\":600,\"caption\":\"import placeholder for 5682\"},{\"@type\":\"BreadcrumbList\",\"@id\":\"https:\/\/cialisonlineshop.de\/product\/dapoxetine-kaufen\/#breadcrumb\",\"itemListElement\":[{\"@type\":\"ListItem\",\"position\":1,\"name\":\"Home\",\"item\":\"https:\/\/cialisonlineshop.de\/\"},{\"@type\":\"ListItem\",\"position\":2,\"name\":\"Shop\",\"item\":\"https:\/\/cialisonlineshop.de\/shop\/\"},{\"@type\":\"ListItem\",\"position\":3,\"name\":\"Dapoxetine kaufen\"}]},{\"@type\":\"WebSite\",\"@id\":\"https:\/\/cialisonlineshop.de\/#website\",\"url\":\"https:\/\/cialisonlineshop.de\/\",\"name\":\"Cialisonlineshop\",\"description\":\"\",\"publisher\":{\"@id\":\"https:\/\/cialisonlineshop.de\/#organization\"},\"potentialAction\":[{\"@type\":\"SearchAction\",\"target\":{\"@type\":\"EntryPoint\",\"urlTemplate\":\"https:\/\/cialisonlineshop.de\/?s={search_term_string}\"},\"query-input\":{\"@type\":\"PropertyValueSpecification\",\"valueRequired\":true,\"valueName\":\"search_term_string\"}}],\"inLanguage\":\"fr-FR\"},{\"@type\":\"Organization\",\"@id\":\"https:\/\/cialisonlineshop.de\/#organization\",\"name\":\"Cialisonlineshop\",\"url\":\"https:\/\/cialisonlineshop.de\/\",\"logo\":{\"@type\":\"ImageObject\",\"inLanguage\":\"fr-FR\",\"@id\":\"https:\/\/cialisonlineshop.de\/#\/schema\/logo\/image\/\",\"url\":\"https:\/\/cialisonlineshop.de\/wp-content\/uploads\/2026\/01\/Logo_maker_project__6_-removebg-preview-1.png\",\"contentUrl\":\"https:\/\/cialisonlineshop.de\/wp-content\/uploads\/2026\/01\/Logo_maker_project__6_-removebg-preview-1.png\",\"width\":432,\"height\":88,\"caption\":\"Cialisonlineshop\"},\"image\":{\"@id\":\"https:\/\/cialisonlineshop.de\/#\/schema\/logo\/image\/\"}}]}<\/script>\n<!-- \/ Yoast SEO plugin. -->","yoast_head_json":{"title":"Dapoxetine kaufen -","robots":{"index":"index","follow":"follow","max-snippet":"max-snippet:-1","max-image-preview":"max-image-preview:large","max-video-preview":"max-video-preview:-1"},"canonical":"https:\/\/cialisonlineshop.de\/fr\/product\/dapoxetine-kaufen\/","og_locale":"fr_FR","og_type":"article","og_title":"Dapoxetine kaufen -","og_description":"Produktcode: 611355387596   Kategorie: \u00a0Vorzeitiger Samenerguss   Marke: Zenit Pharmaceutical Industries Pvt. Ltd.   Verf\u00fcgbarkeit: Auf Lager","og_url":"https:\/\/cialisonlineshop.de\/fr\/product\/dapoxetine-kaufen\/","article_modified_time":"2026-02-24T11:16:50+00:00","og_image":[{"width":600,"height":600,"url":"https:\/\/cialisonlineshop.de\/wp-content\/uploads\/2026\/01\/Dapoxetine-60mg.jpeg","type":"image\/jpeg"}],"twitter_card":"summary_large_image","twitter_misc":{"Dur\u00e9e de lecture estim\u00e9e":"5 minutes"},"schema":{"@context":"https:\/\/schema.org","@graph":[{"@type":"WebPage","@id":"https:\/\/cialisonlineshop.de\/product\/dapoxetine-kaufen\/","url":"https:\/\/cialisonlineshop.de\/product\/dapoxetine-kaufen\/","name":"Dapoxetine kaufen -","isPartOf":{"@id":"https:\/\/cialisonlineshop.de\/#website"},"primaryImageOfPage":{"@id":"https:\/\/cialisonlineshop.de\/product\/dapoxetine-kaufen\/#primaryimage"},"image":{"@id":"https:\/\/cialisonlineshop.de\/product\/dapoxetine-kaufen\/#primaryimage"},"thumbnailUrl":"https:\/\/cialisonlineshop.de\/wp-content\/uploads\/2026\/01\/Dapoxetine-60mg.jpeg","datePublished":"2026-01-14T10:15:57+00:00","dateModified":"2026-02-24T11:16:50+00:00","breadcrumb":{"@id":"https:\/\/cialisonlineshop.de\/product\/dapoxetine-kaufen\/#breadcrumb"},"inLanguage":"fr-FR","potentialAction":[{"@type":"ReadAction","target":["https:\/\/cialisonlineshop.de\/product\/dapoxetine-kaufen\/"]}]},{"@type":"ImageObject","inLanguage":"fr-FR","@id":"https:\/\/cialisonlineshop.de\/product\/dapoxetine-kaufen\/#primaryimage","url":"https:\/\/cialisonlineshop.de\/wp-content\/uploads\/2026\/01\/Dapoxetine-60mg.jpeg","contentUrl":"https:\/\/cialisonlineshop.de\/wp-content\/uploads\/2026\/01\/Dapoxetine-60mg.jpeg","width":600,"height":600,"caption":"import placeholder for 5682"},{"@type":"BreadcrumbList","@id":"https:\/\/cialisonlineshop.de\/product\/dapoxetine-kaufen\/#breadcrumb","itemListElement":[{"@type":"ListItem","position":1,"name":"Home","item":"https:\/\/cialisonlineshop.de\/"},{"@type":"ListItem","position":2,"name":"Shop","item":"https:\/\/cialisonlineshop.de\/shop\/"},{"@type":"ListItem","position":3,"name":"Dapoxetine kaufen"}]},{"@type":"WebSite","@id":"https:\/\/cialisonlineshop.de\/#website","url":"https:\/\/cialisonlineshop.de\/","name":"Cialisonlineshop","description":"","publisher":{"@id":"https:\/\/cialisonlineshop.de\/#organization"},"potentialAction":[{"@type":"SearchAction","target":{"@type":"EntryPoint","urlTemplate":"https:\/\/cialisonlineshop.de\/?s={search_term_string}"},"query-input":{"@type":"PropertyValueSpecification","valueRequired":true,"valueName":"search_term_string"}}],"inLanguage":"fr-FR"},{"@type":"Organization","@id":"https:\/\/cialisonlineshop.de\/#organization","name":"Cialisonlineshop","url":"https:\/\/cialisonlineshop.de\/","logo":{"@type":"ImageObject","inLanguage":"fr-FR","@id":"https:\/\/cialisonlineshop.de\/#\/schema\/logo\/image\/","url":"https:\/\/cialisonlineshop.de\/wp-content\/uploads\/2026\/01\/Logo_maker_project__6_-removebg-preview-1.png","contentUrl":"https:\/\/cialisonlineshop.de\/wp-content\/uploads\/2026\/01\/Logo_maker_project__6_-removebg-preview-1.png","width":432,"height":88,"caption":"Cialisonlineshop"},"image":{"@id":"https:\/\/cialisonlineshop.de\/#\/schema\/logo\/image\/"}}]}},"uagb_featured_image_src":{"full":["https:\/\/cialisonlineshop.de\/wp-content\/uploads\/2026\/01\/Dapoxetine-60mg.jpeg",600,600,false],"thumbnail":["https:\/\/cialisonlineshop.de\/wp-content\/uploads\/2026\/01\/Dapoxetine-60mg-150x150.jpeg",150,150,true],"medium":["https:\/\/cialisonlineshop.de\/wp-content\/uploads\/2026\/01\/Dapoxetine-60mg-300x300.jpeg",300,300,true],"medium_large":["https:\/\/cialisonlineshop.de\/wp-content\/uploads\/2026\/01\/Dapoxetine-60mg.jpeg",600,600,false],"large":["https:\/\/cialisonlineshop.de\/wp-content\/uploads\/2026\/01\/Dapoxetine-60mg.jpeg",600,600,false],"1536x1536":["https:\/\/cialisonlineshop.de\/wp-content\/uploads\/2026\/01\/Dapoxetine-60mg.jpeg",600,600,false],"2048x2048":["https:\/\/cialisonlineshop.de\/wp-content\/uploads\/2026\/01\/Dapoxetine-60mg.jpeg",600,600,false],"trp-custom-language-flag":["https:\/\/cialisonlineshop.de\/wp-content\/uploads\/2026\/01\/Dapoxetine-60mg.jpeg",12,12,false],"woocommerce_thumbnail":["https:\/\/cialisonlineshop.de\/wp-content\/uploads\/2026\/01\/Dapoxetine-60mg-300x300.jpeg",300,300,true],"woocommerce_single":["https:\/\/cialisonlineshop.de\/wp-content\/uploads\/2026\/01\/Dapoxetine-60mg.jpeg",600,600,false],"woocommerce_gallery_thumbnail":["https:\/\/cialisonlineshop.de\/wp-content\/uploads\/2026\/01\/Dapoxetine-60mg-100x100.jpeg",100,100,true]},"uagb_author_info":{"display_name":"Stefan T\u00f6njes","author_link":"https:\/\/cialisonlineshop.de\/fr\/author\/"},"uagb_comment_info":0,"uagb_excerpt":"Produktcode: 611355387596 Kategorie: \u00a0Vorzeitiger Samenerguss Marke: Zenit Pharmaceutical Industries Pvt. Ltd. Verf\u00fcgbarkeit: Auf Lager","jetpack_sharing_enabled":true,"_links":{"self":[{"href":"https:\/\/cialisonlineshop.de\/fr\/wp-json\/wp\/v2\/product\/2038","targetHints":{"allow":["GET"]}}],"collection":[{"href":"https:\/\/cialisonlineshop.de\/fr\/wp-json\/wp\/v2\/product"}],"about":[{"href":"https:\/\/cialisonlineshop.de\/fr\/wp-json\/wp\/v2\/types\/product"}],"replies":[{"embeddable":true,"href":"https:\/\/cialisonlineshop.de\/fr\/wp-json\/wp\/v2\/comments?post=2038"}],"wp:featuredmedia":[{"embeddable":true,"href":"https:\/\/cialisonlineshop.de\/fr\/wp-json\/wp\/v2\/media\/2046"}],"wp:attachment":[{"href":"https:\/\/cialisonlineshop.de\/fr\/wp-json\/wp\/v2\/media?parent=2038"}],"wp:term":[{"taxonomy":"product_brand","embeddable":true,"href":"https:\/\/cialisonlineshop.de\/fr\/wp-json\/wp\/v2\/product_brand?post=2038"},{"taxonomy":"product_cat","embeddable":true,"href":"https:\/\/cialisonlineshop.de\/fr\/wp-json\/wp\/v2\/product_cat?post=2038"},{"taxonomy":"product_tag","embeddable":true,"href":"https:\/\/cialisonlineshop.de\/fr\/wp-json\/wp\/v2\/product_tag?post=2038"}],"curies":[{"name":"wp","href":"https:\/\/api.w.org\/{rel}","templated":true}]}}