{"id":2028,"date":"2026-01-14T10:15:56","date_gmt":"2026-01-14T10:15:56","guid":{"rendered":"https:\/\/cialisonlineshop.de\/?post_type=product&#038;p=2028"},"modified":"2026-01-14T10:16:01","modified_gmt":"2026-01-14T10:16:01","slug":"extra-super-p-force-bestellen-200-mg","status":"publish","type":"product","link":"https:\/\/cialisonlineshop.de\/fr\/product\/extra-super-p-force-bestellen-200-mg\/","title":{"rendered":"Extra Super P-Force bestellen 200 mg"},"content":{"rendered":"<h1>Extra Super P-Force bestellen 200 mg, das beste Medikament gegen erektile Dysfunktion. Jetzt einkaufen!<\/h1>\n<p><strong>Grundinformationen zu Extra Super P-Force bestellen 200 mg<\/strong><\/p>\n<p>Wenn Sie gleichzeitig nach einem zuverl\u00e4ssigen Mittel zur\u00a0Behandlung von Erektionsst\u00f6rungen\u00a0und vorzeitiger Ejakulation suchen, k\u00f6nnte Sie\u00a0<strong>Extra Super P-Force 200 mg<\/strong>\u00a0interessieren.<\/p>\n<p><strong>Der Hauptvorteil von Extra Super P-Force bestellen 200 mg liegt in der Kombination von zwei Wirkstoffen in einer Tablette<\/strong>. Dieses Medikament enth\u00e4lt denselben Wirkstoff wie Viagra \u2013<strong>\u00a0Sildenafil<\/strong>\u00a0\u2013 sowie<strong>\u00a0Dapoxetin<\/strong>, einen Wirkstoff<strong>\u00a0gegen vorzeitige Ejakulation<\/strong>. Es enth\u00e4lt alles, was f\u00fcr eine stabile und langanhaltende Erektion ben\u00f6tigt wird.<\/p>\n<h2>Extra Super P-Force bestellen 200 mg Wirkstoff<\/h2>\n<p>Der Wirkstoff<strong>\u00a0Sildenafil\u00a0Citrat<\/strong>\u00a0unterst\u00fctzt die Durchblutung des Penis positiv und hilft dabei, eine starke, gute und langanhaltende Erektion zu erreichen. Der Geschlechtsverkehr wird zufriedenstellend und erfolgreich. Der Wirkstoff Dapoxetin geh\u00f6rt zu den Serotonin-R\u00fcckaufnahmehemmern und hilft, den Geschlechtsverkehr zu verl\u00e4ngern.<\/p>\n<h3>Dosierung und Anwendung<\/h3>\n<p>Die \u00fcbliche Einzeldosis betr\u00e4gt zu Beginn eine halbe Tablette (100 mg). Je nach Bedarf und Vertr\u00e4glichkeit kann die Einzeldosis auf 200 mg t\u00e4glich erh\u00f6ht werden. Es wird jedoch darauf hingewiesen,<strong>\u00a0dass nicht mehr als 1 Tablette Extra Super P-Force 200 mg<\/strong>\u00a0pro Tag eingenommen werden sollte.<\/p>\n<p>Die Wirkung tritt jedoch erst bei sexueller Stimulation ein, da Extra Super P-Force kein Aphrodisiakum ist. Es wird empfohlen, Extra Super P-Force 200 mg bereits 30-60 Minuten vor dem Geschlechtsverkehr w\u00e4hrend des Vorspiels einzunehmen. Die Wirkung zeigt sich in der Regel zwischen 4 und 6 Stunden.<\/p>\n<p>Das Pr\u00e4parat kann vor oder nach einer Mahlzeit eingenommen werden. Alkohol, fettreiche Speisen, Grapefruit und Grapefruitsaft k\u00f6nnen jedoch die Wirkung von Extra Super P-Force 200 mg negativ beeinflussen.<\/p>\n<h4>Kontraindikationen<\/h4>\n<p>Extra Super P-Force 200 mg sollte nicht eingenommen werden, wenn:<\/p>\n<ul>\n<li><strong>Sie allergisch gegen Sildenafil, Dapoxetin<\/strong>\u00a0oder andere Wirkstoffe sind.<\/li>\n<li>Sie k\u00fcrzlich einen\u00a0<strong>Herzinfarkt oder Schlaganfall<\/strong>\u00a0erlitten haben oder an anderen Herzerkrankungen wie niedrigem<strong>\u00a0Blutdruck oder hohem Blutdruck leiden.<\/strong><\/li>\n<li><strong>Sie Nitrate einnehmen<\/strong>\u00a0(z. B. Nitroglycerin, Isosorbid-Dinitrat) oder Medikamente einnehmen, die Stickoxid freisetzen (z. B. Isoamyl-Nitrit).<\/li>\n<li>Sie Medikamente gegen Angina Pectoris einnehmen (z. B. Nitrate oder Stickoxid).<\/li>\n<li>Sie an schweren Herzerkrankungen, Nieren- oder Leberst\u00f6rungen leiden.<\/li>\n<li>Sie an einer seltenen Netzhauterkrankung leiden (z. B. Retinitis Pigmentosa) oder Ihr Sehverm\u00f6gen durch NAION verloren haben.<\/li>\n<li>Sie Riociguat einnehmen (zur Behandlung von pulmonaler arterieller Hypertonie und chronischer Lungenhochdruck).<\/li>\n<li><strong>Sie an bipolarer St\u00f6rung leiden.<\/strong><\/li>\n<li><strong>Sie an Anf\u00e4llen leiden.<\/strong><\/li>\n<li><strong>Sie an Psychose leiden.<\/strong><\/li>\n<li>Sie Protease-Inhibitoren zur Behandlung von AIDS oder HIV-Infektion einnehmen.<\/li>\n<li><strong>Sie bereits ein anderes Potenzmittel einnehmen.<\/strong><\/li>\n<\/ul>\n<h2>Warnung<\/h2>\n<p><strong>Informieren Sie Ihren Arzt<\/strong>, bevor Sie Sildenafil oder Dapoxetin einnehmen, wenn Sie:<\/p>\n<ul>\n<li>Herzprobleme haben.<\/li>\n<li>An Peyronie-Krankheit oder anderen Penisdeformationen leiden.<\/li>\n<li>An Sichelzellenan\u00e4mie, Leuk\u00e4mie oder multiplem Myelom leiden.<\/li>\n<\/ul>\n<p>Die Einnahme von Extra Super P-Force 200 mg zusammen mit anderen verschreibungspflichtigen oder rezeptfreien Medikamenten sollte von Ihrem Arzt genehmigt werden, insbesondere wenn diese Medikamente Erythromycin, Cimetidin oder Ketoconazol enthalten.<\/p>\n<h2>M\u00f6gliche Nebenwirkungen<\/h2>\n<p><strong>Extra Super P-Force 200 mg ist ein Potenzmittel, das in der Regel gut vertragen wird.<\/strong>\u00a0Es k\u00f6nnen jedoch wie bei jedem anderen Medikament Nebenwirkungen auftreten. Meist handelt es sich um milde Beschwerden, die nicht lange anhalten. Dies sind haupts\u00e4chlich Kopfschmerzen, Gesichtsr\u00f6tung, Unwohlsein, Verdauungsprobleme, Hitzewallungen, Sehst\u00f6rungen (verschwommenes oder blaues Sehen), Schnupfen oder Schwindelgef\u00fchle.<\/p>\n<h2>Wichtiger Hinweis<\/h2>\n<p>Wenn Sie nach der Einnahme des Arzneimittels eine starke Verschlechterung Ihrer Sehkraft oder Ihres H\u00f6rverm\u00f6gens, Blut im Urin oder eine schmerzhafte Erektion haben, insbesondere ohne sexuelle Erregung, sollten Sie sofort Ihren Arzt aufsuchen.<\/p>\n<p>Medizinische Hilfe sollte sofort bei ungew\u00f6hnlichen Reaktionen oder bei einer deutlichen Verschlechterung Ihres Zustands nach der Einnahme des Arzneimittels in Anspruch genommen werden.\u00a0<strong>Suchen Sie auch dann einen Arzt auf<\/strong>, wenn die Nebenwirkungen l\u00e4nger anhalten.<\/p>\n<h2>Lagerung<\/h2>\n<p>Lagern Sie bei Temperaturen bis 30\u00b0C. Bewahren Sie das Arzneimittel in der Originalverpackung auf und sch\u00fctzen Sie es vor Feuchtigkeit. Halten Sie es au\u00dferhalb der Reichweite von Kindern.<\/p>\n<h2>F\u00fcr Interessierte<\/h2>\n<p>M\u00f6chten Sie das Problem der vorzeitigen Ejakulation l\u00f6sen? Schauen Sie sich die Artikel Was ist\u00a0vorzeitige Ejakulation\u00a0und\u00a0Vorzeitige Ejakulation \u2013 Fragen und Antworten\u00a0an, in denen Sie Antworten auf viele Fragen zu diesem Thema finden.<\/p>\n<p>Ein interessantes und viel diskutiertes Thema ist das Erreichen des Orgasmus bei Frauen. M\u00e4nner sind von diesem Problem weniger betroffen, aber es kann gelegentlich vorkommen, dass es nicht wie erwartet funktioniert. Erfahren Sie mehr im Artikel\u00a0M\u00e4nnlicher Orgasmus \u2013 Warum es manchmal nicht funktioniert und wie man aus einem guten Orgasmus etwas Besonderes macht.<\/p>\n<p>Dieses Produkt wird ohne Beipackzettel geliefert.<\/p>","protected":false},"excerpt":{"rendered":"<p>Wenn Sie auf der Suche nach einer zuverl\u00e4ssigen L\u00f6sung f\u00fcr erektile Dysfunktion und vorzeitige Ejakulation sind, k\u00f6nnte Extra Super P-Force 200 mg Ihr Interesse wecken. Ein herausragender Vorteil von Extra Super P-Force 200 mg besteht in der Kombination von zwei Wirkstoffen in einer einzigen Tablette.<\/p>\n<table class=\"info\">\n<tbody>\n<tr>\n<td>Produktcode:<\/td>\n<td>850853834893<\/td>\n<\/tr>\n<tr>\n<td>Kategorie:<\/td>\n<td>\n<header class=\"entry-header\">\n<p class=\"entry-title\"><a href=\"https:\/\/kamagrashop.online\/vorzeitiger-samenerguss\/\">Vorzeitiger Samenerguss<\/a><\/p>\n<\/header>\n<\/td>\n<\/tr>\n<tr>\n<td>Marke:<\/td>\n<td>Sunrise Remedies Pvt. Ltd.<\/td>\n<\/tr>\n<tr>\n<td>Verf\u00fcgbarkeit:<\/td>\n<td>Auf Lager<\/td>\n<\/tr>\n<\/tbody>\n<\/table>","protected":false},"featured_media":2045,"comment_status":"open","ping_status":"closed","template":"","meta":{"_uag_custom_page_level_css":"","site-sidebar-layout":"","site-content-layout":"","ast-site-content-layout":"","site-content-style":"","site-sidebar-style":"","ast-global-header-display":"","ast-banner-title-visibility":"","ast-main-header-display":"","ast-hfb-above-header-display":"","ast-hfb-below-header-display":"","ast-hfb-mobile-header-display":"","site-post-title":"","ast-breadcrumbs-content":"","ast-featured-img":"","footer-sml-layout":"","ast-disable-related-posts":"","theme-transparent-header-meta":"","adv-header-id-meta":"","stick-header-meta":"","header-above-stick-meta":"","header-main-stick-meta":"","header-below-stick-meta":"","astra-migrate-meta-layouts":"","ast-page-background-enabled":"default","ast-page-background-meta":{"desktop":{"background-color":"","background-image":"","background-repeat":"repeat","background-position":"center center","background-size":"auto","background-attachment":"scroll","background-type":"","background-media":"","overlay-type":"","overlay-color":"","overlay-opacity":"","overlay-gradient":""},"tablet":{"background-color":"","background-image":"","background-repeat":"repeat","background-position":"center center","background-size":"auto","background-attachment":"scroll","background-type":"","background-media":"","overlay-type":"","overlay-color":"","overlay-opacity":"","overlay-gradient":""},"mobile":{"background-color":"","background-image":"","background-repeat":"repeat","background-position":"center center","background-size":"auto","background-attachment":"scroll","background-type":"","background-media":"","overlay-type":"","overlay-color":"","overlay-opacity":"","overlay-gradient":""}},"ast-content-background-meta":{"desktop":{"background-color":"var(--ast-global-color-5)","background-image":"","background-repeat":"repeat","background-position":"center center","background-size":"auto","background-attachment":"scroll","background-type":"","background-media":"","overlay-type":"","overlay-color":"","overlay-opacity":"","overlay-gradient":""},"tablet":{"background-color":"var(--ast-global-color-5)","background-image":"","background-repeat":"repeat","background-position":"center center","background-size":"auto","background-attachment":"scroll","background-type":"","background-media":"","overlay-type":"","overlay-color":"","overlay-opacity":"","overlay-gradient":""},"mobile":{"background-color":"var(--ast-global-color-5)","background-image":"","background-repeat":"repeat","background-position":"center center","background-size":"auto","background-attachment":"scroll","background-type":"","background-media":"","overlay-type":"","overlay-color":"","overlay-opacity":"","overlay-gradient":""}},"episode_type":"","audio_file":"","cover_image":"","cover_image_id":"","duration":"","filesize":"","filesize_raw":"","date_recorded":"","explicit":"","block":"","itunes_episode_number":"","itunes_title":"","itunes_season_number":"","itunes_episode_type":""},"product_brand":[],"product_cat":[27],"product_tag":[],"class_list":{"0":"post-2028","1":"product","2":"type-product","3":"status-publish","4":"has-post-thumbnail","6":"product_cat-vorzeitiger-samenerguss","7":"desktop-align-left","8":"tablet-align-left","9":"mobile-align-left","11":"first","12":"instock","13":"shipping-taxable","14":"purchasable","15":"product-type-variable"},"yoast_head":"<!-- This site is optimized with the Yoast SEO plugin v27.0 - https:\/\/yoast.com\/product\/yoast-seo-wordpress\/ -->\n<title>Extra Super P-Force bestellen 200 mg -<\/title>\n<meta name=\"robots\" content=\"index, follow, max-snippet:-1, max-image-preview:large, max-video-preview:-1\" \/>\n<link rel=\"canonical\" href=\"https:\/\/cialisonlineshop.de\/fr\/product\/extra-super-p-force-bestellen-200-mg\/\" \/>\n<meta property=\"og:locale\" content=\"fr_FR\" \/>\n<meta property=\"og:type\" content=\"article\" \/>\n<meta property=\"og:title\" content=\"Extra Super P-Force bestellen 200 mg -\" \/>\n<meta property=\"og:description\" content=\"Wenn Sie auf der Suche nach einer zuverl\u00e4ssigen L\u00f6sung f\u00fcr erektile Dysfunktion und vorzeitige Ejakulation sind, k\u00f6nnte Extra Super P-Force 200 mg Ihr Interesse wecken. Ein herausragender Vorteil von Extra Super P-Force 200 mg besteht in der Kombination von zwei Wirkstoffen in einer einzigen Tablette.    Produktcode: 850853834893   Kategorie:  Vorzeitiger Samenerguss     Marke: Sunrise Remedies Pvt. Ltd.   Verf\u00fcgbarkeit: Auf Lager\" \/>\n<meta property=\"og:url\" content=\"https:\/\/cialisonlineshop.de\/fr\/product\/extra-super-p-force-bestellen-200-mg\/\" \/>\n<meta property=\"article:modified_time\" content=\"2026-01-14T10:16:01+00:00\" \/>\n<meta property=\"og:image\" content=\"https:\/\/cialisonlineshop.de\/wp-content\/uploads\/2026\/01\/Extra-Super-P-force-200-mg.jpeg\" \/>\n\t<meta property=\"og:image:width\" content=\"1271\" \/>\n\t<meta property=\"og:image:height\" content=\"1661\" \/>\n\t<meta property=\"og:image:type\" content=\"image\/jpeg\" \/>\n<meta name=\"twitter:card\" content=\"summary_large_image\" \/>\n<meta name=\"twitter:label1\" content=\"Dur\u00e9e de lecture estim\u00e9e\" \/>\n\t<meta name=\"twitter:data1\" content=\"4 minutes\" \/>\n<script type=\"application\/ld+json\" class=\"yoast-schema-graph\">{\"@context\":\"https:\/\/schema.org\",\"@graph\":[{\"@type\":\"WebPage\",\"@id\":\"https:\/\/cialisonlineshop.de\/product\/extra-super-p-force-bestellen-200-mg\/\",\"url\":\"https:\/\/cialisonlineshop.de\/product\/extra-super-p-force-bestellen-200-mg\/\",\"name\":\"Extra Super P-Force bestellen 200 mg -\",\"isPartOf\":{\"@id\":\"https:\/\/cialisonlineshop.de\/#website\"},\"primaryImageOfPage\":{\"@id\":\"https:\/\/cialisonlineshop.de\/product\/extra-super-p-force-bestellen-200-mg\/#primaryimage\"},\"image\":{\"@id\":\"https:\/\/cialisonlineshop.de\/product\/extra-super-p-force-bestellen-200-mg\/#primaryimage\"},\"thumbnailUrl\":\"https:\/\/cialisonlineshop.de\/wp-content\/uploads\/2026\/01\/Extra-Super-P-force-200-mg.jpeg\",\"datePublished\":\"2026-01-14T10:15:56+00:00\",\"dateModified\":\"2026-01-14T10:16:01+00:00\",\"breadcrumb\":{\"@id\":\"https:\/\/cialisonlineshop.de\/product\/extra-super-p-force-bestellen-200-mg\/#breadcrumb\"},\"inLanguage\":\"fr-FR\",\"potentialAction\":[{\"@type\":\"ReadAction\",\"target\":[\"https:\/\/cialisonlineshop.de\/product\/extra-super-p-force-bestellen-200-mg\/\"]}]},{\"@type\":\"ImageObject\",\"inLanguage\":\"fr-FR\",\"@id\":\"https:\/\/cialisonlineshop.de\/product\/extra-super-p-force-bestellen-200-mg\/#primaryimage\",\"url\":\"https:\/\/cialisonlineshop.de\/wp-content\/uploads\/2026\/01\/Extra-Super-P-force-200-mg.jpeg\",\"contentUrl\":\"https:\/\/cialisonlineshop.de\/wp-content\/uploads\/2026\/01\/Extra-Super-P-force-200-mg.jpeg\",\"width\":1271,\"height\":1661,\"caption\":\"import placeholder for 5667\"},{\"@type\":\"BreadcrumbList\",\"@id\":\"https:\/\/cialisonlineshop.de\/product\/extra-super-p-force-bestellen-200-mg\/#breadcrumb\",\"itemListElement\":[{\"@type\":\"ListItem\",\"position\":1,\"name\":\"Home\",\"item\":\"https:\/\/cialisonlineshop.de\/\"},{\"@type\":\"ListItem\",\"position\":2,\"name\":\"Shop\",\"item\":\"https:\/\/cialisonlineshop.de\/shop\/\"},{\"@type\":\"ListItem\",\"position\":3,\"name\":\"Extra Super P-Force bestellen 200 mg\"}]},{\"@type\":\"WebSite\",\"@id\":\"https:\/\/cialisonlineshop.de\/#website\",\"url\":\"https:\/\/cialisonlineshop.de\/\",\"name\":\"Cialisonlineshop\",\"description\":\"\",\"publisher\":{\"@id\":\"https:\/\/cialisonlineshop.de\/#organization\"},\"potentialAction\":[{\"@type\":\"SearchAction\",\"target\":{\"@type\":\"EntryPoint\",\"urlTemplate\":\"https:\/\/cialisonlineshop.de\/?s={search_term_string}\"},\"query-input\":{\"@type\":\"PropertyValueSpecification\",\"valueRequired\":true,\"valueName\":\"search_term_string\"}}],\"inLanguage\":\"fr-FR\"},{\"@type\":\"Organization\",\"@id\":\"https:\/\/cialisonlineshop.de\/#organization\",\"name\":\"Cialisonlineshop\",\"url\":\"https:\/\/cialisonlineshop.de\/\",\"logo\":{\"@type\":\"ImageObject\",\"inLanguage\":\"fr-FR\",\"@id\":\"https:\/\/cialisonlineshop.de\/#\/schema\/logo\/image\/\",\"url\":\"https:\/\/cialisonlineshop.de\/wp-content\/uploads\/2026\/01\/Logo_maker_project__6_-removebg-preview-1.png\",\"contentUrl\":\"https:\/\/cialisonlineshop.de\/wp-content\/uploads\/2026\/01\/Logo_maker_project__6_-removebg-preview-1.png\",\"width\":432,\"height\":88,\"caption\":\"Cialisonlineshop\"},\"image\":{\"@id\":\"https:\/\/cialisonlineshop.de\/#\/schema\/logo\/image\/\"}}]}<\/script>\n<!-- \/ Yoast SEO plugin. -->","yoast_head_json":{"title":"Extra Super P-Force bestellen 200 mg -","robots":{"index":"index","follow":"follow","max-snippet":"max-snippet:-1","max-image-preview":"max-image-preview:large","max-video-preview":"max-video-preview:-1"},"canonical":"https:\/\/cialisonlineshop.de\/fr\/product\/extra-super-p-force-bestellen-200-mg\/","og_locale":"fr_FR","og_type":"article","og_title":"Extra Super P-Force bestellen 200 mg -","og_description":"Wenn Sie auf der Suche nach einer zuverl\u00e4ssigen L\u00f6sung f\u00fcr erektile Dysfunktion und vorzeitige Ejakulation sind, k\u00f6nnte Extra Super P-Force 200 mg Ihr Interesse wecken. Ein herausragender Vorteil von Extra Super P-Force 200 mg besteht in der Kombination von zwei Wirkstoffen in einer einzigen Tablette.    Produktcode: 850853834893   Kategorie:  Vorzeitiger Samenerguss     Marke: Sunrise Remedies Pvt. Ltd.   Verf\u00fcgbarkeit: Auf Lager","og_url":"https:\/\/cialisonlineshop.de\/fr\/product\/extra-super-p-force-bestellen-200-mg\/","article_modified_time":"2026-01-14T10:16:01+00:00","og_image":[{"width":1271,"height":1661,"url":"https:\/\/cialisonlineshop.de\/wp-content\/uploads\/2026\/01\/Extra-Super-P-force-200-mg.jpeg","type":"image\/jpeg"}],"twitter_card":"summary_large_image","twitter_misc":{"Dur\u00e9e de lecture estim\u00e9e":"4 minutes"},"schema":{"@context":"https:\/\/schema.org","@graph":[{"@type":"WebPage","@id":"https:\/\/cialisonlineshop.de\/product\/extra-super-p-force-bestellen-200-mg\/","url":"https:\/\/cialisonlineshop.de\/product\/extra-super-p-force-bestellen-200-mg\/","name":"Extra Super P-Force bestellen 200 mg -","isPartOf":{"@id":"https:\/\/cialisonlineshop.de\/#website"},"primaryImageOfPage":{"@id":"https:\/\/cialisonlineshop.de\/product\/extra-super-p-force-bestellen-200-mg\/#primaryimage"},"image":{"@id":"https:\/\/cialisonlineshop.de\/product\/extra-super-p-force-bestellen-200-mg\/#primaryimage"},"thumbnailUrl":"https:\/\/cialisonlineshop.de\/wp-content\/uploads\/2026\/01\/Extra-Super-P-force-200-mg.jpeg","datePublished":"2026-01-14T10:15:56+00:00","dateModified":"2026-01-14T10:16:01+00:00","breadcrumb":{"@id":"https:\/\/cialisonlineshop.de\/product\/extra-super-p-force-bestellen-200-mg\/#breadcrumb"},"inLanguage":"fr-FR","potentialAction":[{"@type":"ReadAction","target":["https:\/\/cialisonlineshop.de\/product\/extra-super-p-force-bestellen-200-mg\/"]}]},{"@type":"ImageObject","inLanguage":"fr-FR","@id":"https:\/\/cialisonlineshop.de\/product\/extra-super-p-force-bestellen-200-mg\/#primaryimage","url":"https:\/\/cialisonlineshop.de\/wp-content\/uploads\/2026\/01\/Extra-Super-P-force-200-mg.jpeg","contentUrl":"https:\/\/cialisonlineshop.de\/wp-content\/uploads\/2026\/01\/Extra-Super-P-force-200-mg.jpeg","width":1271,"height":1661,"caption":"import placeholder for 5667"},{"@type":"BreadcrumbList","@id":"https:\/\/cialisonlineshop.de\/product\/extra-super-p-force-bestellen-200-mg\/#breadcrumb","itemListElement":[{"@type":"ListItem","position":1,"name":"Home","item":"https:\/\/cialisonlineshop.de\/"},{"@type":"ListItem","position":2,"name":"Shop","item":"https:\/\/cialisonlineshop.de\/shop\/"},{"@type":"ListItem","position":3,"name":"Extra Super P-Force bestellen 200 mg"}]},{"@type":"WebSite","@id":"https:\/\/cialisonlineshop.de\/#website","url":"https:\/\/cialisonlineshop.de\/","name":"Cialisonlineshop","description":"","publisher":{"@id":"https:\/\/cialisonlineshop.de\/#organization"},"potentialAction":[{"@type":"SearchAction","target":{"@type":"EntryPoint","urlTemplate":"https:\/\/cialisonlineshop.de\/?s={search_term_string}"},"query-input":{"@type":"PropertyValueSpecification","valueRequired":true,"valueName":"search_term_string"}}],"inLanguage":"fr-FR"},{"@type":"Organization","@id":"https:\/\/cialisonlineshop.de\/#organization","name":"Cialisonlineshop","url":"https:\/\/cialisonlineshop.de\/","logo":{"@type":"ImageObject","inLanguage":"fr-FR","@id":"https:\/\/cialisonlineshop.de\/#\/schema\/logo\/image\/","url":"https:\/\/cialisonlineshop.de\/wp-content\/uploads\/2026\/01\/Logo_maker_project__6_-removebg-preview-1.png","contentUrl":"https:\/\/cialisonlineshop.de\/wp-content\/uploads\/2026\/01\/Logo_maker_project__6_-removebg-preview-1.png","width":432,"height":88,"caption":"Cialisonlineshop"},"image":{"@id":"https:\/\/cialisonlineshop.de\/#\/schema\/logo\/image\/"}}]}},"uagb_featured_image_src":{"full":["https:\/\/cialisonlineshop.de\/wp-content\/uploads\/2026\/01\/Extra-Super-P-force-200-mg.jpeg",1271,1661,false],"thumbnail":["https:\/\/cialisonlineshop.de\/wp-content\/uploads\/2026\/01\/Extra-Super-P-force-200-mg-150x150.jpeg",150,150,true],"medium":["https:\/\/cialisonlineshop.de\/wp-content\/uploads\/2026\/01\/Extra-Super-P-force-200-mg-230x300.jpeg",230,300,true],"medium_large":["https:\/\/cialisonlineshop.de\/wp-content\/uploads\/2026\/01\/Extra-Super-P-force-200-mg-768x1004.jpeg",768,1004,true],"large":["https:\/\/cialisonlineshop.de\/wp-content\/uploads\/2026\/01\/Extra-Super-P-force-200-mg-784x1024.jpeg",784,1024,true],"1536x1536":["https:\/\/cialisonlineshop.de\/wp-content\/uploads\/2026\/01\/Extra-Super-P-force-200-mg-1175x1536.jpeg",1175,1536,true],"2048x2048":["https:\/\/cialisonlineshop.de\/wp-content\/uploads\/2026\/01\/Extra-Super-P-force-200-mg.jpeg",1271,1661,false],"trp-custom-language-flag":["https:\/\/cialisonlineshop.de\/wp-content\/uploads\/2026\/01\/Extra-Super-P-force-200-mg.jpeg",9,12,false],"woocommerce_thumbnail":["https:\/\/cialisonlineshop.de\/wp-content\/uploads\/2026\/01\/Extra-Super-P-force-200-mg-300x300.jpeg",300,300,true],"woocommerce_single":["https:\/\/cialisonlineshop.de\/wp-content\/uploads\/2026\/01\/Extra-Super-P-force-200-mg-600x784.jpeg",600,784,true],"woocommerce_gallery_thumbnail":["https:\/\/cialisonlineshop.de\/wp-content\/uploads\/2026\/01\/Extra-Super-P-force-200-mg-100x100.jpeg",100,100,true]},"uagb_author_info":{"display_name":"Stefan T\u00f6njes","author_link":"https:\/\/cialisonlineshop.de\/fr\/author\/"},"uagb_comment_info":0,"uagb_excerpt":"Wenn Sie auf der Suche nach einer zuverl\u00e4ssigen L\u00f6sung f\u00fcr erektile Dysfunktion und vorzeitige Ejakulation sind, k\u00f6nnte Extra Super P-Force 200 mg Ihr Interesse wecken. Ein herausragender Vorteil von Extra Super P-Force 200 mg besteht in der Kombination von zwei Wirkstoffen in einer einzigen Tablette. Produktcode: 850853834893 Kategorie: Vorzeitiger Samenerguss Marke: Sunrise Remedies Pvt. Ltd.\u2026","jetpack_sharing_enabled":true,"_links":{"self":[{"href":"https:\/\/cialisonlineshop.de\/fr\/wp-json\/wp\/v2\/product\/2028","targetHints":{"allow":["GET"]}}],"collection":[{"href":"https:\/\/cialisonlineshop.de\/fr\/wp-json\/wp\/v2\/product"}],"about":[{"href":"https:\/\/cialisonlineshop.de\/fr\/wp-json\/wp\/v2\/types\/product"}],"replies":[{"embeddable":true,"href":"https:\/\/cialisonlineshop.de\/fr\/wp-json\/wp\/v2\/comments?post=2028"}],"wp:featuredmedia":[{"embeddable":true,"href":"https:\/\/cialisonlineshop.de\/fr\/wp-json\/wp\/v2\/media\/2045"}],"wp:attachment":[{"href":"https:\/\/cialisonlineshop.de\/fr\/wp-json\/wp\/v2\/media?parent=2028"}],"wp:term":[{"taxonomy":"product_brand","embeddable":true,"href":"https:\/\/cialisonlineshop.de\/fr\/wp-json\/wp\/v2\/product_brand?post=2028"},{"taxonomy":"product_cat","embeddable":true,"href":"https:\/\/cialisonlineshop.de\/fr\/wp-json\/wp\/v2\/product_cat?post=2028"},{"taxonomy":"product_tag","embeddable":true,"href":"https:\/\/cialisonlineshop.de\/fr\/wp-json\/wp\/v2\/product_tag?post=2028"}],"curies":[{"name":"wp","href":"https:\/\/api.w.org\/{rel}","templated":true}]}}