{"id":2026,"date":"2026-01-14T10:15:56","date_gmt":"2026-01-14T10:15:56","guid":{"rendered":"https:\/\/cialisonlineshop.de\/?post_type=product&#038;p=2026"},"modified":"2026-02-24T11:03:01","modified_gmt":"2026-02-24T11:03:01","slug":"10-x-packs-cenforce-200mg-100-tabletten","status":"publish","type":"product","link":"https:\/\/cialisonlineshop.de\/fr\/product\/10-x-packs-cenforce-200mg-100-tabletten\/","title":{"rendered":"10 x Packs Cenforce 200mg (100 Tabletten)"},"content":{"rendered":"<p><strong>Dies ist ein Sonderangebot f\u00fcr eine Gro\u00dfbestellung von Cenforce 200 mg zum besten Preis auf dem aktuellen Markt. Z\u00f6gern Sie nicht und sichern Sie sich Ihre Medikamente, solange das Angebot gilt!<\/strong><\/p>\n<p>Cenforce 200mg Potenzpillen sind eine erfolgreiche und weithin akzeptierte Behandlung f\u00fcr erektile Dysfunktion (ED). Das Medikament enth\u00e4lt Sildenafil in einer hohen Menge von 200 mg pro Tablette und ist als Tablette mit verl\u00e4ngerter Wirkdauer erh\u00e4ltlich. Cenforce wird von Centurion Laboratories Pvt. Ltd. unter klinischen Bedingungen hergestellt und unterliegt einem hohen Qualit\u00e4tsstandard, um seine Sicherheit und Wirksamkeit zu gew\u00e4hrleisten.<\/p>\n<p>Der Wirkstoff von Cenforce ist Sildenafilzitrat in einer Menge von 200 mg pro Pille, was der doppelten Standarddosis entspricht. Sildenafil geh\u00f6rt zu der Klasse von Medikamenten, die als PDE-5-Hemmer bekannt sind und den Blutfluss zum Penis nach sexueller Stimulation erh\u00f6hen. Dies geschieht durch die Blockierung des Enzyms, das f\u00fcr den Abbau von cGMP verantwortlich ist. cGMP ist eine Substanz, die die Blutgef\u00e4\u00dfe und die glatten Muskelzellen entspannt und weitet. Dadurch k\u00f6nnen M\u00e4nner eine Erektion aufrechterhalten, die hart genug f\u00fcr den Sex ist.<\/p>\n<p>Die effektive Behandlungsdauer betr\u00e4gt 4-6 Stunden. Viele berichten jedoch von l\u00e4ngeren Zeiten. Patienten, die Cenforce 200 mg einnehmen, berichten regelm\u00e4\u00dfig \u00fcber erfolgreichen Geschlechtsverkehr und setzen die Behandlung im Allgemeinen fort.<\/p>\n<h2>Wichtige Information<\/h2>\n<p>Um den bestm\u00f6glichen Nutzen aus Ihrer Behandlung zu ziehen, lesen Sie bitte die folgenden Informationen sorgf\u00e4ltig durch:<\/p>\n<ul>\n<li>die sichere empfohlene Dosis von Cenforce 200 innerhalb von 24 Stunden betr\u00e4gt 200 mg (1 Tablette)<\/li>\n<li>beginnen Sie mit kleineren Dosen (100 mg) und erh\u00f6hen Sie diese bei Bedarf<\/li>\n<li>nehmen Sie das Medikament immer mit einem gro\u00dfen Glas Wasser ein<\/li>\n<li>die Wirkung kann nach 30-60 Minuten sp\u00fcrbar sein<\/li>\n<li>die effektive Behandlungsdauer betr\u00e4gt bis zu 6 Stunden<\/li>\n<\/ul>\n<p>Vermeiden Sie gro\u00dfe oder fetthaltige Mahlzeiten in der N\u00e4he der Zeit, in der Sie das Medikament einnehmen wollen. Cenforce 200 kann den Blutdruck senken, und die Kombination mit Alkohol kann diese Wirkung noch verst\u00e4rken. Cenforce 200 wirkt nur nach sexueller Stimulation. Nehmen Sie niemals andere Medikamente gegen erektile Dysfunktion zur gleichen Zeit wie Cenforce 200 mg ein. Es wirkt innerhalb von 30 bis 60 Minuten, kann aber bis zu vier Stunden vor der sexuellen Aktivit\u00e4t eingenommen werden.<\/p>","protected":false},"excerpt":{"rendered":"<table class=\"info\">\n<tbody>\n<tr>\n<td>Produktcode:<\/td>\n<td>87971766107-10<\/td>\n<\/tr>\n<tr>\n<td>Kategorie:<\/td>\n<td><a href=\"https:\/\/kamagrashop.online\/multipacks-sonderangebote\/\">Multipacks &#8211; Sonderangebote<\/a><\/td>\n<\/tr>\n<tr>\n<td>Marke:<\/td>\n<td>Centurion Laboratories Pvt. Ltd.<\/td>\n<\/tr>\n<tr>\n<td>Verf\u00fcgbarkeit:<\/td>\n<td>Auf Lager &#8211; sofort Lie\u00adfer\u00adbar<\/td>\n<\/tr>\n<\/tbody>\n<\/table>","protected":false},"featured_media":2043,"comment_status":"open","ping_status":"closed","template":"","meta":{"_uag_custom_page_level_css":"","site-sidebar-layout":"default","site-content-layout":"","ast-site-content-layout":"default","site-content-style":"default","site-sidebar-style":"default","ast-global-header-display":"","ast-banner-title-visibility":"","ast-main-header-display":"","ast-hfb-above-header-display":"","ast-hfb-below-header-display":"","ast-hfb-mobile-header-display":"","site-post-title":"","ast-breadcrumbs-content":"","ast-featured-img":"","footer-sml-layout":"","ast-disable-related-posts":"","theme-transparent-header-meta":"default","adv-header-id-meta":"","stick-header-meta":"","header-above-stick-meta":"","header-main-stick-meta":"","header-below-stick-meta":"","astra-migrate-meta-layouts":"set","ast-page-background-enabled":"default","ast-page-background-meta":{"desktop":{"background-color":"","background-image":"","background-repeat":"repeat","background-position":"center center","background-size":"auto","background-attachment":"scroll","background-type":"","background-media":"","overlay-type":"","overlay-color":"","overlay-opacity":"","overlay-gradient":""},"tablet":{"background-color":"","background-image":"","background-repeat":"repeat","background-position":"center center","background-size":"auto","background-attachment":"scroll","background-type":"","background-media":"","overlay-type":"","overlay-color":"","overlay-opacity":"","overlay-gradient":""},"mobile":{"background-color":"","background-image":"","background-repeat":"repeat","background-position":"center center","background-size":"auto","background-attachment":"scroll","background-type":"","background-media":"","overlay-type":"","overlay-color":"","overlay-opacity":"","overlay-gradient":""}},"ast-content-background-meta":{"desktop":{"background-color":"var(--ast-global-color-5)","background-image":"","background-repeat":"repeat","background-position":"center center","background-size":"auto","background-attachment":"scroll","background-type":"","background-media":"","overlay-type":"","overlay-color":"","overlay-opacity":"","overlay-gradient":""},"tablet":{"background-color":"var(--ast-global-color-5)","background-image":"","background-repeat":"repeat","background-position":"center center","background-size":"auto","background-attachment":"scroll","background-type":"","background-media":"","overlay-type":"","overlay-color":"","overlay-opacity":"","overlay-gradient":""},"mobile":{"background-color":"var(--ast-global-color-5)","background-image":"","background-repeat":"repeat","background-position":"center center","background-size":"auto","background-attachment":"scroll","background-type":"","background-media":"","overlay-type":"","overlay-color":"","overlay-opacity":"","overlay-gradient":""}},"episode_type":"","audio_file":"","cover_image":"","cover_image_id":"","duration":"","filesize":"","filesize_raw":"","date_recorded":"","explicit":"","block":"","itunes_episode_number":"","itunes_title":"","itunes_season_number":"","itunes_episode_type":""},"product_brand":[],"product_cat":[25],"product_tag":[],"class_list":{"0":"post-2026","1":"product","2":"type-product","3":"status-publish","4":"has-post-thumbnail","6":"product_cat-multipacks-sonderangebote","7":"desktop-align-left","8":"tablet-align-left","9":"mobile-align-left","11":"first","12":"instock","13":"shipping-taxable","14":"purchasable","15":"product-type-simple"},"yoast_head":"<!-- This site is optimized with the Yoast SEO plugin v27.0 - https:\/\/yoast.com\/product\/yoast-seo-wordpress\/ -->\n<title>10 x Packs Cenforce 200mg (100 Tabletten) -<\/title>\n<meta name=\"robots\" content=\"index, follow, max-snippet:-1, max-image-preview:large, max-video-preview:-1\" \/>\n<link rel=\"canonical\" href=\"https:\/\/cialisonlineshop.de\/fr\/product\/10-x-packs-cenforce-200mg-100-tabletten\/\" \/>\n<meta property=\"og:locale\" content=\"fr_FR\" \/>\n<meta property=\"og:type\" content=\"article\" \/>\n<meta property=\"og:title\" content=\"10 x Packs Cenforce 200mg (100 Tabletten) -\" \/>\n<meta property=\"og:description\" content=\"Produktcode: 87971766107-10   Kategorie: Multipacks - Sonderangebote   Marke: Centurion Laboratories Pvt. Ltd.   Verf\u00fcgbarkeit: Auf Lager - sofort Lie\u00adfer\u00adbar\" \/>\n<meta property=\"og:url\" content=\"https:\/\/cialisonlineshop.de\/fr\/product\/10-x-packs-cenforce-200mg-100-tabletten\/\" \/>\n<meta property=\"article:modified_time\" content=\"2026-02-24T11:03:01+00:00\" \/>\n<meta property=\"og:image\" content=\"https:\/\/cialisonlineshop.de\/wp-content\/uploads\/2026\/01\/Cenforce-200mg.jpg\" \/>\n\t<meta property=\"og:image:width\" content=\"570\" \/>\n\t<meta property=\"og:image:height\" content=\"570\" \/>\n\t<meta property=\"og:image:type\" content=\"image\/jpeg\" \/>\n<meta name=\"twitter:card\" content=\"summary_large_image\" \/>\n<meta name=\"twitter:label1\" content=\"Dur\u00e9e de lecture estim\u00e9e\" \/>\n\t<meta name=\"twitter:data1\" content=\"3 minutes\" \/>\n<script type=\"application\/ld+json\" class=\"yoast-schema-graph\">{\"@context\":\"https:\/\/schema.org\",\"@graph\":[{\"@type\":\"WebPage\",\"@id\":\"https:\/\/cialisonlineshop.de\/product\/10-x-packs-cenforce-200mg-100-tabletten\/\",\"url\":\"https:\/\/cialisonlineshop.de\/product\/10-x-packs-cenforce-200mg-100-tabletten\/\",\"name\":\"10 x Packs Cenforce 200mg (100 Tabletten) -\",\"isPartOf\":{\"@id\":\"https:\/\/cialisonlineshop.de\/#website\"},\"primaryImageOfPage\":{\"@id\":\"https:\/\/cialisonlineshop.de\/product\/10-x-packs-cenforce-200mg-100-tabletten\/#primaryimage\"},\"image\":{\"@id\":\"https:\/\/cialisonlineshop.de\/product\/10-x-packs-cenforce-200mg-100-tabletten\/#primaryimage\"},\"thumbnailUrl\":\"https:\/\/cialisonlineshop.de\/wp-content\/uploads\/2026\/01\/Cenforce-200mg.jpg\",\"datePublished\":\"2026-01-14T10:15:56+00:00\",\"dateModified\":\"2026-02-24T11:03:01+00:00\",\"breadcrumb\":{\"@id\":\"https:\/\/cialisonlineshop.de\/product\/10-x-packs-cenforce-200mg-100-tabletten\/#breadcrumb\"},\"inLanguage\":\"fr-FR\",\"potentialAction\":[{\"@type\":\"ReadAction\",\"target\":[\"https:\/\/cialisonlineshop.de\/product\/10-x-packs-cenforce-200mg-100-tabletten\/\"]}]},{\"@type\":\"ImageObject\",\"inLanguage\":\"fr-FR\",\"@id\":\"https:\/\/cialisonlineshop.de\/product\/10-x-packs-cenforce-200mg-100-tabletten\/#primaryimage\",\"url\":\"https:\/\/cialisonlineshop.de\/wp-content\/uploads\/2026\/01\/Cenforce-200mg.jpg\",\"contentUrl\":\"https:\/\/cialisonlineshop.de\/wp-content\/uploads\/2026\/01\/Cenforce-200mg.jpg\",\"width\":570,\"height\":570,\"caption\":\"import placeholder for 5665\"},{\"@type\":\"BreadcrumbList\",\"@id\":\"https:\/\/cialisonlineshop.de\/product\/10-x-packs-cenforce-200mg-100-tabletten\/#breadcrumb\",\"itemListElement\":[{\"@type\":\"ListItem\",\"position\":1,\"name\":\"Home\",\"item\":\"https:\/\/cialisonlineshop.de\/\"},{\"@type\":\"ListItem\",\"position\":2,\"name\":\"Shop\",\"item\":\"https:\/\/cialisonlineshop.de\/shop\/\"},{\"@type\":\"ListItem\",\"position\":3,\"name\":\"10 x Packs Cenforce 200mg (100 Tabletten)\"}]},{\"@type\":\"WebSite\",\"@id\":\"https:\/\/cialisonlineshop.de\/#website\",\"url\":\"https:\/\/cialisonlineshop.de\/\",\"name\":\"Cialisonlineshop\",\"description\":\"\",\"publisher\":{\"@id\":\"https:\/\/cialisonlineshop.de\/#organization\"},\"potentialAction\":[{\"@type\":\"SearchAction\",\"target\":{\"@type\":\"EntryPoint\",\"urlTemplate\":\"https:\/\/cialisonlineshop.de\/?s={search_term_string}\"},\"query-input\":{\"@type\":\"PropertyValueSpecification\",\"valueRequired\":true,\"valueName\":\"search_term_string\"}}],\"inLanguage\":\"fr-FR\"},{\"@type\":\"Organization\",\"@id\":\"https:\/\/cialisonlineshop.de\/#organization\",\"name\":\"Cialisonlineshop\",\"url\":\"https:\/\/cialisonlineshop.de\/\",\"logo\":{\"@type\":\"ImageObject\",\"inLanguage\":\"fr-FR\",\"@id\":\"https:\/\/cialisonlineshop.de\/#\/schema\/logo\/image\/\",\"url\":\"https:\/\/cialisonlineshop.de\/wp-content\/uploads\/2026\/01\/Logo_maker_project__6_-removebg-preview-1.png\",\"contentUrl\":\"https:\/\/cialisonlineshop.de\/wp-content\/uploads\/2026\/01\/Logo_maker_project__6_-removebg-preview-1.png\",\"width\":432,\"height\":88,\"caption\":\"Cialisonlineshop\"},\"image\":{\"@id\":\"https:\/\/cialisonlineshop.de\/#\/schema\/logo\/image\/\"}}]}<\/script>\n<!-- \/ Yoast SEO plugin. -->","yoast_head_json":{"title":"10 x Packs Cenforce 200mg (100 Tabletten) -","robots":{"index":"index","follow":"follow","max-snippet":"max-snippet:-1","max-image-preview":"max-image-preview:large","max-video-preview":"max-video-preview:-1"},"canonical":"https:\/\/cialisonlineshop.de\/fr\/product\/10-x-packs-cenforce-200mg-100-tabletten\/","og_locale":"fr_FR","og_type":"article","og_title":"10 x Packs Cenforce 200mg (100 Tabletten) -","og_description":"Produktcode: 87971766107-10   Kategorie: Multipacks - Sonderangebote   Marke: Centurion Laboratories Pvt. Ltd.   Verf\u00fcgbarkeit: Auf Lager - sofort Lie\u00adfer\u00adbar","og_url":"https:\/\/cialisonlineshop.de\/fr\/product\/10-x-packs-cenforce-200mg-100-tabletten\/","article_modified_time":"2026-02-24T11:03:01+00:00","og_image":[{"width":570,"height":570,"url":"https:\/\/cialisonlineshop.de\/wp-content\/uploads\/2026\/01\/Cenforce-200mg.jpg","type":"image\/jpeg"}],"twitter_card":"summary_large_image","twitter_misc":{"Dur\u00e9e de lecture estim\u00e9e":"3 minutes"},"schema":{"@context":"https:\/\/schema.org","@graph":[{"@type":"WebPage","@id":"https:\/\/cialisonlineshop.de\/product\/10-x-packs-cenforce-200mg-100-tabletten\/","url":"https:\/\/cialisonlineshop.de\/product\/10-x-packs-cenforce-200mg-100-tabletten\/","name":"10 x Packs Cenforce 200mg (100 Tabletten) -","isPartOf":{"@id":"https:\/\/cialisonlineshop.de\/#website"},"primaryImageOfPage":{"@id":"https:\/\/cialisonlineshop.de\/product\/10-x-packs-cenforce-200mg-100-tabletten\/#primaryimage"},"image":{"@id":"https:\/\/cialisonlineshop.de\/product\/10-x-packs-cenforce-200mg-100-tabletten\/#primaryimage"},"thumbnailUrl":"https:\/\/cialisonlineshop.de\/wp-content\/uploads\/2026\/01\/Cenforce-200mg.jpg","datePublished":"2026-01-14T10:15:56+00:00","dateModified":"2026-02-24T11:03:01+00:00","breadcrumb":{"@id":"https:\/\/cialisonlineshop.de\/product\/10-x-packs-cenforce-200mg-100-tabletten\/#breadcrumb"},"inLanguage":"fr-FR","potentialAction":[{"@type":"ReadAction","target":["https:\/\/cialisonlineshop.de\/product\/10-x-packs-cenforce-200mg-100-tabletten\/"]}]},{"@type":"ImageObject","inLanguage":"fr-FR","@id":"https:\/\/cialisonlineshop.de\/product\/10-x-packs-cenforce-200mg-100-tabletten\/#primaryimage","url":"https:\/\/cialisonlineshop.de\/wp-content\/uploads\/2026\/01\/Cenforce-200mg.jpg","contentUrl":"https:\/\/cialisonlineshop.de\/wp-content\/uploads\/2026\/01\/Cenforce-200mg.jpg","width":570,"height":570,"caption":"import placeholder for 5665"},{"@type":"BreadcrumbList","@id":"https:\/\/cialisonlineshop.de\/product\/10-x-packs-cenforce-200mg-100-tabletten\/#breadcrumb","itemListElement":[{"@type":"ListItem","position":1,"name":"Home","item":"https:\/\/cialisonlineshop.de\/"},{"@type":"ListItem","position":2,"name":"Shop","item":"https:\/\/cialisonlineshop.de\/shop\/"},{"@type":"ListItem","position":3,"name":"10 x Packs Cenforce 200mg (100 Tabletten)"}]},{"@type":"WebSite","@id":"https:\/\/cialisonlineshop.de\/#website","url":"https:\/\/cialisonlineshop.de\/","name":"Cialisonlineshop","description":"","publisher":{"@id":"https:\/\/cialisonlineshop.de\/#organization"},"potentialAction":[{"@type":"SearchAction","target":{"@type":"EntryPoint","urlTemplate":"https:\/\/cialisonlineshop.de\/?s={search_term_string}"},"query-input":{"@type":"PropertyValueSpecification","valueRequired":true,"valueName":"search_term_string"}}],"inLanguage":"fr-FR"},{"@type":"Organization","@id":"https:\/\/cialisonlineshop.de\/#organization","name":"Cialisonlineshop","url":"https:\/\/cialisonlineshop.de\/","logo":{"@type":"ImageObject","inLanguage":"fr-FR","@id":"https:\/\/cialisonlineshop.de\/#\/schema\/logo\/image\/","url":"https:\/\/cialisonlineshop.de\/wp-content\/uploads\/2026\/01\/Logo_maker_project__6_-removebg-preview-1.png","contentUrl":"https:\/\/cialisonlineshop.de\/wp-content\/uploads\/2026\/01\/Logo_maker_project__6_-removebg-preview-1.png","width":432,"height":88,"caption":"Cialisonlineshop"},"image":{"@id":"https:\/\/cialisonlineshop.de\/#\/schema\/logo\/image\/"}}]}},"uagb_featured_image_src":{"full":["https:\/\/cialisonlineshop.de\/wp-content\/uploads\/2026\/01\/Cenforce-200mg.jpg",570,570,false],"thumbnail":["https:\/\/cialisonlineshop.de\/wp-content\/uploads\/2026\/01\/Cenforce-200mg-150x150.jpg",150,150,true],"medium":["https:\/\/cialisonlineshop.de\/wp-content\/uploads\/2026\/01\/Cenforce-200mg-300x300.jpg",300,300,true],"medium_large":["https:\/\/cialisonlineshop.de\/wp-content\/uploads\/2026\/01\/Cenforce-200mg.jpg",570,570,false],"large":["https:\/\/cialisonlineshop.de\/wp-content\/uploads\/2026\/01\/Cenforce-200mg.jpg",570,570,false],"1536x1536":["https:\/\/cialisonlineshop.de\/wp-content\/uploads\/2026\/01\/Cenforce-200mg.jpg",570,570,false],"2048x2048":["https:\/\/cialisonlineshop.de\/wp-content\/uploads\/2026\/01\/Cenforce-200mg.jpg",570,570,false],"trp-custom-language-flag":["https:\/\/cialisonlineshop.de\/wp-content\/uploads\/2026\/01\/Cenforce-200mg.jpg",12,12,false],"woocommerce_thumbnail":["https:\/\/cialisonlineshop.de\/wp-content\/uploads\/2026\/01\/Cenforce-200mg-300x300.jpg",300,300,true],"woocommerce_single":["https:\/\/cialisonlineshop.de\/wp-content\/uploads\/2026\/01\/Cenforce-200mg.jpg",570,570,false],"woocommerce_gallery_thumbnail":["https:\/\/cialisonlineshop.de\/wp-content\/uploads\/2026\/01\/Cenforce-200mg-100x100.jpg",100,100,true]},"uagb_author_info":{"display_name":"Stefan T\u00f6njes","author_link":"https:\/\/cialisonlineshop.de\/fr\/author\/"},"uagb_comment_info":0,"uagb_excerpt":"Produktcode: 87971766107-10 Kategorie: Multipacks - Sonderangebote Marke: Centurion Laboratories Pvt. Ltd. Verf\u00fcgbarkeit: Auf Lager - sofort Lie\u00adfer\u00adbar","jetpack_sharing_enabled":true,"_links":{"self":[{"href":"https:\/\/cialisonlineshop.de\/fr\/wp-json\/wp\/v2\/product\/2026","targetHints":{"allow":["GET"]}}],"collection":[{"href":"https:\/\/cialisonlineshop.de\/fr\/wp-json\/wp\/v2\/product"}],"about":[{"href":"https:\/\/cialisonlineshop.de\/fr\/wp-json\/wp\/v2\/types\/product"}],"replies":[{"embeddable":true,"href":"https:\/\/cialisonlineshop.de\/fr\/wp-json\/wp\/v2\/comments?post=2026"}],"wp:featuredmedia":[{"embeddable":true,"href":"https:\/\/cialisonlineshop.de\/fr\/wp-json\/wp\/v2\/media\/2043"}],"wp:attachment":[{"href":"https:\/\/cialisonlineshop.de\/fr\/wp-json\/wp\/v2\/media?parent=2026"}],"wp:term":[{"taxonomy":"product_brand","embeddable":true,"href":"https:\/\/cialisonlineshop.de\/fr\/wp-json\/wp\/v2\/product_brand?post=2026"},{"taxonomy":"product_cat","embeddable":true,"href":"https:\/\/cialisonlineshop.de\/fr\/wp-json\/wp\/v2\/product_cat?post=2026"},{"taxonomy":"product_tag","embeddable":true,"href":"https:\/\/cialisonlineshop.de\/fr\/wp-json\/wp\/v2\/product_tag?post=2026"}],"curies":[{"name":"wp","href":"https:\/\/api.w.org\/{rel}","templated":true}]}}