{"id":2025,"date":"2026-01-14T10:15:56","date_gmt":"2026-01-14T10:15:56","guid":{"rendered":"https:\/\/cialisonlineshop.de\/?post_type=product&#038;p=2025"},"modified":"2026-02-24T11:03:52","modified_gmt":"2026-02-24T11:03:52","slug":"10-x-packs-kamagra-100mg-40-tabletten","status":"publish","type":"product","link":"https:\/\/cialisonlineshop.de\/fr\/product\/10-x-packs-kamagra-100mg-40-tabletten\/","title":{"rendered":"10 x Packs Kamagra 100mg (40 Tabletten)"},"content":{"rendered":"<p><strong>Dies ist ein Sonderangebot f\u00fcr eine Gro\u00dfbestellung von Kamagra 100 mg zum besten Preis auf dem aktuellen Markt. Z\u00f6gern Sie nicht und erhalten Sie Ihre Medikamente, solange das Angebot dauert!<\/strong><\/p>\n<p>Kamagra 100 Tabletten sind eine weit verbreitete, erfolgreiche und allgemein akzeptierte Behandlung f\u00fcr erektile Dysfunktion. Kamagra wird von Ajanta Pharma unter klinischen Bedingungen hergestellt und nach einem hohen Qualit\u00e4tsstandard hergestellt, um seine Sicherheit und Wirksamkeit zu gew\u00e4hrleisten. Die effektive Behandlungszeit betr\u00e4gt 4-6 Stunden; Viele \u00c4rzte berichten jedoch \u00fcber l\u00e4ngere Zeitr\u00e4ume. Patienten, die Kamagra einnehmen, berichten regelm\u00e4\u00dfig \u00fcber erfolgreichen Geschlechtsverkehr und setzen die Behandlung im Allgemeinen fort.<\/p>\n<p>Der Wirkstoff von Kamagra ist Sildenafil Citrat. Es geh\u00f6rt zur PDE-5-Familie der Vasodilatatoren. Diese Medikamente wirken, indem sie die Blutgef\u00e4\u00dfe im K\u00f6rper erweitern, insbesondere im Genitalbereich. Dies erm\u00f6glicht eine st\u00e4rkere Durchblutung, um eine Erektion leichter zu erreichen. Sildenafil ist heute eine der Standardbehandlungen f\u00fcr erektile Dysfunktion.<\/p>\n<h2>Wichtige Information<\/h2>\n<p>Um das Beste aus Ihrer Behandlung erzielen, lesen Sie bitte Folgendes sorgf\u00e4ltig durch:<\/p>\n<ul>\n<li>Die sicher empfohlene Dosis von Kamagra innerhalb von 24 Stunden betr\u00e4gt 100 mg (1 Tablette)<\/li>\n<li>Dieses Arzneimittel wird 1 Stunde nach der Einnahme wirksam<\/li>\n<li>Effekte k\u00f6nnen nach 45 Minuten sp\u00fcrbar sein<\/li>\n<li>Die effektive Behandlungszeit betr\u00e4gt 4-6 Stunden<\/li>\n<\/ul>\n<p>Nehmen Sie dieses Medikament immer mit einem gro\u00dfen Glas Wasser ein. Vermeiden Sie gro\u00dfe oder fetthaltige Mahlzeiten in der N\u00e4he des Zeitpunkts, zu dem Sie Medikamente einnehmen m\u00f6chten. Bitte beachten Sie, dass Alkohol die Wirksamkeit dieses Arzneimittels beeintr\u00e4chtigt.<\/p>","protected":false},"excerpt":{"rendered":"<table class=\"info\">\n<tbody>\n<tr>\n<td>Produktcode:<\/td>\n<td>87971766105-10<\/td>\n<\/tr>\n<tr>\n<td>Kategorie:<\/td>\n<td><a href=\"https:\/\/kamagrashop.online\/multipacks-sonderangebote\/\">Multipacks &#8211; Sonderangebote<\/a><\/td>\n<\/tr>\n<tr>\n<td>Marke:<\/td>\n<td>Ajanta Pharma Ltd.<\/td>\n<\/tr>\n<tr>\n<td>Verf\u00fcgbarkeit:<\/td>\n<td>Auf Lager &#8211; sofort Lie\u00adfer\u00adbar<\/td>\n<\/tr>\n<\/tbody>\n<\/table>","protected":false},"featured_media":2009,"comment_status":"open","ping_status":"closed","template":"","meta":{"_uag_custom_page_level_css":"","site-sidebar-layout":"default","site-content-layout":"","ast-site-content-layout":"default","site-content-style":"default","site-sidebar-style":"default","ast-global-header-display":"","ast-banner-title-visibility":"","ast-main-header-display":"","ast-hfb-above-header-display":"","ast-hfb-below-header-display":"","ast-hfb-mobile-header-display":"","site-post-title":"","ast-breadcrumbs-content":"","ast-featured-img":"","footer-sml-layout":"","ast-disable-related-posts":"","theme-transparent-header-meta":"default","adv-header-id-meta":"","stick-header-meta":"","header-above-stick-meta":"","header-main-stick-meta":"","header-below-stick-meta":"","astra-migrate-meta-layouts":"set","ast-page-background-enabled":"default","ast-page-background-meta":{"desktop":{"background-color":"","background-image":"","background-repeat":"repeat","background-position":"center center","background-size":"auto","background-attachment":"scroll","background-type":"","background-media":"","overlay-type":"","overlay-color":"","overlay-opacity":"","overlay-gradient":""},"tablet":{"background-color":"","background-image":"","background-repeat":"repeat","background-position":"center center","background-size":"auto","background-attachment":"scroll","background-type":"","background-media":"","overlay-type":"","overlay-color":"","overlay-opacity":"","overlay-gradient":""},"mobile":{"background-color":"","background-image":"","background-repeat":"repeat","background-position":"center center","background-size":"auto","background-attachment":"scroll","background-type":"","background-media":"","overlay-type":"","overlay-color":"","overlay-opacity":"","overlay-gradient":""}},"ast-content-background-meta":{"desktop":{"background-color":"var(--ast-global-color-5)","background-image":"","background-repeat":"repeat","background-position":"center center","background-size":"auto","background-attachment":"scroll","background-type":"","background-media":"","overlay-type":"","overlay-color":"","overlay-opacity":"","overlay-gradient":""},"tablet":{"background-color":"var(--ast-global-color-5)","background-image":"","background-repeat":"repeat","background-position":"center center","background-size":"auto","background-attachment":"scroll","background-type":"","background-media":"","overlay-type":"","overlay-color":"","overlay-opacity":"","overlay-gradient":""},"mobile":{"background-color":"var(--ast-global-color-5)","background-image":"","background-repeat":"repeat","background-position":"center center","background-size":"auto","background-attachment":"scroll","background-type":"","background-media":"","overlay-type":"","overlay-color":"","overlay-opacity":"","overlay-gradient":""}},"episode_type":"","audio_file":"","cover_image":"","cover_image_id":"","duration":"","filesize":"","filesize_raw":"","date_recorded":"","explicit":"","block":"","itunes_episode_number":"","itunes_title":"","itunes_season_number":"","itunes_episode_type":""},"product_brand":[],"product_cat":[25],"product_tag":[],"class_list":{"0":"post-2025","1":"product","2":"type-product","3":"status-publish","4":"has-post-thumbnail","6":"product_cat-multipacks-sonderangebote","7":"desktop-align-left","8":"tablet-align-left","9":"mobile-align-left","11":"first","12":"instock","13":"shipping-taxable","14":"purchasable","15":"product-type-simple"},"yoast_head":"<!-- This site is optimized with the Yoast SEO plugin v27.0 - https:\/\/yoast.com\/product\/yoast-seo-wordpress\/ -->\n<title>10 x Packs Kamagra 100mg (40 Tabletten) -<\/title>\n<meta name=\"robots\" content=\"index, follow, max-snippet:-1, max-image-preview:large, max-video-preview:-1\" \/>\n<link rel=\"canonical\" href=\"https:\/\/cialisonlineshop.de\/fr\/product\/10-x-packs-kamagra-100mg-40-tabletten\/\" \/>\n<meta property=\"og:locale\" content=\"fr_FR\" \/>\n<meta property=\"og:type\" content=\"article\" \/>\n<meta property=\"og:title\" content=\"10 x Packs Kamagra 100mg (40 Tabletten) -\" \/>\n<meta property=\"og:description\" content=\"Produktcode: 87971766105-10   Kategorie: Multipacks - Sonderangebote   Marke: Ajanta Pharma Ltd.   Verf\u00fcgbarkeit: Auf Lager - sofort Lie\u00adfer\u00adbar\" \/>\n<meta property=\"og:url\" content=\"https:\/\/cialisonlineshop.de\/fr\/product\/10-x-packs-kamagra-100mg-40-tabletten\/\" \/>\n<meta property=\"article:modified_time\" content=\"2026-02-24T11:03:52+00:00\" \/>\n<meta property=\"og:image\" content=\"https:\/\/cialisonlineshop.de\/wp-content\/uploads\/2026\/01\/Kamagra-100mg.jpg\" \/>\n\t<meta property=\"og:image:width\" content=\"500\" \/>\n\t<meta property=\"og:image:height\" content=\"500\" \/>\n\t<meta property=\"og:image:type\" content=\"image\/jpeg\" \/>\n<meta name=\"twitter:card\" content=\"summary_large_image\" \/>\n<meta name=\"twitter:label1\" content=\"Dur\u00e9e de lecture estim\u00e9e\" \/>\n\t<meta name=\"twitter:data1\" content=\"2 minutes\" \/>\n<script type=\"application\/ld+json\" class=\"yoast-schema-graph\">{\"@context\":\"https:\/\/schema.org\",\"@graph\":[{\"@type\":\"WebPage\",\"@id\":\"https:\/\/cialisonlineshop.de\/product\/10-x-packs-kamagra-100mg-40-tabletten\/\",\"url\":\"https:\/\/cialisonlineshop.de\/product\/10-x-packs-kamagra-100mg-40-tabletten\/\",\"name\":\"10 x Packs Kamagra 100mg (40 Tabletten) -\",\"isPartOf\":{\"@id\":\"https:\/\/cialisonlineshop.de\/#website\"},\"primaryImageOfPage\":{\"@id\":\"https:\/\/cialisonlineshop.de\/product\/10-x-packs-kamagra-100mg-40-tabletten\/#primaryimage\"},\"image\":{\"@id\":\"https:\/\/cialisonlineshop.de\/product\/10-x-packs-kamagra-100mg-40-tabletten\/#primaryimage\"},\"thumbnailUrl\":\"https:\/\/cialisonlineshop.de\/wp-content\/uploads\/2026\/01\/Kamagra-100mg.jpg\",\"datePublished\":\"2026-01-14T10:15:56+00:00\",\"dateModified\":\"2026-02-24T11:03:52+00:00\",\"breadcrumb\":{\"@id\":\"https:\/\/cialisonlineshop.de\/product\/10-x-packs-kamagra-100mg-40-tabletten\/#breadcrumb\"},\"inLanguage\":\"fr-FR\",\"potentialAction\":[{\"@type\":\"ReadAction\",\"target\":[\"https:\/\/cialisonlineshop.de\/product\/10-x-packs-kamagra-100mg-40-tabletten\/\"]}]},{\"@type\":\"ImageObject\",\"inLanguage\":\"fr-FR\",\"@id\":\"https:\/\/cialisonlineshop.de\/product\/10-x-packs-kamagra-100mg-40-tabletten\/#primaryimage\",\"url\":\"https:\/\/cialisonlineshop.de\/wp-content\/uploads\/2026\/01\/Kamagra-100mg.jpg\",\"contentUrl\":\"https:\/\/cialisonlineshop.de\/wp-content\/uploads\/2026\/01\/Kamagra-100mg.jpg\",\"width\":500,\"height\":500,\"caption\":\"import placeholder for 5638\"},{\"@type\":\"BreadcrumbList\",\"@id\":\"https:\/\/cialisonlineshop.de\/product\/10-x-packs-kamagra-100mg-40-tabletten\/#breadcrumb\",\"itemListElement\":[{\"@type\":\"ListItem\",\"position\":1,\"name\":\"Home\",\"item\":\"https:\/\/cialisonlineshop.de\/\"},{\"@type\":\"ListItem\",\"position\":2,\"name\":\"Shop\",\"item\":\"https:\/\/cialisonlineshop.de\/shop\/\"},{\"@type\":\"ListItem\",\"position\":3,\"name\":\"10 x Packs Kamagra 100mg (40 Tabletten)\"}]},{\"@type\":\"WebSite\",\"@id\":\"https:\/\/cialisonlineshop.de\/#website\",\"url\":\"https:\/\/cialisonlineshop.de\/\",\"name\":\"Cialisonlineshop\",\"description\":\"\",\"publisher\":{\"@id\":\"https:\/\/cialisonlineshop.de\/#organization\"},\"potentialAction\":[{\"@type\":\"SearchAction\",\"target\":{\"@type\":\"EntryPoint\",\"urlTemplate\":\"https:\/\/cialisonlineshop.de\/?s={search_term_string}\"},\"query-input\":{\"@type\":\"PropertyValueSpecification\",\"valueRequired\":true,\"valueName\":\"search_term_string\"}}],\"inLanguage\":\"fr-FR\"},{\"@type\":\"Organization\",\"@id\":\"https:\/\/cialisonlineshop.de\/#organization\",\"name\":\"Cialisonlineshop\",\"url\":\"https:\/\/cialisonlineshop.de\/\",\"logo\":{\"@type\":\"ImageObject\",\"inLanguage\":\"fr-FR\",\"@id\":\"https:\/\/cialisonlineshop.de\/#\/schema\/logo\/image\/\",\"url\":\"https:\/\/cialisonlineshop.de\/wp-content\/uploads\/2026\/01\/Logo_maker_project__6_-removebg-preview-1.png\",\"contentUrl\":\"https:\/\/cialisonlineshop.de\/wp-content\/uploads\/2026\/01\/Logo_maker_project__6_-removebg-preview-1.png\",\"width\":432,\"height\":88,\"caption\":\"Cialisonlineshop\"},\"image\":{\"@id\":\"https:\/\/cialisonlineshop.de\/#\/schema\/logo\/image\/\"}}]}<\/script>\n<!-- \/ Yoast SEO plugin. -->","yoast_head_json":{"title":"10 x Packs Kamagra 100mg (40 Tabletten) -","robots":{"index":"index","follow":"follow","max-snippet":"max-snippet:-1","max-image-preview":"max-image-preview:large","max-video-preview":"max-video-preview:-1"},"canonical":"https:\/\/cialisonlineshop.de\/fr\/product\/10-x-packs-kamagra-100mg-40-tabletten\/","og_locale":"fr_FR","og_type":"article","og_title":"10 x Packs Kamagra 100mg (40 Tabletten) -","og_description":"Produktcode: 87971766105-10   Kategorie: Multipacks - Sonderangebote   Marke: Ajanta Pharma Ltd.   Verf\u00fcgbarkeit: Auf Lager - sofort Lie\u00adfer\u00adbar","og_url":"https:\/\/cialisonlineshop.de\/fr\/product\/10-x-packs-kamagra-100mg-40-tabletten\/","article_modified_time":"2026-02-24T11:03:52+00:00","og_image":[{"width":500,"height":500,"url":"https:\/\/cialisonlineshop.de\/wp-content\/uploads\/2026\/01\/Kamagra-100mg.jpg","type":"image\/jpeg"}],"twitter_card":"summary_large_image","twitter_misc":{"Dur\u00e9e de lecture estim\u00e9e":"2 minutes"},"schema":{"@context":"https:\/\/schema.org","@graph":[{"@type":"WebPage","@id":"https:\/\/cialisonlineshop.de\/product\/10-x-packs-kamagra-100mg-40-tabletten\/","url":"https:\/\/cialisonlineshop.de\/product\/10-x-packs-kamagra-100mg-40-tabletten\/","name":"10 x Packs Kamagra 100mg (40 Tabletten) -","isPartOf":{"@id":"https:\/\/cialisonlineshop.de\/#website"},"primaryImageOfPage":{"@id":"https:\/\/cialisonlineshop.de\/product\/10-x-packs-kamagra-100mg-40-tabletten\/#primaryimage"},"image":{"@id":"https:\/\/cialisonlineshop.de\/product\/10-x-packs-kamagra-100mg-40-tabletten\/#primaryimage"},"thumbnailUrl":"https:\/\/cialisonlineshop.de\/wp-content\/uploads\/2026\/01\/Kamagra-100mg.jpg","datePublished":"2026-01-14T10:15:56+00:00","dateModified":"2026-02-24T11:03:52+00:00","breadcrumb":{"@id":"https:\/\/cialisonlineshop.de\/product\/10-x-packs-kamagra-100mg-40-tabletten\/#breadcrumb"},"inLanguage":"fr-FR","potentialAction":[{"@type":"ReadAction","target":["https:\/\/cialisonlineshop.de\/product\/10-x-packs-kamagra-100mg-40-tabletten\/"]}]},{"@type":"ImageObject","inLanguage":"fr-FR","@id":"https:\/\/cialisonlineshop.de\/product\/10-x-packs-kamagra-100mg-40-tabletten\/#primaryimage","url":"https:\/\/cialisonlineshop.de\/wp-content\/uploads\/2026\/01\/Kamagra-100mg.jpg","contentUrl":"https:\/\/cialisonlineshop.de\/wp-content\/uploads\/2026\/01\/Kamagra-100mg.jpg","width":500,"height":500,"caption":"import placeholder for 5638"},{"@type":"BreadcrumbList","@id":"https:\/\/cialisonlineshop.de\/product\/10-x-packs-kamagra-100mg-40-tabletten\/#breadcrumb","itemListElement":[{"@type":"ListItem","position":1,"name":"Home","item":"https:\/\/cialisonlineshop.de\/"},{"@type":"ListItem","position":2,"name":"Shop","item":"https:\/\/cialisonlineshop.de\/shop\/"},{"@type":"ListItem","position":3,"name":"10 x Packs Kamagra 100mg (40 Tabletten)"}]},{"@type":"WebSite","@id":"https:\/\/cialisonlineshop.de\/#website","url":"https:\/\/cialisonlineshop.de\/","name":"Cialisonlineshop","description":"","publisher":{"@id":"https:\/\/cialisonlineshop.de\/#organization"},"potentialAction":[{"@type":"SearchAction","target":{"@type":"EntryPoint","urlTemplate":"https:\/\/cialisonlineshop.de\/?s={search_term_string}"},"query-input":{"@type":"PropertyValueSpecification","valueRequired":true,"valueName":"search_term_string"}}],"inLanguage":"fr-FR"},{"@type":"Organization","@id":"https:\/\/cialisonlineshop.de\/#organization","name":"Cialisonlineshop","url":"https:\/\/cialisonlineshop.de\/","logo":{"@type":"ImageObject","inLanguage":"fr-FR","@id":"https:\/\/cialisonlineshop.de\/#\/schema\/logo\/image\/","url":"https:\/\/cialisonlineshop.de\/wp-content\/uploads\/2026\/01\/Logo_maker_project__6_-removebg-preview-1.png","contentUrl":"https:\/\/cialisonlineshop.de\/wp-content\/uploads\/2026\/01\/Logo_maker_project__6_-removebg-preview-1.png","width":432,"height":88,"caption":"Cialisonlineshop"},"image":{"@id":"https:\/\/cialisonlineshop.de\/#\/schema\/logo\/image\/"}}]}},"uagb_featured_image_src":{"full":["https:\/\/cialisonlineshop.de\/wp-content\/uploads\/2026\/01\/Kamagra-100mg.jpg",500,500,false],"thumbnail":["https:\/\/cialisonlineshop.de\/wp-content\/uploads\/2026\/01\/Kamagra-100mg-150x150.jpg",150,150,true],"medium":["https:\/\/cialisonlineshop.de\/wp-content\/uploads\/2026\/01\/Kamagra-100mg-300x300.jpg",300,300,true],"medium_large":["https:\/\/cialisonlineshop.de\/wp-content\/uploads\/2026\/01\/Kamagra-100mg.jpg",500,500,false],"large":["https:\/\/cialisonlineshop.de\/wp-content\/uploads\/2026\/01\/Kamagra-100mg.jpg",500,500,false],"1536x1536":["https:\/\/cialisonlineshop.de\/wp-content\/uploads\/2026\/01\/Kamagra-100mg.jpg",500,500,false],"2048x2048":["https:\/\/cialisonlineshop.de\/wp-content\/uploads\/2026\/01\/Kamagra-100mg.jpg",500,500,false],"trp-custom-language-flag":["https:\/\/cialisonlineshop.de\/wp-content\/uploads\/2026\/01\/Kamagra-100mg.jpg",12,12,false],"woocommerce_thumbnail":["https:\/\/cialisonlineshop.de\/wp-content\/uploads\/2026\/01\/Kamagra-100mg-300x300.jpg",300,300,true],"woocommerce_single":["https:\/\/cialisonlineshop.de\/wp-content\/uploads\/2026\/01\/Kamagra-100mg.jpg",500,500,false],"woocommerce_gallery_thumbnail":["https:\/\/cialisonlineshop.de\/wp-content\/uploads\/2026\/01\/Kamagra-100mg-100x100.jpg",100,100,true]},"uagb_author_info":{"display_name":"Stefan T\u00f6njes","author_link":"https:\/\/cialisonlineshop.de\/fr\/author\/"},"uagb_comment_info":0,"uagb_excerpt":"Produktcode: 87971766105-10 Kategorie: Multipacks - Sonderangebote Marke: Ajanta Pharma Ltd. Verf\u00fcgbarkeit: Auf Lager - sofort Lie\u00adfer\u00adbar","jetpack_sharing_enabled":true,"_links":{"self":[{"href":"https:\/\/cialisonlineshop.de\/fr\/wp-json\/wp\/v2\/product\/2025","targetHints":{"allow":["GET"]}}],"collection":[{"href":"https:\/\/cialisonlineshop.de\/fr\/wp-json\/wp\/v2\/product"}],"about":[{"href":"https:\/\/cialisonlineshop.de\/fr\/wp-json\/wp\/v2\/types\/product"}],"replies":[{"embeddable":true,"href":"https:\/\/cialisonlineshop.de\/fr\/wp-json\/wp\/v2\/comments?post=2025"}],"wp:featuredmedia":[{"embeddable":true,"href":"https:\/\/cialisonlineshop.de\/fr\/wp-json\/wp\/v2\/media\/2009"}],"wp:attachment":[{"href":"https:\/\/cialisonlineshop.de\/fr\/wp-json\/wp\/v2\/media?parent=2025"}],"wp:term":[{"taxonomy":"product_brand","embeddable":true,"href":"https:\/\/cialisonlineshop.de\/fr\/wp-json\/wp\/v2\/product_brand?post=2025"},{"taxonomy":"product_cat","embeddable":true,"href":"https:\/\/cialisonlineshop.de\/fr\/wp-json\/wp\/v2\/product_cat?post=2025"},{"taxonomy":"product_tag","embeddable":true,"href":"https:\/\/cialisonlineshop.de\/fr\/wp-json\/wp\/v2\/product_tag?post=2025"}],"curies":[{"name":"wp","href":"https:\/\/api.w.org\/{rel}","templated":true}]}}