{"id":2024,"date":"2026-01-14T10:15:56","date_gmt":"2026-01-14T10:15:56","guid":{"rendered":"https:\/\/cialisonlineshop.de\/?post_type=product&#038;p=2024"},"modified":"2026-01-14T10:15:58","modified_gmt":"2026-01-14T10:15:58","slug":"10-x-packs-kamagra-oral-jelly-100mg-70-jellies","status":"publish","type":"product","link":"https:\/\/cialisonlineshop.de\/fr\/product\/10-x-packs-kamagra-oral-jelly-100mg-70-jellies\/","title":{"rendered":"10 x Packs Kamagra oral jelly 100mg (70 Jellies)"},"content":{"rendered":"<p><strong>Dies ist ein Sonderangebot f\u00fcr eine Gro\u00dfbestellung von Kamagra Oral Jelly 100mg zum besten Preis auf dem aktuellen Markt. Z\u00f6gern Sie nicht und holen Sie sich Ihre Medikamente, solange das Angebot noch gilt!<\/strong><\/p>\n<p>Kamagra Oral Jelly ist ein beliebtes und wirksames Mittel zur Behandlung von Erektionsproblemen. Im Gegensatz zu schwer zu schluckenden Tabletten kann das Medikament einfach auf einem L\u00f6ffel ausgedr\u00fcckt und leicht geschluckt werden. Kamagra Oral Jelly wird klinisch in Reinraumanlagen von Ajanta Pharma hergestellt.<\/p>\n<p>Der aktive Wirkstoff in Kamagra Oral Jelly ist Sildenafil Citrat. Es geh\u00f6rt zur PDE-5-Familie der Vasodilatatoren. Diese Medikamente wirken durch die Erweiterung der Blutgef\u00e4\u00dfe im K\u00f6rper, insbesondere im Genitalbereich. Dies wiederum erm\u00f6glicht einen st\u00e4rkeren Blutfluss, so dass eine Erektion stattfinden kann.<\/p>\n<p>Das Gel (Gelee) wird schnell vom K\u00f6rper aufgenommen, und die Patienten berichten von einer schnelleren Reaktionszeit ab 20 Minuten. Die effektive Behandlungsdauer des Medikaments betr\u00e4gt 4-6 Stunden, aber viele Haus\u00e4rzte berichten von l\u00e4ngeren Zeiten. Patienten, die Kamagra Oral Jelly verwenden, berichten regelm\u00e4\u00dfig, dass sie erfolgreichen Sex hatten und die Behandlung im Allgemeinen weiter anwenden.<\/p>\n<p>Kamagra Oral Jelly ist in einer Reihe von Geschmacksrichtungen erh\u00e4ltlich, darunter Minze, Schokolade, Banane, Orange, Mango, Erdbeere, Ananas und Vanille. Mit jeder Bestellung wird eine Auswahl an gemischten Geschmacksrichtungen versandt. Leider ist es nicht m\u00f6glich, bestimmte Geschmacksrichtungen zu versenden.<\/p>\n<p>Das Pr\u00e4parat ist kein Aphrodisiakum, und es bedarf einer Stimulation, um eine Erektion zu bekommen.<\/p>\n<h2>Wichtige Information<\/h2>\n<p>Damit Sie den gr\u00f6\u00dftm\u00f6glichen Nutzen aus Ihrer Behandlung ziehen k\u00f6nnen, lesen Sie bitte die folgenden Informationen sorgf\u00e4ltig durch:<\/p>\n<ul>\n<li>Die angegebene sichere Dosis von Kamagra Oral Jelly innerhalb eines Zeitraums von 24 Stunden betr\u00e4gt 100 mg (1 Beutel)<\/li>\n<li>Die Wirkung dieses Arzneimittels setzt 20 Minuten nach der Einnahme ein<\/li>\n<li>Die effektive Behandlungsdauer betr\u00e4gt 4-6 Stunden<\/li>\n<li>Nehmen Sie dieses Medikament immer mit einem gro\u00dfen Glas Wasser ein<\/li>\n<li>Vermeiden Sie gro\u00dfe oder fetthaltige Mahlzeiten, wenn Sie das Medikament einnehmen wollen<\/li>\n<li>Alkohol vermindert die Wirksamkeit dieses Medikaments<\/li>\n<\/ul>\n<p>Wenn Sie Nebenwirkungen bemerken, brechen Sie die Einnahme des Medikaments sofort ab und suchen Sie einen Arzt auf.<\/p>","protected":false},"excerpt":{"rendered":"<table class=\"info\">\n<tbody>\n<tr>\n<td>Produktcode:<\/td>\n<td>87971766129-10<\/td>\n<\/tr>\n<tr>\n<td>Kategorie:<\/td>\n<td style=\"text-align: left;\"><a href=\"https:\/\/kamagrashop.online\/multipacks-sonderangebote\/\">Multipacks &#8211; Sonderangebote<\/a><\/td>\n<\/tr>\n<tr>\n<td>Marke:<\/td>\n<td><a href=\"https:\/\/kamagrashop.online\/ajanta-pharma-ltd\/\">Ajanta Pharma Ltd.<\/a><\/td>\n<\/tr>\n<tr>\n<td>Verf\u00fcgbarkeit:<\/td>\n<td>Auf Lager &#8211; sofort Lie\u00adfer\u00adbar<\/td>\n<\/tr>\n<\/tbody>\n<\/table>","protected":false},"featured_media":2042,"comment_status":"open","ping_status":"closed","template":"","meta":{"_uag_custom_page_level_css":"","site-sidebar-layout":"","site-content-layout":"","ast-site-content-layout":"","site-content-style":"","site-sidebar-style":"","ast-global-header-display":"","ast-banner-title-visibility":"","ast-main-header-display":"","ast-hfb-above-header-display":"","ast-hfb-below-header-display":"","ast-hfb-mobile-header-display":"","site-post-title":"","ast-breadcrumbs-content":"","ast-featured-img":"","footer-sml-layout":"","ast-disable-related-posts":"","theme-transparent-header-meta":"","adv-header-id-meta":"","stick-header-meta":"","header-above-stick-meta":"","header-main-stick-meta":"","header-below-stick-meta":"","astra-migrate-meta-layouts":"","ast-page-background-enabled":"default","ast-page-background-meta":{"desktop":{"background-color":"","background-image":"","background-repeat":"repeat","background-position":"center center","background-size":"auto","background-attachment":"scroll","background-type":"","background-media":"","overlay-type":"","overlay-color":"","overlay-opacity":"","overlay-gradient":""},"tablet":{"background-color":"","background-image":"","background-repeat":"repeat","background-position":"center center","background-size":"auto","background-attachment":"scroll","background-type":"","background-media":"","overlay-type":"","overlay-color":"","overlay-opacity":"","overlay-gradient":""},"mobile":{"background-color":"","background-image":"","background-repeat":"repeat","background-position":"center center","background-size":"auto","background-attachment":"scroll","background-type":"","background-media":"","overlay-type":"","overlay-color":"","overlay-opacity":"","overlay-gradient":""}},"ast-content-background-meta":{"desktop":{"background-color":"var(--ast-global-color-5)","background-image":"","background-repeat":"repeat","background-position":"center center","background-size":"auto","background-attachment":"scroll","background-type":"","background-media":"","overlay-type":"","overlay-color":"","overlay-opacity":"","overlay-gradient":""},"tablet":{"background-color":"var(--ast-global-color-5)","background-image":"","background-repeat":"repeat","background-position":"center center","background-size":"auto","background-attachment":"scroll","background-type":"","background-media":"","overlay-type":"","overlay-color":"","overlay-opacity":"","overlay-gradient":""},"mobile":{"background-color":"var(--ast-global-color-5)","background-image":"","background-repeat":"repeat","background-position":"center center","background-size":"auto","background-attachment":"scroll","background-type":"","background-media":"","overlay-type":"","overlay-color":"","overlay-opacity":"","overlay-gradient":""}},"episode_type":"","audio_file":"","cover_image":"","cover_image_id":"","duration":"","filesize":"","filesize_raw":"","date_recorded":"","explicit":"","block":"","itunes_episode_number":"","itunes_title":"","itunes_season_number":"","itunes_episode_type":""},"product_brand":[],"product_cat":[25],"product_tag":[],"class_list":{"0":"post-2024","1":"product","2":"type-product","3":"status-publish","4":"has-post-thumbnail","6":"product_cat-multipacks-sonderangebote","7":"desktop-align-left","8":"tablet-align-left","9":"mobile-align-left","11":"first","12":"instock","13":"shipping-taxable","14":"purchasable","15":"product-type-simple"},"yoast_head":"<!-- This site is optimized with the Yoast SEO plugin v27.0 - https:\/\/yoast.com\/product\/yoast-seo-wordpress\/ -->\n<title>10 x Packs Kamagra oral jelly 100mg (70 Jellies) -<\/title>\n<meta name=\"robots\" content=\"index, follow, max-snippet:-1, max-image-preview:large, max-video-preview:-1\" \/>\n<link rel=\"canonical\" href=\"https:\/\/cialisonlineshop.de\/fr\/product\/10-x-packs-kamagra-oral-jelly-100mg-70-jellies\/\" \/>\n<meta property=\"og:locale\" content=\"fr_FR\" \/>\n<meta property=\"og:type\" content=\"article\" \/>\n<meta property=\"og:title\" content=\"10 x Packs Kamagra oral jelly 100mg (70 Jellies) -\" \/>\n<meta property=\"og:description\" content=\"Produktcode: 87971766129-10   Kategorie: Multipacks - Sonderangebote   Marke: Ajanta Pharma Ltd.   Verf\u00fcgbarkeit: Auf Lager - sofort Lie\u00adfer\u00adbar\" \/>\n<meta property=\"og:url\" content=\"https:\/\/cialisonlineshop.de\/fr\/product\/10-x-packs-kamagra-oral-jelly-100mg-70-jellies\/\" \/>\n<meta property=\"article:modified_time\" content=\"2026-01-14T10:15:58+00:00\" \/>\n<meta property=\"og:image\" content=\"https:\/\/cialisonlineshop.de\/wp-content\/uploads\/2026\/01\/Kamagra-oral-jelly.jpg\" \/>\n\t<meta property=\"og:image:width\" content=\"600\" \/>\n\t<meta property=\"og:image:height\" content=\"600\" \/>\n\t<meta property=\"og:image:type\" content=\"image\/jpeg\" \/>\n<meta name=\"twitter:card\" content=\"summary_large_image\" \/>\n<meta name=\"twitter:label1\" content=\"Dur\u00e9e de lecture estim\u00e9e\" \/>\n\t<meta name=\"twitter:data1\" content=\"2 minutes\" \/>\n<script type=\"application\/ld+json\" class=\"yoast-schema-graph\">{\"@context\":\"https:\/\/schema.org\",\"@graph\":[{\"@type\":\"WebPage\",\"@id\":\"https:\/\/cialisonlineshop.de\/product\/10-x-packs-kamagra-oral-jelly-100mg-70-jellies\/\",\"url\":\"https:\/\/cialisonlineshop.de\/product\/10-x-packs-kamagra-oral-jelly-100mg-70-jellies\/\",\"name\":\"10 x Packs Kamagra oral jelly 100mg (70 Jellies) -\",\"isPartOf\":{\"@id\":\"https:\/\/cialisonlineshop.de\/#website\"},\"primaryImageOfPage\":{\"@id\":\"https:\/\/cialisonlineshop.de\/product\/10-x-packs-kamagra-oral-jelly-100mg-70-jellies\/#primaryimage\"},\"image\":{\"@id\":\"https:\/\/cialisonlineshop.de\/product\/10-x-packs-kamagra-oral-jelly-100mg-70-jellies\/#primaryimage\"},\"thumbnailUrl\":\"https:\/\/cialisonlineshop.de\/wp-content\/uploads\/2026\/01\/Kamagra-oral-jelly.jpg\",\"datePublished\":\"2026-01-14T10:15:56+00:00\",\"dateModified\":\"2026-01-14T10:15:58+00:00\",\"breadcrumb\":{\"@id\":\"https:\/\/cialisonlineshop.de\/product\/10-x-packs-kamagra-oral-jelly-100mg-70-jellies\/#breadcrumb\"},\"inLanguage\":\"fr-FR\",\"potentialAction\":[{\"@type\":\"ReadAction\",\"target\":[\"https:\/\/cialisonlineshop.de\/product\/10-x-packs-kamagra-oral-jelly-100mg-70-jellies\/\"]}]},{\"@type\":\"ImageObject\",\"inLanguage\":\"fr-FR\",\"@id\":\"https:\/\/cialisonlineshop.de\/product\/10-x-packs-kamagra-oral-jelly-100mg-70-jellies\/#primaryimage\",\"url\":\"https:\/\/cialisonlineshop.de\/wp-content\/uploads\/2026\/01\/Kamagra-oral-jelly.jpg\",\"contentUrl\":\"https:\/\/cialisonlineshop.de\/wp-content\/uploads\/2026\/01\/Kamagra-oral-jelly.jpg\",\"width\":600,\"height\":600,\"caption\":\"import placeholder for 5663\"},{\"@type\":\"BreadcrumbList\",\"@id\":\"https:\/\/cialisonlineshop.de\/product\/10-x-packs-kamagra-oral-jelly-100mg-70-jellies\/#breadcrumb\",\"itemListElement\":[{\"@type\":\"ListItem\",\"position\":1,\"name\":\"Home\",\"item\":\"https:\/\/cialisonlineshop.de\/\"},{\"@type\":\"ListItem\",\"position\":2,\"name\":\"Shop\",\"item\":\"https:\/\/cialisonlineshop.de\/shop\/\"},{\"@type\":\"ListItem\",\"position\":3,\"name\":\"10 x Packs Kamagra oral jelly 100mg (70 Jellies)\"}]},{\"@type\":\"WebSite\",\"@id\":\"https:\/\/cialisonlineshop.de\/#website\",\"url\":\"https:\/\/cialisonlineshop.de\/\",\"name\":\"Cialisonlineshop\",\"description\":\"\",\"publisher\":{\"@id\":\"https:\/\/cialisonlineshop.de\/#organization\"},\"potentialAction\":[{\"@type\":\"SearchAction\",\"target\":{\"@type\":\"EntryPoint\",\"urlTemplate\":\"https:\/\/cialisonlineshop.de\/?s={search_term_string}\"},\"query-input\":{\"@type\":\"PropertyValueSpecification\",\"valueRequired\":true,\"valueName\":\"search_term_string\"}}],\"inLanguage\":\"fr-FR\"},{\"@type\":\"Organization\",\"@id\":\"https:\/\/cialisonlineshop.de\/#organization\",\"name\":\"Cialisonlineshop\",\"url\":\"https:\/\/cialisonlineshop.de\/\",\"logo\":{\"@type\":\"ImageObject\",\"inLanguage\":\"fr-FR\",\"@id\":\"https:\/\/cialisonlineshop.de\/#\/schema\/logo\/image\/\",\"url\":\"https:\/\/cialisonlineshop.de\/wp-content\/uploads\/2026\/01\/Logo_maker_project__6_-removebg-preview-1.png\",\"contentUrl\":\"https:\/\/cialisonlineshop.de\/wp-content\/uploads\/2026\/01\/Logo_maker_project__6_-removebg-preview-1.png\",\"width\":432,\"height\":88,\"caption\":\"Cialisonlineshop\"},\"image\":{\"@id\":\"https:\/\/cialisonlineshop.de\/#\/schema\/logo\/image\/\"}}]}<\/script>\n<!-- \/ Yoast SEO plugin. -->","yoast_head_json":{"title":"10 x Packs Kamagra oral jelly 100mg (70 Jellies) -","robots":{"index":"index","follow":"follow","max-snippet":"max-snippet:-1","max-image-preview":"max-image-preview:large","max-video-preview":"max-video-preview:-1"},"canonical":"https:\/\/cialisonlineshop.de\/fr\/product\/10-x-packs-kamagra-oral-jelly-100mg-70-jellies\/","og_locale":"fr_FR","og_type":"article","og_title":"10 x Packs Kamagra oral jelly 100mg (70 Jellies) -","og_description":"Produktcode: 87971766129-10   Kategorie: Multipacks - Sonderangebote   Marke: Ajanta Pharma Ltd.   Verf\u00fcgbarkeit: Auf Lager - sofort Lie\u00adfer\u00adbar","og_url":"https:\/\/cialisonlineshop.de\/fr\/product\/10-x-packs-kamagra-oral-jelly-100mg-70-jellies\/","article_modified_time":"2026-01-14T10:15:58+00:00","og_image":[{"width":600,"height":600,"url":"https:\/\/cialisonlineshop.de\/wp-content\/uploads\/2026\/01\/Kamagra-oral-jelly.jpg","type":"image\/jpeg"}],"twitter_card":"summary_large_image","twitter_misc":{"Dur\u00e9e de lecture estim\u00e9e":"2 minutes"},"schema":{"@context":"https:\/\/schema.org","@graph":[{"@type":"WebPage","@id":"https:\/\/cialisonlineshop.de\/product\/10-x-packs-kamagra-oral-jelly-100mg-70-jellies\/","url":"https:\/\/cialisonlineshop.de\/product\/10-x-packs-kamagra-oral-jelly-100mg-70-jellies\/","name":"10 x Packs Kamagra oral jelly 100mg (70 Jellies) -","isPartOf":{"@id":"https:\/\/cialisonlineshop.de\/#website"},"primaryImageOfPage":{"@id":"https:\/\/cialisonlineshop.de\/product\/10-x-packs-kamagra-oral-jelly-100mg-70-jellies\/#primaryimage"},"image":{"@id":"https:\/\/cialisonlineshop.de\/product\/10-x-packs-kamagra-oral-jelly-100mg-70-jellies\/#primaryimage"},"thumbnailUrl":"https:\/\/cialisonlineshop.de\/wp-content\/uploads\/2026\/01\/Kamagra-oral-jelly.jpg","datePublished":"2026-01-14T10:15:56+00:00","dateModified":"2026-01-14T10:15:58+00:00","breadcrumb":{"@id":"https:\/\/cialisonlineshop.de\/product\/10-x-packs-kamagra-oral-jelly-100mg-70-jellies\/#breadcrumb"},"inLanguage":"fr-FR","potentialAction":[{"@type":"ReadAction","target":["https:\/\/cialisonlineshop.de\/product\/10-x-packs-kamagra-oral-jelly-100mg-70-jellies\/"]}]},{"@type":"ImageObject","inLanguage":"fr-FR","@id":"https:\/\/cialisonlineshop.de\/product\/10-x-packs-kamagra-oral-jelly-100mg-70-jellies\/#primaryimage","url":"https:\/\/cialisonlineshop.de\/wp-content\/uploads\/2026\/01\/Kamagra-oral-jelly.jpg","contentUrl":"https:\/\/cialisonlineshop.de\/wp-content\/uploads\/2026\/01\/Kamagra-oral-jelly.jpg","width":600,"height":600,"caption":"import placeholder for 5663"},{"@type":"BreadcrumbList","@id":"https:\/\/cialisonlineshop.de\/product\/10-x-packs-kamagra-oral-jelly-100mg-70-jellies\/#breadcrumb","itemListElement":[{"@type":"ListItem","position":1,"name":"Home","item":"https:\/\/cialisonlineshop.de\/"},{"@type":"ListItem","position":2,"name":"Shop","item":"https:\/\/cialisonlineshop.de\/shop\/"},{"@type":"ListItem","position":3,"name":"10 x Packs Kamagra oral jelly 100mg (70 Jellies)"}]},{"@type":"WebSite","@id":"https:\/\/cialisonlineshop.de\/#website","url":"https:\/\/cialisonlineshop.de\/","name":"Cialisonlineshop","description":"","publisher":{"@id":"https:\/\/cialisonlineshop.de\/#organization"},"potentialAction":[{"@type":"SearchAction","target":{"@type":"EntryPoint","urlTemplate":"https:\/\/cialisonlineshop.de\/?s={search_term_string}"},"query-input":{"@type":"PropertyValueSpecification","valueRequired":true,"valueName":"search_term_string"}}],"inLanguage":"fr-FR"},{"@type":"Organization","@id":"https:\/\/cialisonlineshop.de\/#organization","name":"Cialisonlineshop","url":"https:\/\/cialisonlineshop.de\/","logo":{"@type":"ImageObject","inLanguage":"fr-FR","@id":"https:\/\/cialisonlineshop.de\/#\/schema\/logo\/image\/","url":"https:\/\/cialisonlineshop.de\/wp-content\/uploads\/2026\/01\/Logo_maker_project__6_-removebg-preview-1.png","contentUrl":"https:\/\/cialisonlineshop.de\/wp-content\/uploads\/2026\/01\/Logo_maker_project__6_-removebg-preview-1.png","width":432,"height":88,"caption":"Cialisonlineshop"},"image":{"@id":"https:\/\/cialisonlineshop.de\/#\/schema\/logo\/image\/"}}]}},"uagb_featured_image_src":{"full":["https:\/\/cialisonlineshop.de\/wp-content\/uploads\/2026\/01\/Kamagra-oral-jelly.jpg",600,600,false],"thumbnail":["https:\/\/cialisonlineshop.de\/wp-content\/uploads\/2026\/01\/Kamagra-oral-jelly-150x150.jpg",150,150,true],"medium":["https:\/\/cialisonlineshop.de\/wp-content\/uploads\/2026\/01\/Kamagra-oral-jelly-300x300.jpg",300,300,true],"medium_large":["https:\/\/cialisonlineshop.de\/wp-content\/uploads\/2026\/01\/Kamagra-oral-jelly.jpg",600,600,false],"large":["https:\/\/cialisonlineshop.de\/wp-content\/uploads\/2026\/01\/Kamagra-oral-jelly.jpg",600,600,false],"1536x1536":["https:\/\/cialisonlineshop.de\/wp-content\/uploads\/2026\/01\/Kamagra-oral-jelly.jpg",600,600,false],"2048x2048":["https:\/\/cialisonlineshop.de\/wp-content\/uploads\/2026\/01\/Kamagra-oral-jelly.jpg",600,600,false],"trp-custom-language-flag":["https:\/\/cialisonlineshop.de\/wp-content\/uploads\/2026\/01\/Kamagra-oral-jelly.jpg",12,12,false],"woocommerce_thumbnail":["https:\/\/cialisonlineshop.de\/wp-content\/uploads\/2026\/01\/Kamagra-oral-jelly-300x300.jpg",300,300,true],"woocommerce_single":["https:\/\/cialisonlineshop.de\/wp-content\/uploads\/2026\/01\/Kamagra-oral-jelly.jpg",600,600,false],"woocommerce_gallery_thumbnail":["https:\/\/cialisonlineshop.de\/wp-content\/uploads\/2026\/01\/Kamagra-oral-jelly-100x100.jpg",100,100,true]},"uagb_author_info":{"display_name":"Stefan T\u00f6njes","author_link":"https:\/\/cialisonlineshop.de\/fr\/author\/"},"uagb_comment_info":0,"uagb_excerpt":"Produktcode: 87971766129-10 Kategorie: Multipacks - Sonderangebote Marke: Ajanta Pharma Ltd. Verf\u00fcgbarkeit: Auf Lager - sofort Lie\u00adfer\u00adbar","jetpack_sharing_enabled":true,"_links":{"self":[{"href":"https:\/\/cialisonlineshop.de\/fr\/wp-json\/wp\/v2\/product\/2024","targetHints":{"allow":["GET"]}}],"collection":[{"href":"https:\/\/cialisonlineshop.de\/fr\/wp-json\/wp\/v2\/product"}],"about":[{"href":"https:\/\/cialisonlineshop.de\/fr\/wp-json\/wp\/v2\/types\/product"}],"replies":[{"embeddable":true,"href":"https:\/\/cialisonlineshop.de\/fr\/wp-json\/wp\/v2\/comments?post=2024"}],"wp:featuredmedia":[{"embeddable":true,"href":"https:\/\/cialisonlineshop.de\/fr\/wp-json\/wp\/v2\/media\/2042"}],"wp:attachment":[{"href":"https:\/\/cialisonlineshop.de\/fr\/wp-json\/wp\/v2\/media?parent=2024"}],"wp:term":[{"taxonomy":"product_brand","embeddable":true,"href":"https:\/\/cialisonlineshop.de\/fr\/wp-json\/wp\/v2\/product_brand?post=2024"},{"taxonomy":"product_cat","embeddable":true,"href":"https:\/\/cialisonlineshop.de\/fr\/wp-json\/wp\/v2\/product_cat?post=2024"},{"taxonomy":"product_tag","embeddable":true,"href":"https:\/\/cialisonlineshop.de\/fr\/wp-json\/wp\/v2\/product_tag?post=2024"}],"curies":[{"name":"wp","href":"https:\/\/api.w.org\/{rel}","templated":true}]}}