{"id":2023,"date":"2026-01-14T10:15:56","date_gmt":"2026-01-14T10:15:56","guid":{"rendered":"https:\/\/cialisonlineshop.de\/?post_type=product&#038;p=2023"},"modified":"2026-02-25T06:37:44","modified_gmt":"2026-02-25T06:37:44","slug":"weihnachtspaket","status":"publish","type":"product","link":"https:\/\/cialisonlineshop.de\/fr\/product\/weihnachtspaket\/","title":{"rendered":"Weihnachtspaket"},"content":{"rendered":"<h1><strong>Das ultimative Weihnachtspaket: Bringen Sie Ihre Feiertagsstimmung in Schwung und machen Sie die Feiertage unvergesslicher!\u00a0<\/strong><strong>\ud83c\udf84<\/strong><strong>\ud83c\udf80\ud83c\udf81<\/strong><\/h1>\n<p>Die Festtage stehen vor der T\u00fcr und die Aufregung ist sp\u00fcrbar. Familien kommen zusammen, Freunde treffen sich wieder und der Duft von frisch gepfl\u00fcckten Fr\u00fcchten ist eine der besten M\u00f6glichkeiten, diese magische Zeit des Jahres noch sch\u00f6ner zu machen, indem man das perfekte Weihnachtspaket zusammenstellt. Dieses Paket wird Ihre Festtagsstimmung heben und daf\u00fcr sorgen, dass Ihre Weihnachtsfeier unvergesslich wird!<\/p>\n<h2><strong>Was ist im Weihnachtspaket enthalten?<\/strong><strong>\ud83c\udf81<\/strong><\/h2>\n<ul>\n<li>Kamagra 100Mg 40 Pillen<\/li>\n<li>Sildenafil Citrate 100Mg 40 Pillen<\/li>\n<li>Kamagra Oral Jelly 14 Sachets<\/li>\n<li>Super Kamagra 120 Mg 40 Pillen<\/li>\n<\/ul>\n<h2><strong>Wof\u00fcr wird Kamagra 100 mg verwendet?<\/strong><\/h2>\n<p>Erektile Dysfunktion ist ein Zustand, der am h\u00e4ufigsten als Unf\u00e4higkeit eines Mannes beschrieben wird, w\u00e4hrend sexueller Stimulation eine Erektion zu bekommen und aufrechtzuerhalten. W\u00e4hrend manche M\u00e4nner \u00fcberhaupt keine Erektion bekommen, um eine vaginale Penetration einzuleiten, verlieren manche M\u00e4nner ihre Erektion mitten im Geschlechtsverkehr. Das kann, gelinde gesagt, unglaublich peinlich und unangenehm sein; hier kommt Kamagra 100Mg ins Spiel.<\/p>\n<h2><strong>Wof\u00fcr wird Sildenafil Citrat 100 mg verwendet?<\/strong><\/h2>\n<p>F\u00fcr eine erektile Dysfunktion ist eine einfache und sehr wirksame Medizin Sildenafil Citrate. Sie werden in der Lage sein, eine Erektion ohne irgendwelche Schwierigkeiten zu bekommen, nachdem Sie dieses Medikament genommen haben. Dieses Medikament ist mit dem Namen des Haupt- und Wirkstoffs in vielen anderen erektilen Dysfunktion Medikamente verwendet. Wenn Sie Sildenafil Citrate oder andere Medikamente gegen erektile Dysfunktion kaufen, k\u00f6nnen Sie diese Zutat als Hauptbestandteil sehen. Sie werden keine Schmerzen oder andere Nebenwirkungen aufgrund der Verwendung dieser erektilen Dysfunktion haben.<\/p>\n<h2><strong>Wof\u00fcr wird Kamagra Oral Jelly verwendet?<\/strong><\/h2>\n<p>Kamagra Oral Jelly ist eine generische Gel-Form des Original-Markenmedikaments Viagra und ist von der FDA zur Behandlung von Erektionsst\u00f6rungen zugelassen. Der Wirkstoff dieses Medikaments ist derselbe wie der des Originalprodukts. Der erste bemerkenswerte Unterschied ist die auf Gel basierende Formulierung, die so konzipiert ist, dass sie schnell absorbiert wird, um schneller wirkende Ergebnisse zu erzielen.<\/p>\n<p>Kamagra Oral Jelly kam erst nach 2012 auf den Markt, als das urspr\u00fcngliche Patent zum Schutz von Viagra auslief. Bald darauf begannen und beginnen immer mehr M\u00e4nner, Generika zu verwenden, weil sie billiger sind und rezeptfrei rund um die Uhr online \u00fcber echte Internetapotheken erh\u00e4ltlich sind. Das Internet macht es einfacher, Produkte zu finden und zu kaufen, und das Gleiche gilt f\u00fcr die Beschaffung wirksamer Medikamente.<\/p>\n<p>Seit es Online-Apotheken gibt, haben die Menschen Zugang zu neuen und verbesserten Behandlungsm\u00f6glichkeiten, die genauso wirksam sind wie ihre rezeptfreien Gegenst\u00fccke. In der Vergangenheit haben sich viele M\u00e4nner gegen eine Behandlung entschieden, weil es ihnen zu peinlich war, ihre Situation einem Arzt zu erkl\u00e4ren. Die Tatsache, dass die Kunden online auf Medikamente zugreifen k\u00f6nnen, spricht mehr M\u00e4nner an, die gegen die Krankheit k\u00e4mpfen, und bietet gleichzeitig absolute Vertraulichkeit, Bargeldersparnis und Lieferung bis zur Haust\u00fcr.<\/p>\n<p><strong>Kamagra Oral Jelly kaufen<\/strong><\/p>\n<ul>\n<li><strong>Bequeme Anwendung:<\/strong>\u00a0Kamagra Oral Jelly ist in Beutelform erh\u00e4ltlich. Dadurch l\u00e4sst es sich leicht transportieren und diskret einnehmen.<\/li>\n<li><strong>Schnelle Aufnahme:<\/strong>\u00a0Die Geleeform erm\u00f6glicht eine schnellere Aufnahme in den Blutkreislauf. Dies kann im Vergleich zu herk\u00f6mmlichen Tabletten zu schnelleren Ergebnissen f\u00fchren.<\/li>\n<li><strong>Vielfalt an Geschmacksrichtungen:<\/strong>\u00a0Kamagra Oral Jelly ist in verschiedenen Geschmacksrichtungen erh\u00e4ltlich. Dies kann das Erlebnis f\u00fcr Benutzer, die Tabletten m\u00f6glicherweise nicht m\u00f6gen, angenehmer machen.<\/li>\n<li><strong>Wirksame Behandlung von ED:<\/strong>\u00a0Viele Benutzer finden Kamagra wirksam bei der Behandlung von erektiler Dysfunktion. Dies kann das sexuelle Selbstbewusstsein und die Intimit\u00e4t verbessern.<\/li>\n<\/ul>\n<p>Jeder dieser Vorteile unterstreicht, warum Kamagra Oral Jelly eine beliebte Wahl f\u00fcr viele ist, die eine Behandlung f\u00fcr erektile Dysfunktion suchen.<\/p>\n<h2><strong>Wof\u00fcr wird Super Kamagra 120 mg verwendet?<\/strong><\/h2>\n<h3><strong>Super Kamagra Bestellen: Ihre L\u00f6sung f\u00fcr erektile Dysfunktion<\/strong><\/h3>\n<h2><strong>Einleitung<\/strong><\/h2>\n<p>Erektile Dysfunktion (ED) betrifft Millionen von M\u00e4nnern weltweit. Gl\u00fccklicherweise gibt es L\u00f6sungen, die helfen k\u00f6nnen, dieses Problem zu bew\u00e4ltigen. Eine der vielversprechendsten Optionen ist\u00a0<strong>Super Kamagra<\/strong>. In diesem Blogbeitrag erfahren Sie alles, was Sie \u00fcber Super Kamagra wissen m\u00fcssen, einschlie\u00dflich seiner Vorteile, Anwendung und wo Sie es sicher bestellen k\u00f6nnen.<\/p>\n<h2><strong>Was ist Super Kamagra?<\/strong><\/h2>\n<p>Super Kamagra ist ein Medikament, das zur Behandlung von erektiler Dysfunktion und vorzeitiger Ejakulation eingesetzt wird. Es kombiniert die Wirkstoffe\u00a0<strong>Sildenafil<\/strong>\u00a0und\u00a0<strong>Dapoxetin<\/strong>, die zusammen eine doppelte Wirkung haben. W\u00e4hrend Sildenafil die Blutzirkulation im Penis verbessert und somit die Erektion erleichtert, hilft Dapoxetin dabei, die Ejakulation zu verz\u00f6gern. Dies macht Super Kamagra zu einer effektiven L\u00f6sung f\u00fcr M\u00e4nner, die sowohl mit ED als auch mit vorzeitiger Ejakulation k\u00e4mpfen.<\/p>\n<h2><strong>Vorteile von Super Kamagra<\/strong><\/h2>\n<ul>\n<li><strong>Doppelte Wirkung<\/strong>: Dank der Kombination aus Sildenafil und Dapoxetin adressiert Super Kamagra zwei h\u00e4ufige Probleme.<\/li>\n<li><strong>Schnelle Wirkung<\/strong>: Die Wirkung tritt in der Regel innerhalb von 30 bis 60 Minuten nach der Einnahme ein.<\/li>\n<li><strong>Lang anhaltend<\/strong>: Die Wirkung kann bis zu 4 bis 6 Stunden anhalten, was Ihnen ausreichend Zeit gibt, um intime Momente zu genie\u00dfen.<\/li>\n<li><strong>Einfach zu bestellen<\/strong>: Super Kamagra kann bequem online bestellt werden, ohne dass ein Rezept erforderlich ist.<\/li>\n<\/ul>\n<h2><strong>Wie wird Super Kamagra angewendet?<\/strong><\/h2>\n<p>Die empfohlene Dosierung von Super Kamagra betr\u00e4gt normalerweise eine Tablette (100 mg Sildenafil und 60 mg Dapoxetin) etwa 30 Minuten vor dem geplanten Geschlechtsverkehr. Es ist wichtig, die Einnahme nicht mehr als einmal t\u00e4glich vorzunehmen. Stellen Sie sicher, dass Sie die Tablette mit ausreichend Wasser einnehmen und vermeiden Sie den gleichzeitigen Konsum von Alkohol oder fettreichen Mahlzeiten, da dies die Wirkung beeintr\u00e4chtigen kann.<\/p>\n<h2><strong>Zum richtigen Zeitpunkt bestellen, damit der Versand zum richtigen Zeitpunkt erfolgt \ud83d\ude9a<\/strong><\/h2>\n<p>Der Versand ist ein entscheidender Aspekt, damit Ihr Weihnachtspaket p\u00fcnktlich ankommt.<\/p>\n<p><strong>Fr\u00fchzeitig versenden:<\/strong>\u00a0Planen Sie den Versand, um sicherzustellen, dass Ihr Paket p\u00fcnktlich ankommt. Die Post ist w\u00e4hrend der Weihnachtszeit oft \u00fcberlastet.<\/p>\n<p><strong>Versicherter Versand:\u00a0<\/strong>Nutzen Sie den versicherten Versand f\u00fcr wertvolle Geschenke, um sicherzustellen, dass Ihr Paket sicher ankommt.<\/p>","protected":false},"excerpt":{"rendered":"<table class=\"info\">\n<tbody>\n<tr>\n<td>Produktcode:<\/td>\n<td>87971766107<\/td>\n<\/tr>\n<tr>\n<td>Kategorie:<\/td>\n<td><a href=\"https:\/\/kamagrashop.online\/viagra-generika-sildenafil\/\">Viagra Generika (Sildenafil)<\/a><\/td>\n<\/tr>\n<tr>\n<td>Im Paket<\/td>\n<td>Kamagra 100 mg 20 Pillen Sildenafil Citrat 100 mg 20 Pillen<\/p>\n<p>Kamagra Oral Jelly 10 Beutel Cenforce 100 mg 20 Pillen<\/td>\n<\/tr>\n<tr>\n<td>Verf\u00fcgbarkeit:<\/td>\n<td>Auf Lager<\/td>\n<\/tr>\n<\/tbody>\n<\/table>","protected":false},"featured_media":1974,"comment_status":"open","ping_status":"closed","template":"","meta":{"_uag_custom_page_level_css":"","site-sidebar-layout":"","site-content-layout":"","ast-site-content-layout":"","site-content-style":"","site-sidebar-style":"","ast-global-header-display":"","ast-banner-title-visibility":"","ast-main-header-display":"","ast-hfb-above-header-display":"","ast-hfb-below-header-display":"","ast-hfb-mobile-header-display":"","site-post-title":"","ast-breadcrumbs-content":"","ast-featured-img":"","footer-sml-layout":"","ast-disable-related-posts":"","theme-transparent-header-meta":"","adv-header-id-meta":"","stick-header-meta":"","header-above-stick-meta":"","header-main-stick-meta":"","header-below-stick-meta":"","astra-migrate-meta-layouts":"","ast-page-background-enabled":"default","ast-page-background-meta":{"desktop":{"background-color":"","background-image":"","background-repeat":"repeat","background-position":"center center","background-size":"auto","background-attachment":"scroll","background-type":"","background-media":"","overlay-type":"","overlay-color":"","overlay-opacity":"","overlay-gradient":""},"tablet":{"background-color":"","background-image":"","background-repeat":"repeat","background-position":"center center","background-size":"auto","background-attachment":"scroll","background-type":"","background-media":"","overlay-type":"","overlay-color":"","overlay-opacity":"","overlay-gradient":""},"mobile":{"background-color":"","background-image":"","background-repeat":"repeat","background-position":"center center","background-size":"auto","background-attachment":"scroll","background-type":"","background-media":"","overlay-type":"","overlay-color":"","overlay-opacity":"","overlay-gradient":""}},"ast-content-background-meta":{"desktop":{"background-color":"var(--ast-global-color-5)","background-image":"","background-repeat":"repeat","background-position":"center center","background-size":"auto","background-attachment":"scroll","background-type":"","background-media":"","overlay-type":"","overlay-color":"","overlay-opacity":"","overlay-gradient":""},"tablet":{"background-color":"var(--ast-global-color-5)","background-image":"","background-repeat":"repeat","background-position":"center center","background-size":"auto","background-attachment":"scroll","background-type":"","background-media":"","overlay-type":"","overlay-color":"","overlay-opacity":"","overlay-gradient":""},"mobile":{"background-color":"var(--ast-global-color-5)","background-image":"","background-repeat":"repeat","background-position":"center center","background-size":"auto","background-attachment":"scroll","background-type":"","background-media":"","overlay-type":"","overlay-color":"","overlay-opacity":"","overlay-gradient":""}},"episode_type":"","audio_file":"","cover_image":"","cover_image_id":"","duration":"","filesize":"","filesize_raw":"","date_recorded":"","explicit":"","block":"","itunes_episode_number":"","itunes_title":"","itunes_season_number":"","itunes_episode_type":""},"product_brand":[],"product_cat":[29],"product_tag":[],"class_list":{"0":"post-2023","1":"product","2":"type-product","3":"status-publish","4":"has-post-thumbnail","6":"product_cat-weihnachtspaket","7":"desktop-align-left","8":"tablet-align-left","9":"mobile-align-left","11":"first","12":"instock","13":"sale","14":"shipping-taxable","15":"purchasable","16":"product-type-simple"},"yoast_head":"<!-- This site is optimized with the Yoast SEO plugin v27.0 - https:\/\/yoast.com\/product\/yoast-seo-wordpress\/ -->\n<title>Weihnachtspaket -<\/title>\n<meta name=\"robots\" content=\"index, follow, max-snippet:-1, max-image-preview:large, max-video-preview:-1\" \/>\n<link rel=\"canonical\" href=\"https:\/\/cialisonlineshop.de\/fr\/product\/weihnachtspaket\/\" \/>\n<meta property=\"og:locale\" content=\"fr_FR\" \/>\n<meta property=\"og:type\" content=\"article\" \/>\n<meta property=\"og:title\" content=\"Weihnachtspaket -\" \/>\n<meta property=\"og:description\" content=\"Produktcode: 87971766107   Kategorie: Viagra Generika (Sildenafil)   Im Paket Kamagra 100 mg 20 Pillen Sildenafil Citrat 100 mg 20 Pillen  Kamagra Oral Jelly 10 Beutel Cenforce 100 mg 20 Pillen   Verf\u00fcgbarkeit: Auf Lager\" \/>\n<meta property=\"og:url\" content=\"https:\/\/cialisonlineshop.de\/fr\/product\/weihnachtspaket\/\" \/>\n<meta property=\"article:modified_time\" content=\"2026-02-25T06:37:44+00:00\" \/>\n<meta property=\"og:image\" content=\"https:\/\/cialisonlineshop.de\/wp-content\/uploads\/2026\/01\/Sildenafil-Testpaket.png\" \/>\n\t<meta property=\"og:image:width\" content=\"1600\" \/>\n\t<meta property=\"og:image:height\" content=\"1600\" \/>\n\t<meta property=\"og:image:type\" content=\"image\/png\" \/>\n<meta name=\"twitter:card\" content=\"summary_large_image\" \/>\n<meta name=\"twitter:label1\" content=\"Dur\u00e9e de lecture estim\u00e9e\" \/>\n\t<meta name=\"twitter:data1\" content=\"5 minutes\" \/>\n<script type=\"application\/ld+json\" class=\"yoast-schema-graph\">{\"@context\":\"https:\/\/schema.org\",\"@graph\":[{\"@type\":\"WebPage\",\"@id\":\"https:\/\/cialisonlineshop.de\/product\/weihnachtspaket\/\",\"url\":\"https:\/\/cialisonlineshop.de\/product\/weihnachtspaket\/\",\"name\":\"Weihnachtspaket -\",\"isPartOf\":{\"@id\":\"https:\/\/cialisonlineshop.de\/#website\"},\"primaryImageOfPage\":{\"@id\":\"https:\/\/cialisonlineshop.de\/product\/weihnachtspaket\/#primaryimage\"},\"image\":{\"@id\":\"https:\/\/cialisonlineshop.de\/product\/weihnachtspaket\/#primaryimage\"},\"thumbnailUrl\":\"https:\/\/cialisonlineshop.de\/wp-content\/uploads\/2026\/01\/Sildenafil-Testpaket.png\",\"datePublished\":\"2026-01-14T10:15:56+00:00\",\"dateModified\":\"2026-02-25T06:37:44+00:00\",\"breadcrumb\":{\"@id\":\"https:\/\/cialisonlineshop.de\/product\/weihnachtspaket\/#breadcrumb\"},\"inLanguage\":\"fr-FR\",\"potentialAction\":[{\"@type\":\"ReadAction\",\"target\":[\"https:\/\/cialisonlineshop.de\/product\/weihnachtspaket\/\"]}]},{\"@type\":\"ImageObject\",\"inLanguage\":\"fr-FR\",\"@id\":\"https:\/\/cialisonlineshop.de\/product\/weihnachtspaket\/#primaryimage\",\"url\":\"https:\/\/cialisonlineshop.de\/wp-content\/uploads\/2026\/01\/Sildenafil-Testpaket.png\",\"contentUrl\":\"https:\/\/cialisonlineshop.de\/wp-content\/uploads\/2026\/01\/Sildenafil-Testpaket.png\",\"width\":1600,\"height\":1600,\"caption\":\"import placeholder for 5577\"},{\"@type\":\"BreadcrumbList\",\"@id\":\"https:\/\/cialisonlineshop.de\/product\/weihnachtspaket\/#breadcrumb\",\"itemListElement\":[{\"@type\":\"ListItem\",\"position\":1,\"name\":\"Home\",\"item\":\"https:\/\/cialisonlineshop.de\/\"},{\"@type\":\"ListItem\",\"position\":2,\"name\":\"Shop\",\"item\":\"https:\/\/cialisonlineshop.de\/shop\/\"},{\"@type\":\"ListItem\",\"position\":3,\"name\":\"Weihnachtspaket\"}]},{\"@type\":\"WebSite\",\"@id\":\"https:\/\/cialisonlineshop.de\/#website\",\"url\":\"https:\/\/cialisonlineshop.de\/\",\"name\":\"Cialisonlineshop\",\"description\":\"\",\"publisher\":{\"@id\":\"https:\/\/cialisonlineshop.de\/#organization\"},\"potentialAction\":[{\"@type\":\"SearchAction\",\"target\":{\"@type\":\"EntryPoint\",\"urlTemplate\":\"https:\/\/cialisonlineshop.de\/?s={search_term_string}\"},\"query-input\":{\"@type\":\"PropertyValueSpecification\",\"valueRequired\":true,\"valueName\":\"search_term_string\"}}],\"inLanguage\":\"fr-FR\"},{\"@type\":\"Organization\",\"@id\":\"https:\/\/cialisonlineshop.de\/#organization\",\"name\":\"Cialisonlineshop\",\"url\":\"https:\/\/cialisonlineshop.de\/\",\"logo\":{\"@type\":\"ImageObject\",\"inLanguage\":\"fr-FR\",\"@id\":\"https:\/\/cialisonlineshop.de\/#\/schema\/logo\/image\/\",\"url\":\"https:\/\/cialisonlineshop.de\/wp-content\/uploads\/2026\/01\/Logo_maker_project__6_-removebg-preview-1.png\",\"contentUrl\":\"https:\/\/cialisonlineshop.de\/wp-content\/uploads\/2026\/01\/Logo_maker_project__6_-removebg-preview-1.png\",\"width\":432,\"height\":88,\"caption\":\"Cialisonlineshop\"},\"image\":{\"@id\":\"https:\/\/cialisonlineshop.de\/#\/schema\/logo\/image\/\"}}]}<\/script>\n<!-- \/ Yoast SEO plugin. -->","yoast_head_json":{"title":"Weihnachtspaket -","robots":{"index":"index","follow":"follow","max-snippet":"max-snippet:-1","max-image-preview":"max-image-preview:large","max-video-preview":"max-video-preview:-1"},"canonical":"https:\/\/cialisonlineshop.de\/fr\/product\/weihnachtspaket\/","og_locale":"fr_FR","og_type":"article","og_title":"Weihnachtspaket -","og_description":"Produktcode: 87971766107   Kategorie: Viagra Generika (Sildenafil)   Im Paket Kamagra 100 mg 20 Pillen Sildenafil Citrat 100 mg 20 Pillen  Kamagra Oral Jelly 10 Beutel Cenforce 100 mg 20 Pillen   Verf\u00fcgbarkeit: Auf Lager","og_url":"https:\/\/cialisonlineshop.de\/fr\/product\/weihnachtspaket\/","article_modified_time":"2026-02-25T06:37:44+00:00","og_image":[{"width":1600,"height":1600,"url":"https:\/\/cialisonlineshop.de\/wp-content\/uploads\/2026\/01\/Sildenafil-Testpaket.png","type":"image\/png"}],"twitter_card":"summary_large_image","twitter_misc":{"Dur\u00e9e de lecture estim\u00e9e":"5 minutes"},"schema":{"@context":"https:\/\/schema.org","@graph":[{"@type":"WebPage","@id":"https:\/\/cialisonlineshop.de\/product\/weihnachtspaket\/","url":"https:\/\/cialisonlineshop.de\/product\/weihnachtspaket\/","name":"Weihnachtspaket -","isPartOf":{"@id":"https:\/\/cialisonlineshop.de\/#website"},"primaryImageOfPage":{"@id":"https:\/\/cialisonlineshop.de\/product\/weihnachtspaket\/#primaryimage"},"image":{"@id":"https:\/\/cialisonlineshop.de\/product\/weihnachtspaket\/#primaryimage"},"thumbnailUrl":"https:\/\/cialisonlineshop.de\/wp-content\/uploads\/2026\/01\/Sildenafil-Testpaket.png","datePublished":"2026-01-14T10:15:56+00:00","dateModified":"2026-02-25T06:37:44+00:00","breadcrumb":{"@id":"https:\/\/cialisonlineshop.de\/product\/weihnachtspaket\/#breadcrumb"},"inLanguage":"fr-FR","potentialAction":[{"@type":"ReadAction","target":["https:\/\/cialisonlineshop.de\/product\/weihnachtspaket\/"]}]},{"@type":"ImageObject","inLanguage":"fr-FR","@id":"https:\/\/cialisonlineshop.de\/product\/weihnachtspaket\/#primaryimage","url":"https:\/\/cialisonlineshop.de\/wp-content\/uploads\/2026\/01\/Sildenafil-Testpaket.png","contentUrl":"https:\/\/cialisonlineshop.de\/wp-content\/uploads\/2026\/01\/Sildenafil-Testpaket.png","width":1600,"height":1600,"caption":"import placeholder for 5577"},{"@type":"BreadcrumbList","@id":"https:\/\/cialisonlineshop.de\/product\/weihnachtspaket\/#breadcrumb","itemListElement":[{"@type":"ListItem","position":1,"name":"Home","item":"https:\/\/cialisonlineshop.de\/"},{"@type":"ListItem","position":2,"name":"Shop","item":"https:\/\/cialisonlineshop.de\/shop\/"},{"@type":"ListItem","position":3,"name":"Weihnachtspaket"}]},{"@type":"WebSite","@id":"https:\/\/cialisonlineshop.de\/#website","url":"https:\/\/cialisonlineshop.de\/","name":"Cialisonlineshop","description":"","publisher":{"@id":"https:\/\/cialisonlineshop.de\/#organization"},"potentialAction":[{"@type":"SearchAction","target":{"@type":"EntryPoint","urlTemplate":"https:\/\/cialisonlineshop.de\/?s={search_term_string}"},"query-input":{"@type":"PropertyValueSpecification","valueRequired":true,"valueName":"search_term_string"}}],"inLanguage":"fr-FR"},{"@type":"Organization","@id":"https:\/\/cialisonlineshop.de\/#organization","name":"Cialisonlineshop","url":"https:\/\/cialisonlineshop.de\/","logo":{"@type":"ImageObject","inLanguage":"fr-FR","@id":"https:\/\/cialisonlineshop.de\/#\/schema\/logo\/image\/","url":"https:\/\/cialisonlineshop.de\/wp-content\/uploads\/2026\/01\/Logo_maker_project__6_-removebg-preview-1.png","contentUrl":"https:\/\/cialisonlineshop.de\/wp-content\/uploads\/2026\/01\/Logo_maker_project__6_-removebg-preview-1.png","width":432,"height":88,"caption":"Cialisonlineshop"},"image":{"@id":"https:\/\/cialisonlineshop.de\/#\/schema\/logo\/image\/"}}]}},"uagb_featured_image_src":{"full":["https:\/\/cialisonlineshop.de\/wp-content\/uploads\/2026\/01\/Sildenafil-Testpaket.png",1600,1600,false],"thumbnail":["https:\/\/cialisonlineshop.de\/wp-content\/uploads\/2026\/01\/Sildenafil-Testpaket-150x150.png",150,150,true],"medium":["https:\/\/cialisonlineshop.de\/wp-content\/uploads\/2026\/01\/Sildenafil-Testpaket-300x300.png",300,300,true],"medium_large":["https:\/\/cialisonlineshop.de\/wp-content\/uploads\/2026\/01\/Sildenafil-Testpaket-768x768.png",768,768,true],"large":["https:\/\/cialisonlineshop.de\/wp-content\/uploads\/2026\/01\/Sildenafil-Testpaket-1024x1024.png",1024,1024,true],"1536x1536":["https:\/\/cialisonlineshop.de\/wp-content\/uploads\/2026\/01\/Sildenafil-Testpaket-1536x1536.png",1536,1536,true],"2048x2048":["https:\/\/cialisonlineshop.de\/wp-content\/uploads\/2026\/01\/Sildenafil-Testpaket.png",1600,1600,false],"trp-custom-language-flag":["https:\/\/cialisonlineshop.de\/wp-content\/uploads\/2026\/01\/Sildenafil-Testpaket.png",12,12,false],"woocommerce_thumbnail":["https:\/\/cialisonlineshop.de\/wp-content\/uploads\/2026\/01\/Sildenafil-Testpaket-300x300.png",300,300,true],"woocommerce_single":["https:\/\/cialisonlineshop.de\/wp-content\/uploads\/2026\/01\/Sildenafil-Testpaket-600x600.png",600,600,true],"woocommerce_gallery_thumbnail":["https:\/\/cialisonlineshop.de\/wp-content\/uploads\/2026\/01\/Sildenafil-Testpaket-100x100.png",100,100,true]},"uagb_author_info":{"display_name":"Stefan T\u00f6njes","author_link":"https:\/\/cialisonlineshop.de\/fr\/author\/"},"uagb_comment_info":1,"uagb_excerpt":"Produktcode: 87971766107 Kategorie: Viagra Generika (Sildenafil) Im Paket Kamagra 100 mg 20 Pillen Sildenafil Citrat 100 mg 20 Pillen Kamagra Oral Jelly 10 Beutel Cenforce 100 mg 20 Pillen Verf\u00fcgbarkeit: Auf Lager","jetpack_sharing_enabled":true,"_links":{"self":[{"href":"https:\/\/cialisonlineshop.de\/fr\/wp-json\/wp\/v2\/product\/2023","targetHints":{"allow":["GET"]}}],"collection":[{"href":"https:\/\/cialisonlineshop.de\/fr\/wp-json\/wp\/v2\/product"}],"about":[{"href":"https:\/\/cialisonlineshop.de\/fr\/wp-json\/wp\/v2\/types\/product"}],"replies":[{"embeddable":true,"href":"https:\/\/cialisonlineshop.de\/fr\/wp-json\/wp\/v2\/comments?post=2023"}],"wp:featuredmedia":[{"embeddable":true,"href":"https:\/\/cialisonlineshop.de\/fr\/wp-json\/wp\/v2\/media\/1974"}],"wp:attachment":[{"href":"https:\/\/cialisonlineshop.de\/fr\/wp-json\/wp\/v2\/media?parent=2023"}],"wp:term":[{"taxonomy":"product_brand","embeddable":true,"href":"https:\/\/cialisonlineshop.de\/fr\/wp-json\/wp\/v2\/product_brand?post=2023"},{"taxonomy":"product_cat","embeddable":true,"href":"https:\/\/cialisonlineshop.de\/fr\/wp-json\/wp\/v2\/product_cat?post=2023"},{"taxonomy":"product_tag","embeddable":true,"href":"https:\/\/cialisonlineshop.de\/fr\/wp-json\/wp\/v2\/product_tag?post=2023"}],"curies":[{"name":"wp","href":"https:\/\/api.w.org\/{rel}","templated":true}]}}