{"id":2017,"date":"2026-01-14T10:15:56","date_gmt":"2026-01-14T10:15:56","guid":{"rendered":"https:\/\/cialisonlineshop.de\/?post_type=product&#038;p=2017"},"modified":"2026-01-14T10:16:01","modified_gmt":"2026-01-14T10:16:01","slug":"apcalis-oral-jelly-20-mg","status":"publish","type":"product","link":"https:\/\/cialisonlineshop.de\/fr\/product\/apcalis-oral-jelly-20-mg\/","title":{"rendered":"Apcalis Oral Jelly 20 mg"},"content":{"rendered":"<h2 style=\"font-weight: 500; font-size: 44px;\">Apcalis Oral Jelly 20 mg, das beste Medikament gegen erektile Dysfunktion. Jetzt einkaufen!<\/h2>\n<p style=\"font-weight: 400;\"><strong style=\"font-weight: 600;\">Apcalis Oral Jelly 20 mg<\/strong>\u00a0ist Gel zum Mundkonsum zur\u00a0Heilung von Erektionsst\u00f6rungen\u00a0mit Wirkstoff Tadalafil. Der ist dank dem Originalprodukt Cialis bekannt (deshalb werden die Arzneimittel mit Tadalafil oft als\u00a0Cialis Generika\u00a0bezeichnet).<\/p>\n<p>Apcalis Oral Jelly 20 mg ist eine gute Wahl, falls Sie ein Produkt mit Tadalafil mit schneller Wirkung suchen.\u00a0<strong style=\"font-weight: 600;\">Nach 10-15 Minuten<\/strong>\u00a0wird er\u00a0<strong style=\"font-weight: 600;\">wirksam<\/strong>.<\/p>\n<p>Das Gel hat ein\u00a0<strong style=\"font-weight: 600;\">angenehmes Fruchtaroma<\/strong>\u00a0und man muss es nicht mit Wasser wie Tabletten verschlucken. Eine Packung enth\u00e4lt 7 Gelbeutel mit leckerem Fruchtaroma.<\/p>\n<h2 style=\"font-weight: 500;\">Wirkstoff<\/h2>\n<p style=\"font-weight: 400;\">Wirkstoff Tadalafil (mehr Info \u00fcber den Wirkstoff im Artikel\u00a0Tadalafil) entspannt die Zellen der glatten Muskulatur und hilft der Durchblutung vom Penis. Man erreicht schnell eine\u00a0<strong style=\"font-weight: 600;\">feste und langfristige Erektion<\/strong>\u00a0und kann viel besseren Geschlechtsverkehr genie\u00dfen.<\/p>\n<h2 style=\"font-weight: 500;\">Dosierung und Gebrauchsweise<\/h2>\n<p style=\"font-weight: 400;\">Eine empfohlene Anfangsdosis ist 10 mg.\u00a0Je nach Bedarf und Vertr\u00e4glichkeit kann die Einzeldosis auf maximal 20 mg\u00a0einmal t\u00e4glich erh\u00f6ht werden.\u00a0<strong style=\"font-weight: 600;\">\u00dcberschreiten Sie die maximale Tagesdosis 20 mg nicht.<\/strong><\/p>\n<p>Die Einnahme von Apcalis Oral Jelly ist sehr einfach und angenehm dank Fruchtaromen. Man dr\u00fcckt den Inhalt des Beutels direkt in den Mund aus, alles ohne Wassergebrauch.\u00a0<strong style=\"font-weight: 600;\">1 Beutel = 1 Dosis<\/strong>\u00a0mit 20 mg von Tadalafil.<\/p>\n<p>Apcalis Oral Jelly 20 mg wird 10-15\u00a0Minuten vor dem Geschlechtsverkehr eingenommen. Seine Wirkung dauert bis 36 Stunden.\u00a0<strong style=\"font-weight: 600;\">Apcalis Oral Jelly\u200b ist kein Aphrodisiakum.<\/strong>\u00a0Um gew\u00fcnschte Wirkung zu erreichen,\u00a0<strong style=\"font-weight: 600;\">m\u00fcssen Sie sexuell stimuliert werden<\/strong>.<\/p>\n<p>Das Pr\u00e4parat darf vor oder nach dem Essen eingenommen werden. Arzneimittel Apcalis Oral Jelly 20 mg darf nicht mit Alkohol, Grapefruit und Grapefruitsaft kombiniert werden. \u00dcber Gefahr von dieser Kombination erfahren Sie mehr im Artikel\u00a0Medikamente gegen erektile Dysfunktion in Fragen und Antworten.<\/p>\n<h2 style=\"font-weight: 500;\">Kontraindikationen<\/h2>\n<p style=\"font-weight: 400;\">Apcalis Oral Jelly 20 mg darf nicht eingenommen werden wenn:<\/p>\n<ul style=\"font-weight: 400;\">\n<li><strong style=\"font-weight: 600;\">man auf Tadalafil<\/strong>\u00a0oder auf andere Wirkstoffe\u00a0<strong style=\"font-weight: 600;\">allergisch ist\u00a0<\/strong><\/li>\n<li>man vor kurzem\u00a0<strong style=\"font-weight: 600;\">Herzinfarkt oder Schlaganfall\u00a0<\/strong>durchgemacht hat, oder an andere Herzerkrankungen wie\u00a0<strong style=\"font-weight: 600;\">niedriger Blutdruck oder Bluthochdruck<\/strong>\u00a0leidet<\/li>\n<li><strong style=\"font-weight: 600;\">man die Nitrate einnimmt<\/strong>\u00a0(zum Beispiel Nitroglycerin, Isosorbid dinitrat), Medikamente, die Stickoxid l\u00f6sen (z.B. Isoamyl-nitrit)<\/li>\n<li>man Medikamente gegen Angina Pectoris einnimmt (z.B. Nitraten oder Stickoxid)<\/li>\n<li><strong style=\"font-weight: 600;\">man an andere seri\u00f6se Herzerkrankung oder Leberst\u00f6rung leidet<\/strong><\/li>\n<li>man an seltener Netzhautst\u00f6rung leidet (z.B. retinitis pigmentosa) oder man die Sehkraft durch NAION verloren hat<\/li>\n<li><strong style=\"font-weight: 600;\">man Riociguat einnimmt<\/strong>\u00a0( zur Heilung der arteriellen Lungenhypertonie und chronischer Lungen Hypertension)<\/li>\n<li>man Alfa-Blocker zur Heilung vom hohen Blutdruck oder Harnwegserkrankung wegen benigner Hyperplasie der Prostata einnimmt<\/li>\n<li>man Inhibitoren der Protease zur Heilung von AIDS oder HIV Infektion einnimmt<\/li>\n<li><strong style=\"font-weight: 600;\">man schon ein anderes Erektionsmittel einnimmt<\/strong><\/li>\n<\/ul>\n<h2 style=\"font-weight: 500;\">Warnung<\/h2>\n<p style=\"font-weight: 400;\"><strong style=\"font-weight: 600;\">Informieren Sie Ihren Arzt<\/strong>, bevor Sie den Wirkstoff Tadalafil einnehmen, im Falle Sie an:<\/p>\n<ul style=\"font-weight: 400;\">\n<li>Herzprobleme<\/li>\n<li>Peyronie Erkrankung oder andere Penisdeformationen<\/li>\n<li>Geschw\u00fcr Erkrankung oder Bluterkrankheit (z.B.H\u00e4mophilie)<\/li>\n<li>Zucker Intoleranz (z.B. Laktose)<\/li>\n<li>Sichelzellkrankheit, Leuk\u00e4mie oder mehrfachen Myelom leiden<\/li>\n<\/ul>\n<p style=\"font-weight: 400;\">Bei Patienten mit einer seri\u00f6sen Nierenst\u00f6rung ist die empfohlene maximale Tagesdosis 10 mg.<br \/>\nDie Einnahme von Apcalis Oral Jelly mit anderen Medikamenten\u00a0<strong style=\"font-weight: 600;\">soll Ihr Arzt genehmigen<\/strong>, besonders wenn die Medikamente Ritonavir, Erythromycin, Saquinavir, Ketoconazol oder Itraconazol enthalten.<\/p>\n<h2 style=\"font-weight: 500;\">M\u00f6gliche Nebenwirkungen<\/h2>\n<p style=\"font-weight: 400;\">Wie bei jedem anderen Medikament k\u00f6nnen sich auch bei diesem Arzneimittel mit Tadalafil Nebenwirkungen zeigen. Meistens geht es um\u00a0<strong style=\"font-weight: 600;\">milde Schwierigkeiten, die nicht lange dauern<\/strong>. In erster Linie sind es vor allem Kopfschmerzen, Gesichtsr\u00f6tung, Unwohlsein, Verdauungsprobleme, Hitzewallung, Sehst\u00f6rungen (verschwommenes oder sgn. blaues Sehen), Probleme mit Ged\u00e4chtnis, Schnupfen oder Schwindelgef\u00fchle.<\/p>\n<h2 style=\"font-weight: 500;\">Wichtiger Hinweis<\/h2>\n<p style=\"font-weight: 400;\">Falls bei Ihnen nach der Einnahme des Mittels zu einer starken Verschlechterung der Sehkraft oder des Geh\u00f6rs kommt, Sie Blut im Urin finden oder er tr\u00fcb wird oder falls Sie eine\u00a0<strong style=\"font-weight: 600;\">Erektion l\u00e4nger als 4 Stunden haben<\/strong>, besonders ohne sexuelle Anregung und schmerzhaft,\u00a0<strong style=\"font-weight: 600;\">suchen Sie unverz\u00fcglich Ihren Arzt auf<\/strong>.<\/p>\n<p>Medizinische Hilfe suchen Sie unverz\u00fcglich\u00a0<strong style=\"font-weight: 600;\">bei allen ungew\u00f6hnlichen Reaktionen\u00a0<\/strong>oder\u00a0<strong style=\"font-weight: 600;\">bei starken Verschlechterung Ihres Zustandes nach der Einnahme des Mittels<\/strong>. Besuchen Sie den Arzt auch wenn die Nebenwirkungen von l\u00e4ngerer Dauer sind.<\/p>\n<h2 style=\"font-weight: 500;\">Lagerung<\/h2>\n<p style=\"font-weight: 400;\">Lagern Sie bei Temperaturen bis 30\u00b0C. Behalten Sie in der Originalpackung. Sch\u00fctzen Sie vor Feuchtigkeit. Vermeiden Sie Kontakt mit Kindern. Benutzen Sie nicht nach dem abgelaufenen Mindesthaltbarkeitsdatum.<\/p>\n<h2>Entdecken Sie noch heute die Kraft von Oral Jelly gegen erektile Dysfunktion!<\/h2>\n<p>Sind Sie bereit, Ihr Selbstvertrauen zu st\u00e4rken? Viagra online in Deutschland zu kaufen war noch nie so einfach! Bei apotheke-eu.de k\u00f6nnen Sie Erektionsst\u00f6rungsmedikamente ganz einfach und privat von zu Hause aus bestellen.<\/p>\n<p>Lassen Sie sich nicht l\u00e4nger von sexuellen Funktionsst\u00f6rungen aufhalten. Besuchen Sie noch heute unsere Website, um unsere Produkte zu testen und Ihre geistige Gesundheit zu verbessern. Es ist Zeit, Ihr Selbstvertrauen zur\u00fcckzugewinnen. Bestellen Sie Viagra jetzt online in Deutschland!<\/p>\n<p>Sie haben Probleme mit erektiler Dysfunktion?<\/p>","protected":false},"excerpt":{"rendered":"<p>Apcalis Oral Jelly 20 mg\u00a0ist Gel zum Mundkonsum zur\u00a0Heilung von Erektionsst\u00f6rungen\u00a0mit Wirkstoff Tadalafil. Der ist dank dem Originalprodukt Cialis bekannt (deshalb werden die Arzneimittel mit Tadalafil oft als\u00a0Cialis Generika\u00a0bezeichnet).<\/p>\n<table class=\"info\">\n<tbody>\n<tr>\n<td>Produktcode:<\/td>\n<td>22947434085<\/td>\n<\/tr>\n<tr>\n<td>Kategorie:<\/td>\n<td><a href=\"https:\/\/kamagrashop.online\/cialis-generika-tadalafil\/\">Cialis Generika (Tadalafil)<\/a><\/td>\n<\/tr>\n<tr>\n<td>Marke:<\/td>\n<td>Ajanta Pharma Ltd.<\/td>\n<\/tr>\n<tr>\n<td>Verf\u00fcgbarkeit:<\/td>\n<td>Auf Lager<\/td>\n<\/tr>\n<\/tbody>\n<\/table>","protected":false},"featured_media":2041,"comment_status":"open","ping_status":"closed","template":"","meta":{"_uag_custom_page_level_css":"","site-sidebar-layout":"default","site-content-layout":"","ast-site-content-layout":"default","site-content-style":"default","site-sidebar-style":"default","ast-global-header-display":"","ast-banner-title-visibility":"","ast-main-header-display":"","ast-hfb-above-header-display":"","ast-hfb-below-header-display":"","ast-hfb-mobile-header-display":"","site-post-title":"","ast-breadcrumbs-content":"","ast-featured-img":"","footer-sml-layout":"","ast-disable-related-posts":"","theme-transparent-header-meta":"default","adv-header-id-meta":"","stick-header-meta":"","header-above-stick-meta":"","header-main-stick-meta":"","header-below-stick-meta":"","astra-migrate-meta-layouts":"set","ast-page-background-enabled":"default","ast-page-background-meta":{"desktop":{"background-color":"","background-image":"","background-repeat":"repeat","background-position":"center center","background-size":"auto","background-attachment":"scroll","background-type":"","background-media":"","overlay-type":"","overlay-color":"","overlay-opacity":"","overlay-gradient":""},"tablet":{"background-color":"","background-image":"","background-repeat":"repeat","background-position":"center center","background-size":"auto","background-attachment":"scroll","background-type":"","background-media":"","overlay-type":"","overlay-color":"","overlay-opacity":"","overlay-gradient":""},"mobile":{"background-color":"","background-image":"","background-repeat":"repeat","background-position":"center center","background-size":"auto","background-attachment":"scroll","background-type":"","background-media":"","overlay-type":"","overlay-color":"","overlay-opacity":"","overlay-gradient":""}},"ast-content-background-meta":{"desktop":{"background-color":"var(--ast-global-color-5)","background-image":"","background-repeat":"repeat","background-position":"center center","background-size":"auto","background-attachment":"scroll","background-type":"","background-media":"","overlay-type":"","overlay-color":"","overlay-opacity":"","overlay-gradient":""},"tablet":{"background-color":"var(--ast-global-color-5)","background-image":"","background-repeat":"repeat","background-position":"center center","background-size":"auto","background-attachment":"scroll","background-type":"","background-media":"","overlay-type":"","overlay-color":"","overlay-opacity":"","overlay-gradient":""},"mobile":{"background-color":"var(--ast-global-color-5)","background-image":"","background-repeat":"repeat","background-position":"center center","background-size":"auto","background-attachment":"scroll","background-type":"","background-media":"","overlay-type":"","overlay-color":"","overlay-opacity":"","overlay-gradient":""}},"episode_type":"","audio_file":"","cover_image":"","cover_image_id":"","duration":"","filesize":"","filesize_raw":"","date_recorded":"","explicit":"","block":"","itunes_episode_number":"","itunes_title":"","itunes_season_number":"","itunes_episode_type":""},"product_brand":[],"product_cat":[28],"product_tag":[],"class_list":{"0":"post-2017","1":"product","2":"type-product","3":"status-publish","4":"has-post-thumbnail","6":"product_cat-cialis-generika-tadalafil","7":"desktop-align-left","8":"tablet-align-left","9":"mobile-align-left","11":"first","12":"instock","13":"shipping-taxable","14":"purchasable","15":"product-type-variable"},"yoast_head":"<!-- This site is optimized with the Yoast SEO plugin v27.0 - https:\/\/yoast.com\/product\/yoast-seo-wordpress\/ -->\n<title>Apcalis Oral Jelly 20 mg Wirksam bei Erektionsst\u00f6rungen l ApothekeEU<\/title>\n<meta name=\"description\" content=\"Bestellen Sie Apcalis Oral Jelly 20 mg online bei ApothekeEU. Eine vertrauensw\u00fcrdige L\u00f6sung f\u00fcr erektile Dysfunktion mit schnell wirkenden Ergebnissen. Einfacher Kauf und sichere Lieferoptionen.\" \/>\n<meta name=\"robots\" content=\"index, follow, max-snippet:-1, max-image-preview:large, max-video-preview:-1\" \/>\n<link rel=\"canonical\" href=\"https:\/\/cialisonlineshop.de\/fr\/product\/apcalis-oral-jelly-20-mg\/\" \/>\n<meta property=\"og:locale\" content=\"fr_FR\" \/>\n<meta property=\"og:type\" content=\"article\" \/>\n<meta property=\"og:title\" content=\"Apcalis Oral Jelly 20 mg Wirksam bei Erektionsst\u00f6rungen l ApothekeEU\" \/>\n<meta property=\"og:description\" content=\"Bestellen Sie Apcalis Oral Jelly 20 mg online bei ApothekeEU. Eine vertrauensw\u00fcrdige L\u00f6sung f\u00fcr erektile Dysfunktion mit schnell wirkenden Ergebnissen. Einfacher Kauf und sichere Lieferoptionen.\" \/>\n<meta property=\"og:url\" content=\"https:\/\/cialisonlineshop.de\/fr\/product\/apcalis-oral-jelly-20-mg\/\" \/>\n<meta property=\"article:modified_time\" content=\"2026-01-14T10:16:01+00:00\" \/>\n<meta property=\"og:image\" content=\"https:\/\/cialisonlineshop.de\/wp-content\/uploads\/2026\/01\/Apcalis-Oral-Jelly-20-mg.jpg\" \/>\n\t<meta property=\"og:image:width\" content=\"510\" \/>\n\t<meta property=\"og:image:height\" content=\"510\" \/>\n\t<meta property=\"og:image:type\" content=\"image\/jpeg\" \/>\n<meta name=\"twitter:card\" content=\"summary_large_image\" \/>\n<meta name=\"twitter:label1\" content=\"Dur\u00e9e de lecture estim\u00e9e\" \/>\n\t<meta name=\"twitter:data1\" content=\"5 minutes\" \/>\n<script type=\"application\/ld+json\" class=\"yoast-schema-graph\">{\"@context\":\"https:\/\/schema.org\",\"@graph\":[{\"@type\":\"WebPage\",\"@id\":\"https:\/\/cialisonlineshop.de\/product\/apcalis-oral-jelly-20-mg\/\",\"url\":\"https:\/\/cialisonlineshop.de\/product\/apcalis-oral-jelly-20-mg\/\",\"name\":\"Apcalis Oral Jelly 20 mg Wirksam bei Erektionsst\u00f6rungen l ApothekeEU\",\"isPartOf\":{\"@id\":\"https:\/\/cialisonlineshop.de\/#website\"},\"primaryImageOfPage\":{\"@id\":\"https:\/\/cialisonlineshop.de\/product\/apcalis-oral-jelly-20-mg\/#primaryimage\"},\"image\":{\"@id\":\"https:\/\/cialisonlineshop.de\/product\/apcalis-oral-jelly-20-mg\/#primaryimage\"},\"thumbnailUrl\":\"https:\/\/cialisonlineshop.de\/wp-content\/uploads\/2026\/01\/Apcalis-Oral-Jelly-20-mg.jpg\",\"datePublished\":\"2026-01-14T10:15:56+00:00\",\"dateModified\":\"2026-01-14T10:16:01+00:00\",\"description\":\"Bestellen Sie Apcalis Oral Jelly 20 mg online bei ApothekeEU. Eine vertrauensw\u00fcrdige L\u00f6sung f\u00fcr erektile Dysfunktion mit schnell wirkenden Ergebnissen. Einfacher Kauf und sichere Lieferoptionen.\",\"breadcrumb\":{\"@id\":\"https:\/\/cialisonlineshop.de\/product\/apcalis-oral-jelly-20-mg\/#breadcrumb\"},\"inLanguage\":\"fr-FR\",\"potentialAction\":[{\"@type\":\"ReadAction\",\"target\":[\"https:\/\/cialisonlineshop.de\/product\/apcalis-oral-jelly-20-mg\/\"]}]},{\"@type\":\"ImageObject\",\"inLanguage\":\"fr-FR\",\"@id\":\"https:\/\/cialisonlineshop.de\/product\/apcalis-oral-jelly-20-mg\/#primaryimage\",\"url\":\"https:\/\/cialisonlineshop.de\/wp-content\/uploads\/2026\/01\/Apcalis-Oral-Jelly-20-mg.jpg\",\"contentUrl\":\"https:\/\/cialisonlineshop.de\/wp-content\/uploads\/2026\/01\/Apcalis-Oral-Jelly-20-mg.jpg\",\"width\":510,\"height\":510,\"caption\":\"import placeholder for 5656\"},{\"@type\":\"BreadcrumbList\",\"@id\":\"https:\/\/cialisonlineshop.de\/product\/apcalis-oral-jelly-20-mg\/#breadcrumb\",\"itemListElement\":[{\"@type\":\"ListItem\",\"position\":1,\"name\":\"Home\",\"item\":\"https:\/\/cialisonlineshop.de\/\"},{\"@type\":\"ListItem\",\"position\":2,\"name\":\"Shop\",\"item\":\"https:\/\/cialisonlineshop.de\/shop\/\"},{\"@type\":\"ListItem\",\"position\":3,\"name\":\"Apcalis Oral Jelly 20 mg\"}]},{\"@type\":\"WebSite\",\"@id\":\"https:\/\/cialisonlineshop.de\/#website\",\"url\":\"https:\/\/cialisonlineshop.de\/\",\"name\":\"Cialisonlineshop\",\"description\":\"\",\"publisher\":{\"@id\":\"https:\/\/cialisonlineshop.de\/#organization\"},\"potentialAction\":[{\"@type\":\"SearchAction\",\"target\":{\"@type\":\"EntryPoint\",\"urlTemplate\":\"https:\/\/cialisonlineshop.de\/?s={search_term_string}\"},\"query-input\":{\"@type\":\"PropertyValueSpecification\",\"valueRequired\":true,\"valueName\":\"search_term_string\"}}],\"inLanguage\":\"fr-FR\"},{\"@type\":\"Organization\",\"@id\":\"https:\/\/cialisonlineshop.de\/#organization\",\"name\":\"Cialisonlineshop\",\"url\":\"https:\/\/cialisonlineshop.de\/\",\"logo\":{\"@type\":\"ImageObject\",\"inLanguage\":\"fr-FR\",\"@id\":\"https:\/\/cialisonlineshop.de\/#\/schema\/logo\/image\/\",\"url\":\"https:\/\/cialisonlineshop.de\/wp-content\/uploads\/2026\/01\/Logo_maker_project__6_-removebg-preview-1.png\",\"contentUrl\":\"https:\/\/cialisonlineshop.de\/wp-content\/uploads\/2026\/01\/Logo_maker_project__6_-removebg-preview-1.png\",\"width\":432,\"height\":88,\"caption\":\"Cialisonlineshop\"},\"image\":{\"@id\":\"https:\/\/cialisonlineshop.de\/#\/schema\/logo\/image\/\"}}]}<\/script>\n<!-- \/ Yoast SEO plugin. -->","yoast_head_json":{"title":"Apcalis Oral Jelly 20 mg Wirksam bei Erektionsst\u00f6rungen l ApothekeEU","description":"Bestellen Sie Apcalis Oral Jelly 20 mg online bei ApothekeEU. Eine vertrauensw\u00fcrdige L\u00f6sung f\u00fcr erektile Dysfunktion mit schnell wirkenden Ergebnissen. Einfacher Kauf und sichere Lieferoptionen.","robots":{"index":"index","follow":"follow","max-snippet":"max-snippet:-1","max-image-preview":"max-image-preview:large","max-video-preview":"max-video-preview:-1"},"canonical":"https:\/\/cialisonlineshop.de\/fr\/product\/apcalis-oral-jelly-20-mg\/","og_locale":"fr_FR","og_type":"article","og_title":"Apcalis Oral Jelly 20 mg Wirksam bei Erektionsst\u00f6rungen l ApothekeEU","og_description":"Bestellen Sie Apcalis Oral Jelly 20 mg online bei ApothekeEU. Eine vertrauensw\u00fcrdige L\u00f6sung f\u00fcr erektile Dysfunktion mit schnell wirkenden Ergebnissen. Einfacher Kauf und sichere Lieferoptionen.","og_url":"https:\/\/cialisonlineshop.de\/fr\/product\/apcalis-oral-jelly-20-mg\/","article_modified_time":"2026-01-14T10:16:01+00:00","og_image":[{"width":510,"height":510,"url":"https:\/\/cialisonlineshop.de\/wp-content\/uploads\/2026\/01\/Apcalis-Oral-Jelly-20-mg.jpg","type":"image\/jpeg"}],"twitter_card":"summary_large_image","twitter_misc":{"Dur\u00e9e de lecture estim\u00e9e":"5 minutes"},"schema":{"@context":"https:\/\/schema.org","@graph":[{"@type":"WebPage","@id":"https:\/\/cialisonlineshop.de\/product\/apcalis-oral-jelly-20-mg\/","url":"https:\/\/cialisonlineshop.de\/product\/apcalis-oral-jelly-20-mg\/","name":"Apcalis Oral Jelly 20 mg Wirksam bei Erektionsst\u00f6rungen l ApothekeEU","isPartOf":{"@id":"https:\/\/cialisonlineshop.de\/#website"},"primaryImageOfPage":{"@id":"https:\/\/cialisonlineshop.de\/product\/apcalis-oral-jelly-20-mg\/#primaryimage"},"image":{"@id":"https:\/\/cialisonlineshop.de\/product\/apcalis-oral-jelly-20-mg\/#primaryimage"},"thumbnailUrl":"https:\/\/cialisonlineshop.de\/wp-content\/uploads\/2026\/01\/Apcalis-Oral-Jelly-20-mg.jpg","datePublished":"2026-01-14T10:15:56+00:00","dateModified":"2026-01-14T10:16:01+00:00","description":"Bestellen Sie Apcalis Oral Jelly 20 mg online bei ApothekeEU. Eine vertrauensw\u00fcrdige L\u00f6sung f\u00fcr erektile Dysfunktion mit schnell wirkenden Ergebnissen. Einfacher Kauf und sichere Lieferoptionen.","breadcrumb":{"@id":"https:\/\/cialisonlineshop.de\/product\/apcalis-oral-jelly-20-mg\/#breadcrumb"},"inLanguage":"fr-FR","potentialAction":[{"@type":"ReadAction","target":["https:\/\/cialisonlineshop.de\/product\/apcalis-oral-jelly-20-mg\/"]}]},{"@type":"ImageObject","inLanguage":"fr-FR","@id":"https:\/\/cialisonlineshop.de\/product\/apcalis-oral-jelly-20-mg\/#primaryimage","url":"https:\/\/cialisonlineshop.de\/wp-content\/uploads\/2026\/01\/Apcalis-Oral-Jelly-20-mg.jpg","contentUrl":"https:\/\/cialisonlineshop.de\/wp-content\/uploads\/2026\/01\/Apcalis-Oral-Jelly-20-mg.jpg","width":510,"height":510,"caption":"import placeholder for 5656"},{"@type":"BreadcrumbList","@id":"https:\/\/cialisonlineshop.de\/product\/apcalis-oral-jelly-20-mg\/#breadcrumb","itemListElement":[{"@type":"ListItem","position":1,"name":"Home","item":"https:\/\/cialisonlineshop.de\/"},{"@type":"ListItem","position":2,"name":"Shop","item":"https:\/\/cialisonlineshop.de\/shop\/"},{"@type":"ListItem","position":3,"name":"Apcalis Oral Jelly 20 mg"}]},{"@type":"WebSite","@id":"https:\/\/cialisonlineshop.de\/#website","url":"https:\/\/cialisonlineshop.de\/","name":"Cialisonlineshop","description":"","publisher":{"@id":"https:\/\/cialisonlineshop.de\/#organization"},"potentialAction":[{"@type":"SearchAction","target":{"@type":"EntryPoint","urlTemplate":"https:\/\/cialisonlineshop.de\/?s={search_term_string}"},"query-input":{"@type":"PropertyValueSpecification","valueRequired":true,"valueName":"search_term_string"}}],"inLanguage":"fr-FR"},{"@type":"Organization","@id":"https:\/\/cialisonlineshop.de\/#organization","name":"Cialisonlineshop","url":"https:\/\/cialisonlineshop.de\/","logo":{"@type":"ImageObject","inLanguage":"fr-FR","@id":"https:\/\/cialisonlineshop.de\/#\/schema\/logo\/image\/","url":"https:\/\/cialisonlineshop.de\/wp-content\/uploads\/2026\/01\/Logo_maker_project__6_-removebg-preview-1.png","contentUrl":"https:\/\/cialisonlineshop.de\/wp-content\/uploads\/2026\/01\/Logo_maker_project__6_-removebg-preview-1.png","width":432,"height":88,"caption":"Cialisonlineshop"},"image":{"@id":"https:\/\/cialisonlineshop.de\/#\/schema\/logo\/image\/"}}]}},"uagb_featured_image_src":{"full":["https:\/\/cialisonlineshop.de\/wp-content\/uploads\/2026\/01\/Apcalis-Oral-Jelly-20-mg.jpg",510,510,false],"thumbnail":["https:\/\/cialisonlineshop.de\/wp-content\/uploads\/2026\/01\/Apcalis-Oral-Jelly-20-mg-150x150.jpg",150,150,true],"medium":["https:\/\/cialisonlineshop.de\/wp-content\/uploads\/2026\/01\/Apcalis-Oral-Jelly-20-mg-300x300.jpg",300,300,true],"medium_large":["https:\/\/cialisonlineshop.de\/wp-content\/uploads\/2026\/01\/Apcalis-Oral-Jelly-20-mg.jpg",510,510,false],"large":["https:\/\/cialisonlineshop.de\/wp-content\/uploads\/2026\/01\/Apcalis-Oral-Jelly-20-mg.jpg",510,510,false],"1536x1536":["https:\/\/cialisonlineshop.de\/wp-content\/uploads\/2026\/01\/Apcalis-Oral-Jelly-20-mg.jpg",510,510,false],"2048x2048":["https:\/\/cialisonlineshop.de\/wp-content\/uploads\/2026\/01\/Apcalis-Oral-Jelly-20-mg.jpg",510,510,false],"trp-custom-language-flag":["https:\/\/cialisonlineshop.de\/wp-content\/uploads\/2026\/01\/Apcalis-Oral-Jelly-20-mg.jpg",12,12,false],"woocommerce_thumbnail":["https:\/\/cialisonlineshop.de\/wp-content\/uploads\/2026\/01\/Apcalis-Oral-Jelly-20-mg-300x300.jpg",300,300,true],"woocommerce_single":["https:\/\/cialisonlineshop.de\/wp-content\/uploads\/2026\/01\/Apcalis-Oral-Jelly-20-mg.jpg",510,510,false],"woocommerce_gallery_thumbnail":["https:\/\/cialisonlineshop.de\/wp-content\/uploads\/2026\/01\/Apcalis-Oral-Jelly-20-mg-100x100.jpg",100,100,true]},"uagb_author_info":{"display_name":"Stefan T\u00f6njes","author_link":"https:\/\/cialisonlineshop.de\/fr\/author\/"},"uagb_comment_info":0,"uagb_excerpt":"Apcalis Oral Jelly 20 mg\u00a0ist Gel zum Mundkonsum zur\u00a0Heilung von Erektionsst\u00f6rungen\u00a0mit Wirkstoff Tadalafil. Der ist dank dem Originalprodukt Cialis bekannt (deshalb werden die Arzneimittel mit Tadalafil oft als\u00a0Cialis Generika\u00a0bezeichnet). Produktcode: 22947434085 Kategorie: Cialis Generika (Tadalafil) Marke: Ajanta Pharma Ltd. Verf\u00fcgbarkeit: Auf Lager","jetpack_sharing_enabled":true,"_links":{"self":[{"href":"https:\/\/cialisonlineshop.de\/fr\/wp-json\/wp\/v2\/product\/2017","targetHints":{"allow":["GET"]}}],"collection":[{"href":"https:\/\/cialisonlineshop.de\/fr\/wp-json\/wp\/v2\/product"}],"about":[{"href":"https:\/\/cialisonlineshop.de\/fr\/wp-json\/wp\/v2\/types\/product"}],"replies":[{"embeddable":true,"href":"https:\/\/cialisonlineshop.de\/fr\/wp-json\/wp\/v2\/comments?post=2017"}],"wp:featuredmedia":[{"embeddable":true,"href":"https:\/\/cialisonlineshop.de\/fr\/wp-json\/wp\/v2\/media\/2041"}],"wp:attachment":[{"href":"https:\/\/cialisonlineshop.de\/fr\/wp-json\/wp\/v2\/media?parent=2017"}],"wp:term":[{"taxonomy":"product_brand","embeddable":true,"href":"https:\/\/cialisonlineshop.de\/fr\/wp-json\/wp\/v2\/product_brand?post=2017"},{"taxonomy":"product_cat","embeddable":true,"href":"https:\/\/cialisonlineshop.de\/fr\/wp-json\/wp\/v2\/product_cat?post=2017"},{"taxonomy":"product_tag","embeddable":true,"href":"https:\/\/cialisonlineshop.de\/fr\/wp-json\/wp\/v2\/product_tag?post=2017"}],"curies":[{"name":"wp","href":"https:\/\/api.w.org\/{rel}","templated":true}]}}