{"id":1987,"date":"2026-01-14T10:15:48","date_gmt":"2026-01-14T10:15:48","guid":{"rendered":"https:\/\/cialisonlineshop.de\/?post_type=product&#038;p=1987"},"modified":"2026-01-14T10:15:51","modified_gmt":"2026-01-14T10:15:51","slug":"super-p-force","status":"publish","type":"product","link":"https:\/\/cialisonlineshop.de\/fr\/product\/super-p-force\/","title":{"rendered":"super p force"},"content":{"rendered":"<h1>Grundinformationen zu super p force 160 mg<\/h1>\n<p><strong>super p force kombiniert zwei wirksame Medikamente, Sildenafil<\/strong>\u00a0Citrat und<strong>\u00a0Dapoxetin<\/strong>, um eine gro\u00dfartige Kombination zu schaffen. Diese Medikamentenkombination behandelt\u00a0erektile Dysfunktion\u00a0und sogar vorzeitige Ejakulation effektiv.<strong>\u00a0Super P Force hat bereits vielen M\u00e4nnern mit vorzeitiger Ejakulation und Erektionsproblemen erstaunlich geholfen<\/strong>. Dieses Medikament enth\u00e4lt die Wirkstoffe Sildenafil Citrat 100 mg und Dapoxetin 60 mg, die helfen, Ejakulationen zu verz\u00f6gern und gleichzeitig eine lang anhaltende Erektion zu erm\u00f6glichen.<\/p>\n<p><strong>super p force Tabletten k\u00f6nnen sicher von M\u00e4nnern jeden Alters eingenommen werden, die unter sexuellen St\u00f6rungen leiden und ihre sexuelle Aktivit\u00e4t und Gesundheit verbessern m\u00f6chten.<\/strong> kamagra bestellen ist das st\u00e4rkste Medikament, das zur gleichzeitigen Behandlung von zwei St\u00f6rungen zur Verf\u00fcgung steht. Dies gibt dem Medikament ein breites Anwendungsspektrum und erm\u00f6glicht die Behandlung verschiedener <strong>Personen mit nur einem Medikament f\u00fcr mehrere Erektionsst\u00f6rungen.<\/strong> Die Ursache f\u00fcr erektile Dysfunktion variiert von Person zu Person, aber unabh\u00e4ngig von der Ursache gibt es derzeit nur eine Therapieoption: kamagra bestellen.<\/p>\n<h2>super p force \u2013 Wie es funktioniert<\/h2>\n<p>super p force ist ein Medikament, das zur Behandlung von erektiler Dysfunktion und vorzeitiger Ejakulation bei M\u00e4nnern verwendet wird. Die Behandlung beider Leiden funktioniert nicht auf die gleiche Weise.\u00a0<strong>Schauen wir uns an, wie das Medikament funktioniert<\/strong>. Der Wirkstoff Sildenafilcitrat, ein PDE5-Inhibitor zur Behandlung der erektilen Dysfunktion, ist in einer Menge von 100 mg in dem Medikament enthalten. Indem es Stickstoffmonoxid in den Blutkreislauf abgibt, entspannt das Medikament die Muskeln im Penis, die aufgrund unzureichender Blutversorgung verengt sind.<\/p>\n<p>kamagra bestellen hemmt das Enzym PDE5, das durch das Enzym cGMP ersetzt wird. Durch diesen Prozess gelangt mehr Blut in den Penis, was zu einer pr\u00e4ziseren Erektion f\u00fchrt. Wenn Sie das Medikament aufgrund von vorzeitiger Ejakulation einnehmen, tritt die Komponente Dapoxetin in Aktion. Ihr Hauptziel ist es, die Ejakulation zu verz\u00f6gern und l\u00e4ngeren Geschlechtsverkehr zu erm\u00f6glichen. Dapoxetin ist ein Antidepressivum, das die Neurotransmitter im Gehirn beeinflusst. Dar\u00fcber hinaus verbessert das Medikament den Blutfluss.<\/p>\n<h3>Was ist super p force<\/h3>\n<p>super p force ist ein Zwei-in-Eins-Medikament f\u00fcr M\u00e4nner, das sowohl die vorzeitige Ejakulation als auch die erektile Dysfunktion behandelt. <strong>Die Wirkstoffe in super p force sind Sildenafilcitrat und Dapoxetin<\/strong>. Die erektile Dysfunktion ist die Unf\u00e4higkeit,<strong>\u00a0nach sexueller Stimulation Erektionen zu erreichen und aufrechtzuerhalten.<\/strong>\u00a0Vorzeitige Ejakulation hingegen ist eine unkontrollierte Samenabgabe, die vor oder kurz nach dem Eindringen auftritt.<\/p>\n<p>Die erektile Dysfunktion wird mit Sildenafilcitrat in kamagra bestellen behandelt, w\u00e4hrend die vorzeitige Ejakulation mit Dapoxetin behandelt wird<strong>. Sildenafil hat eine Konzentration von 100 mg, w\u00e4hrend Dapoxetin eine Konzentration von 60 mg hat<\/strong>. Die Food and Drug Administration hat Super P Force in einer St\u00e4rke von 160 mg zugelassen.<\/p>\n<h4>Was ist super p force<\/h4>\n<p>super p force ist ein Zwei-in-Eins-Medikament f\u00fcr M\u00e4nner, das sowohl die vorzeitige Ejakulation als auch die erektile Dysfunktion behandelt. Die Wirkstoffe in kamagra bestellen sind Sildenafilcitrat und Dapoxetin. Die erektile Dysfunktion ist die Unf\u00e4higkeit, nach sexueller Stimulation Erektionen zu erreichen und aufrechtzuerhalten. Vorzeitige Ejakulation hingegen ist eine unkontrollierte Samenabgabe, die vor oder kurz nach dem Eindringen auftritt.<\/p>\n<p>Die erektile Dysfunktion wird mit Sildenafilcitrat in kamagra bestellen behandelt, w\u00e4hrend die vorzeitige Ejakulation mit Dapoxetin behandelt wird. Sildenafil hat eine Konzentration von 100 mg, w\u00e4hrend Dapoxetin eine Konzentration von 60 mg hat. Die Food and Drug Administration hat Super P Force in einer St\u00e4rke von 160 mg zugelassen.<\/p>\n<h2>Warnung<\/h2>\n<p><strong>Informieren Sie Ihren Arzt<\/strong>, bevor Sie Sildenafil oder Dapoxetin einnehmen, wenn Sie:<\/p>\n<ul>\n<li>Herzprobleme haben.<\/li>\n<li>An Peyronie-Krankheit oder anderen Penisdeformationen leiden.<\/li>\n<li>An Sichelzellenan\u00e4mie, Leuk\u00e4mie oder multiplem Myelom leiden.<\/li>\n<\/ul>\n<p>Die Einnahme von Extra Super P-Force 200 mg zusammen mit anderen verschreibungspflichtigen oder rezeptfreien Medikamenten sollte von Ihrem Arzt genehmigt werden, insbesondere wenn diese Medikamente Erythromycin, Cimetidin oder Ketoconazol enthalten.<\/p>\n<h2>Nebenwirkungen<\/h2>\n<p>Wie bei den meisten Medikamenten k\u00f6nnen unerw\u00fcnschte Nebenwirkungen auftreten, die in der Regel mild und vor\u00fcbergehend sind. H\u00e4ufige Nebenwirkungen sind Kopfschmerzen und R\u00f6tung im Gesicht. Zu den weiteren Nebenwirkungen, die selten auftreten, aber beobachtet wurden, geh\u00f6ren Verdauungsst\u00f6rungen, Schwindel, verstopfte Nase und Auswirkungen auf das Sehverm\u00f6gen. Wenn Sie eine Erektion feststellen, die l\u00e4nger als 4 Stunden anh\u00e4lt, sollten Sie sofort einen Arzt aufsuchen. Bewahren Sie die Tabletten in ihrer Originalverpackung bei Temperaturen unter 10-30\u00b0C auf.<\/p>\n<h2>F\u00fcr Interessierte<\/h2>\n<p>M\u00f6chten Sie das Problem der vorzeitigen Ejakulation l\u00f6sen? Schauen Sie sich die Artikel Was ist\u00a0vorzeitige Ejakulation\u00a0und\u00a0Vorzeitige Ejakulation \u2013 Fragen und Antworten\u00a0an, in denen Sie Antworten auf viele Fragen zu diesem Thema finden.<\/p>\n<p>Ein interessantes und viel diskutiertes Thema ist das Erreichen des Orgasmus bei Frauen. M\u00e4nner sind von diesem Problem weniger betroffen, aber es kann gelegentlich vorkommen, dass es nicht wie erwartet funktioniert. Erfahren Sie mehr im Artikel\u00a0M\u00e4nnlicher Orgasmus \u2013 Warum es manchmal nicht funktioniert und wie man aus einem guten Orgasmus etwas Besonderes macht.<\/p>\n<p>Dieses Produkt wird ohne Beipackzettel geliefert.<\/p>","protected":false},"excerpt":{"rendered":"<p>Sildenafilcitrat geh\u00f6rt zur Gruppe der Medikamente, die als Phosphodiesterase-5 (PDE5)-Hemmer bekannt sind. Sildenafil hilft bei der Behandlung von erektiler Dysfunktion, indem es den Blutfluss in den Penis w\u00e4hrend sexueller Stimulation erh\u00f6ht. Bei sexueller Erregung kann dieser erh\u00f6hte Blutfluss eine Erektion bewirken.<\/p>\n<table>\n<tbody>\n<tr>\n<td>Packungsinhalt<\/td>\n<td><strong>4 \u00fcberzogene Tabletten<\/strong><\/td>\n<\/tr>\n<tr>\n<td>Wirkstoff<\/td>\n<td>Sildenafil, Dapoxetine<\/td>\n<\/tr>\n<tr>\n<td>Wirkstoff in einer Tablette<\/td>\n<td><strong>\u00a0Sildenafil 100 mg, Depoxetine 60mg<br \/>\n<\/strong><\/td>\n<\/tr>\n<tr>\n<td>Wirkungseintritt<\/td>\n<td>30\u201360 Minuten<\/td>\n<\/tr>\n<tr>\n<td>Wirkungsdauer<\/td>\n<td><strong>4\u20135 Stunden<\/strong><\/td>\n<\/tr>\n<tr>\n<td>Form<\/td>\n<td><strong>Tabletten<\/strong><\/td>\n<\/tr>\n<\/tbody>\n<\/table>","protected":false},"featured_media":2008,"comment_status":"open","ping_status":"closed","template":"","meta":{"_uag_custom_page_level_css":"","site-sidebar-layout":"","site-content-layout":"","ast-site-content-layout":"","site-content-style":"","site-sidebar-style":"","ast-global-header-display":"","ast-banner-title-visibility":"","ast-main-header-display":"","ast-hfb-above-header-display":"","ast-hfb-below-header-display":"","ast-hfb-mobile-header-display":"","site-post-title":"","ast-breadcrumbs-content":"","ast-featured-img":"","footer-sml-layout":"","ast-disable-related-posts":"","theme-transparent-header-meta":"","adv-header-id-meta":"","stick-header-meta":"","header-above-stick-meta":"","header-main-stick-meta":"","header-below-stick-meta":"","astra-migrate-meta-layouts":"","ast-page-background-enabled":"default","ast-page-background-meta":{"desktop":{"background-color":"","background-image":"","background-repeat":"repeat","background-position":"center center","background-size":"auto","background-attachment":"scroll","background-type":"","background-media":"","overlay-type":"","overlay-color":"","overlay-opacity":"","overlay-gradient":""},"tablet":{"background-color":"","background-image":"","background-repeat":"repeat","background-position":"center center","background-size":"auto","background-attachment":"scroll","background-type":"","background-media":"","overlay-type":"","overlay-color":"","overlay-opacity":"","overlay-gradient":""},"mobile":{"background-color":"","background-image":"","background-repeat":"repeat","background-position":"center center","background-size":"auto","background-attachment":"scroll","background-type":"","background-media":"","overlay-type":"","overlay-color":"","overlay-opacity":"","overlay-gradient":""}},"ast-content-background-meta":{"desktop":{"background-color":"var(--ast-global-color-5)","background-image":"","background-repeat":"repeat","background-position":"center center","background-size":"auto","background-attachment":"scroll","background-type":"","background-media":"","overlay-type":"","overlay-color":"","overlay-opacity":"","overlay-gradient":""},"tablet":{"background-color":"var(--ast-global-color-5)","background-image":"","background-repeat":"repeat","background-position":"center center","background-size":"auto","background-attachment":"scroll","background-type":"","background-media":"","overlay-type":"","overlay-color":"","overlay-opacity":"","overlay-gradient":""},"mobile":{"background-color":"var(--ast-global-color-5)","background-image":"","background-repeat":"repeat","background-position":"center center","background-size":"auto","background-attachment":"scroll","background-type":"","background-media":"","overlay-type":"","overlay-color":"","overlay-opacity":"","overlay-gradient":""}},"episode_type":"","audio_file":"","cover_image":"","cover_image_id":"","duration":"","filesize":"","filesize_raw":"","date_recorded":"","explicit":"","block":"","itunes_episode_number":"","itunes_title":"","itunes_season_number":"","itunes_episode_type":""},"product_brand":[],"product_cat":[27],"product_tag":[],"class_list":{"0":"post-1987","1":"product","2":"type-product","3":"status-publish","4":"has-post-thumbnail","6":"product_cat-vorzeitiger-samenerguss","7":"desktop-align-left","8":"tablet-align-left","9":"mobile-align-left","11":"first","12":"instock","13":"shipping-taxable","14":"purchasable","15":"product-type-variable"},"yoast_head":"<!-- This site is optimized with the Yoast SEO plugin v27.0 - https:\/\/yoast.com\/product\/yoast-seo-wordpress\/ -->\n<title>super p force -<\/title>\n<meta name=\"robots\" content=\"index, follow, max-snippet:-1, max-image-preview:large, max-video-preview:-1\" \/>\n<link rel=\"canonical\" href=\"https:\/\/cialisonlineshop.de\/fr\/product\/super-p-force\/\" \/>\n<meta property=\"og:locale\" content=\"fr_FR\" \/>\n<meta property=\"og:type\" content=\"article\" \/>\n<meta property=\"og:title\" content=\"super p force -\" \/>\n<meta property=\"og:description\" content=\"Sildenafilcitrat geh\u00f6rt zur Gruppe der Medikamente, die als Phosphodiesterase-5 (PDE5)-Hemmer bekannt sind. Sildenafil hilft bei der Behandlung von erektiler Dysfunktion, indem es den Blutfluss in den Penis w\u00e4hrend sexueller Stimulation erh\u00f6ht. Bei sexueller Erregung kann dieser erh\u00f6hte Blutfluss eine Erektion bewirken.    Packungsinhalt 4 \u00fcberzogene Tabletten   Wirkstoff Sildenafil, Dapoxetine   Wirkstoff in einer Tablette \u00a0Sildenafil 100 mg, Depoxetine 60mg    Wirkungseintritt 30\u201360 Minuten   Wirkungsdauer 4\u20135 Stunden   Form Tabletten\" \/>\n<meta property=\"og:url\" content=\"https:\/\/cialisonlineshop.de\/fr\/product\/super-p-force\/\" \/>\n<meta property=\"article:modified_time\" content=\"2026-01-14T10:15:51+00:00\" \/>\n<meta property=\"og:image\" content=\"https:\/\/cialisonlineshop.de\/wp-content\/uploads\/2026\/01\/Super-P-force-160-mg.jpg\" \/>\n\t<meta property=\"og:image:width\" content=\"458\" \/>\n\t<meta property=\"og:image:height\" content=\"458\" \/>\n\t<meta property=\"og:image:type\" content=\"image\/jpeg\" \/>\n<meta name=\"twitter:card\" content=\"summary_large_image\" \/>\n<meta name=\"twitter:label1\" content=\"Dur\u00e9e de lecture estim\u00e9e\" \/>\n\t<meta name=\"twitter:data1\" content=\"4 minutes\" \/>\n<script type=\"application\/ld+json\" class=\"yoast-schema-graph\">{\"@context\":\"https:\/\/schema.org\",\"@graph\":[{\"@type\":\"WebPage\",\"@id\":\"https:\/\/cialisonlineshop.de\/product\/super-p-force\/\",\"url\":\"https:\/\/cialisonlineshop.de\/product\/super-p-force\/\",\"name\":\"super p force -\",\"isPartOf\":{\"@id\":\"https:\/\/cialisonlineshop.de\/#website\"},\"primaryImageOfPage\":{\"@id\":\"https:\/\/cialisonlineshop.de\/product\/super-p-force\/#primaryimage\"},\"image\":{\"@id\":\"https:\/\/cialisonlineshop.de\/product\/super-p-force\/#primaryimage\"},\"thumbnailUrl\":\"https:\/\/cialisonlineshop.de\/wp-content\/uploads\/2026\/01\/Super-P-force-160-mg.jpg\",\"datePublished\":\"2026-01-14T10:15:48+00:00\",\"dateModified\":\"2026-01-14T10:15:51+00:00\",\"breadcrumb\":{\"@id\":\"https:\/\/cialisonlineshop.de\/product\/super-p-force\/#breadcrumb\"},\"inLanguage\":\"fr-FR\",\"potentialAction\":[{\"@type\":\"ReadAction\",\"target\":[\"https:\/\/cialisonlineshop.de\/product\/super-p-force\/\"]}]},{\"@type\":\"ImageObject\",\"inLanguage\":\"fr-FR\",\"@id\":\"https:\/\/cialisonlineshop.de\/product\/super-p-force\/#primaryimage\",\"url\":\"https:\/\/cialisonlineshop.de\/wp-content\/uploads\/2026\/01\/Super-P-force-160-mg.jpg\",\"contentUrl\":\"https:\/\/cialisonlineshop.de\/wp-content\/uploads\/2026\/01\/Super-P-force-160-mg.jpg\",\"width\":458,\"height\":458,\"caption\":\"import placeholder for 5615\"},{\"@type\":\"BreadcrumbList\",\"@id\":\"https:\/\/cialisonlineshop.de\/product\/super-p-force\/#breadcrumb\",\"itemListElement\":[{\"@type\":\"ListItem\",\"position\":1,\"name\":\"Home\",\"item\":\"https:\/\/cialisonlineshop.de\/\"},{\"@type\":\"ListItem\",\"position\":2,\"name\":\"Shop\",\"item\":\"https:\/\/cialisonlineshop.de\/shop\/\"},{\"@type\":\"ListItem\",\"position\":3,\"name\":\"super p force\"}]},{\"@type\":\"WebSite\",\"@id\":\"https:\/\/cialisonlineshop.de\/#website\",\"url\":\"https:\/\/cialisonlineshop.de\/\",\"name\":\"Cialisonlineshop\",\"description\":\"\",\"publisher\":{\"@id\":\"https:\/\/cialisonlineshop.de\/#organization\"},\"potentialAction\":[{\"@type\":\"SearchAction\",\"target\":{\"@type\":\"EntryPoint\",\"urlTemplate\":\"https:\/\/cialisonlineshop.de\/?s={search_term_string}\"},\"query-input\":{\"@type\":\"PropertyValueSpecification\",\"valueRequired\":true,\"valueName\":\"search_term_string\"}}],\"inLanguage\":\"fr-FR\"},{\"@type\":\"Organization\",\"@id\":\"https:\/\/cialisonlineshop.de\/#organization\",\"name\":\"Cialisonlineshop\",\"url\":\"https:\/\/cialisonlineshop.de\/\",\"logo\":{\"@type\":\"ImageObject\",\"inLanguage\":\"fr-FR\",\"@id\":\"https:\/\/cialisonlineshop.de\/#\/schema\/logo\/image\/\",\"url\":\"https:\/\/cialisonlineshop.de\/wp-content\/uploads\/2026\/01\/Logo_maker_project__6_-removebg-preview-1.png\",\"contentUrl\":\"https:\/\/cialisonlineshop.de\/wp-content\/uploads\/2026\/01\/Logo_maker_project__6_-removebg-preview-1.png\",\"width\":432,\"height\":88,\"caption\":\"Cialisonlineshop\"},\"image\":{\"@id\":\"https:\/\/cialisonlineshop.de\/#\/schema\/logo\/image\/\"}}]}<\/script>\n<!-- \/ Yoast SEO plugin. -->","yoast_head_json":{"title":"super p force -","robots":{"index":"index","follow":"follow","max-snippet":"max-snippet:-1","max-image-preview":"max-image-preview:large","max-video-preview":"max-video-preview:-1"},"canonical":"https:\/\/cialisonlineshop.de\/fr\/product\/super-p-force\/","og_locale":"fr_FR","og_type":"article","og_title":"super p force -","og_description":"Sildenafilcitrat geh\u00f6rt zur Gruppe der Medikamente, die als Phosphodiesterase-5 (PDE5)-Hemmer bekannt sind. Sildenafil hilft bei der Behandlung von erektiler Dysfunktion, indem es den Blutfluss in den Penis w\u00e4hrend sexueller Stimulation erh\u00f6ht. Bei sexueller Erregung kann dieser erh\u00f6hte Blutfluss eine Erektion bewirken.    Packungsinhalt 4 \u00fcberzogene Tabletten   Wirkstoff Sildenafil, Dapoxetine   Wirkstoff in einer Tablette \u00a0Sildenafil 100 mg, Depoxetine 60mg    Wirkungseintritt 30\u201360 Minuten   Wirkungsdauer 4\u20135 Stunden   Form Tabletten","og_url":"https:\/\/cialisonlineshop.de\/fr\/product\/super-p-force\/","article_modified_time":"2026-01-14T10:15:51+00:00","og_image":[{"width":458,"height":458,"url":"https:\/\/cialisonlineshop.de\/wp-content\/uploads\/2026\/01\/Super-P-force-160-mg.jpg","type":"image\/jpeg"}],"twitter_card":"summary_large_image","twitter_misc":{"Dur\u00e9e de lecture estim\u00e9e":"4 minutes"},"schema":{"@context":"https:\/\/schema.org","@graph":[{"@type":"WebPage","@id":"https:\/\/cialisonlineshop.de\/product\/super-p-force\/","url":"https:\/\/cialisonlineshop.de\/product\/super-p-force\/","name":"super p force -","isPartOf":{"@id":"https:\/\/cialisonlineshop.de\/#website"},"primaryImageOfPage":{"@id":"https:\/\/cialisonlineshop.de\/product\/super-p-force\/#primaryimage"},"image":{"@id":"https:\/\/cialisonlineshop.de\/product\/super-p-force\/#primaryimage"},"thumbnailUrl":"https:\/\/cialisonlineshop.de\/wp-content\/uploads\/2026\/01\/Super-P-force-160-mg.jpg","datePublished":"2026-01-14T10:15:48+00:00","dateModified":"2026-01-14T10:15:51+00:00","breadcrumb":{"@id":"https:\/\/cialisonlineshop.de\/product\/super-p-force\/#breadcrumb"},"inLanguage":"fr-FR","potentialAction":[{"@type":"ReadAction","target":["https:\/\/cialisonlineshop.de\/product\/super-p-force\/"]}]},{"@type":"ImageObject","inLanguage":"fr-FR","@id":"https:\/\/cialisonlineshop.de\/product\/super-p-force\/#primaryimage","url":"https:\/\/cialisonlineshop.de\/wp-content\/uploads\/2026\/01\/Super-P-force-160-mg.jpg","contentUrl":"https:\/\/cialisonlineshop.de\/wp-content\/uploads\/2026\/01\/Super-P-force-160-mg.jpg","width":458,"height":458,"caption":"import placeholder for 5615"},{"@type":"BreadcrumbList","@id":"https:\/\/cialisonlineshop.de\/product\/super-p-force\/#breadcrumb","itemListElement":[{"@type":"ListItem","position":1,"name":"Home","item":"https:\/\/cialisonlineshop.de\/"},{"@type":"ListItem","position":2,"name":"Shop","item":"https:\/\/cialisonlineshop.de\/shop\/"},{"@type":"ListItem","position":3,"name":"super p force"}]},{"@type":"WebSite","@id":"https:\/\/cialisonlineshop.de\/#website","url":"https:\/\/cialisonlineshop.de\/","name":"Cialisonlineshop","description":"","publisher":{"@id":"https:\/\/cialisonlineshop.de\/#organization"},"potentialAction":[{"@type":"SearchAction","target":{"@type":"EntryPoint","urlTemplate":"https:\/\/cialisonlineshop.de\/?s={search_term_string}"},"query-input":{"@type":"PropertyValueSpecification","valueRequired":true,"valueName":"search_term_string"}}],"inLanguage":"fr-FR"},{"@type":"Organization","@id":"https:\/\/cialisonlineshop.de\/#organization","name":"Cialisonlineshop","url":"https:\/\/cialisonlineshop.de\/","logo":{"@type":"ImageObject","inLanguage":"fr-FR","@id":"https:\/\/cialisonlineshop.de\/#\/schema\/logo\/image\/","url":"https:\/\/cialisonlineshop.de\/wp-content\/uploads\/2026\/01\/Logo_maker_project__6_-removebg-preview-1.png","contentUrl":"https:\/\/cialisonlineshop.de\/wp-content\/uploads\/2026\/01\/Logo_maker_project__6_-removebg-preview-1.png","width":432,"height":88,"caption":"Cialisonlineshop"},"image":{"@id":"https:\/\/cialisonlineshop.de\/#\/schema\/logo\/image\/"}}]}},"uagb_featured_image_src":{"full":["https:\/\/cialisonlineshop.de\/wp-content\/uploads\/2026\/01\/Super-P-force-160-mg.jpg",458,458,false],"thumbnail":["https:\/\/cialisonlineshop.de\/wp-content\/uploads\/2026\/01\/Super-P-force-160-mg-150x150.jpg",150,150,true],"medium":["https:\/\/cialisonlineshop.de\/wp-content\/uploads\/2026\/01\/Super-P-force-160-mg-300x300.jpg",300,300,true],"medium_large":["https:\/\/cialisonlineshop.de\/wp-content\/uploads\/2026\/01\/Super-P-force-160-mg.jpg",458,458,false],"large":["https:\/\/cialisonlineshop.de\/wp-content\/uploads\/2026\/01\/Super-P-force-160-mg.jpg",458,458,false],"1536x1536":["https:\/\/cialisonlineshop.de\/wp-content\/uploads\/2026\/01\/Super-P-force-160-mg.jpg",458,458,false],"2048x2048":["https:\/\/cialisonlineshop.de\/wp-content\/uploads\/2026\/01\/Super-P-force-160-mg.jpg",458,458,false],"trp-custom-language-flag":["https:\/\/cialisonlineshop.de\/wp-content\/uploads\/2026\/01\/Super-P-force-160-mg.jpg",12,12,false],"woocommerce_thumbnail":["https:\/\/cialisonlineshop.de\/wp-content\/uploads\/2026\/01\/Super-P-force-160-mg-300x300.jpg",300,300,true],"woocommerce_single":["https:\/\/cialisonlineshop.de\/wp-content\/uploads\/2026\/01\/Super-P-force-160-mg.jpg",458,458,false],"woocommerce_gallery_thumbnail":["https:\/\/cialisonlineshop.de\/wp-content\/uploads\/2026\/01\/Super-P-force-160-mg-100x100.jpg",100,100,true]},"uagb_author_info":{"display_name":"Stefan T\u00f6njes","author_link":"https:\/\/cialisonlineshop.de\/fr\/author\/"},"uagb_comment_info":0,"uagb_excerpt":"Sildenafilcitrat geh\u00f6rt zur Gruppe der Medikamente, die als Phosphodiesterase-5 (PDE5)-Hemmer bekannt sind. Sildenafil hilft bei der Behandlung von erektiler Dysfunktion, indem es den Blutfluss in den Penis w\u00e4hrend sexueller Stimulation erh\u00f6ht. Bei sexueller Erregung kann dieser erh\u00f6hte Blutfluss eine Erektion bewirken. Packungsinhalt 4 \u00fcberzogene Tabletten Wirkstoff Sildenafil, Dapoxetine Wirkstoff in einer Tablette \u00a0Sildenafil 100 mg,\u2026","jetpack_sharing_enabled":true,"_links":{"self":[{"href":"https:\/\/cialisonlineshop.de\/fr\/wp-json\/wp\/v2\/product\/1987","targetHints":{"allow":["GET"]}}],"collection":[{"href":"https:\/\/cialisonlineshop.de\/fr\/wp-json\/wp\/v2\/product"}],"about":[{"href":"https:\/\/cialisonlineshop.de\/fr\/wp-json\/wp\/v2\/types\/product"}],"replies":[{"embeddable":true,"href":"https:\/\/cialisonlineshop.de\/fr\/wp-json\/wp\/v2\/comments?post=1987"}],"wp:featuredmedia":[{"embeddable":true,"href":"https:\/\/cialisonlineshop.de\/fr\/wp-json\/wp\/v2\/media\/2008"}],"wp:attachment":[{"href":"https:\/\/cialisonlineshop.de\/fr\/wp-json\/wp\/v2\/media?parent=1987"}],"wp:term":[{"taxonomy":"product_brand","embeddable":true,"href":"https:\/\/cialisonlineshop.de\/fr\/wp-json\/wp\/v2\/product_brand?post=1987"},{"taxonomy":"product_cat","embeddable":true,"href":"https:\/\/cialisonlineshop.de\/fr\/wp-json\/wp\/v2\/product_cat?post=1987"},{"taxonomy":"product_tag","embeddable":true,"href":"https:\/\/cialisonlineshop.de\/fr\/wp-json\/wp\/v2\/product_tag?post=1987"}],"curies":[{"name":"wp","href":"https:\/\/api.w.org\/{rel}","templated":true}]}}