{"id":1978,"date":"2026-01-14T10:15:48","date_gmt":"2026-01-14T10:15:48","guid":{"rendered":"https:\/\/cialisonlineshop.de\/?post_type=product&#038;p=1978"},"modified":"2026-02-24T11:11:49","modified_gmt":"2026-02-24T11:11:49","slug":"tadapox","status":"publish","type":"product","link":"https:\/\/cialisonlineshop.de\/fr\/product\/tadapox\/","title":{"rendered":"Tadapox"},"content":{"rendered":"<h1>Tadapox, das beste Medikament gegen erektile Dysfunktion. Jetzt einkaufen!<\/h1>\n<h2>Grundinformationen zu Tadapox<\/h2>\n<p>\u2022 ist ein\u00a0Generikum von Cialis. Es enth\u00e4lt den gleichen Wirkstoff Tadalafil wie Cialis.<\/p>\n<p>\u2022 ist ein Medikament zur Verbesserung der Erektion und zur Verz\u00f6gerung der Ejakulation.<\/p>\n<h3>Tadapox Wirkstoffe<\/h3>\n<p>Tadapox enth\u00e4lt <strong>40 mg\u00a0Tadalafil\u00a0 und 60 mg Dapoxetin.<\/strong><\/p>\n<p><strong>Anzahl der Tabletten pro Packung: 10<\/strong><\/p>\n<p>Die Wirkung tritt ein: 30 \u2013 60 Minuten nach der Einnahme.<strong>\u00a0Die Wirkung dauert bis zu 36 Stunden<\/strong>. Super Tadapox ist eine verbesserte Version von<strong>\u00a0Cialis 40 mg mit 60 mg Dapoxetin<\/strong>, also wie zwei Medikamente in einer Tablette. Dapoxetin ist bereits lange ein wirksames Medikament gegen vorzeitige Ejakulation und verbessert die Kontrolle \u00fcber diese.<\/p>\n<p>Es behandelt erfolgreich Impotenz und Erektionsprobleme (erektile Dysfunktion) und erm\u00f6glicht es jedem Mann nach der Einnahme, eine qualitativ hochwertige und langanhaltende Erektion zu erreichen und einen besseren und l\u00e4ngeren sexuellen Verkehr zu genie\u00dfen.<\/p>\n<p>Die Tabletten enthalten den Wirkstoff\u00a0Tadalafil, der die Durchblutung des Penis stimuliert und somit eine einfache und schnelle Erreichung<strong>\u00a0einer qualitativ hochwertigen Erektion<\/strong>\u00a0unterst\u00fctzt, sowie den Wirkstoff Dapoxetin, der erfolgreich bei der Bek\u00e4mpfung vorzeitiger Ejakulation hilft. Die Tablette wirkt bereits 30-60 Minuten nach der\u00a0<strong>Einnahme und ihre Wirkung dauert bis zu 36 Stunden<\/strong>. Dieses Produkt ist das beliebteste Medikament zur Behandlung von Impotenz und vorzeitiger Ejakulation.<\/p>\n<h4>Dosierung und Gebrauchsweise<\/h4>\n<p>Dosierung von Tadapox (Tadalafil Dapoxetine): Die empfohlene Anfangsdosis betr\u00e4gt <strong>eine halbe Tablette 30-60 Minuten vor sexueller Aktivit\u00e4t<\/strong>. Wenn die Wirkung dieser Dosis ausreichend ist, sollte die Dosis auf eine ganze Tablette erh\u00f6ht werden.<\/p>\n<p>Tadapox (Tadalafil Dapoxetine) sollte nicht \u00f6fter als einmal t\u00e4glich eingenommen werden. Die Wirkungen von Super Tadapox (Tadalafil Dapoxetine) treten bei ausreichender sexueller Stimulation auf. <strong>Alkohol und fettreiche Lebensmittel verringern die Wirkung<\/strong>.<\/p>\n<h5>\u00a0Tadapox (Tadalafil Dapoxetine) darf nicht eingenommen werden von:<\/h5>\n<p>Patienten, die einen Herzinfarkt erlitten haben oder andere Herzprobleme haben, hohen oder niedrigen Blutdruck haben oder eine geringe Blutgerinnung haben. Jeder, der allergisch auf\u00a0Tadalafil\u00a0oder\u00a0<strong>Dapoxetine<\/strong>\u00a0reagiert. Jeder, der Medikamente mit Stickstoffmonoxid oder Nitraten einnimmt, die unter anderem bei Angina pectoris (<strong>Brustschmerzen<\/strong>) verwendet werden. Zu den am h\u00e4ufigsten verwendeten Nitraten geh\u00f6ren Nitroglycerin und Isosorbid-Dinitrat.<\/p>\n<p>Wenn Sie an Angina pectoris leiden und nicht sicher sind, ob Ihre derzeit eingenommenen Medikamente zu den oben genannten geh\u00f6ren, konsultieren Sie vor der Anwendung von Super Tadapox (Tadalafil Dapoxetine) Ihren Arzt.<strong>\u00a0Die gemeinsame Anwendung des Pr\u00e4parats mit anderen Medikamenten<\/strong>\u00a0erfordert die Zustimmung Ihres behandelnden Arztes, insbesondere wenn Sie Cimetidin, Erythromycin und Ketoconazol einnehmen.<\/p>\n<h2>Dieses Produkt darf nicht von Personen eingenommen werden, die:<\/h2>\n<p>\u2022 an Manie oder manischer Depression leiden<\/p>\n<p>\u2022 an Diabetes leiden<\/p>\n<p>\u2022 Leber- oder Nierenerkrankungen haben<\/p>\n<p>\u2022 an Psychosen leiden<\/p>\n<p>\u2022 an Epilepsie leiden<\/p>\n<p>\u2022 ungew\u00f6hnliche Reaktionen oder Allergien auf Dapoxetine haben.<\/p>\n<h6>Weitere Informationen<\/h6>\n<p>Probleme mit vorzeitiger Ejakulation sind heutzutage l\u00f6sbar. Lassen Sie sich nicht unn\u00f6tig einschr\u00e4nken.<br \/>\nEs gibt verschiedene M\u00f6glichkeiten, diesem Problem entgegenzuwirken.\u00a0Medikamente gegen vorzeitigen Samenerguss, spezielle \u00dcbungen gegen vorzeitige Ejakulation \u2013 regelm\u00e4\u00dfige k\u00f6rperliche Aktivit\u00e4t ist hier sehr wichtig und die Ergebnisse werden sich mittelfristig zeigen. Andere M\u00e4nner bevorzugen Lokale Sprays.<br \/>\nUnd nicht zuletzt sind auch die\u00a0chirurgischen M\u00f6glichkeiten zur Beseitigung des Pr[ez-toc]oblems der vorzeitigen Ejakulation\u00a0erw\u00e4hnenswert.<\/p>\n<p>Dieses Produkt wird ohne eine Packungsbeilage versendet. Eine Schachtel wird nur bei einer Bestellung von 10 oder mehreren Packungen geliefert.<\/p>\n<p><strong>Lagern Sie es bei Temperaturen unter 30 Grad Celsius.<\/strong><\/p>","protected":false},"excerpt":{"rendered":"<p>Tadapox Tabletten 40 mg + 60 mg \u2013 Original-Potenzmittel f\u00fcr M\u00e4nner. Enth\u00e4lt 40 mg Tadalafil und 60 mg Dapoxetin. Das Medikament verbessert die Potenz und verl\u00e4ngert den Geschlechtsverkehr, damit Sie ihn besser kontrollieren k\u00f6nnen.<\/p>\n<table width=\"492\">\n<tbody>\n<tr>\n<td>Packungsinhalt<\/td>\n<td>10 \u00fcberzogene Tabletten<\/td>\n<\/tr>\n<tr>\n<td>Wirkstoff<\/td>\n<td>Tadalafil, Dapoxetin<\/td>\n<\/tr>\n<tr>\n<td>Wirkstoff in einer Tablette<\/td>\n<td>Tadalafil 40 mg\u00a0Dapoxetine 60 mg<\/td>\n<\/tr>\n<tr>\n<td>Wirkungseintritt<\/td>\n<td>30\u201340 Minuten<\/td>\n<\/tr>\n<tr>\n<td>Wirkungsdauer<\/td>\n<td>bis 36 Stunden<\/td>\n<\/tr>\n<tr>\n<td>Marke<\/td>\n<td><a href=\"https:\/\/sunriseremedies.in\/\">Sunrise Remedies<\/a><\/td>\n<\/tr>\n<tr>\n<td>Form<\/td>\n<td>Tabletten<\/td>\n<\/tr>\n<\/tbody>\n<\/table>","protected":false},"featured_media":2007,"comment_status":"open","ping_status":"closed","template":"","meta":{"_uag_custom_page_level_css":"","site-sidebar-layout":"default","site-content-layout":"","ast-site-content-layout":"default","site-content-style":"default","site-sidebar-style":"default","ast-global-header-display":"","ast-banner-title-visibility":"","ast-main-header-display":"","ast-hfb-above-header-display":"","ast-hfb-below-header-display":"","ast-hfb-mobile-header-display":"","site-post-title":"","ast-breadcrumbs-content":"","ast-featured-img":"","footer-sml-layout":"","ast-disable-related-posts":"","theme-transparent-header-meta":"default","adv-header-id-meta":"","stick-header-meta":"","header-above-stick-meta":"","header-main-stick-meta":"","header-below-stick-meta":"","astra-migrate-meta-layouts":"set","ast-page-background-enabled":"default","ast-page-background-meta":{"desktop":{"background-color":"","background-image":"","background-repeat":"repeat","background-position":"center center","background-size":"auto","background-attachment":"scroll","background-type":"","background-media":"","overlay-type":"","overlay-color":"","overlay-opacity":"","overlay-gradient":""},"tablet":{"background-color":"","background-image":"","background-repeat":"repeat","background-position":"center center","background-size":"auto","background-attachment":"scroll","background-type":"","background-media":"","overlay-type":"","overlay-color":"","overlay-opacity":"","overlay-gradient":""},"mobile":{"background-color":"","background-image":"","background-repeat":"repeat","background-position":"center center","background-size":"auto","background-attachment":"scroll","background-type":"","background-media":"","overlay-type":"","overlay-color":"","overlay-opacity":"","overlay-gradient":""}},"ast-content-background-meta":{"desktop":{"background-color":"var(--ast-global-color-5)","background-image":"","background-repeat":"repeat","background-position":"center center","background-size":"auto","background-attachment":"scroll","background-type":"","background-media":"","overlay-type":"","overlay-color":"","overlay-opacity":"","overlay-gradient":""},"tablet":{"background-color":"var(--ast-global-color-5)","background-image":"","background-repeat":"repeat","background-position":"center center","background-size":"auto","background-attachment":"scroll","background-type":"","background-media":"","overlay-type":"","overlay-color":"","overlay-opacity":"","overlay-gradient":""},"mobile":{"background-color":"var(--ast-global-color-5)","background-image":"","background-repeat":"repeat","background-position":"center center","background-size":"auto","background-attachment":"scroll","background-type":"","background-media":"","overlay-type":"","overlay-color":"","overlay-opacity":"","overlay-gradient":""}},"episode_type":"","audio_file":"","cover_image":"","cover_image_id":"","duration":"","filesize":"","filesize_raw":"","date_recorded":"","explicit":"","block":"","itunes_episode_number":"","itunes_title":"","itunes_season_number":"","itunes_episode_type":""},"product_brand":[],"product_cat":[27],"product_tag":[],"class_list":{"0":"post-1978","1":"product","2":"type-product","3":"status-publish","4":"has-post-thumbnail","6":"product_cat-vorzeitiger-samenerguss","7":"desktop-align-left","8":"tablet-align-left","9":"mobile-align-left","11":"first","12":"instock","13":"shipping-taxable","14":"purchasable","15":"product-type-variable"},"yoast_head":"<!-- This site is optimized with the Yoast SEO plugin v27.0 - https:\/\/yoast.com\/product\/yoast-seo-wordpress\/ -->\n<title>Tadapox -<\/title>\n<meta name=\"robots\" content=\"index, follow, max-snippet:-1, max-image-preview:large, max-video-preview:-1\" \/>\n<link rel=\"canonical\" href=\"https:\/\/cialisonlineshop.de\/fr\/product\/tadapox\/\" \/>\n<meta property=\"og:locale\" content=\"fr_FR\" \/>\n<meta property=\"og:type\" content=\"article\" \/>\n<meta property=\"og:title\" content=\"Tadapox -\" \/>\n<meta property=\"og:description\" content=\"Tadapox Tabletten 40 mg + 60 mg \u2013 Original-Potenzmittel f\u00fcr M\u00e4nner. Enth\u00e4lt 40 mg Tadalafil und 60 mg Dapoxetin. Das Medikament verbessert die Potenz und verl\u00e4ngert den Geschlechtsverkehr, damit Sie ihn besser kontrollieren k\u00f6nnen.    Packungsinhalt 10 \u00fcberzogene Tabletten   Wirkstoff Tadalafil, Dapoxetin   Wirkstoff in einer Tablette Tadalafil 40 mg\u00a0Dapoxetine 60 mg   Wirkungseintritt 30\u201340 Minuten   Wirkungsdauer bis 36 Stunden   Marke Sunrise Remedies   Form Tabletten\" \/>\n<meta property=\"og:url\" content=\"https:\/\/cialisonlineshop.de\/fr\/product\/tadapox\/\" \/>\n<meta property=\"article:modified_time\" content=\"2026-02-24T11:11:49+00:00\" \/>\n<meta property=\"og:image\" content=\"https:\/\/cialisonlineshop.de\/wp-content\/uploads\/2026\/01\/Super-Tadapox-100-mg.jpeg\" \/>\n\t<meta property=\"og:image:width\" content=\"800\" \/>\n\t<meta property=\"og:image:height\" content=\"800\" \/>\n\t<meta property=\"og:image:type\" content=\"image\/jpeg\" \/>\n<meta name=\"twitter:card\" content=\"summary_large_image\" \/>\n<meta name=\"twitter:label1\" content=\"Dur\u00e9e de lecture estim\u00e9e\" \/>\n\t<meta name=\"twitter:data1\" content=\"4 minutes\" \/>\n<script type=\"application\/ld+json\" class=\"yoast-schema-graph\">{\"@context\":\"https:\/\/schema.org\",\"@graph\":[{\"@type\":\"WebPage\",\"@id\":\"https:\/\/cialisonlineshop.de\/product\/tadapox\/\",\"url\":\"https:\/\/cialisonlineshop.de\/product\/tadapox\/\",\"name\":\"Tadapox -\",\"isPartOf\":{\"@id\":\"https:\/\/cialisonlineshop.de\/#website\"},\"primaryImageOfPage\":{\"@id\":\"https:\/\/cialisonlineshop.de\/product\/tadapox\/#primaryimage\"},\"image\":{\"@id\":\"https:\/\/cialisonlineshop.de\/product\/tadapox\/#primaryimage\"},\"thumbnailUrl\":\"https:\/\/cialisonlineshop.de\/wp-content\/uploads\/2026\/01\/Super-Tadapox-100-mg.jpeg\",\"datePublished\":\"2026-01-14T10:15:48+00:00\",\"dateModified\":\"2026-02-24T11:11:49+00:00\",\"breadcrumb\":{\"@id\":\"https:\/\/cialisonlineshop.de\/product\/tadapox\/#breadcrumb\"},\"inLanguage\":\"fr-FR\",\"potentialAction\":[{\"@type\":\"ReadAction\",\"target\":[\"https:\/\/cialisonlineshop.de\/product\/tadapox\/\"]}]},{\"@type\":\"ImageObject\",\"inLanguage\":\"fr-FR\",\"@id\":\"https:\/\/cialisonlineshop.de\/product\/tadapox\/#primaryimage\",\"url\":\"https:\/\/cialisonlineshop.de\/wp-content\/uploads\/2026\/01\/Super-Tadapox-100-mg.jpeg\",\"contentUrl\":\"https:\/\/cialisonlineshop.de\/wp-content\/uploads\/2026\/01\/Super-Tadapox-100-mg.jpeg\",\"width\":800,\"height\":800,\"caption\":\"import placeholder for 5603\"},{\"@type\":\"BreadcrumbList\",\"@id\":\"https:\/\/cialisonlineshop.de\/product\/tadapox\/#breadcrumb\",\"itemListElement\":[{\"@type\":\"ListItem\",\"position\":1,\"name\":\"Home\",\"item\":\"https:\/\/cialisonlineshop.de\/\"},{\"@type\":\"ListItem\",\"position\":2,\"name\":\"Shop\",\"item\":\"https:\/\/cialisonlineshop.de\/shop\/\"},{\"@type\":\"ListItem\",\"position\":3,\"name\":\"Tadapox\"}]},{\"@type\":\"WebSite\",\"@id\":\"https:\/\/cialisonlineshop.de\/#website\",\"url\":\"https:\/\/cialisonlineshop.de\/\",\"name\":\"Cialisonlineshop\",\"description\":\"\",\"publisher\":{\"@id\":\"https:\/\/cialisonlineshop.de\/#organization\"},\"potentialAction\":[{\"@type\":\"SearchAction\",\"target\":{\"@type\":\"EntryPoint\",\"urlTemplate\":\"https:\/\/cialisonlineshop.de\/?s={search_term_string}\"},\"query-input\":{\"@type\":\"PropertyValueSpecification\",\"valueRequired\":true,\"valueName\":\"search_term_string\"}}],\"inLanguage\":\"fr-FR\"},{\"@type\":\"Organization\",\"@id\":\"https:\/\/cialisonlineshop.de\/#organization\",\"name\":\"Cialisonlineshop\",\"url\":\"https:\/\/cialisonlineshop.de\/\",\"logo\":{\"@type\":\"ImageObject\",\"inLanguage\":\"fr-FR\",\"@id\":\"https:\/\/cialisonlineshop.de\/#\/schema\/logo\/image\/\",\"url\":\"https:\/\/cialisonlineshop.de\/wp-content\/uploads\/2026\/01\/Logo_maker_project__6_-removebg-preview-1.png\",\"contentUrl\":\"https:\/\/cialisonlineshop.de\/wp-content\/uploads\/2026\/01\/Logo_maker_project__6_-removebg-preview-1.png\",\"width\":432,\"height\":88,\"caption\":\"Cialisonlineshop\"},\"image\":{\"@id\":\"https:\/\/cialisonlineshop.de\/#\/schema\/logo\/image\/\"}}]}<\/script>\n<!-- \/ Yoast SEO plugin. -->","yoast_head_json":{"title":"Tadapox -","robots":{"index":"index","follow":"follow","max-snippet":"max-snippet:-1","max-image-preview":"max-image-preview:large","max-video-preview":"max-video-preview:-1"},"canonical":"https:\/\/cialisonlineshop.de\/fr\/product\/tadapox\/","og_locale":"fr_FR","og_type":"article","og_title":"Tadapox -","og_description":"Tadapox Tabletten 40 mg + 60 mg \u2013 Original-Potenzmittel f\u00fcr M\u00e4nner. Enth\u00e4lt 40 mg Tadalafil und 60 mg Dapoxetin. Das Medikament verbessert die Potenz und verl\u00e4ngert den Geschlechtsverkehr, damit Sie ihn besser kontrollieren k\u00f6nnen.    Packungsinhalt 10 \u00fcberzogene Tabletten   Wirkstoff Tadalafil, Dapoxetin   Wirkstoff in einer Tablette Tadalafil 40 mg\u00a0Dapoxetine 60 mg   Wirkungseintritt 30\u201340 Minuten   Wirkungsdauer bis 36 Stunden   Marke Sunrise Remedies   Form Tabletten","og_url":"https:\/\/cialisonlineshop.de\/fr\/product\/tadapox\/","article_modified_time":"2026-02-24T11:11:49+00:00","og_image":[{"width":800,"height":800,"url":"https:\/\/cialisonlineshop.de\/wp-content\/uploads\/2026\/01\/Super-Tadapox-100-mg.jpeg","type":"image\/jpeg"}],"twitter_card":"summary_large_image","twitter_misc":{"Dur\u00e9e de lecture estim\u00e9e":"4 minutes"},"schema":{"@context":"https:\/\/schema.org","@graph":[{"@type":"WebPage","@id":"https:\/\/cialisonlineshop.de\/product\/tadapox\/","url":"https:\/\/cialisonlineshop.de\/product\/tadapox\/","name":"Tadapox -","isPartOf":{"@id":"https:\/\/cialisonlineshop.de\/#website"},"primaryImageOfPage":{"@id":"https:\/\/cialisonlineshop.de\/product\/tadapox\/#primaryimage"},"image":{"@id":"https:\/\/cialisonlineshop.de\/product\/tadapox\/#primaryimage"},"thumbnailUrl":"https:\/\/cialisonlineshop.de\/wp-content\/uploads\/2026\/01\/Super-Tadapox-100-mg.jpeg","datePublished":"2026-01-14T10:15:48+00:00","dateModified":"2026-02-24T11:11:49+00:00","breadcrumb":{"@id":"https:\/\/cialisonlineshop.de\/product\/tadapox\/#breadcrumb"},"inLanguage":"fr-FR","potentialAction":[{"@type":"ReadAction","target":["https:\/\/cialisonlineshop.de\/product\/tadapox\/"]}]},{"@type":"ImageObject","inLanguage":"fr-FR","@id":"https:\/\/cialisonlineshop.de\/product\/tadapox\/#primaryimage","url":"https:\/\/cialisonlineshop.de\/wp-content\/uploads\/2026\/01\/Super-Tadapox-100-mg.jpeg","contentUrl":"https:\/\/cialisonlineshop.de\/wp-content\/uploads\/2026\/01\/Super-Tadapox-100-mg.jpeg","width":800,"height":800,"caption":"import placeholder for 5603"},{"@type":"BreadcrumbList","@id":"https:\/\/cialisonlineshop.de\/product\/tadapox\/#breadcrumb","itemListElement":[{"@type":"ListItem","position":1,"name":"Home","item":"https:\/\/cialisonlineshop.de\/"},{"@type":"ListItem","position":2,"name":"Shop","item":"https:\/\/cialisonlineshop.de\/shop\/"},{"@type":"ListItem","position":3,"name":"Tadapox"}]},{"@type":"WebSite","@id":"https:\/\/cialisonlineshop.de\/#website","url":"https:\/\/cialisonlineshop.de\/","name":"Cialisonlineshop","description":"","publisher":{"@id":"https:\/\/cialisonlineshop.de\/#organization"},"potentialAction":[{"@type":"SearchAction","target":{"@type":"EntryPoint","urlTemplate":"https:\/\/cialisonlineshop.de\/?s={search_term_string}"},"query-input":{"@type":"PropertyValueSpecification","valueRequired":true,"valueName":"search_term_string"}}],"inLanguage":"fr-FR"},{"@type":"Organization","@id":"https:\/\/cialisonlineshop.de\/#organization","name":"Cialisonlineshop","url":"https:\/\/cialisonlineshop.de\/","logo":{"@type":"ImageObject","inLanguage":"fr-FR","@id":"https:\/\/cialisonlineshop.de\/#\/schema\/logo\/image\/","url":"https:\/\/cialisonlineshop.de\/wp-content\/uploads\/2026\/01\/Logo_maker_project__6_-removebg-preview-1.png","contentUrl":"https:\/\/cialisonlineshop.de\/wp-content\/uploads\/2026\/01\/Logo_maker_project__6_-removebg-preview-1.png","width":432,"height":88,"caption":"Cialisonlineshop"},"image":{"@id":"https:\/\/cialisonlineshop.de\/#\/schema\/logo\/image\/"}}]}},"uagb_featured_image_src":{"full":["https:\/\/cialisonlineshop.de\/wp-content\/uploads\/2026\/01\/Super-Tadapox-100-mg.jpeg",800,800,false],"thumbnail":["https:\/\/cialisonlineshop.de\/wp-content\/uploads\/2026\/01\/Super-Tadapox-100-mg-150x150.jpeg",150,150,true],"medium":["https:\/\/cialisonlineshop.de\/wp-content\/uploads\/2026\/01\/Super-Tadapox-100-mg-300x300.jpeg",300,300,true],"medium_large":["https:\/\/cialisonlineshop.de\/wp-content\/uploads\/2026\/01\/Super-Tadapox-100-mg-768x768.jpeg",768,768,true],"large":["https:\/\/cialisonlineshop.de\/wp-content\/uploads\/2026\/01\/Super-Tadapox-100-mg.jpeg",800,800,false],"1536x1536":["https:\/\/cialisonlineshop.de\/wp-content\/uploads\/2026\/01\/Super-Tadapox-100-mg.jpeg",800,800,false],"2048x2048":["https:\/\/cialisonlineshop.de\/wp-content\/uploads\/2026\/01\/Super-Tadapox-100-mg.jpeg",800,800,false],"trp-custom-language-flag":["https:\/\/cialisonlineshop.de\/wp-content\/uploads\/2026\/01\/Super-Tadapox-100-mg.jpeg",12,12,false],"woocommerce_thumbnail":["https:\/\/cialisonlineshop.de\/wp-content\/uploads\/2026\/01\/Super-Tadapox-100-mg-300x300.jpeg",300,300,true],"woocommerce_single":["https:\/\/cialisonlineshop.de\/wp-content\/uploads\/2026\/01\/Super-Tadapox-100-mg-600x600.jpeg",600,600,true],"woocommerce_gallery_thumbnail":["https:\/\/cialisonlineshop.de\/wp-content\/uploads\/2026\/01\/Super-Tadapox-100-mg-100x100.jpeg",100,100,true]},"uagb_author_info":{"display_name":"Stefan T\u00f6njes","author_link":"https:\/\/cialisonlineshop.de\/fr\/author\/"},"uagb_comment_info":0,"uagb_excerpt":"Tadapox Tabletten 40 mg + 60 mg \u2013 Original-Potenzmittel f\u00fcr M\u00e4nner. Enth\u00e4lt 40 mg Tadalafil und 60 mg Dapoxetin. Das Medikament verbessert die Potenz und verl\u00e4ngert den Geschlechtsverkehr, damit Sie ihn besser kontrollieren k\u00f6nnen. Packungsinhalt 10 \u00fcberzogene Tabletten Wirkstoff Tadalafil, Dapoxetin Wirkstoff in einer Tablette Tadalafil 40 mg\u00a0Dapoxetine 60 mg Wirkungseintritt 30\u201340 Minuten Wirkungsdauer bis\u2026","jetpack_sharing_enabled":true,"_links":{"self":[{"href":"https:\/\/cialisonlineshop.de\/fr\/wp-json\/wp\/v2\/product\/1978","targetHints":{"allow":["GET"]}}],"collection":[{"href":"https:\/\/cialisonlineshop.de\/fr\/wp-json\/wp\/v2\/product"}],"about":[{"href":"https:\/\/cialisonlineshop.de\/fr\/wp-json\/wp\/v2\/types\/product"}],"replies":[{"embeddable":true,"href":"https:\/\/cialisonlineshop.de\/fr\/wp-json\/wp\/v2\/comments?post=1978"}],"wp:featuredmedia":[{"embeddable":true,"href":"https:\/\/cialisonlineshop.de\/fr\/wp-json\/wp\/v2\/media\/2007"}],"wp:attachment":[{"href":"https:\/\/cialisonlineshop.de\/fr\/wp-json\/wp\/v2\/media?parent=1978"}],"wp:term":[{"taxonomy":"product_brand","embeddable":true,"href":"https:\/\/cialisonlineshop.de\/fr\/wp-json\/wp\/v2\/product_brand?post=1978"},{"taxonomy":"product_cat","embeddable":true,"href":"https:\/\/cialisonlineshop.de\/fr\/wp-json\/wp\/v2\/product_cat?post=1978"},{"taxonomy":"product_tag","embeddable":true,"href":"https:\/\/cialisonlineshop.de\/fr\/wp-json\/wp\/v2\/product_tag?post=1978"}],"curies":[{"name":"wp","href":"https:\/\/api.w.org\/{rel}","templated":true}]}}