{"id":1955,"date":"2026-01-14T10:15:37","date_gmt":"2026-01-14T10:15:37","guid":{"rendered":"https:\/\/cialisonlineshop.de\/?post_type=product&#038;p=1955"},"modified":"2026-01-14T10:15:45","modified_gmt":"2026-01-14T10:15:45","slug":"valif-20-mg","status":"publish","type":"product","link":"https:\/\/cialisonlineshop.de\/fr\/product\/valif-20-mg\/","title":{"rendered":"Valif 20 mg"},"content":{"rendered":"<div class=\"main-inner content-description\">\n<div id=\"content-description\" class=\"text-content\">\n<h2>Grundinformationen zu Valif 20 mg<\/h2>\n<p>Valif 20 mg ist\u00a0Levitra Generikum\u00a0\u2013 ein vollwertiger Ersatz von Levitra &#8211; Arzneimittel zur Heilung der\u00a0erektilen Dysfunktion\u00a0bei M\u00e4nnern.<\/p>\n<p>Genauso wie Originalprodukt enth\u00e4lt Valif den\u00a0<strong>Wirkstoff Vardenafil<\/strong>, der die Durchblutung des m\u00e4nnlichen Glieds verbessert und zu einer festen Erektion f\u00fcr Geschlechtsverkehr hilft. Die Tabletten Valif 20 mg sind Arzneimittel, die aus den Laboratorien der indischen Pharmagesellschaft\u00a0Ajanta Pharma Limited\u00a0stammen.<\/p>\n<h2>Wirkstoff<\/h2>\n<p>Wirkstoff Vardenafil (mehr Info zum Wirkstoff im Artikel\u00a0Vardenafil) hilft die glatte Muskulatur von Adern zu entspannen und dadurch die\u00a0<strong>Durchblutung des m\u00e4nnlichen Glieds zu verbessern<\/strong>. Im K\u00f6rper wirkt er gegen einen Chemiestoff, der f\u00fcr eine fallende Erektion verantwortlich ist.<\/p>\n<h2>Dosierung und Gebrauchsweise<\/h2>\n<p>Die \u00fcbliche Einzeldosis betr\u00e4gt zu Beginn\u00a0<strong>10 mg<\/strong>. Je nach Bedarf und Vertr\u00e4glichkeit kann die Einzeldosis auf 5 mg erniedrigt oder auf maximal 20 mg einmal t\u00e4glich erh\u00f6ht werden.\u00a0<strong>\u00dcberschreiten Sie nicht die maximale Tagesdosis von 20 mg.<\/strong><\/p>\n<p>Die Wirkung stellt sich allerdings\u00a0<strong>erst bei sexueller Stimulation<\/strong>\u00a0ein, da Valif<strong>\u00a0kein Aphrodisiakum<\/strong>\u00a0ist. Es wird empfohlen, Valif 20 mg bereits 30\u201360 Minuten vor dem Geschlechtsverkehr zu schlucken. Grunds\u00e4tzlich zeigt sich die Wirkung zwischen 4 und 6 Stunden.<\/p>\n<p>Das Pr\u00e4parat darf vor oder nach dem Essen eingenommen werden.\u00a0Alkohol, fettreiche Speisen, Grapefruit und Grapefruitsaft k\u00f6nnen die Wirkung von Valif allerdings negativ beeinflussen.<\/p>\n<h2>Kontraindikationen<\/h2>\n<p>Arzneimittel Valif 20 mg darf nicht eingenommen werden, wenn:<\/p>\n<ul>\n<li><strong>man auf Vardenafil<\/strong>\u00a0oder auf andere Wirkstoffe\u00a0<strong>allergisch ist<\/strong>\u00a0(z.B. Aspartam, Sorbitol)<\/li>\n<li>man an starke kardiovaskul\u00e4re Erkrankung leidet und der Geschlechtsverkehr f\u00fcr Sie nicht geeignet ist<\/li>\n<li>man vor kurzem<strong>\u00a0Herzinfarkt oder Schlaganfall<\/strong>\u00a0durchgemacht hat, oder an andere\u00a0Herzerkrankungen wie\u00a0<strong>niedriger Blutdruck<\/strong>\u00a0(&lt;90\/50 mmHg) oder\u00a0<strong>Bluthochdruck<\/strong>\u00a0leidet<\/li>\n<li>einem ein angeborenes verl\u00e4ngertes QT Intervall diagnostiziert wurde<\/li>\n<li>man eine Obstruktion des Auslaufteils der linken Herzkammer hat (aortale Stenose oder idiopathische hypertrophische subaortale Stenose)<\/li>\n<li>man Angina Pectoris hat, Nitrate einnimmt (z.B. Nitroglycerin, Isosorbiddinitrat), oder Medikamente, die Stickstoffmonoxid l\u00f6sen (z.B. Isoamylnitrit)<\/li>\n<li><strong>man an andere seri\u00f6se Herzerkrankung oder Leberst\u00f6rung leidet<\/strong><\/li>\n<li>man ein Patient mit diagnostizierter Nierenst\u00f6rung mit Dialyse ist<\/li>\n<li>man an seltener Netzhautst\u00f6rung leidet (z.B. Retinitis Pigmentosa) oder man die Sehkraft durch NAION\u00a0verloren hat<\/li>\n<li>man Stimulator Guanylatcyclase (zur Heilung der arteriellen Hypertonie und chronischer thromboembolischer Lungen-Hypertension) wie z.B. Riociguat einnimmt<\/li>\n<li>man die Medikamente zur Heilung der HIV Infektion einnimmt (Indinavir, Ritonavir)<\/li>\n<li><strong>man schon ein anderes Erektionsmittel einnimmt<\/strong><\/li>\n<\/ul>\n<h3>Warnung<\/h3>\n<p>Informieren Sie Ihren Arzt, bevor Sie den Wirkstoff Vardenafil einnehmen, im Falle Sie an:<\/p>\n<ul>\n<li>Herzprobleme (z.B. Arrhythmie), Nieren- und Leberst\u00f6rungen oder an Blutdruck<\/li>\n<li>Magengeschw\u00fcr (peptisches Geschw\u00fcr)<\/li>\n<li>Bluterkrankheit (z.B.H\u00e4mophilie)<\/li>\n<li>Sichelzellkrankheit, Leuk\u00e4mie oder mehrfachen Myelom<\/li>\n<li>Peyronie Erkrankung oder andere Penisdeformationen (Angulation, kavernose Fibrose) leiden.<\/li>\n<\/ul>\n<p><strong>Die Einnahme von Valif mit anderen Medikamenten soll Ihr Arzt genehmigen.<\/strong><\/p>\n<p>Falls Sie an Nieren- oder Leberst\u00f6rung leiden oder Sie \u00fcber 65 Jahre alt sind, informieren Sie Ihren Arzt. Der wird Ihre Dosierung anpassen. Meistens f\u00e4ngt man mit 5 mg pro Tag an.<br \/>\nDie Einnahme von Vardenafil mit starken Inhibitoren CYP3A4 ist Kontraindikation bei Personen \u00e4lter als 75 Jahre (Ketoconazol, Itraconazol, Ritonavir, Indinavir).<\/p>\n<h2>M\u00f6gliche Nebenwirkungen<\/h2>\n<p>Wie bei jedem anderen Medikament k\u00f6nnen sich auch bei diesem Arzneimittel mit Vardenafil\u00a0Nebenwirkungen zeigen. Meistens geht es\u00a0<strong>um milde und mittelschwere Schwierigkeiten<\/strong>, die nicht lange dauern. In erster Linie sind es vor allem Kopfschmerzen, Unwohlsein, Verdauungsprobleme, Hitzewallung, Lichtempfindlichkeit, Schnupfen oder Schwindelgef\u00fchle.<\/p>\n<h3>Wichtiger Hinweis<\/h3>\n<p>Falls bei Ihnen nach der Einnahme des Mittels zu einer starken Verschlechterung der Sehkraft oder des Geh\u00f6rs kommt, Sie finden Blut im Urin oder er wird tr\u00fcb oder falls Sie eine Erektion l\u00e4nger als 4 Stunden haben, besonders ohne sexuelle Anregung und schmerzhaft, suchen Sie unverz\u00fcglich Ihren Arzt auf.<\/p>\n<p><strong>Medizinische Hilfe suchen Sie unverz\u00fcglich bei allen ungew\u00f6hnlichen Reaktionen<\/strong>\u00a0oder bei starken Verschlechterung Ihres Zustandes nach der Einnahme des Mittels. Besuchen Sie den Arzt auch wenn die Nebenwirkungen von l\u00e4ngerer Dauer sind.\u00a0.<\/p>\n<h2>Lagerung<\/h2>\n<p>Lagern Sie bei Temperaturen bis 30\u00b0C. Behalten Sie in der Originalpackung. Sch\u00fctzen Sie vor Feuchtigkeit. Vermeiden Sie Kontakt mit Kindern.<\/p>\n<h2>F\u00fcr Interesse<\/h2>\n<p>Warum die empfohlene Dosis von Vardenafil nur 10 mg\u00a0ist, wenn es bei Sildenafil sogar 50 g ist? Vardenafil ist st\u00e4rker als\u00a0Sildenafil\u00a0und deshalb wird Vardenafil anders dosiert.<\/p>\n<p>Erektionsst\u00f6rung betrifft immer mehrere M\u00e4nner, einige davon in einem sehr jungen Alter. Einige M\u00e4nner im Gegenteil erleben\u00a0problematische Erektion mit 60\u00a0oder sogar sp\u00e4ter.<\/p>\n<p>\u00dcber die Ursachen von Erektionsst\u00f6rungen im jungen Alter und M\u00f6glichkeiten der Besserung erfahren Sie im Artikel\u00a0Probleme mit Erektion mit 20. \u00dcber andere M\u00f6glichkeiten der Heilung von Erektionsst\u00f6rungen erfahren Sie im Artikel\u00a0Heilung und Besserung der erektilen Dysfunktion.<\/p>\n<p>Dieses Produkt wird ohne eine Packungsbeilage versendet.<\/p>\n<\/div>\n<\/div>\n<div class=\"main-inner\">\n<div class=\"product-comments\">\n<div class=\"row\">\n<div class=\"col-12\"><\/div>\n<\/div>\n<\/div>\n<\/div>","protected":false},"excerpt":{"rendered":"<p>Valif 20 mg ist Levitra Generikum \u2013 ein vollwertiger Ersatz von Levitra &#8211; Arzneimittel zur Heilung der erektilen Dysfunktion bei M\u00e4nnern.<\/p>\n<div class=\"col-md-8\">\n<table class=\"info\">\n<tbody>\n<tr>\n<td>Product code:<\/td>\n<td>284612661879<\/td>\n<\/tr>\n<tr>\n<td>Category:<\/td>\n<td><a href=\"https:\/\/kamagrashop.online\/levitra-generika-vardenafil\/\">Levitra Generic (Vardenafil)<\/a><\/td>\n<\/tr>\n<tr>\n<td>Brand:<\/td>\n<td>Ajanta Pharma Ltd.<\/td>\n<\/tr>\n<tr>\n<td>Availability:<\/td>\n<td>In stock<\/td>\n<\/tr>\n<\/tbody>\n<\/table>\n<\/div>","protected":false},"featured_media":1975,"comment_status":"open","ping_status":"closed","template":"","meta":{"_uag_custom_page_level_css":"","site-sidebar-layout":"","site-content-layout":"","ast-site-content-layout":"","site-content-style":"","site-sidebar-style":"","ast-global-header-display":"","ast-banner-title-visibility":"","ast-main-header-display":"","ast-hfb-above-header-display":"","ast-hfb-below-header-display":"","ast-hfb-mobile-header-display":"","site-post-title":"","ast-breadcrumbs-content":"","ast-featured-img":"","footer-sml-layout":"","ast-disable-related-posts":"","theme-transparent-header-meta":"","adv-header-id-meta":"","stick-header-meta":"","header-above-stick-meta":"","header-main-stick-meta":"","header-below-stick-meta":"","astra-migrate-meta-layouts":"","ast-page-background-enabled":"default","ast-page-background-meta":{"desktop":{"background-color":"","background-image":"","background-repeat":"repeat","background-position":"center center","background-size":"auto","background-attachment":"scroll","background-type":"","background-media":"","overlay-type":"","overlay-color":"","overlay-opacity":"","overlay-gradient":""},"tablet":{"background-color":"","background-image":"","background-repeat":"repeat","background-position":"center center","background-size":"auto","background-attachment":"scroll","background-type":"","background-media":"","overlay-type":"","overlay-color":"","overlay-opacity":"","overlay-gradient":""},"mobile":{"background-color":"","background-image":"","background-repeat":"repeat","background-position":"center center","background-size":"auto","background-attachment":"scroll","background-type":"","background-media":"","overlay-type":"","overlay-color":"","overlay-opacity":"","overlay-gradient":""}},"ast-content-background-meta":{"desktop":{"background-color":"var(--ast-global-color-5)","background-image":"","background-repeat":"repeat","background-position":"center center","background-size":"auto","background-attachment":"scroll","background-type":"","background-media":"","overlay-type":"","overlay-color":"","overlay-opacity":"","overlay-gradient":""},"tablet":{"background-color":"var(--ast-global-color-5)","background-image":"","background-repeat":"repeat","background-position":"center center","background-size":"auto","background-attachment":"scroll","background-type":"","background-media":"","overlay-type":"","overlay-color":"","overlay-opacity":"","overlay-gradient":""},"mobile":{"background-color":"var(--ast-global-color-5)","background-image":"","background-repeat":"repeat","background-position":"center center","background-size":"auto","background-attachment":"scroll","background-type":"","background-media":"","overlay-type":"","overlay-color":"","overlay-opacity":"","overlay-gradient":""}},"episode_type":"","audio_file":"","cover_image":"","cover_image_id":"","duration":"","filesize":"","filesize_raw":"","date_recorded":"","explicit":"","block":"","itunes_episode_number":"","itunes_title":"","itunes_season_number":"","itunes_episode_type":""},"product_brand":[],"product_cat":[26],"product_tag":[],"class_list":{"0":"post-1955","1":"product","2":"type-product","3":"status-publish","4":"has-post-thumbnail","6":"product_cat-levitra-generika-vardenafil","7":"desktop-align-left","8":"tablet-align-left","9":"mobile-align-left","11":"first","12":"instock","13":"shipping-taxable","14":"purchasable","15":"product-type-variable"},"yoast_head":"<!-- This site is optimized with the Yoast SEO plugin v27.0 - https:\/\/yoast.com\/product\/yoast-seo-wordpress\/ -->\n<title>Valif 20 mg -<\/title>\n<meta name=\"robots\" content=\"index, follow, max-snippet:-1, max-image-preview:large, max-video-preview:-1\" \/>\n<link rel=\"canonical\" href=\"https:\/\/cialisonlineshop.de\/fr\/product\/valif-20-mg\/\" \/>\n<meta property=\"og:locale\" content=\"fr_FR\" \/>\n<meta property=\"og:type\" content=\"article\" \/>\n<meta property=\"og:title\" content=\"Valif 20 mg -\" \/>\n<meta property=\"og:description\" content=\"Valif 20 mg ist Levitra Generikum \u2013 ein vollwertiger Ersatz von Levitra - Arzneimittel zur Heilung der erektilen Dysfunktion bei M\u00e4nnern.     Product code: 284612661879   Category: Levitra Generic (Vardenafil)   Brand: Ajanta Pharma Ltd.   Availability: In stock\" \/>\n<meta property=\"og:url\" content=\"https:\/\/cialisonlineshop.de\/fr\/product\/valif-20-mg\/\" \/>\n<meta property=\"article:modified_time\" content=\"2026-01-14T10:15:45+00:00\" \/>\n<meta property=\"og:image\" content=\"https:\/\/cialisonlineshop.de\/wp-content\/uploads\/2026\/01\/Valif-20-mg.jpg\" \/>\n\t<meta property=\"og:image:width\" content=\"350\" \/>\n\t<meta property=\"og:image:height\" content=\"350\" \/>\n\t<meta property=\"og:image:type\" content=\"image\/jpeg\" \/>\n<meta name=\"twitter:card\" content=\"summary_large_image\" \/>\n<meta name=\"twitter:label1\" content=\"Dur\u00e9e de lecture estim\u00e9e\" \/>\n\t<meta name=\"twitter:data1\" content=\"4 minutes\" \/>\n<script type=\"application\/ld+json\" class=\"yoast-schema-graph\">{\"@context\":\"https:\/\/schema.org\",\"@graph\":[{\"@type\":\"WebPage\",\"@id\":\"https:\/\/cialisonlineshop.de\/product\/valif-20-mg\/\",\"url\":\"https:\/\/cialisonlineshop.de\/product\/valif-20-mg\/\",\"name\":\"Valif 20 mg -\",\"isPartOf\":{\"@id\":\"https:\/\/cialisonlineshop.de\/#website\"},\"primaryImageOfPage\":{\"@id\":\"https:\/\/cialisonlineshop.de\/product\/valif-20-mg\/#primaryimage\"},\"image\":{\"@id\":\"https:\/\/cialisonlineshop.de\/product\/valif-20-mg\/#primaryimage\"},\"thumbnailUrl\":\"https:\/\/cialisonlineshop.de\/wp-content\/uploads\/2026\/01\/Valif-20-mg.jpg\",\"datePublished\":\"2026-01-14T10:15:37+00:00\",\"dateModified\":\"2026-01-14T10:15:45+00:00\",\"breadcrumb\":{\"@id\":\"https:\/\/cialisonlineshop.de\/product\/valif-20-mg\/#breadcrumb\"},\"inLanguage\":\"fr-FR\",\"potentialAction\":[{\"@type\":\"ReadAction\",\"target\":[\"https:\/\/cialisonlineshop.de\/product\/valif-20-mg\/\"]}]},{\"@type\":\"ImageObject\",\"inLanguage\":\"fr-FR\",\"@id\":\"https:\/\/cialisonlineshop.de\/product\/valif-20-mg\/#primaryimage\",\"url\":\"https:\/\/cialisonlineshop.de\/wp-content\/uploads\/2026\/01\/Valif-20-mg.jpg\",\"contentUrl\":\"https:\/\/cialisonlineshop.de\/wp-content\/uploads\/2026\/01\/Valif-20-mg.jpg\",\"width\":350,\"height\":350,\"caption\":\"import placeholder for 5583\"},{\"@type\":\"BreadcrumbList\",\"@id\":\"https:\/\/cialisonlineshop.de\/product\/valif-20-mg\/#breadcrumb\",\"itemListElement\":[{\"@type\":\"ListItem\",\"position\":1,\"name\":\"Home\",\"item\":\"https:\/\/cialisonlineshop.de\/\"},{\"@type\":\"ListItem\",\"position\":2,\"name\":\"Shop\",\"item\":\"https:\/\/cialisonlineshop.de\/shop\/\"},{\"@type\":\"ListItem\",\"position\":3,\"name\":\"Valif 20 mg\"}]},{\"@type\":\"WebSite\",\"@id\":\"https:\/\/cialisonlineshop.de\/#website\",\"url\":\"https:\/\/cialisonlineshop.de\/\",\"name\":\"Cialisonlineshop\",\"description\":\"\",\"publisher\":{\"@id\":\"https:\/\/cialisonlineshop.de\/#organization\"},\"potentialAction\":[{\"@type\":\"SearchAction\",\"target\":{\"@type\":\"EntryPoint\",\"urlTemplate\":\"https:\/\/cialisonlineshop.de\/?s={search_term_string}\"},\"query-input\":{\"@type\":\"PropertyValueSpecification\",\"valueRequired\":true,\"valueName\":\"search_term_string\"}}],\"inLanguage\":\"fr-FR\"},{\"@type\":\"Organization\",\"@id\":\"https:\/\/cialisonlineshop.de\/#organization\",\"name\":\"Cialisonlineshop\",\"url\":\"https:\/\/cialisonlineshop.de\/\",\"logo\":{\"@type\":\"ImageObject\",\"inLanguage\":\"fr-FR\",\"@id\":\"https:\/\/cialisonlineshop.de\/#\/schema\/logo\/image\/\",\"url\":\"https:\/\/cialisonlineshop.de\/wp-content\/uploads\/2026\/01\/Logo_maker_project__6_-removebg-preview-1.png\",\"contentUrl\":\"https:\/\/cialisonlineshop.de\/wp-content\/uploads\/2026\/01\/Logo_maker_project__6_-removebg-preview-1.png\",\"width\":432,\"height\":88,\"caption\":\"Cialisonlineshop\"},\"image\":{\"@id\":\"https:\/\/cialisonlineshop.de\/#\/schema\/logo\/image\/\"}}]}<\/script>\n<!-- \/ Yoast SEO plugin. -->","yoast_head_json":{"title":"Valif 20 mg -","robots":{"index":"index","follow":"follow","max-snippet":"max-snippet:-1","max-image-preview":"max-image-preview:large","max-video-preview":"max-video-preview:-1"},"canonical":"https:\/\/cialisonlineshop.de\/fr\/product\/valif-20-mg\/","og_locale":"fr_FR","og_type":"article","og_title":"Valif 20 mg -","og_description":"Valif 20 mg ist Levitra Generikum \u2013 ein vollwertiger Ersatz von Levitra - Arzneimittel zur Heilung der erektilen Dysfunktion bei M\u00e4nnern.     Product code: 284612661879   Category: Levitra Generic (Vardenafil)   Brand: Ajanta Pharma Ltd.   Availability: In stock","og_url":"https:\/\/cialisonlineshop.de\/fr\/product\/valif-20-mg\/","article_modified_time":"2026-01-14T10:15:45+00:00","og_image":[{"width":350,"height":350,"url":"https:\/\/cialisonlineshop.de\/wp-content\/uploads\/2026\/01\/Valif-20-mg.jpg","type":"image\/jpeg"}],"twitter_card":"summary_large_image","twitter_misc":{"Dur\u00e9e de lecture estim\u00e9e":"4 minutes"},"schema":{"@context":"https:\/\/schema.org","@graph":[{"@type":"WebPage","@id":"https:\/\/cialisonlineshop.de\/product\/valif-20-mg\/","url":"https:\/\/cialisonlineshop.de\/product\/valif-20-mg\/","name":"Valif 20 mg -","isPartOf":{"@id":"https:\/\/cialisonlineshop.de\/#website"},"primaryImageOfPage":{"@id":"https:\/\/cialisonlineshop.de\/product\/valif-20-mg\/#primaryimage"},"image":{"@id":"https:\/\/cialisonlineshop.de\/product\/valif-20-mg\/#primaryimage"},"thumbnailUrl":"https:\/\/cialisonlineshop.de\/wp-content\/uploads\/2026\/01\/Valif-20-mg.jpg","datePublished":"2026-01-14T10:15:37+00:00","dateModified":"2026-01-14T10:15:45+00:00","breadcrumb":{"@id":"https:\/\/cialisonlineshop.de\/product\/valif-20-mg\/#breadcrumb"},"inLanguage":"fr-FR","potentialAction":[{"@type":"ReadAction","target":["https:\/\/cialisonlineshop.de\/product\/valif-20-mg\/"]}]},{"@type":"ImageObject","inLanguage":"fr-FR","@id":"https:\/\/cialisonlineshop.de\/product\/valif-20-mg\/#primaryimage","url":"https:\/\/cialisonlineshop.de\/wp-content\/uploads\/2026\/01\/Valif-20-mg.jpg","contentUrl":"https:\/\/cialisonlineshop.de\/wp-content\/uploads\/2026\/01\/Valif-20-mg.jpg","width":350,"height":350,"caption":"import placeholder for 5583"},{"@type":"BreadcrumbList","@id":"https:\/\/cialisonlineshop.de\/product\/valif-20-mg\/#breadcrumb","itemListElement":[{"@type":"ListItem","position":1,"name":"Home","item":"https:\/\/cialisonlineshop.de\/"},{"@type":"ListItem","position":2,"name":"Shop","item":"https:\/\/cialisonlineshop.de\/shop\/"},{"@type":"ListItem","position":3,"name":"Valif 20 mg"}]},{"@type":"WebSite","@id":"https:\/\/cialisonlineshop.de\/#website","url":"https:\/\/cialisonlineshop.de\/","name":"Cialisonlineshop","description":"","publisher":{"@id":"https:\/\/cialisonlineshop.de\/#organization"},"potentialAction":[{"@type":"SearchAction","target":{"@type":"EntryPoint","urlTemplate":"https:\/\/cialisonlineshop.de\/?s={search_term_string}"},"query-input":{"@type":"PropertyValueSpecification","valueRequired":true,"valueName":"search_term_string"}}],"inLanguage":"fr-FR"},{"@type":"Organization","@id":"https:\/\/cialisonlineshop.de\/#organization","name":"Cialisonlineshop","url":"https:\/\/cialisonlineshop.de\/","logo":{"@type":"ImageObject","inLanguage":"fr-FR","@id":"https:\/\/cialisonlineshop.de\/#\/schema\/logo\/image\/","url":"https:\/\/cialisonlineshop.de\/wp-content\/uploads\/2026\/01\/Logo_maker_project__6_-removebg-preview-1.png","contentUrl":"https:\/\/cialisonlineshop.de\/wp-content\/uploads\/2026\/01\/Logo_maker_project__6_-removebg-preview-1.png","width":432,"height":88,"caption":"Cialisonlineshop"},"image":{"@id":"https:\/\/cialisonlineshop.de\/#\/schema\/logo\/image\/"}}]}},"uagb_featured_image_src":{"full":["https:\/\/cialisonlineshop.de\/wp-content\/uploads\/2026\/01\/Valif-20-mg.jpg",350,350,false],"thumbnail":["https:\/\/cialisonlineshop.de\/wp-content\/uploads\/2026\/01\/Valif-20-mg-150x150.jpg",150,150,true],"medium":["https:\/\/cialisonlineshop.de\/wp-content\/uploads\/2026\/01\/Valif-20-mg-300x300.jpg",300,300,true],"medium_large":["https:\/\/cialisonlineshop.de\/wp-content\/uploads\/2026\/01\/Valif-20-mg.jpg",350,350,false],"large":["https:\/\/cialisonlineshop.de\/wp-content\/uploads\/2026\/01\/Valif-20-mg.jpg",350,350,false],"1536x1536":["https:\/\/cialisonlineshop.de\/wp-content\/uploads\/2026\/01\/Valif-20-mg.jpg",350,350,false],"2048x2048":["https:\/\/cialisonlineshop.de\/wp-content\/uploads\/2026\/01\/Valif-20-mg.jpg",350,350,false],"trp-custom-language-flag":["https:\/\/cialisonlineshop.de\/wp-content\/uploads\/2026\/01\/Valif-20-mg.jpg",12,12,false],"woocommerce_thumbnail":["https:\/\/cialisonlineshop.de\/wp-content\/uploads\/2026\/01\/Valif-20-mg-300x300.jpg",300,300,true],"woocommerce_single":["https:\/\/cialisonlineshop.de\/wp-content\/uploads\/2026\/01\/Valif-20-mg.jpg",350,350,false],"woocommerce_gallery_thumbnail":["https:\/\/cialisonlineshop.de\/wp-content\/uploads\/2026\/01\/Valif-20-mg-100x100.jpg",100,100,true]},"uagb_author_info":{"display_name":"Stefan T\u00f6njes","author_link":"https:\/\/cialisonlineshop.de\/fr\/author\/"},"uagb_comment_info":0,"uagb_excerpt":"Valif 20 mg ist Levitra Generikum \u2013 ein vollwertiger Ersatz von Levitra - Arzneimittel zur Heilung der erektilen Dysfunktion bei M\u00e4nnern. Product code: 284612661879 Category: Levitra Generic (Vardenafil) Brand: Ajanta Pharma Ltd. Availability: In stock","jetpack_sharing_enabled":true,"_links":{"self":[{"href":"https:\/\/cialisonlineshop.de\/fr\/wp-json\/wp\/v2\/product\/1955","targetHints":{"allow":["GET"]}}],"collection":[{"href":"https:\/\/cialisonlineshop.de\/fr\/wp-json\/wp\/v2\/product"}],"about":[{"href":"https:\/\/cialisonlineshop.de\/fr\/wp-json\/wp\/v2\/types\/product"}],"replies":[{"embeddable":true,"href":"https:\/\/cialisonlineshop.de\/fr\/wp-json\/wp\/v2\/comments?post=1955"}],"wp:featuredmedia":[{"embeddable":true,"href":"https:\/\/cialisonlineshop.de\/fr\/wp-json\/wp\/v2\/media\/1975"}],"wp:attachment":[{"href":"https:\/\/cialisonlineshop.de\/fr\/wp-json\/wp\/v2\/media?parent=1955"}],"wp:term":[{"taxonomy":"product_brand","embeddable":true,"href":"https:\/\/cialisonlineshop.de\/fr\/wp-json\/wp\/v2\/product_brand?post=1955"},{"taxonomy":"product_cat","embeddable":true,"href":"https:\/\/cialisonlineshop.de\/fr\/wp-json\/wp\/v2\/product_cat?post=1955"},{"taxonomy":"product_tag","embeddable":true,"href":"https:\/\/cialisonlineshop.de\/fr\/wp-json\/wp\/v2\/product_tag?post=1955"}],"curies":[{"name":"wp","href":"https:\/\/api.w.org\/{rel}","templated":true}]}}