{"id":1953,"date":"2026-01-14T10:15:37","date_gmt":"2026-01-14T10:15:37","guid":{"rendered":"https:\/\/cialisonlineshop.de\/?post_type=product&#038;p=1953"},"modified":"2026-03-02T08:10:18","modified_gmt":"2026-03-02T08:10:18","slug":"tadalafil-testpaket","status":"publish","type":"product","link":"https:\/\/cialisonlineshop.de\/fr\/product\/tadalafil-testpaket\/","title":{"rendered":"Tadalafil Testpaket"},"content":{"rendered":"<h2>Tadalafil Testpaket \u2013 Probieren Sie das Beste aus Produkten mit Tadalafil!<\/h2>\n<p>\u00dcberlegen Sie, ein Produkt mit Tadalafil auszuprobieren, sind sich aber nicht sicher, welches? Das\u00a0<strong>Tadalafil Testpaket<\/strong>\u00a0ist genau f\u00fcr solche F\u00e4lle gedacht.<\/p>\n<p>Dieses Paket enth\u00e4lt Proben unserer meistverkauften Produkte mit Tadalafil, damit Sie leicht herausfinden k\u00f6nnen, welches Produkt am besten zu Ihnen passt.<\/p>\n<h4>Das Tadalafil Testpaket enth\u00e4lt:<\/h4>\n<ul>\n<li><strong>Apcalis Oral Jelly 20 mg<\/strong>\u00a0\u2013 2 Beutel (2 Dosen)<\/li>\n<li><strong>Tadalis SX<\/strong>\u00a0\u2013 1 Packung (4 Tabletten)<\/li>\n<li><strong>Vidalista 20 mg<\/strong>\u00a0\u2013 1 Packung (10 Tabletten)<\/li>\n<\/ul>\n<h4>Vorteile des Tadalafil Testpakets:<\/h4>\n<ul>\n<li>Sie finden hier Proben unserer meistverkauften Produkte mit Tadalafil.<\/li>\n<li>Es ist preislich g\u00fcnstiger im Vergleich zum Kauf einzelner Packungen.<\/li>\n<li>Ideal f\u00fcr diejenigen, die mehrere Produkte testen m\u00f6chten, ohne ganze Packungen kaufen zu m\u00fcssen.<\/li>\n<li>F\u00fcr Apcalis Oral Jelly erhalten Sie 2 St\u00fcck (2 Dosen), w\u00e4hrend die Einzelpackung mindestens 7 St\u00fcck enth\u00e4lt.<\/li>\n<\/ul>\n<p>Vor dem Verzehr jedes Produkts lesen Sie bitte sorgf\u00e4ltig die Informationen auf unserer Website.<\/p>\n<h2>Grundlegende Informationen zu Produkten mit Tadalafil<\/h2>\n<h2>Wirkstoff<\/h2>\n<p>Der Wirkstoff Tadalafil (weitere Informationen zu diesem Wirkstoff finden Sie im Artikel\u00a0<a href=\"https:\/\/potenzonline.to\/blog\/tadalafil-potenzmittel\">Tadalafil<\/a>) ist beliebt f\u00fcr seine F\u00e4higkeit, die Durchblutung des Penis erheblich zu verbessern und M\u00e4nnern zu einer festen, langanhaltenden Erektion zu verhelfen, was das sexuelle Vergn\u00fcgen deutlich steigert.<\/p>\n<h2>Dosierung und Anwendung<\/h2>\n<p>Die \u00fcbliche Dosis von Tadalafil betr\u00e4gt 5-20 mg einmalig, die empfohlene Anfangsdosis betr\u00e4gt 10 mg. \u00dcberschreiten Sie nicht die maximale Tagesdosis von 20 mg. Je nach Vertr\u00e4glichkeit kann die Dosis auf 5 mg reduziert werden.<\/p>\n<p><strong>Vidalista 20 mg<\/strong>\u00a0und\u00a0<strong>Tadalis 20 mg<\/strong>\u00a0sollten ganz geschluckt und mit etwas Wasser eingenommen werden. Ein Beutel\u00a0<strong>Apcalis Oral Jelly<\/strong>\u00a0enth\u00e4lt ebenfalls 20 mg Tadalafil. Die Anwendung ist sehr einfach: Der Beutelinhalt wird direkt in den Mund gegeben, ohne Wasser zu verwenden.<\/p>\n<p><strong>Tadalis<\/strong>\u00a0und\u00a0<strong>Vidalista 20 mg<\/strong>\u00a0werden 30-60 Minuten vor dem Geschlechtsverkehr eingenommen,\u00a0<strong>Apcalis Oral Jelly 20 mg<\/strong>\u00a010-15 Minuten vor dem Geschlechtsverkehr. Die Wirkung h\u00e4lt\u00a0<strong>bis zu 36 Stunden<\/strong>\u00a0an.<\/p>\n<p><strong>Keines dieser Pr\u00e4parate ist ein Aphrodisiakum. Eine sexuelle Stimulation ist erforderlich,<\/strong>um die gew\u00fcnschte Wirkung zu erzielen.<\/p>\n<p>Die Pr\u00e4parate k\u00f6nnen vor oder nach dem Essen eingenommen werden, sie sollten jedoch nicht mit Alkohol, Grapefruit oder Grapefruitsaft kombiniert werden. Weitere Informationen zu den Risiken dieser Kombination finden Sie im Artikel \u201eMedikamente gegen erektile Dysfunktion &#8211; Fragen und Antworten\u201c.<\/p>\n<h2>Kontraindikationen<\/h2>\n<p><strong>Tadalafil Produkte d\u00fcrfen nicht eingenommen werden, wenn:<\/strong><\/p>\n<ul>\n<li>man auf Tadalafil oder auf andere Wirkstoffe allergisch ist<\/li>\n<li>man vor kurzem Herzinfarkt oder Schlaganfall durchgemacht hat, oder an andere Herzerkrankungen wie niedriger Blutdruck oder Bluthochdruck leidet<\/li>\n<li>man die Nitrate einnimmt (zum Beispiel Nitroglycerin, Isosorbid dinitrat), Medikamente, die Stickoxid l\u00f6sen (z.B. Isoamyl-nitrit)<\/li>\n<li>man Medikamente gegen Angina Pectoris einnimmt (z.B. Nitraten oder Stickoxid)<\/li>\n<li>man an andere seri\u00f6se Herzerkrankung oder Leberst\u00f6rung leidet<\/li>\n<li>man an seltener Netzhautst\u00f6rung leidet (z.B. retinitis pigmentosa) oder man die Sehkraft durch NAION verloren hat<\/li>\n<li>man Riociguat einnimmt ( zur Heilung der arteriellen Lungenhypertonie und chronischer Lungen Hypertension)<\/li>\n<li>man Alfa-Blocker zur Heilung vom hohen Blutdruck oder Harnwegserkrankung wegen benigner Hyperplasie der Prostata einnimmt<\/li>\n<li>man Inhibitoren der Protease zur Heilung von AIDS oder HIV Infektion einnimmt<\/li>\n<li>man schon ein anderes Erektionsmittel einnimmt<\/li>\n<\/ul>\n<h3>Warnung<\/h3>\n<p><strong>Informieren Sie Ihren Arzt, bevor Sie den Wirkstoff Tadalafil einnehmen, im Falle Sie an:<\/strong><\/p>\n<ul>\n<li>Herzprobleme<\/li>\n<li>Peyronie Erkrankung oder andere Penisdeformationen<\/li>\n<li>Geschw\u00fcr Erkrankung oder Bluterkrankheit (z.B.H\u00e4mophilie)<\/li>\n<li>Zucker Intoleranz (z.B. Laktose)<\/li>\n<li>Sichelzellkrankheit, Leuk\u00e4mie oder mehrfachen Myelom leiden<\/li>\n<\/ul>\n<p>Bei Patienten mit schwerer Nierenfunktionsst\u00f6rung betr\u00e4gt die maximale empfohlene Dosis 10 mg.<\/p>\n<p>Die gleichzeitige Anwendung von Tadalafil Pr\u00e4paraten mit anderen Arzneimitteln erfordert die Zustimmung Ihres Arztes, insbesondere wenn Sie Ritonavir, Saquinavir, Ketoconazol, Itrakonazol und Erythromycin einnehmen.<\/p>\n<h2>M\u00f6gliche Nebenwirkungen<\/h2>\n<p>W\u00e4hrend der Einnahme von Tadalafil Pr\u00e4paraten k\u00f6nnen Nebenwirkungen auftreten. Diese sind in der Regel leicht bis m\u00e4\u00dfig und von kurzer Dauer. Zu den h\u00e4ufigsten Nebenwirkungen geh\u00f6ren Kopfschmerzen, \u00dcbelkeit, Verdauungsst\u00f6rungen, Gesichtsr\u00f6tung, Hitzewallungen, Sehst\u00f6rungen (verschwommenes oder \u201eblaues\u201c Sehen), Ged\u00e4chtnisprobleme, verstopfte Nase und Schwindel.<\/p>\n<h3>Wichtiger Hinweis<\/h3>\n<p><strong>Suchen Sie sofort \u00e4rztliche Hilfe auf,\u00a0<\/strong>wenn Sie nach der Einnahme des Pr\u00e4parats eine pl\u00f6tzliche Verschlechterung des Seh- oder H\u00f6rverm\u00f6gens oder eine Erektion bemerken,\u00a0<strong>die l\u00e4nger als 4 Stunden anh\u00e4lt,<\/strong>\u00a0insbesondere wenn sie nicht durch sexuelle Stimulation verursacht wird und mit Schmerzen einhergeht.<\/p>\n<p>Suchen Sie auch sofort einen Arzt auf, wenn un\u00fcbliche Reaktionen oder eine pl\u00f6tzliche Verschlechterung Ihres Gesundheitszustands im Zusammenhang mit der Einnahme des Pr\u00e4parats auftreten. Und wenn \u00fcbliche Nebenwirkungen \u00fcber einen l\u00e4ngeren Zeitraum anhalten, konsultieren Sie ebenfalls Ihren Arzt.<\/p>\n<h2>Lagerung<\/h2>\n<p>Bei Temperaturen bis zu 30\u00b0C lagern. Vor Feuchtigkeit sch\u00fctzen. Au\u00dferhalb der Reichweite und Sichtweite von Kindern aufbewahren.<\/p>\n<p>Dieses Produkt wird ohne Originalverpackung und Beipackzettel geliefert.<\/p>\n<h2>Einfache M\u00f6glichkeit, Tadalafil mit einem Testpaket auszuprobieren<\/h2>\n<p>Der erste Kontakt mit einem Medikament kann manchmal unsicher wirken. Das Tadalafil-Testpaket von Cialisonlineshop.de bietet eine einfache M\u00f6glichkeit, herauszufinden, wie dieses Medikament f\u00fcr Sie wirkt. Wenn Ihr Arzt das Medikament bereits verschrieben hat, k\u00f6nnen Sie Ihre <strong>tadalafil rezept einl\u00f6sen <\/strong>und die Bestellung bequem \u00fcber das Online-System abschlie\u00dfen. Die Tabletten werden diskret zu Ihnen nach Hause geliefert.<\/p>\n<p>Dieses Testpaket enth\u00e4lt verschiedene Tadalafil-St\u00e4rken, sodass Sie herausfinden k\u00f6nnen, welche Dosierung am besten zu Ihnen passt. Tadalafil wird h\u00e4ufig zur Behandlung von erektiler Dysfunktion eingesetzt und unterst\u00fctzt durch eine verbesserte Durchblutung w\u00e4hrend sexueller Stimulation eine nat\u00fcrliche Erektion.<\/p>\n<p>Bestellungen bei Cialisonlineshop.de werden mit Sorgfalt, Diskretion und klaren Abl\u00e4ufen bearbeitet, sodass Kunden ihre verschriebene Behandlung einfach und zuverl\u00e4ssig online verwalten k\u00f6nnen.<\/p>","protected":false},"excerpt":{"rendered":"<p>Entdecken Sie das Tadalafil Testpaket f\u00fcr ED: Eine Auswahl der besten Produkte zur Behandlung der erektilen Dysfunktion. Proben von Tadalafil Produkten zu g\u00fcnstigen Preisen!<\/p>","protected":false},"featured_media":1974,"comment_status":"open","ping_status":"closed","template":"","meta":{"_uag_custom_page_level_css":"","site-sidebar-layout":"default","site-content-layout":"","ast-site-content-layout":"default","site-content-style":"default","site-sidebar-style":"default","ast-global-header-display":"","ast-banner-title-visibility":"","ast-main-header-display":"","ast-hfb-above-header-display":"","ast-hfb-below-header-display":"","ast-hfb-mobile-header-display":"","site-post-title":"","ast-breadcrumbs-content":"","ast-featured-img":"","footer-sml-layout":"","ast-disable-related-posts":"","theme-transparent-header-meta":"default","adv-header-id-meta":"","stick-header-meta":"","header-above-stick-meta":"","header-main-stick-meta":"","header-below-stick-meta":"","astra-migrate-meta-layouts":"set","ast-page-background-enabled":"default","ast-page-background-meta":{"desktop":{"background-color":"","background-image":"","background-repeat":"repeat","background-position":"center center","background-size":"auto","background-attachment":"scroll","background-type":"","background-media":"","overlay-type":"","overlay-color":"","overlay-opacity":"","overlay-gradient":""},"tablet":{"background-color":"","background-image":"","background-repeat":"repeat","background-position":"center center","background-size":"auto","background-attachment":"scroll","background-type":"","background-media":"","overlay-type":"","overlay-color":"","overlay-opacity":"","overlay-gradient":""},"mobile":{"background-color":"","background-image":"","background-repeat":"repeat","background-position":"center center","background-size":"auto","background-attachment":"scroll","background-type":"","background-media":"","overlay-type":"","overlay-color":"","overlay-opacity":"","overlay-gradient":""}},"ast-content-background-meta":{"desktop":{"background-color":"var(--ast-global-color-5)","background-image":"","background-repeat":"repeat","background-position":"center center","background-size":"auto","background-attachment":"scroll","background-type":"","background-media":"","overlay-type":"","overlay-color":"","overlay-opacity":"","overlay-gradient":""},"tablet":{"background-color":"var(--ast-global-color-5)","background-image":"","background-repeat":"repeat","background-position":"center center","background-size":"auto","background-attachment":"scroll","background-type":"","background-media":"","overlay-type":"","overlay-color":"","overlay-opacity":"","overlay-gradient":""},"mobile":{"background-color":"var(--ast-global-color-5)","background-image":"","background-repeat":"repeat","background-position":"center center","background-size":"auto","background-attachment":"scroll","background-type":"","background-media":"","overlay-type":"","overlay-color":"","overlay-opacity":"","overlay-gradient":""}},"episode_type":"","audio_file":"","cover_image":"","cover_image_id":"","duration":"","filesize":"","filesize_raw":"","date_recorded":"","explicit":"","block":"","itunes_episode_number":"","itunes_title":"","itunes_season_number":"","itunes_episode_type":""},"product_brand":[],"product_cat":[25],"product_tag":[],"class_list":{"0":"post-1953","1":"product","2":"type-product","3":"status-publish","4":"has-post-thumbnail","6":"product_cat-multipacks-sonderangebote","7":"desktop-align-left","8":"tablet-align-left","9":"mobile-align-left","11":"first","12":"instock","13":"sale","14":"shipping-taxable","15":"purchasable","16":"product-type-simple"},"yoast_head":"<!-- This site is optimized with the Yoast SEO plugin v27.0 - https:\/\/yoast.com\/product\/yoast-seo-wordpress\/ -->\n<title>Tadalafil online mit Rezept bestellen | Cialis Online Shop<\/title>\n<meta name=\"description\" content=\"Tadalafil online mit Rezept bestellen im sicheren Online Shop. Diskrete Lieferung, einfache Bestellung und zuverl\u00e4ssiger Service f\u00fcr Ihre Gesundheit.\" \/>\n<meta name=\"robots\" content=\"index, follow, max-snippet:-1, max-image-preview:large, max-video-preview:-1\" \/>\n<link rel=\"canonical\" href=\"https:\/\/cialisonlineshop.de\/fr\/product\/tadalafil-testpaket\/\" \/>\n<meta property=\"og:locale\" content=\"fr_FR\" \/>\n<meta property=\"og:type\" content=\"article\" \/>\n<meta property=\"og:title\" content=\"Tadalafil online mit Rezept bestellen | Cialis Online Shop\" \/>\n<meta property=\"og:description\" content=\"Tadalafil online mit Rezept bestellen im sicheren Online Shop. Diskrete Lieferung, einfache Bestellung und zuverl\u00e4ssiger Service f\u00fcr Ihre Gesundheit.\" \/>\n<meta property=\"og:url\" content=\"https:\/\/cialisonlineshop.de\/fr\/product\/tadalafil-testpaket\/\" \/>\n<meta property=\"article:modified_time\" content=\"2026-03-02T08:10:18+00:00\" \/>\n<meta property=\"og:image\" content=\"https:\/\/cialisonlineshop.de\/wp-content\/uploads\/2026\/01\/Sildenafil-Testpaket.png\" \/>\n\t<meta property=\"og:image:width\" content=\"1600\" \/>\n\t<meta property=\"og:image:height\" content=\"1600\" \/>\n\t<meta property=\"og:image:type\" content=\"image\/png\" \/>\n<meta name=\"twitter:card\" content=\"summary_large_image\" \/>\n<meta name=\"twitter:label1\" content=\"Dur\u00e9e de lecture estim\u00e9e\" \/>\n\t<meta name=\"twitter:data1\" content=\"5 minutes\" \/>\n<script type=\"application\/ld+json\" class=\"yoast-schema-graph\">{\"@context\":\"https:\/\/schema.org\",\"@graph\":[{\"@type\":\"WebPage\",\"@id\":\"https:\/\/cialisonlineshop.de\/product\/tadalafil-testpaket\/\",\"url\":\"https:\/\/cialisonlineshop.de\/product\/tadalafil-testpaket\/\",\"name\":\"Tadalafil online mit Rezept bestellen | Cialis Online Shop\",\"isPartOf\":{\"@id\":\"https:\/\/cialisonlineshop.de\/#website\"},\"primaryImageOfPage\":{\"@id\":\"https:\/\/cialisonlineshop.de\/product\/tadalafil-testpaket\/#primaryimage\"},\"image\":{\"@id\":\"https:\/\/cialisonlineshop.de\/product\/tadalafil-testpaket\/#primaryimage\"},\"thumbnailUrl\":\"https:\/\/cialisonlineshop.de\/wp-content\/uploads\/2026\/01\/Sildenafil-Testpaket.png\",\"datePublished\":\"2026-01-14T10:15:37+00:00\",\"dateModified\":\"2026-03-02T08:10:18+00:00\",\"description\":\"Tadalafil online mit Rezept bestellen im sicheren Online Shop. Diskrete Lieferung, einfache Bestellung und zuverl\u00e4ssiger Service f\u00fcr Ihre Gesundheit.\",\"breadcrumb\":{\"@id\":\"https:\/\/cialisonlineshop.de\/product\/tadalafil-testpaket\/#breadcrumb\"},\"inLanguage\":\"fr-FR\",\"potentialAction\":[{\"@type\":\"ReadAction\",\"target\":[\"https:\/\/cialisonlineshop.de\/product\/tadalafil-testpaket\/\"]}]},{\"@type\":\"ImageObject\",\"inLanguage\":\"fr-FR\",\"@id\":\"https:\/\/cialisonlineshop.de\/product\/tadalafil-testpaket\/#primaryimage\",\"url\":\"https:\/\/cialisonlineshop.de\/wp-content\/uploads\/2026\/01\/Sildenafil-Testpaket.png\",\"contentUrl\":\"https:\/\/cialisonlineshop.de\/wp-content\/uploads\/2026\/01\/Sildenafil-Testpaket.png\",\"width\":1600,\"height\":1600,\"caption\":\"import placeholder for 5577\"},{\"@type\":\"BreadcrumbList\",\"@id\":\"https:\/\/cialisonlineshop.de\/product\/tadalafil-testpaket\/#breadcrumb\",\"itemListElement\":[{\"@type\":\"ListItem\",\"position\":1,\"name\":\"Home\",\"item\":\"https:\/\/cialisonlineshop.de\/\"},{\"@type\":\"ListItem\",\"position\":2,\"name\":\"Shop\",\"item\":\"https:\/\/cialisonlineshop.de\/shop\/\"},{\"@type\":\"ListItem\",\"position\":3,\"name\":\"Tadalafil Testpaket\"}]},{\"@type\":\"WebSite\",\"@id\":\"https:\/\/cialisonlineshop.de\/#website\",\"url\":\"https:\/\/cialisonlineshop.de\/\",\"name\":\"Cialisonlineshop\",\"description\":\"\",\"publisher\":{\"@id\":\"https:\/\/cialisonlineshop.de\/#organization\"},\"potentialAction\":[{\"@type\":\"SearchAction\",\"target\":{\"@type\":\"EntryPoint\",\"urlTemplate\":\"https:\/\/cialisonlineshop.de\/?s={search_term_string}\"},\"query-input\":{\"@type\":\"PropertyValueSpecification\",\"valueRequired\":true,\"valueName\":\"search_term_string\"}}],\"inLanguage\":\"fr-FR\"},{\"@type\":\"Organization\",\"@id\":\"https:\/\/cialisonlineshop.de\/#organization\",\"name\":\"Cialisonlineshop\",\"url\":\"https:\/\/cialisonlineshop.de\/\",\"logo\":{\"@type\":\"ImageObject\",\"inLanguage\":\"fr-FR\",\"@id\":\"https:\/\/cialisonlineshop.de\/#\/schema\/logo\/image\/\",\"url\":\"https:\/\/cialisonlineshop.de\/wp-content\/uploads\/2026\/01\/Logo_maker_project__6_-removebg-preview-1.png\",\"contentUrl\":\"https:\/\/cialisonlineshop.de\/wp-content\/uploads\/2026\/01\/Logo_maker_project__6_-removebg-preview-1.png\",\"width\":432,\"height\":88,\"caption\":\"Cialisonlineshop\"},\"image\":{\"@id\":\"https:\/\/cialisonlineshop.de\/#\/schema\/logo\/image\/\"}}]}<\/script>\n<!-- \/ Yoast SEO plugin. -->","yoast_head_json":{"title":"Tadalafil online mit Rezept bestellen | Cialis Online Shop","description":"Tadalafil online mit Rezept bestellen im sicheren Online Shop. Diskrete Lieferung, einfache Bestellung und zuverl\u00e4ssiger Service f\u00fcr Ihre Gesundheit.","robots":{"index":"index","follow":"follow","max-snippet":"max-snippet:-1","max-image-preview":"max-image-preview:large","max-video-preview":"max-video-preview:-1"},"canonical":"https:\/\/cialisonlineshop.de\/fr\/product\/tadalafil-testpaket\/","og_locale":"fr_FR","og_type":"article","og_title":"Tadalafil online mit Rezept bestellen | Cialis Online Shop","og_description":"Tadalafil online mit Rezept bestellen im sicheren Online Shop. Diskrete Lieferung, einfache Bestellung und zuverl\u00e4ssiger Service f\u00fcr Ihre Gesundheit.","og_url":"https:\/\/cialisonlineshop.de\/fr\/product\/tadalafil-testpaket\/","article_modified_time":"2026-03-02T08:10:18+00:00","og_image":[{"width":1600,"height":1600,"url":"https:\/\/cialisonlineshop.de\/wp-content\/uploads\/2026\/01\/Sildenafil-Testpaket.png","type":"image\/png"}],"twitter_card":"summary_large_image","twitter_misc":{"Dur\u00e9e de lecture estim\u00e9e":"5 minutes"},"schema":{"@context":"https:\/\/schema.org","@graph":[{"@type":"WebPage","@id":"https:\/\/cialisonlineshop.de\/product\/tadalafil-testpaket\/","url":"https:\/\/cialisonlineshop.de\/product\/tadalafil-testpaket\/","name":"Tadalafil online mit Rezept bestellen | Cialis Online Shop","isPartOf":{"@id":"https:\/\/cialisonlineshop.de\/#website"},"primaryImageOfPage":{"@id":"https:\/\/cialisonlineshop.de\/product\/tadalafil-testpaket\/#primaryimage"},"image":{"@id":"https:\/\/cialisonlineshop.de\/product\/tadalafil-testpaket\/#primaryimage"},"thumbnailUrl":"https:\/\/cialisonlineshop.de\/wp-content\/uploads\/2026\/01\/Sildenafil-Testpaket.png","datePublished":"2026-01-14T10:15:37+00:00","dateModified":"2026-03-02T08:10:18+00:00","description":"Tadalafil online mit Rezept bestellen im sicheren Online Shop. Diskrete Lieferung, einfache Bestellung und zuverl\u00e4ssiger Service f\u00fcr Ihre Gesundheit.","breadcrumb":{"@id":"https:\/\/cialisonlineshop.de\/product\/tadalafil-testpaket\/#breadcrumb"},"inLanguage":"fr-FR","potentialAction":[{"@type":"ReadAction","target":["https:\/\/cialisonlineshop.de\/product\/tadalafil-testpaket\/"]}]},{"@type":"ImageObject","inLanguage":"fr-FR","@id":"https:\/\/cialisonlineshop.de\/product\/tadalafil-testpaket\/#primaryimage","url":"https:\/\/cialisonlineshop.de\/wp-content\/uploads\/2026\/01\/Sildenafil-Testpaket.png","contentUrl":"https:\/\/cialisonlineshop.de\/wp-content\/uploads\/2026\/01\/Sildenafil-Testpaket.png","width":1600,"height":1600,"caption":"import placeholder for 5577"},{"@type":"BreadcrumbList","@id":"https:\/\/cialisonlineshop.de\/product\/tadalafil-testpaket\/#breadcrumb","itemListElement":[{"@type":"ListItem","position":1,"name":"Home","item":"https:\/\/cialisonlineshop.de\/"},{"@type":"ListItem","position":2,"name":"Shop","item":"https:\/\/cialisonlineshop.de\/shop\/"},{"@type":"ListItem","position":3,"name":"Tadalafil Testpaket"}]},{"@type":"WebSite","@id":"https:\/\/cialisonlineshop.de\/#website","url":"https:\/\/cialisonlineshop.de\/","name":"Cialisonlineshop","description":"","publisher":{"@id":"https:\/\/cialisonlineshop.de\/#organization"},"potentialAction":[{"@type":"SearchAction","target":{"@type":"EntryPoint","urlTemplate":"https:\/\/cialisonlineshop.de\/?s={search_term_string}"},"query-input":{"@type":"PropertyValueSpecification","valueRequired":true,"valueName":"search_term_string"}}],"inLanguage":"fr-FR"},{"@type":"Organization","@id":"https:\/\/cialisonlineshop.de\/#organization","name":"Cialisonlineshop","url":"https:\/\/cialisonlineshop.de\/","logo":{"@type":"ImageObject","inLanguage":"fr-FR","@id":"https:\/\/cialisonlineshop.de\/#\/schema\/logo\/image\/","url":"https:\/\/cialisonlineshop.de\/wp-content\/uploads\/2026\/01\/Logo_maker_project__6_-removebg-preview-1.png","contentUrl":"https:\/\/cialisonlineshop.de\/wp-content\/uploads\/2026\/01\/Logo_maker_project__6_-removebg-preview-1.png","width":432,"height":88,"caption":"Cialisonlineshop"},"image":{"@id":"https:\/\/cialisonlineshop.de\/#\/schema\/logo\/image\/"}}]}},"uagb_featured_image_src":{"full":["https:\/\/cialisonlineshop.de\/wp-content\/uploads\/2026\/01\/Sildenafil-Testpaket.png",1600,1600,false],"thumbnail":["https:\/\/cialisonlineshop.de\/wp-content\/uploads\/2026\/01\/Sildenafil-Testpaket-150x150.png",150,150,true],"medium":["https:\/\/cialisonlineshop.de\/wp-content\/uploads\/2026\/01\/Sildenafil-Testpaket-300x300.png",300,300,true],"medium_large":["https:\/\/cialisonlineshop.de\/wp-content\/uploads\/2026\/01\/Sildenafil-Testpaket-768x768.png",768,768,true],"large":["https:\/\/cialisonlineshop.de\/wp-content\/uploads\/2026\/01\/Sildenafil-Testpaket-1024x1024.png",1024,1024,true],"1536x1536":["https:\/\/cialisonlineshop.de\/wp-content\/uploads\/2026\/01\/Sildenafil-Testpaket-1536x1536.png",1536,1536,true],"2048x2048":["https:\/\/cialisonlineshop.de\/wp-content\/uploads\/2026\/01\/Sildenafil-Testpaket.png",1600,1600,false],"trp-custom-language-flag":["https:\/\/cialisonlineshop.de\/wp-content\/uploads\/2026\/01\/Sildenafil-Testpaket.png",12,12,false],"woocommerce_thumbnail":["https:\/\/cialisonlineshop.de\/wp-content\/uploads\/2026\/01\/Sildenafil-Testpaket-300x300.png",300,300,true],"woocommerce_single":["https:\/\/cialisonlineshop.de\/wp-content\/uploads\/2026\/01\/Sildenafil-Testpaket-600x600.png",600,600,true],"woocommerce_gallery_thumbnail":["https:\/\/cialisonlineshop.de\/wp-content\/uploads\/2026\/01\/Sildenafil-Testpaket-100x100.png",100,100,true]},"uagb_author_info":{"display_name":"Stefan T\u00f6njes","author_link":"https:\/\/cialisonlineshop.de\/fr\/author\/"},"uagb_comment_info":0,"uagb_excerpt":"Entdecken Sie das Tadalafil Testpaket f\u00fcr ED: Eine Auswahl der besten Produkte zur Behandlung der erektilen Dysfunktion. Proben von Tadalafil Produkten zu g\u00fcnstigen Preisen!","jetpack_sharing_enabled":true,"_links":{"self":[{"href":"https:\/\/cialisonlineshop.de\/fr\/wp-json\/wp\/v2\/product\/1953","targetHints":{"allow":["GET"]}}],"collection":[{"href":"https:\/\/cialisonlineshop.de\/fr\/wp-json\/wp\/v2\/product"}],"about":[{"href":"https:\/\/cialisonlineshop.de\/fr\/wp-json\/wp\/v2\/types\/product"}],"replies":[{"embeddable":true,"href":"https:\/\/cialisonlineshop.de\/fr\/wp-json\/wp\/v2\/comments?post=1953"}],"wp:featuredmedia":[{"embeddable":true,"href":"https:\/\/cialisonlineshop.de\/fr\/wp-json\/wp\/v2\/media\/1974"}],"wp:attachment":[{"href":"https:\/\/cialisonlineshop.de\/fr\/wp-json\/wp\/v2\/media?parent=1953"}],"wp:term":[{"taxonomy":"product_brand","embeddable":true,"href":"https:\/\/cialisonlineshop.de\/fr\/wp-json\/wp\/v2\/product_brand?post=1953"},{"taxonomy":"product_cat","embeddable":true,"href":"https:\/\/cialisonlineshop.de\/fr\/wp-json\/wp\/v2\/product_cat?post=1953"},{"taxonomy":"product_tag","embeddable":true,"href":"https:\/\/cialisonlineshop.de\/fr\/wp-json\/wp\/v2\/product_tag?post=1953"}],"curies":[{"name":"wp","href":"https:\/\/api.w.org\/{rel}","templated":true}]}}