{"id":1952,"date":"2026-01-14T10:15:37","date_gmt":"2026-01-14T10:15:37","guid":{"rendered":"https:\/\/cialisonlineshop.de\/?post_type=product&#038;p=1952"},"modified":"2026-02-24T11:09:52","modified_gmt":"2026-02-24T11:09:52","slug":"sildenafil-testpaket","status":"publish","type":"product","link":"https:\/\/cialisonlineshop.de\/fr\/product\/sildenafil-testpaket\/","title":{"rendered":"Sildenafil Testpaket"},"content":{"rendered":"<h2>Sildenafil Testpaket \u2013 Probieren Sie das Beste aus Sildenafil Produkten!<\/h2>\n<p>Wenn bei Ihnen\u00a0erektile Dysfunktion\u00a0aufgetreten ist und Sie \u00fcberlegen, ein Sildenafil Produkt auszuprobieren, aber nicht sicher sind, welches, ist unser\u00a0<strong>Sildenafil Testpaket die<\/strong>\u00a0<strong>ideale L\u00f6sung f\u00fcr Sie.<\/strong><\/p>\n<p>Dieses Paket enth\u00e4lt\u00a0<strong>Proben unserer meistverkauften Produkte<\/strong>\u00a0aus der Kategorie\u00a0<strong>Viagra Generika,<\/strong>\u00a0mit denen Sie leicht feststellen k\u00f6nnen, welches Produkt am besten zu Ihnen passt.<\/p>\n<h4>Das Paket enth\u00e4lt:<\/h4>\n<ul>\n<li><strong>Kamagra Oral Jelly 100 mg<\/strong>\u00a0\u2013 2 Beutel (2 Dosen)<\/li>\n<li><strong>Kingmaster 100 mg<\/strong>\u00a0\u2013 2 Lutschtabletten (2 Dosen)<\/li>\n<li><strong>Kamagra 100 mg<\/strong>\u00a0\u2013 1 Packung (4 Tabletten)<\/li>\n<li><strong>Cenforce 100 mg<\/strong>\u00a0\u2013 1 Packung (10 Tabletten)<\/li>\n<li><strong>Cobra 120 mg<\/strong>\u00a0\u2013 1 Packung (5 Tabletten)<\/li>\n<\/ul>\n<h4>Vorteile des Sildenafil Testpakets:<\/h4>\n<ul>\n<li>Enth\u00e4lt Proben unserer meistverkauften Sildenafil Produkte.<\/li>\n<li>G\u00fcnstiger im Vergleich zum Einzelkauf der jeweiligen Packungen.<\/li>\n<li>Ideal f\u00fcr diejenigen, die verschiedene Produkte testen m\u00f6chten, ohne ganze Packungen kaufen zu m\u00fcssen.<\/li>\n<li>F\u00fcr die Produkte\u00a0<strong>Kingmaster<\/strong>\u00a0und\u00a0<strong>Kamagra Oral Jelly<\/strong>\u00a0erhalten Sie 2 St\u00fcck (2 Dosen), w\u00e4hrend Einzelpackungen mindestens 7 St\u00fcck enthalten.<\/li>\n<\/ul>\n<p>Vor dem Verzehr jedes Produkts lesen Sie bitte sorgf\u00e4ltig die Informationen auf unserer Website.<\/p>\n<h2>Grundlegende Informationen zu Sildenafil Produkten<\/h2>\n<h2>Wirkstoff<\/h2>\n<p>Der Wirkstoff Sildenafil Citrat (weitere Informationen zu diesem Wirkstoff finden Sie im Artikel\u00a0Sildenafil) f\u00f6rdert die Durchblutung des Penis erheblich und hilft so, eine feste, qualitativ hochwertige und lang anhaltende Erektion f\u00fcr einen erfolgreichen Geschlechtsverkehr zu erreichen.<\/p>\n<h2>Dosierung und Anwendung<\/h2>\n<p>Die \u00fcbliche Anfangsdosis von Sildenafil betr\u00e4gt 50 mg. Je nach Bedarf und Vertr\u00e4glichkeit kann die Dosis auf 25 mg reduziert oder auf maximal 100 mg pro Tag erh\u00f6ht werden. \u00dcberschreiten Sie nicht die maximale Tagesdosis von 100 mg.<\/p>\n<p><strong>Kamagra 100 mg,\u00a0Cenforce 100 mg\u00a0und\u00a0Cobra 120 mg<\/strong>\u00a0liegen\u00a0in Tablettenform vor und sollten 30\u201360 Minuten vor dem Geschlechtsverkehr eingenommen werden.\u00a0<strong>Die Wirkung h\u00e4lt 4\u20136 Stunden an.<\/strong><\/p>\n<p><strong>Kamagra Oral Jelly<\/strong>\u00a0ist ein orales Gel mit einem angenehmen Fruchtgeschmack, das keine Wasseraufnahme erfordert, wie es bei Tabletten der Fall ist. Es beginnt bereits nach 10\u201315 Minuten zu wirken. Die Wirkung h\u00e4lt\u00a0<strong>4\u20136 Stunden<\/strong>\u00a0an.<\/p>\n<p><strong>Kingmaster<\/strong>\u00a0ist eine\u00a0<strong>Lutschtablette mit Minzgeschmack.<\/strong>\u00a0Sie hat eine fast doppelt so starke Wirkung im Vergleich zu herk\u00f6mmlichen Tabletten, da \u00fcber die Schleimh\u00e4ute im Mund und Rachen mehr Wirkstoff in den Blutkreislauf gelangt, als wenn sie den Magen durchl\u00e4uft, wo ein Teil durch Magens\u00e4fte zerst\u00f6rt wird. Dies f\u00fchrt dazu, dass Kingmaster eine st\u00e4rkere und lang anhaltendere Wirkung hat. Kingmaster sollte 10\u201330 Minuten vor dem Geschlechtsverkehr eingenommen werden und\u00a0<strong>die Wirkung h\u00e4lt bis zu 12 Stunden an.<\/strong><\/p>\n<p><strong>Keines dieser Produkte ist ein Aphrodisiakum. Eine sexuelle Stimulation ist erforderlich,<\/strong>\u00a0um die gew\u00fcnschte Wirkung zu erzielen.<\/p>\n<p>Sildenafil Produkte sollten entweder vor oder nach dem Essen eingenommen werden. Es wird nicht empfohlen, sie mit Alkohol, fetthaltigen Lebensmitteln, Grapefruit oder Grapefruitsaft zu kombinieren.<\/p>\n<h2>Kontraindikationen<\/h2>\n<p><strong>Sildenafil Produkte sollten nicht eingenommen werden wenn:<\/strong><\/p>\n<ul>\n<li>man auf Sildenafil oder auf andere Wirkstoffe allergisch ist<\/li>\n<li>man vor kurzem Herzinfarkt oder Schlaganfall durchgemacht hat, oder an andere Herzerkrankungen wie niedriger Blutdruck oder Bluthochdruck leidet<\/li>\n<li>man die Nitrate einnimmt (zum Beispiel Nitroglycerin, Isosorbid dinitrat), Medikamente, die Stickoxid l\u00f6sen (z.B. Isoamyl-nitrit)<\/li>\n<li>man Medikamente gegen Angina Pectoris einnimmt (z.B. Nitraten oder Stickoxid)<\/li>\n<li>man an andere seri\u00f6se Herzerkrankung oder Leberst\u00f6rung leidet<\/li>\n<li>man an seltener Netzhautst\u00f6rung leidet (z.B. retinitis pigmentosa) oder man die Sehkraft durch (NAION) verloren hat<\/li>\n<li>man Riociguat einnimmt ( zur Heilung der arteriellen Lungenhypertonie und chronischer Lungen Hypertension)<\/li>\n<li>man schon ein anderes Erektionsmittel einnimmt<\/li>\n<\/ul>\n<h3>Warnung<\/h3>\n<p><strong>Informieren Sie Ihren Arzt, bevor Sie den Wirkstoff Sildenafil einnehmen, im Falle Sie an:<\/strong><\/p>\n<ul>\n<li>Herzprobleme<\/li>\n<li>Peyronie Erkrankung oder andere Penisdeformationen<\/li>\n<li>Geschw\u00fcr Erkrankung oder Bluterkrankheit (z.B.H\u00e4mophilie)<\/li>\n<li>Zucker Intoleranz (z.B. Laktose)<\/li>\n<li>Sichelzellkrankheit, Leuk\u00e4mie oder mehrfachen Myelom<\/li>\n<li>HIV leiden (besonders wenn mit Proteaseinhibitoren behandelt)<\/li>\n<\/ul>\n<p>Die gleichzeitige Einnahme von Sildenafil mit anderen Medikamenten erfordert die Zustimmung Ihres Arztes, insbesondere wenn Sie Erythromycin, Cimetidin oder Ketokonazol einnehmen.<\/p>\n<p>Wenn Sie an einer Leber- oder Nierenfunktionsst\u00f6rung leiden, informieren Sie Ihren Arzt. Dieser wird entscheiden, ob eine Dosisanpassung erforderlich ist. Die \u00fcbliche Anfangsdosis in solchen F\u00e4llen betr\u00e4gt 25 mg pro Tag.<\/p>\n<h2>M\u00f6gliche Nebenwirkungen des Medikaments<\/h2>\n<p>W\u00e4hrend der Einnahme von Sildenafil k\u00f6nnen Nebenwirkungen auftreten. Diese sind in der Regel leicht und von kurzer Dauer. Zu den h\u00e4ufigsten Nebenwirkungen geh\u00f6ren Kopfschmerzen, \u00dcbelkeit, Verdauungsst\u00f6rungen, Hitzewallungen, Sehst\u00f6rungen (verschwommenes oder \u201eblaues\u201c Sehen), verstopfte Nase und Schwindel.<\/p>\n<h3>Wichtiger Hinweis<\/h3>\n<p><strong>Suchen Sie sofort \u00e4rztliche Hilfe auf,\u00a0<\/strong>wenn Sie eine pl\u00f6tzliche Verschlechterung des Seh- oder H\u00f6rverm\u00f6gens, Blut im Urin, tr\u00fcben Urin oder eine Erektion bemerken,\u00a0<strong>die l\u00e4nger als 4 Stunden anh\u00e4lt,<\/strong>\u00a0insbesondere wenn sie nicht durch sexuelle Stimulation verursacht wird und mit Schmerzen verbunden ist.<\/p>\n<p>Suchen Sie auch sofort einen Arzt auf, wenn ungew\u00f6hnliche Reaktionen oder eine pl\u00f6tzliche Verschlechterung Ihres Gesundheitszustands im Zusammenhang mit der Einnahme des Medikaments auftreten. Wenn \u00fcbliche Nebenwirkungen \u00fcber einen l\u00e4ngeren Zeitraum anhalten, kontaktieren Sie Ihren Arzt.<\/p>\n<h2>Lagerung<\/h2>\n<p>Bei Temperaturen bis zu 30\u00b0C lagern. Vor Feuchtigkeit sch\u00fctzen. Au\u00dferhalb der Reichweite und Sichtweite von Kindern aufbewahren.<\/p>\n<p>Dieses Produkt wird ohne Originalverpackung und Beipackzettel geliefert.<\/p>\n<p>&nbsp;<\/p>\n<p>&nbsp;<\/p>","protected":false},"excerpt":{"rendered":"<p>Entdecken Sie das Sildenafil Testpaket f\u00fcr ED: Eine Auswahl der besten Produkte zur Behandlung der erektilen Dysfunktion. Proben von Sildenafil Produkten zu g\u00fcnstigen Preisen!<\/p>\n<table class=\"info\" style=\"height: 188px;\" width=\"845\">\n<tbody>\n<tr>\n<td>Produktcode:<\/td>\n<td>87971766107-10<\/td>\n<\/tr>\n<tr>\n<td>Kategorie:<\/td>\n<td>Testpakete<\/td>\n<\/tr>\n<tr>\n<td><\/td>\n<td><\/td>\n<\/tr>\n<tr>\n<td>Verf\u00fcgbarkeit:<\/td>\n<td>Auf Lager &#8211; sofort Lie\u00adfer\u00adbar<\/td>\n<\/tr>\n<\/tbody>\n<\/table>","protected":false},"featured_media":1974,"comment_status":"open","ping_status":"closed","template":"","meta":{"_uag_custom_page_level_css":"","site-sidebar-layout":"default","site-content-layout":"","ast-site-content-layout":"default","site-content-style":"default","site-sidebar-style":"default","ast-global-header-display":"","ast-banner-title-visibility":"","ast-main-header-display":"","ast-hfb-above-header-display":"","ast-hfb-below-header-display":"","ast-hfb-mobile-header-display":"","site-post-title":"","ast-breadcrumbs-content":"","ast-featured-img":"","footer-sml-layout":"","ast-disable-related-posts":"","theme-transparent-header-meta":"default","adv-header-id-meta":"","stick-header-meta":"","header-above-stick-meta":"","header-main-stick-meta":"","header-below-stick-meta":"","astra-migrate-meta-layouts":"set","ast-page-background-enabled":"default","ast-page-background-meta":{"desktop":{"background-color":"","background-image":"","background-repeat":"repeat","background-position":"center center","background-size":"auto","background-attachment":"scroll","background-type":"","background-media":"","overlay-type":"","overlay-color":"","overlay-opacity":"","overlay-gradient":""},"tablet":{"background-color":"","background-image":"","background-repeat":"repeat","background-position":"center center","background-size":"auto","background-attachment":"scroll","background-type":"","background-media":"","overlay-type":"","overlay-color":"","overlay-opacity":"","overlay-gradient":""},"mobile":{"background-color":"","background-image":"","background-repeat":"repeat","background-position":"center center","background-size":"auto","background-attachment":"scroll","background-type":"","background-media":"","overlay-type":"","overlay-color":"","overlay-opacity":"","overlay-gradient":""}},"ast-content-background-meta":{"desktop":{"background-color":"var(--ast-global-color-5)","background-image":"","background-repeat":"repeat","background-position":"center center","background-size":"auto","background-attachment":"scroll","background-type":"","background-media":"","overlay-type":"","overlay-color":"","overlay-opacity":"","overlay-gradient":""},"tablet":{"background-color":"var(--ast-global-color-5)","background-image":"","background-repeat":"repeat","background-position":"center center","background-size":"auto","background-attachment":"scroll","background-type":"","background-media":"","overlay-type":"","overlay-color":"","overlay-opacity":"","overlay-gradient":""},"mobile":{"background-color":"var(--ast-global-color-5)","background-image":"","background-repeat":"repeat","background-position":"center center","background-size":"auto","background-attachment":"scroll","background-type":"","background-media":"","overlay-type":"","overlay-color":"","overlay-opacity":"","overlay-gradient":""}},"episode_type":"","audio_file":"","cover_image":"","cover_image_id":"","duration":"","filesize":"","filesize_raw":"","date_recorded":"","explicit":"","block":"","itunes_episode_number":"","itunes_title":"","itunes_season_number":"","itunes_episode_type":""},"product_brand":[],"product_cat":[25],"product_tag":[],"class_list":{"0":"post-1952","1":"product","2":"type-product","3":"status-publish","4":"has-post-thumbnail","6":"product_cat-multipacks-sonderangebote","7":"desktop-align-left","8":"tablet-align-left","9":"mobile-align-left","11":"first","12":"instock","13":"sale","14":"shipping-taxable","15":"purchasable","16":"product-type-simple"},"yoast_head":"<!-- This site is optimized with the Yoast SEO plugin v27.0 - https:\/\/yoast.com\/product\/yoast-seo-wordpress\/ -->\n<title>Sildenafil Testpaket -<\/title>\n<meta name=\"robots\" content=\"index, follow, max-snippet:-1, max-image-preview:large, max-video-preview:-1\" \/>\n<link rel=\"canonical\" href=\"https:\/\/cialisonlineshop.de\/fr\/product\/sildenafil-testpaket\/\" \/>\n<meta property=\"og:locale\" content=\"fr_FR\" \/>\n<meta property=\"og:type\" content=\"article\" \/>\n<meta property=\"og:title\" content=\"Sildenafil Testpaket -\" \/>\n<meta property=\"og:description\" content=\"Entdecken Sie das Sildenafil Testpaket f\u00fcr ED: Eine Auswahl der besten Produkte zur Behandlung der erektilen Dysfunktion. Proben von Sildenafil Produkten zu g\u00fcnstigen Preisen!    Produktcode: 87971766107-10   Kategorie: Testpakete       Verf\u00fcgbarkeit: Auf Lager - sofort Lie\u00adfer\u00adbar\" \/>\n<meta property=\"og:url\" content=\"https:\/\/cialisonlineshop.de\/fr\/product\/sildenafil-testpaket\/\" \/>\n<meta property=\"article:modified_time\" content=\"2026-02-24T11:09:52+00:00\" \/>\n<meta property=\"og:image\" content=\"https:\/\/cialisonlineshop.de\/wp-content\/uploads\/2026\/01\/Sildenafil-Testpaket.png\" \/>\n\t<meta property=\"og:image:width\" content=\"1600\" \/>\n\t<meta property=\"og:image:height\" content=\"1600\" \/>\n\t<meta property=\"og:image:type\" content=\"image\/png\" \/>\n<meta name=\"twitter:card\" content=\"summary_large_image\" \/>\n<meta name=\"twitter:label1\" content=\"Dur\u00e9e de lecture estim\u00e9e\" \/>\n\t<meta name=\"twitter:data1\" content=\"5 minutes\" \/>\n<script type=\"application\/ld+json\" class=\"yoast-schema-graph\">{\"@context\":\"https:\/\/schema.org\",\"@graph\":[{\"@type\":\"WebPage\",\"@id\":\"https:\/\/cialisonlineshop.de\/product\/sildenafil-testpaket\/\",\"url\":\"https:\/\/cialisonlineshop.de\/product\/sildenafil-testpaket\/\",\"name\":\"Sildenafil Testpaket -\",\"isPartOf\":{\"@id\":\"https:\/\/cialisonlineshop.de\/#website\"},\"primaryImageOfPage\":{\"@id\":\"https:\/\/cialisonlineshop.de\/product\/sildenafil-testpaket\/#primaryimage\"},\"image\":{\"@id\":\"https:\/\/cialisonlineshop.de\/product\/sildenafil-testpaket\/#primaryimage\"},\"thumbnailUrl\":\"https:\/\/cialisonlineshop.de\/wp-content\/uploads\/2026\/01\/Sildenafil-Testpaket.png\",\"datePublished\":\"2026-01-14T10:15:37+00:00\",\"dateModified\":\"2026-02-24T11:09:52+00:00\",\"breadcrumb\":{\"@id\":\"https:\/\/cialisonlineshop.de\/product\/sildenafil-testpaket\/#breadcrumb\"},\"inLanguage\":\"fr-FR\",\"potentialAction\":[{\"@type\":\"ReadAction\",\"target\":[\"https:\/\/cialisonlineshop.de\/product\/sildenafil-testpaket\/\"]}]},{\"@type\":\"ImageObject\",\"inLanguage\":\"fr-FR\",\"@id\":\"https:\/\/cialisonlineshop.de\/product\/sildenafil-testpaket\/#primaryimage\",\"url\":\"https:\/\/cialisonlineshop.de\/wp-content\/uploads\/2026\/01\/Sildenafil-Testpaket.png\",\"contentUrl\":\"https:\/\/cialisonlineshop.de\/wp-content\/uploads\/2026\/01\/Sildenafil-Testpaket.png\",\"width\":1600,\"height\":1600,\"caption\":\"import placeholder for 5577\"},{\"@type\":\"BreadcrumbList\",\"@id\":\"https:\/\/cialisonlineshop.de\/product\/sildenafil-testpaket\/#breadcrumb\",\"itemListElement\":[{\"@type\":\"ListItem\",\"position\":1,\"name\":\"Home\",\"item\":\"https:\/\/cialisonlineshop.de\/\"},{\"@type\":\"ListItem\",\"position\":2,\"name\":\"Shop\",\"item\":\"https:\/\/cialisonlineshop.de\/shop\/\"},{\"@type\":\"ListItem\",\"position\":3,\"name\":\"Sildenafil Testpaket\"}]},{\"@type\":\"WebSite\",\"@id\":\"https:\/\/cialisonlineshop.de\/#website\",\"url\":\"https:\/\/cialisonlineshop.de\/\",\"name\":\"Cialisonlineshop\",\"description\":\"\",\"publisher\":{\"@id\":\"https:\/\/cialisonlineshop.de\/#organization\"},\"potentialAction\":[{\"@type\":\"SearchAction\",\"target\":{\"@type\":\"EntryPoint\",\"urlTemplate\":\"https:\/\/cialisonlineshop.de\/?s={search_term_string}\"},\"query-input\":{\"@type\":\"PropertyValueSpecification\",\"valueRequired\":true,\"valueName\":\"search_term_string\"}}],\"inLanguage\":\"fr-FR\"},{\"@type\":\"Organization\",\"@id\":\"https:\/\/cialisonlineshop.de\/#organization\",\"name\":\"Cialisonlineshop\",\"url\":\"https:\/\/cialisonlineshop.de\/\",\"logo\":{\"@type\":\"ImageObject\",\"inLanguage\":\"fr-FR\",\"@id\":\"https:\/\/cialisonlineshop.de\/#\/schema\/logo\/image\/\",\"url\":\"https:\/\/cialisonlineshop.de\/wp-content\/uploads\/2026\/01\/Logo_maker_project__6_-removebg-preview-1.png\",\"contentUrl\":\"https:\/\/cialisonlineshop.de\/wp-content\/uploads\/2026\/01\/Logo_maker_project__6_-removebg-preview-1.png\",\"width\":432,\"height\":88,\"caption\":\"Cialisonlineshop\"},\"image\":{\"@id\":\"https:\/\/cialisonlineshop.de\/#\/schema\/logo\/image\/\"}}]}<\/script>\n<!-- \/ Yoast SEO plugin. -->","yoast_head_json":{"title":"Sildenafil Testpaket -","robots":{"index":"index","follow":"follow","max-snippet":"max-snippet:-1","max-image-preview":"max-image-preview:large","max-video-preview":"max-video-preview:-1"},"canonical":"https:\/\/cialisonlineshop.de\/fr\/product\/sildenafil-testpaket\/","og_locale":"fr_FR","og_type":"article","og_title":"Sildenafil Testpaket -","og_description":"Entdecken Sie das Sildenafil Testpaket f\u00fcr ED: Eine Auswahl der besten Produkte zur Behandlung der erektilen Dysfunktion. Proben von Sildenafil Produkten zu g\u00fcnstigen Preisen!    Produktcode: 87971766107-10   Kategorie: Testpakete       Verf\u00fcgbarkeit: Auf Lager - sofort Lie\u00adfer\u00adbar","og_url":"https:\/\/cialisonlineshop.de\/fr\/product\/sildenafil-testpaket\/","article_modified_time":"2026-02-24T11:09:52+00:00","og_image":[{"width":1600,"height":1600,"url":"https:\/\/cialisonlineshop.de\/wp-content\/uploads\/2026\/01\/Sildenafil-Testpaket.png","type":"image\/png"}],"twitter_card":"summary_large_image","twitter_misc":{"Dur\u00e9e de lecture estim\u00e9e":"5 minutes"},"schema":{"@context":"https:\/\/schema.org","@graph":[{"@type":"WebPage","@id":"https:\/\/cialisonlineshop.de\/product\/sildenafil-testpaket\/","url":"https:\/\/cialisonlineshop.de\/product\/sildenafil-testpaket\/","name":"Sildenafil Testpaket -","isPartOf":{"@id":"https:\/\/cialisonlineshop.de\/#website"},"primaryImageOfPage":{"@id":"https:\/\/cialisonlineshop.de\/product\/sildenafil-testpaket\/#primaryimage"},"image":{"@id":"https:\/\/cialisonlineshop.de\/product\/sildenafil-testpaket\/#primaryimage"},"thumbnailUrl":"https:\/\/cialisonlineshop.de\/wp-content\/uploads\/2026\/01\/Sildenafil-Testpaket.png","datePublished":"2026-01-14T10:15:37+00:00","dateModified":"2026-02-24T11:09:52+00:00","breadcrumb":{"@id":"https:\/\/cialisonlineshop.de\/product\/sildenafil-testpaket\/#breadcrumb"},"inLanguage":"fr-FR","potentialAction":[{"@type":"ReadAction","target":["https:\/\/cialisonlineshop.de\/product\/sildenafil-testpaket\/"]}]},{"@type":"ImageObject","inLanguage":"fr-FR","@id":"https:\/\/cialisonlineshop.de\/product\/sildenafil-testpaket\/#primaryimage","url":"https:\/\/cialisonlineshop.de\/wp-content\/uploads\/2026\/01\/Sildenafil-Testpaket.png","contentUrl":"https:\/\/cialisonlineshop.de\/wp-content\/uploads\/2026\/01\/Sildenafil-Testpaket.png","width":1600,"height":1600,"caption":"import placeholder for 5577"},{"@type":"BreadcrumbList","@id":"https:\/\/cialisonlineshop.de\/product\/sildenafil-testpaket\/#breadcrumb","itemListElement":[{"@type":"ListItem","position":1,"name":"Home","item":"https:\/\/cialisonlineshop.de\/"},{"@type":"ListItem","position":2,"name":"Shop","item":"https:\/\/cialisonlineshop.de\/shop\/"},{"@type":"ListItem","position":3,"name":"Sildenafil Testpaket"}]},{"@type":"WebSite","@id":"https:\/\/cialisonlineshop.de\/#website","url":"https:\/\/cialisonlineshop.de\/","name":"Cialisonlineshop","description":"","publisher":{"@id":"https:\/\/cialisonlineshop.de\/#organization"},"potentialAction":[{"@type":"SearchAction","target":{"@type":"EntryPoint","urlTemplate":"https:\/\/cialisonlineshop.de\/?s={search_term_string}"},"query-input":{"@type":"PropertyValueSpecification","valueRequired":true,"valueName":"search_term_string"}}],"inLanguage":"fr-FR"},{"@type":"Organization","@id":"https:\/\/cialisonlineshop.de\/#organization","name":"Cialisonlineshop","url":"https:\/\/cialisonlineshop.de\/","logo":{"@type":"ImageObject","inLanguage":"fr-FR","@id":"https:\/\/cialisonlineshop.de\/#\/schema\/logo\/image\/","url":"https:\/\/cialisonlineshop.de\/wp-content\/uploads\/2026\/01\/Logo_maker_project__6_-removebg-preview-1.png","contentUrl":"https:\/\/cialisonlineshop.de\/wp-content\/uploads\/2026\/01\/Logo_maker_project__6_-removebg-preview-1.png","width":432,"height":88,"caption":"Cialisonlineshop"},"image":{"@id":"https:\/\/cialisonlineshop.de\/#\/schema\/logo\/image\/"}}]}},"uagb_featured_image_src":{"full":["https:\/\/cialisonlineshop.de\/wp-content\/uploads\/2026\/01\/Sildenafil-Testpaket.png",1600,1600,false],"thumbnail":["https:\/\/cialisonlineshop.de\/wp-content\/uploads\/2026\/01\/Sildenafil-Testpaket-150x150.png",150,150,true],"medium":["https:\/\/cialisonlineshop.de\/wp-content\/uploads\/2026\/01\/Sildenafil-Testpaket-300x300.png",300,300,true],"medium_large":["https:\/\/cialisonlineshop.de\/wp-content\/uploads\/2026\/01\/Sildenafil-Testpaket-768x768.png",768,768,true],"large":["https:\/\/cialisonlineshop.de\/wp-content\/uploads\/2026\/01\/Sildenafil-Testpaket-1024x1024.png",1024,1024,true],"1536x1536":["https:\/\/cialisonlineshop.de\/wp-content\/uploads\/2026\/01\/Sildenafil-Testpaket-1536x1536.png",1536,1536,true],"2048x2048":["https:\/\/cialisonlineshop.de\/wp-content\/uploads\/2026\/01\/Sildenafil-Testpaket.png",1600,1600,false],"trp-custom-language-flag":["https:\/\/cialisonlineshop.de\/wp-content\/uploads\/2026\/01\/Sildenafil-Testpaket.png",12,12,false],"woocommerce_thumbnail":["https:\/\/cialisonlineshop.de\/wp-content\/uploads\/2026\/01\/Sildenafil-Testpaket-300x300.png",300,300,true],"woocommerce_single":["https:\/\/cialisonlineshop.de\/wp-content\/uploads\/2026\/01\/Sildenafil-Testpaket-600x600.png",600,600,true],"woocommerce_gallery_thumbnail":["https:\/\/cialisonlineshop.de\/wp-content\/uploads\/2026\/01\/Sildenafil-Testpaket-100x100.png",100,100,true]},"uagb_author_info":{"display_name":"Stefan T\u00f6njes","author_link":"https:\/\/cialisonlineshop.de\/fr\/author\/"},"uagb_comment_info":0,"uagb_excerpt":"Entdecken Sie das Sildenafil Testpaket f\u00fcr ED: Eine Auswahl der besten Produkte zur Behandlung der erektilen Dysfunktion. Proben von Sildenafil Produkten zu g\u00fcnstigen Preisen! Produktcode: 87971766107-10 Kategorie: Testpakete Verf\u00fcgbarkeit: Auf Lager - sofort Lie\u00adfer\u00adbar","jetpack_sharing_enabled":true,"_links":{"self":[{"href":"https:\/\/cialisonlineshop.de\/fr\/wp-json\/wp\/v2\/product\/1952","targetHints":{"allow":["GET"]}}],"collection":[{"href":"https:\/\/cialisonlineshop.de\/fr\/wp-json\/wp\/v2\/product"}],"about":[{"href":"https:\/\/cialisonlineshop.de\/fr\/wp-json\/wp\/v2\/types\/product"}],"replies":[{"embeddable":true,"href":"https:\/\/cialisonlineshop.de\/fr\/wp-json\/wp\/v2\/comments?post=1952"}],"wp:featuredmedia":[{"embeddable":true,"href":"https:\/\/cialisonlineshop.de\/fr\/wp-json\/wp\/v2\/media\/1974"}],"wp:attachment":[{"href":"https:\/\/cialisonlineshop.de\/fr\/wp-json\/wp\/v2\/media?parent=1952"}],"wp:term":[{"taxonomy":"product_brand","embeddable":true,"href":"https:\/\/cialisonlineshop.de\/fr\/wp-json\/wp\/v2\/product_brand?post=1952"},{"taxonomy":"product_cat","embeddable":true,"href":"https:\/\/cialisonlineshop.de\/fr\/wp-json\/wp\/v2\/product_cat?post=1952"},{"taxonomy":"product_tag","embeddable":true,"href":"https:\/\/cialisonlineshop.de\/fr\/wp-json\/wp\/v2\/product_tag?post=1952"}],"curies":[{"name":"wp","href":"https:\/\/api.w.org\/{rel}","templated":true}]}}