{"id":1937,"date":"2026-01-14T10:15:33","date_gmt":"2026-01-14T10:15:33","guid":{"rendered":"https:\/\/cialisonlineshop.de\/?post_type=product&#038;p=1937"},"modified":"2026-01-14T10:15:45","modified_gmt":"2026-01-14T10:15:45","slug":"kamagra-brausetabletten-100-mg","status":"publish","type":"product","link":"https:\/\/cialisonlineshop.de\/fr\/product\/kamagra-brausetabletten-100-mg\/","title":{"rendered":"Kamagra Brausetabletten 100 mg"},"content":{"rendered":"<h1>Kamagra Brausetabletten 100 mg<\/h1>\n<p>Brausetabletten von Kamagra stellen einen 100%igen Ersatz zu\u00a0<strong>Viagra<\/strong>\u00a0dar. Hierbei handelt es sich um ein Generikum, welches in Form von Brausetabletten zugef\u00fchrt wird. Jede Brausetablette weist 100mg\u00a0<strong>Sildenafil<\/strong>\u00a0auf. Die Brausetabletten mit Orangengeschmack werden in Wasser aufgel\u00f6st und getrunken. Hierdurch tritt die Wirkung besonders rasch ein.\u00a0<strong>Kamagra Brausetabletten<\/strong>\u00a0helfen erfolgreich beim Kampf gegen erektile Dysfunktion und sorgen f\u00fcr qualitativen und langanhaltenden Geschlechtsverkehr. Rund 20 bis 30 Minuten vor der Geschlechtsverkehr sollten die Kamagra Brausetabletten bereits eingenommen werden. Die Wirkung h\u00e4lt rund 4 bis 6 Stunden an. Damit die Wirkung einsetzen kann, muss allerdings eine sexuelle Stimulation gegeben sein, weswegen es sich empfiehlt Kamagra 100 Brausetabletten bereits beim Vorspiel einzunehmen. Vor allem durch den angenehmen Geschmack von Orangen und die einfache Einnahme sind Kamagra Brausetabletten sehr beliebt geworden.<\/p>\n<h2>Grundinformationen zu Kamagra Effervescent 100 mg<\/h2>\n<p><strong>Kamagra Effervescent 100 mg<\/strong>\u00a0sind eine beliebte Variante von\u00a0Kamagra Original. Sie sind f\u00fcr M\u00e4nner mit erektiler Dysfunktion gedacht, die nach einer Alternative zu herk\u00f6mmlichen\u00a0Sildenafil-Tabletten\u00a0suchen. Die Brausetabletten werden einfach in einem Glas Wasser aufgel\u00f6st und ergeben ein fruchtiges Getr\u00e4nk.<\/p>\n<p>Ob Sie sich f\u00fcr Kamagra Brausetabletten,\u00a0Kamagra Oral Jelly, das klassische Kamagra oder die verbesserte Version Kamagra Gold entscheiden, Sie sind bei allen diesen Produkten an der richtigen Adresse. Diese Produkte, auch als\u00a0Viagra Generika\u00a0bekannt, konkurrieren direkt mit Viagra in Bezug auf den Wirkstoff (100 mg Sildenafil) und die Wirkung. Der Vorteil liegt in einem wesentlich g\u00fcnstigeren Preis.<\/p>\n<p>Die Tabletten werden unter Verwendung modernster Technologie in den Laboren des indischen Pharmaunternehmens\u00a0<a href=\"https:\/\/www.ajantapharma.com\/\">Ajanta Pharma Limited<\/a>\u00a0hergestellt, was maximale Wirkung und Qualit\u00e4t garantiert, vergleichbar mit dem Originalprodukt Viagra.<\/p>\n<h2>Wirkstoff<\/h2>\n<p>Der Wirkstoff Sildenafil Citrat (weitere Informationen finden Sie im Artikel\u00a0<a href=\"https:\/\/www.kamagra-premium.net\/blog\/sildenafil\/\">Sildenafil<\/a>) unterst\u00fctzt die Durchblutung des Penis positiv und erm\u00f6glicht eine starke, langanhaltende Erektion. Der Geschlechtsverkehr wird zufriedenstellend und erfolgreich.<\/p>\n<h2>Dosierung und Anwendung<\/h2>\n<p>Die \u00fcbliche Einzeldosis betr\u00e4gt zu Beginn 50 mg. Je nach Bedarf und Vertr\u00e4glichkeit kann die Einzeldosis auf 25 mg reduziert oder auf maximal 100 mg einmal t\u00e4glich erh\u00f6ht werden.\u00a0<strong>\u00dcberschreiten Sie niemals die maximale Tagesdosis von 100 mg.<\/strong><\/p>\n<p>Die Wirkung tritt jedoch\u00a0<strong>nur bei sexueller Stimulation<\/strong>\u00a0ein, da Kamagra kein Aphrodisiakum ist. Es wird empfohlen, Kamagra Brausetabletten 100 mg 30-60 Minuten vor dem Geschlechtsverkehr einzunehmen. Die Wirkung h\u00e4lt zwischen 4 und 6 Stunden an.<\/p>\n<p>Das Pr\u00e4parat kann vor oder nach den Mahlzeiten eingenommen werden. Beachten Sie jedoch, dass Alkohol, fettreiche Speisen, Grapefruit und Grapefruitsaft die Wirkung von Kamagra Brausetabletten negativ beeinflussen k\u00f6nnen.<\/p>\n<h2>Kontraindikationen<\/h2>\n<p>Kamagra Brausetabletten d\u00fcrfen nicht eingenommen werden, wenn:<\/p>\n<ul>\n<li><strong>Sie allergisch gegen Sildenafil<\/strong>\u00a0oder andere Wirkstoffe sind.<\/li>\n<li>Sie k\u00fcrzlich einen\u00a0<strong>Herzinfarkt oder Schlaganfall<\/strong>\u00a0erlitten haben oder unter anderen Herzkrankheiten wie niedrigem oder hohem Blutdruck leiden.<\/li>\n<li>Sie\u00a0<strong>Nitrate einnehmen<\/strong>\u00a0(z. B. Nitroglycerin, Isosorbid-Dinitrat), Medikamente, die Stickstoffmonoxid freisetzen (z. B. Isoamyl-Nitrit).<\/li>\n<li>Sie Medikamente gegen Angina Pectoris einnehmen (z. B. Nitrate oder Stickstoffmonoxid).<\/li>\n<li>Sie an anderen schweren Herzkrankheiten oder Leberst\u00f6rungen leiden.<\/li>\n<li>Sie an einer seltenen Netzhauterkrankung leiden (z. B. Retinitis pigmentosa) oder Sehverlust durch NAION haben.<\/li>\n<li>Sie\u00a0<strong>Riociguat einnehmen<\/strong>\u00a0(zur Behandlung der pulmonalen arteriellen Hypertonie und chronischen Lungenhochdruck).<\/li>\n<li>Sie bereits ein anderes Potenzmittel einnehmen.<\/li>\n<\/ul>\n<h3>Warnung<\/h3>\n<p>Informieren Sie Ihren Arzt, bevor Sie Sildenafil einnehmen, wenn Sie:<\/p>\n<ul>\n<li>Herzprobleme haben.<\/li>\n<li>An der Peyronie-Krankheit oder anderen Penisdeformationen leiden.<\/li>\n<li>Geschw\u00fcre oder Bluterkrankungen (z. B. H\u00e4mophilie) haben.<\/li>\n<li>An Zuckerunvertr\u00e4glichkeit (z. B. Laktose) leiden.<\/li>\n<li>An Sichelzellenan\u00e4mie, Leuk\u00e4mie oder multiplem Myelom leiden.<\/li>\n<li>Unter HIV leiden.<\/li>\n<\/ul>\n<p>Die Einnahme von Kamagra Brausetabletten in Kombination mit anderen Medikamenten sollte von Ihrem Arzt genehmigt werden, insbesondere wenn die Medikamente Erythromycin, Cimetidin, Ketoconazol oder Proteaseinhibitoren (Ritonavir, Saquinavir) enthalten.<\/p>\n<p>Wenn Sie Leber- oder Nierenprobleme haben, informieren Sie Ihren Arzt. Er wird entscheiden, ob die Dosierung angepasst werden muss. In diesem Fall betr\u00e4gt die \u00fcbliche Anfangsdosis 25 mg pro Tag.<\/p>\n<h2>M\u00f6gliche Nebenwirkungen<\/h2>\n<p>Wie bei jedem anderen Medikament k\u00f6nnen auch bei diesem Medikament mit Sildenafil Nebenwirkungen auftreten. In der Regel handelt es sich um\u00a0<strong>milde Beschwerden, die nicht lange anhalten<\/strong>. Dazu geh\u00f6ren vor allem Kopfschmerzen, R\u00f6tungen im Gesicht, Unwohlsein, Magen-Darm-Beschwerden, Hitzewallungen, Sehst\u00f6rungen (verschwommenes oder sogenanntes blaues Sehen), verstopfte Nase oder Schwindelgef\u00fchle.<\/p>\n<h3>Wichtiger Hinweis<\/h3>\n<p>Wenn Sie nach der Einnahme des Arzneimittels eine starke Verschlechterung des Sehverm\u00f6gens oder des H\u00f6rverm\u00f6gens feststellen, Blut im Urin bemerken oder dieser tr\u00fcb wird oder wenn Sie eine\u00a0<strong>Erektion l\u00e4nger als 4 Stunden<\/strong>\u00a0haben, insbesondere ohne sexuelle Stimulation und schmerzhaft, sollten Sie sofort Ihren Arzt aufsuchen.<\/p>\n<p>Suchen Sie unverz\u00fcglich medizinische Hilfe bei allen\u00a0<strong>ungew\u00f6hnlichen Reaktionen<\/strong>\u00a0oder bei anhaltenden Nebenwirkungen. Konsultieren Sie Ihren Arzt auch, wenn Nebenwirkungen l\u00e4nger anhalten.<\/p>\n<h2>Lagerung<\/h2>\n<p>Lagern Sie bei Temperaturen bis 30\u00b0C. Bewahren Sie das Medikament in der Originalverpackung auf und sch\u00fctzen Sie es vor Feuchtigkeit. Halten Sie es au\u00dferhalb der Reichweite von Kindern.<\/p>","protected":false},"excerpt":{"rendered":"<p>Kamagra Brausetabletten 100 mg\u00a0sind andere beliebte Form von\u00a0original\u00a0Kamagra. Sie sind f\u00fcr M\u00e4nner mit erektilen Dysfunktion geeignet, die eine Alternative zur klassischen\u00a0Tabletten mit Sildenafil\u00a0suchen.<\/p>\n<table class=\"info\">\n<tbody>\n<tr>\n<td>Produktcode:<\/td>\n<td>725725537885<\/td>\n<\/tr>\n<tr>\n<td>Kategorie:<\/td>\n<td><a href=\"https:\/\/kamagrashop.online\/viagra-generika-sildenafil\/\">Viagra Generika (Sildenafil)<\/a><\/td>\n<\/tr>\n<tr>\n<td>Marke:<\/td>\n<td>Ajanta Pharma Ltd.<\/td>\n<\/tr>\n<tr>\n<td>Verf\u00fcgbarkeit:<\/td>\n<td>Auf Lager<\/td>\n<\/tr>\n<\/tbody>\n<\/table>","protected":false},"featured_media":1943,"comment_status":"open","ping_status":"closed","template":"","meta":{"_uag_custom_page_level_css":"","site-sidebar-layout":"","site-content-layout":"","ast-site-content-layout":"","site-content-style":"","site-sidebar-style":"","ast-global-header-display":"","ast-banner-title-visibility":"","ast-main-header-display":"","ast-hfb-above-header-display":"","ast-hfb-below-header-display":"","ast-hfb-mobile-header-display":"","site-post-title":"","ast-breadcrumbs-content":"","ast-featured-img":"","footer-sml-layout":"","ast-disable-related-posts":"","theme-transparent-header-meta":"","adv-header-id-meta":"","stick-header-meta":"","header-above-stick-meta":"","header-main-stick-meta":"","header-below-stick-meta":"","astra-migrate-meta-layouts":"","ast-page-background-enabled":"default","ast-page-background-meta":{"desktop":{"background-color":"","background-image":"","background-repeat":"repeat","background-position":"center center","background-size":"auto","background-attachment":"scroll","background-type":"","background-media":"","overlay-type":"","overlay-color":"","overlay-opacity":"","overlay-gradient":""},"tablet":{"background-color":"","background-image":"","background-repeat":"repeat","background-position":"center center","background-size":"auto","background-attachment":"scroll","background-type":"","background-media":"","overlay-type":"","overlay-color":"","overlay-opacity":"","overlay-gradient":""},"mobile":{"background-color":"","background-image":"","background-repeat":"repeat","background-position":"center center","background-size":"auto","background-attachment":"scroll","background-type":"","background-media":"","overlay-type":"","overlay-color":"","overlay-opacity":"","overlay-gradient":""}},"ast-content-background-meta":{"desktop":{"background-color":"var(--ast-global-color-5)","background-image":"","background-repeat":"repeat","background-position":"center center","background-size":"auto","background-attachment":"scroll","background-type":"","background-media":"","overlay-type":"","overlay-color":"","overlay-opacity":"","overlay-gradient":""},"tablet":{"background-color":"var(--ast-global-color-5)","background-image":"","background-repeat":"repeat","background-position":"center center","background-size":"auto","background-attachment":"scroll","background-type":"","background-media":"","overlay-type":"","overlay-color":"","overlay-opacity":"","overlay-gradient":""},"mobile":{"background-color":"var(--ast-global-color-5)","background-image":"","background-repeat":"repeat","background-position":"center center","background-size":"auto","background-attachment":"scroll","background-type":"","background-media":"","overlay-type":"","overlay-color":"","overlay-opacity":"","overlay-gradient":""}},"episode_type":"","audio_file":"","cover_image":"","cover_image_id":"","duration":"","filesize":"","filesize_raw":"","date_recorded":"","explicit":"","block":"","itunes_episode_number":"","itunes_title":"","itunes_season_number":"","itunes_episode_type":""},"product_brand":[],"product_cat":[24],"product_tag":[],"class_list":{"0":"post-1937","1":"product","2":"type-product","3":"status-publish","4":"has-post-thumbnail","6":"product_cat-viagra-generika-sildenafil","7":"desktop-align-left","8":"tablet-align-left","9":"mobile-align-left","11":"first","12":"instock","13":"shipping-taxable","14":"purchasable","15":"product-type-variable"},"yoast_head":"<!-- This site is optimized with the Yoast SEO plugin v27.0 - https:\/\/yoast.com\/product\/yoast-seo-wordpress\/ -->\n<title>Kamagra Brausetabletten 100 mg -<\/title>\n<meta name=\"robots\" content=\"index, follow, max-snippet:-1, max-image-preview:large, max-video-preview:-1\" \/>\n<link rel=\"canonical\" href=\"https:\/\/cialisonlineshop.de\/fr\/product\/kamagra-brausetabletten-100-mg\/\" \/>\n<meta property=\"og:locale\" content=\"fr_FR\" \/>\n<meta property=\"og:type\" content=\"article\" \/>\n<meta property=\"og:title\" content=\"Kamagra Brausetabletten 100 mg -\" \/>\n<meta property=\"og:description\" content=\"Kamagra Brausetabletten 100 mg\u00a0sind andere beliebte Form von\u00a0original\u00a0Kamagra. Sie sind f\u00fcr M\u00e4nner mit erektilen Dysfunktion geeignet, die eine Alternative zur klassischen\u00a0Tabletten mit Sildenafil\u00a0suchen.    Produktcode: 725725537885   Kategorie: Viagra Generika (Sildenafil)   Marke: Ajanta Pharma Ltd.   Verf\u00fcgbarkeit: Auf Lager\" \/>\n<meta property=\"og:url\" content=\"https:\/\/cialisonlineshop.de\/fr\/product\/kamagra-brausetabletten-100-mg\/\" \/>\n<meta property=\"article:modified_time\" content=\"2026-01-14T10:15:45+00:00\" \/>\n<meta property=\"og:image\" content=\"https:\/\/cialisonlineshop.de\/wp-content\/uploads\/2026\/01\/Kamagra-Brausetabletten.jpeg\" \/>\n\t<meta property=\"og:image:width\" content=\"225\" \/>\n\t<meta property=\"og:image:height\" content=\"225\" \/>\n\t<meta property=\"og:image:type\" content=\"image\/jpeg\" \/>\n<meta name=\"twitter:card\" content=\"summary_large_image\" \/>\n<meta name=\"twitter:label1\" content=\"Dur\u00e9e de lecture estim\u00e9e\" \/>\n\t<meta name=\"twitter:data1\" content=\"4 minutes\" \/>\n<script type=\"application\/ld+json\" class=\"yoast-schema-graph\">{\"@context\":\"https:\/\/schema.org\",\"@graph\":[{\"@type\":\"WebPage\",\"@id\":\"https:\/\/cialisonlineshop.de\/product\/kamagra-brausetabletten-100-mg\/\",\"url\":\"https:\/\/cialisonlineshop.de\/product\/kamagra-brausetabletten-100-mg\/\",\"name\":\"Kamagra Brausetabletten 100 mg -\",\"isPartOf\":{\"@id\":\"https:\/\/cialisonlineshop.de\/#website\"},\"primaryImageOfPage\":{\"@id\":\"https:\/\/cialisonlineshop.de\/product\/kamagra-brausetabletten-100-mg\/#primaryimage\"},\"image\":{\"@id\":\"https:\/\/cialisonlineshop.de\/product\/kamagra-brausetabletten-100-mg\/#primaryimage\"},\"thumbnailUrl\":\"https:\/\/cialisonlineshop.de\/wp-content\/uploads\/2026\/01\/Kamagra-Brausetabletten.jpeg\",\"datePublished\":\"2026-01-14T10:15:33+00:00\",\"dateModified\":\"2026-01-14T10:15:45+00:00\",\"breadcrumb\":{\"@id\":\"https:\/\/cialisonlineshop.de\/product\/kamagra-brausetabletten-100-mg\/#breadcrumb\"},\"inLanguage\":\"fr-FR\",\"potentialAction\":[{\"@type\":\"ReadAction\",\"target\":[\"https:\/\/cialisonlineshop.de\/product\/kamagra-brausetabletten-100-mg\/\"]}]},{\"@type\":\"ImageObject\",\"inLanguage\":\"fr-FR\",\"@id\":\"https:\/\/cialisonlineshop.de\/product\/kamagra-brausetabletten-100-mg\/#primaryimage\",\"url\":\"https:\/\/cialisonlineshop.de\/wp-content\/uploads\/2026\/01\/Kamagra-Brausetabletten.jpeg\",\"contentUrl\":\"https:\/\/cialisonlineshop.de\/wp-content\/uploads\/2026\/01\/Kamagra-Brausetabletten.jpeg\",\"width\":225,\"height\":225,\"caption\":\"import placeholder for 5564\"},{\"@type\":\"BreadcrumbList\",\"@id\":\"https:\/\/cialisonlineshop.de\/product\/kamagra-brausetabletten-100-mg\/#breadcrumb\",\"itemListElement\":[{\"@type\":\"ListItem\",\"position\":1,\"name\":\"Home\",\"item\":\"https:\/\/cialisonlineshop.de\/\"},{\"@type\":\"ListItem\",\"position\":2,\"name\":\"Shop\",\"item\":\"https:\/\/cialisonlineshop.de\/shop\/\"},{\"@type\":\"ListItem\",\"position\":3,\"name\":\"Kamagra Brausetabletten 100 mg\"}]},{\"@type\":\"WebSite\",\"@id\":\"https:\/\/cialisonlineshop.de\/#website\",\"url\":\"https:\/\/cialisonlineshop.de\/\",\"name\":\"Cialisonlineshop\",\"description\":\"\",\"publisher\":{\"@id\":\"https:\/\/cialisonlineshop.de\/#organization\"},\"potentialAction\":[{\"@type\":\"SearchAction\",\"target\":{\"@type\":\"EntryPoint\",\"urlTemplate\":\"https:\/\/cialisonlineshop.de\/?s={search_term_string}\"},\"query-input\":{\"@type\":\"PropertyValueSpecification\",\"valueRequired\":true,\"valueName\":\"search_term_string\"}}],\"inLanguage\":\"fr-FR\"},{\"@type\":\"Organization\",\"@id\":\"https:\/\/cialisonlineshop.de\/#organization\",\"name\":\"Cialisonlineshop\",\"url\":\"https:\/\/cialisonlineshop.de\/\",\"logo\":{\"@type\":\"ImageObject\",\"inLanguage\":\"fr-FR\",\"@id\":\"https:\/\/cialisonlineshop.de\/#\/schema\/logo\/image\/\",\"url\":\"https:\/\/cialisonlineshop.de\/wp-content\/uploads\/2026\/01\/Logo_maker_project__6_-removebg-preview-1.png\",\"contentUrl\":\"https:\/\/cialisonlineshop.de\/wp-content\/uploads\/2026\/01\/Logo_maker_project__6_-removebg-preview-1.png\",\"width\":432,\"height\":88,\"caption\":\"Cialisonlineshop\"},\"image\":{\"@id\":\"https:\/\/cialisonlineshop.de\/#\/schema\/logo\/image\/\"}}]}<\/script>\n<!-- \/ Yoast SEO plugin. -->","yoast_head_json":{"title":"Kamagra Brausetabletten 100 mg -","robots":{"index":"index","follow":"follow","max-snippet":"max-snippet:-1","max-image-preview":"max-image-preview:large","max-video-preview":"max-video-preview:-1"},"canonical":"https:\/\/cialisonlineshop.de\/fr\/product\/kamagra-brausetabletten-100-mg\/","og_locale":"fr_FR","og_type":"article","og_title":"Kamagra Brausetabletten 100 mg -","og_description":"Kamagra Brausetabletten 100 mg\u00a0sind andere beliebte Form von\u00a0original\u00a0Kamagra. Sie sind f\u00fcr M\u00e4nner mit erektilen Dysfunktion geeignet, die eine Alternative zur klassischen\u00a0Tabletten mit Sildenafil\u00a0suchen.    Produktcode: 725725537885   Kategorie: Viagra Generika (Sildenafil)   Marke: Ajanta Pharma Ltd.   Verf\u00fcgbarkeit: Auf Lager","og_url":"https:\/\/cialisonlineshop.de\/fr\/product\/kamagra-brausetabletten-100-mg\/","article_modified_time":"2026-01-14T10:15:45+00:00","og_image":[{"width":225,"height":225,"url":"https:\/\/cialisonlineshop.de\/wp-content\/uploads\/2026\/01\/Kamagra-Brausetabletten.jpeg","type":"image\/jpeg"}],"twitter_card":"summary_large_image","twitter_misc":{"Dur\u00e9e de lecture estim\u00e9e":"4 minutes"},"schema":{"@context":"https:\/\/schema.org","@graph":[{"@type":"WebPage","@id":"https:\/\/cialisonlineshop.de\/product\/kamagra-brausetabletten-100-mg\/","url":"https:\/\/cialisonlineshop.de\/product\/kamagra-brausetabletten-100-mg\/","name":"Kamagra Brausetabletten 100 mg -","isPartOf":{"@id":"https:\/\/cialisonlineshop.de\/#website"},"primaryImageOfPage":{"@id":"https:\/\/cialisonlineshop.de\/product\/kamagra-brausetabletten-100-mg\/#primaryimage"},"image":{"@id":"https:\/\/cialisonlineshop.de\/product\/kamagra-brausetabletten-100-mg\/#primaryimage"},"thumbnailUrl":"https:\/\/cialisonlineshop.de\/wp-content\/uploads\/2026\/01\/Kamagra-Brausetabletten.jpeg","datePublished":"2026-01-14T10:15:33+00:00","dateModified":"2026-01-14T10:15:45+00:00","breadcrumb":{"@id":"https:\/\/cialisonlineshop.de\/product\/kamagra-brausetabletten-100-mg\/#breadcrumb"},"inLanguage":"fr-FR","potentialAction":[{"@type":"ReadAction","target":["https:\/\/cialisonlineshop.de\/product\/kamagra-brausetabletten-100-mg\/"]}]},{"@type":"ImageObject","inLanguage":"fr-FR","@id":"https:\/\/cialisonlineshop.de\/product\/kamagra-brausetabletten-100-mg\/#primaryimage","url":"https:\/\/cialisonlineshop.de\/wp-content\/uploads\/2026\/01\/Kamagra-Brausetabletten.jpeg","contentUrl":"https:\/\/cialisonlineshop.de\/wp-content\/uploads\/2026\/01\/Kamagra-Brausetabletten.jpeg","width":225,"height":225,"caption":"import placeholder for 5564"},{"@type":"BreadcrumbList","@id":"https:\/\/cialisonlineshop.de\/product\/kamagra-brausetabletten-100-mg\/#breadcrumb","itemListElement":[{"@type":"ListItem","position":1,"name":"Home","item":"https:\/\/cialisonlineshop.de\/"},{"@type":"ListItem","position":2,"name":"Shop","item":"https:\/\/cialisonlineshop.de\/shop\/"},{"@type":"ListItem","position":3,"name":"Kamagra Brausetabletten 100 mg"}]},{"@type":"WebSite","@id":"https:\/\/cialisonlineshop.de\/#website","url":"https:\/\/cialisonlineshop.de\/","name":"Cialisonlineshop","description":"","publisher":{"@id":"https:\/\/cialisonlineshop.de\/#organization"},"potentialAction":[{"@type":"SearchAction","target":{"@type":"EntryPoint","urlTemplate":"https:\/\/cialisonlineshop.de\/?s={search_term_string}"},"query-input":{"@type":"PropertyValueSpecification","valueRequired":true,"valueName":"search_term_string"}}],"inLanguage":"fr-FR"},{"@type":"Organization","@id":"https:\/\/cialisonlineshop.de\/#organization","name":"Cialisonlineshop","url":"https:\/\/cialisonlineshop.de\/","logo":{"@type":"ImageObject","inLanguage":"fr-FR","@id":"https:\/\/cialisonlineshop.de\/#\/schema\/logo\/image\/","url":"https:\/\/cialisonlineshop.de\/wp-content\/uploads\/2026\/01\/Logo_maker_project__6_-removebg-preview-1.png","contentUrl":"https:\/\/cialisonlineshop.de\/wp-content\/uploads\/2026\/01\/Logo_maker_project__6_-removebg-preview-1.png","width":432,"height":88,"caption":"Cialisonlineshop"},"image":{"@id":"https:\/\/cialisonlineshop.de\/#\/schema\/logo\/image\/"}}]}},"uagb_featured_image_src":{"full":["https:\/\/cialisonlineshop.de\/wp-content\/uploads\/2026\/01\/Kamagra-Brausetabletten.jpeg",225,225,false],"thumbnail":["https:\/\/cialisonlineshop.de\/wp-content\/uploads\/2026\/01\/Kamagra-Brausetabletten-150x150.jpeg",150,150,true],"medium":["https:\/\/cialisonlineshop.de\/wp-content\/uploads\/2026\/01\/Kamagra-Brausetabletten.jpeg",225,225,false],"medium_large":["https:\/\/cialisonlineshop.de\/wp-content\/uploads\/2026\/01\/Kamagra-Brausetabletten.jpeg",225,225,false],"large":["https:\/\/cialisonlineshop.de\/wp-content\/uploads\/2026\/01\/Kamagra-Brausetabletten.jpeg",225,225,false],"1536x1536":["https:\/\/cialisonlineshop.de\/wp-content\/uploads\/2026\/01\/Kamagra-Brausetabletten.jpeg",225,225,false],"2048x2048":["https:\/\/cialisonlineshop.de\/wp-content\/uploads\/2026\/01\/Kamagra-Brausetabletten.jpeg",225,225,false],"trp-custom-language-flag":["https:\/\/cialisonlineshop.de\/wp-content\/uploads\/2026\/01\/Kamagra-Brausetabletten.jpeg",12,12,false],"woocommerce_thumbnail":["https:\/\/cialisonlineshop.de\/wp-content\/uploads\/2026\/01\/Kamagra-Brausetabletten.jpeg",225,225,false],"woocommerce_single":["https:\/\/cialisonlineshop.de\/wp-content\/uploads\/2026\/01\/Kamagra-Brausetabletten.jpeg",225,225,false],"woocommerce_gallery_thumbnail":["https:\/\/cialisonlineshop.de\/wp-content\/uploads\/2026\/01\/Kamagra-Brausetabletten-100x100.jpeg",100,100,true]},"uagb_author_info":{"display_name":"Stefan T\u00f6njes","author_link":"https:\/\/cialisonlineshop.de\/fr\/author\/"},"uagb_comment_info":0,"uagb_excerpt":"Kamagra Brausetabletten 100 mg\u00a0sind andere beliebte Form von\u00a0original\u00a0Kamagra. Sie sind f\u00fcr M\u00e4nner mit erektilen Dysfunktion geeignet, die eine Alternative zur klassischen\u00a0Tabletten mit Sildenafil\u00a0suchen. Produktcode: 725725537885 Kategorie: Viagra Generika (Sildenafil) Marke: Ajanta Pharma Ltd. Verf\u00fcgbarkeit: Auf Lager","jetpack_sharing_enabled":true,"_links":{"self":[{"href":"https:\/\/cialisonlineshop.de\/fr\/wp-json\/wp\/v2\/product\/1937","targetHints":{"allow":["GET"]}}],"collection":[{"href":"https:\/\/cialisonlineshop.de\/fr\/wp-json\/wp\/v2\/product"}],"about":[{"href":"https:\/\/cialisonlineshop.de\/fr\/wp-json\/wp\/v2\/types\/product"}],"replies":[{"embeddable":true,"href":"https:\/\/cialisonlineshop.de\/fr\/wp-json\/wp\/v2\/comments?post=1937"}],"wp:featuredmedia":[{"embeddable":true,"href":"https:\/\/cialisonlineshop.de\/fr\/wp-json\/wp\/v2\/media\/1943"}],"wp:attachment":[{"href":"https:\/\/cialisonlineshop.de\/fr\/wp-json\/wp\/v2\/media?parent=1937"}],"wp:term":[{"taxonomy":"product_brand","embeddable":true,"href":"https:\/\/cialisonlineshop.de\/fr\/wp-json\/wp\/v2\/product_brand?post=1937"},{"taxonomy":"product_cat","embeddable":true,"href":"https:\/\/cialisonlineshop.de\/fr\/wp-json\/wp\/v2\/product_cat?post=1937"},{"taxonomy":"product_tag","embeddable":true,"href":"https:\/\/cialisonlineshop.de\/fr\/wp-json\/wp\/v2\/product_tag?post=1937"}],"curies":[{"name":"wp","href":"https:\/\/api.w.org\/{rel}","templated":true}]}}