{"id":1925,"date":"2026-01-14T10:15:32","date_gmt":"2026-01-14T10:15:32","guid":{"rendered":"https:\/\/cialisonlineshop.de\/?post_type=product&#038;p=1925"},"modified":"2026-01-14T10:15:35","modified_gmt":"2026-01-14T10:15:35","slug":"cenforce-soft-100-mg","status":"publish","type":"product","link":"https:\/\/cialisonlineshop.de\/fr\/product\/cenforce-soft-100-mg\/","title":{"rendered":"Cenforce Soft 100 mg"},"content":{"rendered":"<h2>Grundinformationen zu Cenforce Soft<\/h2>\n<p>Cenforce Soft 100 mg von einer gepr\u00fcften Pharmagesellschaft\u00a0Centurion Laboratories\u00a0enth\u00e4lt 10 Kautabletten mit einem angenehmen Geschmack, mit 100 mg vom\u00a0<strong>Wirkstoff Sildenafil citrate.<\/strong>\u00a0Genau wie klassische\u00a0Tabletten mit Sildenafil\u00a0ist Cenforce Soft ein Viagra Generikum und ein gro\u00dfartiger Helfer bei\u00a0Problemen mit Erektion.<\/p>\n<p>Der Hauptvorteil von Cenforce Soft ist eine einfache und diskrete Anwendung bei Bedarf. Diese Kautabletten l\u00f6sen sich im Mund auf und m\u00fcssen nicht mit Wasser hinuntergesp\u00fclt werden. Der Wirkungseintritt ist k\u00fcrzer als bei klassischen Tabletten (15 bis 30 Minuten).<\/p>\n<h2>Wirkstoff<\/h2>\n<p>Der Wirkstoff Sildenafil citrate (mehr Informationen im Artikel\u00a0Sildenafil) unterst\u00fctzt positiv die Durchblutung des Penis und hilft eine starke, gute und langanhaltende Erektion zu erreichen. Der Geschlechtsakt wird befriedigend und erfolgreich sein.<\/p>\n<h2>Dosierung und Gebrauchsweise<\/h2>\n<p>Die \u00fcbliche Einzeldosis betr\u00e4gt zu Beginn 50 mg. Je nach Bedarf und Vertr\u00e4glichkeit kann die Einzeldosis auf 25 mg erniedrigt oder auf maximal 100 mg einmal t\u00e4glich erh\u00f6ht werden.\u00a0<strong>\u00dcberschreiten Sie nicht die maximale Tagesdosis von 100 mg.<\/strong><\/p>\n<p>Es wird empfohlen, Cenforce Soft 15-30 Minuten vor dem Geschlechtsverkehr zu schlucken. Die Wirkung zeigt sich zwischen\u00a0<strong>4 und 6 Stunden.<\/strong>\u00a0Die Wirkung stellt sich allerdings<strong>\u00a0erst bei sexueller Stimulation ein<\/strong>, da Cenforce Soft kein Aphrodisiakum ist.<\/p>\n<p>Das Pr\u00e4parat darf vor oder nach dem Essen eingenommen werden. Alkohol, fettreiche Speisen, Grapefruit und Grapefruitsaft k\u00f6nnen die Wirkung von Cenforce Soft 100 mg allerdings negativ beeinflussen. Warum? Das erfahren Sie im Artikel\u00a0Medikamente gegen erektile Dysfunktion in Fragen und Antworten.<\/p>\n<h2>Kontraindikationen<\/h2>\n<p>Cenforce Soft 100 mg darf<strong>\u00a0nicht eingenommen werden wenn:<\/strong><\/p>\n<ul>\n<li><strong>man auf Sildenafil\u00a0<\/strong>oder auf andere Wirkstoffe\u00a0<strong>allergisch ist<\/strong><\/li>\n<li>man vor kurzem\u00a0<strong>Herzinfarkt oder Schlaganfall\u00a0<\/strong>durchgemacht hat, oder an andere Herzerkrankungen wie\u00a0<strong>niedriger Blutdruck oder Bluthochdruck<\/strong>\u00a0leidet<\/li>\n<li><strong>man die Nitrate einnimmt<\/strong>\u00a0(zum Beispiel Nitroglycerin, Isosorbiddinitrat), Medikamente, die Stickstoffmonoxid l\u00f6sen (z.B. Isoamylnitrit)<\/li>\n<li>man Medikamente gegen Angina Pectoris einnimmt (z.B. Nitraten oder Stickoxid)<\/li>\n<li><strong>man an andere seri\u00f6se Herzerkrankung oder Leberst\u00f6rung leidet<\/strong><\/li>\n<li>man an seltener Netzhautst\u00f6rung leidet (z.B. retinitis pigmentosa) oder man die Sehkraft durch NAION verloren hat<\/li>\n<li><strong>man Riociguat einnimmt<\/strong>\u00a0(zur Heilung der arteriellen Lungenhypertonie und chronischer Lungen Hypertension)<\/li>\n<li><strong>man schon ein anderes Erektionsmittel einnimmt<\/strong><\/li>\n<\/ul>\n<h3>Warnung<\/h3>\n<p><strong>Informieren Sie Ihren Arzt,<\/strong>\u00a0bevor Sie den Wirkstoff Sildenafil einnehmen, im Falle Sie an:<\/p>\n<ul>\n<li>Herzprobleme<\/li>\n<li>Peyronie Erkrankung oder andere Penisdeformationen<\/li>\n<li>Geschw\u00fcr Erkrankung oder Bluterkrankheit (z.B.H\u00e4mophilie)<\/li>\n<li>Zucker Intoleranz (z.B. Laktose)<\/li>\n<li>Sichelzellkrankheit, Leuk\u00e4mie oder mehrfachen Myelom<\/li>\n<li>HIV leiden (besonders wenn mit Proteaseinhibitoren behandelt)<\/li>\n<\/ul>\n<p>Die Einnahme von Cenforce Soft 100 mg mit anderen Medikamenten soll Ihr Arzt genehmigen, besonders wenn die Medikamente\u00a0 Erythromycin, Cimetidin, Ketoconazol oder Proteaseinhibitoren (Ritonavir, Saquinavir) enthalten.<\/p>\n<p>Falls Sie an\u00a0<strong>Nieren- oder Leberst\u00f6rung\u00a0<\/strong>leiden, informieren Sie Ihren Arzt. Der wird Ihre Dosierung anpassen. Meistens f\u00e4ngt man mit 25 mg t\u00e4glich an.<\/p>\n<h2>M\u00f6gliche Nebenwirkungen<\/h2>\n<p>Wie bei jedem anderen Medikament k\u00f6nnen sich auch bei diesem Arzneimittel mit Sildenafil\u00a0 Nebenwirkungen zeigen. Meistens geht es um\u00a0<strong>milde oder moderate Schwierigkeiten, die nicht lange dauern.<\/strong>\u00a0In erster Linie sind es vor allem Kopfschmerzen, Unwohlsein, Gesichtsr\u00f6tung, Verdauungsprobleme, Hitzewallung, Sehst\u00f6rungen (verschwommenes oder sgn. blaues Sehen), verstopfte Nase oder Schwindelgef\u00fchle.<\/p>\n<h3>Wichtiger Hinweis<\/h3>\n<p>Falls bei Ihnen nach der Einnahme des Mittels zu einer starken Verschlechterung der Sehkraft oder des Geh\u00f6rs kommt, Sie Blut im Urin finden oder er tr\u00fcb wird oder falls Sie eine\u00a0<strong>Erektion l\u00e4nger als 4 Stunden haben<\/strong>, besonders ohne sexuelle Anregung und\u00a0<strong>schmerzhaft<\/strong>,\u00a0<strong>suchen Sie unverz\u00fcglich Ihren Arzt auf.<\/strong><\/p>\n<p>Medizinische Hilfe suchen Sie unverz\u00fcglich bei allen\u00a0<strong>ungew\u00f6hnlichen Reaktionen\u00a0<\/strong>oder bei starken Verschlechterung Ihres Zustandes nach der Einnahme des Mittels. Besuchen Sie den Arzt auch wenn die Nebenwirkungen von l\u00e4ngerer Dauer sind.<\/p>\n<h2>Lagerung<\/h2>\n<p>Lagern Sie bei Temperaturen bis 30\u00b0C. Behalten Sie in der Originalpackung. Sch\u00fctzen Sie vor Feuchtigkeit. Au\u00dfer Reichweite und Sicht von Kindern aufbewahren.<\/p>","protected":false},"excerpt":{"rendered":"<p>Cenforce Soft 100 mg von einer gepr\u00fcften Pharmagesellschaft Centurion Laboratories enth\u00e4lt 10 Kautabletten mit einem angenehmen Geschmack, mit 100 mg vom Wirkstoff Sildenafil citrate.<\/p>\n<table class=\"info\">\n<tbody>\n<tr>\n<td>Produktcode:<\/td>\n<td>87971766127<\/td>\n<\/tr>\n<tr>\n<td>Kategorie:<\/td>\n<td>Viagra Generika (Sildenafil)<\/td>\n<\/tr>\n<tr>\n<td>Marke:<\/td>\n<td>Centurion Laboratories Pvt. Ltd.<\/td>\n<\/tr>\n<tr>\n<td>Verf\u00fcgbarkeit:<\/td>\n<td>Auf Lager<\/td>\n<\/tr>\n<\/tbody>\n<\/table>","protected":false},"featured_media":1942,"comment_status":"open","ping_status":"closed","template":"","meta":{"_uag_custom_page_level_css":"","site-sidebar-layout":"default","site-content-layout":"","ast-site-content-layout":"default","site-content-style":"default","site-sidebar-style":"default","ast-global-header-display":"","ast-banner-title-visibility":"","ast-main-header-display":"","ast-hfb-above-header-display":"","ast-hfb-below-header-display":"","ast-hfb-mobile-header-display":"","site-post-title":"","ast-breadcrumbs-content":"","ast-featured-img":"","footer-sml-layout":"","ast-disable-related-posts":"","theme-transparent-header-meta":"default","adv-header-id-meta":"","stick-header-meta":"","header-above-stick-meta":"","header-main-stick-meta":"","header-below-stick-meta":"","astra-migrate-meta-layouts":"set","ast-page-background-enabled":"default","ast-page-background-meta":{"desktop":{"background-color":"","background-image":"","background-repeat":"repeat","background-position":"center center","background-size":"auto","background-attachment":"scroll","background-type":"","background-media":"","overlay-type":"","overlay-color":"","overlay-opacity":"","overlay-gradient":""},"tablet":{"background-color":"","background-image":"","background-repeat":"repeat","background-position":"center center","background-size":"auto","background-attachment":"scroll","background-type":"","background-media":"","overlay-type":"","overlay-color":"","overlay-opacity":"","overlay-gradient":""},"mobile":{"background-color":"","background-image":"","background-repeat":"repeat","background-position":"center center","background-size":"auto","background-attachment":"scroll","background-type":"","background-media":"","overlay-type":"","overlay-color":"","overlay-opacity":"","overlay-gradient":""}},"ast-content-background-meta":{"desktop":{"background-color":"var(--ast-global-color-5)","background-image":"","background-repeat":"repeat","background-position":"center center","background-size":"auto","background-attachment":"scroll","background-type":"","background-media":"","overlay-type":"","overlay-color":"","overlay-opacity":"","overlay-gradient":""},"tablet":{"background-color":"var(--ast-global-color-5)","background-image":"","background-repeat":"repeat","background-position":"center center","background-size":"auto","background-attachment":"scroll","background-type":"","background-media":"","overlay-type":"","overlay-color":"","overlay-opacity":"","overlay-gradient":""},"mobile":{"background-color":"var(--ast-global-color-5)","background-image":"","background-repeat":"repeat","background-position":"center center","background-size":"auto","background-attachment":"scroll","background-type":"","background-media":"","overlay-type":"","overlay-color":"","overlay-opacity":"","overlay-gradient":""}},"episode_type":"","audio_file":"","cover_image":"","cover_image_id":"","duration":"","filesize":"","filesize_raw":"","date_recorded":"","explicit":"","block":"","itunes_episode_number":"","itunes_title":"","itunes_season_number":"","itunes_episode_type":""},"product_brand":[],"product_cat":[24],"product_tag":[],"class_list":{"0":"post-1925","1":"product","2":"type-product","3":"status-publish","4":"has-post-thumbnail","6":"product_cat-viagra-generika-sildenafil","7":"desktop-align-left","8":"tablet-align-left","9":"mobile-align-left","11":"first","12":"instock","13":"shipping-taxable","14":"purchasable","15":"product-type-variable"},"yoast_head":"<!-- This site is optimized with the Yoast SEO plugin v27.0 - https:\/\/yoast.com\/product\/yoast-seo-wordpress\/ -->\n<title>Cenforce Soft 100 Mg Preis Check Erschwingliche Angebote Online l ApothekeEU<\/title>\n<meta name=\"description\" content=\"Finden Sie g\u00fcnstige Angebote f\u00fcr Cenforce Soft 100 mg bei ApothekeEU. Eine vertrauensw\u00fcrdige Quelle f\u00fcr Medikamente gegen erektile Dysfunktion mit wettbewerbsf\u00e4higen Preisen und sicherem Online-Kauf.\" \/>\n<meta name=\"robots\" content=\"index, follow, max-snippet:-1, max-image-preview:large, max-video-preview:-1\" \/>\n<link rel=\"canonical\" href=\"https:\/\/cialisonlineshop.de\/fr\/product\/cenforce-soft-100-mg\/\" \/>\n<meta property=\"og:locale\" content=\"fr_FR\" \/>\n<meta property=\"og:type\" content=\"article\" \/>\n<meta property=\"og:title\" content=\"Cenforce Soft 100 Mg Preis Check Erschwingliche Angebote Online l ApothekeEU\" \/>\n<meta property=\"og:description\" content=\"Finden Sie g\u00fcnstige Angebote f\u00fcr Cenforce Soft 100 mg bei ApothekeEU. Eine vertrauensw\u00fcrdige Quelle f\u00fcr Medikamente gegen erektile Dysfunktion mit wettbewerbsf\u00e4higen Preisen und sicherem Online-Kauf.\" \/>\n<meta property=\"og:url\" content=\"https:\/\/cialisonlineshop.de\/fr\/product\/cenforce-soft-100-mg\/\" \/>\n<meta property=\"article:modified_time\" content=\"2026-01-14T10:15:35+00:00\" \/>\n<meta property=\"og:image\" content=\"https:\/\/cialisonlineshop.de\/wp-content\/uploads\/2026\/01\/Cenforce-soft-100mg.jpeg\" \/>\n\t<meta property=\"og:image:width\" content=\"225\" \/>\n\t<meta property=\"og:image:height\" content=\"225\" \/>\n\t<meta property=\"og:image:type\" content=\"image\/jpeg\" \/>\n<meta name=\"twitter:card\" content=\"summary_large_image\" \/>\n<meta name=\"twitter:label1\" content=\"Dur\u00e9e de lecture estim\u00e9e\" \/>\n\t<meta name=\"twitter:data1\" content=\"4 minutes\" \/>\n<script type=\"application\/ld+json\" class=\"yoast-schema-graph\">{\"@context\":\"https:\/\/schema.org\",\"@graph\":[{\"@type\":\"WebPage\",\"@id\":\"https:\/\/cialisonlineshop.de\/product\/cenforce-soft-100-mg\/\",\"url\":\"https:\/\/cialisonlineshop.de\/product\/cenforce-soft-100-mg\/\",\"name\":\"Cenforce Soft 100 Mg Preis Check Erschwingliche Angebote Online l ApothekeEU\",\"isPartOf\":{\"@id\":\"https:\/\/cialisonlineshop.de\/#website\"},\"primaryImageOfPage\":{\"@id\":\"https:\/\/cialisonlineshop.de\/product\/cenforce-soft-100-mg\/#primaryimage\"},\"image\":{\"@id\":\"https:\/\/cialisonlineshop.de\/product\/cenforce-soft-100-mg\/#primaryimage\"},\"thumbnailUrl\":\"https:\/\/cialisonlineshop.de\/wp-content\/uploads\/2026\/01\/Cenforce-soft-100mg.jpeg\",\"datePublished\":\"2026-01-14T10:15:32+00:00\",\"dateModified\":\"2026-01-14T10:15:35+00:00\",\"description\":\"Finden Sie g\u00fcnstige Angebote f\u00fcr Cenforce Soft 100 mg bei ApothekeEU. Eine vertrauensw\u00fcrdige Quelle f\u00fcr Medikamente gegen erektile Dysfunktion mit wettbewerbsf\u00e4higen Preisen und sicherem Online-Kauf.\",\"breadcrumb\":{\"@id\":\"https:\/\/cialisonlineshop.de\/product\/cenforce-soft-100-mg\/#breadcrumb\"},\"inLanguage\":\"fr-FR\",\"potentialAction\":[{\"@type\":\"ReadAction\",\"target\":[\"https:\/\/cialisonlineshop.de\/product\/cenforce-soft-100-mg\/\"]}]},{\"@type\":\"ImageObject\",\"inLanguage\":\"fr-FR\",\"@id\":\"https:\/\/cialisonlineshop.de\/product\/cenforce-soft-100-mg\/#primaryimage\",\"url\":\"https:\/\/cialisonlineshop.de\/wp-content\/uploads\/2026\/01\/Cenforce-soft-100mg.jpeg\",\"contentUrl\":\"https:\/\/cialisonlineshop.de\/wp-content\/uploads\/2026\/01\/Cenforce-soft-100mg.jpeg\",\"width\":225,\"height\":225,\"caption\":\"import placeholder for 5552\"},{\"@type\":\"BreadcrumbList\",\"@id\":\"https:\/\/cialisonlineshop.de\/product\/cenforce-soft-100-mg\/#breadcrumb\",\"itemListElement\":[{\"@type\":\"ListItem\",\"position\":1,\"name\":\"Home\",\"item\":\"https:\/\/cialisonlineshop.de\/\"},{\"@type\":\"ListItem\",\"position\":2,\"name\":\"Shop\",\"item\":\"https:\/\/cialisonlineshop.de\/shop\/\"},{\"@type\":\"ListItem\",\"position\":3,\"name\":\"Cenforce Soft 100 mg\"}]},{\"@type\":\"WebSite\",\"@id\":\"https:\/\/cialisonlineshop.de\/#website\",\"url\":\"https:\/\/cialisonlineshop.de\/\",\"name\":\"Cialisonlineshop\",\"description\":\"\",\"publisher\":{\"@id\":\"https:\/\/cialisonlineshop.de\/#organization\"},\"potentialAction\":[{\"@type\":\"SearchAction\",\"target\":{\"@type\":\"EntryPoint\",\"urlTemplate\":\"https:\/\/cialisonlineshop.de\/?s={search_term_string}\"},\"query-input\":{\"@type\":\"PropertyValueSpecification\",\"valueRequired\":true,\"valueName\":\"search_term_string\"}}],\"inLanguage\":\"fr-FR\"},{\"@type\":\"Organization\",\"@id\":\"https:\/\/cialisonlineshop.de\/#organization\",\"name\":\"Cialisonlineshop\",\"url\":\"https:\/\/cialisonlineshop.de\/\",\"logo\":{\"@type\":\"ImageObject\",\"inLanguage\":\"fr-FR\",\"@id\":\"https:\/\/cialisonlineshop.de\/#\/schema\/logo\/image\/\",\"url\":\"https:\/\/cialisonlineshop.de\/wp-content\/uploads\/2026\/01\/Logo_maker_project__6_-removebg-preview-1.png\",\"contentUrl\":\"https:\/\/cialisonlineshop.de\/wp-content\/uploads\/2026\/01\/Logo_maker_project__6_-removebg-preview-1.png\",\"width\":432,\"height\":88,\"caption\":\"Cialisonlineshop\"},\"image\":{\"@id\":\"https:\/\/cialisonlineshop.de\/#\/schema\/logo\/image\/\"}}]}<\/script>\n<!-- \/ Yoast SEO plugin. -->","yoast_head_json":{"title":"Cenforce Soft 100 Mg Preis Check Erschwingliche Angebote Online l ApothekeEU","description":"Finden Sie g\u00fcnstige Angebote f\u00fcr Cenforce Soft 100 mg bei ApothekeEU. Eine vertrauensw\u00fcrdige Quelle f\u00fcr Medikamente gegen erektile Dysfunktion mit wettbewerbsf\u00e4higen Preisen und sicherem Online-Kauf.","robots":{"index":"index","follow":"follow","max-snippet":"max-snippet:-1","max-image-preview":"max-image-preview:large","max-video-preview":"max-video-preview:-1"},"canonical":"https:\/\/cialisonlineshop.de\/fr\/product\/cenforce-soft-100-mg\/","og_locale":"fr_FR","og_type":"article","og_title":"Cenforce Soft 100 Mg Preis Check Erschwingliche Angebote Online l ApothekeEU","og_description":"Finden Sie g\u00fcnstige Angebote f\u00fcr Cenforce Soft 100 mg bei ApothekeEU. Eine vertrauensw\u00fcrdige Quelle f\u00fcr Medikamente gegen erektile Dysfunktion mit wettbewerbsf\u00e4higen Preisen und sicherem Online-Kauf.","og_url":"https:\/\/cialisonlineshop.de\/fr\/product\/cenforce-soft-100-mg\/","article_modified_time":"2026-01-14T10:15:35+00:00","og_image":[{"width":225,"height":225,"url":"https:\/\/cialisonlineshop.de\/wp-content\/uploads\/2026\/01\/Cenforce-soft-100mg.jpeg","type":"image\/jpeg"}],"twitter_card":"summary_large_image","twitter_misc":{"Dur\u00e9e de lecture estim\u00e9e":"4 minutes"},"schema":{"@context":"https:\/\/schema.org","@graph":[{"@type":"WebPage","@id":"https:\/\/cialisonlineshop.de\/product\/cenforce-soft-100-mg\/","url":"https:\/\/cialisonlineshop.de\/product\/cenforce-soft-100-mg\/","name":"Cenforce Soft 100 Mg Preis Check Erschwingliche Angebote Online l ApothekeEU","isPartOf":{"@id":"https:\/\/cialisonlineshop.de\/#website"},"primaryImageOfPage":{"@id":"https:\/\/cialisonlineshop.de\/product\/cenforce-soft-100-mg\/#primaryimage"},"image":{"@id":"https:\/\/cialisonlineshop.de\/product\/cenforce-soft-100-mg\/#primaryimage"},"thumbnailUrl":"https:\/\/cialisonlineshop.de\/wp-content\/uploads\/2026\/01\/Cenforce-soft-100mg.jpeg","datePublished":"2026-01-14T10:15:32+00:00","dateModified":"2026-01-14T10:15:35+00:00","description":"Finden Sie g\u00fcnstige Angebote f\u00fcr Cenforce Soft 100 mg bei ApothekeEU. Eine vertrauensw\u00fcrdige Quelle f\u00fcr Medikamente gegen erektile Dysfunktion mit wettbewerbsf\u00e4higen Preisen und sicherem Online-Kauf.","breadcrumb":{"@id":"https:\/\/cialisonlineshop.de\/product\/cenforce-soft-100-mg\/#breadcrumb"},"inLanguage":"fr-FR","potentialAction":[{"@type":"ReadAction","target":["https:\/\/cialisonlineshop.de\/product\/cenforce-soft-100-mg\/"]}]},{"@type":"ImageObject","inLanguage":"fr-FR","@id":"https:\/\/cialisonlineshop.de\/product\/cenforce-soft-100-mg\/#primaryimage","url":"https:\/\/cialisonlineshop.de\/wp-content\/uploads\/2026\/01\/Cenforce-soft-100mg.jpeg","contentUrl":"https:\/\/cialisonlineshop.de\/wp-content\/uploads\/2026\/01\/Cenforce-soft-100mg.jpeg","width":225,"height":225,"caption":"import placeholder for 5552"},{"@type":"BreadcrumbList","@id":"https:\/\/cialisonlineshop.de\/product\/cenforce-soft-100-mg\/#breadcrumb","itemListElement":[{"@type":"ListItem","position":1,"name":"Home","item":"https:\/\/cialisonlineshop.de\/"},{"@type":"ListItem","position":2,"name":"Shop","item":"https:\/\/cialisonlineshop.de\/shop\/"},{"@type":"ListItem","position":3,"name":"Cenforce Soft 100 mg"}]},{"@type":"WebSite","@id":"https:\/\/cialisonlineshop.de\/#website","url":"https:\/\/cialisonlineshop.de\/","name":"Cialisonlineshop","description":"","publisher":{"@id":"https:\/\/cialisonlineshop.de\/#organization"},"potentialAction":[{"@type":"SearchAction","target":{"@type":"EntryPoint","urlTemplate":"https:\/\/cialisonlineshop.de\/?s={search_term_string}"},"query-input":{"@type":"PropertyValueSpecification","valueRequired":true,"valueName":"search_term_string"}}],"inLanguage":"fr-FR"},{"@type":"Organization","@id":"https:\/\/cialisonlineshop.de\/#organization","name":"Cialisonlineshop","url":"https:\/\/cialisonlineshop.de\/","logo":{"@type":"ImageObject","inLanguage":"fr-FR","@id":"https:\/\/cialisonlineshop.de\/#\/schema\/logo\/image\/","url":"https:\/\/cialisonlineshop.de\/wp-content\/uploads\/2026\/01\/Logo_maker_project__6_-removebg-preview-1.png","contentUrl":"https:\/\/cialisonlineshop.de\/wp-content\/uploads\/2026\/01\/Logo_maker_project__6_-removebg-preview-1.png","width":432,"height":88,"caption":"Cialisonlineshop"},"image":{"@id":"https:\/\/cialisonlineshop.de\/#\/schema\/logo\/image\/"}}]}},"uagb_featured_image_src":{"full":["https:\/\/cialisonlineshop.de\/wp-content\/uploads\/2026\/01\/Cenforce-soft-100mg.jpeg",225,225,false],"thumbnail":["https:\/\/cialisonlineshop.de\/wp-content\/uploads\/2026\/01\/Cenforce-soft-100mg-150x150.jpeg",150,150,true],"medium":["https:\/\/cialisonlineshop.de\/wp-content\/uploads\/2026\/01\/Cenforce-soft-100mg.jpeg",225,225,false],"medium_large":["https:\/\/cialisonlineshop.de\/wp-content\/uploads\/2026\/01\/Cenforce-soft-100mg.jpeg",225,225,false],"large":["https:\/\/cialisonlineshop.de\/wp-content\/uploads\/2026\/01\/Cenforce-soft-100mg.jpeg",225,225,false],"1536x1536":["https:\/\/cialisonlineshop.de\/wp-content\/uploads\/2026\/01\/Cenforce-soft-100mg.jpeg",225,225,false],"2048x2048":["https:\/\/cialisonlineshop.de\/wp-content\/uploads\/2026\/01\/Cenforce-soft-100mg.jpeg",225,225,false],"trp-custom-language-flag":["https:\/\/cialisonlineshop.de\/wp-content\/uploads\/2026\/01\/Cenforce-soft-100mg.jpeg",12,12,false],"woocommerce_thumbnail":["https:\/\/cialisonlineshop.de\/wp-content\/uploads\/2026\/01\/Cenforce-soft-100mg.jpeg",225,225,false],"woocommerce_single":["https:\/\/cialisonlineshop.de\/wp-content\/uploads\/2026\/01\/Cenforce-soft-100mg.jpeg",225,225,false],"woocommerce_gallery_thumbnail":["https:\/\/cialisonlineshop.de\/wp-content\/uploads\/2026\/01\/Cenforce-soft-100mg-100x100.jpeg",100,100,true]},"uagb_author_info":{"display_name":"Stefan T\u00f6njes","author_link":"https:\/\/cialisonlineshop.de\/fr\/author\/"},"uagb_comment_info":0,"uagb_excerpt":"Cenforce Soft 100 mg von einer gepr\u00fcften Pharmagesellschaft Centurion Laboratories enth\u00e4lt 10 Kautabletten mit einem angenehmen Geschmack, mit 100 mg vom Wirkstoff Sildenafil citrate. Produktcode: 87971766127 Kategorie: Viagra Generika (Sildenafil) Marke: Centurion Laboratories Pvt. Ltd. Verf\u00fcgbarkeit: Auf Lager","jetpack_sharing_enabled":true,"_links":{"self":[{"href":"https:\/\/cialisonlineshop.de\/fr\/wp-json\/wp\/v2\/product\/1925","targetHints":{"allow":["GET"]}}],"collection":[{"href":"https:\/\/cialisonlineshop.de\/fr\/wp-json\/wp\/v2\/product"}],"about":[{"href":"https:\/\/cialisonlineshop.de\/fr\/wp-json\/wp\/v2\/types\/product"}],"replies":[{"embeddable":true,"href":"https:\/\/cialisonlineshop.de\/fr\/wp-json\/wp\/v2\/comments?post=1925"}],"wp:featuredmedia":[{"embeddable":true,"href":"https:\/\/cialisonlineshop.de\/fr\/wp-json\/wp\/v2\/media\/1942"}],"wp:attachment":[{"href":"https:\/\/cialisonlineshop.de\/fr\/wp-json\/wp\/v2\/media?parent=1925"}],"wp:term":[{"taxonomy":"product_brand","embeddable":true,"href":"https:\/\/cialisonlineshop.de\/fr\/wp-json\/wp\/v2\/product_brand?post=1925"},{"taxonomy":"product_cat","embeddable":true,"href":"https:\/\/cialisonlineshop.de\/fr\/wp-json\/wp\/v2\/product_cat?post=1925"},{"taxonomy":"product_tag","embeddable":true,"href":"https:\/\/cialisonlineshop.de\/fr\/wp-json\/wp\/v2\/product_tag?post=1925"}],"curies":[{"name":"wp","href":"https:\/\/api.w.org\/{rel}","templated":true}]}}