{"id":1900,"date":"2026-01-14T10:15:26","date_gmt":"2026-01-14T10:15:26","guid":{"rendered":"https:\/\/cialisonlineshop.de\/?post_type=product&#038;p=1900"},"modified":"2026-01-14T10:15:35","modified_gmt":"2026-01-14T10:15:35","slug":"cenforce-150-mg","status":"publish","type":"product","link":"https:\/\/cialisonlineshop.de\/fr\/product\/cenforce-150-mg\/","title":{"rendered":"Cenforce 150 mg"},"content":{"rendered":"<h2>Grundinformationen zu Cenforce 150 mg<\/h2>\n<p><strong>Tabletten Cenforce 150<\/strong>\u00a0mg sind ein wirksamer Arzneimittel gegen\u00a0Probleme mit erektilen Dysfunktion. Es geht um\u00a0Viagra Generikum, das Sildenafil enth\u00e4lt, ein Wirkstoff mit guten Ergebnissen in Bek\u00e4mpfung von erektiler Dysfunktion.<\/p>\n<p>Au\u00dfer Cenforce 150 mg finden Sie auf unseren Webseiten seine anderen Varianten mit niedrigerem oder h\u00f6herem Inhalt von\u00a0<strong>Sildenafil<\/strong>\u00a0&#8211;\u00a0Cenforce 100 mg\u00a0a\u00a0Cenforce 200 mg.<\/p>\n<h2>Wirkstoff<\/h2>\n<p>Der Wirkstoffes Sildenafil citrate (mehr Informationen im Artikel\u00a0Sildenafil) unterst\u00fctzt positiv die Durchblutung des Penis und hilft eine starke, gute und langanhaltende Erektion zu erreichen. Der Geschlechtsakt wird befriedigend und erfolgreich.<\/p>\n<h2>Dosierung und Gebrauchsweise<\/h2>\n<p>Die \u00fcbliche Einzeldosis betr\u00e4gt zu Beginn 50 mg.\u00a0Je nach Bedarf und Vertr\u00e4glichkeit kann die Dosis auf 100 mg erh\u00f6ht werden. Es wird darauf hingewiesen, dass\u00a0<strong>nicht mehr als 1 Tablette Cenforce 150 mg t\u00e4glich<\/strong>\u00a0eingenommen werden sollte.<\/p>\n<p>Die Wirkung stellt sich allerdings\u00a0<strong>erst bei sexueller Stimulation<\/strong>\u00a0ein, da Cenforce kein Aphrodisiakum ist. Es wird empfohlen, Cenforce 150 mg 30\u201360 Minuten vor dem Geschlechtsverkehr zu schlucken. Die Wirkung zeigt sich zwischen 3 und 5 Stunden.<\/p>\n<p>Das Pr\u00e4parat darf vor oder nach dem Essen eingenommen werden. Alkohol, fettreiche Speisen, Grapefruit und Grapefruitsaft k\u00f6nnen die Wirkung von Cenforce 150 mg allerdings negativ beeinflussen.<\/p>\n<h2>Kontraindikationen<\/h2>\n<p>Cenforce 150 mg darf nicht eingenommen werden wenn:<\/p>\n<ul>\n<li><strong>man auf Sildenafil<\/strong>\u00a0oder auf andere Wirkstoffe allergisch ist<\/li>\n<li>man vor kurzem\u00a0<strong>Herzinfarkt oder Schlaganfall\u00a0<\/strong>durchgemacht hat, oder an andere Herzerkrankungen wie\u00a0<strong>niedriger Blutdruck oder Bluthochdruck<\/strong>\u00a0leidet<\/li>\n<li>man die Nitrate einnimmt (zum Beispiel Nitroglycerin, Isosorbid dinitrat), Medikamente, die Stickoxid l\u00f6sen (z.B. Isoamyl-nitrit)<\/li>\n<li>man Medikamente gegen Angina Pectoris einnimmt (z.B. Nitraten oder Stickoxid)<\/li>\n<li><strong>man an andere seri\u00f6se Herzerkrankung oder Leberst\u00f6rung leidet<\/strong><\/li>\n<li>man an seltener Netzhautst\u00f6rung leidet (z.B. retinitis pigmentosa) oder man die Sehkraft durch (NAION) verloren hat<\/li>\n<li><strong>man Riociguat einnimmt\u00a0<\/strong>( zur Heilung der arteriellen Lungenhypertonie und chronischer Lungen Hypertension)<\/li>\n<li><strong>man schon ein anderes Erektionsmittel einnimmt\u00a0<\/strong><\/li>\n<\/ul>\n<h3>Warnung<\/h3>\n<p>Informieren Sie Ihren Arzt, bevor Sie den Wirkstoff Sildenafil einnehmen, im Falle Sie an:<\/p>\n<ul>\n<li>Herzprobleme<\/li>\n<li>Peyronie Erkrankung oder andere Penisdeformationen<\/li>\n<li>Geschw\u00fcr Erkrankung oder Bluterkrankheit (z.B.H\u00e4mophilie)<\/li>\n<li>Zucker Intoleranz (z.B. Laktose)<\/li>\n<li>Sichelzellkrankheit, Leuk\u00e4mie oder mehrfachen Myelom<\/li>\n<li>HIV leiden (besonders wenn mit Proteaseinhibitoren behandelt)<\/li>\n<\/ul>\n<p>Falls Sie an Nieren- oder Leberst\u00f6rung leiden, informieren Sie Ihren Arzt. Der wird Ihre Dosierung anpassen. Meistens f\u00e4ngt man mit 25 mg an.<\/p>\n<p>Die Einnahme von Cenforce mit anderen Medikamenten soll Ihr Arzt genehmigen besonders wenn die Medikamente \u00a0Erythromycin, Cimetidin oder Ketoconazol enthalten.<\/p>\n<h3>M\u00f6gliche Nebenwirkungen<\/h3>\n<p>Wie bei jedem anderen Medikament k\u00f6nnen sich auch bei diesem Arzneimittel mit Sildenafil\u00a0 Nebenwirkungen zeigen. Meistens geht es um milde Schwierigkeiten, die nicht lange dauern. In erster Linie sind es vor allem Kopfschmerzen, Gesichtsr\u00f6tung, Unwohlsein,Verdauungsprobleme,Hitzewallung, Sehst\u00f6rungen (verschwommenes oder sgn. blaues Sehen), Schnupfen oder Schwindelgef\u00fchle.<\/p>\n<h3>Wichtiger Hinweis<\/h3>\n<p>Falls bei Ihnen nach der Einnahme des Mittels zu einer starken Verschlechterung der Sehkraft oder des Geh\u00f6rs kommt, Sie Blut im Urin finden oder er tr\u00fcb wird oder falls Sie eine\u00a0<strong>Erektion l\u00e4nger als 4 Stunden<\/strong>\u00a0haben, besonders ohne sexuelle Anregung und schmerzhaft,\u00a0<strong>suchen Sie unverz\u00fcglich Ihren Arzt auf.\u00a0<\/strong><\/p>\n<p>Medizinische Hilfe suchen Sie unverz\u00fcglich bei allen\u00a0<strong>ungew\u00f6hnlichen Reaktionen<\/strong>\u00a0oder bei starken Verschlechterung Ihres Zustandes nach der Einnahme des Mittels. Besuchen Sie den Arzt auch wenn die Nebenwirkungen von l\u00e4ngerer Dauer sind.<\/p>\n<h2>Lagerung<\/h2>\n<p>Lagern Sie bei Temperaturen bis 30\u00b0C. Behalten Sie in der Originalpackung. Sch\u00fctzen Sie vor Feuchtigkeit. Vermeiden Sie Kontakt mit Kindern.<\/p>\n<h2>F\u00fcr Interesse<\/h2>\n<p>Zu den h\u00e4ufigen Ursachen der\u00a0Impotenz bei M\u00e4nnern\u00a0geh\u00f6rt ein niedriger Testosteronspiegel.\u00a0Im Artikel\u00a0Erh\u00f6hung von Testosteronspiegel\u00a0stellen Sie fest, wie man einen niedrigen Niveau erkennen und erh\u00f6hen kann. Problem der Impotenz betrifft nicht nur M\u00e4nner, sondern auch Frauen. Mehr Informationen zu diesem Problem finden Sie im Artikel\u00a0Impotenz bei Frauen.<\/p>\n<p>Dieses Produkt wird ohne eine Packungsbeilage versendet. Eine Schachtel wird nur bei einer Bestellung von 10 oder mehreren Packungen geliefert.<\/p>","protected":false},"excerpt":{"rendered":"<p>Tabletten Cenforce 150\u00a0mg sind ein wirksamer Arzneimittel gegen\u00a0Probleme mit erektilen Dysfunktion. Es geht um\u00a0Viagra Generikum, das Sildenafil enth\u00e4lt, ein Wirkstoff mit guten Ergebnissen in Bek\u00e4mpfung von erektiler Dysfunktion.<\/p>\n<table class=\"info\">\n<tbody>\n<tr>\n<td>Produktcode:<\/td>\n<td>601381648387<\/td>\n<\/tr>\n<tr>\n<td>Kategorie:<\/td>\n<td>Viagra Generika (Sildenafil)<\/td>\n<\/tr>\n<tr>\n<td>Marke:<\/td>\n<td>Centurion Laboratories Pvt. Ltd.<\/td>\n<\/tr>\n<tr>\n<td>Verf\u00fcgbarkeit:<\/td>\n<td>Auf Lager<\/td>\n<\/tr>\n<\/tbody>\n<\/table>","protected":false},"featured_media":1912,"comment_status":"open","ping_status":"closed","template":"","meta":{"_uag_custom_page_level_css":"","site-sidebar-layout":"","site-content-layout":"","ast-site-content-layout":"","site-content-style":"","site-sidebar-style":"","ast-global-header-display":"","ast-banner-title-visibility":"","ast-main-header-display":"","ast-hfb-above-header-display":"","ast-hfb-below-header-display":"","ast-hfb-mobile-header-display":"","site-post-title":"","ast-breadcrumbs-content":"","ast-featured-img":"","footer-sml-layout":"","ast-disable-related-posts":"","theme-transparent-header-meta":"","adv-header-id-meta":"","stick-header-meta":"","header-above-stick-meta":"","header-main-stick-meta":"","header-below-stick-meta":"","astra-migrate-meta-layouts":"","ast-page-background-enabled":"default","ast-page-background-meta":{"desktop":{"background-color":"","background-image":"","background-repeat":"repeat","background-position":"center center","background-size":"auto","background-attachment":"scroll","background-type":"","background-media":"","overlay-type":"","overlay-color":"","overlay-opacity":"","overlay-gradient":""},"tablet":{"background-color":"","background-image":"","background-repeat":"repeat","background-position":"center center","background-size":"auto","background-attachment":"scroll","background-type":"","background-media":"","overlay-type":"","overlay-color":"","overlay-opacity":"","overlay-gradient":""},"mobile":{"background-color":"","background-image":"","background-repeat":"repeat","background-position":"center center","background-size":"auto","background-attachment":"scroll","background-type":"","background-media":"","overlay-type":"","overlay-color":"","overlay-opacity":"","overlay-gradient":""}},"ast-content-background-meta":{"desktop":{"background-color":"var(--ast-global-color-5)","background-image":"","background-repeat":"repeat","background-position":"center center","background-size":"auto","background-attachment":"scroll","background-type":"","background-media":"","overlay-type":"","overlay-color":"","overlay-opacity":"","overlay-gradient":""},"tablet":{"background-color":"var(--ast-global-color-5)","background-image":"","background-repeat":"repeat","background-position":"center center","background-size":"auto","background-attachment":"scroll","background-type":"","background-media":"","overlay-type":"","overlay-color":"","overlay-opacity":"","overlay-gradient":""},"mobile":{"background-color":"var(--ast-global-color-5)","background-image":"","background-repeat":"repeat","background-position":"center center","background-size":"auto","background-attachment":"scroll","background-type":"","background-media":"","overlay-type":"","overlay-color":"","overlay-opacity":"","overlay-gradient":""}},"episode_type":"","audio_file":"","cover_image":"","cover_image_id":"","duration":"","filesize":"","filesize_raw":"","date_recorded":"","explicit":"","block":"","itunes_episode_number":"","itunes_title":"","itunes_season_number":"","itunes_episode_type":""},"product_brand":[],"product_cat":[24],"product_tag":[],"class_list":{"0":"post-1900","1":"product","2":"type-product","3":"status-publish","4":"has-post-thumbnail","6":"product_cat-viagra-generika-sildenafil","7":"desktop-align-left","8":"tablet-align-left","9":"mobile-align-left","11":"first","12":"instock","13":"shipping-taxable","14":"purchasable","15":"product-type-variable"},"yoast_head":"<!-- This site is optimized with the Yoast SEO plugin v27.0 - https:\/\/yoast.com\/product\/yoast-seo-wordpress\/ -->\n<title>Cenforce 150 mg -<\/title>\n<meta name=\"robots\" content=\"index, follow, max-snippet:-1, max-image-preview:large, max-video-preview:-1\" \/>\n<link rel=\"canonical\" href=\"https:\/\/cialisonlineshop.de\/fr\/product\/cenforce-150-mg\/\" \/>\n<meta property=\"og:locale\" content=\"fr_FR\" \/>\n<meta property=\"og:type\" content=\"article\" \/>\n<meta property=\"og:title\" content=\"Cenforce 150 mg -\" \/>\n<meta property=\"og:description\" content=\"Tabletten Cenforce 150\u00a0mg sind ein wirksamer Arzneimittel gegen\u00a0Probleme mit erektilen Dysfunktion. Es geht um\u00a0Viagra Generikum, das Sildenafil enth\u00e4lt, ein Wirkstoff mit guten Ergebnissen in Bek\u00e4mpfung von erektiler Dysfunktion.    Produktcode: 601381648387   Kategorie: Viagra Generika (Sildenafil)   Marke: Centurion Laboratories Pvt. Ltd.   Verf\u00fcgbarkeit: Auf Lager\" \/>\n<meta property=\"og:url\" content=\"https:\/\/cialisonlineshop.de\/fr\/product\/cenforce-150-mg\/\" \/>\n<meta property=\"article:modified_time\" content=\"2026-01-14T10:15:35+00:00\" \/>\n<meta property=\"og:image\" content=\"https:\/\/cialisonlineshop.de\/wp-content\/uploads\/2026\/01\/cenforce-150.jpg\" \/>\n\t<meta property=\"og:image:width\" content=\"1000\" \/>\n\t<meta property=\"og:image:height\" content=\"1000\" \/>\n\t<meta property=\"og:image:type\" content=\"image\/jpeg\" \/>\n<meta name=\"twitter:card\" content=\"summary_large_image\" \/>\n<meta name=\"twitter:label1\" content=\"Dur\u00e9e de lecture estim\u00e9e\" \/>\n\t<meta name=\"twitter:data1\" content=\"3 minutes\" \/>\n<script type=\"application\/ld+json\" class=\"yoast-schema-graph\">{\"@context\":\"https:\/\/schema.org\",\"@graph\":[{\"@type\":\"WebPage\",\"@id\":\"https:\/\/cialisonlineshop.de\/product\/cenforce-150-mg\/\",\"url\":\"https:\/\/cialisonlineshop.de\/product\/cenforce-150-mg\/\",\"name\":\"Cenforce 150 mg -\",\"isPartOf\":{\"@id\":\"https:\/\/cialisonlineshop.de\/#website\"},\"primaryImageOfPage\":{\"@id\":\"https:\/\/cialisonlineshop.de\/product\/cenforce-150-mg\/#primaryimage\"},\"image\":{\"@id\":\"https:\/\/cialisonlineshop.de\/product\/cenforce-150-mg\/#primaryimage\"},\"thumbnailUrl\":\"https:\/\/cialisonlineshop.de\/wp-content\/uploads\/2026\/01\/cenforce-150.jpg\",\"datePublished\":\"2026-01-14T10:15:26+00:00\",\"dateModified\":\"2026-01-14T10:15:35+00:00\",\"breadcrumb\":{\"@id\":\"https:\/\/cialisonlineshop.de\/product\/cenforce-150-mg\/#breadcrumb\"},\"inLanguage\":\"fr-FR\",\"potentialAction\":[{\"@type\":\"ReadAction\",\"target\":[\"https:\/\/cialisonlineshop.de\/product\/cenforce-150-mg\/\"]}]},{\"@type\":\"ImageObject\",\"inLanguage\":\"fr-FR\",\"@id\":\"https:\/\/cialisonlineshop.de\/product\/cenforce-150-mg\/#primaryimage\",\"url\":\"https:\/\/cialisonlineshop.de\/wp-content\/uploads\/2026\/01\/cenforce-150.jpg\",\"contentUrl\":\"https:\/\/cialisonlineshop.de\/wp-content\/uploads\/2026\/01\/cenforce-150.jpg\",\"width\":1000,\"height\":1000,\"caption\":\"import placeholder for 5526\"},{\"@type\":\"BreadcrumbList\",\"@id\":\"https:\/\/cialisonlineshop.de\/product\/cenforce-150-mg\/#breadcrumb\",\"itemListElement\":[{\"@type\":\"ListItem\",\"position\":1,\"name\":\"Home\",\"item\":\"https:\/\/cialisonlineshop.de\/\"},{\"@type\":\"ListItem\",\"position\":2,\"name\":\"Shop\",\"item\":\"https:\/\/cialisonlineshop.de\/shop\/\"},{\"@type\":\"ListItem\",\"position\":3,\"name\":\"Cenforce 150 mg\"}]},{\"@type\":\"WebSite\",\"@id\":\"https:\/\/cialisonlineshop.de\/#website\",\"url\":\"https:\/\/cialisonlineshop.de\/\",\"name\":\"Cialisonlineshop\",\"description\":\"\",\"publisher\":{\"@id\":\"https:\/\/cialisonlineshop.de\/#organization\"},\"potentialAction\":[{\"@type\":\"SearchAction\",\"target\":{\"@type\":\"EntryPoint\",\"urlTemplate\":\"https:\/\/cialisonlineshop.de\/?s={search_term_string}\"},\"query-input\":{\"@type\":\"PropertyValueSpecification\",\"valueRequired\":true,\"valueName\":\"search_term_string\"}}],\"inLanguage\":\"fr-FR\"},{\"@type\":\"Organization\",\"@id\":\"https:\/\/cialisonlineshop.de\/#organization\",\"name\":\"Cialisonlineshop\",\"url\":\"https:\/\/cialisonlineshop.de\/\",\"logo\":{\"@type\":\"ImageObject\",\"inLanguage\":\"fr-FR\",\"@id\":\"https:\/\/cialisonlineshop.de\/#\/schema\/logo\/image\/\",\"url\":\"https:\/\/cialisonlineshop.de\/wp-content\/uploads\/2026\/01\/Logo_maker_project__6_-removebg-preview-1.png\",\"contentUrl\":\"https:\/\/cialisonlineshop.de\/wp-content\/uploads\/2026\/01\/Logo_maker_project__6_-removebg-preview-1.png\",\"width\":432,\"height\":88,\"caption\":\"Cialisonlineshop\"},\"image\":{\"@id\":\"https:\/\/cialisonlineshop.de\/#\/schema\/logo\/image\/\"}}]}<\/script>\n<!-- \/ Yoast SEO plugin. -->","yoast_head_json":{"title":"Cenforce 150 mg -","robots":{"index":"index","follow":"follow","max-snippet":"max-snippet:-1","max-image-preview":"max-image-preview:large","max-video-preview":"max-video-preview:-1"},"canonical":"https:\/\/cialisonlineshop.de\/fr\/product\/cenforce-150-mg\/","og_locale":"fr_FR","og_type":"article","og_title":"Cenforce 150 mg -","og_description":"Tabletten Cenforce 150\u00a0mg sind ein wirksamer Arzneimittel gegen\u00a0Probleme mit erektilen Dysfunktion. Es geht um\u00a0Viagra Generikum, das Sildenafil enth\u00e4lt, ein Wirkstoff mit guten Ergebnissen in Bek\u00e4mpfung von erektiler Dysfunktion.    Produktcode: 601381648387   Kategorie: Viagra Generika (Sildenafil)   Marke: Centurion Laboratories Pvt. Ltd.   Verf\u00fcgbarkeit: Auf Lager","og_url":"https:\/\/cialisonlineshop.de\/fr\/product\/cenforce-150-mg\/","article_modified_time":"2026-01-14T10:15:35+00:00","og_image":[{"width":1000,"height":1000,"url":"https:\/\/cialisonlineshop.de\/wp-content\/uploads\/2026\/01\/cenforce-150.jpg","type":"image\/jpeg"}],"twitter_card":"summary_large_image","twitter_misc":{"Dur\u00e9e de lecture estim\u00e9e":"3 minutes"},"schema":{"@context":"https:\/\/schema.org","@graph":[{"@type":"WebPage","@id":"https:\/\/cialisonlineshop.de\/product\/cenforce-150-mg\/","url":"https:\/\/cialisonlineshop.de\/product\/cenforce-150-mg\/","name":"Cenforce 150 mg -","isPartOf":{"@id":"https:\/\/cialisonlineshop.de\/#website"},"primaryImageOfPage":{"@id":"https:\/\/cialisonlineshop.de\/product\/cenforce-150-mg\/#primaryimage"},"image":{"@id":"https:\/\/cialisonlineshop.de\/product\/cenforce-150-mg\/#primaryimage"},"thumbnailUrl":"https:\/\/cialisonlineshop.de\/wp-content\/uploads\/2026\/01\/cenforce-150.jpg","datePublished":"2026-01-14T10:15:26+00:00","dateModified":"2026-01-14T10:15:35+00:00","breadcrumb":{"@id":"https:\/\/cialisonlineshop.de\/product\/cenforce-150-mg\/#breadcrumb"},"inLanguage":"fr-FR","potentialAction":[{"@type":"ReadAction","target":["https:\/\/cialisonlineshop.de\/product\/cenforce-150-mg\/"]}]},{"@type":"ImageObject","inLanguage":"fr-FR","@id":"https:\/\/cialisonlineshop.de\/product\/cenforce-150-mg\/#primaryimage","url":"https:\/\/cialisonlineshop.de\/wp-content\/uploads\/2026\/01\/cenforce-150.jpg","contentUrl":"https:\/\/cialisonlineshop.de\/wp-content\/uploads\/2026\/01\/cenforce-150.jpg","width":1000,"height":1000,"caption":"import placeholder for 5526"},{"@type":"BreadcrumbList","@id":"https:\/\/cialisonlineshop.de\/product\/cenforce-150-mg\/#breadcrumb","itemListElement":[{"@type":"ListItem","position":1,"name":"Home","item":"https:\/\/cialisonlineshop.de\/"},{"@type":"ListItem","position":2,"name":"Shop","item":"https:\/\/cialisonlineshop.de\/shop\/"},{"@type":"ListItem","position":3,"name":"Cenforce 150 mg"}]},{"@type":"WebSite","@id":"https:\/\/cialisonlineshop.de\/#website","url":"https:\/\/cialisonlineshop.de\/","name":"Cialisonlineshop","description":"","publisher":{"@id":"https:\/\/cialisonlineshop.de\/#organization"},"potentialAction":[{"@type":"SearchAction","target":{"@type":"EntryPoint","urlTemplate":"https:\/\/cialisonlineshop.de\/?s={search_term_string}"},"query-input":{"@type":"PropertyValueSpecification","valueRequired":true,"valueName":"search_term_string"}}],"inLanguage":"fr-FR"},{"@type":"Organization","@id":"https:\/\/cialisonlineshop.de\/#organization","name":"Cialisonlineshop","url":"https:\/\/cialisonlineshop.de\/","logo":{"@type":"ImageObject","inLanguage":"fr-FR","@id":"https:\/\/cialisonlineshop.de\/#\/schema\/logo\/image\/","url":"https:\/\/cialisonlineshop.de\/wp-content\/uploads\/2026\/01\/Logo_maker_project__6_-removebg-preview-1.png","contentUrl":"https:\/\/cialisonlineshop.de\/wp-content\/uploads\/2026\/01\/Logo_maker_project__6_-removebg-preview-1.png","width":432,"height":88,"caption":"Cialisonlineshop"},"image":{"@id":"https:\/\/cialisonlineshop.de\/#\/schema\/logo\/image\/"}}]}},"uagb_featured_image_src":{"full":["https:\/\/cialisonlineshop.de\/wp-content\/uploads\/2026\/01\/cenforce-150.jpg",1000,1000,false],"thumbnail":["https:\/\/cialisonlineshop.de\/wp-content\/uploads\/2026\/01\/cenforce-150-150x150.jpg",150,150,true],"medium":["https:\/\/cialisonlineshop.de\/wp-content\/uploads\/2026\/01\/cenforce-150-300x300.jpg",300,300,true],"medium_large":["https:\/\/cialisonlineshop.de\/wp-content\/uploads\/2026\/01\/cenforce-150-768x768.jpg",768,768,true],"large":["https:\/\/cialisonlineshop.de\/wp-content\/uploads\/2026\/01\/cenforce-150.jpg",1000,1000,false],"1536x1536":["https:\/\/cialisonlineshop.de\/wp-content\/uploads\/2026\/01\/cenforce-150.jpg",1000,1000,false],"2048x2048":["https:\/\/cialisonlineshop.de\/wp-content\/uploads\/2026\/01\/cenforce-150.jpg",1000,1000,false],"trp-custom-language-flag":["https:\/\/cialisonlineshop.de\/wp-content\/uploads\/2026\/01\/cenforce-150.jpg",12,12,false],"woocommerce_thumbnail":["https:\/\/cialisonlineshop.de\/wp-content\/uploads\/2026\/01\/cenforce-150-300x300.jpg",300,300,true],"woocommerce_single":["https:\/\/cialisonlineshop.de\/wp-content\/uploads\/2026\/01\/cenforce-150-600x600.jpg",600,600,true],"woocommerce_gallery_thumbnail":["https:\/\/cialisonlineshop.de\/wp-content\/uploads\/2026\/01\/cenforce-150-100x100.jpg",100,100,true]},"uagb_author_info":{"display_name":"Stefan T\u00f6njes","author_link":"https:\/\/cialisonlineshop.de\/fr\/author\/"},"uagb_comment_info":0,"uagb_excerpt":"Tabletten Cenforce 150\u00a0mg sind ein wirksamer Arzneimittel gegen\u00a0Probleme mit erektilen Dysfunktion. Es geht um\u00a0Viagra Generikum, das Sildenafil enth\u00e4lt, ein Wirkstoff mit guten Ergebnissen in Bek\u00e4mpfung von erektiler Dysfunktion. Produktcode: 601381648387 Kategorie: Viagra Generika (Sildenafil) Marke: Centurion Laboratories Pvt. Ltd. Verf\u00fcgbarkeit: Auf Lager","jetpack_sharing_enabled":true,"_links":{"self":[{"href":"https:\/\/cialisonlineshop.de\/fr\/wp-json\/wp\/v2\/product\/1900","targetHints":{"allow":["GET"]}}],"collection":[{"href":"https:\/\/cialisonlineshop.de\/fr\/wp-json\/wp\/v2\/product"}],"about":[{"href":"https:\/\/cialisonlineshop.de\/fr\/wp-json\/wp\/v2\/types\/product"}],"replies":[{"embeddable":true,"href":"https:\/\/cialisonlineshop.de\/fr\/wp-json\/wp\/v2\/comments?post=1900"}],"wp:featuredmedia":[{"embeddable":true,"href":"https:\/\/cialisonlineshop.de\/fr\/wp-json\/wp\/v2\/media\/1912"}],"wp:attachment":[{"href":"https:\/\/cialisonlineshop.de\/fr\/wp-json\/wp\/v2\/media?parent=1900"}],"wp:term":[{"taxonomy":"product_brand","embeddable":true,"href":"https:\/\/cialisonlineshop.de\/fr\/wp-json\/wp\/v2\/product_brand?post=1900"},{"taxonomy":"product_cat","embeddable":true,"href":"https:\/\/cialisonlineshop.de\/fr\/wp-json\/wp\/v2\/product_cat?post=1900"},{"taxonomy":"product_tag","embeddable":true,"href":"https:\/\/cialisonlineshop.de\/fr\/wp-json\/wp\/v2\/product_tag?post=1900"}],"curies":[{"name":"wp","href":"https:\/\/api.w.org\/{rel}","templated":true}]}}