{"id":1889,"date":"2026-01-14T10:15:26","date_gmt":"2026-01-14T10:15:26","guid":{"rendered":"https:\/\/cialisonlineshop.de\/?post_type=product&#038;p=1889"},"modified":"2026-01-14T10:15:29","modified_gmt":"2026-01-14T10:15:29","slug":"cenforce-100-mg","status":"publish","type":"product","link":"https:\/\/cialisonlineshop.de\/fr\/product\/cenforce-100-mg\/","title":{"rendered":"Cenforce 100 mg"},"content":{"rendered":"<h2>Grundinformationen zu Cenforce 100 mg<\/h2>\n<p>Suchen Sie eine zuverl\u00e4ssige L\u00f6sung f\u00fcr Ihre erektile Dysfunktion?<strong>\u00a0Cenforce 100 mg\u00a0<\/strong>von der Pharma Gesellschaft Centurion Laboratories Prv. Ltd. ist ein vollwertiger Ersatz von Viagra. Die Wirkstoff ist Sildenafil f\u00fcr bessere Erektion und \u00e4hnlich wie bei anderen Viagra oder\u00a0Sildenafil Generika\u00a0ist der Preis viel g\u00fcnstiger.<\/p>\n<h2>Wirkstoff<\/h2>\n<p>Der Wirkstoffes Sildenafil citrate (mehr Informationen im Artikel\u00a0Sildenafil) unterst\u00fctzt positiv die Durchblutung des Penis und hilft eine starke, gute und langanhaltende Erektion zu erreichen. Der Geschlechtsakt wird befriedigend und erfolgreich.<\/p>\n<h2>Dosierung und Gebrauchsweise<\/h2>\n<p>Die \u00fcbliche Einzeldosis betr\u00e4gt zu Beginn 50 mg. Je nach Bedarf und Vertr\u00e4glichkeit kann die Einzeldosis auf 25 mg erniedrigt oder auf maximal 100 mg\u00a0<strong>einmal t\u00e4glich<\/strong>\u00a0erh\u00f6ht werden.\u00a0<strong>\u00dcberschreiten Sie nicht die maximale Tagesdosis von 100 mg.<\/strong><\/p>\n<p>Die Wirkung stellt sich allerdings\u00a0<strong>erst bei sexueller Stimulation<\/strong>\u00a0ein, da Cenforce kein Aphrodisiakum ist. Es wird empfohlen, Cenforce 100 mg 30\u201360 Minuten vor dem Geschlechtsverkehr zu schlucken. Die Wirkung zeigt sich zwischen 3 und 5 Stunden.<\/p>\n<p>Das Pr\u00e4parat darf vor oder nach dem Essen eingenommen werden. Alkohol, fettreiche Speisen, Grapefruit und Grapefruitsaft k\u00f6nnen die Wirkung von Cenforce 100 mg allerdings negativ beeinflussen.<\/p>\n<h2>Kontraindikationen<\/h2>\n<p>Cenforce 100 mg darf nicht eingenommen werden wenn:<\/p>\n<ul>\n<li><strong>man auf Sildenafil<\/strong>\u00a0oder auf andere Wirkstoffe allergisch ist<\/li>\n<li>man vor kurzem\u00a0<strong>Herzinfarkt oder Schlaganfall\u00a0<\/strong>durchgemacht hat, oder an andere Herzerkrankungen wie\u00a0<strong>niedriger Blutdruck oder Bluthochdruck<\/strong>\u00a0leidet<\/li>\n<li>man die Nitrate einnimmt (zum Beispiel Nitroglycerin, Isosorbid dinitrat), Medikamente, die Stickoxid l\u00f6sen (z.B. Isoamyl-nitrit)<\/li>\n<li>man Medikamente gegen Angina Pectoris einnimmt (z.B. Nitraten oder Stickoxid)<\/li>\n<li><strong>man an andere seri\u00f6se Herzerkrankung oder Leberst\u00f6rung leidet<\/strong><\/li>\n<li>man an seltener Netzhautst\u00f6rung leidet (z.B. retinitis pigmentosa) oder man die Sehkraft durch (NAION) verloren hat<\/li>\n<li><strong>man Riociguat einnimmt\u00a0<\/strong>( zur Heilung der arteriellen Lungenhypertonie und chronischer Lungen Hypertension)<\/li>\n<li><strong>man schon ein anderes Erektionsmittel einnimmt\u00a0<\/strong><\/li>\n<\/ul>\n<h3>Warnung<\/h3>\n<p>Informieren Sie Ihren Arzt, bevor Sie den Wirkstoff Sildenafil einnehmen, im Falle Sie an:<\/p>\n<ul>\n<li>Herzprobleme<\/li>\n<li>Peyronie Erkrankung oder andere Penisdeformationen<\/li>\n<li>Geschw\u00fcr Erkrankung oder Bluterkrankheit (z.B.H\u00e4mophilie)<\/li>\n<li>Zucker Intoleranz (z.B. Laktose)<\/li>\n<li>Sichelzellkrankheit, Leuk\u00e4mie oder mehrfachen Myelom<\/li>\n<li>HIV leiden (besonders wenn mit Proteaseinhibitoren behandelt)<\/li>\n<\/ul>\n<p>Falls Sie an Nieren- oder Leberst\u00f6rung leiden, informieren Sie Ihren Arzt. Der wird Ihre Dosierung anpassen. Meistens f\u00e4ngt man mit 25 mg an.<\/p>\n<p>Die Einnahme von Cenforce mit anderen Medikamenten soll Ihr Arzt genehmigen besonders wenn die Medikamente \u00a0Erythromycin, Cimetidin oder Ketoconazol enthalten.<\/p>\n<h3>M\u00f6gliche Nebenwirkungen<\/h3>\n<p>Wie bei jedem anderen Medikament k\u00f6nnen sich auch bei diesem Arzneimittel mit Sildenafil\u00a0 Nebenwirkungen zeigen. Meistens geht es um milde Schwierigkeiten, die nicht lange dauern. In erster Linie sind es vor allem Kopfschmerzen, Gesichtsr\u00f6tung, Unwohlsein,Verdauungsprobleme,Hitzewallung, Sehst\u00f6rungen (verschwommenes oder sgn. blaues Sehen), Schnupfen oder Schwindelgef\u00fchle.<\/p>\n<h3>Wichtiger Hinweis<\/h3>\n<p>Falls bei Ihnen nach der Einnahme des Mittels zu einer starken Verschlechterung der Sehkraft oder des Geh\u00f6rs kommt, Sie Blut im Urin finden oder er tr\u00fcb wird oder falls Sie eine\u00a0<strong>Erektion l\u00e4nger als 4 Stunden<\/strong>\u00a0haben, besonders ohne sexuelle Anregung und schmerzhaft,\u00a0<strong>suchen Sie unverz\u00fcglich Ihren Arzt auf.\u00a0<\/strong><\/p>\n<p>Medizinische Hilfe suchen Sie unverz\u00fcglich bei allen\u00a0<strong>ungew\u00f6hnlichen Reaktionen<\/strong>\u00a0oder bei starken Verschlechterung Ihres Zustandes nach der Einnahme des Mittels. Besuchen Sie den Arzt auch wenn die Nebenwirkungen von l\u00e4ngerer Dauer sind.<\/p>\n<h2>Lagerung<\/h2>\n<p>Lagern Sie bei Temperaturen bis 30\u00b0C. Behalten Sie in der Originalpackung. Sch\u00fctzen Sie vor Feuchtigkeit. Vermeiden Sie Kontakt mit Kindern.<\/p>\n<h2>F\u00fcr Interesse<\/h2>\n<p>Sind Sie sich nicht sicher, ob Cenforce 100 mg f\u00fcr Sie das richtige Mittel ist? Keine Angst, es gibt viele andere Pr\u00e4parate, die Ihre Erektion verbessern k\u00f6nnen. Detailinformationen dar\u00fcber finden Sie im Artikel\u00a0Medikamente gegen\u00a0erektile Dysfunktion. Problematische Erektion betrifft auch junge M\u00e4nner. Wie man im jungen Alter dieses Problem behandelt, erfahren Sie im Artikel\u00a0Probleme mit Erektion mit 20.<\/p>\n<p>Dieses Produkt wird ohne eine Packungsbeilage versendet. Eine Schachtel wird nur bei einer Bestellung von 10 oder mehreren Packungen geliefert.<\/p>","protected":false},"excerpt":{"rendered":"<p>Cenforce 100 mg\u00a0von der Pharma Gesellschaft Centurion Laboratories Prv. Ltd. ist ein vollwertiger Ersatz von Viagra. Die Wirkstoff ist Sildenafil f\u00fcr bessere Erektion und \u00e4hnlich wie bei anderen Viagra Generika\u00a0ist der Preis viel g\u00fcnstiger.<\/p>\n<table class=\"info\" style=\"height: 186px;\" width=\"544\">\n<tbody>\n<tr>\n<td>Produktcode:<\/td>\n<td>87971766109<\/td>\n<\/tr>\n<tr>\n<td>Kategorie:<\/td>\n<td>Viagra Generika (Sildenafil)<\/td>\n<\/tr>\n<tr>\n<td>Marke:<\/td>\n<td>Centurion Laboratories Pvt. Ltd.<\/td>\n<\/tr>\n<tr>\n<td>Verf\u00fcgbarkeit:<\/td>\n<td>Auf Lager<\/td>\n<\/tr>\n<\/tbody>\n<\/table>","protected":false},"featured_media":1911,"comment_status":"open","ping_status":"closed","template":"","meta":{"_uag_custom_page_level_css":"","site-sidebar-layout":"","site-content-layout":"","ast-site-content-layout":"","site-content-style":"","site-sidebar-style":"","ast-global-header-display":"","ast-banner-title-visibility":"","ast-main-header-display":"","ast-hfb-above-header-display":"","ast-hfb-below-header-display":"","ast-hfb-mobile-header-display":"","site-post-title":"","ast-breadcrumbs-content":"","ast-featured-img":"","footer-sml-layout":"","ast-disable-related-posts":"","theme-transparent-header-meta":"","adv-header-id-meta":"","stick-header-meta":"","header-above-stick-meta":"","header-main-stick-meta":"","header-below-stick-meta":"","astra-migrate-meta-layouts":"","ast-page-background-enabled":"default","ast-page-background-meta":{"desktop":{"background-color":"","background-image":"","background-repeat":"repeat","background-position":"center center","background-size":"auto","background-attachment":"scroll","background-type":"","background-media":"","overlay-type":"","overlay-color":"","overlay-opacity":"","overlay-gradient":""},"tablet":{"background-color":"","background-image":"","background-repeat":"repeat","background-position":"center center","background-size":"auto","background-attachment":"scroll","background-type":"","background-media":"","overlay-type":"","overlay-color":"","overlay-opacity":"","overlay-gradient":""},"mobile":{"background-color":"","background-image":"","background-repeat":"repeat","background-position":"center center","background-size":"auto","background-attachment":"scroll","background-type":"","background-media":"","overlay-type":"","overlay-color":"","overlay-opacity":"","overlay-gradient":""}},"ast-content-background-meta":{"desktop":{"background-color":"var(--ast-global-color-5)","background-image":"","background-repeat":"repeat","background-position":"center center","background-size":"auto","background-attachment":"scroll","background-type":"","background-media":"","overlay-type":"","overlay-color":"","overlay-opacity":"","overlay-gradient":""},"tablet":{"background-color":"var(--ast-global-color-5)","background-image":"","background-repeat":"repeat","background-position":"center center","background-size":"auto","background-attachment":"scroll","background-type":"","background-media":"","overlay-type":"","overlay-color":"","overlay-opacity":"","overlay-gradient":""},"mobile":{"background-color":"var(--ast-global-color-5)","background-image":"","background-repeat":"repeat","background-position":"center center","background-size":"auto","background-attachment":"scroll","background-type":"","background-media":"","overlay-type":"","overlay-color":"","overlay-opacity":"","overlay-gradient":""}},"episode_type":"","audio_file":"","cover_image":"","cover_image_id":"","duration":"","filesize":"","filesize_raw":"","date_recorded":"","explicit":"","block":"","itunes_episode_number":"","itunes_title":"","itunes_season_number":"","itunes_episode_type":""},"product_brand":[],"product_cat":[24],"product_tag":[],"class_list":{"0":"post-1889","1":"product","2":"type-product","3":"status-publish","4":"has-post-thumbnail","6":"product_cat-viagra-generika-sildenafil","7":"desktop-align-left","8":"tablet-align-left","9":"mobile-align-left","11":"first","12":"instock","13":"shipping-taxable","14":"purchasable","15":"product-type-variable"},"yoast_head":"<!-- This site is optimized with the Yoast SEO plugin v27.0 - https:\/\/yoast.com\/product\/yoast-seo-wordpress\/ -->\n<title>Cenforce 100 mg -<\/title>\n<meta name=\"robots\" content=\"index, follow, max-snippet:-1, max-image-preview:large, max-video-preview:-1\" \/>\n<link rel=\"canonical\" href=\"https:\/\/cialisonlineshop.de\/fr\/product\/cenforce-100-mg\/\" \/>\n<meta property=\"og:locale\" content=\"fr_FR\" \/>\n<meta property=\"og:type\" content=\"article\" \/>\n<meta property=\"og:title\" content=\"Cenforce 100 mg -\" \/>\n<meta property=\"og:description\" content=\"Cenforce 100 mg\u00a0von der Pharma Gesellschaft Centurion Laboratories Prv. Ltd. ist ein vollwertiger Ersatz von Viagra. Die Wirkstoff ist Sildenafil f\u00fcr bessere Erektion und \u00e4hnlich wie bei anderen Viagra Generika\u00a0ist der Preis viel g\u00fcnstiger.    Produktcode: 87971766109   Kategorie: Viagra Generika (Sildenafil)   Marke: Centurion Laboratories Pvt. Ltd.   Verf\u00fcgbarkeit: Auf Lager\" \/>\n<meta property=\"og:url\" content=\"https:\/\/cialisonlineshop.de\/fr\/product\/cenforce-100-mg\/\" \/>\n<meta property=\"article:modified_time\" content=\"2026-01-14T10:15:29+00:00\" \/>\n<meta property=\"og:image\" content=\"https:\/\/cialisonlineshop.de\/wp-content\/uploads\/2026\/01\/Cenforce-100-mg.png\" \/>\n\t<meta property=\"og:image:width\" content=\"450\" \/>\n\t<meta property=\"og:image:height\" content=\"300\" \/>\n\t<meta property=\"og:image:type\" content=\"image\/png\" \/>\n<meta name=\"twitter:card\" content=\"summary_large_image\" \/>\n<meta name=\"twitter:label1\" content=\"Dur\u00e9e de lecture estim\u00e9e\" \/>\n\t<meta name=\"twitter:data1\" content=\"3 minutes\" \/>\n<script type=\"application\/ld+json\" class=\"yoast-schema-graph\">{\"@context\":\"https:\/\/schema.org\",\"@graph\":[{\"@type\":\"WebPage\",\"@id\":\"https:\/\/cialisonlineshop.de\/product\/cenforce-100-mg\/\",\"url\":\"https:\/\/cialisonlineshop.de\/product\/cenforce-100-mg\/\",\"name\":\"Cenforce 100 mg -\",\"isPartOf\":{\"@id\":\"https:\/\/cialisonlineshop.de\/#website\"},\"primaryImageOfPage\":{\"@id\":\"https:\/\/cialisonlineshop.de\/product\/cenforce-100-mg\/#primaryimage\"},\"image\":{\"@id\":\"https:\/\/cialisonlineshop.de\/product\/cenforce-100-mg\/#primaryimage\"},\"thumbnailUrl\":\"https:\/\/cialisonlineshop.de\/wp-content\/uploads\/2026\/01\/Cenforce-100-mg.png\",\"datePublished\":\"2026-01-14T10:15:26+00:00\",\"dateModified\":\"2026-01-14T10:15:29+00:00\",\"breadcrumb\":{\"@id\":\"https:\/\/cialisonlineshop.de\/product\/cenforce-100-mg\/#breadcrumb\"},\"inLanguage\":\"fr-FR\",\"potentialAction\":[{\"@type\":\"ReadAction\",\"target\":[\"https:\/\/cialisonlineshop.de\/product\/cenforce-100-mg\/\"]}]},{\"@type\":\"ImageObject\",\"inLanguage\":\"fr-FR\",\"@id\":\"https:\/\/cialisonlineshop.de\/product\/cenforce-100-mg\/#primaryimage\",\"url\":\"https:\/\/cialisonlineshop.de\/wp-content\/uploads\/2026\/01\/Cenforce-100-mg.png\",\"contentUrl\":\"https:\/\/cialisonlineshop.de\/wp-content\/uploads\/2026\/01\/Cenforce-100-mg.png\",\"width\":450,\"height\":300,\"caption\":\"import placeholder for 5515\"},{\"@type\":\"BreadcrumbList\",\"@id\":\"https:\/\/cialisonlineshop.de\/product\/cenforce-100-mg\/#breadcrumb\",\"itemListElement\":[{\"@type\":\"ListItem\",\"position\":1,\"name\":\"Home\",\"item\":\"https:\/\/cialisonlineshop.de\/\"},{\"@type\":\"ListItem\",\"position\":2,\"name\":\"Shop\",\"item\":\"https:\/\/cialisonlineshop.de\/shop\/\"},{\"@type\":\"ListItem\",\"position\":3,\"name\":\"Cenforce 100 mg\"}]},{\"@type\":\"WebSite\",\"@id\":\"https:\/\/cialisonlineshop.de\/#website\",\"url\":\"https:\/\/cialisonlineshop.de\/\",\"name\":\"Cialisonlineshop\",\"description\":\"\",\"publisher\":{\"@id\":\"https:\/\/cialisonlineshop.de\/#organization\"},\"potentialAction\":[{\"@type\":\"SearchAction\",\"target\":{\"@type\":\"EntryPoint\",\"urlTemplate\":\"https:\/\/cialisonlineshop.de\/?s={search_term_string}\"},\"query-input\":{\"@type\":\"PropertyValueSpecification\",\"valueRequired\":true,\"valueName\":\"search_term_string\"}}],\"inLanguage\":\"fr-FR\"},{\"@type\":\"Organization\",\"@id\":\"https:\/\/cialisonlineshop.de\/#organization\",\"name\":\"Cialisonlineshop\",\"url\":\"https:\/\/cialisonlineshop.de\/\",\"logo\":{\"@type\":\"ImageObject\",\"inLanguage\":\"fr-FR\",\"@id\":\"https:\/\/cialisonlineshop.de\/#\/schema\/logo\/image\/\",\"url\":\"https:\/\/cialisonlineshop.de\/wp-content\/uploads\/2026\/01\/Logo_maker_project__6_-removebg-preview-1.png\",\"contentUrl\":\"https:\/\/cialisonlineshop.de\/wp-content\/uploads\/2026\/01\/Logo_maker_project__6_-removebg-preview-1.png\",\"width\":432,\"height\":88,\"caption\":\"Cialisonlineshop\"},\"image\":{\"@id\":\"https:\/\/cialisonlineshop.de\/#\/schema\/logo\/image\/\"}}]}<\/script>\n<!-- \/ Yoast SEO plugin. -->","yoast_head_json":{"title":"Cenforce 100 mg -","robots":{"index":"index","follow":"follow","max-snippet":"max-snippet:-1","max-image-preview":"max-image-preview:large","max-video-preview":"max-video-preview:-1"},"canonical":"https:\/\/cialisonlineshop.de\/fr\/product\/cenforce-100-mg\/","og_locale":"fr_FR","og_type":"article","og_title":"Cenforce 100 mg -","og_description":"Cenforce 100 mg\u00a0von der Pharma Gesellschaft Centurion Laboratories Prv. Ltd. ist ein vollwertiger Ersatz von Viagra. Die Wirkstoff ist Sildenafil f\u00fcr bessere Erektion und \u00e4hnlich wie bei anderen Viagra Generika\u00a0ist der Preis viel g\u00fcnstiger.    Produktcode: 87971766109   Kategorie: Viagra Generika (Sildenafil)   Marke: Centurion Laboratories Pvt. Ltd.   Verf\u00fcgbarkeit: Auf Lager","og_url":"https:\/\/cialisonlineshop.de\/fr\/product\/cenforce-100-mg\/","article_modified_time":"2026-01-14T10:15:29+00:00","og_image":[{"width":450,"height":300,"url":"https:\/\/cialisonlineshop.de\/wp-content\/uploads\/2026\/01\/Cenforce-100-mg.png","type":"image\/png"}],"twitter_card":"summary_large_image","twitter_misc":{"Dur\u00e9e de lecture estim\u00e9e":"3 minutes"},"schema":{"@context":"https:\/\/schema.org","@graph":[{"@type":"WebPage","@id":"https:\/\/cialisonlineshop.de\/product\/cenforce-100-mg\/","url":"https:\/\/cialisonlineshop.de\/product\/cenforce-100-mg\/","name":"Cenforce 100 mg -","isPartOf":{"@id":"https:\/\/cialisonlineshop.de\/#website"},"primaryImageOfPage":{"@id":"https:\/\/cialisonlineshop.de\/product\/cenforce-100-mg\/#primaryimage"},"image":{"@id":"https:\/\/cialisonlineshop.de\/product\/cenforce-100-mg\/#primaryimage"},"thumbnailUrl":"https:\/\/cialisonlineshop.de\/wp-content\/uploads\/2026\/01\/Cenforce-100-mg.png","datePublished":"2026-01-14T10:15:26+00:00","dateModified":"2026-01-14T10:15:29+00:00","breadcrumb":{"@id":"https:\/\/cialisonlineshop.de\/product\/cenforce-100-mg\/#breadcrumb"},"inLanguage":"fr-FR","potentialAction":[{"@type":"ReadAction","target":["https:\/\/cialisonlineshop.de\/product\/cenforce-100-mg\/"]}]},{"@type":"ImageObject","inLanguage":"fr-FR","@id":"https:\/\/cialisonlineshop.de\/product\/cenforce-100-mg\/#primaryimage","url":"https:\/\/cialisonlineshop.de\/wp-content\/uploads\/2026\/01\/Cenforce-100-mg.png","contentUrl":"https:\/\/cialisonlineshop.de\/wp-content\/uploads\/2026\/01\/Cenforce-100-mg.png","width":450,"height":300,"caption":"import placeholder for 5515"},{"@type":"BreadcrumbList","@id":"https:\/\/cialisonlineshop.de\/product\/cenforce-100-mg\/#breadcrumb","itemListElement":[{"@type":"ListItem","position":1,"name":"Home","item":"https:\/\/cialisonlineshop.de\/"},{"@type":"ListItem","position":2,"name":"Shop","item":"https:\/\/cialisonlineshop.de\/shop\/"},{"@type":"ListItem","position":3,"name":"Cenforce 100 mg"}]},{"@type":"WebSite","@id":"https:\/\/cialisonlineshop.de\/#website","url":"https:\/\/cialisonlineshop.de\/","name":"Cialisonlineshop","description":"","publisher":{"@id":"https:\/\/cialisonlineshop.de\/#organization"},"potentialAction":[{"@type":"SearchAction","target":{"@type":"EntryPoint","urlTemplate":"https:\/\/cialisonlineshop.de\/?s={search_term_string}"},"query-input":{"@type":"PropertyValueSpecification","valueRequired":true,"valueName":"search_term_string"}}],"inLanguage":"fr-FR"},{"@type":"Organization","@id":"https:\/\/cialisonlineshop.de\/#organization","name":"Cialisonlineshop","url":"https:\/\/cialisonlineshop.de\/","logo":{"@type":"ImageObject","inLanguage":"fr-FR","@id":"https:\/\/cialisonlineshop.de\/#\/schema\/logo\/image\/","url":"https:\/\/cialisonlineshop.de\/wp-content\/uploads\/2026\/01\/Logo_maker_project__6_-removebg-preview-1.png","contentUrl":"https:\/\/cialisonlineshop.de\/wp-content\/uploads\/2026\/01\/Logo_maker_project__6_-removebg-preview-1.png","width":432,"height":88,"caption":"Cialisonlineshop"},"image":{"@id":"https:\/\/cialisonlineshop.de\/#\/schema\/logo\/image\/"}}]}},"uagb_featured_image_src":{"full":["https:\/\/cialisonlineshop.de\/wp-content\/uploads\/2026\/01\/Cenforce-100-mg.png",450,300,false],"thumbnail":["https:\/\/cialisonlineshop.de\/wp-content\/uploads\/2026\/01\/Cenforce-100-mg-150x150.png",150,150,true],"medium":["https:\/\/cialisonlineshop.de\/wp-content\/uploads\/2026\/01\/Cenforce-100-mg-300x200.png",300,200,true],"medium_large":["https:\/\/cialisonlineshop.de\/wp-content\/uploads\/2026\/01\/Cenforce-100-mg.png",450,300,false],"large":["https:\/\/cialisonlineshop.de\/wp-content\/uploads\/2026\/01\/Cenforce-100-mg.png",450,300,false],"1536x1536":["https:\/\/cialisonlineshop.de\/wp-content\/uploads\/2026\/01\/Cenforce-100-mg.png",450,300,false],"2048x2048":["https:\/\/cialisonlineshop.de\/wp-content\/uploads\/2026\/01\/Cenforce-100-mg.png",450,300,false],"trp-custom-language-flag":["https:\/\/cialisonlineshop.de\/wp-content\/uploads\/2026\/01\/Cenforce-100-mg.png",18,12,false],"woocommerce_thumbnail":["https:\/\/cialisonlineshop.de\/wp-content\/uploads\/2026\/01\/Cenforce-100-mg-300x300.png",300,300,true],"woocommerce_single":["https:\/\/cialisonlineshop.de\/wp-content\/uploads\/2026\/01\/Cenforce-100-mg.png",450,300,false],"woocommerce_gallery_thumbnail":["https:\/\/cialisonlineshop.de\/wp-content\/uploads\/2026\/01\/Cenforce-100-mg-100x100.png",100,100,true]},"uagb_author_info":{"display_name":"Stefan T\u00f6njes","author_link":"https:\/\/cialisonlineshop.de\/fr\/author\/"},"uagb_comment_info":0,"uagb_excerpt":"Cenforce 100 mg\u00a0von der Pharma Gesellschaft Centurion Laboratories Prv. Ltd. ist ein vollwertiger Ersatz von Viagra. Die Wirkstoff ist Sildenafil f\u00fcr bessere Erektion und \u00e4hnlich wie bei anderen Viagra Generika\u00a0ist der Preis viel g\u00fcnstiger. Produktcode: 87971766109 Kategorie: Viagra Generika (Sildenafil) Marke: Centurion Laboratories Pvt. Ltd. Verf\u00fcgbarkeit: Auf Lager","jetpack_sharing_enabled":true,"_links":{"self":[{"href":"https:\/\/cialisonlineshop.de\/fr\/wp-json\/wp\/v2\/product\/1889","targetHints":{"allow":["GET"]}}],"collection":[{"href":"https:\/\/cialisonlineshop.de\/fr\/wp-json\/wp\/v2\/product"}],"about":[{"href":"https:\/\/cialisonlineshop.de\/fr\/wp-json\/wp\/v2\/types\/product"}],"replies":[{"embeddable":true,"href":"https:\/\/cialisonlineshop.de\/fr\/wp-json\/wp\/v2\/comments?post=1889"}],"wp:featuredmedia":[{"embeddable":true,"href":"https:\/\/cialisonlineshop.de\/fr\/wp-json\/wp\/v2\/media\/1911"}],"wp:attachment":[{"href":"https:\/\/cialisonlineshop.de\/fr\/wp-json\/wp\/v2\/media?parent=1889"}],"wp:term":[{"taxonomy":"product_brand","embeddable":true,"href":"https:\/\/cialisonlineshop.de\/fr\/wp-json\/wp\/v2\/product_brand?post=1889"},{"taxonomy":"product_cat","embeddable":true,"href":"https:\/\/cialisonlineshop.de\/fr\/wp-json\/wp\/v2\/product_cat?post=1889"},{"taxonomy":"product_tag","embeddable":true,"href":"https:\/\/cialisonlineshop.de\/fr\/wp-json\/wp\/v2\/product_tag?post=1889"}],"curies":[{"name":"wp","href":"https:\/\/api.w.org\/{rel}","templated":true}]}}