{"id":3,"date":"2026-01-08T10:15:46","date_gmt":"2026-01-08T10:15:46","guid":{"rendered":"http:\/\/cialisonlineshop.de\/?page_id=3"},"modified":"2026-01-31T12:38:19","modified_gmt":"2026-01-31T12:38:19","slug":"privacy-policy","status":"publish","type":"page","link":"https:\/\/cialisonlineshop.de\/fr\/privacy-policy\/","title":{"rendered":"Datenschutzerkl\u00e4rung"},"content":{"rendered":"<div data-elementor-type=\"wp-page\" data-elementor-id=\"3\" class=\"elementor elementor-3\">\n\t\t\t\t<div class=\"elementor-element elementor-element-6a4de15 e-flex e-con-boxed e-con e-parent\" data-id=\"6a4de15\" data-element_type=\"container\">\n\t\t\t\t\t<div class=\"e-con-inner\">\n\t\t\t\t<div class=\"elementor-element elementor-element-c32d411 elementor-widget elementor-widget-text-editor\" data-id=\"c32d411\" data-element_type=\"widget\" data-widget_type=\"text-editor.default\">\n\t\t\t\t<div class=\"elementor-widget-container\">\n\t\t\t\t\t\t\t\t\t<p data-start=\"469\" data-end=\"722\">Der Schutz Ihrer personenbezogenen Daten ist uns ein wichtiges Anliegen.<br data-start=\"541\" data-end=\"544\" \/>Nachfolgend informieren wir Sie dar\u00fcber, wie wir personenbezogene Daten auf unserer Website <strong data-start=\"636\" data-end=\"659\">cialisonlineshop.de<\/strong> gem\u00e4\u00df der <strong data-start=\"670\" data-end=\"709\">Datenschutz-Grundverordnung (DSGVO)<\/strong> verarbeiten.<\/p>\n<hr data-start=\"724\" data-end=\"727\" \/>\n<h2 data-start=\"729\" data-end=\"751\">1. Verantwortlicher<\/h2>\n<p data-start=\"753\" data-end=\"793\"><strong data-start=\"753\" data-end=\"793\">Verantwortlicher im Sinne der DSGVO:<\/strong><\/p>\n<p data-start=\"795\" data-end=\"881\">Cialisonlineshop.de<br data-start=\"814\" data-end=\"817\" \/>Weitere Kontaktdaten finden Sie im <strong data-start=\"852\" data-end=\"865\">Impressum<\/strong> dieser Website.<\/p>\n<hr data-start=\"883\" data-end=\"886\" \/>\n<h2 data-start=\"888\" data-end=\"935\">2. Allgemeine Hinweise zur Datenverarbeitung<\/h2>\n<p data-start=\"937\" data-end=\"1066\">Personenbezogene Daten werden nur erhoben, wenn dies gesetzlich erlaubt ist oder Sie in die Datenverarbeitung eingewilligt haben.<\/p>\n<p data-start=\"1068\" data-end=\"1106\"><strong data-start=\"1068\" data-end=\"1106\">Personenbezogene Daten sind z. B.:<\/strong><\/p>\n<ul data-start=\"1107\" data-end=\"1182\">\n<li data-start=\"1107\" data-end=\"1115\">\n<p data-start=\"1109\" data-end=\"1115\">Name<\/p>\n<\/li>\n<li data-start=\"1116\" data-end=\"1134\">\n<p data-start=\"1118\" data-end=\"1134\">E-Mail-Adresse<\/p>\n<\/li>\n<li data-start=\"1135\" data-end=\"1149\">\n<p data-start=\"1137\" data-end=\"1149\">IP-Adresse<\/p>\n<\/li>\n<li data-start=\"1150\" data-end=\"1182\">\n<p data-start=\"1152\" data-end=\"1182\">Liefer- und Rechnungsadresse<\/p>\n<\/li>\n<\/ul>\n<hr data-start=\"1184\" data-end=\"1187\" \/>\n<h2 data-start=\"1189\" data-end=\"1226\">3. Zugriffsdaten \/ Server-Logfiles<\/h2>\n<p data-start=\"1228\" data-end=\"1311\">Beim Besuch unserer Website erhebt der Hosting-Provider automatisch folgende Daten:<\/p>\n<ul data-start=\"1313\" data-end=\"1468\">\n<li data-start=\"1313\" data-end=\"1331\">\n<p data-start=\"1315\" data-end=\"1331\">Besuchte Seite<\/p>\n<\/li>\n<li data-start=\"1332\" data-end=\"1366\">\n<p data-start=\"1334\" data-end=\"1366\">Datum und Uhrzeit des Zugriffs<\/p>\n<\/li>\n<li data-start=\"1367\" data-end=\"1394\">\n<p data-start=\"1369\" data-end=\"1394\">Browsertyp und -version<\/p>\n<\/li>\n<li data-start=\"1395\" data-end=\"1413\">\n<p data-start=\"1397\" data-end=\"1413\">Betriebssystem<\/p>\n<\/li>\n<li data-start=\"1414\" data-end=\"1430\">\n<p data-start=\"1416\" data-end=\"1430\">Referrer-URL<\/p>\n<\/li>\n<li data-start=\"1431\" data-end=\"1468\">\n<p data-start=\"1433\" data-end=\"1468\">IP-Adresse (gek\u00fcrzt \/ anonymisiert)<\/p>\n<\/li>\n<\/ul>\n<p data-start=\"1470\" data-end=\"1593\">Diese Daten dienen der <strong data-start=\"1493\" data-end=\"1522\">Sicherheit und Stabilit\u00e4t<\/strong> der Website und werden nicht mit anderen Datenquellen zusammengef\u00fchrt.<\/p>\n<p data-start=\"1595\" data-end=\"1642\"><strong data-start=\"1595\" data-end=\"1615\">Rechtsgrundlage:<\/strong> Art. 6 Abs. 1 lit. f DSGVO<\/p>\n<hr data-start=\"1644\" data-end=\"1647\" \/>\n<h2 data-start=\"1649\" data-end=\"1662\">4. Cookies<\/h2>\n<p data-start=\"1664\" data-end=\"1773\">Unsere Website verwendet Cookies. Cookies sind kleine Textdateien, die auf Ihrem Endger\u00e4t gespeichert werden.<\/p>\n<h3 data-start=\"1775\" data-end=\"1797\">Arten von Cookies:<\/h3>\n<ul data-start=\"1798\" data-end=\"1933\">\n<li data-start=\"1798\" data-end=\"1859\">\n<p data-start=\"1800\" data-end=\"1859\"><strong data-start=\"1800\" data-end=\"1832\">Technisch notwendige Cookies<\/strong> (z. B. Warenkorb, Sprache)<\/p>\n<\/li>\n<li data-start=\"1860\" data-end=\"1933\">\n<p data-start=\"1862\" data-end=\"1933\"><strong data-start=\"1862\" data-end=\"1883\">Optionale Cookies<\/strong> (z. B. Analyse, Marketing \u2013 nur mit Einwilligung)<\/p>\n<\/li>\n<\/ul>\n<p data-start=\"1935\" data-end=\"2012\">Sie k\u00f6nnen Ihre Cookie-Einstellungen jederzeit \u00fcber das Cookie-Banner \u00e4ndern.<\/p>\n<p data-start=\"2014\" data-end=\"2036\"><strong data-start=\"2014\" data-end=\"2034\">Rechtsgrundlage:<\/strong><\/p>\n<ul data-start=\"2037\" data-end=\"2132\">\n<li data-start=\"2037\" data-end=\"2082\">\n<p data-start=\"2039\" data-end=\"2082\">Art. 6 Abs. 1 lit. a DSGVO (Einwilligung)<\/p>\n<\/li>\n<li data-start=\"2083\" data-end=\"2132\">\n<p data-start=\"2085\" data-end=\"2132\">Art. 6 Abs. 1 lit. f DSGVO (notwendige Cookies)<\/p>\n<\/li>\n<\/ul>\n<hr data-start=\"2134\" data-end=\"2137\" \/>\n<h2 data-start=\"2139\" data-end=\"2177\">5. Kontaktformular &amp; E-Mail-Kontakt<\/h2>\n<p data-start=\"2179\" data-end=\"2298\">Wenn Sie uns per Kontaktformular oder E-Mail kontaktieren, werden Ihre Angaben zur Bearbeitung der Anfrage gespeichert.<\/p>\n<p data-start=\"2300\" data-end=\"2323\"><strong data-start=\"2300\" data-end=\"2323\">Verarbeitete Daten:<\/strong><\/p>\n<ul data-start=\"2324\" data-end=\"2363\">\n<li data-start=\"2324\" data-end=\"2332\">\n<p data-start=\"2326\" data-end=\"2332\">Name<\/p>\n<\/li>\n<li data-start=\"2333\" data-end=\"2351\">\n<p data-start=\"2335\" data-end=\"2351\">E-Mail-Adresse<\/p>\n<\/li>\n<li data-start=\"2352\" data-end=\"2363\">\n<p data-start=\"2354\" data-end=\"2363\">Nachricht<\/p>\n<\/li>\n<\/ul>\n<p data-start=\"2365\" data-end=\"2412\"><strong data-start=\"2365\" data-end=\"2385\">Rechtsgrundlage:<\/strong> Art. 6 Abs. 1 lit. b DSGVO<\/p>\n<hr data-start=\"2414\" data-end=\"2417\" \/>\n<h2 data-start=\"2419\" data-end=\"2451\">6. Kundenkonto &amp; Bestellungen<\/h2>\n<p data-start=\"2453\" data-end=\"2536\">Bei einer Bestellung verarbeiten wir personenbezogene Daten zur Vertragsabwicklung:<\/p>\n<ul data-start=\"2538\" data-end=\"2620\">\n<li data-start=\"2538\" data-end=\"2546\">\n<p data-start=\"2540\" data-end=\"2546\">Name<\/p>\n<\/li>\n<li data-start=\"2547\" data-end=\"2577\">\n<p data-start=\"2549\" data-end=\"2577\">Rechnungs- &amp; Lieferadresse<\/p>\n<\/li>\n<li data-start=\"2578\" data-end=\"2603\">\n<p data-start=\"2580\" data-end=\"2603\">Zahlungsinformationen<\/p>\n<\/li>\n<li data-start=\"2604\" data-end=\"2620\">\n<p data-start=\"2606\" data-end=\"2620\">Bestelldaten<\/p>\n<\/li>\n<\/ul>\n<p data-start=\"2622\" data-end=\"2678\">Diese Daten sind f\u00fcr die Vertragserf\u00fcllung erforderlich.<\/p>\n<p data-start=\"2680\" data-end=\"2727\"><strong data-start=\"2680\" data-end=\"2700\">Rechtsgrundlage:<\/strong> Art. 6 Abs. 1 lit. b DSGVO<\/p>\n<hr data-start=\"2729\" data-end=\"2732\" \/>\n<h2 data-start=\"2734\" data-end=\"2761\">7. Zahlungsdienstleister<\/h2>\n<p data-start=\"2763\" data-end=\"2917\">Zur Zahlungsabwicklung setzen wir externe Zahlungsdienstleister ein.<br data-start=\"2831\" data-end=\"2834\" \/>Die jeweils erforderlichen Daten werden direkt an den Zahlungsanbieter \u00fcbermittelt.<\/p>\n<p data-start=\"2919\" data-end=\"3003\">Die Verarbeitung erfolgt gem\u00e4\u00df den Datenschutzbestimmungen des jeweiligen Anbieters.<\/p>\n<p data-start=\"3005\" data-end=\"3052\"><strong data-start=\"3005\" data-end=\"3025\">Rechtsgrundlage:<\/strong> Art. 6 Abs. 1 lit. b DSGVO<\/p>\n<hr data-start=\"3054\" data-end=\"3057\" \/>\n<h2 data-start=\"3059\" data-end=\"3085\">8. Versanddienstleister<\/h2>\n<p data-start=\"3087\" data-end=\"3195\">Zur Lieferung der bestellten Ware geben wir notwendige Daten (Name, Adresse) an Versanddienstleister weiter.<\/p>\n<p data-start=\"3197\" data-end=\"3244\"><strong data-start=\"3197\" data-end=\"3217\">Rechtsgrundlage:<\/strong> Art. 6 Abs. 1 lit. b DSGVO<\/p>\n<hr data-start=\"3246\" data-end=\"3249\" \/>\n<h2 data-start=\"3251\" data-end=\"3291\">9. Online-Streitbeilegung (OAG \/ ODR)<\/h2>\n<p data-start=\"3293\" data-end=\"3416\">Die Europ\u00e4ische Kommission stellt eine Plattform zur Online-Streitbeilegung bereit:<br data-start=\"3376\" data-end=\"3379\" \/>\ud83d\udc49 <a class=\"decorated-link cursor-pointer\" target=\"_new\" rel=\"noopener\" data-start=\"3382\" data-end=\"3416\">https:\/\/ec.europa.eu\/consumers\/odr<\/a><\/p>\n<hr data-start=\"3418\" data-end=\"3421\" \/>\n<h2 data-start=\"3423\" data-end=\"3463\">10. Ihre Rechte als betroffene Person<\/h2>\n<p data-start=\"3465\" data-end=\"3503\">Sie haben folgende Rechte gem\u00e4\u00df DSGVO:<\/p>\n<ul data-start=\"3505\" data-end=\"3777\">\n<li data-start=\"3505\" data-end=\"3543\">\n<p data-start=\"3507\" data-end=\"3543\">Recht auf Auskunft (Art. 15 DSGVO)<\/p>\n<\/li>\n<li data-start=\"3544\" data-end=\"3586\">\n<p data-start=\"3546\" data-end=\"3586\">Recht auf Berichtigung (Art. 16 DSGVO)<\/p>\n<\/li>\n<li data-start=\"3587\" data-end=\"3625\">\n<p data-start=\"3589\" data-end=\"3625\">Recht auf L\u00f6schung (Art. 17 DSGVO)<\/p>\n<\/li>\n<li data-start=\"3626\" data-end=\"3686\">\n<p data-start=\"3628\" data-end=\"3686\">Recht auf Einschr\u00e4nkung der Verarbeitung (Art. 18 DSGVO)<\/p>\n<\/li>\n<li data-start=\"3687\" data-end=\"3737\">\n<p data-start=\"3689\" data-end=\"3737\">Recht auf Daten\u00fcbertragbarkeit (Art. 20 DSGVO)<\/p>\n<\/li>\n<li data-start=\"3738\" data-end=\"3777\">\n<p data-start=\"3740\" data-end=\"3777\">Recht auf Widerspruch (Art. 21 DSGVO)<\/p>\n<\/li>\n<\/ul>\n<hr data-start=\"3779\" data-end=\"3782\" \/>\n<h2 data-start=\"3784\" data-end=\"3818\">11. Widerruf Ihrer Einwilligung<\/h2>\n<p data-start=\"3820\" data-end=\"3907\">Sie k\u00f6nnen eine erteilte Einwilligung jederzeit mit Wirkung f\u00fcr die Zukunft widerrufen.<\/p>\n<hr data-start=\"3909\" data-end=\"3912\" \/>\n<h2 data-start=\"3914\" data-end=\"3961\">12. Beschwerderecht bei der Aufsichtsbeh\u00f6rde<\/h2>\n<p data-start=\"3963\" data-end=\"4129\">Sie haben das Recht, sich bei einer Datenschutz-Aufsichtsbeh\u00f6rde zu beschweren, wenn Sie der Ansicht sind, dass die Verarbeitung Ihrer Daten gegen die DSGVO verst\u00f6\u00dft.<\/p>\n<hr data-start=\"4131\" data-end=\"4134\" \/>\n<h2 data-start=\"4136\" data-end=\"4158\">13. Datensicherheit<\/h2>\n<p data-start=\"4160\" data-end=\"4305\">Wir setzen technische und organisatorische Sicherheitsma\u00dfnahmen ein, um Ihre Daten vor Manipulation, Verlust oder unbefugtem Zugriff zu sch\u00fctzen.<\/p>\n<hr data-start=\"4307\" data-end=\"4310\" \/>\n<h2 data-start=\"4312\" data-end=\"4344\">14. Aktualit\u00e4t und \u00c4nderungen<\/h2>\n<p data-start=\"4346\" data-end=\"4462\">Diese Datenschutzerkl\u00e4rung ist aktuell g\u00fcltig und kann bei rechtlichen oder technischen \u00c4nderungen angepasst werden.<\/p>\t\t\t\t\t\t\t\t<\/div>\n\t\t\t\t<\/div>\n\t\t\t\t\t<\/div>\n\t\t\t\t<\/div>\n\t\t<div class=\"elementor-element elementor-element-95ae048 e-flex e-con-boxed e-con e-parent\" data-id=\"95ae048\" data-element_type=\"container\">\n\t\t\t\t\t<div class=\"e-con-inner\">\n\t\t\t\t<div class=\"elementor-element elementor-element-a3660c5 elementor-widget elementor-widget-image\" data-id=\"a3660c5\" data-element_type=\"widget\" data-widget_type=\"image.default\">\n\t\t\t\t<div class=\"elementor-widget-container\">\n\t\t\t\t\t\t\t\t\t\t\t\t\t\t\t<img fetchpriority=\"high\" decoding=\"async\" width=\"1024\" height=\"683\" src=\"https:\/\/cialisonlineshop.de\/wp-content\/uploads\/2026\/01\/ChatGPT-Image-Jan-31-2026-04_36_36-AM-1024x683.png\" class=\"attachment-large size-large wp-image-2453\" alt=\"\" srcset=\"https:\/\/cialisonlineshop.de\/wp-content\/uploads\/2026\/01\/ChatGPT-Image-Jan-31-2026-04_36_36-AM-1024x683.png 1024w, https:\/\/cialisonlineshop.de\/wp-content\/uploads\/2026\/01\/ChatGPT-Image-Jan-31-2026-04_36_36-AM-300x200.png 300w, https:\/\/cialisonlineshop.de\/wp-content\/uploads\/2026\/01\/ChatGPT-Image-Jan-31-2026-04_36_36-AM-768x512.png 768w, https:\/\/cialisonlineshop.de\/wp-content\/uploads\/2026\/01\/ChatGPT-Image-Jan-31-2026-04_36_36-AM-18x12.png 18w, https:\/\/cialisonlineshop.de\/wp-content\/uploads\/2026\/01\/ChatGPT-Image-Jan-31-2026-04_36_36-AM-600x400.png 600w, https:\/\/cialisonlineshop.de\/wp-content\/uploads\/2026\/01\/ChatGPT-Image-Jan-31-2026-04_36_36-AM.png 1536w\" sizes=\"(max-width: 1024px) 100vw, 1024px\" \/>\t\t\t\t\t\t\t\t\t\t\t\t\t\t\t<\/div>\n\t\t\t\t<\/div>\n\t\t\t\t\t<\/div>\n\t\t\t\t<\/div>\n\t\t\t\t<\/div>","protected":false},"excerpt":{"rendered":"<p>Der Schutz Ihrer personenbezogenen Daten ist uns ein wichtiges Anliegen.Nachfolgend informieren wir Sie dar\u00fcber, wie wir personenbezogene Daten auf unserer Website cialisonlineshop.de gem\u00e4\u00df der Datenschutz-Grundverordnung (DSGVO) verarbeiten. 1. Verantwortlicher Verantwortlicher im Sinne der DSGVO: Cialisonlineshop.deWeitere Kontaktdaten finden Sie im Impressum dieser Website. 2. Allgemeine Hinweise zur Datenverarbeitung Personenbezogene Daten werden nur erhoben, wenn dies gesetzlich [&hellip;]<\/p>","protected":false},"author":2,"featured_media":0,"parent":0,"menu_order":0,"comment_status":"closed","ping_status":"open","template":"","meta":{"_uag_custom_page_level_css":"","site-sidebar-layout":"default","site-content-layout":"","ast-site-content-layout":"default","site-content-style":"default","site-sidebar-style":"default","ast-global-header-display":"","ast-banner-title-visibility":"","ast-main-header-display":"","ast-hfb-above-header-display":"","ast-hfb-below-header-display":"","ast-hfb-mobile-header-display":"","site-post-title":"","ast-breadcrumbs-content":"","ast-featured-img":"","footer-sml-layout":"","ast-disable-related-posts":"","theme-transparent-header-meta":"","adv-header-id-meta":"","stick-header-meta":"","header-above-stick-meta":"","header-main-stick-meta":"","header-below-stick-meta":"","astra-migrate-meta-layouts":"set","ast-page-background-enabled":"default","ast-page-background-meta":{"desktop":{"background-color":"","background-image":"","background-repeat":"repeat","background-position":"center center","background-size":"auto","background-attachment":"scroll","background-type":"","background-media":"","overlay-type":"","overlay-color":"","overlay-opacity":"","overlay-gradient":""},"tablet":{"background-color":"","background-image":"","background-repeat":"repeat","background-position":"center center","background-size":"auto","background-attachment":"scroll","background-type":"","background-media":"","overlay-type":"","overlay-color":"","overlay-opacity":"","overlay-gradient":""},"mobile":{"background-color":"","background-image":"","background-repeat":"repeat","background-position":"center center","background-size":"auto","background-attachment":"scroll","background-type":"","background-media":"","overlay-type":"","overlay-color":"","overlay-opacity":"","overlay-gradient":""}},"ast-content-background-meta":{"desktop":{"background-color":"var(--ast-global-color-5)","background-image":"","background-repeat":"repeat","background-position":"center center","background-size":"auto","background-attachment":"scroll","background-type":"","background-media":"","overlay-type":"","overlay-color":"","overlay-opacity":"","overlay-gradient":""},"tablet":{"background-color":"var(--ast-global-color-5)","background-image":"","background-repeat":"repeat","background-position":"center center","background-size":"auto","background-attachment":"scroll","background-type":"","background-media":"","overlay-type":"","overlay-color":"","overlay-opacity":"","overlay-gradient":""},"mobile":{"background-color":"var(--ast-global-color-5)","background-image":"","background-repeat":"repeat","background-position":"center center","background-size":"auto","background-attachment":"scroll","background-type":"","background-media":"","overlay-type":"","overlay-color":"","overlay-opacity":"","overlay-gradient":""}},"episode_type":"","audio_file":"","cover_image":"","cover_image_id":"","duration":"","filesize":"","filesize_raw":"","date_recorded":"","explicit":"","block":"","itunes_episode_number":"","itunes_title":"","itunes_season_number":"","itunes_episode_type":"","footnotes":""},"class_list":["post-3","page","type-page","status-publish","hentry"],"yoast_head":"<!-- This site is optimized with the Yoast SEO plugin v27.0 - https:\/\/yoast.com\/product\/yoast-seo-wordpress\/ -->\n<title>Datenschutzerkl\u00e4rung | DSGVO &amp; Datenschutz \u2013 Cialisonlineshop.de<\/title>\n<meta name=\"description\" content=\"Datenschutzerkl\u00e4rung von cialisonlineshop.de. Informationen zur Verarbeitung personenbezogener Daten gem\u00e4\u00df DSGVO.\" \/>\n<meta name=\"robots\" content=\"index, follow, max-snippet:-1, max-image-preview:large, max-video-preview:-1\" \/>\n<link rel=\"canonical\" href=\"https:\/\/cialisonlineshop.de\/fr\/privacy-policy\/\" \/>\n<meta property=\"og:locale\" content=\"fr_FR\" \/>\n<meta property=\"og:type\" content=\"article\" \/>\n<meta property=\"og:title\" content=\"Datenschutzerkl\u00e4rung | DSGVO &amp; Datenschutz \u2013 Cialisonlineshop.de\" \/>\n<meta property=\"og:description\" content=\"Datenschutzerkl\u00e4rung von cialisonlineshop.de. Informationen zur Verarbeitung personenbezogener Daten gem\u00e4\u00df DSGVO.\" \/>\n<meta property=\"og:url\" content=\"https:\/\/cialisonlineshop.de\/fr\/privacy-policy\/\" \/>\n<meta property=\"article:modified_time\" content=\"2026-01-31T12:38:19+00:00\" \/>\n<meta property=\"og:image\" content=\"https:\/\/cialisonlineshop.de\/wp-content\/uploads\/2026\/01\/ChatGPT-Image-Jan-31-2026-04_36_36-AM-1024x683.png\" \/>\n<meta name=\"twitter:card\" content=\"summary_large_image\" \/>\n<meta name=\"twitter:label1\" content=\"Dur\u00e9e de lecture estim\u00e9e\" \/>\n\t<meta name=\"twitter:data1\" content=\"3 minutes\" \/>\n<script type=\"application\/ld+json\" class=\"yoast-schema-graph\">{\"@context\":\"https:\/\/schema.org\",\"@graph\":[{\"@type\":\"WebPage\",\"@id\":\"https:\/\/cialisonlineshop.de\/privacy-policy\/\",\"url\":\"https:\/\/cialisonlineshop.de\/privacy-policy\/\",\"name\":\"Datenschutzerkl\u00e4rung | DSGVO & Datenschutz \u2013 Cialisonlineshop.de\",\"isPartOf\":{\"@id\":\"https:\/\/cialisonlineshop.de\/#website\"},\"primaryImageOfPage\":{\"@id\":\"https:\/\/cialisonlineshop.de\/privacy-policy\/#primaryimage\"},\"image\":{\"@id\":\"https:\/\/cialisonlineshop.de\/privacy-policy\/#primaryimage\"},\"thumbnailUrl\":\"https:\/\/cialisonlineshop.de\/wp-content\/uploads\/2026\/01\/ChatGPT-Image-Jan-31-2026-04_36_36-AM-1024x683.png\",\"datePublished\":\"2026-01-08T10:15:46+00:00\",\"dateModified\":\"2026-01-31T12:38:19+00:00\",\"description\":\"Datenschutzerkl\u00e4rung von cialisonlineshop.de. Informationen zur Verarbeitung personenbezogener Daten gem\u00e4\u00df DSGVO.\",\"breadcrumb\":{\"@id\":\"https:\/\/cialisonlineshop.de\/privacy-policy\/#breadcrumb\"},\"inLanguage\":\"fr-FR\",\"potentialAction\":[{\"@type\":\"ReadAction\",\"target\":[\"https:\/\/cialisonlineshop.de\/privacy-policy\/\"]}]},{\"@type\":\"ImageObject\",\"inLanguage\":\"fr-FR\",\"@id\":\"https:\/\/cialisonlineshop.de\/privacy-policy\/#primaryimage\",\"url\":\"https:\/\/cialisonlineshop.de\/wp-content\/uploads\/2026\/01\/ChatGPT-Image-Jan-31-2026-04_36_36-AM-1024x683.png\",\"contentUrl\":\"https:\/\/cialisonlineshop.de\/wp-content\/uploads\/2026\/01\/ChatGPT-Image-Jan-31-2026-04_36_36-AM-1024x683.png\"},{\"@type\":\"BreadcrumbList\",\"@id\":\"https:\/\/cialisonlineshop.de\/privacy-policy\/#breadcrumb\",\"itemListElement\":[{\"@type\":\"ListItem\",\"position\":1,\"name\":\"Home\",\"item\":\"https:\/\/cialisonlineshop.de\/\"},{\"@type\":\"ListItem\",\"position\":2,\"name\":\"Datenschutzerkl\u00e4rung\"}]},{\"@type\":\"WebSite\",\"@id\":\"https:\/\/cialisonlineshop.de\/#website\",\"url\":\"https:\/\/cialisonlineshop.de\/\",\"name\":\"Cialisonlineshop\",\"description\":\"\",\"publisher\":{\"@id\":\"https:\/\/cialisonlineshop.de\/#organization\"},\"potentialAction\":[{\"@type\":\"SearchAction\",\"target\":{\"@type\":\"EntryPoint\",\"urlTemplate\":\"https:\/\/cialisonlineshop.de\/?s={search_term_string}\"},\"query-input\":{\"@type\":\"PropertyValueSpecification\",\"valueRequired\":true,\"valueName\":\"search_term_string\"}}],\"inLanguage\":\"fr-FR\"},{\"@type\":\"Organization\",\"@id\":\"https:\/\/cialisonlineshop.de\/#organization\",\"name\":\"Cialisonlineshop\",\"url\":\"https:\/\/cialisonlineshop.de\/\",\"logo\":{\"@type\":\"ImageObject\",\"inLanguage\":\"fr-FR\",\"@id\":\"https:\/\/cialisonlineshop.de\/#\/schema\/logo\/image\/\",\"url\":\"https:\/\/cialisonlineshop.de\/wp-content\/uploads\/2026\/01\/Logo_maker_project__6_-removebg-preview-1.png\",\"contentUrl\":\"https:\/\/cialisonlineshop.de\/wp-content\/uploads\/2026\/01\/Logo_maker_project__6_-removebg-preview-1.png\",\"width\":432,\"height\":88,\"caption\":\"Cialisonlineshop\"},\"image\":{\"@id\":\"https:\/\/cialisonlineshop.de\/#\/schema\/logo\/image\/\"}}]}<\/script>\n<!-- \/ Yoast SEO plugin. -->","yoast_head_json":{"title":"Datenschutzerkl\u00e4rung | DSGVO & Datenschutz \u2013 Cialisonlineshop.de","description":"Datenschutzerkl\u00e4rung von cialisonlineshop.de. Informationen zur Verarbeitung personenbezogener Daten gem\u00e4\u00df DSGVO.","robots":{"index":"index","follow":"follow","max-snippet":"max-snippet:-1","max-image-preview":"max-image-preview:large","max-video-preview":"max-video-preview:-1"},"canonical":"https:\/\/cialisonlineshop.de\/fr\/privacy-policy\/","og_locale":"fr_FR","og_type":"article","og_title":"Datenschutzerkl\u00e4rung | DSGVO & Datenschutz \u2013 Cialisonlineshop.de","og_description":"Datenschutzerkl\u00e4rung von cialisonlineshop.de. Informationen zur Verarbeitung personenbezogener Daten gem\u00e4\u00df DSGVO.","og_url":"https:\/\/cialisonlineshop.de\/fr\/privacy-policy\/","article_modified_time":"2026-01-31T12:38:19+00:00","og_image":[{"url":"https:\/\/cialisonlineshop.de\/wp-content\/uploads\/2026\/01\/ChatGPT-Image-Jan-31-2026-04_36_36-AM-1024x683.png","type":"","width":"","height":""}],"twitter_card":"summary_large_image","twitter_misc":{"Dur\u00e9e de lecture estim\u00e9e":"3 minutes"},"schema":{"@context":"https:\/\/schema.org","@graph":[{"@type":"WebPage","@id":"https:\/\/cialisonlineshop.de\/privacy-policy\/","url":"https:\/\/cialisonlineshop.de\/privacy-policy\/","name":"Datenschutzerkl\u00e4rung | DSGVO & Datenschutz \u2013 Cialisonlineshop.de","isPartOf":{"@id":"https:\/\/cialisonlineshop.de\/#website"},"primaryImageOfPage":{"@id":"https:\/\/cialisonlineshop.de\/privacy-policy\/#primaryimage"},"image":{"@id":"https:\/\/cialisonlineshop.de\/privacy-policy\/#primaryimage"},"thumbnailUrl":"https:\/\/cialisonlineshop.de\/wp-content\/uploads\/2026\/01\/ChatGPT-Image-Jan-31-2026-04_36_36-AM-1024x683.png","datePublished":"2026-01-08T10:15:46+00:00","dateModified":"2026-01-31T12:38:19+00:00","description":"Datenschutzerkl\u00e4rung von cialisonlineshop.de. Informationen zur Verarbeitung personenbezogener Daten gem\u00e4\u00df DSGVO.","breadcrumb":{"@id":"https:\/\/cialisonlineshop.de\/privacy-policy\/#breadcrumb"},"inLanguage":"fr-FR","potentialAction":[{"@type":"ReadAction","target":["https:\/\/cialisonlineshop.de\/privacy-policy\/"]}]},{"@type":"ImageObject","inLanguage":"fr-FR","@id":"https:\/\/cialisonlineshop.de\/privacy-policy\/#primaryimage","url":"https:\/\/cialisonlineshop.de\/wp-content\/uploads\/2026\/01\/ChatGPT-Image-Jan-31-2026-04_36_36-AM-1024x683.png","contentUrl":"https:\/\/cialisonlineshop.de\/wp-content\/uploads\/2026\/01\/ChatGPT-Image-Jan-31-2026-04_36_36-AM-1024x683.png"},{"@type":"BreadcrumbList","@id":"https:\/\/cialisonlineshop.de\/privacy-policy\/#breadcrumb","itemListElement":[{"@type":"ListItem","position":1,"name":"Home","item":"https:\/\/cialisonlineshop.de\/"},{"@type":"ListItem","position":2,"name":"Datenschutzerkl\u00e4rung"}]},{"@type":"WebSite","@id":"https:\/\/cialisonlineshop.de\/#website","url":"https:\/\/cialisonlineshop.de\/","name":"Cialisonlineshop","description":"","publisher":{"@id":"https:\/\/cialisonlineshop.de\/#organization"},"potentialAction":[{"@type":"SearchAction","target":{"@type":"EntryPoint","urlTemplate":"https:\/\/cialisonlineshop.de\/?s={search_term_string}"},"query-input":{"@type":"PropertyValueSpecification","valueRequired":true,"valueName":"search_term_string"}}],"inLanguage":"fr-FR"},{"@type":"Organization","@id":"https:\/\/cialisonlineshop.de\/#organization","name":"Cialisonlineshop","url":"https:\/\/cialisonlineshop.de\/","logo":{"@type":"ImageObject","inLanguage":"fr-FR","@id":"https:\/\/cialisonlineshop.de\/#\/schema\/logo\/image\/","url":"https:\/\/cialisonlineshop.de\/wp-content\/uploads\/2026\/01\/Logo_maker_project__6_-removebg-preview-1.png","contentUrl":"https:\/\/cialisonlineshop.de\/wp-content\/uploads\/2026\/01\/Logo_maker_project__6_-removebg-preview-1.png","width":432,"height":88,"caption":"Cialisonlineshop"},"image":{"@id":"https:\/\/cialisonlineshop.de\/#\/schema\/logo\/image\/"}}]}},"_hostinger_reach_plugin_has_subscription_block":false,"_hostinger_reach_plugin_is_elementor":false,"uagb_featured_image_src":{"full":false,"thumbnail":false,"medium":false,"medium_large":false,"large":false,"1536x1536":false,"2048x2048":false,"trp-custom-language-flag":false,"woocommerce_thumbnail":false,"woocommerce_single":false,"woocommerce_gallery_thumbnail":false},"uagb_author_info":{"display_name":"Stefan T\u00f6njes","author_link":"https:\/\/cialisonlineshop.de\/fr\/author\/stefan\/"},"uagb_comment_info":0,"uagb_excerpt":"Der Schutz Ihrer personenbezogenen Daten ist uns ein wichtiges Anliegen.Nachfolgend informieren wir Sie dar\u00fcber, wie wir personenbezogene Daten auf unserer Website cialisonlineshop.de gem\u00e4\u00df der Datenschutz-Grundverordnung (DSGVO) verarbeiten. 1. Verantwortlicher Verantwortlicher im Sinne der DSGVO: Cialisonlineshop.deWeitere Kontaktdaten finden Sie im Impressum dieser Website. 2. Allgemeine Hinweise zur Datenverarbeitung Personenbezogene Daten werden nur erhoben, wenn dies gesetzlich\u2026","jetpack_sharing_enabled":true,"_links":{"self":[{"href":"https:\/\/cialisonlineshop.de\/fr\/wp-json\/wp\/v2\/pages\/3","targetHints":{"allow":["GET"]}}],"collection":[{"href":"https:\/\/cialisonlineshop.de\/fr\/wp-json\/wp\/v2\/pages"}],"about":[{"href":"https:\/\/cialisonlineshop.de\/fr\/wp-json\/wp\/v2\/types\/page"}],"author":[{"embeddable":true,"href":"https:\/\/cialisonlineshop.de\/fr\/wp-json\/wp\/v2\/users\/2"}],"replies":[{"embeddable":true,"href":"https:\/\/cialisonlineshop.de\/fr\/wp-json\/wp\/v2\/comments?post=3"}],"version-history":[{"count":8,"href":"https:\/\/cialisonlineshop.de\/fr\/wp-json\/wp\/v2\/pages\/3\/revisions"}],"predecessor-version":[{"id":2458,"href":"https:\/\/cialisonlineshop.de\/fr\/wp-json\/wp\/v2\/pages\/3\/revisions\/2458"}],"wp:attachment":[{"href":"https:\/\/cialisonlineshop.de\/fr\/wp-json\/wp\/v2\/media?parent=3"}],"curies":[{"name":"wp","href":"https:\/\/api.w.org\/{rel}","templated":true}]}}