{"id":2459,"date":"2026-01-31T12:40:13","date_gmt":"2026-01-31T12:40:13","guid":{"rendered":"https:\/\/cialisonlineshop.de\/?page_id=2459"},"modified":"2026-01-31T12:51:17","modified_gmt":"2026-01-31T12:51:17","slug":"impressum","status":"publish","type":"page","link":"https:\/\/cialisonlineshop.de\/fr\/impressum\/","title":{"rendered":"Impressum"},"content":{"rendered":"<div data-elementor-type=\"wp-page\" data-elementor-id=\"2459\" class=\"elementor elementor-2459\">\n\t\t\t\t<div class=\"elementor-element elementor-element-365b732 e-flex e-con-boxed e-con e-parent\" data-id=\"365b732\" data-element_type=\"container\">\n\t\t\t\t\t<div class=\"e-con-inner\">\n\t\t\t\t<div class=\"elementor-element elementor-element-b8f4bcf elementor-widget elementor-widget-text-editor\" data-id=\"b8f4bcf\" data-element_type=\"widget\" data-widget_type=\"text-editor.default\">\n\t\t\t\t<div class=\"elementor-widget-container\">\n\t\t\t\t\t\t\t\t\t<p data-start=\"259\" data-end=\"284\"><strong data-start=\"259\" data-end=\"284\">Angaben gem\u00e4\u00df \u00a7 5 TMG<\/strong><\/p><p data-start=\"286\" data-end=\"327\"><strong data-start=\"286\" data-end=\"301\">Firmenname:<\/strong><br data-start=\"301\" data-end=\"304\" \/>Digital Waves Logistics<\/p><p data-start=\"329\" data-end=\"410\"><strong data-start=\"329\" data-end=\"343\">Anschrift:<\/strong><br data-start=\"343\" data-end=\"346\" \/>Im Burgfeld 136<br data-start=\"361\" data-end=\"364\" \/>60439 Frankfurt am Main<br data-start=\"387\" data-end=\"390\" \/>Hessen<br data-start=\"396\" data-end=\"399\" \/>Deutschland<\/p><p data-start=\"412\" data-end=\"502\"><strong data-start=\"412\" data-end=\"424\">Kontakt:<\/strong><br data-start=\"424\" data-end=\"427\" \/>Telefon: +49 (0)69 24006752<br data-start=\"454\" data-end=\"457\" \/>E-Mail: <a class=\"decorated-link cursor-pointer\" rel=\"noopener\" data-start=\"465\" data-end=\"483\">info@cilaisonlineshop.de<\/a>\u00a0<em data-start=\"484\" data-end=\"502\">(bitte anpassen)<\/em><\/p><p data-start=\"504\" data-end=\"527\"><strong data-start=\"504\" data-end=\"513\">Land:<\/strong><br data-start=\"513\" data-end=\"516\" \/>Deutschland<\/p><p data-start=\"529\" data-end=\"677\"><strong data-start=\"529\" data-end=\"585\">Verantwortlich f\u00fcr den Inhalt nach \u00a7 55 Abs. 2 RStV:<\/strong><br data-start=\"585\" data-end=\"588\" \/>Digital Waves Logistics<br data-start=\"611\" data-end=\"614\" \/>Im Burgfeld 136<br data-start=\"629\" data-end=\"632\" \/>60439 Frankfurt am Main<br data-start=\"655\" data-end=\"658\" \/>Hessen, Deutschland<\/p><hr data-start=\"679\" data-end=\"682\" \/><h3 data-start=\"684\" data-end=\"711\"><strong data-start=\"688\" data-end=\"711\">Haftung f\u00fcr Inhalte<\/strong><\/h3><p data-start=\"712\" data-end=\"987\">Als Diensteanbieter sind wir gem\u00e4\u00df \u00a7 7 Abs.1 TMG f\u00fcr eigene Inhalte auf diesen Seiten nach den allgemeinen Gesetzen verantwortlich. Nach \u00a7\u00a7 8 bis 10 TMG sind wir als Diensteanbieter jedoch nicht verpflichtet, \u00fcbermittelte oder gespeicherte fremde Informationen zu \u00fcberwachen.<\/p><hr data-start=\"989\" data-end=\"992\" \/><h3 data-start=\"994\" data-end=\"1019\"><strong data-start=\"998\" data-end=\"1019\">Haftung f\u00fcr Links<\/strong><\/h3><p data-start=\"1020\" data-end=\"1198\">Unser Angebot enth\u00e4lt Links zu externen Webseiten Dritter, auf deren Inhalte wir keinen Einfluss haben. Deshalb k\u00f6nnen wir f\u00fcr diese fremden Inhalte auch keine Gew\u00e4hr \u00fcbernehmen.<\/p><hr data-start=\"1200\" data-end=\"1203\" \/><h3 data-start=\"1205\" data-end=\"1225\"><strong data-start=\"1209\" data-end=\"1225\">Urheberrecht<\/strong><\/h3><p data-start=\"1226\" data-end=\"1342\">Die durch die Seitenbetreiber erstellten Inhalte und Werke auf diesen Seiten unterliegen dem deutschen Urheberrecht.<\/p>\t\t\t\t\t\t\t\t<\/div>\n\t\t\t\t<\/div>\n\t\t\t\t\t<\/div>\n\t\t\t\t<\/div>\n\t\t<div class=\"elementor-element elementor-element-07b1cb1 e-flex e-con-boxed e-con e-parent\" data-id=\"07b1cb1\" data-element_type=\"container\">\n\t\t\t\t\t<div class=\"e-con-inner\">\n\t\t\t\t<div class=\"elementor-element elementor-element-f60cfa9 elementor-widget elementor-widget-image\" data-id=\"f60cfa9\" data-element_type=\"widget\" data-widget_type=\"image.default\">\n\t\t\t\t<div class=\"elementor-widget-container\">\n\t\t\t\t\t\t\t\t\t\t\t\t\t\t\t<img fetchpriority=\"high\" decoding=\"async\" width=\"683\" height=\"1024\" src=\"https:\/\/cialisonlineshop.de\/wp-content\/uploads\/2026\/01\/ChatGPT-Image-Jan-31-2026-04_49_30-AM-1-683x1024.png\" class=\"attachment-large size-large wp-image-2463\" alt=\"\" srcset=\"https:\/\/cialisonlineshop.de\/wp-content\/uploads\/2026\/01\/ChatGPT-Image-Jan-31-2026-04_49_30-AM-1-683x1024.png 683w, https:\/\/cialisonlineshop.de\/wp-content\/uploads\/2026\/01\/ChatGPT-Image-Jan-31-2026-04_49_30-AM-1-200x300.png 200w, https:\/\/cialisonlineshop.de\/wp-content\/uploads\/2026\/01\/ChatGPT-Image-Jan-31-2026-04_49_30-AM-1-768x1152.png 768w, https:\/\/cialisonlineshop.de\/wp-content\/uploads\/2026\/01\/ChatGPT-Image-Jan-31-2026-04_49_30-AM-1-8x12.png 8w, https:\/\/cialisonlineshop.de\/wp-content\/uploads\/2026\/01\/ChatGPT-Image-Jan-31-2026-04_49_30-AM-1-600x900.png 600w, https:\/\/cialisonlineshop.de\/wp-content\/uploads\/2026\/01\/ChatGPT-Image-Jan-31-2026-04_49_30-AM-1.png 1024w\" sizes=\"(max-width: 683px) 100vw, 683px\" \/>\t\t\t\t\t\t\t\t\t\t\t\t\t\t\t<\/div>\n\t\t\t\t<\/div>\n\t\t\t\t\t<\/div>\n\t\t\t\t<\/div>\n\t\t\t\t<\/div>","protected":false},"excerpt":{"rendered":"<p>Angaben gem\u00e4\u00df \u00a7 5 TMG Firmenname:Digital Waves Logistics Anschrift:Im Burgfeld 13660439 Frankfurt am MainHessenDeutschland Kontakt:Telefon: +49 (0)69 24006752E-Mail: info@cilaisonlineshop.de\u00a0(bitte anpassen) Land:Deutschland Verantwortlich f\u00fcr den Inhalt nach \u00a7 55 Abs. 2 RStV:Digital Waves LogisticsIm Burgfeld 13660439 Frankfurt am MainHessen, Deutschland Haftung f\u00fcr Inhalte Als Diensteanbieter sind wir gem\u00e4\u00df \u00a7 7 Abs.1 TMG f\u00fcr eigene Inhalte auf [&hellip;]<\/p>","protected":false},"author":2,"featured_media":0,"parent":0,"menu_order":0,"comment_status":"closed","ping_status":"closed","template":"","meta":{"_uag_custom_page_level_css":"","site-sidebar-layout":"no-sidebar","site-content-layout":"page-builder","ast-site-content-layout":"full-width-container","site-content-style":"default","site-sidebar-style":"default","ast-global-header-display":"","ast-banner-title-visibility":"","ast-main-header-display":"","ast-hfb-above-header-display":"","ast-hfb-below-header-display":"","ast-hfb-mobile-header-display":"","site-post-title":"","ast-breadcrumbs-content":"","ast-featured-img":"disabled","footer-sml-layout":"","ast-disable-related-posts":"","theme-transparent-header-meta":"","adv-header-id-meta":"","stick-header-meta":"","header-above-stick-meta":"","header-main-stick-meta":"","header-below-stick-meta":"","astra-migrate-meta-layouts":"set","ast-page-background-enabled":"default","ast-page-background-meta":{"desktop":{"background-color":"","background-image":"","background-repeat":"repeat","background-position":"center center","background-size":"auto","background-attachment":"scroll","background-type":"","background-media":"","overlay-type":"","overlay-color":"","overlay-opacity":"","overlay-gradient":""},"tablet":{"background-color":"","background-image":"","background-repeat":"repeat","background-position":"center center","background-size":"auto","background-attachment":"scroll","background-type":"","background-media":"","overlay-type":"","overlay-color":"","overlay-opacity":"","overlay-gradient":""},"mobile":{"background-color":"","background-image":"","background-repeat":"repeat","background-position":"center center","background-size":"auto","background-attachment":"scroll","background-type":"","background-media":"","overlay-type":"","overlay-color":"","overlay-opacity":"","overlay-gradient":""}},"ast-content-background-meta":{"desktop":{"background-color":"var(--ast-global-color-5)","background-image":"","background-repeat":"repeat","background-position":"center center","background-size":"auto","background-attachment":"scroll","background-type":"","background-media":"","overlay-type":"","overlay-color":"","overlay-opacity":"","overlay-gradient":""},"tablet":{"background-color":"var(--ast-global-color-5)","background-image":"","background-repeat":"repeat","background-position":"center center","background-size":"auto","background-attachment":"scroll","background-type":"","background-media":"","overlay-type":"","overlay-color":"","overlay-opacity":"","overlay-gradient":""},"mobile":{"background-color":"var(--ast-global-color-5)","background-image":"","background-repeat":"repeat","background-position":"center center","background-size":"auto","background-attachment":"scroll","background-type":"","background-media":"","overlay-type":"","overlay-color":"","overlay-opacity":"","overlay-gradient":""}},"episode_type":"","audio_file":"","cover_image":"","cover_image_id":"","duration":"","filesize":"","filesize_raw":"","date_recorded":"","explicit":"","block":"","itunes_episode_number":"","itunes_title":"","itunes_season_number":"","itunes_episode_type":"","footnotes":""},"class_list":["post-2459","page","type-page","status-publish","hentry"],"yoast_head":"<!-- This site is optimized with the Yoast SEO plugin v27.0 - https:\/\/yoast.com\/product\/yoast-seo-wordpress\/ -->\n<title>Impressum | Rechtliche Informationen \u2013 Cialisonlineshop.de<\/title>\n<meta name=\"description\" content=\"Impressum von cialisonlineshop.de. Angaben gem\u00e4\u00df \u00a7 5 TMG, Kontaktinformationen und rechtliche Hinweise.\" \/>\n<meta name=\"robots\" content=\"index, follow, max-snippet:-1, max-image-preview:large, max-video-preview:-1\" \/>\n<link rel=\"canonical\" href=\"https:\/\/cialisonlineshop.de\/fr\/impressum\/\" \/>\n<meta property=\"og:locale\" content=\"fr_FR\" \/>\n<meta property=\"og:type\" content=\"article\" \/>\n<meta property=\"og:title\" content=\"Impressum | Rechtliche Informationen \u2013 Cialisonlineshop.de\" \/>\n<meta property=\"og:description\" content=\"Impressum von cialisonlineshop.de. Angaben gem\u00e4\u00df \u00a7 5 TMG, Kontaktinformationen und rechtliche Hinweise.\" \/>\n<meta property=\"og:url\" content=\"https:\/\/cialisonlineshop.de\/fr\/impressum\/\" \/>\n<meta property=\"article:modified_time\" content=\"2026-01-31T12:51:17+00:00\" \/>\n<meta property=\"og:image\" content=\"https:\/\/cialisonlineshop.de\/wp-content\/uploads\/2026\/01\/ChatGPT-Image-Jan-31-2026-04_49_30-AM-1-683x1024.png\" \/>\n<meta name=\"twitter:card\" content=\"summary_large_image\" \/>\n<meta name=\"twitter:label1\" content=\"Dur\u00e9e de lecture estim\u00e9e\" \/>\n\t<meta name=\"twitter:data1\" content=\"1 minute\" \/>\n<script type=\"application\/ld+json\" class=\"yoast-schema-graph\">{\"@context\":\"https:\/\/schema.org\",\"@graph\":[{\"@type\":\"WebPage\",\"@id\":\"https:\/\/cialisonlineshop.de\/impressum\/\",\"url\":\"https:\/\/cialisonlineshop.de\/impressum\/\",\"name\":\"Impressum | Rechtliche Informationen \u2013 Cialisonlineshop.de\",\"isPartOf\":{\"@id\":\"https:\/\/cialisonlineshop.de\/#website\"},\"primaryImageOfPage\":{\"@id\":\"https:\/\/cialisonlineshop.de\/impressum\/#primaryimage\"},\"image\":{\"@id\":\"https:\/\/cialisonlineshop.de\/impressum\/#primaryimage\"},\"thumbnailUrl\":\"https:\/\/cialisonlineshop.de\/wp-content\/uploads\/2026\/01\/ChatGPT-Image-Jan-31-2026-04_49_30-AM-1-683x1024.png\",\"datePublished\":\"2026-01-31T12:40:13+00:00\",\"dateModified\":\"2026-01-31T12:51:17+00:00\",\"description\":\"Impressum von cialisonlineshop.de. Angaben gem\u00e4\u00df \u00a7 5 TMG, Kontaktinformationen und rechtliche Hinweise.\",\"breadcrumb\":{\"@id\":\"https:\/\/cialisonlineshop.de\/impressum\/#breadcrumb\"},\"inLanguage\":\"fr-FR\",\"potentialAction\":[{\"@type\":\"ReadAction\",\"target\":[\"https:\/\/cialisonlineshop.de\/impressum\/\"]}]},{\"@type\":\"ImageObject\",\"inLanguage\":\"fr-FR\",\"@id\":\"https:\/\/cialisonlineshop.de\/impressum\/#primaryimage\",\"url\":\"https:\/\/cialisonlineshop.de\/wp-content\/uploads\/2026\/01\/ChatGPT-Image-Jan-31-2026-04_49_30-AM-1-683x1024.png\",\"contentUrl\":\"https:\/\/cialisonlineshop.de\/wp-content\/uploads\/2026\/01\/ChatGPT-Image-Jan-31-2026-04_49_30-AM-1-683x1024.png\"},{\"@type\":\"BreadcrumbList\",\"@id\":\"https:\/\/cialisonlineshop.de\/impressum\/#breadcrumb\",\"itemListElement\":[{\"@type\":\"ListItem\",\"position\":1,\"name\":\"Home\",\"item\":\"https:\/\/cialisonlineshop.de\/\"},{\"@type\":\"ListItem\",\"position\":2,\"name\":\"Impressum\"}]},{\"@type\":\"WebSite\",\"@id\":\"https:\/\/cialisonlineshop.de\/#website\",\"url\":\"https:\/\/cialisonlineshop.de\/\",\"name\":\"Cialisonlineshop\",\"description\":\"\",\"publisher\":{\"@id\":\"https:\/\/cialisonlineshop.de\/#organization\"},\"potentialAction\":[{\"@type\":\"SearchAction\",\"target\":{\"@type\":\"EntryPoint\",\"urlTemplate\":\"https:\/\/cialisonlineshop.de\/?s={search_term_string}\"},\"query-input\":{\"@type\":\"PropertyValueSpecification\",\"valueRequired\":true,\"valueName\":\"search_term_string\"}}],\"inLanguage\":\"fr-FR\"},{\"@type\":\"Organization\",\"@id\":\"https:\/\/cialisonlineshop.de\/#organization\",\"name\":\"Cialisonlineshop\",\"url\":\"https:\/\/cialisonlineshop.de\/\",\"logo\":{\"@type\":\"ImageObject\",\"inLanguage\":\"fr-FR\",\"@id\":\"https:\/\/cialisonlineshop.de\/#\/schema\/logo\/image\/\",\"url\":\"https:\/\/cialisonlineshop.de\/wp-content\/uploads\/2026\/01\/Logo_maker_project__6_-removebg-preview-1.png\",\"contentUrl\":\"https:\/\/cialisonlineshop.de\/wp-content\/uploads\/2026\/01\/Logo_maker_project__6_-removebg-preview-1.png\",\"width\":432,\"height\":88,\"caption\":\"Cialisonlineshop\"},\"image\":{\"@id\":\"https:\/\/cialisonlineshop.de\/#\/schema\/logo\/image\/\"}}]}<\/script>\n<!-- \/ Yoast SEO plugin. -->","yoast_head_json":{"title":"Impressum | Rechtliche Informationen \u2013 Cialisonlineshop.de","description":"Impressum von cialisonlineshop.de. Angaben gem\u00e4\u00df \u00a7 5 TMG, Kontaktinformationen und rechtliche Hinweise.","robots":{"index":"index","follow":"follow","max-snippet":"max-snippet:-1","max-image-preview":"max-image-preview:large","max-video-preview":"max-video-preview:-1"},"canonical":"https:\/\/cialisonlineshop.de\/fr\/impressum\/","og_locale":"fr_FR","og_type":"article","og_title":"Impressum | Rechtliche Informationen \u2013 Cialisonlineshop.de","og_description":"Impressum von cialisonlineshop.de. Angaben gem\u00e4\u00df \u00a7 5 TMG, Kontaktinformationen und rechtliche Hinweise.","og_url":"https:\/\/cialisonlineshop.de\/fr\/impressum\/","article_modified_time":"2026-01-31T12:51:17+00:00","og_image":[{"url":"https:\/\/cialisonlineshop.de\/wp-content\/uploads\/2026\/01\/ChatGPT-Image-Jan-31-2026-04_49_30-AM-1-683x1024.png","type":"","width":"","height":""}],"twitter_card":"summary_large_image","twitter_misc":{"Dur\u00e9e de lecture estim\u00e9e":"1 minute"},"schema":{"@context":"https:\/\/schema.org","@graph":[{"@type":"WebPage","@id":"https:\/\/cialisonlineshop.de\/impressum\/","url":"https:\/\/cialisonlineshop.de\/impressum\/","name":"Impressum | Rechtliche Informationen \u2013 Cialisonlineshop.de","isPartOf":{"@id":"https:\/\/cialisonlineshop.de\/#website"},"primaryImageOfPage":{"@id":"https:\/\/cialisonlineshop.de\/impressum\/#primaryimage"},"image":{"@id":"https:\/\/cialisonlineshop.de\/impressum\/#primaryimage"},"thumbnailUrl":"https:\/\/cialisonlineshop.de\/wp-content\/uploads\/2026\/01\/ChatGPT-Image-Jan-31-2026-04_49_30-AM-1-683x1024.png","datePublished":"2026-01-31T12:40:13+00:00","dateModified":"2026-01-31T12:51:17+00:00","description":"Impressum von cialisonlineshop.de. Angaben gem\u00e4\u00df \u00a7 5 TMG, Kontaktinformationen und rechtliche Hinweise.","breadcrumb":{"@id":"https:\/\/cialisonlineshop.de\/impressum\/#breadcrumb"},"inLanguage":"fr-FR","potentialAction":[{"@type":"ReadAction","target":["https:\/\/cialisonlineshop.de\/impressum\/"]}]},{"@type":"ImageObject","inLanguage":"fr-FR","@id":"https:\/\/cialisonlineshop.de\/impressum\/#primaryimage","url":"https:\/\/cialisonlineshop.de\/wp-content\/uploads\/2026\/01\/ChatGPT-Image-Jan-31-2026-04_49_30-AM-1-683x1024.png","contentUrl":"https:\/\/cialisonlineshop.de\/wp-content\/uploads\/2026\/01\/ChatGPT-Image-Jan-31-2026-04_49_30-AM-1-683x1024.png"},{"@type":"BreadcrumbList","@id":"https:\/\/cialisonlineshop.de\/impressum\/#breadcrumb","itemListElement":[{"@type":"ListItem","position":1,"name":"Home","item":"https:\/\/cialisonlineshop.de\/"},{"@type":"ListItem","position":2,"name":"Impressum"}]},{"@type":"WebSite","@id":"https:\/\/cialisonlineshop.de\/#website","url":"https:\/\/cialisonlineshop.de\/","name":"Cialisonlineshop","description":"","publisher":{"@id":"https:\/\/cialisonlineshop.de\/#organization"},"potentialAction":[{"@type":"SearchAction","target":{"@type":"EntryPoint","urlTemplate":"https:\/\/cialisonlineshop.de\/?s={search_term_string}"},"query-input":{"@type":"PropertyValueSpecification","valueRequired":true,"valueName":"search_term_string"}}],"inLanguage":"fr-FR"},{"@type":"Organization","@id":"https:\/\/cialisonlineshop.de\/#organization","name":"Cialisonlineshop","url":"https:\/\/cialisonlineshop.de\/","logo":{"@type":"ImageObject","inLanguage":"fr-FR","@id":"https:\/\/cialisonlineshop.de\/#\/schema\/logo\/image\/","url":"https:\/\/cialisonlineshop.de\/wp-content\/uploads\/2026\/01\/Logo_maker_project__6_-removebg-preview-1.png","contentUrl":"https:\/\/cialisonlineshop.de\/wp-content\/uploads\/2026\/01\/Logo_maker_project__6_-removebg-preview-1.png","width":432,"height":88,"caption":"Cialisonlineshop"},"image":{"@id":"https:\/\/cialisonlineshop.de\/#\/schema\/logo\/image\/"}}]}},"_hostinger_reach_plugin_has_subscription_block":false,"_hostinger_reach_plugin_is_elementor":false,"uagb_featured_image_src":{"full":false,"thumbnail":false,"medium":false,"medium_large":false,"large":false,"1536x1536":false,"2048x2048":false,"trp-custom-language-flag":false,"woocommerce_thumbnail":false,"woocommerce_single":false,"woocommerce_gallery_thumbnail":false},"uagb_author_info":{"display_name":"Stefan T\u00f6njes","author_link":"https:\/\/cialisonlineshop.de\/fr\/author\/stefan\/"},"uagb_comment_info":0,"uagb_excerpt":"Angaben gem\u00e4\u00df \u00a7 5 TMG Firmenname:Digital Waves Logistics Anschrift:Im Burgfeld 13660439 Frankfurt am MainHessenDeutschland Kontakt:Telefon: +49 (0)69 24006752E-Mail: info@cilaisonlineshop.de\u00a0(bitte anpassen) Land:Deutschland Verantwortlich f\u00fcr den Inhalt nach \u00a7 55 Abs. 2 RStV:Digital Waves LogisticsIm Burgfeld 13660439 Frankfurt am MainHessen, Deutschland Haftung f\u00fcr Inhalte Als Diensteanbieter sind wir gem\u00e4\u00df \u00a7 7 Abs.1 TMG f\u00fcr eigene Inhalte auf\u2026","jetpack_sharing_enabled":true,"_links":{"self":[{"href":"https:\/\/cialisonlineshop.de\/fr\/wp-json\/wp\/v2\/pages\/2459","targetHints":{"allow":["GET"]}}],"collection":[{"href":"https:\/\/cialisonlineshop.de\/fr\/wp-json\/wp\/v2\/pages"}],"about":[{"href":"https:\/\/cialisonlineshop.de\/fr\/wp-json\/wp\/v2\/types\/page"}],"author":[{"embeddable":true,"href":"https:\/\/cialisonlineshop.de\/fr\/wp-json\/wp\/v2\/users\/2"}],"replies":[{"embeddable":true,"href":"https:\/\/cialisonlineshop.de\/fr\/wp-json\/wp\/v2\/comments?post=2459"}],"version-history":[{"count":5,"href":"https:\/\/cialisonlineshop.de\/fr\/wp-json\/wp\/v2\/pages\/2459\/revisions"}],"predecessor-version":[{"id":2467,"href":"https:\/\/cialisonlineshop.de\/fr\/wp-json\/wp\/v2\/pages\/2459\/revisions\/2467"}],"wp:attachment":[{"href":"https:\/\/cialisonlineshop.de\/fr\/wp-json\/wp\/v2\/media?parent=2459"}],"curies":[{"name":"wp","href":"https:\/\/api.w.org\/{rel}","templated":true}]}}