{"id":2439,"date":"2026-01-31T12:19:58","date_gmt":"2026-01-31T12:19:58","guid":{"rendered":"https:\/\/cialisonlineshop.de\/?page_id=2439"},"modified":"2026-01-31T12:24:27","modified_gmt":"2026-01-31T12:24:27","slug":"allgemeine-geschaeftsbedingungen-agb","status":"publish","type":"page","link":"https:\/\/cialisonlineshop.de\/fr\/allgemeine-geschaeftsbedingungen-agb\/","title":{"rendered":"Allgemeine Gesch\u00e4ftsbedingungen (AGB)"},"content":{"rendered":"<div data-elementor-type=\"wp-page\" data-elementor-id=\"2439\" class=\"elementor elementor-2439\">\n\t\t\t\t<div class=\"elementor-element elementor-element-23f9786d e-flex e-con-boxed e-con e-parent\" data-id=\"23f9786d\" data-element_type=\"container\">\n\t\t\t\t\t<div class=\"e-con-inner\">\n\t\t\t\t<div class=\"elementor-element elementor-element-3f5625c7 elementor-widget elementor-widget-text-editor\" data-id=\"3f5625c7\" data-element_type=\"widget\" data-widget_type=\"text-editor.default\">\n\t\t\t\t<div class=\"elementor-widget-container\">\n\t\t\t\t\t\t\t\t\t\n<h2 class=\"wp-block-heading\"><\/h2>\n\t\t\t\t\t\t\t\t<\/div>\n\t\t\t\t<\/div>\n\t\t\t\t\t<\/div>\n\t\t\t\t<\/div>\n\t\t<div class=\"elementor-element elementor-element-f59e9d6 e-flex e-con-boxed e-con e-parent\" data-id=\"f59e9d6\" data-element_type=\"container\">\n\t\t\t\t\t<div class=\"e-con-inner\">\n\t\t\t\t<div class=\"elementor-element elementor-element-ff86c1a elementor-widget elementor-widget-text-editor\" data-id=\"ff86c1a\" data-element_type=\"widget\" data-widget_type=\"text-editor.default\">\n\t\t\t\t<div class=\"elementor-widget-container\">\n\t\t\t\t\t\t\t\t\t<h2 data-start=\"404\" data-end=\"425\">\u00a71 Geltungsbereich<\/h2>\n<p data-start=\"427\" data-end=\"641\">Diese Allgemeinen Gesch\u00e4ftsbedingungen (AGB) gelten f\u00fcr alle Bestellungen und Vertragsabschl\u00fcsse, die \u00fcber die Website <strong data-start=\"546\" data-end=\"569\">cialisonlineshop.de<\/strong> zwischen dem Betreiber der Website und dem Kunden abgeschlossen werden.<\/p>\n<p data-start=\"643\" data-end=\"769\">Abweichende Bedingungen des Kunden finden keine Anwendung, es sei denn, wir stimmen ihrer Geltung ausdr\u00fccklich schriftlich zu.<\/p>\n<hr data-start=\"771\" data-end=\"774\" \/>\n<h2 data-start=\"776\" data-end=\"797\">\u00a72 Vertragspartner<\/h2>\n<p data-start=\"799\" data-end=\"834\">Der Kaufvertrag kommt zustande mit:<\/p>\n<p data-start=\"836\" data-end=\"926\"><strong data-start=\"836\" data-end=\"859\">Cialisonlineshop.de<\/strong><br data-start=\"859\" data-end=\"862\" \/>Weitere Kontaktdaten finden Sie im <strong data-start=\"897\" data-end=\"910\">Impressum<\/strong> dieser Website.<\/p>\n<hr data-start=\"928\" data-end=\"931\" \/>\n<h2 data-start=\"933\" data-end=\"966\">\u00a73 Angebot und Vertragsschluss<\/h2>\n<p data-start=\"968\" data-end=\"1113\">Die Darstellung der Produkte im Online-Shop stellt kein rechtlich bindendes Angebot dar, sondern eine unverbindliche Aufforderung zur Bestellung.<\/p>\n<p data-start=\"1115\" data-end=\"1303\">Durch das Absenden der Bestellung geben Sie ein verbindliches Angebot zum Abschluss eines Kaufvertrags ab. Der Vertrag kommt zustande, sobald wir Ihre Bestellung best\u00e4tigen oder versenden.<\/p>\n<hr data-start=\"1305\" data-end=\"1308\" \/>\n<h2 data-start=\"1310\" data-end=\"1340\">\u00a74 Preise und Versandkosten<\/h2>\n<p data-start=\"1342\" data-end=\"1512\">Alle angegebenen Preise sind Endpreise.<br data-start=\"1381\" data-end=\"1384\" \/>Zus\u00e4tzlich anfallende Versandkosten werden im Bestellprozess <strong data-start=\"1445\" data-end=\"1470\">transparent angezeigt<\/strong>, bevor die Bestellung abgeschlossen wird.<\/p>\n<hr data-start=\"1514\" data-end=\"1517\" \/>\n<h2 data-start=\"1519\" data-end=\"1532\">\u00a75 Zahlung<\/h2>\n<p data-start=\"1534\" data-end=\"1696\">Die Zahlung erfolgt \u00fcber die im Online-Shop angebotenen Zahlungsmethoden.<br data-start=\"1607\" data-end=\"1610\" \/>Die verf\u00fcgbaren Zahlungsarten werden dem Kunden w\u00e4hrend des Bestellvorgangs angezeigt.<\/p>\n<p data-start=\"1698\" data-end=\"1754\">Die Zahlung ist unmittelbar nach Vertragsschluss f\u00e4llig.<\/p>\n<hr data-start=\"1756\" data-end=\"1759\" \/>\n<h2 data-start=\"1761\" data-end=\"1788\">\u00a76 Lieferung und Versand<\/h2>\n<p data-start=\"1790\" data-end=\"1940\">Die Lieferung erfolgt an die vom Kunden angegebene Lieferadresse.<br data-start=\"1855\" data-end=\"1858\" \/>Lieferzeiten sind abh\u00e4ngig vom Versandziel und werden im Bestellprozess angegeben.<\/p>\n<p data-start=\"1942\" data-end=\"2025\">Der Versand erfolgt <strong data-start=\"1962\" data-end=\"1994\">diskret und neutral verpackt<\/strong>, ohne Hinweise auf den Inhalt.<\/p>\n<hr data-start=\"2027\" data-end=\"2030\" \/>\n<h2 data-start=\"2032\" data-end=\"2056\">\u00a77 Eigentumsvorbehalt<\/h2>\n<p data-start=\"2058\" data-end=\"2121\">Die Ware bleibt bis zur vollst\u00e4ndigen Bezahlung unser Eigentum.<\/p>\n<hr data-start=\"2123\" data-end=\"2126\" \/>\n<h2 data-start=\"2128\" data-end=\"2148\">\u00a78 Widerrufsrecht<\/h2>\n<p data-start=\"2150\" data-end=\"2366\">Verbrauchern steht grunds\u00e4tzlich ein gesetzliches Widerrufsrecht zu.<br data-start=\"2218\" data-end=\"2221\" \/>Einzelheiten zum Widerrufsrecht, zur Widerrufsfrist und zu den Folgen des Widerrufs finden Sie in der <strong data-start=\"2323\" data-end=\"2345\">Widerrufsbelehrung<\/strong> auf unserer Website.<\/p>\n<hr data-start=\"2368\" data-end=\"2371\" \/>\n<h2 data-start=\"2373\" data-end=\"2405\">\u00a79 Gew\u00e4hrleistung und Haftung<\/h2>\n<p data-start=\"2407\" data-end=\"2456\">Es gelten die gesetzlichen Gew\u00e4hrleistungsrechte.<\/p>\n<p data-start=\"2458\" data-end=\"2616\">F\u00fcr Sch\u00e4den haften wir nur bei Vorsatz oder grober Fahrl\u00e4ssigkeit.<br data-start=\"2524\" data-end=\"2527\" \/>Bei leichter Fahrl\u00e4ssigkeit haften wir nur bei Verletzung wesentlicher Vertragspflichten.<\/p>\n<hr data-start=\"2618\" data-end=\"2621\" \/>\n<h2 data-start=\"2623\" data-end=\"2641\">\u00a710 Datenschutz<\/h2>\n<p data-start=\"2643\" data-end=\"2814\">Die Verarbeitung personenbezogener Daten erfolgt gem\u00e4\u00df der <strong data-start=\"2702\" data-end=\"2741\">Datenschutz-Grundverordnung (DSGVO)<\/strong>.<br data-start=\"2742\" data-end=\"2745\" \/>Weitere Informationen finden Sie in unserer <strong data-start=\"2789\" data-end=\"2813\">Datenschutzerkl\u00e4rung<\/strong>.<\/p>\n<hr data-start=\"2816\" data-end=\"2819\" \/>\n<h2 data-start=\"2821\" data-end=\"2862\">\u00a711 Online-Streitbeilegung (OAG \/ ODR)<\/h2>\n<p data-start=\"2864\" data-end=\"2993\">Die Europ\u00e4ische Kommission stellt eine Plattform zur Online-Streitbeilegung (ODR) bereit:<br data-start=\"2953\" data-end=\"2956\" \/>\ud83d\udc49 <a class=\"decorated-link cursor-pointer\" target=\"_new\" rel=\"noopener\" data-start=\"2959\" data-end=\"2993\">https:\/\/ec.europa.eu\/consumers\/odr<\/a><\/p>\n<p data-start=\"2995\" data-end=\"3129\">Wir sind nicht verpflichtet und nicht bereit, an einem Streitbeilegungsverfahren vor einer Verbraucherschlichtungsstelle teilzunehmen.<\/p>\n<hr data-start=\"3131\" data-end=\"3134\" \/>\n<h2 data-start=\"3136\" data-end=\"3160\">\u00a712 Anwendbares Recht<\/h2>\n<p data-start=\"3162\" data-end=\"3274\">Es gilt das Recht der Bundesrepublik Deutschland unter Ausschluss des UN-Kaufrechts, soweit gesetzlich zul\u00e4ssig.<\/p>\n<hr data-start=\"3276\" data-end=\"3279\" \/>\n<h2 data-start=\"3281\" data-end=\"3309\">\u00a713 Salvatorische Klausel<\/h2>\n<p data-start=\"3311\" data-end=\"3446\">Sollten einzelne Bestimmungen dieser AGB ganz oder teilweise unwirksam sein, bleibt die Wirksamkeit der \u00fcbrigen Bestimmungen unber\u00fchrt.<\/p>\t\t\t\t\t\t\t\t<\/div>\n\t\t\t\t<\/div>\n\t\t\t\t\t<\/div>\n\t\t\t\t<\/div>\n\t\t<div class=\"elementor-element elementor-element-28cbeb8 e-flex e-con-boxed e-con e-parent\" data-id=\"28cbeb8\" data-element_type=\"container\">\n\t\t\t\t\t<div class=\"e-con-inner\">\n\t\t\t\t<div class=\"elementor-element elementor-element-125ffaf elementor-widget elementor-widget-image\" data-id=\"125ffaf\" data-element_type=\"widget\" data-widget_type=\"image.default\">\n\t\t\t\t<div class=\"elementor-widget-container\">\n\t\t\t\t\t\t\t\t\t\t\t\t\t\t\t<img fetchpriority=\"high\" decoding=\"async\" width=\"1024\" height=\"683\" src=\"https:\/\/cialisonlineshop.de\/wp-content\/uploads\/2026\/01\/72827517-5f85-4d27-a53d-db6630521ea8-1024x683.png\" class=\"attachment-large size-large wp-image-2445\" alt=\"\" srcset=\"https:\/\/cialisonlineshop.de\/wp-content\/uploads\/2026\/01\/72827517-5f85-4d27-a53d-db6630521ea8-1024x683.png 1024w, https:\/\/cialisonlineshop.de\/wp-content\/uploads\/2026\/01\/72827517-5f85-4d27-a53d-db6630521ea8-300x200.png 300w, https:\/\/cialisonlineshop.de\/wp-content\/uploads\/2026\/01\/72827517-5f85-4d27-a53d-db6630521ea8-768x512.png 768w, https:\/\/cialisonlineshop.de\/wp-content\/uploads\/2026\/01\/72827517-5f85-4d27-a53d-db6630521ea8-18x12.png 18w, https:\/\/cialisonlineshop.de\/wp-content\/uploads\/2026\/01\/72827517-5f85-4d27-a53d-db6630521ea8-600x400.png 600w, https:\/\/cialisonlineshop.de\/wp-content\/uploads\/2026\/01\/72827517-5f85-4d27-a53d-db6630521ea8.png 1536w\" sizes=\"(max-width: 1024px) 100vw, 1024px\" \/>\t\t\t\t\t\t\t\t\t\t\t\t\t\t\t<\/div>\n\t\t\t\t<\/div>\n\t\t\t\t\t<\/div>\n\t\t\t\t<\/div>\n\t\t\t\t<\/div>","protected":false},"excerpt":{"rendered":"<p>\u00a71 Geltungsbereich Diese Allgemeinen Gesch\u00e4ftsbedingungen (AGB) gelten f\u00fcr alle Bestellungen und Vertragsabschl\u00fcsse, die \u00fcber die Website cialisonlineshop.de zwischen dem Betreiber der Website und dem Kunden abgeschlossen werden. Abweichende Bedingungen des Kunden finden keine Anwendung, es sei denn, wir stimmen ihrer Geltung ausdr\u00fccklich schriftlich zu. \u00a72 Vertragspartner Der Kaufvertrag kommt zustande mit: Cialisonlineshop.deWeitere Kontaktdaten finden Sie [&hellip;]<\/p>","protected":false},"author":2,"featured_media":0,"parent":0,"menu_order":0,"comment_status":"closed","ping_status":"closed","template":"","meta":{"_uag_custom_page_level_css":"","site-sidebar-layout":"default","site-content-layout":"","ast-site-content-layout":"default","site-content-style":"default","site-sidebar-style":"default","ast-global-header-display":"","ast-banner-title-visibility":"","ast-main-header-display":"","ast-hfb-above-header-display":"","ast-hfb-below-header-display":"","ast-hfb-mobile-header-display":"","site-post-title":"","ast-breadcrumbs-content":"","ast-featured-img":"","footer-sml-layout":"","ast-disable-related-posts":"","theme-transparent-header-meta":"","adv-header-id-meta":"","stick-header-meta":"","header-above-stick-meta":"","header-main-stick-meta":"","header-below-stick-meta":"","astra-migrate-meta-layouts":"set","ast-page-background-enabled":"default","ast-page-background-meta":{"desktop":{"background-color":"","background-image":"","background-repeat":"repeat","background-position":"center center","background-size":"auto","background-attachment":"scroll","background-type":"","background-media":"","overlay-type":"","overlay-color":"","overlay-opacity":"","overlay-gradient":""},"tablet":{"background-color":"","background-image":"","background-repeat":"repeat","background-position":"center center","background-size":"auto","background-attachment":"scroll","background-type":"","background-media":"","overlay-type":"","overlay-color":"","overlay-opacity":"","overlay-gradient":""},"mobile":{"background-color":"","background-image":"","background-repeat":"repeat","background-position":"center center","background-size":"auto","background-attachment":"scroll","background-type":"","background-media":"","overlay-type":"","overlay-color":"","overlay-opacity":"","overlay-gradient":""}},"ast-content-background-meta":{"desktop":{"background-color":"var(--ast-global-color-5)","background-image":"","background-repeat":"repeat","background-position":"center center","background-size":"auto","background-attachment":"scroll","background-type":"","background-media":"","overlay-type":"","overlay-color":"","overlay-opacity":"","overlay-gradient":""},"tablet":{"background-color":"var(--ast-global-color-5)","background-image":"","background-repeat":"repeat","background-position":"center center","background-size":"auto","background-attachment":"scroll","background-type":"","background-media":"","overlay-type":"","overlay-color":"","overlay-opacity":"","overlay-gradient":""},"mobile":{"background-color":"var(--ast-global-color-5)","background-image":"","background-repeat":"repeat","background-position":"center center","background-size":"auto","background-attachment":"scroll","background-type":"","background-media":"","overlay-type":"","overlay-color":"","overlay-opacity":"","overlay-gradient":""}},"episode_type":"","audio_file":"","cover_image":"","cover_image_id":"","duration":"","filesize":"","filesize_raw":"","date_recorded":"","explicit":"","block":"","itunes_episode_number":"","itunes_title":"","itunes_season_number":"","itunes_episode_type":"","footnotes":""},"class_list":["post-2439","page","type-page","status-publish","hentry"],"yoast_head":"<!-- This site is optimized with the Yoast SEO plugin v27.0 - https:\/\/yoast.com\/product\/yoast-seo-wordpress\/ -->\n<title>AGB | Allgemeine Gesch\u00e4ftsbedingungen \u2013 Cialisonlineshop.de<\/title>\n<meta name=\"description\" content=\"Allgemeine Gesch\u00e4ftsbedingungen (AGB) f\u00fcr cialisonlineshop.de. Informationen zu Bestellung, Zahlung, Versand, Widerruf und Haftung.\" \/>\n<meta name=\"robots\" content=\"index, follow, max-snippet:-1, max-image-preview:large, max-video-preview:-1\" \/>\n<link rel=\"canonical\" href=\"https:\/\/cialisonlineshop.de\/fr\/allgemeine-geschaeftsbedingungen-agb\/\" \/>\n<meta property=\"og:locale\" content=\"fr_FR\" \/>\n<meta property=\"og:type\" content=\"article\" \/>\n<meta property=\"og:title\" content=\"AGB | Allgemeine Gesch\u00e4ftsbedingungen \u2013 Cialisonlineshop.de\" \/>\n<meta property=\"og:description\" content=\"Allgemeine Gesch\u00e4ftsbedingungen (AGB) f\u00fcr cialisonlineshop.de. Informationen zu Bestellung, Zahlung, Versand, Widerruf und Haftung.\" \/>\n<meta property=\"og:url\" content=\"https:\/\/cialisonlineshop.de\/fr\/allgemeine-geschaeftsbedingungen-agb\/\" \/>\n<meta property=\"article:modified_time\" content=\"2026-01-31T12:24:27+00:00\" \/>\n<meta property=\"og:image\" content=\"https:\/\/cialisonlineshop.de\/wp-content\/uploads\/2026\/01\/72827517-5f85-4d27-a53d-db6630521ea8-1024x683.png\" \/>\n<meta name=\"twitter:card\" content=\"summary_large_image\" \/>\n<meta name=\"twitter:label1\" content=\"Dur\u00e9e de lecture estim\u00e9e\" \/>\n\t<meta name=\"twitter:data1\" content=\"3 minutes\" \/>\n<script type=\"application\/ld+json\" class=\"yoast-schema-graph\">{\"@context\":\"https:\/\/schema.org\",\"@graph\":[{\"@type\":\"WebPage\",\"@id\":\"https:\/\/cialisonlineshop.de\/allgemeine-geschaeftsbedingungen-agb\/\",\"url\":\"https:\/\/cialisonlineshop.de\/allgemeine-geschaeftsbedingungen-agb\/\",\"name\":\"AGB | Allgemeine Gesch\u00e4ftsbedingungen \u2013 Cialisonlineshop.de\",\"isPartOf\":{\"@id\":\"https:\/\/cialisonlineshop.de\/#website\"},\"primaryImageOfPage\":{\"@id\":\"https:\/\/cialisonlineshop.de\/allgemeine-geschaeftsbedingungen-agb\/#primaryimage\"},\"image\":{\"@id\":\"https:\/\/cialisonlineshop.de\/allgemeine-geschaeftsbedingungen-agb\/#primaryimage\"},\"thumbnailUrl\":\"https:\/\/cialisonlineshop.de\/wp-content\/uploads\/2026\/01\/72827517-5f85-4d27-a53d-db6630521ea8-1024x683.png\",\"datePublished\":\"2026-01-31T12:19:58+00:00\",\"dateModified\":\"2026-01-31T12:24:27+00:00\",\"description\":\"Allgemeine Gesch\u00e4ftsbedingungen (AGB) f\u00fcr cialisonlineshop.de. Informationen zu Bestellung, Zahlung, Versand, Widerruf und Haftung.\",\"breadcrumb\":{\"@id\":\"https:\/\/cialisonlineshop.de\/allgemeine-geschaeftsbedingungen-agb\/#breadcrumb\"},\"inLanguage\":\"fr-FR\",\"potentialAction\":[{\"@type\":\"ReadAction\",\"target\":[\"https:\/\/cialisonlineshop.de\/allgemeine-geschaeftsbedingungen-agb\/\"]}]},{\"@type\":\"ImageObject\",\"inLanguage\":\"fr-FR\",\"@id\":\"https:\/\/cialisonlineshop.de\/allgemeine-geschaeftsbedingungen-agb\/#primaryimage\",\"url\":\"https:\/\/cialisonlineshop.de\/wp-content\/uploads\/2026\/01\/72827517-5f85-4d27-a53d-db6630521ea8-1024x683.png\",\"contentUrl\":\"https:\/\/cialisonlineshop.de\/wp-content\/uploads\/2026\/01\/72827517-5f85-4d27-a53d-db6630521ea8-1024x683.png\"},{\"@type\":\"BreadcrumbList\",\"@id\":\"https:\/\/cialisonlineshop.de\/allgemeine-geschaeftsbedingungen-agb\/#breadcrumb\",\"itemListElement\":[{\"@type\":\"ListItem\",\"position\":1,\"name\":\"Home\",\"item\":\"https:\/\/cialisonlineshop.de\/\"},{\"@type\":\"ListItem\",\"position\":2,\"name\":\"Allgemeine Gesch\u00e4ftsbedingungen (AGB)\"}]},{\"@type\":\"WebSite\",\"@id\":\"https:\/\/cialisonlineshop.de\/#website\",\"url\":\"https:\/\/cialisonlineshop.de\/\",\"name\":\"Cialisonlineshop\",\"description\":\"\",\"publisher\":{\"@id\":\"https:\/\/cialisonlineshop.de\/#organization\"},\"potentialAction\":[{\"@type\":\"SearchAction\",\"target\":{\"@type\":\"EntryPoint\",\"urlTemplate\":\"https:\/\/cialisonlineshop.de\/?s={search_term_string}\"},\"query-input\":{\"@type\":\"PropertyValueSpecification\",\"valueRequired\":true,\"valueName\":\"search_term_string\"}}],\"inLanguage\":\"fr-FR\"},{\"@type\":\"Organization\",\"@id\":\"https:\/\/cialisonlineshop.de\/#organization\",\"name\":\"Cialisonlineshop\",\"url\":\"https:\/\/cialisonlineshop.de\/\",\"logo\":{\"@type\":\"ImageObject\",\"inLanguage\":\"fr-FR\",\"@id\":\"https:\/\/cialisonlineshop.de\/#\/schema\/logo\/image\/\",\"url\":\"https:\/\/cialisonlineshop.de\/wp-content\/uploads\/2026\/01\/Logo_maker_project__6_-removebg-preview-1.png\",\"contentUrl\":\"https:\/\/cialisonlineshop.de\/wp-content\/uploads\/2026\/01\/Logo_maker_project__6_-removebg-preview-1.png\",\"width\":432,\"height\":88,\"caption\":\"Cialisonlineshop\"},\"image\":{\"@id\":\"https:\/\/cialisonlineshop.de\/#\/schema\/logo\/image\/\"}}]}<\/script>\n<!-- \/ Yoast SEO plugin. -->","yoast_head_json":{"title":"AGB | Allgemeine Gesch\u00e4ftsbedingungen \u2013 Cialisonlineshop.de","description":"Allgemeine Gesch\u00e4ftsbedingungen (AGB) f\u00fcr cialisonlineshop.de. Informationen zu Bestellung, Zahlung, Versand, Widerruf und Haftung.","robots":{"index":"index","follow":"follow","max-snippet":"max-snippet:-1","max-image-preview":"max-image-preview:large","max-video-preview":"max-video-preview:-1"},"canonical":"https:\/\/cialisonlineshop.de\/fr\/allgemeine-geschaeftsbedingungen-agb\/","og_locale":"fr_FR","og_type":"article","og_title":"AGB | Allgemeine Gesch\u00e4ftsbedingungen \u2013 Cialisonlineshop.de","og_description":"Allgemeine Gesch\u00e4ftsbedingungen (AGB) f\u00fcr cialisonlineshop.de. Informationen zu Bestellung, Zahlung, Versand, Widerruf und Haftung.","og_url":"https:\/\/cialisonlineshop.de\/fr\/allgemeine-geschaeftsbedingungen-agb\/","article_modified_time":"2026-01-31T12:24:27+00:00","og_image":[{"url":"https:\/\/cialisonlineshop.de\/wp-content\/uploads\/2026\/01\/72827517-5f85-4d27-a53d-db6630521ea8-1024x683.png","type":"","width":"","height":""}],"twitter_card":"summary_large_image","twitter_misc":{"Dur\u00e9e de lecture estim\u00e9e":"3 minutes"},"schema":{"@context":"https:\/\/schema.org","@graph":[{"@type":"WebPage","@id":"https:\/\/cialisonlineshop.de\/allgemeine-geschaeftsbedingungen-agb\/","url":"https:\/\/cialisonlineshop.de\/allgemeine-geschaeftsbedingungen-agb\/","name":"AGB | Allgemeine Gesch\u00e4ftsbedingungen \u2013 Cialisonlineshop.de","isPartOf":{"@id":"https:\/\/cialisonlineshop.de\/#website"},"primaryImageOfPage":{"@id":"https:\/\/cialisonlineshop.de\/allgemeine-geschaeftsbedingungen-agb\/#primaryimage"},"image":{"@id":"https:\/\/cialisonlineshop.de\/allgemeine-geschaeftsbedingungen-agb\/#primaryimage"},"thumbnailUrl":"https:\/\/cialisonlineshop.de\/wp-content\/uploads\/2026\/01\/72827517-5f85-4d27-a53d-db6630521ea8-1024x683.png","datePublished":"2026-01-31T12:19:58+00:00","dateModified":"2026-01-31T12:24:27+00:00","description":"Allgemeine Gesch\u00e4ftsbedingungen (AGB) f\u00fcr cialisonlineshop.de. Informationen zu Bestellung, Zahlung, Versand, Widerruf und Haftung.","breadcrumb":{"@id":"https:\/\/cialisonlineshop.de\/allgemeine-geschaeftsbedingungen-agb\/#breadcrumb"},"inLanguage":"fr-FR","potentialAction":[{"@type":"ReadAction","target":["https:\/\/cialisonlineshop.de\/allgemeine-geschaeftsbedingungen-agb\/"]}]},{"@type":"ImageObject","inLanguage":"fr-FR","@id":"https:\/\/cialisonlineshop.de\/allgemeine-geschaeftsbedingungen-agb\/#primaryimage","url":"https:\/\/cialisonlineshop.de\/wp-content\/uploads\/2026\/01\/72827517-5f85-4d27-a53d-db6630521ea8-1024x683.png","contentUrl":"https:\/\/cialisonlineshop.de\/wp-content\/uploads\/2026\/01\/72827517-5f85-4d27-a53d-db6630521ea8-1024x683.png"},{"@type":"BreadcrumbList","@id":"https:\/\/cialisonlineshop.de\/allgemeine-geschaeftsbedingungen-agb\/#breadcrumb","itemListElement":[{"@type":"ListItem","position":1,"name":"Home","item":"https:\/\/cialisonlineshop.de\/"},{"@type":"ListItem","position":2,"name":"Allgemeine Gesch\u00e4ftsbedingungen (AGB)"}]},{"@type":"WebSite","@id":"https:\/\/cialisonlineshop.de\/#website","url":"https:\/\/cialisonlineshop.de\/","name":"Cialisonlineshop","description":"","publisher":{"@id":"https:\/\/cialisonlineshop.de\/#organization"},"potentialAction":[{"@type":"SearchAction","target":{"@type":"EntryPoint","urlTemplate":"https:\/\/cialisonlineshop.de\/?s={search_term_string}"},"query-input":{"@type":"PropertyValueSpecification","valueRequired":true,"valueName":"search_term_string"}}],"inLanguage":"fr-FR"},{"@type":"Organization","@id":"https:\/\/cialisonlineshop.de\/#organization","name":"Cialisonlineshop","url":"https:\/\/cialisonlineshop.de\/","logo":{"@type":"ImageObject","inLanguage":"fr-FR","@id":"https:\/\/cialisonlineshop.de\/#\/schema\/logo\/image\/","url":"https:\/\/cialisonlineshop.de\/wp-content\/uploads\/2026\/01\/Logo_maker_project__6_-removebg-preview-1.png","contentUrl":"https:\/\/cialisonlineshop.de\/wp-content\/uploads\/2026\/01\/Logo_maker_project__6_-removebg-preview-1.png","width":432,"height":88,"caption":"Cialisonlineshop"},"image":{"@id":"https:\/\/cialisonlineshop.de\/#\/schema\/logo\/image\/"}}]}},"_hostinger_reach_plugin_has_subscription_block":false,"_hostinger_reach_plugin_is_elementor":false,"uagb_featured_image_src":{"full":false,"thumbnail":false,"medium":false,"medium_large":false,"large":false,"1536x1536":false,"2048x2048":false,"trp-custom-language-flag":false,"woocommerce_thumbnail":false,"woocommerce_single":false,"woocommerce_gallery_thumbnail":false},"uagb_author_info":{"display_name":"Stefan T\u00f6njes","author_link":"https:\/\/cialisonlineshop.de\/fr\/author\/stefan\/"},"uagb_comment_info":0,"uagb_excerpt":"\u00a71 Geltungsbereich Diese Allgemeinen Gesch\u00e4ftsbedingungen (AGB) gelten f\u00fcr alle Bestellungen und Vertragsabschl\u00fcsse, die \u00fcber die Website cialisonlineshop.de zwischen dem Betreiber der Website und dem Kunden abgeschlossen werden. Abweichende Bedingungen des Kunden finden keine Anwendung, es sei denn, wir stimmen ihrer Geltung ausdr\u00fccklich schriftlich zu. \u00a72 Vertragspartner Der Kaufvertrag kommt zustande mit: Cialisonlineshop.deWeitere Kontaktdaten finden Sie\u2026","jetpack_sharing_enabled":true,"_links":{"self":[{"href":"https:\/\/cialisonlineshop.de\/fr\/wp-json\/wp\/v2\/pages\/2439","targetHints":{"allow":["GET"]}}],"collection":[{"href":"https:\/\/cialisonlineshop.de\/fr\/wp-json\/wp\/v2\/pages"}],"about":[{"href":"https:\/\/cialisonlineshop.de\/fr\/wp-json\/wp\/v2\/types\/page"}],"author":[{"embeddable":true,"href":"https:\/\/cialisonlineshop.de\/fr\/wp-json\/wp\/v2\/users\/2"}],"replies":[{"embeddable":true,"href":"https:\/\/cialisonlineshop.de\/fr\/wp-json\/wp\/v2\/comments?post=2439"}],"version-history":[{"count":7,"href":"https:\/\/cialisonlineshop.de\/fr\/wp-json\/wp\/v2\/pages\/2439\/revisions"}],"predecessor-version":[{"id":2448,"href":"https:\/\/cialisonlineshop.de\/fr\/wp-json\/wp\/v2\/pages\/2439\/revisions\/2448"}],"wp:attachment":[{"href":"https:\/\/cialisonlineshop.de\/fr\/wp-json\/wp\/v2\/media?parent=2439"}],"curies":[{"name":"wp","href":"https:\/\/api.w.org\/{rel}","templated":true}]}}